{"id":123,"date":"2024-06-06T12:05:34","date_gmt":"2024-06-06T09:05:34","guid":{"rendered":"https:\/\/digipooli.teknologiateollisuus.fi\/?page_id=123"},"modified":"2024-08-09T13:39:57","modified_gmt":"2024-08-09T10:39:57","slug":"toimiala","status":"publish","type":"page","link":"https:\/\/teknologiateollisuus.fi\/digipooli\/tietoa-meista\/toimiala\/","title":{"rendered":"Toimiala"},"content":{"rendered":"\n<div class=\"em-block-hero hero-has-background-color has-background has-violet-background-color collapse media-position-right \">\n\t<div class=\"em-block-hero__container\">\n\t\t<div class=\"em-block-hero__content\">\n\t\t\t<div class=\"yoast-breadcrumbs\"><span><span><a href=\"https:\/\/teknologiateollisuus.fi\/digipooli\/\">Etusivu<\/a><\/span> <span class=\"separator\"><\/span> <span><a href=\"https:\/\/teknologiateollisuus.fi\/digipooli\/tietoa-meista\/\">Mik\u00e4 Digipooli &#8211; mist\u00e4 on kyse?<\/a><\/span> <span class=\"separator\"><\/span> <span class=\"breadcrumb_last\" aria-current=\"page\">Toimiala<\/span><\/span><\/div>\t\t\t\n<h1 class=\"wp-block-heading\" id=\"tietoa-toimialasta\">Tietoa toimialasta<\/h1>\n\n<p>Digipoolin toimintaan kuuluu yrityksi\u00e4 ICT aloilta<\/p>\n\t\t\t<div class=\"em-block-hero__modified-date\"> P\u00e4ivitetty 09.08.2024 klo 13:39<\/div>\t\t<\/div>\n\t\t\t\t\t<figure class=\"em-block-hero__image\">\n\t\t\t\t\t\t\t<\/figure>\n\t\t\t<\/div>\n<\/div>\n\n\n\n<p>Digipoolin toiminnassa n\u00e4kyy niin Telecom, ICT Ohjelmistot ja palvelut sek\u00e4 tietotekniikan yritykset. Tietotekniikka on yksi teknologiateollisuuden viidest\u00e4 p\u00e4\u00e4toimialasta.<\/p>\n\n\n\n<h2 class=\"wp-block-heading\"><strong>Tietotekniikka<\/strong><\/h2>\n\n\n\n<ul class=\"wp-block-list\">\n<li>liikevaihto (2022): 19 mrd euroa<\/li>\n\n\n\n<li>henkil\u00f6st\u00f6 (2022): 83 500<\/li>\n<\/ul>\n\n\n\n<p><em>Basware, Vincit, CGI, Digia, Efecte, Enfo, F-Secure, Fujitsu Finland, IBM, Innofactor, Knowit, Microsoft, Nixu, TietoEVRY\u2026<\/em><\/p>\n\n\n\n<p> <\/p>\n","protected":false},"excerpt":{"rendered":"<p>Digipoolin toiminnassa n\u00e4kyy niin Telecom, ICT Ohjelmistot ja palvelut sek\u00e4 tietotekniikan yritykset. Tietotekniikka on yksi teknologiateollisuuden viidest\u00e4 p\u00e4\u00e4toimialasta. Tietotekniikka Basware, Vincit, CGI, Digia, Efecte, Enfo, F-Secure, Fujitsu Finland, IBM, Innofactor, Knowit, Microsoft, Nixu, TietoEVRY\u2026<\/p>\n","protected":false},"author":8,"featured_media":0,"parent":120,"menu_order":0,"comment_status":"closed","ping_status":"closed","template":"","meta":{"_acf_changed":false,"_relevanssi_hide_post":"","_relevanssi_hide_content":"","_relevanssi_pin_for_all":"","_relevanssi_pin_keywords":"","_relevanssi_unpin_keywords":"","_relevanssi_related_keywords":"","_relevanssi_related_include_ids":"","_relevanssi_related_exclude_ids":"","_relevanssi_related_no_append":"","_relevanssi_related_not_related":"","_relevanssi_related_posts":"54,48,55,53,56,57","_relevanssi_noindex_reason":"","inline_featured_image":false,"footnotes":""},"class_list":["post-123","page","type-page","status-publish","hentry"],"acf":[],"yoast_head":"<!-- This site is optimized with the Yoast SEO Premium plugin v27.1 (Yoast SEO v27.3) - https:\/\/yoast.com\/product\/yoast-seo-premium-wordpress\/ -->\n<title>Toimiala - Digipooli<\/title>\n<meta name=\"robots\" content=\"index, follow, max-snippet:-1, max-image-preview:large, max-video-preview:-1\" \/>\n<link rel=\"canonical\" href=\"https:\/\/teknologiateollisuus.fi\/digipooli\/tietoa-meista\/toimiala\/\" \/>\n<meta property=\"og:locale\" content=\"fi_FI\" \/>\n<meta property=\"og:type\" content=\"article\" \/>\n<meta property=\"og:title\" content=\"Toimiala\" \/>\n<meta property=\"og:description\" content=\"Digipoolin toiminnassa n\u00e4kyy niin Telecom, ICT Ohjelmistot ja palvelut sek\u00e4 tietotekniikan yritykset. Tietotekniikka on yksi teknologiateollisuuden viidest\u00e4 p\u00e4\u00e4toimialasta. Tietotekniikka Basware, Vincit, CGI, Digia, Efecte, Enfo, F-Secure, Fujitsu Finland, IBM, Innofactor, Knowit, Microsoft, Nixu, TietoEVRY\u2026\" \/>\n<meta property=\"og:url\" content=\"https:\/\/teknologiateollisuus.fi\/digipooli\/tietoa-meista\/toimiala\/\" \/>\n<meta property=\"og:site_name\" content=\"Digipooli\" \/>\n<meta property=\"article:modified_time\" content=\"2024-08-09T10:39:57+00:00\" \/>\n<meta name=\"twitter:card\" content=\"summary_large_image\" \/>\n<meta name=\"twitter:label1\" content=\"Arvioitu lukuaika\" \/>\n\t<meta name=\"twitter:data1\" content=\"1 minuutti\" \/>\n<script type=\"application\/ld+json\" class=\"yoast-schema-graph\">{\"@context\":\"https:\\\/\\\/schema.org\",\"@graph\":[{\"@type\":\"WebPage\",\"@id\":\"https:\\\/\\\/teknologiateollisuus.fi\\\/digipooli\\\/tietoa-meista\\\/toimiala\\\/\",\"url\":\"https:\\\/\\\/teknologiateollisuus.fi\\\/digipooli\\\/tietoa-meista\\\/toimiala\\\/\",\"name\":\"Toimiala - Digipooli\",\"isPartOf\":{\"@id\":\"https:\\\/\\\/teknologiateollisuus.fi\\\/digipooli\\\/#website\"},\"datePublished\":\"2024-06-06T09:05:34+00:00\",\"dateModified\":\"2024-08-09T10:39:57+00:00\",\"breadcrumb\":{\"@id\":\"https:\\\/\\\/teknologiateollisuus.fi\\\/digipooli\\\/tietoa-meista\\\/toimiala\\\/#breadcrumb\"},\"inLanguage\":\"fi\",\"potentialAction\":[{\"@type\":\"ReadAction\",\"target\":[\"https:\\\/\\\/teknologiateollisuus.fi\\\/digipooli\\\/tietoa-meista\\\/toimiala\\\/\"]}]},{\"@type\":\"BreadcrumbList\",\"@id\":\"https:\\\/\\\/teknologiateollisuus.fi\\\/digipooli\\\/tietoa-meista\\\/toimiala\\\/#breadcrumb\",\"itemListElement\":[{\"@type\":\"ListItem\",\"position\":1,\"name\":\"Etusivu\",\"item\":\"https:\\\/\\\/teknologiateollisuus.fi\\\/digipooli\\\/\"},{\"@type\":\"ListItem\",\"position\":2,\"name\":\"Mik\u00e4 Digipooli &#8211; mist\u00e4 on kyse?\",\"item\":\"https:\\\/\\\/teknologiateollisuus.fi\\\/digipooli\\\/tietoa-meista\\\/\"},{\"@type\":\"ListItem\",\"position\":3,\"name\":\"Toimiala\"}]},{\"@type\":\"WebSite\",\"@id\":\"https:\\\/\\\/teknologiateollisuus.fi\\\/digipooli\\\/#website\",\"url\":\"https:\\\/\\\/teknologiateollisuus.fi\\\/digipooli\\\/\",\"name\":\"Digipooli\",\"description\":\"\",\"potentialAction\":[{\"@type\":\"SearchAction\",\"target\":{\"@type\":\"EntryPoint\",\"urlTemplate\":\"https:\\\/\\\/teknologiateollisuus.fi\\\/digipooli\\\/?s={search_term_string}\"},\"query-input\":{\"@type\":\"PropertyValueSpecification\",\"valueRequired\":true,\"valueName\":\"search_term_string\"}}],\"inLanguage\":\"fi\"}]}<\/script>\n<!-- \/ Yoast SEO Premium plugin. -->","yoast_head_json":{"title":"Toimiala - Digipooli","robots":{"index":"index","follow":"follow","max-snippet":"max-snippet:-1","max-image-preview":"max-image-preview:large","max-video-preview":"max-video-preview:-1"},"canonical":"https:\/\/teknologiateollisuus.fi\/digipooli\/tietoa-meista\/toimiala\/","og_locale":"fi_FI","og_type":"article","og_title":"Toimiala","og_description":"Digipoolin toiminnassa n\u00e4kyy niin Telecom, ICT Ohjelmistot ja palvelut sek\u00e4 tietotekniikan yritykset. Tietotekniikka on yksi teknologiateollisuuden viidest\u00e4 p\u00e4\u00e4toimialasta. Tietotekniikka Basware, Vincit, CGI, Digia, Efecte, Enfo, F-Secure, Fujitsu Finland, IBM, Innofactor, Knowit, Microsoft, Nixu, TietoEVRY\u2026","og_url":"https:\/\/teknologiateollisuus.fi\/digipooli\/tietoa-meista\/toimiala\/","og_site_name":"Digipooli","article_modified_time":"2024-08-09T10:39:57+00:00","twitter_card":"summary_large_image","twitter_misc":{"Arvioitu lukuaika":"1 minuutti"},"schema":{"@context":"https:\/\/schema.org","@graph":[{"@type":"WebPage","@id":"https:\/\/teknologiateollisuus.fi\/digipooli\/tietoa-meista\/toimiala\/","url":"https:\/\/teknologiateollisuus.fi\/digipooli\/tietoa-meista\/toimiala\/","name":"Toimiala - Digipooli","isPartOf":{"@id":"https:\/\/teknologiateollisuus.fi\/digipooli\/#website"},"datePublished":"2024-06-06T09:05:34+00:00","dateModified":"2024-08-09T10:39:57+00:00","breadcrumb":{"@id":"https:\/\/teknologiateollisuus.fi\/digipooli\/tietoa-meista\/toimiala\/#breadcrumb"},"inLanguage":"fi","potentialAction":[{"@type":"ReadAction","target":["https:\/\/teknologiateollisuus.fi\/digipooli\/tietoa-meista\/toimiala\/"]}]},{"@type":"BreadcrumbList","@id":"https:\/\/teknologiateollisuus.fi\/digipooli\/tietoa-meista\/toimiala\/#breadcrumb","itemListElement":[{"@type":"ListItem","position":1,"name":"Etusivu","item":"https:\/\/teknologiateollisuus.fi\/digipooli\/"},{"@type":"ListItem","position":2,"name":"Mik\u00e4 Digipooli &#8211; mist\u00e4 on kyse?","item":"https:\/\/teknologiateollisuus.fi\/digipooli\/tietoa-meista\/"},{"@type":"ListItem","position":3,"name":"Toimiala"}]},{"@type":"WebSite","@id":"https:\/\/teknologiateollisuus.fi\/digipooli\/#website","url":"https:\/\/teknologiateollisuus.fi\/digipooli\/","name":"Digipooli","description":"","potentialAction":[{"@type":"SearchAction","target":{"@type":"EntryPoint","urlTemplate":"https:\/\/teknologiateollisuus.fi\/digipooli\/?s={search_term_string}"},"query-input":{"@type":"PropertyValueSpecification","valueRequired":true,"valueName":"search_term_string"}}],"inLanguage":"fi"}]}},"lang":"fi","translations":{"fi":123},"pll_sync_post":[],"_links":{"self":[{"href":"https:\/\/teknologiateollisuus.fi\/digipooli\/wp-json\/wp\/v2\/pages\/123","targetHints":{"allow":["GET"]}}],"collection":[{"href":"https:\/\/teknologiateollisuus.fi\/digipooli\/wp-json\/wp\/v2\/pages"}],"about":[{"href":"https:\/\/teknologiateollisuus.fi\/digipooli\/wp-json\/wp\/v2\/types\/page"}],"author":[{"embeddable":true,"href":"https:\/\/teknologiateollisuus.fi\/digipooli\/wp-json\/wp\/v2\/users\/8"}],"replies":[{"embeddable":true,"href":"https:\/\/teknologiateollisuus.fi\/digipooli\/wp-json\/wp\/v2\/comments?post=123"}],"version-history":[{"count":2,"href":"https:\/\/teknologiateollisuus.fi\/digipooli\/wp-json\/wp\/v2\/pages\/123\/revisions"}],"predecessor-version":[{"id":218,"href":"https:\/\/teknologiateollisuus.fi\/digipooli\/wp-json\/wp\/v2\/pages\/123\/revisions\/218"}],"up":[{"embeddable":true,"href":"https:\/\/teknologiateollisuus.fi\/digipooli\/wp-json\/wp\/v2\/pages\/120"}],"wp:attachment":[{"href":"https:\/\/teknologiateollisuus.fi\/digipooli\/wp-json\/wp\/v2\/media?parent=123"}],"curies":[{"name":"wp","href":"https:\/\/api.w.org\/{rel}","templated":true}]}}