{"id":219,"date":"2024-08-09T14:29:33","date_gmt":"2024-08-09T11:29:33","guid":{"rendered":"https:\/\/digipooli.teknologiateollisuus.fi\/?page_id=219"},"modified":"2025-06-23T14:02:46","modified_gmt":"2025-06-23T11:02:46","slug":"219","status":"publish","type":"page","link":"https:\/\/teknologiateollisuus.fi\/digipooli\/219\/","title":{"rendered":"Toiminnan vuosi 2024"},"content":{"rendered":"\n<div class=\"em-block-hero hero-has-background-color has-background has-violet-background-color collapse media-position-right \">\n\t<div class=\"em-block-hero__container\">\n\t\t<div class=\"em-block-hero__content\">\n\t\t\t<div class=\"yoast-breadcrumbs\"><span><span><a href=\"https:\/\/teknologiateollisuus.fi\/digipooli\/\">Etusivu<\/a><\/span> <span class=\"separator\"><\/span> <span class=\"breadcrumb_last\" aria-current=\"page\">Toiminnan vuosi 2024<\/span><\/span><\/div>\t\t\t\n<h1 class=\"wp-block-heading\" id=\"h-katsaus-digipoolin-vuoteen-2024\">Katsaus Digipoolin vuoteen 2024<\/h1>\n\n<p>Ote Digipoolin toimintakertomuksesta<\/p>\n\t\t\t<div class=\"em-block-hero__modified-date\"> P\u00e4ivitetty 23.06.2025 klo 14:02<\/div>\t\t<\/div>\n\t\t\t\t\t<figure class=\"em-block-hero__image\">\n\t\t\t\t\t\t\t<\/figure>\n\t\t\t<\/div>\n<\/div>\n\n\n\n<p>Huoltovarmuusorganisaation (HVO) Digipooli on laajan kohdeyleis\u00f6n tavoittava ja tunnettu yritysten ja viranomaisten yhteistoimintaelin. Sen teht\u00e4v\u00e4n\u00e4 on verkostomaisella toiminnalla edist\u00e4\u00e4 digitaalisen yhteiskunnan jatkuvuudenhallintaa ja varautumista sek\u00e4 digitaalisten ratkaisuiden k\u00e4ytt\u00f6\u00e4 kyberturvallisesti. Keskeisimp\u00e4n\u00e4 teht\u00e4v\u00e4n\u00e4 on huoltovarmuuden kannalta kriittisimpien elinkeinoel\u00e4m\u00e4n toimintojen digitaalisen turvallisuuden edist\u00e4minen ja yleisen luottamuksen lis\u00e4\u00e4minen digitaalisen yhteiskunnan perusrakenteisiin.<\/p>\n\n\n\n<p>Digipoolin toiminnassa n\u00e4kyv\u00e4t Suomen kyberturvallisuusstrategian periaatep\u00e4\u00e4t\u00f6ksen kaikki strategiset linjaukset (kansainv\u00e4linen yhteisty\u00f6, kyberturvallisuuden johtamisen, suunnittelun ja varautumisen parempi koordinaatio sek\u00e4 kyberturvallisuuden osaamisen kehitt\u00e4minen) ja Digipoolin toiminta osaltaan tukee strategian toimeenpanoa.<\/p>\n\n\n\n<p>Digipooli vahvistaa huoltovarmuuskriittisten toimialojen ja yritysten kyberresilienssi\u00e4. Poolin tavoitteena on, ett\u00e4 yhteiskunnan vakautta heikent\u00e4vi\u00e4 h\u00e4iri\u00f6it\u00e4 on v\u00e4hemm\u00e4n ja yritysten liiketoiminnan jatkuvuus h\u00e4iri\u00f6iss\u00e4 on parempi.<\/p>\n\n\n\n<p>Digipoolin keskeinen teht\u00e4v\u00e4 on verkostomaisella toimintaotteella edist\u00e4\u00e4 kriittisen elinkeinoel\u00e4m\u00e4n sek\u00e4 infrastruktuurin kyberturvallisuutta ja lis\u00e4t\u00e4 yleist\u00e4 luottamusta digitaalisen yhteiskunnan perusrakenteisiin. Digipooli toimii horisontaalisesti, kaikkiin sektoreihin ja pooleihin vaikuttaen ja osallistuu muiden toimialapoolien ty\u00f6h\u00f6n digitaalisen turvallisuuden alueella. Digipooli ottaa osaa kyberuhkien systemaattiseen tunnistamiseen, laatii selvityksi\u00e4, suosituksia ja ohjeita kyberriskien hallintaan sek\u00e4 j\u00e4rjest\u00e4\u00e4 itse ja yhdess\u00e4 muiden poolien kanssa harjoituksia. Lis\u00e4ksi Digipooli j\u00e4rjest\u00e4\u00e4 tapahtumia, luentoja ja koulutustilaisuuksia.<\/p>\n\n\n\n<p>Vuonna 2024 Digipoolin toiminnan keski\u00f6ss\u00e4 olivat strategian painopistealueet: Verkostot ja keskin\u00e4isriippuvuudet, Strateginen halu, Ty\u00f6kalut ja osaaminen, Tilannekuva ja tietoisuus. Strategian painopistealueiden toimenpiteiss\u00e4 korostuvat viestint\u00e4 ja vaikuttavuus, toimialojen kyberkyvykkyyksien kehityskohteet sek\u00e4 yritysten toimintaverkoston toiminnan edist\u00e4minen. <\/p>\n\n\n\n<p>Strategiateemat n\u00e4kyiv\u00e4t parhaiten TIETO24-harjoituksessa ja useissa projekteissa, jotka k\u00e4sitteliv\u00e4t Digitaalisen turvallisuuden kannalta t\u00e4rkein\u00e4 edistett\u00e4vi\u00e4 aiheita. Harjoitukset ja projektit edistiv\u00e4t useampaakin keskeist\u00e4 painopistealuetta. TIETO24-harjoituksen j\u00e4rjest\u00e4minen edisti verkostojen yhteistoimintaa ja nosti esiin keskin\u00e4isriippuvuuksien haasteita. Se my\u00f6s tuotti tietoa ja ty\u00f6kaluja elinkeinoel\u00e4m\u00e4n h\u00e4iri\u00f6tilannetoiminnan varalle. Harjoituksella pyrittiin my\u00f6s edist\u00e4m\u00e4\u00e4n yhteiskunnan toimintaa laaja-alaisen vaikuttamisenaikana. Vuoden 2024 aikana j\u00e4rjestetty TIETO24 harjoitus ty\u00f6llisti Digipoolin toimistoa ja verkoston<br>sidosryhmi\u00e4 laajasti. TIETO24-harjoituksen useat tapahtumat ja teht\u00e4v\u00e4t osallistuttivat suuren joukon Huoltovarmuusorganisaation yritysedustajia ja julkishallintoa kohdetoimialoilta.<\/p>\n\n\n\n<figure class=\"wp-block-image size-large is-resized\"><img loading=\"lazy\" decoding=\"async\" width=\"968\" height=\"645\" src=\"https:\/\/teknologiateollisuus.fi\/digipooli\/wp-content\/uploads\/sites\/12\/2025\/06\/TIETO24-Jakso3-Tiedotustilaisuus-968x645.jpg\" alt=\"TIETO24 PR Event\" class=\"wp-image-564\" style=\"width:683px;height:auto\" srcset=\"https:\/\/teknologiateollisuus.fi\/digipooli\/wp-content\/uploads\/sites\/12\/2025\/06\/TIETO24-Jakso3-Tiedotustilaisuus-968x645.jpg 968w, https:\/\/teknologiateollisuus.fi\/digipooli\/wp-content\/uploads\/sites\/12\/2025\/06\/TIETO24-Jakso3-Tiedotustilaisuus-400x267.jpg 400w, https:\/\/teknologiateollisuus.fi\/digipooli\/wp-content\/uploads\/sites\/12\/2025\/06\/TIETO24-Jakso3-Tiedotustilaisuus-768x512.jpg 768w, https:\/\/teknologiateollisuus.fi\/digipooli\/wp-content\/uploads\/sites\/12\/2025\/06\/TIETO24-Jakso3-Tiedotustilaisuus-1536x1024.jpg 1536w, https:\/\/teknologiateollisuus.fi\/digipooli\/wp-content\/uploads\/sites\/12\/2025\/06\/TIETO24-Jakso3-Tiedotustilaisuus-2048x1366.jpg 2048w, https:\/\/teknologiateollisuus.fi\/digipooli\/wp-content\/uploads\/sites\/12\/2025\/06\/TIETO24-Jakso3-Tiedotustilaisuus-1300x867.jpg 1300w, https:\/\/teknologiateollisuus.fi\/digipooli\/wp-content\/uploads\/sites\/12\/2025\/06\/TIETO24-Jakso3-Tiedotustilaisuus-1440x960.jpg 1440w\" sizes=\"auto, (max-width: 968px) 100vw, 968px\" \/><figcaption class=\"wp-element-caption\">TIETO24 Jakso3 Tiedotustilaisuus<\/figcaption><\/figure>\n\n\n\n<p>Yksi keskeinen Digipoolin yritysryhmien teht\u00e4v\u00e4, osallistuminen DT2030 (Digitaalinen turvallisuus 2030)-ohjelmaan neuvonantajaroolissa, toteutui monipuolisesti. Digipoolin henkil\u00f6st\u00f6 ja yritysten edustajat osallistuivat ohjelmanohjaamiseen, projektien sis\u00e4lt\u00f6jen tavoitteiden m\u00e4\u00e4ritykseen ja Digipoolin j\u00e4rjest\u00e4misvastuulla ole<br>vien projektien edist\u00e4miseen. Useimmat Digipoolin projektit ovat DT2030-ohjelman projekteja.<\/p>\n\n\n\n<p>Vuonna 2024 toteutettuja kehitysohjelman projekteja olivat: Kvanttilaskennan tietoturvavaikutukset projekti, Pilvipalveluiden k\u00e4yt\u00f6n selvitys projekti, ICT-palvelutuotannon varautumisen vaatimukset -projekti, \u201dKyberh\u00e4iri\u00f6tilanteet &#8211; varautuminen ja toiminta\u201d -julkaisun p\u00e4ivitys projekti, TIETO24 harjoituksen j\u00e4rjest\u00e4v\u00e4 projekti sek\u00e4 OT  ymp\u00e4rist\u00f6jen kyberturvallisuudenhallinnan esiselvitys projekti. Useimmat toteutetut projektit pyrkiv\u00e4t edist\u00e4m\u00e4\u00e4n aiemmin toteutetun toimialojen kyber-<br>kypsyysselvityksen perusteella kehityst\u00e4 vaativia aiheita elinkeinoel\u00e4m\u00e4n varautumisen tueksi.<\/p>\n\n\n\n<figure class=\"wp-block-image size-full is-resized\"><img loading=\"lazy\" decoding=\"async\" width=\"733\" height=\"1042\" src=\"https:\/\/teknologiateollisuus.fi\/digipooli\/wp-content\/uploads\/sites\/12\/2025\/06\/OT-Hall-Kansikuva.jpg\" alt=\"OT-ymp\u00e4rist\u00f6jen kyberuhkiin varautumisen kehitt\u00e4misen esiselvitys julkaisun kansikuva\" class=\"wp-image-631\" style=\"width:326px;height:auto\" srcset=\"https:\/\/teknologiateollisuus.fi\/digipooli\/wp-content\/uploads\/sites\/12\/2025\/06\/OT-Hall-Kansikuva.jpg 733w, https:\/\/teknologiateollisuus.fi\/digipooli\/wp-content\/uploads\/sites\/12\/2025\/06\/OT-Hall-Kansikuva-400x569.jpg 400w\" sizes=\"auto, (max-width: 733px) 100vw, 733px\" \/><\/figure>\n\n\n\n<p>Vuoden 2024 aikana Digipooli toteutti rajallisesti my\u00f6s pienprojekteja, jotka eiv\u00e4t liittyneet DT2030-ohjelmaan, mutta joiden k\u00e4ynnist\u00e4miselle ilmeni tarve vuoden aikana. N\u00e4iss\u00e4 projekteissa tuotettiin yrityksille varautumisen suunnitteluun hy\u00f6dyllist\u00e4 materiaalia, jota viestittiin suoraan yrityksiin ja jota hy\u00f6dynnettiin koulutuksellisesti seminaareissa ja tapahtumissa.<\/p>\n\n\n\n<p>Verkoston toimintaa edistiv\u00e4t Digipoolin ryhmien s\u00e4\u00e4nn\u00f6lliset tapaamiset, tilannetiedon s\u00e4\u00e4nn\u00f6llinen kokoaminen ja jakelu, DT2030-kehitysohjelman suunnittelun tuki, TIETO-harjoitus sek\u00e4 Digipoolin j\u00e4rjest\u00e4m\u00e4t useat tapahtumat, kuten Varautumiskoulutukset, Digitaalinen turvallisuus HVO:ssa ja #Digisignaali24-vuosiseminaari. Lis\u00e4ksi verkoston toiminta vahvistui jo mukanaolevien yritysten ja uusien, toimitusketjussaan kriittisten, yritysten tapaamisissa. Verkoston toiminnan edist\u00e4miseen voidaan lukea my\u00f6s poolien ja viranomaisten yhteistoiminnan edist\u00e4minen ja uusien tiedonvaihtoryhmien toiminnan k\u00e4ynnist\u00e4minen. Verkoston toimintaa edistettiin my\u00f6s osallistumalla seminaareihin, koulutustilaisuuksiin ja muihin poolin toiminnan kannalta keskeisiin tilaisuuksiin.<\/p>\n\n\n\n<p>Viestint\u00e4\u00e4 tehtiin my\u00f6s vuonna 2024 m\u00e4\u00e4r\u00e4tietoisesti Digipoolin strategian ja siihen liittyv\u00e4n viestint\u00e4suunnitelman mukaisesti. Valikoituja viestint\u00e4kanavia hy\u00f6dynnettiin s\u00e4\u00e4nn\u00f6llisesti ja viestinn\u00e4lle luotiin niiden kautta vakiintuneita k\u00e4yt\u00e4nt\u00f6j\u00e4 viestinn\u00e4n periaatteiden mukaisesti. Viestinn\u00e4ss\u00e4 n\u00e4kyiv\u00e4t toiminnan painopisteet, projektit ja tuotokset. N\u00e4kyvimpi\u00e4 viestint\u00e4aiheita olivat TIETO24-harjoitus ja muut toteutetut projektit ja tuotokset.<\/p>\n\n\n\n<figure class=\"wp-block-image size-large is-resized\"><img loading=\"lazy\" decoding=\"async\" width=\"968\" height=\"544\" src=\"https:\/\/teknologiateollisuus.fi\/digipooli\/wp-content\/uploads\/sites\/12\/2025\/06\/Digisignaali24_kuvakaappaus-968x544.jpg\" alt=\"Kuvakaappaus #Digisignaali24-seminaarista\" class=\"wp-image-634\" style=\"width:618px;height:auto\" srcset=\"https:\/\/teknologiateollisuus.fi\/digipooli\/wp-content\/uploads\/sites\/12\/2025\/06\/Digisignaali24_kuvakaappaus-968x544.jpg 968w, https:\/\/teknologiateollisuus.fi\/digipooli\/wp-content\/uploads\/sites\/12\/2025\/06\/Digisignaali24_kuvakaappaus-400x225.jpg 400w, https:\/\/teknologiateollisuus.fi\/digipooli\/wp-content\/uploads\/sites\/12\/2025\/06\/Digisignaali24_kuvakaappaus-768x432.jpg 768w, https:\/\/teknologiateollisuus.fi\/digipooli\/wp-content\/uploads\/sites\/12\/2025\/06\/Digisignaali24_kuvakaappaus-1536x863.jpg 1536w, https:\/\/teknologiateollisuus.fi\/digipooli\/wp-content\/uploads\/sites\/12\/2025\/06\/Digisignaali24_kuvakaappaus-2048x1151.jpg 2048w, https:\/\/teknologiateollisuus.fi\/digipooli\/wp-content\/uploads\/sites\/12\/2025\/06\/Digisignaali24_kuvakaappaus-1300x731.jpg 1300w, https:\/\/teknologiateollisuus.fi\/digipooli\/wp-content\/uploads\/sites\/12\/2025\/06\/Digisignaali24_kuvakaappaus-1440x809.jpg 1440w\" sizes=\"auto, (max-width: 968px) 100vw, 968px\" \/><\/figure>\n\n\n\n<p>Halutessasi tutustua tarkemmin Digipoolin vuoden 2024 aikaisiin toimenpiteisiin voit ladata toimintakertomuksemme alta:<\/p>\n\n\n\n<div data-wp-interactive=\"core\/file\" class=\"wp-block-file\"><object data-wp-bind--hidden=\"!state.hasPdfPreview\" hidden class=\"wp-block-file__embed\" data=\"https:\/\/teknologiateollisuus.fi\/digipooli\/wp-content\/uploads\/sites\/12\/2025\/06\/Digipooli-Toimintakertomus-2024_web.pdf\" type=\"application\/pdf\" style=\"width:100%;height:600px\" aria-label=\"Tiedoston Digipooli - Toimintakertomus 2024_web upotus.\"><\/object><a id=\"wp-block-file--media-2c0d8294-ed49-4c51-9950-007eec578453\" href=\"https:\/\/teknologiateollisuus.fi\/digipooli\/wp-content\/uploads\/sites\/12\/2025\/06\/Digipooli-Toimintakertomus-2024_web.pdf\">Digipooli &#8211; Toimintakertomus 2024_web<\/a><a href=\"https:\/\/teknologiateollisuus.fi\/digipooli\/wp-content\/uploads\/sites\/12\/2025\/06\/Digipooli-Toimintakertomus-2024_web.pdf\" class=\"wp-block-file__button wp-element-button\" download aria-describedby=\"wp-block-file--media-2c0d8294-ed49-4c51-9950-007eec578453\">Lataa<\/a><\/div>\n","protected":false},"excerpt":{"rendered":"<p>Huoltovarmuusorganisaation (HVO) Digipooli on laajan kohdeyleis\u00f6n tavoittava ja tunnettu yritysten ja viranomaisten yhteistoimintaelin. Sen teht\u00e4v\u00e4n\u00e4 on verkostomaisella toiminnalla edist\u00e4\u00e4 digitaalisen yhteiskunnan jatkuvuudenhallintaa ja varautumista sek\u00e4 digitaalisten ratkaisuiden k\u00e4ytt\u00f6\u00e4 kyberturvallisesti. Keskeisimp\u00e4n\u00e4 teht\u00e4v\u00e4n\u00e4 on huoltovarmuuden kannalta kriittisimpien elinkeinoel\u00e4m\u00e4n toimintojen digitaalisen turvallisuuden edist\u00e4minen ja yleisen luottamuksen lis\u00e4\u00e4minen digitaalisen yhteiskunnan perusrakenteisiin. Digipoolin toiminnassa n\u00e4kyv\u00e4t Suomen kyberturvallisuusstrategian periaatep\u00e4\u00e4t\u00f6ksen kaikki strategiset [&hellip;]<\/p>\n","protected":false},"author":57,"featured_media":0,"parent":0,"menu_order":0,"comment_status":"closed","ping_status":"closed","template":"","meta":{"_acf_changed":false,"_relevanssi_hide_post":"","_relevanssi_hide_content":"","_relevanssi_pin_for_all":"","_relevanssi_pin_keywords":"","_relevanssi_unpin_keywords":"","_relevanssi_related_keywords":"","_relevanssi_related_include_ids":"","_relevanssi_related_exclude_ids":"","_relevanssi_related_no_append":"","_relevanssi_related_not_related":"","_relevanssi_related_posts":"53,55,48,57,56,54","_relevanssi_noindex_reason":"","inline_featured_image":false,"footnotes":""},"class_list":["post-219","page","type-page","status-publish","hentry"],"acf":[],"yoast_head":"<!-- This site is optimized with the Yoast SEO Premium plugin v27.1 (Yoast SEO v27.3) - https:\/\/yoast.com\/product\/yoast-seo-premium-wordpress\/ -->\n<title>Toiminnan vuosi 2024 - Digipooli<\/title>\n<meta name=\"robots\" content=\"index, follow, max-snippet:-1, max-image-preview:large, max-video-preview:-1\" \/>\n<link rel=\"canonical\" href=\"https:\/\/teknologiateollisuus.fi\/digipooli\/219\/\" \/>\n<meta property=\"og:locale\" content=\"fi_FI\" \/>\n<meta property=\"og:type\" content=\"article\" \/>\n<meta property=\"og:title\" content=\"Toiminnan vuosi 2024\" \/>\n<meta property=\"og:description\" content=\"Huoltovarmuusorganisaation (HVO) Digipooli on laajan kohdeyleis\u00f6n tavoittava ja tunnettu yritysten ja viranomaisten yhteistoimintaelin. Sen teht\u00e4v\u00e4n\u00e4 on verkostomaisella toiminnalla edist\u00e4\u00e4 digitaalisen yhteiskunnan jatkuvuudenhallintaa ja varautumista sek\u00e4 digitaalisten ratkaisuiden k\u00e4ytt\u00f6\u00e4 kyberturvallisesti. Keskeisimp\u00e4n\u00e4 teht\u00e4v\u00e4n\u00e4 on huoltovarmuuden kannalta kriittisimpien elinkeinoel\u00e4m\u00e4n toimintojen digitaalisen turvallisuuden edist\u00e4minen ja yleisen luottamuksen lis\u00e4\u00e4minen digitaalisen yhteiskunnan perusrakenteisiin. Digipoolin toiminnassa n\u00e4kyv\u00e4t Suomen kyberturvallisuusstrategian periaatep\u00e4\u00e4t\u00f6ksen kaikki strategiset [&hellip;]\" \/>\n<meta property=\"og:url\" content=\"https:\/\/teknologiateollisuus.fi\/digipooli\/219\/\" \/>\n<meta property=\"og:site_name\" content=\"Digipooli\" \/>\n<meta property=\"article:modified_time\" content=\"2025-06-23T11:02:46+00:00\" \/>\n<meta property=\"og:image\" content=\"https:\/\/teknologiateollisuus.fi\/digipooli\/wp-content\/uploads\/sites\/12\/2025\/06\/TIETO24-Jakso3-Tiedotustilaisuus.jpg\" \/>\n\t<meta property=\"og:image:width\" content=\"2560\" \/>\n\t<meta property=\"og:image:height\" content=\"1707\" \/>\n\t<meta property=\"og:image:type\" content=\"image\/jpeg\" \/>\n<meta name=\"twitter:card\" content=\"summary_large_image\" \/>\n<meta name=\"twitter:label1\" content=\"Arvioitu lukuaika\" \/>\n\t<meta name=\"twitter:data1\" content=\"4 minuuttia\" \/>\n<script type=\"application\/ld+json\" class=\"yoast-schema-graph\">{\"@context\":\"https:\\\/\\\/schema.org\",\"@graph\":[{\"@type\":\"WebPage\",\"@id\":\"https:\\\/\\\/teknologiateollisuus.fi\\\/digipooli\\\/219\\\/\",\"url\":\"https:\\\/\\\/teknologiateollisuus.fi\\\/digipooli\\\/219\\\/\",\"name\":\"Toiminnan vuosi 2024 - Digipooli\",\"isPartOf\":{\"@id\":\"https:\\\/\\\/teknologiateollisuus.fi\\\/digipooli\\\/#website\"},\"primaryImageOfPage\":{\"@id\":\"https:\\\/\\\/teknologiateollisuus.fi\\\/digipooli\\\/219\\\/#primaryimage\"},\"image\":{\"@id\":\"https:\\\/\\\/teknologiateollisuus.fi\\\/digipooli\\\/219\\\/#primaryimage\"},\"thumbnailUrl\":\"https:\\\/\\\/teknologiateollisuus.fi\\\/digipooli\\\/wp-content\\\/uploads\\\/sites\\\/12\\\/2025\\\/06\\\/TIETO24-Jakso3-Tiedotustilaisuus-968x645.jpg\",\"datePublished\":\"2024-08-09T11:29:33+00:00\",\"dateModified\":\"2025-06-23T11:02:46+00:00\",\"breadcrumb\":{\"@id\":\"https:\\\/\\\/teknologiateollisuus.fi\\\/digipooli\\\/219\\\/#breadcrumb\"},\"inLanguage\":\"fi\",\"potentialAction\":[{\"@type\":\"ReadAction\",\"target\":[\"https:\\\/\\\/teknologiateollisuus.fi\\\/digipooli\\\/219\\\/\"]}]},{\"@type\":\"ImageObject\",\"inLanguage\":\"fi\",\"@id\":\"https:\\\/\\\/teknologiateollisuus.fi\\\/digipooli\\\/219\\\/#primaryimage\",\"url\":\"https:\\\/\\\/teknologiateollisuus.fi\\\/digipooli\\\/wp-content\\\/uploads\\\/sites\\\/12\\\/2025\\\/06\\\/TIETO24-Jakso3-Tiedotustilaisuus.jpg\",\"contentUrl\":\"https:\\\/\\\/teknologiateollisuus.fi\\\/digipooli\\\/wp-content\\\/uploads\\\/sites\\\/12\\\/2025\\\/06\\\/TIETO24-Jakso3-Tiedotustilaisuus.jpg\",\"width\":2560,\"height\":1707,\"caption\":\"TIETO24 Jakso3 Tiedotustilaisuus\"},{\"@type\":\"BreadcrumbList\",\"@id\":\"https:\\\/\\\/teknologiateollisuus.fi\\\/digipooli\\\/219\\\/#breadcrumb\",\"itemListElement\":[{\"@type\":\"ListItem\",\"position\":1,\"name\":\"Etusivu\",\"item\":\"https:\\\/\\\/teknologiateollisuus.fi\\\/digipooli\\\/\"},{\"@type\":\"ListItem\",\"position\":2,\"name\":\"Toiminnan vuosi 2024\"}]},{\"@type\":\"WebSite\",\"@id\":\"https:\\\/\\\/teknologiateollisuus.fi\\\/digipooli\\\/#website\",\"url\":\"https:\\\/\\\/teknologiateollisuus.fi\\\/digipooli\\\/\",\"name\":\"Digipooli\",\"description\":\"\",\"potentialAction\":[{\"@type\":\"SearchAction\",\"target\":{\"@type\":\"EntryPoint\",\"urlTemplate\":\"https:\\\/\\\/teknologiateollisuus.fi\\\/digipooli\\\/?s={search_term_string}\"},\"query-input\":{\"@type\":\"PropertyValueSpecification\",\"valueRequired\":true,\"valueName\":\"search_term_string\"}}],\"inLanguage\":\"fi\"}]}<\/script>\n<!-- \/ Yoast SEO Premium plugin. -->","yoast_head_json":{"title":"Toiminnan vuosi 2024 - Digipooli","robots":{"index":"index","follow":"follow","max-snippet":"max-snippet:-1","max-image-preview":"max-image-preview:large","max-video-preview":"max-video-preview:-1"},"canonical":"https:\/\/teknologiateollisuus.fi\/digipooli\/219\/","og_locale":"fi_FI","og_type":"article","og_title":"Toiminnan vuosi 2024","og_description":"Huoltovarmuusorganisaation (HVO) Digipooli on laajan kohdeyleis\u00f6n tavoittava ja tunnettu yritysten ja viranomaisten yhteistoimintaelin. Sen teht\u00e4v\u00e4n\u00e4 on verkostomaisella toiminnalla edist\u00e4\u00e4 digitaalisen yhteiskunnan jatkuvuudenhallintaa ja varautumista sek\u00e4 digitaalisten ratkaisuiden k\u00e4ytt\u00f6\u00e4 kyberturvallisesti. Keskeisimp\u00e4n\u00e4 teht\u00e4v\u00e4n\u00e4 on huoltovarmuuden kannalta kriittisimpien elinkeinoel\u00e4m\u00e4n toimintojen digitaalisen turvallisuuden edist\u00e4minen ja yleisen luottamuksen lis\u00e4\u00e4minen digitaalisen yhteiskunnan perusrakenteisiin. Digipoolin toiminnassa n\u00e4kyv\u00e4t Suomen kyberturvallisuusstrategian periaatep\u00e4\u00e4t\u00f6ksen kaikki strategiset [&hellip;]","og_url":"https:\/\/teknologiateollisuus.fi\/digipooli\/219\/","og_site_name":"Digipooli","article_modified_time":"2025-06-23T11:02:46+00:00","og_image":[{"width":2560,"height":1707,"url":"https:\/\/teknologiateollisuus.fi\/digipooli\/wp-content\/uploads\/sites\/12\/2025\/06\/TIETO24-Jakso3-Tiedotustilaisuus.jpg","type":"image\/jpeg"}],"twitter_card":"summary_large_image","twitter_misc":{"Arvioitu lukuaika":"4 minuuttia"},"schema":{"@context":"https:\/\/schema.org","@graph":[{"@type":"WebPage","@id":"https:\/\/teknologiateollisuus.fi\/digipooli\/219\/","url":"https:\/\/teknologiateollisuus.fi\/digipooli\/219\/","name":"Toiminnan vuosi 2024 - Digipooli","isPartOf":{"@id":"https:\/\/teknologiateollisuus.fi\/digipooli\/#website"},"primaryImageOfPage":{"@id":"https:\/\/teknologiateollisuus.fi\/digipooli\/219\/#primaryimage"},"image":{"@id":"https:\/\/teknologiateollisuus.fi\/digipooli\/219\/#primaryimage"},"thumbnailUrl":"https:\/\/teknologiateollisuus.fi\/digipooli\/wp-content\/uploads\/sites\/12\/2025\/06\/TIETO24-Jakso3-Tiedotustilaisuus-968x645.jpg","datePublished":"2024-08-09T11:29:33+00:00","dateModified":"2025-06-23T11:02:46+00:00","breadcrumb":{"@id":"https:\/\/teknologiateollisuus.fi\/digipooli\/219\/#breadcrumb"},"inLanguage":"fi","potentialAction":[{"@type":"ReadAction","target":["https:\/\/teknologiateollisuus.fi\/digipooli\/219\/"]}]},{"@type":"ImageObject","inLanguage":"fi","@id":"https:\/\/teknologiateollisuus.fi\/digipooli\/219\/#primaryimage","url":"https:\/\/teknologiateollisuus.fi\/digipooli\/wp-content\/uploads\/sites\/12\/2025\/06\/TIETO24-Jakso3-Tiedotustilaisuus.jpg","contentUrl":"https:\/\/teknologiateollisuus.fi\/digipooli\/wp-content\/uploads\/sites\/12\/2025\/06\/TIETO24-Jakso3-Tiedotustilaisuus.jpg","width":2560,"height":1707,"caption":"TIETO24 Jakso3 Tiedotustilaisuus"},{"@type":"BreadcrumbList","@id":"https:\/\/teknologiateollisuus.fi\/digipooli\/219\/#breadcrumb","itemListElement":[{"@type":"ListItem","position":1,"name":"Etusivu","item":"https:\/\/teknologiateollisuus.fi\/digipooli\/"},{"@type":"ListItem","position":2,"name":"Toiminnan vuosi 2024"}]},{"@type":"WebSite","@id":"https:\/\/teknologiateollisuus.fi\/digipooli\/#website","url":"https:\/\/teknologiateollisuus.fi\/digipooli\/","name":"Digipooli","description":"","potentialAction":[{"@type":"SearchAction","target":{"@type":"EntryPoint","urlTemplate":"https:\/\/teknologiateollisuus.fi\/digipooli\/?s={search_term_string}"},"query-input":{"@type":"PropertyValueSpecification","valueRequired":true,"valueName":"search_term_string"}}],"inLanguage":"fi"}]}},"lang":"fi","translations":{"fi":219},"pll_sync_post":[],"_links":{"self":[{"href":"https:\/\/teknologiateollisuus.fi\/digipooli\/wp-json\/wp\/v2\/pages\/219","targetHints":{"allow":["GET"]}}],"collection":[{"href":"https:\/\/teknologiateollisuus.fi\/digipooli\/wp-json\/wp\/v2\/pages"}],"about":[{"href":"https:\/\/teknologiateollisuus.fi\/digipooli\/wp-json\/wp\/v2\/types\/page"}],"author":[{"embeddable":true,"href":"https:\/\/teknologiateollisuus.fi\/digipooli\/wp-json\/wp\/v2\/users\/57"}],"replies":[{"embeddable":true,"href":"https:\/\/teknologiateollisuus.fi\/digipooli\/wp-json\/wp\/v2\/comments?post=219"}],"version-history":[{"count":8,"href":"https:\/\/teknologiateollisuus.fi\/digipooli\/wp-json\/wp\/v2\/pages\/219\/revisions"}],"predecessor-version":[{"id":638,"href":"https:\/\/teknologiateollisuus.fi\/digipooli\/wp-json\/wp\/v2\/pages\/219\/revisions\/638"}],"wp:attachment":[{"href":"https:\/\/teknologiateollisuus.fi\/digipooli\/wp-json\/wp\/v2\/media?parent=219"}],"curies":[{"name":"wp","href":"https:\/\/api.w.org\/{rel}","templated":true}]}}