{"id":26,"date":"2024-06-04T16:22:04","date_gmt":"2024-06-04T13:22:04","guid":{"rendered":"https:\/\/digipooli.teknologiateollisuus.fi\/?page_id=26"},"modified":"2024-09-19T13:45:41","modified_gmt":"2024-09-19T10:45:41","slug":"tieto","status":"publish","type":"page","link":"https:\/\/teknologiateollisuus.fi\/digipooli\/tieto\/","title":{"rendered":"TIETO24"},"content":{"rendered":"\n<div class=\"em-block-hero hero-has-background-color has-background has-violet-background-color has-image media-position-right \">\n\t<div class=\"em-block-hero__container\">\n\t\t<div class=\"em-block-hero__content\">\n\t\t\t<div class=\"yoast-breadcrumbs\"><span><span><a href=\"https:\/\/teknologiateollisuus.fi\/digipooli\/\">Etusivu<\/a><\/span> <span class=\"separator\"><\/span> <span class=\"breadcrumb_last\" aria-current=\"page\">TIETO24<\/span><\/span><\/div>\t\t\t\n<h1 class=\"wp-block-heading\" id=\"tieto24\">TIETO24<\/h1>\n\n<p>Tietoyhteiskunnan valmiusharjoitus 2024<\/p>\n\t\t\t<div class=\"em-block-hero__modified-date\"> P\u00e4ivitetty 19.09.2024 klo 13:45<\/div>\t\t<\/div>\n\t\t\t\t\t<figure class=\"em-block-hero__image\">\n\t\t\t\t<img loading=\"lazy\" decoding=\"async\" width=\"1584\" height=\"624\" src=\"https:\/\/teknologiateollisuus.fi\/digipooli\/wp-content\/uploads\/sites\/12\/2024\/08\/hvk_tieto24_logo_rgb.png\" class=\"attachment-hero size-hero\" alt=\"\" srcset=\"https:\/\/teknologiateollisuus.fi\/digipooli\/wp-content\/uploads\/sites\/12\/2024\/08\/hvk_tieto24_logo_rgb.png 1584w, https:\/\/teknologiateollisuus.fi\/digipooli\/wp-content\/uploads\/sites\/12\/2024\/08\/hvk_tieto24_logo_rgb-400x158.png 400w, https:\/\/teknologiateollisuus.fi\/digipooli\/wp-content\/uploads\/sites\/12\/2024\/08\/hvk_tieto24_logo_rgb-968x381.png 968w, https:\/\/teknologiateollisuus.fi\/digipooli\/wp-content\/uploads\/sites\/12\/2024\/08\/hvk_tieto24_logo_rgb-768x303.png 768w, https:\/\/teknologiateollisuus.fi\/digipooli\/wp-content\/uploads\/sites\/12\/2024\/08\/hvk_tieto24_logo_rgb-1536x605.png 1536w, https:\/\/teknologiateollisuus.fi\/digipooli\/wp-content\/uploads\/sites\/12\/2024\/08\/hvk_tieto24_logo_rgb-1300x512.png 1300w, https:\/\/teknologiateollisuus.fi\/digipooli\/wp-content\/uploads\/sites\/12\/2024\/08\/hvk_tieto24_logo_rgb-1440x567.png 1440w\" sizes=\"auto, (max-width: 1584px) 100vw, 1584px\" \/>\t\t\t<\/figure>\n\t\t\t<\/div>\n<\/div>\n\n\n\n<div class=\"wp-block-group alignfull is-style-color-bar has-violet-color has-light-gray-background-color has-text-color has-background has-link-color wp-elements-c70a69aabf4aac68077aae8ca4641de0 is-layout-constrained wp-block-group-is-layout-constrained\">\n<figure class=\"wp-block-pullquote\"><blockquote><p>TIETO24-Harjoitus &#8211; Tietoyhteiskunnan valmiusharjoitus.<br><br>TIETO on Suomen suurin yritysten ja viranomaisten yhteistoiminta ja tiedonvaihtoharjoitus laajojen hybridi-, kyber-, ja informaatioh\u00e4iri\u00f6iden varalta.<br>Se on my\u00f6s yritysten jatkuvuudenhallintaa, varautumista ja kriisiviestint\u00e4\u00e4 laajoissa h\u00e4iri\u00f6tilanteissa sparraava, useiden toimialojen harjoitus.<\/p><\/blockquote><\/figure>\n<\/div>\n\n\n\n<p>Yhteiskunnan huoltovarmuuskriittisten toimintojen sek\u00e4 julkisen viestinn\u00e4n toimivuus nojaa palveluista vastaaviin yrityksiin ja niiden tietoj\u00e4rjestelmiin. Laaja-alainen vaikuttaminen, ja siihen liittyv\u00e4t kyberhy\u00f6kk\u00e4ykset, informaatiovaikuttaminen ja fyysiset toimet, vaarantaa yhteiskunnan toimintakyvyn ja vakavimmillaan kansalaisten turvallisuuden. Digitaalisen yhteiskunnan varautuminen vaatii tiivist\u00e4 ja saumatonta yhteistoimintaa yrityksen asiakkaiden, kumppaneiden ja viranomaisten kesken.<\/p>\n\n\n\n<p>TIETO24 harjoituttaa yrityksi\u00e4 erilaisissa, toisiaan seuraavissa h\u00e4iri\u00f6tilanteissa ja perehdytt\u00e4\u00e4 yritykset viranomaisten kanssa teht\u00e4v\u00e4\u00e4n yhteistoimintaan, jolla tuetaan yritysten toimintakyvyn palauttamista. Harjoitukseen osallistuvat yritykset harjaantuvat tiedonvaihtoon eri osapuolten v\u00e4lill\u00e4 ja ymm\u00e4rt\u00e4v\u00e4t tilannekuvan merkityksen h\u00e4iri\u00f6iden hallinnassa. Harjoitus on skenaariopohjainen strategisen tason harjoitus, joka j\u00e4rjestet\u00e4\u00e4n nelj\u00e4ss\u00e4 jaksossa vuosina 2024 &#8211; 2025.<\/p>\n\n\n\n<p>Harjoitukseen osallistuvat lukuisat toimialat ja mukana on luonnollisesti my\u00f6s toimialojen keskeiset palvelutuottajat tele- ja ICT-, vartiointi- ja media-aloilta. Lis\u00e4ksi harjoitukseen osallistuvat toimialoista vastaavat viranomaiset, Huoltovarmuuskeskus, Liikenne- ja viestint\u00e4virasto Traficomin Kyberturvallisuuskeskus, Puolustusvoimat, Yleisradio, Poliisi ja monet muut toimijat.<\/p>\n\n\n\n<p>TIETO22 harjoitukseen oli nimettyn\u00e4 yli 650 henkil\u00f6\u00e4 170 eri reaalimaailman organisaatiosta ja TIETO24 harjoitus pyrkii saamaan entist\u00e4 suuremman osallistujajoukon harjoittelemaan n\u00e4iss\u00e4 tiedonvaihdon aiheissa.<\/p>\n\n\n\n<p><strong>Harjoittelulla tuetaan yritysten jatkuvuudenhallintaa, varautumista ja kehitet\u00e4\u00e4n sopimussuhteista yhteisty\u00f6t\u00e4<\/strong><\/p>\n\n\n\n<p>TIETO24-harjoituksen tavoitteena on kehitt\u00e4\u00e4 yhteisty\u00f6h\u00f6n perustuvaa toimintakulttuuria ja yhteistoimintamalleja. Samalla tunnistetaan konkreettisia kyberturvallisuuden kehitystarpeita, joita tullaan viem\u00e4\u00e4n arjen k\u00e4yt\u00e4nt\u00f6ihin osallistuvissa yrityksiss\u00e4 ja esimerkiksi Huoltovarmuuskeskuksen&nbsp;<a href=\"https:\/\/www.huoltovarmuuskeskus.fi\/huoltovarmuusorganisaatio\/huoltovarmuuskeskus\/4962-2\/digitaalinen-turvallisuus-2030\">Digitaalinen turvallisuus 2030<\/a>&nbsp;-kehitysohjelmassa.<\/p>\n\n\n\n<p>Vahvuutemme on kriittisist\u00e4 toiminnoista vastaavien yritysten ammattitaidossa sek\u00e4 viranomaisten kyvyss\u00e4 kriisitilanteessa vahvistaa yritysten toimintakyky\u00e4 esimerkiksi havaintotiedoilla, toimintaohjeilla sek\u00e4 asiantuntijatuella. Yhdess\u00e4 vakavat h\u00e4iri\u00f6tilanteet havaitaan nopeammin ja kokonaiskuvan muodostaminen haastavista tilanteista nopeutuu. Samalla syntyy my\u00f6s kyky torjua h\u00e4iri\u00f6n vaikutukset ja palautua normaaliin toimintaan. Yritysten v\u00e4linen l\u00e4heinen yhteisty\u00f6 mahdollistaa viranomaisten tuen tehokkaan kohdistamisen laajoissa, useisiin yrityksiin vaikuttavissa h\u00e4iri\u00f6tilanteissa.<\/p>\n\n\n\n<p>TIETO24-harjoituksen organisoinnista vastaa Huoltovarmuusorganisaation Digipooli yhteisty\u00f6ss\u00e4 Huoltovarmuuskeskuksen, Traficomin Kyberturvallisuuskeskuksen, Poliisin ja Puolustusvoimien kanssa. Harjoituksen j\u00e4rjest\u00e4misest\u00e4 vastaa Huoltovarmuuskeskus. TIETO-harjoituksia on j\u00e4rjestetty eri muodoissa s\u00e4\u00e4nn\u00f6llisesti joka toinen vuosi 1980-luvun lopusta asti Puolustusvoimien johdolla. TIETO-harjoitukset siirtyiv\u00e4t vuodesta 2018 lukien Huoltovarmuuskeskuksen vastuulle.<\/p>\n\n\n\n<p>Harjoitukseen kuuluu 4 jaksoa, joista 2 ensimm\u00e4ist\u00e4 ovat luonteeltaan seminaareja, joissa jaetaan osallistujille ajankohtaista tietoa.<\/p>\n\n\n\n<p>Jaksojen 1 ja 2 sis\u00e4ll\u00f6iss\u00e4 korostuvat ne aiheet, joita toivotaan n\u00e4ht\u00e4v\u00e4n yritysten jatkuvuudenhallinnan suunnitelmissa varauduttaessa\u00a0kriisitilanteisiin\/h\u00e4iri\u00f6tilanteisiin &#8211; kriisitiimin toimintamallit, kriisiviestint\u00e4, sopimuksellinen varautuminen, yhteisty\u00f6 kolmansien osapuolten kanssa sek\u00e4 muut ajankohtaiset varautumisaiheet; viranomaisten tarpeet ja odotusarvot yhteistoiminnalle sek\u00e4 aihealueella relevantit lains\u00e4\u00e4d\u00e4nn\u00f6n muutokset.\u00a0\u00a0<\/p>\n\n\n\n<figure class=\"wp-block-image size-large\"><img loading=\"lazy\" decoding=\"async\" width=\"968\" height=\"645\" src=\"https:\/\/digipooli.teknologiateollisuus.fi\/wp-content\/uploads\/sites\/12\/2024\/08\/kuvat-tieto22-yleiskuva-6-kuva-digipooli-meeri-utti-968x645.jpg\" alt=\"Kuva by Meeti Utti\" class=\"wp-image-243\" srcset=\"https:\/\/teknologiateollisuus.fi\/digipooli\/wp-content\/uploads\/sites\/12\/2024\/08\/kuvat-tieto22-yleiskuva-6-kuva-digipooli-meeri-utti-968x645.jpg 968w, https:\/\/teknologiateollisuus.fi\/digipooli\/wp-content\/uploads\/sites\/12\/2024\/08\/kuvat-tieto22-yleiskuva-6-kuva-digipooli-meeri-utti-400x267.jpg 400w, https:\/\/teknologiateollisuus.fi\/digipooli\/wp-content\/uploads\/sites\/12\/2024\/08\/kuvat-tieto22-yleiskuva-6-kuva-digipooli-meeri-utti-768x512.jpg 768w, https:\/\/teknologiateollisuus.fi\/digipooli\/wp-content\/uploads\/sites\/12\/2024\/08\/kuvat-tieto22-yleiskuva-6-kuva-digipooli-meeri-utti-1536x1024.jpg 1536w, https:\/\/teknologiateollisuus.fi\/digipooli\/wp-content\/uploads\/sites\/12\/2024\/08\/kuvat-tieto22-yleiskuva-6-kuva-digipooli-meeri-utti-2048x1365.jpg 2048w, https:\/\/teknologiateollisuus.fi\/digipooli\/wp-content\/uploads\/sites\/12\/2024\/08\/kuvat-tieto22-yleiskuva-6-kuva-digipooli-meeri-utti-1300x867.jpg 1300w, https:\/\/teknologiateollisuus.fi\/digipooli\/wp-content\/uploads\/sites\/12\/2024\/08\/kuvat-tieto22-yleiskuva-6-kuva-digipooli-meeri-utti-1440x960.jpg 1440w\" sizes=\"auto, (max-width: 968px) 100vw, 968px\" \/><figcaption class=\"wp-element-caption\">Tunnelmia TIETO22 harjoituksen intensiivivaiheesta<\/figcaption><\/figure>\n\n\n\n<p>Jakso 3 sis\u00e4lt\u00e4\u00e4 ns. Intensiivivaiheen, miss\u00e4 3 p\u00e4iv\u00e4n ajan pelataan aitoa kaksipuoleista roolipeli\u00e4, jossa yritysten kriisitiimit toimivat ja tekev\u00e4t p\u00e4\u00e4t\u00f6ksi\u00e4 muodostamansa tilannetiedon perusteella. Tiimej\u00e4 harjoitutetaan monipuoliseen tiedonjakoon sen eri muodoissaan &#8211; alihankkijoista asiakkaisiin ja aina julkisuuteen asti. Oikealla tilannekuvalla voidaan tehd\u00e4 p\u00e4\u00e4t\u00f6ksi\u00e4, joilla selvit\u00e4\u00e4n kriisist\u00e4<\/p>\n\n\n\n<ul class=\"wp-block-list\">\n<li>Jakson 1&nbsp;<strong>Koulutustilaisuus&nbsp;<\/strong>maaliskuussa<\/li>\n\n\n\n<li>Jakson 2&nbsp;<strong>Koulutusp\u00e4iv\u00e4&nbsp;<\/strong>toukokuussa<\/li>\n\n\n\n<li>Jakson 3 Intensiivivaiheen&nbsp;<strong>Perehdytysp\u00e4iv\u00e4<\/strong>&nbsp;syyskuussa<\/li>\n\n\n\n<li>Jakson 3&nbsp;<strong>Intensiivivaihe\/Peli&nbsp;<\/strong>lokakuussa<\/li>\n\n\n\n<li>Jakson 4&nbsp;<strong>Purkup\u00e4iv\u00e4&nbsp;<\/strong>marraskuussa<\/li>\n\n\n\n<li>Jakson 4&nbsp;<strong>Seurantaseminaari&nbsp;<\/strong>noin vuosi intensiivivaiheen j\u00e4lkeen lokakuussa 2025<\/li>\n<\/ul>\n\n\n\n<p><strong>Mit\u00e4 osallistujat saavat osallistumalla harjoitukseen:<\/strong><\/p>\n\n\n\n<ul class=\"wp-block-list\">\n<li>Osallistuvat organisaatiot saavat arvokasta hy\u00f6ty\u00e4 liiketoiminnan jatkamiseksi h\u00e4iri\u00f6tilanteista huolimatta.<\/li>\n\n\n\n<li>Harjoitus tarjoaa ilmaista koulutusta organisaatioiden henkil\u00f6st\u00f6lle &#8211; osaamista jolla on merkityst\u00e4!<\/li>\n\n\n\n<li>Huoltovarmuus taataan osin verkoston tuntemuksella ja sik\u00e4li harjoituksen tarjoamat verkostoitumisen paikatkin tuovat merkitt\u00e4v\u00e4\u00e4 hy\u00f6ty\u00e4 h\u00e4iri\u00f6tilanteissa toimimiselle.<\/li>\n<\/ul>\n\n\n\n<p>Yleisesti harjoitus tarjoaa osallistujille keinoja, tietoa, materiaaleja ja perusteita kehitt\u00e4\u00e4 oman organisaationsa toimintaa. Laaditaan tai p\u00e4ivitet\u00e4\u00e4n varautumiseen liittyvi\u00e4 suunnitelmia ja sopimuksia saatujen oppien ja kokemusten perusteella. Yhdess\u00e4 harjoittelemalla tuotetaan\u00a0yhdenmukaisia ja ketteri\u00e4 toimintamalleja\u00a0ja testataan sek\u00e4 kehitet\u00e4\u00e4n niit\u00e4 k\u00e4yt\u00e4nn\u00f6ss\u00e4<strong>.\u00a0<\/strong>Kehitet\u00e4\u00e4n toimintaa viranomaisten kanssa huomioiden h\u00e4iri\u00f6tilanteiden erityispiirteet ja opitaan hy\u00f6dynt\u00e4m\u00e4\u00e4n verkostoa liiketoiminnan jatkamiseksi.\u00a0Saadaan my\u00f6s osaamista j\u00e4rjest\u00e4\u00e4 omia kyberh\u00e4iri\u00f6tilanneharjoituksia. Ja lopulta saadaan perusteita tehd\u00e4 varautumiseen liittyvi\u00e4 investointeja.\u00a0<\/p>\n\n\n\n<p><strong>TIETO24 harjoituksen osallistujia<\/strong><\/p>\n\n\n\n<p>TIETO-harjoitus on koko Huoltovarmuusorganisaation harjoitus. Erityishuomion kohteena on t\u00e4ll\u00e4 kertaa Energiasektori ja sen tuontiriippuvuudet eli logistiikkasektori, joilla on yhteiskunnassamme keskeinen rooli kun energia-ala k\u00e4y l\u00e4pi liiketoimintamurrosta joka on k\u00e4ynniss\u00e4 uusiutuvien energiamuotojen yleistyess\u00e4 ja jonka toiminnot ovat pitk\u00e4lti digitalisoituneita. Harjoituksen tarinat luodaan n\u00e4ist\u00e4 aiheista ja tuottavat vaikutuksia harjoittelijoille alasta riippumatta.<\/p>\n\n\n\n<p>Harjoituksessa on mukana yrityksi\u00e4 my\u00f6s muilta huoltovarmuuden kannalta kriittisilt\u00e4 toimialoilta, kuten harjoittelevien toimialojen keskeiset tele- ja ICT-palveluntuottajat, vartiointiliikkeet ja media-ala. Lis\u00e4ksi harjoitukseen osallistuvat toimialoista vastaavat sektoriviranomaiset sek\u00e4 Huoltovarmuuskeskus, Traficom Kyberturvallisuuskeskus, Poliisi ja Puolustusvoimat.<\/p>\n\n\n\n<figure class=\"wp-block-image size-large\"><img loading=\"lazy\" decoding=\"async\" width=\"968\" height=\"330\" src=\"https:\/\/digipooli.teknologiateollisuus.fi\/wp-content\/uploads\/sites\/12\/2024\/08\/TIETO24Aikataulu-968x330.jpg\" alt=\"\" class=\"wp-image-244\" srcset=\"https:\/\/teknologiateollisuus.fi\/digipooli\/wp-content\/uploads\/sites\/12\/2024\/08\/TIETO24Aikataulu-968x330.jpg 968w, https:\/\/teknologiateollisuus.fi\/digipooli\/wp-content\/uploads\/sites\/12\/2024\/08\/TIETO24Aikataulu-400x136.jpg 400w, https:\/\/teknologiateollisuus.fi\/digipooli\/wp-content\/uploads\/sites\/12\/2024\/08\/TIETO24Aikataulu-768x262.jpg 768w, https:\/\/teknologiateollisuus.fi\/digipooli\/wp-content\/uploads\/sites\/12\/2024\/08\/TIETO24Aikataulu-1536x524.jpg 1536w, https:\/\/teknologiateollisuus.fi\/digipooli\/wp-content\/uploads\/sites\/12\/2024\/08\/TIETO24Aikataulu-1300x443.jpg 1300w, https:\/\/teknologiateollisuus.fi\/digipooli\/wp-content\/uploads\/sites\/12\/2024\/08\/TIETO24Aikataulu-1440x491.jpg 1440w, https:\/\/teknologiateollisuus.fi\/digipooli\/wp-content\/uploads\/sites\/12\/2024\/08\/TIETO24Aikataulu.jpg 1648w\" sizes=\"auto, (max-width: 968px) 100vw, 968px\" \/><figcaption class=\"wp-element-caption\">TIETO24-Harjoituksen tapahtumat aikajanalla<\/figcaption><\/figure>\n\n\n\n<p><\/p>\n\n\n\n<article class=\"em-block-contact-card is-style-default\">\n\n\t<div class=\"em-block-contact-card__image\">\n\t\t\t\t\t<img loading=\"lazy\" decoding=\"async\" width=\"300\" height=\"400\" src=\"https:\/\/teknologiateollisuus.fi\/digipooli\/wp-content\/uploads\/sites\/12\/2024\/06\/Antti_Nyqvist_9754-300x400.jpg\" class=\"attachment-portrait size-portrait\" alt=\"\" \/>\t\t\t<\/div>\n\t<div class=\"em-block-contact-card__content-wrapper\">\n\t\t<div class=\"em-block-contact-card__content\">\n\t\t\t\t\t\t<h3 class=\"em-block-contact-card__title\"><a target=\"_self\" href=\"https:\/\/teknologiateollisuus.fi\/digipooli\/contacts\/poolisihteeri\/\">Antti Nyqvist<\/a><\/h3>\n\t\t\t\t\t\t\t<span class=\"em-block-contact-card__job_title\">Valmiusp\u00e4\u00e4llikk\u00f6 \/ Digipoolin poolisihteeri<\/span>\n\t\t\t\t\t\t<span class=\"em-block-contact-card__organisation\">Teknologiateollisuus ry \/ HVO Digipooli<\/span>\n\t\t<\/div>\n\t\t<div class=\"em-block-contact-card__content\">\n\t\t\t\t\t\t<address class=\"em-block-contact-card__contact-details\">\n\t\t\t\t<span class=\"em-block-contact-card__phone\">\n\t\t\t\t\t<a href=\"tel:+358408619446\">+358408619446<\/a>\n\t\t\t\t<\/span>\n\t\t\t\t<span class=\"em-block-contact-card__email\">\n\t\t\t\t\t<a href=\"mailto:antti.nyqvist@teknologiateollisuus.fi\">antti.nyqvist@teknologiateollisuus.fi<\/a>\n\t\t\t\t<\/span>\n\t\t\t<\/address>\n\t\t\t<div class='em-block-contact-card__socials'><div class=\"social-media-links\"><ul class=\"social-media-links__list\"><li><a href=\"https:\/\/x.com\/@Nyyrman\" target=\"_blank\" aria-label=\"Find me on twitter\" data-service=\"twitter\"><\/a><\/li><\/ul><\/div><\/div>\t\t<\/div>\n\t<\/div>\n\n<\/article>\n","protected":false},"excerpt":{"rendered":"<p>TIETO24-Harjoitus &#8211; Tietoyhteiskunnan valmiusharjoitus. TIETO on Suomen suurin yritysten ja viranomaisten yhteistoiminta ja tiedonvaihtoharjoitus laajojen hybridi-, kyber-, ja informaatioh\u00e4iri\u00f6iden varalta.Se on my\u00f6s yritysten jatkuvuudenhallintaa, varautumista ja kriisiviestint\u00e4\u00e4 laajoissa h\u00e4iri\u00f6tilanteissa sparraava, useiden toimialojen harjoitus. Yhteiskunnan huoltovarmuuskriittisten toimintojen sek\u00e4 julkisen viestinn\u00e4n toimivuus nojaa palveluista vastaaviin yrityksiin ja niiden tietoj\u00e4rjestelmiin. Laaja-alainen vaikuttaminen, ja siihen liittyv\u00e4t kyberhy\u00f6kk\u00e4ykset, informaatiovaikuttaminen ja [&hellip;]<\/p>\n","protected":false},"author":57,"featured_media":242,"parent":0,"menu_order":0,"comment_status":"closed","ping_status":"closed","template":"","meta":{"_acf_changed":false,"_relevanssi_hide_post":"","_relevanssi_hide_content":"","_relevanssi_pin_for_all":"","_relevanssi_pin_keywords":"","_relevanssi_unpin_keywords":"","_relevanssi_related_keywords":"","_relevanssi_related_include_ids":"","_relevanssi_related_exclude_ids":"","_relevanssi_related_no_append":"","_relevanssi_related_not_related":"","_relevanssi_related_posts":"1","_relevanssi_noindex_reason":"","inline_featured_image":false,"footnotes":""},"class_list":["post-26","page","type-page","status-publish","has-post-thumbnail","hentry"],"acf":[],"yoast_head":"<!-- This site is optimized with the Yoast SEO Premium plugin v27.1 (Yoast SEO v27.3) - https:\/\/yoast.com\/product\/yoast-seo-premium-wordpress\/ -->\n<title>TIETO24 - Digipooli<\/title>\n<meta name=\"robots\" content=\"index, follow, max-snippet:-1, max-image-preview:large, max-video-preview:-1\" \/>\n<link rel=\"canonical\" href=\"https:\/\/teknologiateollisuus.fi\/digipooli\/tieto\/\" \/>\n<meta property=\"og:locale\" content=\"fi_FI\" \/>\n<meta property=\"og:type\" content=\"article\" \/>\n<meta property=\"og:title\" content=\"TIETO24\" \/>\n<meta property=\"og:description\" content=\"TIETO24-Harjoitus &#8211; Tietoyhteiskunnan valmiusharjoitus. TIETO on Suomen suurin yritysten ja viranomaisten yhteistoiminta ja tiedonvaihtoharjoitus laajojen hybridi-, kyber-, ja informaatioh\u00e4iri\u00f6iden varalta.Se on my\u00f6s yritysten jatkuvuudenhallintaa, varautumista ja kriisiviestint\u00e4\u00e4 laajoissa h\u00e4iri\u00f6tilanteissa sparraava, useiden toimialojen harjoitus. Yhteiskunnan huoltovarmuuskriittisten toimintojen sek\u00e4 julkisen viestinn\u00e4n toimivuus nojaa palveluista vastaaviin yrityksiin ja niiden tietoj\u00e4rjestelmiin. Laaja-alainen vaikuttaminen, ja siihen liittyv\u00e4t kyberhy\u00f6kk\u00e4ykset, informaatiovaikuttaminen ja [&hellip;]\" \/>\n<meta property=\"og:url\" content=\"https:\/\/teknologiateollisuus.fi\/digipooli\/tieto\/\" \/>\n<meta property=\"og:site_name\" content=\"Digipooli\" \/>\n<meta property=\"article:modified_time\" content=\"2024-09-19T10:45:41+00:00\" \/>\n<meta property=\"og:image\" content=\"https:\/\/teknologiateollisuus.fi\/digipooli\/wp-content\/uploads\/sites\/12\/2024\/08\/hvk_tieto24_logo_rgb.png\" \/>\n\t<meta property=\"og:image:width\" content=\"1584\" \/>\n\t<meta property=\"og:image:height\" content=\"624\" \/>\n\t<meta property=\"og:image:type\" content=\"image\/png\" \/>\n<meta name=\"twitter:card\" content=\"summary_large_image\" \/>\n<meta name=\"twitter:label1\" content=\"Arvioitu lukuaika\" \/>\n\t<meta name=\"twitter:data1\" content=\"5 minuuttia\" \/>\n<script type=\"application\/ld+json\" class=\"yoast-schema-graph\">{\"@context\":\"https:\\\/\\\/schema.org\",\"@graph\":[{\"@type\":\"WebPage\",\"@id\":\"https:\\\/\\\/teknologiateollisuus.fi\\\/digipooli\\\/tieto\\\/\",\"url\":\"https:\\\/\\\/teknologiateollisuus.fi\\\/digipooli\\\/tieto\\\/\",\"name\":\"TIETO24 - Digipooli\",\"isPartOf\":{\"@id\":\"https:\\\/\\\/teknologiateollisuus.fi\\\/digipooli\\\/#website\"},\"primaryImageOfPage\":{\"@id\":\"https:\\\/\\\/teknologiateollisuus.fi\\\/digipooli\\\/tieto\\\/#primaryimage\"},\"image\":{\"@id\":\"https:\\\/\\\/teknologiateollisuus.fi\\\/digipooli\\\/tieto\\\/#primaryimage\"},\"thumbnailUrl\":\"https:\\\/\\\/teknologiateollisuus.fi\\\/digipooli\\\/wp-content\\\/uploads\\\/sites\\\/12\\\/2024\\\/08\\\/hvk_tieto24_logo_rgb.png\",\"datePublished\":\"2024-06-04T13:22:04+00:00\",\"dateModified\":\"2024-09-19T10:45:41+00:00\",\"breadcrumb\":{\"@id\":\"https:\\\/\\\/teknologiateollisuus.fi\\\/digipooli\\\/tieto\\\/#breadcrumb\"},\"inLanguage\":\"fi\",\"potentialAction\":[{\"@type\":\"ReadAction\",\"target\":[\"https:\\\/\\\/teknologiateollisuus.fi\\\/digipooli\\\/tieto\\\/\"]}]},{\"@type\":\"ImageObject\",\"inLanguage\":\"fi\",\"@id\":\"https:\\\/\\\/teknologiateollisuus.fi\\\/digipooli\\\/tieto\\\/#primaryimage\",\"url\":\"https:\\\/\\\/teknologiateollisuus.fi\\\/digipooli\\\/wp-content\\\/uploads\\\/sites\\\/12\\\/2024\\\/08\\\/hvk_tieto24_logo_rgb.png\",\"contentUrl\":\"https:\\\/\\\/teknologiateollisuus.fi\\\/digipooli\\\/wp-content\\\/uploads\\\/sites\\\/12\\\/2024\\\/08\\\/hvk_tieto24_logo_rgb.png\",\"width\":1584,\"height\":624},{\"@type\":\"BreadcrumbList\",\"@id\":\"https:\\\/\\\/teknologiateollisuus.fi\\\/digipooli\\\/tieto\\\/#breadcrumb\",\"itemListElement\":[{\"@type\":\"ListItem\",\"position\":1,\"name\":\"Etusivu\",\"item\":\"https:\\\/\\\/teknologiateollisuus.fi\\\/digipooli\\\/\"},{\"@type\":\"ListItem\",\"position\":2,\"name\":\"TIETO24\"}]},{\"@type\":\"WebSite\",\"@id\":\"https:\\\/\\\/teknologiateollisuus.fi\\\/digipooli\\\/#website\",\"url\":\"https:\\\/\\\/teknologiateollisuus.fi\\\/digipooli\\\/\",\"name\":\"Digipooli\",\"description\":\"\",\"potentialAction\":[{\"@type\":\"SearchAction\",\"target\":{\"@type\":\"EntryPoint\",\"urlTemplate\":\"https:\\\/\\\/teknologiateollisuus.fi\\\/digipooli\\\/?s={search_term_string}\"},\"query-input\":{\"@type\":\"PropertyValueSpecification\",\"valueRequired\":true,\"valueName\":\"search_term_string\"}}],\"inLanguage\":\"fi\"}]}<\/script>\n<!-- \/ Yoast SEO Premium plugin. -->","yoast_head_json":{"title":"TIETO24 - Digipooli","robots":{"index":"index","follow":"follow","max-snippet":"max-snippet:-1","max-image-preview":"max-image-preview:large","max-video-preview":"max-video-preview:-1"},"canonical":"https:\/\/teknologiateollisuus.fi\/digipooli\/tieto\/","og_locale":"fi_FI","og_type":"article","og_title":"TIETO24","og_description":"TIETO24-Harjoitus &#8211; Tietoyhteiskunnan valmiusharjoitus. TIETO on Suomen suurin yritysten ja viranomaisten yhteistoiminta ja tiedonvaihtoharjoitus laajojen hybridi-, kyber-, ja informaatioh\u00e4iri\u00f6iden varalta.Se on my\u00f6s yritysten jatkuvuudenhallintaa, varautumista ja kriisiviestint\u00e4\u00e4 laajoissa h\u00e4iri\u00f6tilanteissa sparraava, useiden toimialojen harjoitus. Yhteiskunnan huoltovarmuuskriittisten toimintojen sek\u00e4 julkisen viestinn\u00e4n toimivuus nojaa palveluista vastaaviin yrityksiin ja niiden tietoj\u00e4rjestelmiin. Laaja-alainen vaikuttaminen, ja siihen liittyv\u00e4t kyberhy\u00f6kk\u00e4ykset, informaatiovaikuttaminen ja [&hellip;]","og_url":"https:\/\/teknologiateollisuus.fi\/digipooli\/tieto\/","og_site_name":"Digipooli","article_modified_time":"2024-09-19T10:45:41+00:00","og_image":[{"width":1584,"height":624,"url":"https:\/\/teknologiateollisuus.fi\/digipooli\/wp-content\/uploads\/sites\/12\/2024\/08\/hvk_tieto24_logo_rgb.png","type":"image\/png"}],"twitter_card":"summary_large_image","twitter_misc":{"Arvioitu lukuaika":"5 minuuttia"},"schema":{"@context":"https:\/\/schema.org","@graph":[{"@type":"WebPage","@id":"https:\/\/teknologiateollisuus.fi\/digipooli\/tieto\/","url":"https:\/\/teknologiateollisuus.fi\/digipooli\/tieto\/","name":"TIETO24 - Digipooli","isPartOf":{"@id":"https:\/\/teknologiateollisuus.fi\/digipooli\/#website"},"primaryImageOfPage":{"@id":"https:\/\/teknologiateollisuus.fi\/digipooli\/tieto\/#primaryimage"},"image":{"@id":"https:\/\/teknologiateollisuus.fi\/digipooli\/tieto\/#primaryimage"},"thumbnailUrl":"https:\/\/teknologiateollisuus.fi\/digipooli\/wp-content\/uploads\/sites\/12\/2024\/08\/hvk_tieto24_logo_rgb.png","datePublished":"2024-06-04T13:22:04+00:00","dateModified":"2024-09-19T10:45:41+00:00","breadcrumb":{"@id":"https:\/\/teknologiateollisuus.fi\/digipooli\/tieto\/#breadcrumb"},"inLanguage":"fi","potentialAction":[{"@type":"ReadAction","target":["https:\/\/teknologiateollisuus.fi\/digipooli\/tieto\/"]}]},{"@type":"ImageObject","inLanguage":"fi","@id":"https:\/\/teknologiateollisuus.fi\/digipooli\/tieto\/#primaryimage","url":"https:\/\/teknologiateollisuus.fi\/digipooli\/wp-content\/uploads\/sites\/12\/2024\/08\/hvk_tieto24_logo_rgb.png","contentUrl":"https:\/\/teknologiateollisuus.fi\/digipooli\/wp-content\/uploads\/sites\/12\/2024\/08\/hvk_tieto24_logo_rgb.png","width":1584,"height":624},{"@type":"BreadcrumbList","@id":"https:\/\/teknologiateollisuus.fi\/digipooli\/tieto\/#breadcrumb","itemListElement":[{"@type":"ListItem","position":1,"name":"Etusivu","item":"https:\/\/teknologiateollisuus.fi\/digipooli\/"},{"@type":"ListItem","position":2,"name":"TIETO24"}]},{"@type":"WebSite","@id":"https:\/\/teknologiateollisuus.fi\/digipooli\/#website","url":"https:\/\/teknologiateollisuus.fi\/digipooli\/","name":"Digipooli","description":"","potentialAction":[{"@type":"SearchAction","target":{"@type":"EntryPoint","urlTemplate":"https:\/\/teknologiateollisuus.fi\/digipooli\/?s={search_term_string}"},"query-input":{"@type":"PropertyValueSpecification","valueRequired":true,"valueName":"search_term_string"}}],"inLanguage":"fi"}]}},"lang":"fi","translations":{"fi":26},"pll_sync_post":[],"_links":{"self":[{"href":"https:\/\/teknologiateollisuus.fi\/digipooli\/wp-json\/wp\/v2\/pages\/26","targetHints":{"allow":["GET"]}}],"collection":[{"href":"https:\/\/teknologiateollisuus.fi\/digipooli\/wp-json\/wp\/v2\/pages"}],"about":[{"href":"https:\/\/teknologiateollisuus.fi\/digipooli\/wp-json\/wp\/v2\/types\/page"}],"author":[{"embeddable":true,"href":"https:\/\/teknologiateollisuus.fi\/digipooli\/wp-json\/wp\/v2\/users\/57"}],"replies":[{"embeddable":true,"href":"https:\/\/teknologiateollisuus.fi\/digipooli\/wp-json\/wp\/v2\/comments?post=26"}],"version-history":[{"count":10,"href":"https:\/\/teknologiateollisuus.fi\/digipooli\/wp-json\/wp\/v2\/pages\/26\/revisions"}],"predecessor-version":[{"id":245,"href":"https:\/\/teknologiateollisuus.fi\/digipooli\/wp-json\/wp\/v2\/pages\/26\/revisions\/245"}],"wp:featuredmedia":[{"embeddable":true,"href":"https:\/\/teknologiateollisuus.fi\/digipooli\/wp-json\/wp\/v2\/media\/242"}],"wp:attachment":[{"href":"https:\/\/teknologiateollisuus.fi\/digipooli\/wp-json\/wp\/v2\/media?parent=26"}],"curies":[{"name":"wp","href":"https:\/\/api.w.org\/{rel}","templated":true}]}}