{"id":347,"date":"2024-10-07T10:48:08","date_gmt":"2024-10-07T07:48:08","guid":{"rendered":"https:\/\/teknologiateollisuus.fi\/digipooli\/?page_id=347"},"modified":"2024-12-23T12:55:32","modified_gmt":"2024-12-23T10:55:32","slug":"tieto24-mediakooste","status":"publish","type":"page","link":"https:\/\/teknologiateollisuus.fi\/digipooli\/tieto\/tieto24-mediakooste\/","title":{"rendered":"TIETO24 Mediakooste"},"content":{"rendered":"\n<div class=\"em-block-hero hero-has-background-color has-background has-violet-background-color collapse media-position-right \">\n\t<div class=\"em-block-hero__container\">\n\t\t<div class=\"em-block-hero__content\">\n\t\t\t<div class=\"yoast-breadcrumbs\"><span><span><a href=\"https:\/\/teknologiateollisuus.fi\/digipooli\/\">Etusivu<\/a><\/span> <span class=\"separator\"><\/span> <span><a href=\"https:\/\/teknologiateollisuus.fi\/digipooli\/tieto\/\">TIETO24<\/a><\/span> <span class=\"separator\"><\/span> <span class=\"breadcrumb_last\" aria-current=\"page\">TIETO24 Mediakooste<\/span><\/span><\/div>\t\t\t\n<h1 class=\"wp-block-heading\" id=\"tieto24-mediakooste\">TIETO24 Mediakooste<\/h1>\n\n<p><\/p>\n\t\t\t<div class=\"em-block-hero__modified-date\"> P\u00e4ivitetty 23.12.2024 klo 12:55<\/div>\t\t<\/div>\n\t\t\t\t\t<figure class=\"em-block-hero__image\">\n\t\t\t\t\t\t\t<\/figure>\n\t\t\t<\/div>\n<\/div>\n\n\n\n<p>T\u00e4lle sivulle nostetaan #TIETO24 harjoituksesta tehtyj\u00e4 julkaisuita.<\/p>\n\n\n\n<p>Sosiaalisessa mediassa (x.com ja LinkedIn) l\u00f6yd\u00e4t TIETO harjoitukseen liittyv\u00e4t julkaisut #TIETO24 tunnisteella.<\/p>\n\n\n\n<p><\/p>\n\n\n\n<p>Yhteisty\u00f6kumppaneiden julkaisuita<\/p>\n\n\n\n<ul class=\"wp-block-list\">\n<li><a href=\"https:\/\/www.linkedin.com\/pulse\/tieto24-harjoitus-digiturvallista-suomea-rakentamassa-haukkovaara-zepnf\/?trk=public_post_main-feed-card_feed-article-content\">https:\/\/www.linkedin.com\/pulse\/tieto24-harjoitus-digiturvallista-suomea-rakentamassa-haukkovaara-zepnf\/?trk=public_post_main-feed-card_feed-article-content<\/a><\/li>\n\n\n\n<li><a href=\"https:\/\/www.kyberturvallisuuskeskus.fi\/fi\/ajankohtaista\/harjoittelu-ja-varautuminen-ovat-osa-yritysten-vastuullisuutta\">https:\/\/www.kyberturvallisuuskeskus.fi\/fi\/ajankohtaista\/harjoittelu-ja-varautuminen-ovat-osa-yritysten-vastuullisuutta<\/a><\/li>\n\n\n\n<li><a href=\"https:\/\/www.huoltovarmuuskeskus.fi\/a\/tieto24-harjoitus-kehittaa-yhteiskunnan-varautumista-hybridiuhkiin\">https:\/\/www.huoltovarmuuskeskus.fi\/a\/tieto24-harjoitus-kehittaa-yhteiskunnan-varautumista-hybridiuhkiin<\/a><\/li>\n\n\n\n<li><a href=\"https:\/\/www.huoltovarmuuskeskus.fi\/en\/a\/tieto24-exercise-develops-societys-preparedness-for-hybrid-threats\">https:\/\/www.huoltovarmuuskeskus.fi\/en\/a\/tieto24-exercise-develops-societys-preparedness-for-hybrid-threats<\/a><\/li>\n\n\n\n<li><a href=\"https:\/\/www.huoltovarmuuskeskus.fi\/sv\/a\/ovningen-tieto24-utvecklar-samhallets-beredskap-for-hybridhot\">https:\/\/www.huoltovarmuuskeskus.fi\/sv\/a\/ovningen-tieto24-utvecklar-samhallets-beredskap-for-hybridhot<\/a><\/li>\n\n\n\n<li><a href=\"https:\/\/www.sttinfo.fi\/tiedote\/70122709\/tieto24-harjoitus-kehittaa-yhteiskunnan-varautumista-hybridiuhkiin?publisherId=3345&amp;lang=fi\">https:\/\/www.sttinfo.fi\/tiedote\/70122709\/tieto24-harjoitus-kehittaa-yhteiskunnan-varautumista-hybridiuhkiin?publisherId=3345&amp;lang=fi<\/a><\/li>\n\n\n\n<li><a href=\"https:\/\/www.sttinfo.fi\/tiedote\/70529291\/tervetuloa-kuulemaan-tieto24-harjoituksesta?lang=fi\">https:\/\/www.sttinfo.fi\/tiedote\/70529291\/tervetuloa-kuulemaan-tieto24-harjoituksesta?lang=fi<\/a><\/li>\n\n\n\n<li><a href=\"https:\/\/poliisi.fi\/blogi\/-\/blogs\/kyberrikosten-torjunta-on-yhteistyota-jossa-kaikilla-on-roolinsa\">Kyberrikosten torjunta on yhteisty\u00f6t\u00e4, jossa kaikilla on roolinsa &#8211; Poliisi<\/a><\/li>\n\n\n\n<li><a href=\"https:\/\/www.energiauutiset.fi\/kategoriat\/tuotanto\/harjoittelu-on-tarkeampaa-kuin-koskaan-tieto24-ja-energia-alan-huoltovarmuus.html\">https:\/\/www.energiauutiset.fi\/kategoriat\/tuotanto\/harjoittelu-on-tarkeampaa-kuin-koskaan-tieto24-ja-energia-alan-huoltovarmuus.html<\/a><\/li>\n\n\n\n<li><a href=\"https:\/\/ficom.fi\/ajankohtaista\/uutiset\/tieto-harjoitukset-ovat-yhteistoiminnan-aatelia\/\">https:\/\/ficom.fi\/ajankohtaista\/uutiset\/tieto-harjoitukset-ovat-yhteistoiminnan-aatelia\/<\/a><\/li>\n\n\n\n<li><a href=\"https:\/\/ficom.fi\/news\/tieto24-exercise-demonstrates-cooperation-at-its-finest\">https:\/\/ficom.fi\/news\/tieto24-exercise-demonstrates-cooperation-at-its-finest<\/a>\/<\/li>\n\n\n\n<li><a href=\"https:\/\/rt.fi\/tiedotteet-ja-uutiset\/2024\/09\/rakentajat-harjoittelevat-tietoyhteiskunnan-poikkeustilanteita\/\">https:\/\/rt.fi\/tiedotteet-ja-uutiset\/2024\/09\/rakentajat-harjoittelevat-tietoyhteiskunnan-poikkeustilanteita\/<\/a><\/li>\n\n\n\n<li><a href=\"https:\/\/www.finanssiala.fi\/uutiset\/finanssiala-mukana-hybridiuhkien-torjunnan-harjoittelemisessa\/\">https:\/\/www.finanssiala.fi\/uutiset\/finanssiala-mukana-hybridiuhkien-torjunnan-harjoittelemisessa\/<\/a><\/li>\n\n\n\n<li><a href=\"https:\/\/teknologiateollisuus.fi\/digipooli\/puolustusvoimat-tieto24-harjoituksessa\/\">https:\/\/teknologiateollisuus.fi\/digipooli\/puolustusvoimat-tieto24-harjoituksessa\/<\/a><\/li>\n\n\n\n<li><a href=\"https:\/\/teknologiateollisuus.fi\/digipooli\/tieto24-harjoitus-muistutti-hyva-tilannekuva-syntyy-toimivalla-tiedonvaihdolla-ja-ehkaisee-kriisin-paisumista\/\">https:\/\/teknologiateollisuus.fi\/digipooli\/tieto24-harjoitus-muistutti-hyva-tilannekuva-syntyy-toimivalla-tiedonvaihdolla-ja-ehkaisee-kriisin-paisumista\/<\/a><\/li>\n\n\n\n<li><a href=\"https:\/\/www.mara.fi\/ajankohtaista\/uutiset\/2024\/ruokapalvelut-mukana-kyberuhkien-tieto24-valmiusharjoituksessa.html\">https:\/\/www.mara.fi\/ajankohtaista\/uutiset\/2024\/ruokapalvelut-mukana-kyberuhkien-tieto24-valmiusharjoituksessa.html<\/a><\/li>\n\n\n\n<li><a href=\"https:\/\/teknologiateollisuus.fi\/digipooli\/laajan-tieto-valmiusharjoituksen-jarjestaminen-on-verkostoitumisen-ja-vapaaehtoistyon-iso-ponnistus\/\">https:\/\/teknologiateollisuus.fi\/digipooli\/laajan-tieto-valmiusharjoituksen-jarjestaminen-on-verkostoitumisen-ja-vapaaehtoistyon-iso-ponnistus\/<\/a><\/li>\n\n\n\n<li><a href=\"https:\/\/www.huoltovarmuuskeskus.fi\/en\/a\/observers-of-the-tieto24-exercise-fighting-cyber-threats-is-about-exchanging-information\">https:\/\/www.huoltovarmuuskeskus.fi\/en\/a\/observers-of-the-tieto24-exercise-fighting-cyber-threats-is-about-exchanging-information<\/a><\/li>\n\n\n\n<li><a href=\"https:\/\/energiavirasto.fi\/-\/energia-ala-on-varautunut-toimimaan-hairiotilanteissa\">https:\/\/energiavirasto.fi\/-\/energia-ala-on-varautunut-toimimaan-hairiotilanteissa<\/a><\/li>\n<\/ul>\n\n\n\n<p>Yritysten julkaisuita:<\/p>\n\n\n\n<ul class=\"wp-block-list\">\n<li><a href=\"https:\/\/www.euroclear.com\/finland\/en\/news-and-insights\/news\/Enhancing-societys-preparedness.html\">https:\/\/www.euroclear.com\/finland\/en\/news-and-insights\/news\/Enhancing-societys-preparedness.html<\/a><\/li>\n\n\n\n<li><a href=\"https:\/\/www.tietoevry.com\/fi\/blogi\/2024\/05\/tieto24-harjoituttaa-tehokkaaseen-kriisiviestintaan\/\">https:\/\/www.tietoevry.com\/fi\/blogi\/2024\/05\/tieto24-harjoituttaa-tehokkaaseen-kriisiviestintaan\/<\/a><\/li>\n\n\n\n<li>Lujatalo facebookissa: <a href=\"https:\/\/m.facebook.com\/story.php?story_fbid=pfbid02w4m1aZ73mefaaUQZ5YoaZJJEsztAuMBjwbY9axeZBfZ34akvFGJMRpvrqkrAtQZPl&amp;id=100063483283178\">https:\/\/m.facebook.com\/story.php?story_fbid=pfbid02w4m1aZ73mefaaUQZ5YoaZJJEsztAuMBjwbY9axeZBfZ34akvFGJMRpvrqkrAtQZPl&amp;id=100063483283178<\/a><\/li>\n\n\n\n<li><a href=\"https:\/\/www.cgi.com\/fi\/fi\/blogi\/varautuminen-kaikkien-asia-tieto24-harjoituttaa-viranomaisten-ja-elinkeinoelaman-yhteistoimintaa\">https:\/\/www.cgi.com\/fi\/fi\/blogi\/varautuminen-kaikkien-asia-tieto24-harjoituttaa-viranomaisten-ja-elinkeinoelaman-yhteistoimintaa<\/a><\/li>\n\n\n\n<li><a href=\"https:\/\/yrityksille.elisa.fi\/ideat\/mehilaisella-kyberturvan-kehittaminen-on-toiminnan-ytimessa\/\">https:\/\/yrityksille.elisa.fi\/ideat\/mehilaisella-kyberturvan-kehittaminen-on-toiminnan-ytimessa\/<\/a><\/li>\n\n\n\n<li><a href=\"https:\/\/www.etasku.fi\/blogi\/etaskun-tietoturva-ja-toimintavarmuus-vahvistuu-osallistumme-tieto24-kyberturvaharjoitukseen\/\">https:\/\/www.etasku.fi\/blogi\/etaskun-tietoturva-ja-toimintavarmuus-vahvistuu-osallistumme-tieto24-kyberturvaharjoitukseen\/<\/a><\/li>\n\n\n\n<li><a href=\"https:\/\/procountor.fi\/ajankohtaista\/tieto24\/\">https:\/\/procountor.fi\/ajankohtaista\/tieto24\/<\/a><\/li>\n\n\n\n<li><a href=\"https:\/\/aidon.com\/fi\/tieto24-harjoitus-korosti-varautumisen-ja-yhteistoiminnan-merkitysta-laajassa-hairiotilanteessa\/\">https:\/\/aidon.com\/fi\/tieto24-harjoitus-korosti-varautumisen-ja-yhteistoiminnan-merkitysta-laajassa-hairiotilanteessa\/<\/a><\/li>\n\n\n\n<li><a href=\"https:\/\/aidon.com\/tieto24-exercise-highlighted-the-importance-of-preparedness-and-cooperation-in-a-large-scale-disruption\/\">https:\/\/aidon.com\/tieto24-exercise-highlighted-the-importance-of-preparedness-and-cooperation-in-a-large-scale-disruption\/<\/a><\/li>\n\n\n\n<li><a href=\"https:\/\/apix.fi\/ajankohtaista\/osallistumme-tieto24-kyberturvaharjoitukseen\/\">https:\/\/apix.fi\/ajankohtaista\/osallistumme-tieto24-kyberturvaharjoitukseen\/<\/a><\/li>\n\n\n\n<li><a href=\"https:\/\/www.sitowise.com\/fi\/uutiset\/sitowise-osallistuu-tieto24-valmiusharjoitukseen\">https:\/\/www.sitowise.com\/fi\/uutiset\/sitowise-osallistuu-tieto24-valmiusharjoitukseen<\/a><\/li>\n\n\n\n<li><a href=\"https:\/\/www.isolta.fi\/osallistumme-tieto24-kyberturvaharjoitukseen\/\">https:\/\/www.isolta.fi\/osallistumme-tieto24-kyberturvaharjoitukseen\/<\/a><\/li>\n\n\n\n<li><a href=\"https:\/\/www.insta.fi\/fi\/kyberturvallisuus\/ajankohtaista\/uutiset\/insta-vahvistamassa-kriittista-infrastruktuuria-suomen-suurimmassa-tieto24-harjoituksessa\/\">https:\/\/www.insta.fi\/fi\/kyberturvallisuus\/ajankohtaista\/uutiset\/insta-vahvistamassa-kriittista-infrastruktuuria-suomen-suurimmassa-tieto24-harjoituksessa\/<\/a><\/li>\n\n\n\n<li><a href=\"https:\/\/fi.kuehne-nagel.com\/fi\/-\/news\/kuehne-nagel-finland-took-part-in-tieto24-exercise\">https:\/\/fi.kuehne-nagel.com\/fi\/-\/news\/kuehne-nagel-finland-took-part-in-tieto24-exercise<\/a><\/li>\n\n\n\n<li><a href=\"https:\/\/mepco.fi\/uutinen\/mepco-totalin-tietoturva-ja-toimintavarmuus-vahvistuu-osallistumme-tieto24-kyberturvaharjoitukseen\/\">https:\/\/mepco.fi\/uutinen\/mepco-totalin-tietoturva-ja-toimintavarmuus-vahvistuu-osallistumme-tieto24-kyberturvaharjoitukseen\/<\/a><\/li>\n\n\n\n<li><a href=\"https:\/\/www.ecom.fi\/ajankohtaista\/ecomin-tietoturva-ja-toimintavarmuus-vahvistuu\/\">https:\/\/www.ecom.fi\/ajankohtaista\/ecomin-tietoturva-ja-toimintavarmuus-vahvistuu\/<\/a><\/li>\n\n\n\n<li><a href=\"https:\/\/www.fintraffic.fi\/fi\/uutiset\/fintraffic-harjoitteli-kriisinkestavyytta-170-organisaation-kanssa-tieto24-harjoituksessa\">https:\/\/www.fintraffic.fi\/fi\/uutiset\/fintraffic-harjoitteli-kriisinkestavyytta-170-organisaation-kanssa-tieto24-harjoituksessa<\/a><\/li>\n<\/ul>\n\n\n\n<p>Median nostoja:<\/p>\n\n\n\n<ul class=\"wp-block-list\">\n<li><a href=\"https:\/\/www.is.fi\/digitoday\/tietoturva\/art-2000010297379.html\">https:\/\/www.is.fi\/digitoday\/tietoturva\/art-2000010297379.html<\/a> Suomessa alkaa iso valmius\u00adharjoitus hybridi\u00aduhkien varalta<\/li>\n\n\n\n<li><a href=\"https:\/\/www.is.fi\/digitoday\/art-2000010450081.html\">https:\/\/www.is.fi\/digitoday\/art-2000010450081.html<\/a> \u201dPuhe on koventunut\u201d \u2013 suomalais\u00adyritykset valmistautuvat nyt pahimpaan<\/li>\n\n\n\n<li><a href=\"https:\/\/www.bak.fi\/linja-lehti\/viimeisin-numero\/\">https:\/\/www.bak.fi\/linja-lehti\/viimeisin-numero\/<\/a> &#8211; Linja-lehti 2\/2024 Tieto harjoitus s. 45<\/li>\n\n\n\n<li><a href=\"https:\/\/ruotuvaki.fi\/-\/rakennetaan-iskunkestavaa-suomea\">https:\/\/ruotuvaki.fi\/-\/rakennetaan-iskunkestavaa-suomea<\/a><\/li>\n\n\n\n<li><a href=\"https:\/\/reservinsanomat.fi\/tieto24-harjoitus\/\">https:\/\/reservinsanomat.fi\/tieto24-harjoitus\/<\/a><\/li>\n\n\n\n<li><a href=\"https:\/\/www.aamulehti.fi\/paakirjoitukset\/art-2000010695141.html\">https:\/\/www.aamulehti.fi\/paakirjoitukset\/art-2000010695141.html<\/a> El\u00e4mme historian k\u00e4\u00e4nne\u00adkohdassa, jossa kyber\u00adturvallisuuden merkitys kasvaa kasvamistaan<\/li>\n\n\n\n<li><a href=\"https:\/\/yle.fi\/a\/74-20117144\">https:\/\/yle.fi\/a\/74-20117144<\/a> Suuri \u201droolipeli\u201d kokoaa yhteen harjoitukseen viranomaiset ja yritysel\u00e4m\u00e4n<\/li>\n\n\n\n<li><a href=\"https:\/\/yle.fi\/aihe\/a\/20-10007091\">https:\/\/yle.fi\/aihe\/a\/20-10007091<\/a> Yle harjoitteli yhdess\u00e4 SVT:n kanssa valmiuttaan toimia kriisiss\u00e4<\/li>\n\n\n\n<li><a href=\"https:\/\/www.tivi.fi\/uutiset\/1970-luvulta-asti-jarjestetty-harjoitus-kaynnistyi-sabotaasi-ei-eroa-teknisesta-viasta\/789e0ed5-ad4e-4756-874e-72c750f5964c\">https:\/\/www.tivi.fi\/uutiset\/1970-luvulta-asti-jarjestetty-harjoitus-kaynnistyi-sabotaasi-ei-eroa-teknisesta-viasta\/789e0ed5-ad4e-4756-874e-72c750f5964c<\/a><\/li>\n\n\n\n<li><a href=\"https:\/\/www.tivi.fi\/kumppanisisallot\/elisa\/mehilainen-ja-elisa-varmistavat-yhdessa-terveydenhuollon-kyberturvan\/\">https:\/\/www.tivi.fi\/kumppanisisallot\/elisa\/mehilainen-ja-elisa-varmistavat-yhdessa-terveydenhuollon-kyberturvan\/<\/a><\/li>\n\n\n\n<li><a href=\"https:\/\/insinoori-lehti.fi\/artikkelit\/suomi-varautuu-kyberiskuihin-pelin-avulla\/\">https:\/\/insinoori-lehti.fi\/artikkelit\/suomi-varautuu-kyberiskuihin-pelin-avulla\/<\/a><\/li>\n\n\n\n<li><a href=\"https:\/\/www.varmuudenvuoksi.fi\/artikkeli\/tieto24-harjoitus-edistaa-yhteiskunnallista-kriisinkestavyytta\">https:\/\/www.varmuudenvuoksi.fi\/artikkeli\/tieto24-harjoitus-edistaa-yhteiskunnallista-kriisinkestavyytta<\/a><\/li>\n\n\n\n<li><a href=\"https:\/\/www.varmuudenvuoksi.fi\/artikkeli\/tieto24-huipentui-monitasoiseen-roolipeliin-jossa-tieto-todella-oli-valtaa\">https:\/\/www.varmuudenvuoksi.fi\/artikkeli\/tieto24-huipentui-monitasoiseen-roolipeliin-jossa-tieto-todella-oli-valtaa<\/a><\/li>\n<\/ul>\n\n\n\n<p><\/p>\n","protected":false},"excerpt":{"rendered":"<p>T\u00e4lle sivulle nostetaan #TIETO24 harjoituksesta tehtyj\u00e4 julkaisuita. Sosiaalisessa mediassa (x.com ja LinkedIn) l\u00f6yd\u00e4t TIETO harjoitukseen liittyv\u00e4t julkaisut #TIETO24 tunnisteella. Yhteisty\u00f6kumppaneiden julkaisuita Yritysten julkaisuita: Median nostoja:<\/p>\n","protected":false},"author":57,"featured_media":0,"parent":26,"menu_order":2,"comment_status":"closed","ping_status":"closed","template":"","meta":{"_acf_changed":false,"_relevanssi_hide_post":"","_relevanssi_hide_content":"","_relevanssi_pin_for_all":"","_relevanssi_pin_keywords":"","_relevanssi_unpin_keywords":"","_relevanssi_related_keywords":"","_relevanssi_related_include_ids":"","_relevanssi_related_exclude_ids":"","_relevanssi_related_no_append":"","_relevanssi_related_not_related":"","_relevanssi_related_posts":"56,55,296,307,289,279","_relevanssi_noindex_reason":"","inline_featured_image":false,"footnotes":""},"class_list":["post-347","page","type-page","status-publish","hentry"],"acf":[],"yoast_head":"<!-- This site is optimized with the Yoast SEO Premium plugin v27.1 (Yoast SEO v27.3) - https:\/\/yoast.com\/product\/yoast-seo-premium-wordpress\/ -->\n<title>TIETO24 Mediakooste - Digipooli<\/title>\n<meta name=\"robots\" content=\"index, follow, max-snippet:-1, max-image-preview:large, max-video-preview:-1\" \/>\n<link rel=\"canonical\" href=\"https:\/\/teknologiateollisuus.fi\/digipooli\/tieto\/tieto24-mediakooste\/\" \/>\n<meta property=\"og:locale\" content=\"fi_FI\" \/>\n<meta property=\"og:type\" content=\"article\" \/>\n<meta property=\"og:title\" content=\"TIETO24 Mediakooste\" \/>\n<meta property=\"og:description\" content=\"T\u00e4lle sivulle nostetaan #TIETO24 harjoituksesta tehtyj\u00e4 julkaisuita. Sosiaalisessa mediassa (x.com ja LinkedIn) l\u00f6yd\u00e4t TIETO harjoitukseen liittyv\u00e4t julkaisut #TIETO24 tunnisteella. Yhteisty\u00f6kumppaneiden julkaisuita Yritysten julkaisuita: Median nostoja:\" \/>\n<meta property=\"og:url\" content=\"https:\/\/teknologiateollisuus.fi\/digipooli\/tieto\/tieto24-mediakooste\/\" \/>\n<meta property=\"og:site_name\" content=\"Digipooli\" \/>\n<meta property=\"article:modified_time\" content=\"2024-12-23T10:55:32+00:00\" \/>\n<meta name=\"twitter:card\" content=\"summary_large_image\" \/>\n<meta name=\"twitter:label1\" content=\"Arvioitu lukuaika\" \/>\n\t<meta name=\"twitter:data1\" content=\"1 minuutti\" \/>\n<script type=\"application\/ld+json\" class=\"yoast-schema-graph\">{\"@context\":\"https:\\\/\\\/schema.org\",\"@graph\":[{\"@type\":\"WebPage\",\"@id\":\"https:\\\/\\\/teknologiateollisuus.fi\\\/digipooli\\\/tieto\\\/tieto24-mediakooste\\\/\",\"url\":\"https:\\\/\\\/teknologiateollisuus.fi\\\/digipooli\\\/tieto\\\/tieto24-mediakooste\\\/\",\"name\":\"TIETO24 Mediakooste - Digipooli\",\"isPartOf\":{\"@id\":\"https:\\\/\\\/teknologiateollisuus.fi\\\/digipooli\\\/#website\"},\"datePublished\":\"2024-10-07T07:48:08+00:00\",\"dateModified\":\"2024-12-23T10:55:32+00:00\",\"breadcrumb\":{\"@id\":\"https:\\\/\\\/teknologiateollisuus.fi\\\/digipooli\\\/tieto\\\/tieto24-mediakooste\\\/#breadcrumb\"},\"inLanguage\":\"fi\",\"potentialAction\":[{\"@type\":\"ReadAction\",\"target\":[\"https:\\\/\\\/teknologiateollisuus.fi\\\/digipooli\\\/tieto\\\/tieto24-mediakooste\\\/\"]}]},{\"@type\":\"BreadcrumbList\",\"@id\":\"https:\\\/\\\/teknologiateollisuus.fi\\\/digipooli\\\/tieto\\\/tieto24-mediakooste\\\/#breadcrumb\",\"itemListElement\":[{\"@type\":\"ListItem\",\"position\":1,\"name\":\"Etusivu\",\"item\":\"https:\\\/\\\/teknologiateollisuus.fi\\\/digipooli\\\/\"},{\"@type\":\"ListItem\",\"position\":2,\"name\":\"TIETO24\",\"item\":\"https:\\\/\\\/teknologiateollisuus.fi\\\/digipooli\\\/tieto\\\/\"},{\"@type\":\"ListItem\",\"position\":3,\"name\":\"TIETO24 Mediakooste\"}]},{\"@type\":\"WebSite\",\"@id\":\"https:\\\/\\\/teknologiateollisuus.fi\\\/digipooli\\\/#website\",\"url\":\"https:\\\/\\\/teknologiateollisuus.fi\\\/digipooli\\\/\",\"name\":\"Digipooli\",\"description\":\"\",\"potentialAction\":[{\"@type\":\"SearchAction\",\"target\":{\"@type\":\"EntryPoint\",\"urlTemplate\":\"https:\\\/\\\/teknologiateollisuus.fi\\\/digipooli\\\/?s={search_term_string}\"},\"query-input\":{\"@type\":\"PropertyValueSpecification\",\"valueRequired\":true,\"valueName\":\"search_term_string\"}}],\"inLanguage\":\"fi\"}]}<\/script>\n<!-- \/ Yoast SEO Premium plugin. -->","yoast_head_json":{"title":"TIETO24 Mediakooste - Digipooli","robots":{"index":"index","follow":"follow","max-snippet":"max-snippet:-1","max-image-preview":"max-image-preview:large","max-video-preview":"max-video-preview:-1"},"canonical":"https:\/\/teknologiateollisuus.fi\/digipooli\/tieto\/tieto24-mediakooste\/","og_locale":"fi_FI","og_type":"article","og_title":"TIETO24 Mediakooste","og_description":"T\u00e4lle sivulle nostetaan #TIETO24 harjoituksesta tehtyj\u00e4 julkaisuita. Sosiaalisessa mediassa (x.com ja LinkedIn) l\u00f6yd\u00e4t TIETO harjoitukseen liittyv\u00e4t julkaisut #TIETO24 tunnisteella. Yhteisty\u00f6kumppaneiden julkaisuita Yritysten julkaisuita: Median nostoja:","og_url":"https:\/\/teknologiateollisuus.fi\/digipooli\/tieto\/tieto24-mediakooste\/","og_site_name":"Digipooli","article_modified_time":"2024-12-23T10:55:32+00:00","twitter_card":"summary_large_image","twitter_misc":{"Arvioitu lukuaika":"1 minuutti"},"schema":{"@context":"https:\/\/schema.org","@graph":[{"@type":"WebPage","@id":"https:\/\/teknologiateollisuus.fi\/digipooli\/tieto\/tieto24-mediakooste\/","url":"https:\/\/teknologiateollisuus.fi\/digipooli\/tieto\/tieto24-mediakooste\/","name":"TIETO24 Mediakooste - Digipooli","isPartOf":{"@id":"https:\/\/teknologiateollisuus.fi\/digipooli\/#website"},"datePublished":"2024-10-07T07:48:08+00:00","dateModified":"2024-12-23T10:55:32+00:00","breadcrumb":{"@id":"https:\/\/teknologiateollisuus.fi\/digipooli\/tieto\/tieto24-mediakooste\/#breadcrumb"},"inLanguage":"fi","potentialAction":[{"@type":"ReadAction","target":["https:\/\/teknologiateollisuus.fi\/digipooli\/tieto\/tieto24-mediakooste\/"]}]},{"@type":"BreadcrumbList","@id":"https:\/\/teknologiateollisuus.fi\/digipooli\/tieto\/tieto24-mediakooste\/#breadcrumb","itemListElement":[{"@type":"ListItem","position":1,"name":"Etusivu","item":"https:\/\/teknologiateollisuus.fi\/digipooli\/"},{"@type":"ListItem","position":2,"name":"TIETO24","item":"https:\/\/teknologiateollisuus.fi\/digipooli\/tieto\/"},{"@type":"ListItem","position":3,"name":"TIETO24 Mediakooste"}]},{"@type":"WebSite","@id":"https:\/\/teknologiateollisuus.fi\/digipooli\/#website","url":"https:\/\/teknologiateollisuus.fi\/digipooli\/","name":"Digipooli","description":"","potentialAction":[{"@type":"SearchAction","target":{"@type":"EntryPoint","urlTemplate":"https:\/\/teknologiateollisuus.fi\/digipooli\/?s={search_term_string}"},"query-input":{"@type":"PropertyValueSpecification","valueRequired":true,"valueName":"search_term_string"}}],"inLanguage":"fi"}]}},"lang":"fi","translations":{"fi":347},"pll_sync_post":[],"_links":{"self":[{"href":"https:\/\/teknologiateollisuus.fi\/digipooli\/wp-json\/wp\/v2\/pages\/347","targetHints":{"allow":["GET"]}}],"collection":[{"href":"https:\/\/teknologiateollisuus.fi\/digipooli\/wp-json\/wp\/v2\/pages"}],"about":[{"href":"https:\/\/teknologiateollisuus.fi\/digipooli\/wp-json\/wp\/v2\/types\/page"}],"author":[{"embeddable":true,"href":"https:\/\/teknologiateollisuus.fi\/digipooli\/wp-json\/wp\/v2\/users\/57"}],"replies":[{"embeddable":true,"href":"https:\/\/teknologiateollisuus.fi\/digipooli\/wp-json\/wp\/v2\/comments?post=347"}],"version-history":[{"count":6,"href":"https:\/\/teknologiateollisuus.fi\/digipooli\/wp-json\/wp\/v2\/pages\/347\/revisions"}],"predecessor-version":[{"id":476,"href":"https:\/\/teknologiateollisuus.fi\/digipooli\/wp-json\/wp\/v2\/pages\/347\/revisions\/476"}],"up":[{"embeddable":true,"href":"https:\/\/teknologiateollisuus.fi\/digipooli\/wp-json\/wp\/v2\/pages\/26"}],"wp:attachment":[{"href":"https:\/\/teknologiateollisuus.fi\/digipooli\/wp-json\/wp\/v2\/media?parent=347"}],"curies":[{"name":"wp","href":"https:\/\/api.w.org\/{rel}","templated":true}]}}