{"id":4,"date":"2024-06-04T09:26:49","date_gmt":"2024-06-04T06:26:49","guid":{"rendered":"https:\/\/digipooli.teknologiateollisuus.fi\/?page_id=4"},"modified":"2025-06-23T15:14:31","modified_gmt":"2025-06-23T12:14:31","slug":"etusivu","status":"publish","type":"page","link":"https:\/\/teknologiateollisuus.fi\/digipooli\/","title":{"rendered":"Etusivu"},"content":{"rendered":"\n<div class=\"em-block-hero-slider \">\n\t<div class=\"em-block-hero-slider__slider keen-slider\">\n\t\t\n<div class=\"em-block-hero hero-has-background-color has-background has-turquoise-background-color \">\n\t<div class=\"em-block-hero__container\">\n\t\t<div class=\"em-block-hero__content\">\n\t\t\t\n<h1 class=\"wp-block-heading is-style-default\" id=\"h-mika-digipooli-mista-on-kyse\"><strong>Mik\u00e4 Digipooli &#8211; mist\u00e4 on kyse<\/strong><\/h1>\n\n<p>Digipoolin esittely<\/p>\n\n<div class=\"wp-block-button  icon-right\"><a class=\"wp-block-button__link has-tangerine-background-color has-background wp-element-button\" href=\"https:\/\/teknologiateollisuus.fi\/digipooli\/tietoa-meista\/\">Esittelyyn <\/a><\/div>\n\t\t<\/div>\n\t\t\t\t\t<figure class=\"em-block-hero__image\">\n\t\t\t\t<img loading=\"lazy\" decoding=\"async\" width=\"2560\" height=\"1361\" src=\"https:\/\/teknologiateollisuus.fi\/digipooli\/wp-content\/uploads\/sites\/12\/2025\/03\/hvo_digipooli_logo_pysty_rgb_3.png\" class=\"attachment-hero size-hero\" alt=\"\" \/>\t\t\t<\/figure>\n\t\t\t<\/div>\n\n\t<\/div>\n\n<div class=\"em-block-hero hero-has-background-color has-background has-turquoise-background-color \">\n\t<div class=\"em-block-hero__container\">\n\t\t<div class=\"em-block-hero__content\">\n\t\t\t\n<h1 class=\"wp-block-heading is-style-default\" id=\"h-olennaisia-linkkeja\"><strong>Olennaisia linkkej\u00e4<\/strong><\/h1>\n\n<p><a href=\"https:\/\/teknologiateollisuus.fi\/digipooli\/olennaisia-linkkeja\/\">Tutustu <\/a>digitaalisen turvallisuuden aiheisiin<\/p>\n\t\t<\/div>\n\t\t\t\t\t<figure class=\"em-block-hero__image\">\n\t\t\t\t<img loading=\"lazy\" decoding=\"async\" width=\"1200\" height=\"800\" src=\"https:\/\/teknologiateollisuus.fi\/digipooli\/wp-content\/uploads\/sites\/12\/2024\/08\/digipooli_kuva_11.jpg\" class=\"attachment-hero size-hero\" alt=\"\" \/>\t\t\t<\/figure>\n\t\t\t<\/div>\n\n\t<\/div>\n\n<div class=\"em-block-hero hero-has-background-color has-background has-turquoise-background-color \">\n\t<div class=\"em-block-hero__container\">\n\t\t<div class=\"em-block-hero__content\">\n\t\t\t\n<h1 class=\"wp-block-heading\" id=\"h-katsaus-digipoolin-vuoteen-2024\">Katsaus Digipoolin vuoteen 2024<\/h1>\n\n<p><a href=\"https:\/\/teknologiateollisuus.fi\/digipooli\/219\/\">Lue t\u00e4st\u00e4 lis\u00e4\u00e4 mit\u00e4 Digipoolin toiminnassa tapahtui 2024<\/a><\/p>\n\t\t<\/div>\n\t\t\t\t\t<figure class=\"em-block-hero__image\">\n\t\t\t\t<img loading=\"lazy\" decoding=\"async\" width=\"1587\" height=\"777\" src=\"https:\/\/teknologiateollisuus.fi\/digipooli\/wp-content\/uploads\/sites\/12\/2024\/08\/Digipoolin-toiminta.jpg\" class=\"attachment-hero size-hero\" alt=\"\" \/>\t\t\t<\/figure>\n\t\t\t<\/div>\n\n\t<\/div>\n\t<\/div>\n<\/div>\n\n\n\n\n<div id=\"\" class=\"em-block-latest-posts-grid  has-columns-4\">\n\t\t\t<h2 class=\"em-block-latest-posts-grid__heading\">Ajankohtaiset<\/h2>\n\t\t<div class=\"em-block-latest-posts-grid__card-wide\">\n\t\t\n<article class=\"em-block-post-card is-style-list layout-wide\">\n\t<a class=\"em-block-post-card__link\" href=\"https:\/\/teknologiateollisuus.fi\/digipooli\/lvm-ylijohtajan-puhe-tieto26-jakso-1-tapahtumassa-17-3-2026\/\" target=\"_self\">\n\t\t<div class=\"em-block-post-card__image\"><img loading=\"lazy\" decoding=\"async\" width=\"768\" height=\"576\" src=\"https:\/\/teknologiateollisuus.fi\/digipooli\/wp-content\/uploads\/sites\/12\/2026\/03\/IMG_0044-768x576.jpeg\" class=\"attachment-medium_large size-medium_large\" alt=\"Yleis\u00f6\u00e4 ja OP rantala\" srcset=\"https:\/\/teknologiateollisuus.fi\/digipooli\/wp-content\/uploads\/sites\/12\/2026\/03\/IMG_0044-768x576.jpeg 768w, https:\/\/teknologiateollisuus.fi\/digipooli\/wp-content\/uploads\/sites\/12\/2026\/03\/IMG_0044-400x300.jpeg 400w, https:\/\/teknologiateollisuus.fi\/digipooli\/wp-content\/uploads\/sites\/12\/2026\/03\/IMG_0044-968x726.jpeg 968w, https:\/\/teknologiateollisuus.fi\/digipooli\/wp-content\/uploads\/sites\/12\/2026\/03\/IMG_0044-1536x1152.jpeg 1536w, https:\/\/teknologiateollisuus.fi\/digipooli\/wp-content\/uploads\/sites\/12\/2026\/03\/IMG_0044-2048x1536.jpeg 2048w, https:\/\/teknologiateollisuus.fi\/digipooli\/wp-content\/uploads\/sites\/12\/2026\/03\/IMG_0044-1300x975.jpeg 1300w, https:\/\/teknologiateollisuus.fi\/digipooli\/wp-content\/uploads\/sites\/12\/2026\/03\/IMG_0044-1440x1080.jpeg 1440w\" sizes=\"auto, (max-width: 768px) 100vw, 768px\" \/><\/div>\n\t\t<div class=\"em-block-post-card__content\">\n\t\t\t\t\t\t\t\t\t<h3 class=\"em-block-post-card__title\">LVM:n Ylijohtaja Rantalan puhe TIETO26-harjoituksessa 17.3.2026<\/h3>\n\t\t\t\t\t\t\t<div class=\"em-block-post-card__excerpt\">\n\t\t\t\t\tLVM:n Ylijohtaja Olli-Pekka Rantala piti TIETO26-harjoituksen ensimm\u00e4isess\u00e4 tapahtumassa erinomaisen puheen, joka korosti ajankohtaista uhkaymp\u00e4rist\u00f6\u00e4 sek\u00e4 nivoi TIETO-harjoituksen osaksi kokonaisturvallisuutta. Rantalan puheesta saa hyvin k\u00e4sityksen siit\u00e4, mit\u00e4 harjoituksessa k\u00e4sittelemme. Puheessaan Rantala my\u00f6s kannustaa elinkeinoel\u00e4m\u00e4\u00e4 parantamaan varautumistaan entisest\u00e4\u00e4n.\nLukuaika n. 5-7min\t\t\t\t<\/div>\n\t\t\t\t\t\t<div class=\"em-block-post-card__footer\">\n\t\t\t\t<time class=\"em-block-post-card__date\" datetime=\"2026-03-18\">\n\t\t\t\t\t18.3.2026\t\t\t\t<\/time>\n\t\t\t\t\t\t\t\t\t<div class=\"em-block-post-card__categories\">\n\t\t\t\t\t\t\t\t\t\t\t\t\t<span class=\"em-block-post-card__category\">Yleinen<\/span>\n\t\t\t\t\t\t\t\t\t\t\t<\/div>\n\t\t\t\t\t\t\t<\/div>\n\t\t<\/div>\n\t<\/a>\n<\/article>\n\t<\/div>\n\n\t<div class=\"em-block-latest-posts-grid__cards\">\n\t\t\n<article class=\"em-block-post-card  layout-wide\">\n\t<a class=\"em-block-post-card__link\" href=\"https:\/\/teknologiateollisuus.fi\/digipooli\/kyky-varautua-hairioihin-on-myos-yrityksen-kilpailuetu\/\" target=\"_self\">\n\t\t<div class=\"em-block-post-card__image\"><img loading=\"lazy\" decoding=\"async\" width=\"768\" height=\"512\" src=\"https:\/\/teknologiateollisuus.fi\/digipooli\/wp-content\/uploads\/sites\/12\/2024\/10\/TIETO22-yleiskuva-1-UUSI-HVK-ja-Digipooli-Kuva-Meeri-Utti-768x512.jpg\" class=\"attachment-medium_large size-medium_large\" alt=\"TIETO-harjoituksen Tunnelmia\" srcset=\"https:\/\/teknologiateollisuus.fi\/digipooli\/wp-content\/uploads\/sites\/12\/2024\/10\/TIETO22-yleiskuva-1-UUSI-HVK-ja-Digipooli-Kuva-Meeri-Utti-768x512.jpg 768w, https:\/\/teknologiateollisuus.fi\/digipooli\/wp-content\/uploads\/sites\/12\/2024\/10\/TIETO22-yleiskuva-1-UUSI-HVK-ja-Digipooli-Kuva-Meeri-Utti-400x267.jpg 400w, https:\/\/teknologiateollisuus.fi\/digipooli\/wp-content\/uploads\/sites\/12\/2024\/10\/TIETO22-yleiskuva-1-UUSI-HVK-ja-Digipooli-Kuva-Meeri-Utti-968x645.jpg 968w, https:\/\/teknologiateollisuus.fi\/digipooli\/wp-content\/uploads\/sites\/12\/2024\/10\/TIETO22-yleiskuva-1-UUSI-HVK-ja-Digipooli-Kuva-Meeri-Utti-1536x1024.jpg 1536w, https:\/\/teknologiateollisuus.fi\/digipooli\/wp-content\/uploads\/sites\/12\/2024\/10\/TIETO22-yleiskuva-1-UUSI-HVK-ja-Digipooli-Kuva-Meeri-Utti-2048x1365.jpg 2048w, https:\/\/teknologiateollisuus.fi\/digipooli\/wp-content\/uploads\/sites\/12\/2024\/10\/TIETO22-yleiskuva-1-UUSI-HVK-ja-Digipooli-Kuva-Meeri-Utti-1300x867.jpg 1300w, https:\/\/teknologiateollisuus.fi\/digipooli\/wp-content\/uploads\/sites\/12\/2024\/10\/TIETO22-yleiskuva-1-UUSI-HVK-ja-Digipooli-Kuva-Meeri-Utti-1440x960.jpg 1440w\" sizes=\"auto, (max-width: 768px) 100vw, 768px\" \/><\/div>\n\t\t<div class=\"em-block-post-card__content\">\n\t\t\t\t\t\t\t\t\t<h3 class=\"em-block-post-card__title\">Kyky varautua h\u00e4iri\u00f6ihin on my\u00f6s yrityksen kilpailuetu<\/h3>\n\t\t\t\t\t\t<div class=\"em-block-post-card__footer\">\n\t\t\t\t<time class=\"em-block-post-card__date\" datetime=\"2026-03-13\">\n\t\t\t\t\t13.3.2026\t\t\t\t<\/time>\n\t\t\t\t\t\t\t\t\t<div class=\"em-block-post-card__categories\">\n\t\t\t\t\t\t\t\t\t\t\t\t\t<span class=\"em-block-post-card__category\">Yleinen<\/span>\n\t\t\t\t\t\t\t\t\t\t\t<\/div>\n\t\t\t\t\t\t\t<\/div>\n\t\t<\/div>\n\t<\/a>\n<\/article>\n\n<article class=\"em-block-post-card  layout-wide\">\n\t<a class=\"em-block-post-card__link\" href=\"https:\/\/teknologiateollisuus.fi\/digipooli\/suomalaisyritykset-tunnistavat-pilvipalveluriippuvuuksien-riskit-mutta-varautuminen-on-vasta-aluillaan\/\" target=\"_self\">\n\t\t<div class=\"em-block-post-card__image\"><img loading=\"lazy\" decoding=\"async\" width=\"768\" height=\"512\" src=\"https:\/\/teknologiateollisuus.fi\/digipooli\/wp-content\/uploads\/sites\/12\/2024\/06\/digipooli_kuva_12-768x512.jpg\" class=\"attachment-medium_large size-medium_large\" alt=\"Cloudy skies\" srcset=\"https:\/\/teknologiateollisuus.fi\/digipooli\/wp-content\/uploads\/sites\/12\/2024\/06\/digipooli_kuva_12-768x512.jpg 768w, https:\/\/teknologiateollisuus.fi\/digipooli\/wp-content\/uploads\/sites\/12\/2024\/06\/digipooli_kuva_12-400x267.jpg 400w, https:\/\/teknologiateollisuus.fi\/digipooli\/wp-content\/uploads\/sites\/12\/2024\/06\/digipooli_kuva_12-968x645.jpg 968w, https:\/\/teknologiateollisuus.fi\/digipooli\/wp-content\/uploads\/sites\/12\/2024\/06\/digipooli_kuva_12.jpg 1200w\" sizes=\"auto, (max-width: 768px) 100vw, 768px\" \/><\/div>\n\t\t<div class=\"em-block-post-card__content\">\n\t\t\t\t\t\t\t\t\t<h3 class=\"em-block-post-card__title\">Suomalaisyritykset tunnistavat pilvipalveluriippuvuuksien riskit, mutta varautuminen on vasta aluillaan\u00a0<\/h3>\n\t\t\t\t\t\t<div class=\"em-block-post-card__footer\">\n\t\t\t\t<time class=\"em-block-post-card__date\" datetime=\"2026-02-26\">\n\t\t\t\t\t26.2.2026\t\t\t\t<\/time>\n\t\t\t\t\t\t\t\t\t<div class=\"em-block-post-card__categories\">\n\t\t\t\t\t\t\t\t\t\t\t\t\t<span class=\"em-block-post-card__category\">Yleinen<\/span>\n\t\t\t\t\t\t\t\t\t\t\t<\/div>\n\t\t\t\t\t\t\t<\/div>\n\t\t<\/div>\n\t<\/a>\n<\/article>\n\n<article class=\"em-block-post-card  layout-wide\">\n\t<a class=\"em-block-post-card__link\" href=\"https:\/\/teknologiateollisuus.fi\/digipooli\/pqc-muutos-on-strateginen-askel-ei-vain-tekninen-paivitys\/\" target=\"_self\">\n\t\t<div class=\"em-block-post-card__image\"><img loading=\"lazy\" decoding=\"async\" width=\"768\" height=\"512\" src=\"https:\/\/teknologiateollisuus.fi\/digipooli\/wp-content\/uploads\/sites\/12\/2024\/09\/digipooli_kuva_1-768x512.jpg\" class=\"attachment-medium_large size-medium_large\" alt=\"\" srcset=\"https:\/\/teknologiateollisuus.fi\/digipooli\/wp-content\/uploads\/sites\/12\/2024\/09\/digipooli_kuva_1-768x512.jpg 768w, https:\/\/teknologiateollisuus.fi\/digipooli\/wp-content\/uploads\/sites\/12\/2024\/09\/digipooli_kuva_1-400x267.jpg 400w, https:\/\/teknologiateollisuus.fi\/digipooli\/wp-content\/uploads\/sites\/12\/2024\/09\/digipooli_kuva_1-968x645.jpg 968w, https:\/\/teknologiateollisuus.fi\/digipooli\/wp-content\/uploads\/sites\/12\/2024\/09\/digipooli_kuva_1.jpg 1200w\" sizes=\"auto, (max-width: 768px) 100vw, 768px\" \/><\/div>\n\t\t<div class=\"em-block-post-card__content\">\n\t\t\t\t\t\t\t\t\t<h3 class=\"em-block-post-card__title\">PQC\u2011muutos on strateginen askel \u2013 ei vain tekninen p\u00e4ivitys<\/h3>\n\t\t\t\t\t\t<div class=\"em-block-post-card__footer\">\n\t\t\t\t<time class=\"em-block-post-card__date\" datetime=\"2026-02-04\">\n\t\t\t\t\t4.2.2026\t\t\t\t<\/time>\n\t\t\t\t\t\t\t\t\t<div class=\"em-block-post-card__categories\">\n\t\t\t\t\t\t\t\t\t\t\t\t\t<span class=\"em-block-post-card__category\">Blogi<\/span>\n\t\t\t\t\t\t\t\t\t\t\t<\/div>\n\t\t\t\t\t\t\t<\/div>\n\t\t<\/div>\n\t<\/a>\n<\/article>\n\n<article class=\"em-block-post-card  layout-wide\">\n\t<a class=\"em-block-post-card__link\" href=\"https:\/\/teknologiateollisuus.fi\/digipooli\/kvanttitietoturvalla-kaytannon-varautumista-pqc-siirtymaan\/\" target=\"_self\">\n\t\t<div class=\"em-block-post-card__image\"><img loading=\"lazy\" decoding=\"async\" width=\"768\" height=\"512\" src=\"https:\/\/teknologiateollisuus.fi\/digipooli\/wp-content\/uploads\/sites\/12\/2025\/12\/Kvanttivaara-ja-post-kvanttisuojaukset-768x512.jpg\" class=\"attachment-medium_large size-medium_large\" alt=\"Teko\u00e4lyn n\u00e4kemys kvanttivaarasta ja PQC tarpeista\" srcset=\"https:\/\/teknologiateollisuus.fi\/digipooli\/wp-content\/uploads\/sites\/12\/2025\/12\/Kvanttivaara-ja-post-kvanttisuojaukset-768x512.jpg 768w, https:\/\/teknologiateollisuus.fi\/digipooli\/wp-content\/uploads\/sites\/12\/2025\/12\/Kvanttivaara-ja-post-kvanttisuojaukset-400x267.jpg 400w, https:\/\/teknologiateollisuus.fi\/digipooli\/wp-content\/uploads\/sites\/12\/2025\/12\/Kvanttivaara-ja-post-kvanttisuojaukset-968x645.jpg 968w, https:\/\/teknologiateollisuus.fi\/digipooli\/wp-content\/uploads\/sites\/12\/2025\/12\/Kvanttivaara-ja-post-kvanttisuojaukset-1300x867.jpg 1300w, https:\/\/teknologiateollisuus.fi\/digipooli\/wp-content\/uploads\/sites\/12\/2025\/12\/Kvanttivaara-ja-post-kvanttisuojaukset-1440x960.jpg 1440w, https:\/\/teknologiateollisuus.fi\/digipooli\/wp-content\/uploads\/sites\/12\/2025\/12\/Kvanttivaara-ja-post-kvanttisuojaukset.jpg 1536w\" sizes=\"auto, (max-width: 768px) 100vw, 768px\" \/><\/div>\n\t\t<div class=\"em-block-post-card__content\">\n\t\t\t\t\t\t\t\t\t<h3 class=\"em-block-post-card__title\">Kvanttitietoturvalla k\u00e4yt\u00e4nn\u00f6n varautumista PQC-siirtym\u00e4\u00e4n<\/h3>\n\t\t\t\t\t\t<div class=\"em-block-post-card__footer\">\n\t\t\t\t<time class=\"em-block-post-card__date\" datetime=\"2025-12-17\">\n\t\t\t\t\t17.12.2025\t\t\t\t<\/time>\n\t\t\t\t\t\t\t\t\t<div class=\"em-block-post-card__categories\">\n\t\t\t\t\t\t\t\t\t\t\t\t\t<span class=\"em-block-post-card__category\">Yleinen<\/span>\n\t\t\t\t\t\t\t\t\t\t\t<\/div>\n\t\t\t\t\t\t\t<\/div>\n\t\t<\/div>\n\t<\/a>\n<\/article>\n\t<\/div>\n\t\t\t<div class=\"em-block-latest-posts-grid__button\">\n\t\t\t<a class=\"button\" href=\"https:\/\/digipooli.teknologiateollisuus.fi\/ajankohtaista\/\">Lis\u00e4\u00e4 ajankohtaisia<\/a>\n\t\t<\/div>\n\t<\/div>\n\n\n\n<figure class=\"wp-block-embed is-type-rich is-provider-twitter wp-block-embed-twitter\"><div class=\"wp-block-embed__wrapper\">\n<a class=\"twitter-timeline\" data-width=\"500\" data-height=\"750\" data-dnt=\"true\" href=\"https:\/\/twitter.com\/Digipooli?ref_src=twsrc%5Etfw\">Tweets by Digipooli<\/a><script async src=\"https:\/\/platform.twitter.com\/widgets.js\" charset=\"utf-8\"><\/script>\n<\/div><\/figure>\n","protected":false},"excerpt":{"rendered":"","protected":false},"author":57,"featured_media":0,"parent":0,"menu_order":0,"comment_status":"closed","ping_status":"closed","template":"","meta":{"_acf_changed":false,"_relevanssi_hide_post":"","_relevanssi_hide_content":"","_relevanssi_pin_for_all":"","_relevanssi_pin_keywords":"","_relevanssi_unpin_keywords":"","_relevanssi_related_keywords":"","_relevanssi_related_include_ids":"","_relevanssi_related_exclude_ids":"","_relevanssi_related_no_append":"","_relevanssi_related_not_related":"","_relevanssi_related_posts":"1","_relevanssi_noindex_reason":"","inline_featured_image":false,"footnotes":""},"class_list":["post-4","page","type-page","status-publish","hentry"],"acf":[],"yoast_head":"<!-- This site is optimized with the Yoast SEO Premium plugin v27.1 (Yoast SEO v27.3) - https:\/\/yoast.com\/product\/yoast-seo-premium-wordpress\/ -->\n<title>Etusivu - Digipooli<\/title>\n<meta name=\"robots\" content=\"index, follow, max-snippet:-1, max-image-preview:large, max-video-preview:-1\" \/>\n<link rel=\"canonical\" href=\"https:\/\/teknologiateollisuus.fi\/digipooli\/\" \/>\n<meta property=\"og:locale\" content=\"fi_FI\" \/>\n<meta property=\"og:type\" content=\"article\" \/>\n<meta property=\"og:title\" content=\"Etusivu\" \/>\n<meta property=\"og:url\" content=\"https:\/\/teknologiateollisuus.fi\/digipooli\/\" \/>\n<meta property=\"og:site_name\" content=\"Digipooli\" \/>\n<meta property=\"article:modified_time\" content=\"2025-06-23T12:14:31+00:00\" \/>\n<meta name=\"twitter:card\" content=\"summary_large_image\" \/>\n<meta name=\"twitter:label1\" content=\"Arvioitu lukuaika\" \/>\n\t<meta name=\"twitter:data1\" content=\"1 minuutti\" \/>\n<script type=\"application\/ld+json\" class=\"yoast-schema-graph\">{\"@context\":\"https:\\\/\\\/schema.org\",\"@graph\":[{\"@type\":\"WebPage\",\"@id\":\"https:\\\/\\\/teknologiateollisuus.fi\\\/digipooli\\\/\",\"url\":\"https:\\\/\\\/teknologiateollisuus.fi\\\/digipooli\\\/\",\"name\":\"Etusivu - Digipooli\",\"isPartOf\":{\"@id\":\"https:\\\/\\\/teknologiateollisuus.fi\\\/digipooli\\\/#website\"},\"datePublished\":\"2024-06-04T06:26:49+00:00\",\"dateModified\":\"2025-06-23T12:14:31+00:00\",\"breadcrumb\":{\"@id\":\"https:\\\/\\\/teknologiateollisuus.fi\\\/digipooli\\\/#breadcrumb\"},\"inLanguage\":\"fi\",\"potentialAction\":[{\"@type\":\"ReadAction\",\"target\":[\"https:\\\/\\\/teknologiateollisuus.fi\\\/digipooli\\\/\"]}]},{\"@type\":\"BreadcrumbList\",\"@id\":\"https:\\\/\\\/teknologiateollisuus.fi\\\/digipooli\\\/#breadcrumb\",\"itemListElement\":[{\"@type\":\"ListItem\",\"position\":1,\"name\":\"Etusivu\",\"item\":\"https:\\\/\\\/teknologiateollisuus.fi\\\/digipooli\\\/\"},{\"@type\":\"ListItem\",\"position\":2,\"name\":\"Etusivu\"}]},{\"@type\":\"WebSite\",\"@id\":\"https:\\\/\\\/teknologiateollisuus.fi\\\/digipooli\\\/#website\",\"url\":\"https:\\\/\\\/teknologiateollisuus.fi\\\/digipooli\\\/\",\"name\":\"Digipooli\",\"description\":\"\",\"potentialAction\":[{\"@type\":\"SearchAction\",\"target\":{\"@type\":\"EntryPoint\",\"urlTemplate\":\"https:\\\/\\\/teknologiateollisuus.fi\\\/digipooli\\\/?s={search_term_string}\"},\"query-input\":{\"@type\":\"PropertyValueSpecification\",\"valueRequired\":true,\"valueName\":\"search_term_string\"}}],\"inLanguage\":\"fi\"}]}<\/script>\n<!-- \/ Yoast SEO Premium plugin. -->","yoast_head_json":{"title":"Etusivu - Digipooli","robots":{"index":"index","follow":"follow","max-snippet":"max-snippet:-1","max-image-preview":"max-image-preview:large","max-video-preview":"max-video-preview:-1"},"canonical":"https:\/\/teknologiateollisuus.fi\/digipooli\/","og_locale":"fi_FI","og_type":"article","og_title":"Etusivu","og_url":"https:\/\/teknologiateollisuus.fi\/digipooli\/","og_site_name":"Digipooli","article_modified_time":"2025-06-23T12:14:31+00:00","twitter_card":"summary_large_image","twitter_misc":{"Arvioitu lukuaika":"1 minuutti"},"schema":{"@context":"https:\/\/schema.org","@graph":[{"@type":"WebPage","@id":"https:\/\/teknologiateollisuus.fi\/digipooli\/","url":"https:\/\/teknologiateollisuus.fi\/digipooli\/","name":"Etusivu - Digipooli","isPartOf":{"@id":"https:\/\/teknologiateollisuus.fi\/digipooli\/#website"},"datePublished":"2024-06-04T06:26:49+00:00","dateModified":"2025-06-23T12:14:31+00:00","breadcrumb":{"@id":"https:\/\/teknologiateollisuus.fi\/digipooli\/#breadcrumb"},"inLanguage":"fi","potentialAction":[{"@type":"ReadAction","target":["https:\/\/teknologiateollisuus.fi\/digipooli\/"]}]},{"@type":"BreadcrumbList","@id":"https:\/\/teknologiateollisuus.fi\/digipooli\/#breadcrumb","itemListElement":[{"@type":"ListItem","position":1,"name":"Etusivu","item":"https:\/\/teknologiateollisuus.fi\/digipooli\/"},{"@type":"ListItem","position":2,"name":"Etusivu"}]},{"@type":"WebSite","@id":"https:\/\/teknologiateollisuus.fi\/digipooli\/#website","url":"https:\/\/teknologiateollisuus.fi\/digipooli\/","name":"Digipooli","description":"","potentialAction":[{"@type":"SearchAction","target":{"@type":"EntryPoint","urlTemplate":"https:\/\/teknologiateollisuus.fi\/digipooli\/?s={search_term_string}"},"query-input":{"@type":"PropertyValueSpecification","valueRequired":true,"valueName":"search_term_string"}}],"inLanguage":"fi"}]}},"lang":"fi","translations":{"fi":4,"en":723},"pll_sync_post":[],"_links":{"self":[{"href":"https:\/\/teknologiateollisuus.fi\/digipooli\/wp-json\/wp\/v2\/pages\/4","targetHints":{"allow":["GET"]}}],"collection":[{"href":"https:\/\/teknologiateollisuus.fi\/digipooli\/wp-json\/wp\/v2\/pages"}],"about":[{"href":"https:\/\/teknologiateollisuus.fi\/digipooli\/wp-json\/wp\/v2\/types\/page"}],"author":[{"embeddable":true,"href":"https:\/\/teknologiateollisuus.fi\/digipooli\/wp-json\/wp\/v2\/users\/57"}],"replies":[{"embeddable":true,"href":"https:\/\/teknologiateollisuus.fi\/digipooli\/wp-json\/wp\/v2\/comments?post=4"}],"version-history":[{"count":30,"href":"https:\/\/teknologiateollisuus.fi\/digipooli\/wp-json\/wp\/v2\/pages\/4\/revisions"}],"predecessor-version":[{"id":659,"href":"https:\/\/teknologiateollisuus.fi\/digipooli\/wp-json\/wp\/v2\/pages\/4\/revisions\/659"}],"wp:attachment":[{"href":"https:\/\/teknologiateollisuus.fi\/digipooli\/wp-json\/wp\/v2\/media?parent=4"}],"curies":[{"name":"wp","href":"https:\/\/api.w.org\/{rel}","templated":true}]}}