{"id":693,"date":"2025-09-24T09:36:45","date_gmt":"2025-09-24T06:36:45","guid":{"rendered":"https:\/\/teknologiateollisuus.fi\/digipooli\/?page_id=693"},"modified":"2025-09-29T08:54:55","modified_gmt":"2025-09-29T05:54:55","slug":"dfir","status":"publish","type":"page","link":"https:\/\/teknologiateollisuus.fi\/digipooli\/dfir\/","title":{"rendered":"DFIR-jaos"},"content":{"rendered":"\n<div class=\"em-block-hero hero-has-background-color has-background has-turquoise-background-color has-image media-position-right \">\n\t<div class=\"em-block-hero__container\">\n\t\t<div class=\"em-block-hero__content\">\n\t\t\t<div class=\"yoast-breadcrumbs\"><span><span><a href=\"https:\/\/teknologiateollisuus.fi\/digipooli\/\">Etusivu<\/a><\/span> <span class=\"separator\"><\/span> <span class=\"breadcrumb_last\" aria-current=\"page\">DFIR-jaos<\/span><\/span><\/div>\t\t\t\n<h1 class=\"wp-block-heading\" id=\"h-tietoturvapoikkeamajaos-dfir\">Tietoturvapoikkeamajaos (DFIR)<\/h1>\n\n<p><\/p>\n\t\t\t<div class=\"em-block-hero__modified-date\"> P\u00e4ivitetty 29.09.2025 klo 08:54<\/div>\t\t<\/div>\n\t\t\t\t\t<figure class=\"em-block-hero__image\">\n\t\t\t\t<img loading=\"lazy\" decoding=\"async\" width=\"1200\" height=\"800\" src=\"https:\/\/teknologiateollisuus.fi\/digipooli\/wp-content\/uploads\/sites\/12\/2024\/09\/digipooli_kuva_6.jpg\" class=\"attachment-hero size-hero\" alt=\"\" srcset=\"https:\/\/teknologiateollisuus.fi\/digipooli\/wp-content\/uploads\/sites\/12\/2024\/09\/digipooli_kuva_6.jpg 1200w, https:\/\/teknologiateollisuus.fi\/digipooli\/wp-content\/uploads\/sites\/12\/2024\/09\/digipooli_kuva_6-400x267.jpg 400w, https:\/\/teknologiateollisuus.fi\/digipooli\/wp-content\/uploads\/sites\/12\/2024\/09\/digipooli_kuva_6-968x645.jpg 968w, https:\/\/teknologiateollisuus.fi\/digipooli\/wp-content\/uploads\/sites\/12\/2024\/09\/digipooli_kuva_6-768x512.jpg 768w\" sizes=\"auto, (max-width: 1200px) 100vw, 1200px\" \/>\t\t\t<\/figure>\n\t\t\t<\/div>\n<\/div>\n\n\n\n<div class=\"wp-block-group alignfull is-style-color-bar has-violet-color has-light-gray-background-color has-text-color has-background has-link-color wp-elements-a47540e9e02fcb28fbd6a13aa17af7a1 is-layout-constrained wp-block-group-is-layout-constrained\">\n<figure class=\"wp-block-pullquote\"><blockquote><p>Digipoolin Tietoturvapoikkeamajaos (DFIR) on yksi Digipoolin toimivista yhteisty\u00f6ryhmist\u00e4. Se keskittyy DFIR toimijoiden huoltovarmuuskriittisyytt\u00e4 edist\u00e4v\u00e4\u00e4n yhteisty\u00f6h\u00f6n.<br><\/p><\/blockquote><\/figure>\n<\/div>\n\n\n\n<p>Tietoturvapoikkeamajaos (DFIR) on Huoltovarmuusorganisaatio (HVO) Digipoolin kyseisell\u00e4 toimialla toimivien huoltovarmuuskriittisten organisaatioiden yhteisty\u00f6ryhm\u00e4.<\/p>\n\n\n\n<p>Jaoksen tarkoituksena on mm. selvitt\u00e4\u00e4 miten huoltovarmuus ja varautuminen etenee sek\u00e4 miten se liittyy DFIR-palveluiden toimintaan? Jaoksessa nostetaan esiin asioita, jotka edesauttavat huoltovarmuuden toteutumista ja k\u00e4ynnistet\u00e4\u00e4n tarvittaessa n\u00e4it\u00e4 toimia tukevia projekteja, jne.\u00a0<\/p>\n\n\n\n<p>Lis\u00e4ksi DFIR-jaoksessa<\/p>\n\n\n\n<ul class=\"wp-block-list\">\n<li>Seurataan DFIR-palveluiden k\u00e4ytt\u00f6\u00e4 kansallisesti ja varautumisen v\u00e4lineen\u00e4.<\/li>\n\n\n\n<li>Varmistetaan Digipoolin j\u00e4senist\u00f6ss\u00e4 j\u00e4rkev\u00e4 p\u00e4\u00e4t\u00f6ksentekoprosessi, suhtautuminen ja tulkinnat DFIR-palveluiden k\u00e4yt\u00f6lle.<\/li>\n\n\n\n<li>Varmistetaan palvelutarjoomassa j\u00e4rkev\u00e4\u00e4n p\u00e4\u00e4t\u00f6ksentekoon pohjautuva toimintatapa.<\/li>\n\n\n\n<li>Tuetaan Huoltovarmuusorganisaation yrityksi\u00e4 p\u00e4\u00e4t\u00f6ksenteossa ja varautumisessa my\u00f6s DFIR-palveluihin tukeutuen.<\/li>\n<\/ul>\n\n\n\n<h2 class=\"wp-block-heading\" id=\"h-varautuminen-tietomurtoon\" id=\"varautuminen-tietomurtoon\">Varautuminen tietomurtoon<\/h2>\n\n\n\n<p>DFIR-jaos on tuottanut ohjeen, jonka tarkoituksena on auttaa erityisesti huoltovarmuuskriittisi\u00e4 organisaatioita valmistautumaan tietomurron varalle. Erityist\u00e4 huomiota on kiinnitetty toimenpiteisiin, jotka mahdollistavat ulkopuolisen avun k\u00e4ynnist\u00e4misen mahdollisimman nopeasti.<\/p>\n\n\n\n<p>Ohjeistuksen priorisoinnissa on pyritty huomioimaan suosituksen kustannukset ja k\u00e4ytt\u00f6\u00f6noton aiheuttama ty\u00f6m\u00e4\u00e4r\u00e4. Ty\u00f6l\u00e4\u00e4t ja kalliit suositukset on pyritty priorisoimaan maltillisesti.<\/p>\n\n\n\n<p>Ohjeistus l\u00f6ytyy Digipoolin sivulta <a href=\"https:\/\/teknologiateollisuus.fi\/digipooli\/varautuminen-tietomurtoon\/\">https:\/\/teknologiateollisuus.fi\/digipooli\/varautuminen-tietomurtoon\/<\/a>. <\/p>\n\n\n\n<p>Sivulla  on kolme taulukkoa: &#8221;Ennakoivat toimenpiteet&#8221;, &#8221;Havainnointi&#8221; ja &#8221;Tietoturvah\u00e4iri\u00f6n hallinta ja palautuminen&#8221;.<\/p>\n\n\n\n<h2 class=\"wp-block-heading\" id=\"h-tietomurron-sattuessa\" id=\"tietomurron-sattuessa\">Tietomurron sattuessa<\/h2>\n\n\n\n<p>DFIR-jaos on luonut ohjeistuksen siit\u00e4, mit\u00e4 toimenpiteit\u00e4 tulee tehd\u00e4 tietomurron sattuessa ja lis\u00e4ksi auttaa yll\u00e4pit\u00e4m\u00e4\u00e4n tilannekuvaa. <\/p>\n\n\n\n<p>Ohjeistus on konkreettisesti Excel-ty\u00f6kirja, joka koostuu kuudesta eri v\u00e4lilehdest\u00e4. Ty\u00f6kalu on suunniteltu yhteisk\u00e4ytt\u00f6\u00f6n, eli p\u00e4\u00e4syn tiedostoon voi antaa koko tutkintatiimille. Joissain tapauksissa kuitenkin voi olla tarpeen pit\u00e4\u00e4 p\u00e4\u00e4sy vain pienell\u00e4 joukolla ja p\u00e4ivitt\u00e4\u00e4 dokumenttia yhdess\u00e4 esimerkiksi palaverissa.<\/p>\n\n\n\n<p>Excel-ty\u00f6kirja on ladattavissa <a href=\"https:\/\/teknologiateollisuus.fi\/digipooli\/wp-content\/uploads\/sites\/12\/2025\/09\/Tietomurron-sattuessa-2025-09.xlsx\">t\u00e4st\u00e4 linkist\u00e4<\/a>.<\/p>\n\n\n\n<p>Kyberturvalllisuuskeskukselta l\u00f6ytyy my\u00f6s hyvi\u00e4 toimintaohjeita liittyen erilaisiin tietoturvapoikkeamiin: <\/p>\n\n\n\n<p><code>https:\/\/www.kyberturvallisuuskeskus.fi\/fi\/ajankohtaista\/ohjeet-ja-oppaat\/ohjeet-ja-oppaat-organisaatioille-ja-yrityksille<\/code><\/p>\n\n\n\n<p><\/p>\n\n\n\n<article class=\"em-block-contact-card is-style-default\">\n\n\t<div class=\"em-block-contact-card__image\">\n\t\t\t\t\t<img loading=\"lazy\" decoding=\"async\" width=\"225\" height=\"300\" src=\"https:\/\/teknologiateollisuus.fi\/digipooli\/wp-content\/uploads\/sites\/12\/2024\/08\/Tero.jpg\" class=\"attachment-portrait size-portrait\" alt=\"\" \/>\t\t\t<\/div>\n\t<div class=\"em-block-contact-card__content-wrapper\">\n\t\t<div class=\"em-block-contact-card__content\">\n\t\t\t\t\t\t<h3 class=\"em-block-contact-card__title\"><a target=\"_self\" href=\"https:\/\/teknologiateollisuus.fi\/digipooli\/contacts\/poolisihteeri-2\/\">Tero Oittinen<\/a><\/h3>\n\t\t\t\t\t\t\t<span class=\"em-block-contact-card__job_title\">Erityisasiantuntija Digipooli<\/span>\n\t\t\t\t\t\t<span class=\"em-block-contact-card__organisation\">Teknologiateollisuus ry \/ HVO Digipooli<\/span>\n\t\t<\/div>\n\t\t<div class=\"em-block-contact-card__content\">\n\t\t\t\t\t\t<address class=\"em-block-contact-card__contact-details\">\n\t\t\t\t<span class=\"em-block-contact-card__phone\">\n\t\t\t\t\t<a href=\"tel:+358406289005\">+358406289005<\/a>\n\t\t\t\t<\/span>\n\t\t\t\t<span class=\"em-block-contact-card__email\">\n\t\t\t\t\t<a href=\"mailto:tero.oittinen@teknologiateollisuus.fi\">tero.oittinen@teknologiateollisuus.fi<\/a>\n\t\t\t\t<\/span>\n\t\t\t<\/address>\n\t\t\t\t\t<\/div>\n\t<\/div>\n\n<\/article>\n","protected":false},"excerpt":{"rendered":"<p>Digipoolin Tietoturvapoikkeamajaos (DFIR) on yksi Digipoolin toimivista yhteisty\u00f6ryhmist\u00e4. Se keskittyy DFIR toimijoiden huoltovarmuuskriittisyytt\u00e4 edist\u00e4v\u00e4\u00e4n yhteisty\u00f6h\u00f6n. Tietoturvapoikkeamajaos (DFIR) on Huoltovarmuusorganisaatio (HVO) Digipoolin kyseisell\u00e4 toimialla toimivien huoltovarmuuskriittisten organisaatioiden yhteisty\u00f6ryhm\u00e4. Jaoksen tarkoituksena on mm. selvitt\u00e4\u00e4 miten huoltovarmuus ja varautuminen etenee sek\u00e4 miten se liittyy DFIR-palveluiden toimintaan? Jaoksessa nostetaan esiin asioita, jotka edesauttavat huoltovarmuuden toteutumista ja k\u00e4ynnistet\u00e4\u00e4n tarvittaessa n\u00e4it\u00e4 [&hellip;]<\/p>\n","protected":false},"author":519,"featured_media":308,"parent":0,"menu_order":0,"comment_status":"closed","ping_status":"closed","template":"","meta":{"_acf_changed":false,"_relevanssi_hide_post":"","_relevanssi_hide_content":"","_relevanssi_pin_for_all":"","_relevanssi_pin_keywords":"","_relevanssi_unpin_keywords":"","_relevanssi_related_keywords":"","_relevanssi_related_include_ids":"","_relevanssi_related_exclude_ids":"","_relevanssi_related_no_append":"","_relevanssi_related_not_related":"","_relevanssi_related_posts":"1","_relevanssi_noindex_reason":"","inline_featured_image":false,"footnotes":""},"class_list":["post-693","page","type-page","status-publish","has-post-thumbnail","hentry"],"acf":[],"yoast_head":"<!-- This site is optimized with the Yoast SEO Premium plugin v27.1 (Yoast SEO v27.3) - https:\/\/yoast.com\/product\/yoast-seo-premium-wordpress\/ -->\n<title>DFIR-jaos - Digipooli<\/title>\n<meta name=\"robots\" content=\"index, follow, max-snippet:-1, max-image-preview:large, max-video-preview:-1\" \/>\n<link rel=\"canonical\" href=\"https:\/\/teknologiateollisuus.fi\/digipooli\/dfir\/\" \/>\n<meta property=\"og:locale\" content=\"fi_FI\" \/>\n<meta property=\"og:type\" content=\"article\" \/>\n<meta property=\"og:title\" content=\"DFIR-jaos\" \/>\n<meta property=\"og:description\" content=\"Digipoolin Tietoturvapoikkeamajaos (DFIR) on yksi Digipoolin toimivista yhteisty\u00f6ryhmist\u00e4. Se keskittyy DFIR toimijoiden huoltovarmuuskriittisyytt\u00e4 edist\u00e4v\u00e4\u00e4n yhteisty\u00f6h\u00f6n. Tietoturvapoikkeamajaos (DFIR) on Huoltovarmuusorganisaatio (HVO) Digipoolin kyseisell\u00e4 toimialla toimivien huoltovarmuuskriittisten organisaatioiden yhteisty\u00f6ryhm\u00e4. Jaoksen tarkoituksena on mm. selvitt\u00e4\u00e4 miten huoltovarmuus ja varautuminen etenee sek\u00e4 miten se liittyy DFIR-palveluiden toimintaan? Jaoksessa nostetaan esiin asioita, jotka edesauttavat huoltovarmuuden toteutumista ja k\u00e4ynnistet\u00e4\u00e4n tarvittaessa n\u00e4it\u00e4 [&hellip;]\" \/>\n<meta property=\"og:url\" content=\"https:\/\/teknologiateollisuus.fi\/digipooli\/dfir\/\" \/>\n<meta property=\"og:site_name\" content=\"Digipooli\" \/>\n<meta property=\"article:modified_time\" content=\"2025-09-29T05:54:55+00:00\" \/>\n<meta property=\"og:image\" content=\"https:\/\/teknologiateollisuus.fi\/digipooli\/wp-content\/uploads\/sites\/12\/2024\/09\/digipooli_kuva_6.jpg\" \/>\n\t<meta property=\"og:image:width\" content=\"1200\" \/>\n\t<meta property=\"og:image:height\" content=\"800\" \/>\n\t<meta property=\"og:image:type\" content=\"image\/jpeg\" \/>\n<meta name=\"twitter:card\" content=\"summary_large_image\" \/>\n<meta name=\"twitter:label1\" content=\"Arvioitu lukuaika\" \/>\n\t<meta name=\"twitter:data1\" content=\"2 minuuttia\" \/>\n<script type=\"application\/ld+json\" class=\"yoast-schema-graph\">{\"@context\":\"https:\\\/\\\/schema.org\",\"@graph\":[{\"@type\":\"WebPage\",\"@id\":\"https:\\\/\\\/teknologiateollisuus.fi\\\/digipooli\\\/dfir\\\/\",\"url\":\"https:\\\/\\\/teknologiateollisuus.fi\\\/digipooli\\\/dfir\\\/\",\"name\":\"DFIR-jaos - Digipooli\",\"isPartOf\":{\"@id\":\"https:\\\/\\\/teknologiateollisuus.fi\\\/digipooli\\\/#website\"},\"primaryImageOfPage\":{\"@id\":\"https:\\\/\\\/teknologiateollisuus.fi\\\/digipooli\\\/dfir\\\/#primaryimage\"},\"image\":{\"@id\":\"https:\\\/\\\/teknologiateollisuus.fi\\\/digipooli\\\/dfir\\\/#primaryimage\"},\"thumbnailUrl\":\"https:\\\/\\\/teknologiateollisuus.fi\\\/digipooli\\\/wp-content\\\/uploads\\\/sites\\\/12\\\/2024\\\/09\\\/digipooli_kuva_6.jpg\",\"datePublished\":\"2025-09-24T06:36:45+00:00\",\"dateModified\":\"2025-09-29T05:54:55+00:00\",\"breadcrumb\":{\"@id\":\"https:\\\/\\\/teknologiateollisuus.fi\\\/digipooli\\\/dfir\\\/#breadcrumb\"},\"inLanguage\":\"fi\",\"potentialAction\":[{\"@type\":\"ReadAction\",\"target\":[\"https:\\\/\\\/teknologiateollisuus.fi\\\/digipooli\\\/dfir\\\/\"]}]},{\"@type\":\"ImageObject\",\"inLanguage\":\"fi\",\"@id\":\"https:\\\/\\\/teknologiateollisuus.fi\\\/digipooli\\\/dfir\\\/#primaryimage\",\"url\":\"https:\\\/\\\/teknologiateollisuus.fi\\\/digipooli\\\/wp-content\\\/uploads\\\/sites\\\/12\\\/2024\\\/09\\\/digipooli_kuva_6.jpg\",\"contentUrl\":\"https:\\\/\\\/teknologiateollisuus.fi\\\/digipooli\\\/wp-content\\\/uploads\\\/sites\\\/12\\\/2024\\\/09\\\/digipooli_kuva_6.jpg\",\"width\":1200,\"height\":800},{\"@type\":\"BreadcrumbList\",\"@id\":\"https:\\\/\\\/teknologiateollisuus.fi\\\/digipooli\\\/dfir\\\/#breadcrumb\",\"itemListElement\":[{\"@type\":\"ListItem\",\"position\":1,\"name\":\"Etusivu\",\"item\":\"https:\\\/\\\/teknologiateollisuus.fi\\\/digipooli\\\/\"},{\"@type\":\"ListItem\",\"position\":2,\"name\":\"DFIR-jaos\"}]},{\"@type\":\"WebSite\",\"@id\":\"https:\\\/\\\/teknologiateollisuus.fi\\\/digipooli\\\/#website\",\"url\":\"https:\\\/\\\/teknologiateollisuus.fi\\\/digipooli\\\/\",\"name\":\"Digipooli\",\"description\":\"\",\"potentialAction\":[{\"@type\":\"SearchAction\",\"target\":{\"@type\":\"EntryPoint\",\"urlTemplate\":\"https:\\\/\\\/teknologiateollisuus.fi\\\/digipooli\\\/?s={search_term_string}\"},\"query-input\":{\"@type\":\"PropertyValueSpecification\",\"valueRequired\":true,\"valueName\":\"search_term_string\"}}],\"inLanguage\":\"fi\"}]}<\/script>\n<!-- \/ Yoast SEO Premium plugin. -->","yoast_head_json":{"title":"DFIR-jaos - Digipooli","robots":{"index":"index","follow":"follow","max-snippet":"max-snippet:-1","max-image-preview":"max-image-preview:large","max-video-preview":"max-video-preview:-1"},"canonical":"https:\/\/teknologiateollisuus.fi\/digipooli\/dfir\/","og_locale":"fi_FI","og_type":"article","og_title":"DFIR-jaos","og_description":"Digipoolin Tietoturvapoikkeamajaos (DFIR) on yksi Digipoolin toimivista yhteisty\u00f6ryhmist\u00e4. Se keskittyy DFIR toimijoiden huoltovarmuuskriittisyytt\u00e4 edist\u00e4v\u00e4\u00e4n yhteisty\u00f6h\u00f6n. Tietoturvapoikkeamajaos (DFIR) on Huoltovarmuusorganisaatio (HVO) Digipoolin kyseisell\u00e4 toimialla toimivien huoltovarmuuskriittisten organisaatioiden yhteisty\u00f6ryhm\u00e4. Jaoksen tarkoituksena on mm. selvitt\u00e4\u00e4 miten huoltovarmuus ja varautuminen etenee sek\u00e4 miten se liittyy DFIR-palveluiden toimintaan? Jaoksessa nostetaan esiin asioita, jotka edesauttavat huoltovarmuuden toteutumista ja k\u00e4ynnistet\u00e4\u00e4n tarvittaessa n\u00e4it\u00e4 [&hellip;]","og_url":"https:\/\/teknologiateollisuus.fi\/digipooli\/dfir\/","og_site_name":"Digipooli","article_modified_time":"2025-09-29T05:54:55+00:00","og_image":[{"width":1200,"height":800,"url":"https:\/\/teknologiateollisuus.fi\/digipooli\/wp-content\/uploads\/sites\/12\/2024\/09\/digipooli_kuva_6.jpg","type":"image\/jpeg"}],"twitter_card":"summary_large_image","twitter_misc":{"Arvioitu lukuaika":"2 minuuttia"},"schema":{"@context":"https:\/\/schema.org","@graph":[{"@type":"WebPage","@id":"https:\/\/teknologiateollisuus.fi\/digipooli\/dfir\/","url":"https:\/\/teknologiateollisuus.fi\/digipooli\/dfir\/","name":"DFIR-jaos - Digipooli","isPartOf":{"@id":"https:\/\/teknologiateollisuus.fi\/digipooli\/#website"},"primaryImageOfPage":{"@id":"https:\/\/teknologiateollisuus.fi\/digipooli\/dfir\/#primaryimage"},"image":{"@id":"https:\/\/teknologiateollisuus.fi\/digipooli\/dfir\/#primaryimage"},"thumbnailUrl":"https:\/\/teknologiateollisuus.fi\/digipooli\/wp-content\/uploads\/sites\/12\/2024\/09\/digipooli_kuva_6.jpg","datePublished":"2025-09-24T06:36:45+00:00","dateModified":"2025-09-29T05:54:55+00:00","breadcrumb":{"@id":"https:\/\/teknologiateollisuus.fi\/digipooli\/dfir\/#breadcrumb"},"inLanguage":"fi","potentialAction":[{"@type":"ReadAction","target":["https:\/\/teknologiateollisuus.fi\/digipooli\/dfir\/"]}]},{"@type":"ImageObject","inLanguage":"fi","@id":"https:\/\/teknologiateollisuus.fi\/digipooli\/dfir\/#primaryimage","url":"https:\/\/teknologiateollisuus.fi\/digipooli\/wp-content\/uploads\/sites\/12\/2024\/09\/digipooli_kuva_6.jpg","contentUrl":"https:\/\/teknologiateollisuus.fi\/digipooli\/wp-content\/uploads\/sites\/12\/2024\/09\/digipooli_kuva_6.jpg","width":1200,"height":800},{"@type":"BreadcrumbList","@id":"https:\/\/teknologiateollisuus.fi\/digipooli\/dfir\/#breadcrumb","itemListElement":[{"@type":"ListItem","position":1,"name":"Etusivu","item":"https:\/\/teknologiateollisuus.fi\/digipooli\/"},{"@type":"ListItem","position":2,"name":"DFIR-jaos"}]},{"@type":"WebSite","@id":"https:\/\/teknologiateollisuus.fi\/digipooli\/#website","url":"https:\/\/teknologiateollisuus.fi\/digipooli\/","name":"Digipooli","description":"","potentialAction":[{"@type":"SearchAction","target":{"@type":"EntryPoint","urlTemplate":"https:\/\/teknologiateollisuus.fi\/digipooli\/?s={search_term_string}"},"query-input":{"@type":"PropertyValueSpecification","valueRequired":true,"valueName":"search_term_string"}}],"inLanguage":"fi"}]}},"lang":"fi","translations":{"fi":693},"pll_sync_post":[],"_links":{"self":[{"href":"https:\/\/teknologiateollisuus.fi\/digipooli\/wp-json\/wp\/v2\/pages\/693","targetHints":{"allow":["GET"]}}],"collection":[{"href":"https:\/\/teknologiateollisuus.fi\/digipooli\/wp-json\/wp\/v2\/pages"}],"about":[{"href":"https:\/\/teknologiateollisuus.fi\/digipooli\/wp-json\/wp\/v2\/types\/page"}],"author":[{"embeddable":true,"href":"https:\/\/teknologiateollisuus.fi\/digipooli\/wp-json\/wp\/v2\/users\/519"}],"replies":[{"embeddable":true,"href":"https:\/\/teknologiateollisuus.fi\/digipooli\/wp-json\/wp\/v2\/comments?post=693"}],"version-history":[{"count":10,"href":"https:\/\/teknologiateollisuus.fi\/digipooli\/wp-json\/wp\/v2\/pages\/693\/revisions"}],"predecessor-version":[{"id":711,"href":"https:\/\/teknologiateollisuus.fi\/digipooli\/wp-json\/wp\/v2\/pages\/693\/revisions\/711"}],"wp:featuredmedia":[{"embeddable":true,"href":"https:\/\/teknologiateollisuus.fi\/digipooli\/wp-json\/wp\/v2\/media\/308"}],"wp:attachment":[{"href":"https:\/\/teknologiateollisuus.fi\/digipooli\/wp-json\/wp\/v2\/media?parent=693"}],"curies":[{"name":"wp","href":"https:\/\/api.w.org\/{rel}","templated":true}]}}