{"id":123,"date":"2024-06-06T12:05:34","date_gmt":"2024-06-06T09:05:34","guid":{"rendered":"https:\/\/emobility.teknologiateollisuus.fi\/?page_id=123"},"modified":"2026-03-26T11:23:00","modified_gmt":"2026-03-26T09:23:00","slug":"jasenet","status":"publish","type":"page","link":"https:\/\/teknologiateollisuus.fi\/emobility\/tietoa-meista\/jasenet\/","title":{"rendered":"J\u00e4senet"},"content":{"rendered":"\n<div class=\"em-block-hero hero-has-background-color has-background has-petrol-background-color collapse media-position-right \">\n\t<div class=\"em-block-hero__container\">\n\t\t<div class=\"em-block-hero__content\">\n\t\t\t<div class=\"yoast-breadcrumbs\"><span><span><a href=\"https:\/\/teknologiateollisuus.fi\/emobility\/\">Etusivu<\/a><\/span> <span class=\"separator\"><\/span> <span><a href=\"https:\/\/teknologiateollisuus.fi\/emobility\/tietoa-meista\/\">Tietoa meist\u00e4<\/a><\/span> <span class=\"separator\"><\/span> <span class=\"breadcrumb_last\" aria-current=\"page\">J\u00e4senet<\/span><\/span><\/div>\t\t\t\n<h1 class=\"wp-block-heading\" id=\"h-jasenet\">J\u00e4senet<\/h1>\n\n<p><\/p>\n\t\t\t<div class=\"em-block-hero__modified-date\"> P\u00e4ivitetty 26.03.2026 klo 11:23<\/div>\t\t<\/div>\n\t\t\t\t\t<figure class=\"em-block-hero__image\">\n\t\t\t\t\t\t\t<\/figure>\n\t\t\t<\/div>\n<\/div>\n\n\n\n<div class=\"wp-block-scb-columns scb-columns  has-mobile-behavior--stacked has-auto-fit\">\n<div class=\"wp-block-scb-column scb-column is-scale-cover\">\n<div class=\"wp-block-scb-columns scb-columns  has-mobile-behavior--stacked has-auto-fit\">\n<div class=\"wp-block-scb-column scb-column is-scale-cover\">\n<p><a href=\"https:\/\/new.abb.com\/fi\" target=\"_blank\" rel=\"noreferrer noopener\">ABB<\/a><br><a href=\"https:\/\/aidon.com\/fi\/\" target=\"_blank\" rel=\"noreferrer noopener\">Aidon Oy<\/a><br><a href=\"https:\/\/alfenelkamo.fi\/fi\" target=\"_blank\" rel=\"noreferrer noopener\">Alfen Elkamo Oy Ab<\/a><br><a href=\"http:\/\/www.akl.fi\/\" target=\"_blank\" rel=\"noreferrer noopener\">Autoalan Keskusliitto<\/a><br><a href=\"https:\/\/www.bearingpoint.com\/en\/\" target=\"_blank\" rel=\"noreferrer noopener\">BearingPoint Finland Oy<\/a><br><a href=\"https:\/\/www.caverion.fi\/\" target=\"_blank\" rel=\"noreferrer noopener\">Caverion Suomi Oy<\/a><br><a href=\"https:\/\/www.emabler.com\/\" target=\"_blank\" rel=\"noreferrer noopener\">eMabler Oy<\/a><br><a href=\"http:\/\/energia.fi\/\" target=\"_blank\" rel=\"noreferrer noopener\">Energiateollisuus ry<\/a><br><a href=\"https:\/\/www.evassistance.fi\/index.html\" target=\"_blank\" rel=\"noreferrer noopener\">EV Assistance Oy<\/a><br><a href=\"https:\/\/futurev.fi\/\" id=\"https:\/\/futurev.fi\/\" target=\"_blank\" rel=\"noreferrer noopener\">FuturEV<\/a><br><a href=\"https:\/\/www.helen.fi\/\" target=\"_blank\" rel=\"noreferrer noopener\">Helen Oy<\/a><br><a href=\"https:\/\/www.hsl.fi\" target=\"_blank\" rel=\"noreferrer noopener\">HSL<\/a><br><a href=\"https:\/\/www.huawei.com\/en\/\" target=\"_blank\" rel=\"noreferrer noopener\">Huawei Technologies Oy<\/a><br><a href=\"https:\/\/igl.fi\/\" target=\"_blank\" rel=\"noreferrer noopener\">IGL-Technologies Oy<\/a><br><a href=\"https:\/\/its-finland.fi\/\" target=\"_blank\" rel=\"noreferrer noopener\">ITS Finland ry &#8211; \u00c4lykk\u00e4\u00e4n liikenteen verkosto<\/a><br><a href=\"https:\/\/www.intercontrol.fi\/\" id=\"https:\/\/www.intercontrol.fi\/\" target=\"_blank\" rel=\"noreferrer noopener\">Intercontrol<\/a><br><a href=\"https:\/\/www.gradia.fi\/\" id=\"https:\/\/www.gradia.fi\/\" target=\"_blank\" rel=\"noreferrer noopener\">Jyv\u00e4skyl\u00e4n koulutuskuntayhtym\u00e4 Gradia<\/a><br><a href=\"https:\/\/kempower.com\/\" target=\"_blank\" rel=\"noreferrer noopener\">Kempower Oy<\/a><br><a href=\"https:\/\/korttelilataus.fi\/\" id=\"https:\/\/korttelilataus.fi\/\" target=\"_blank\" rel=\"noreferrer noopener\">Korttelilataus Oy<\/a><br><a href=\"https:\/\/www.ladec.fi\/\" target=\"_blank\" rel=\"noreferrer noopener\">Lahden Seudun Kehitys LADEC Oy<\/a><br><a href=\"http:\/\/www.lut.fi\/\" target=\"_blank\" rel=\"noreferrer noopener\">Lappeenrannan teknillinen yliopisto<\/a><br><a href=\"https:\/\/www.legrand.fi\/en\/about-us\/legrand-in-finland\" target=\"_blank\" rel=\"noreferrer noopener\">Legrand Finland Oy<\/a><br><a href=\"https:\/\/virta.fi\/\" target=\"_blank\" rel=\"noreferrer noopener\">Liikennevirta Oy<\/a><br><\/p>\n<\/div>\n\n\n\n<div class=\"wp-block-scb-column scb-column is-scale-cover\">\n<p><a href=\"http:\/\/www.metropolia.fi\/\" target=\"_blank\" rel=\"noreferrer noopener\">Metropolia ammattikorkeakoulu<\/a><br><a href=\"https:\/\/parkingenergy.com\/\" id=\"https:\/\/parkingenergy.com\/\" target=\"_blank\" rel=\"noreferrer noopener\">Parkkis\u00e4hk\u00f6 Oy<\/a><br><a href=\"https:\/\/plugit.fi\/\" target=\"_blank\" rel=\"noreferrer noopener\">Plugit Finland Oy<\/a><br><a href=\"https:\/\/raecom.fi\/\" target=\"_blank\" rel=\"noreferrer noopener\">Raecom Oy<\/a><br><a href=\"https:\/\/www.rejlers.fi\/\" target=\"_blank\" rel=\"noreferrer noopener\">Rejlers Finland Oy<\/a><br><a href=\"https:\/\/www.seamk.fi\/\" id=\"https:\/\/www.seamk.fi\/\" target=\"_blank\" rel=\"noreferrer noopener\">SeAMK<\/a><br><a href=\"https:\/\/www.dbschenker.com\/fi-fi\" target=\"_blank\" rel=\"noreferrer noopener\">DSV Road Oy<\/a><br><a href=\"https:\/\/www.semel.fi\/\" target=\"_blank\" rel=\"noreferrer noopener\">Semel Oy<\/a><br><a href=\"http:\/\/www.sesko.fi\/\" target=\"_blank\" rel=\"noreferrer noopener\">SESKO ry<\/a><br><a href=\"https:\/\/www.sgs.fi\/\" target=\"_blank\" rel=\"noreferrer noopener\">SGS Fimko Oy<\/a><br><a href=\"https:\/\/s-ryhma.fi\/\" target=\"_blank\" rel=\"noreferrer noopener\">S-ryhm\u00e4 ABC-lataus<\/a><br><a href=\"http:\/\/www.synocus.com\/\" target=\"_blank\" rel=\"noreferrer noopener\">Synocus Oy<\/a><br><a href=\"http:\/\/www.takk.fi\/etusivu.html\" target=\"_blank\" rel=\"noreferrer noopener\">Tampereen Aikuiskoulutuss\u00e4\u00e4ti\u00f6 \/TAKK<\/a><br><a href=\"https:\/\/www.tuni.fi\/fi\" target=\"_blank\" rel=\"noreferrer noopener\">Tampereen korkeakoulus\u00e4\u00e4ti\u00f6<\/a><br><a href=\"http:\/\/www.vtt.fi\/\" target=\"_blank\" rel=\"noreferrer noopener\">Teknologian tutkimuskeskus VTT Oy<\/a><br><a href=\"http:\/\/www.turkuamk.fi\/fi\/\" target=\"_blank\" rel=\"noreferrer noopener\">Turun ammattikorkeakoulu<\/a><br><a href=\"https:\/\/www.utu.fi\/fi\" id=\"https:\/\/www.utu.fi\/fi\" target=\"_blank\" rel=\"noreferrer noopener\">Turun yliopisto<\/a><br><a href=\"https:\/\/www.utugroup.com\/fi\/\" target=\"_blank\" rel=\"noreferrer noopener\">UTU Oy<\/a><br><a href=\"https:\/\/vdlbus.fi\/\" target=\"_blank\" rel=\"noreferrer noopener\">VDL Bus &amp; Coach Finland Oy<\/a><br><a href=\"https:\/\/www.veho.fi\/\" target=\"_blank\" rel=\"noreferrer noopener\">Veho Oy Ab<\/a><\/p>\n<\/div>\n<\/div>\n\n\n\n<p><br><\/p>\n<\/div>\n<\/div>\n","protected":false},"excerpt":{"rendered":"","protected":false},"author":8,"featured_media":0,"parent":120,"menu_order":2,"comment_status":"closed","ping_status":"closed","template":"","meta":{"_acf_changed":false,"_relevanssi_hide_post":"","_relevanssi_hide_content":"","_relevanssi_pin_for_all":"","_relevanssi_pin_keywords":"","_relevanssi_unpin_keywords":"","_relevanssi_related_keywords":"","_relevanssi_related_include_ids":"","_relevanssi_related_exclude_ids":"","_relevanssi_related_no_append":"","_relevanssi_related_not_related":"","_relevanssi_related_posts":"54,48,55,53,56,57","_relevanssi_noindex_reason":"","inline_featured_image":false,"footnotes":""},"class_list":["post-123","page","type-page","status-publish","hentry"],"acf":[],"yoast_head":"<!-- This site is optimized with the Yoast SEO Premium plugin v27.1 (Yoast SEO v27.4) - https:\/\/yoast.com\/product\/yoast-seo-premium-wordpress\/ -->\n<title>J\u00e4senet - S\u00e4hk\u00f6inen liikenne<\/title>\n<meta name=\"robots\" content=\"index, follow, max-snippet:-1, max-image-preview:large, max-video-preview:-1\" \/>\n<link rel=\"canonical\" href=\"https:\/\/teknologiateollisuus.fi\/emobility\/tietoa-meista\/jasenet\/\" \/>\n<meta property=\"og:locale\" content=\"fi_FI\" \/>\n<meta property=\"og:type\" content=\"article\" \/>\n<meta property=\"og:title\" content=\"J\u00e4senet\" \/>\n<meta property=\"og:url\" content=\"https:\/\/teknologiateollisuus.fi\/emobility\/tietoa-meista\/jasenet\/\" \/>\n<meta property=\"og:site_name\" content=\"S\u00e4hk\u00f6inen liikenne\" \/>\n<meta property=\"article:modified_time\" content=\"2026-03-26T09:23:00+00:00\" \/>\n<meta name=\"twitter:card\" content=\"summary_large_image\" \/>\n<meta name=\"twitter:label1\" content=\"Arvioitu lukuaika\" \/>\n\t<meta name=\"twitter:data1\" content=\"1 minuutti\" \/>\n<script type=\"application\/ld+json\" class=\"yoast-schema-graph\">{\"@context\":\"https:\\\/\\\/schema.org\",\"@graph\":[{\"@type\":\"WebPage\",\"@id\":\"https:\\\/\\\/teknologiateollisuus.fi\\\/emobility\\\/tietoa-meista\\\/jasenet\\\/\",\"url\":\"https:\\\/\\\/teknologiateollisuus.fi\\\/emobility\\\/tietoa-meista\\\/jasenet\\\/\",\"name\":\"J\u00e4senet - S\u00e4hk\u00f6inen liikenne\",\"isPartOf\":{\"@id\":\"https:\\\/\\\/teknologiateollisuus.fi\\\/emobility\\\/#website\"},\"datePublished\":\"2024-06-06T09:05:34+00:00\",\"dateModified\":\"2026-03-26T09:23:00+00:00\",\"breadcrumb\":{\"@id\":\"https:\\\/\\\/teknologiateollisuus.fi\\\/emobility\\\/tietoa-meista\\\/jasenet\\\/#breadcrumb\"},\"inLanguage\":\"fi\",\"potentialAction\":[{\"@type\":\"ReadAction\",\"target\":[\"https:\\\/\\\/teknologiateollisuus.fi\\\/emobility\\\/tietoa-meista\\\/jasenet\\\/\"]}]},{\"@type\":\"BreadcrumbList\",\"@id\":\"https:\\\/\\\/teknologiateollisuus.fi\\\/emobility\\\/tietoa-meista\\\/jasenet\\\/#breadcrumb\",\"itemListElement\":[{\"@type\":\"ListItem\",\"position\":1,\"name\":\"Etusivu\",\"item\":\"https:\\\/\\\/teknologiateollisuus.fi\\\/emobility\\\/\"},{\"@type\":\"ListItem\",\"position\":2,\"name\":\"Tietoa meist\u00e4\",\"item\":\"https:\\\/\\\/teknologiateollisuus.fi\\\/emobility\\\/tietoa-meista\\\/\"},{\"@type\":\"ListItem\",\"position\":3,\"name\":\"J\u00e4senet\"}]},{\"@type\":\"WebSite\",\"@id\":\"https:\\\/\\\/teknologiateollisuus.fi\\\/emobility\\\/#website\",\"url\":\"https:\\\/\\\/teknologiateollisuus.fi\\\/emobility\\\/\",\"name\":\"S\u00e4hk\u00f6inen liikenne\",\"description\":\"\",\"potentialAction\":[{\"@type\":\"SearchAction\",\"target\":{\"@type\":\"EntryPoint\",\"urlTemplate\":\"https:\\\/\\\/teknologiateollisuus.fi\\\/emobility\\\/?s={search_term_string}\"},\"query-input\":{\"@type\":\"PropertyValueSpecification\",\"valueRequired\":true,\"valueName\":\"search_term_string\"}}],\"inLanguage\":\"fi\"}]}<\/script>\n<!-- \/ Yoast SEO Premium plugin. -->","yoast_head_json":{"title":"J\u00e4senet - S\u00e4hk\u00f6inen liikenne","robots":{"index":"index","follow":"follow","max-snippet":"max-snippet:-1","max-image-preview":"max-image-preview:large","max-video-preview":"max-video-preview:-1"},"canonical":"https:\/\/teknologiateollisuus.fi\/emobility\/tietoa-meista\/jasenet\/","og_locale":"fi_FI","og_type":"article","og_title":"J\u00e4senet","og_url":"https:\/\/teknologiateollisuus.fi\/emobility\/tietoa-meista\/jasenet\/","og_site_name":"S\u00e4hk\u00f6inen liikenne","article_modified_time":"2026-03-26T09:23:00+00:00","twitter_card":"summary_large_image","twitter_misc":{"Arvioitu lukuaika":"1 minuutti"},"schema":{"@context":"https:\/\/schema.org","@graph":[{"@type":"WebPage","@id":"https:\/\/teknologiateollisuus.fi\/emobility\/tietoa-meista\/jasenet\/","url":"https:\/\/teknologiateollisuus.fi\/emobility\/tietoa-meista\/jasenet\/","name":"J\u00e4senet - S\u00e4hk\u00f6inen liikenne","isPartOf":{"@id":"https:\/\/teknologiateollisuus.fi\/emobility\/#website"},"datePublished":"2024-06-06T09:05:34+00:00","dateModified":"2026-03-26T09:23:00+00:00","breadcrumb":{"@id":"https:\/\/teknologiateollisuus.fi\/emobility\/tietoa-meista\/jasenet\/#breadcrumb"},"inLanguage":"fi","potentialAction":[{"@type":"ReadAction","target":["https:\/\/teknologiateollisuus.fi\/emobility\/tietoa-meista\/jasenet\/"]}]},{"@type":"BreadcrumbList","@id":"https:\/\/teknologiateollisuus.fi\/emobility\/tietoa-meista\/jasenet\/#breadcrumb","itemListElement":[{"@type":"ListItem","position":1,"name":"Etusivu","item":"https:\/\/teknologiateollisuus.fi\/emobility\/"},{"@type":"ListItem","position":2,"name":"Tietoa meist\u00e4","item":"https:\/\/teknologiateollisuus.fi\/emobility\/tietoa-meista\/"},{"@type":"ListItem","position":3,"name":"J\u00e4senet"}]},{"@type":"WebSite","@id":"https:\/\/teknologiateollisuus.fi\/emobility\/#website","url":"https:\/\/teknologiateollisuus.fi\/emobility\/","name":"S\u00e4hk\u00f6inen liikenne","description":"","potentialAction":[{"@type":"SearchAction","target":{"@type":"EntryPoint","urlTemplate":"https:\/\/teknologiateollisuus.fi\/emobility\/?s={search_term_string}"},"query-input":{"@type":"PropertyValueSpecification","valueRequired":true,"valueName":"search_term_string"}}],"inLanguage":"fi"}]}},"lang":"fi","translations":{"fi":123},"pll_sync_post":[],"_links":{"self":[{"href":"https:\/\/teknologiateollisuus.fi\/emobility\/wp-json\/wp\/v2\/pages\/123","targetHints":{"allow":["GET"]}}],"collection":[{"href":"https:\/\/teknologiateollisuus.fi\/emobility\/wp-json\/wp\/v2\/pages"}],"about":[{"href":"https:\/\/teknologiateollisuus.fi\/emobility\/wp-json\/wp\/v2\/types\/page"}],"author":[{"embeddable":true,"href":"https:\/\/teknologiateollisuus.fi\/emobility\/wp-json\/wp\/v2\/users\/8"}],"replies":[{"embeddable":true,"href":"https:\/\/teknologiateollisuus.fi\/emobility\/wp-json\/wp\/v2\/comments?post=123"}],"version-history":[{"count":21,"href":"https:\/\/teknologiateollisuus.fi\/emobility\/wp-json\/wp\/v2\/pages\/123\/revisions"}],"predecessor-version":[{"id":876,"href":"https:\/\/teknologiateollisuus.fi\/emobility\/wp-json\/wp\/v2\/pages\/123\/revisions\/876"}],"up":[{"embeddable":true,"href":"https:\/\/teknologiateollisuus.fi\/emobility\/wp-json\/wp\/v2\/pages\/120"}],"wp:attachment":[{"href":"https:\/\/teknologiateollisuus.fi\/emobility\/wp-json\/wp\/v2\/media?parent=123"}],"curies":[{"name":"wp","href":"https:\/\/api.w.org\/{rel}","templated":true}]}}