{"id":262,"date":"2024-07-12T13:32:21","date_gmt":"2024-07-12T10:32:21","guid":{"rendered":"https:\/\/emobility.teknologiateollisuus.fi\/?page_id=262"},"modified":"2026-02-02T13:21:28","modified_gmt":"2026-02-02T11:21:28","slug":"lainsaadanto","status":"publish","type":"page","link":"https:\/\/teknologiateollisuus.fi\/emobility\/tietoa-toimialasta\/lainsaadanto\/","title":{"rendered":"Lains\u00e4\u00e4d\u00e4nt\u00f6"},"content":{"rendered":"\n<div class=\"em-block-hero hero-has-background-color has-background has-petrol-background-color has-image media-position-right \">\n\t<div class=\"em-block-hero__container\">\n\t\t<div class=\"em-block-hero__content\">\n\t\t\t<div class=\"yoast-breadcrumbs\"><span><span><a href=\"https:\/\/teknologiateollisuus.fi\/emobility\/\">Etusivu<\/a><\/span> <span class=\"separator\"><\/span> <span><a href=\"https:\/\/teknologiateollisuus.fi\/emobility\/tietoa-toimialasta\/\">Vaikutamme<\/a><\/span> <span class=\"separator\"><\/span> <span class=\"breadcrumb_last\" aria-current=\"page\">Lains\u00e4\u00e4d\u00e4nt\u00f6<\/span><\/span><\/div>\t\t\t\n<h1 class=\"wp-block-heading\" id=\"h-lainsaadanto\">Lains\u00e4\u00e4d\u00e4nt\u00f6<\/h1>\n\n<p><\/p>\n\t\t\t<div class=\"em-block-hero__modified-date\"> P\u00e4ivitetty 02.02.2026 klo 13:21<\/div>\t\t<\/div>\n\t\t\t\t\t<figure class=\"em-block-hero__image\">\n\t\t\t\t<img loading=\"lazy\" decoding=\"async\" width=\"1044\" height=\"696\" src=\"https:\/\/teknologiateollisuus.fi\/emobility\/wp-content\/uploads\/sites\/9\/2025\/04\/Pienitiedosto_Sahk_liikenne_2283.jpeg\" class=\"attachment-hero size-hero\" alt=\"Latausasema\" srcset=\"https:\/\/teknologiateollisuus.fi\/emobility\/wp-content\/uploads\/sites\/9\/2025\/04\/Pienitiedosto_Sahk_liikenne_2283.jpeg 1044w, https:\/\/teknologiateollisuus.fi\/emobility\/wp-content\/uploads\/sites\/9\/2025\/04\/Pienitiedosto_Sahk_liikenne_2283-400x267.jpeg 400w, https:\/\/teknologiateollisuus.fi\/emobility\/wp-content\/uploads\/sites\/9\/2025\/04\/Pienitiedosto_Sahk_liikenne_2283-968x645.jpeg 968w, https:\/\/teknologiateollisuus.fi\/emobility\/wp-content\/uploads\/sites\/9\/2025\/04\/Pienitiedosto_Sahk_liikenne_2283-768x512.jpeg 768w\" sizes=\"auto, (max-width: 1044px) 100vw, 1044px\" \/>\t\t\t<\/figure>\n\t\t\t<\/div>\n<\/div>\n\n\n\n<div class=\"wp-block-evermade-accordion em-block-accordion js-accordion-group\">\n<div class=\"wp-block-evermade-accordion-item em-block-accordion-item js-accordion-item\"><h6 class=\"em-block-accordion-item__title-wrapper\"><button class=\"em-block-accordion-item__title js-accordion-controller\">Hiilineutraali Suomi 2035 \u2013 kansallinen ilmasto- ja energiastrategia<\/button><\/h6><div id=\"accordion-item-content-0\" class=\"em-block-accordion-item__content js-accordion-content\">\n<p>Kansallisessa ilmasto- ja energiastrategiassa linjataan toimia, jolla Suomi t\u00e4ytt\u00e4\u00e4 EU:n vuoden 2030 ilmastovelvoitteet ja saavuttaa ilmastolain mukaiset tavoitteet kasvihuonekaasujen v\u00e4hent\u00e4misest\u00e4 60 prosentilla vuoteen 2030 menness\u00e4 ja vuotta 2035 koskevan hiilineutraaliustavoitteen. Uusiutuvan energian osuuden arvioidaan nousevan vuonna 2030 yli EU:n 55-valmiuspaketissa esitetyn Suomen ohjeellisen v\u00e4himm\u00e4isosuuden. Sen sijaan 55-valmiuspaketin ohjeellinen energian loppukulutuksen enimm\u00e4ism\u00e4\u00e4r\u00e4 Suomelle vuonna 2030 ylittyy skenaariolaskelmien mukaisessa kehityksess\u00e4.<br><br>P\u00e4\u00e4st\u00f6kauppaj\u00e4rjestelm\u00e4 ja pitk\u00e4j\u00e4nteinen ennustettava ilmasto- ja energiapolitiikka ovat strategian keskeisi\u00e4 ohjauskeinoja. Strategiassa linjattavin toimin parannetaan yritysten mahdollisuuksia tehd\u00e4 pitk\u00e4j\u00e4nteisesti investointeja edistyneeseen puhtaaseen teknologiaan.<br><br><a href=\"https:\/\/julkaisut.valtioneuvosto.fi\/bitstream\/handle\/10024\/164321\/TEM_2022_53.pdf?sequence=1&amp;isAllowed=y\" target=\"_blank\" rel=\"noreferrer noopener\">Ilmasto- ja energiastrategia<\/a><\/p>\n<\/div><\/div>\n\n\n\n<div class=\"wp-block-evermade-accordion-item em-block-accordion-item js-accordion-item\"><h6 class=\"em-block-accordion-item__title-wrapper\"><button class=\"em-block-accordion-item__title js-accordion-controller\">Ilmastolaki<\/button><\/h6><div id=\"accordion-item-content-1\" class=\"em-block-accordion-item__content js-accordion-content\">\n<p>Sanna Marinin hallituksen hallitusohjelman mukaan Suomen\u00a0tavoitteena on olla hiilineutraali vuoteen 2035 menness\u00e4. Tavoitteen saavuttamiseksi ilmastolakia on uudistettu. Uuden ilmastolain keskeisen\u00e4 tavoitteena on varmistaa, ett\u00e4 Suomi saavuttaa hiilineutraaliuden viimeist\u00e4\u00e4n vuonna 2035.<br><br>Uusi ilmastolaki (423\/2022) tuli\u00a0voimaan 1.7.2022. Edellinen ilmastolaki, joka my\u00f6s oli Suomen ensimm\u00e4inen ilmastolaki, oli vuodelta 2015.\u00a0Ilmastolaissa s\u00e4\u00e4det\u00e4\u00e4n ilmastopolitiikan suunnittelusta ja seurannasta sek\u00e4 kansallisista ilmastotavoitteista. Ilmastolaissa asetetaan velvoitteita viranomaisille.\u00a0<br><\/p>\n<\/div><\/div>\n\n\n\n<div class=\"wp-block-evermade-accordion-item em-block-accordion-item js-accordion-item\"><h6 class=\"em-block-accordion-item__title-wrapper\"><button class=\"em-block-accordion-item__title js-accordion-controller\">Keskipitk\u00e4n aikav\u00e4lin ilmastopolitiikan suunnitelma Kohti hiilineutraalia yhteiskuntaa 2035<\/button><\/h6><div id=\"accordion-item-content-2\" class=\"em-block-accordion-item__content js-accordion-content\">\n<p>Keskipitk\u00e4n aikav\u00e4lin ilmastopolitiikan suunnitelman laatimisesta on s\u00e4\u00e4detty ilmastolaissa. J\u00e4rjestyksess\u00e4\u00e4n toisen Keskipitk\u00e4n aikav\u00e4lin ilmastopolitiikan suunnitelman l\u00e4ht\u00f6kohtia ovat EU:n komission ehdottama vuoden 2030 kiristynyt p\u00e4\u00e4st\u00f6v\u00e4hennysvelvoite ja Marinin hallitusohjelman ilmastolinjaukset.<br><br>Keskipitk\u00e4n aikav\u00e4lin ilmastopolitiikan suunnitelma koskee ns. taakanjakosektoria eli p\u00e4\u00e4st\u00f6kaupan ulkopuolisia sektoreita maank\u00e4ytt\u00f6sektoria lukuun ottamatta. Taakanjakosektorille kuuluvat liikenteen, maatalouden, rakennusten erillisl\u00e4mmityksen, ty\u00f6koneiden, j\u00e4tehuollon ja F-kaasujen p\u00e4\u00e4st\u00f6t sek\u00e4 p\u00e4\u00e4st\u00f6kaupan ulkopuolisen teollisuuden ja muun energian-k\u00e4yt\u00f6n p\u00e4\u00e4st\u00f6j\u00e4.<br><br>Komission ehdotuksen mukaan Suomen p\u00e4\u00e4st\u00f6v\u00e4hennysvelvoite taakanjakosektorille vuodelle 2030 on 50 % verrattuna vuoden 2005 tasoon, ja hallitusohjelmassa tavoitteeksi on asetettu, ett\u00e4 Suomi on hiilineutraali vuoteen 2035 menness\u00e4. Nykyiset toimet eiv\u00e4t riit\u00e4 tavoitteiden saavuttamiseen. Keskipitk\u00e4n aikav\u00e4lin ilmastopolitiikan suunnitelmassa arvioidaan mill\u00e4 toimilla ero saadaan kurottua umpeen, ja miten p\u00e4\u00e4st\u00f6t v\u00e4henev\u00e4t taakanjakosektorin osalta niin, ett\u00e4 hiilineutraaliustavoite on mahdollista saavuttaa.<br><br>Suunnitelmaa on valmisteltu rinnakkain ilmasto- ja energiastrategian kanssa ja laatimisen perustana on yhteiset skenaariolaskelmat. Keskipitk\u00e4n aikav\u00e4lin ilmastopolitiikan suunnitelmassa tarkastellaan my\u00f6s poikkileikkaavia teemoja, kuten alueellista ilmastoty\u00f6t\u00e4 ja kulutusta.<br><br><a href=\"https:\/\/julkaisut.valtioneuvosto.fi\/bitstream\/handle\/10024\/164186\/YM_2022_12.pdf?sequence=4&amp;isAllowed=y\" target=\"_blank\" rel=\"noreferrer noopener\">Keskipitk\u00e4n aikav\u00e4lin ilmastopolitiikan suunnitelma<\/a><\/p>\n<\/div><\/div>\n<\/div>\n\n\n\n<p><em>Yl\u00e4kuva: Liisa Takala<\/em><\/p>\n","protected":false},"excerpt":{"rendered":"<p>Yl\u00e4kuva: Liisa Takala<\/p>\n","protected":false},"author":52,"featured_media":0,"parent":26,"menu_order":4,"comment_status":"closed","ping_status":"closed","template":"","meta":{"_acf_changed":false,"_relevanssi_hide_post":"","_relevanssi_hide_content":"","_relevanssi_pin_for_all":"","_relevanssi_pin_keywords":"","_relevanssi_unpin_keywords":"","_relevanssi_related_keywords":"","_relevanssi_related_include_ids":"","_relevanssi_related_exclude_ids":"","_relevanssi_related_no_append":"","_relevanssi_related_not_related":"","_relevanssi_related_posts":"200,54,48,53,57,55","_relevanssi_noindex_reason":"","inline_featured_image":false,"footnotes":""},"class_list":["post-262","page","type-page","status-publish","hentry"],"acf":[],"yoast_head":"<!-- This site is optimized with the Yoast SEO Premium plugin v27.1 (Yoast SEO v27.4) - https:\/\/yoast.com\/product\/yoast-seo-premium-wordpress\/ -->\n<title>Lains\u00e4\u00e4d\u00e4nt\u00f6 - S\u00e4hk\u00f6inen liikenne<\/title>\n<meta name=\"robots\" content=\"index, follow, max-snippet:-1, max-image-preview:large, max-video-preview:-1\" \/>\n<link rel=\"canonical\" href=\"https:\/\/teknologiateollisuus.fi\/emobility\/tietoa-toimialasta\/lainsaadanto\/\" \/>\n<meta property=\"og:locale\" content=\"fi_FI\" \/>\n<meta property=\"og:type\" content=\"article\" \/>\n<meta property=\"og:title\" content=\"Lains\u00e4\u00e4d\u00e4nt\u00f6\" \/>\n<meta property=\"og:description\" content=\"Yl\u00e4kuva: Liisa Takala\" \/>\n<meta property=\"og:url\" content=\"https:\/\/teknologiateollisuus.fi\/emobility\/tietoa-toimialasta\/lainsaadanto\/\" \/>\n<meta property=\"og:site_name\" content=\"S\u00e4hk\u00f6inen liikenne\" \/>\n<meta property=\"article:modified_time\" content=\"2026-02-02T11:21:28+00:00\" \/>\n<meta name=\"twitter:card\" content=\"summary_large_image\" \/>\n<meta name=\"twitter:label1\" content=\"Arvioitu lukuaika\" \/>\n\t<meta name=\"twitter:data1\" content=\"2 minuuttia\" \/>\n<script type=\"application\/ld+json\" class=\"yoast-schema-graph\">{\"@context\":\"https:\\\/\\\/schema.org\",\"@graph\":[{\"@type\":\"WebPage\",\"@id\":\"https:\\\/\\\/teknologiateollisuus.fi\\\/emobility\\\/tietoa-toimialasta\\\/lainsaadanto\\\/\",\"url\":\"https:\\\/\\\/teknologiateollisuus.fi\\\/emobility\\\/tietoa-toimialasta\\\/lainsaadanto\\\/\",\"name\":\"Lains\u00e4\u00e4d\u00e4nt\u00f6 - S\u00e4hk\u00f6inen liikenne\",\"isPartOf\":{\"@id\":\"https:\\\/\\\/teknologiateollisuus.fi\\\/emobility\\\/#website\"},\"datePublished\":\"2024-07-12T10:32:21+00:00\",\"dateModified\":\"2026-02-02T11:21:28+00:00\",\"breadcrumb\":{\"@id\":\"https:\\\/\\\/teknologiateollisuus.fi\\\/emobility\\\/tietoa-toimialasta\\\/lainsaadanto\\\/#breadcrumb\"},\"inLanguage\":\"fi\",\"potentialAction\":[{\"@type\":\"ReadAction\",\"target\":[\"https:\\\/\\\/teknologiateollisuus.fi\\\/emobility\\\/tietoa-toimialasta\\\/lainsaadanto\\\/\"]}]},{\"@type\":\"BreadcrumbList\",\"@id\":\"https:\\\/\\\/teknologiateollisuus.fi\\\/emobility\\\/tietoa-toimialasta\\\/lainsaadanto\\\/#breadcrumb\",\"itemListElement\":[{\"@type\":\"ListItem\",\"position\":1,\"name\":\"Etusivu\",\"item\":\"https:\\\/\\\/teknologiateollisuus.fi\\\/emobility\\\/\"},{\"@type\":\"ListItem\",\"position\":2,\"name\":\"Vaikutamme\",\"item\":\"https:\\\/\\\/teknologiateollisuus.fi\\\/emobility\\\/tietoa-toimialasta\\\/\"},{\"@type\":\"ListItem\",\"position\":3,\"name\":\"Lains\u00e4\u00e4d\u00e4nt\u00f6\"}]},{\"@type\":\"WebSite\",\"@id\":\"https:\\\/\\\/teknologiateollisuus.fi\\\/emobility\\\/#website\",\"url\":\"https:\\\/\\\/teknologiateollisuus.fi\\\/emobility\\\/\",\"name\":\"S\u00e4hk\u00f6inen liikenne\",\"description\":\"\",\"potentialAction\":[{\"@type\":\"SearchAction\",\"target\":{\"@type\":\"EntryPoint\",\"urlTemplate\":\"https:\\\/\\\/teknologiateollisuus.fi\\\/emobility\\\/?s={search_term_string}\"},\"query-input\":{\"@type\":\"PropertyValueSpecification\",\"valueRequired\":true,\"valueName\":\"search_term_string\"}}],\"inLanguage\":\"fi\"}]}<\/script>\n<!-- \/ Yoast SEO Premium plugin. -->","yoast_head_json":{"title":"Lains\u00e4\u00e4d\u00e4nt\u00f6 - S\u00e4hk\u00f6inen liikenne","robots":{"index":"index","follow":"follow","max-snippet":"max-snippet:-1","max-image-preview":"max-image-preview:large","max-video-preview":"max-video-preview:-1"},"canonical":"https:\/\/teknologiateollisuus.fi\/emobility\/tietoa-toimialasta\/lainsaadanto\/","og_locale":"fi_FI","og_type":"article","og_title":"Lains\u00e4\u00e4d\u00e4nt\u00f6","og_description":"Yl\u00e4kuva: Liisa Takala","og_url":"https:\/\/teknologiateollisuus.fi\/emobility\/tietoa-toimialasta\/lainsaadanto\/","og_site_name":"S\u00e4hk\u00f6inen liikenne","article_modified_time":"2026-02-02T11:21:28+00:00","twitter_card":"summary_large_image","twitter_misc":{"Arvioitu lukuaika":"2 minuuttia"},"schema":{"@context":"https:\/\/schema.org","@graph":[{"@type":"WebPage","@id":"https:\/\/teknologiateollisuus.fi\/emobility\/tietoa-toimialasta\/lainsaadanto\/","url":"https:\/\/teknologiateollisuus.fi\/emobility\/tietoa-toimialasta\/lainsaadanto\/","name":"Lains\u00e4\u00e4d\u00e4nt\u00f6 - S\u00e4hk\u00f6inen liikenne","isPartOf":{"@id":"https:\/\/teknologiateollisuus.fi\/emobility\/#website"},"datePublished":"2024-07-12T10:32:21+00:00","dateModified":"2026-02-02T11:21:28+00:00","breadcrumb":{"@id":"https:\/\/teknologiateollisuus.fi\/emobility\/tietoa-toimialasta\/lainsaadanto\/#breadcrumb"},"inLanguage":"fi","potentialAction":[{"@type":"ReadAction","target":["https:\/\/teknologiateollisuus.fi\/emobility\/tietoa-toimialasta\/lainsaadanto\/"]}]},{"@type":"BreadcrumbList","@id":"https:\/\/teknologiateollisuus.fi\/emobility\/tietoa-toimialasta\/lainsaadanto\/#breadcrumb","itemListElement":[{"@type":"ListItem","position":1,"name":"Etusivu","item":"https:\/\/teknologiateollisuus.fi\/emobility\/"},{"@type":"ListItem","position":2,"name":"Vaikutamme","item":"https:\/\/teknologiateollisuus.fi\/emobility\/tietoa-toimialasta\/"},{"@type":"ListItem","position":3,"name":"Lains\u00e4\u00e4d\u00e4nt\u00f6"}]},{"@type":"WebSite","@id":"https:\/\/teknologiateollisuus.fi\/emobility\/#website","url":"https:\/\/teknologiateollisuus.fi\/emobility\/","name":"S\u00e4hk\u00f6inen liikenne","description":"","potentialAction":[{"@type":"SearchAction","target":{"@type":"EntryPoint","urlTemplate":"https:\/\/teknologiateollisuus.fi\/emobility\/?s={search_term_string}"},"query-input":{"@type":"PropertyValueSpecification","valueRequired":true,"valueName":"search_term_string"}}],"inLanguage":"fi"}]}},"lang":"fi","translations":{"fi":262},"pll_sync_post":[],"_links":{"self":[{"href":"https:\/\/teknologiateollisuus.fi\/emobility\/wp-json\/wp\/v2\/pages\/262","targetHints":{"allow":["GET"]}}],"collection":[{"href":"https:\/\/teknologiateollisuus.fi\/emobility\/wp-json\/wp\/v2\/pages"}],"about":[{"href":"https:\/\/teknologiateollisuus.fi\/emobility\/wp-json\/wp\/v2\/types\/page"}],"author":[{"embeddable":true,"href":"https:\/\/teknologiateollisuus.fi\/emobility\/wp-json\/wp\/v2\/users\/52"}],"replies":[{"embeddable":true,"href":"https:\/\/teknologiateollisuus.fi\/emobility\/wp-json\/wp\/v2\/comments?post=262"}],"version-history":[{"count":6,"href":"https:\/\/teknologiateollisuus.fi\/emobility\/wp-json\/wp\/v2\/pages\/262\/revisions"}],"predecessor-version":[{"id":864,"href":"https:\/\/teknologiateollisuus.fi\/emobility\/wp-json\/wp\/v2\/pages\/262\/revisions\/864"}],"up":[{"embeddable":true,"href":"https:\/\/teknologiateollisuus.fi\/emobility\/wp-json\/wp\/v2\/pages\/26"}],"wp:attachment":[{"href":"https:\/\/teknologiateollisuus.fi\/emobility\/wp-json\/wp\/v2\/media?parent=262"}],"curies":[{"name":"wp","href":"https:\/\/api.w.org\/{rel}","templated":true}]}}