{"id":296,"date":"2024-09-23T10:32:27","date_gmt":"2024-09-23T07:32:27","guid":{"rendered":"https:\/\/teknologiateollisuus.fi\/emobility\/?page_id=296"},"modified":"2025-04-11T14:44:07","modified_gmt":"2025-04-11T11:44:07","slug":"verkostot","status":"publish","type":"page","link":"https:\/\/teknologiateollisuus.fi\/emobility\/tietoa-meista\/verkostot\/","title":{"rendered":"Verkostot"},"content":{"rendered":"\n<div class=\"em-block-hero hero-has-background-color has-background has-petrol-background-color collapse media-position-right \">\n\t<div class=\"em-block-hero__container\">\n\t\t<div class=\"em-block-hero__content\">\n\t\t\t<div class=\"yoast-breadcrumbs\"><span><span><a href=\"https:\/\/teknologiateollisuus.fi\/emobility\/\">Etusivu<\/a><\/span> <span class=\"separator\"><\/span> <span><a href=\"https:\/\/teknologiateollisuus.fi\/emobility\/tietoa-meista\/\">Tietoa meist\u00e4<\/a><\/span> <span class=\"separator\"><\/span> <span class=\"breadcrumb_last\" aria-current=\"page\">Verkostot<\/span><\/span><\/div>\t\t\t\n<h1 class=\"wp-block-heading\" id=\"h-toimialan-kansainvalisia-ja-kotimaisia-jarjestoja\">Toimialan kansainv\u00e4lisi\u00e4 ja kotimaisia j\u00e4rjest\u00f6j\u00e4<\/h1>\n\n<p><\/p>\n\t\t\t<div class=\"em-block-hero__modified-date\"> P\u00e4ivitetty 11.04.2025 klo 14:44<\/div>\t\t<\/div>\n\t\t\t\t\t<figure class=\"em-block-hero__image\">\n\t\t\t\t\t\t\t<\/figure>\n\t\t\t<\/div>\n<\/div>\n\n\n\n<h2 class=\"wp-block-heading\" id=\"h-e-mobility-europe\" id=\"e-mobility-europe\">E-Mobility Europe<\/h2>\n\n\n\n<p>S\u00e4hk\u00f6inen liikenne ry on E-Mobility Europen j\u00e4senyhdistys.<\/p>\n\n\n\n<p>E-Mobility Europe on eurooppalainen j\u00e4rjest\u00f6, joka edist\u00e4\u00e4 s\u00e4hk\u00f6isen liikkuvuuden kehityst\u00e4 ja k\u00e4ytt\u00f6\u00e4. Se toimii s\u00e4hk\u00f6ajoneuvojen ja niiden infrastruktuurin puolestapuhujana Euroopassa. E-Mobility Europen j\u00e4senin\u00e4 on yrityksi\u00e4, tutkimuslaitoksia ja muita organisaatioita, jotka ovat kiinnostuneita s\u00e4hk\u00f6isen liikkuvuuden edist\u00e4misest\u00e4.<br><br><a href=\"https:\/\/www.emobilityeurope.org\/\" target=\"_blank\" rel=\"noreferrer noopener\">E-Mobility Europe<\/a><\/p>\n\n\n\n<figure class=\"wp-block-image size-large\"><img loading=\"lazy\" decoding=\"async\" width=\"968\" height=\"484\" src=\"https:\/\/teknologiateollisuus.fi\/emobility\/wp-content\/uploads\/sites\/9\/2025\/04\/EME-member-968x484.jpg\" alt=\"E-mobility logo\" class=\"wp-image-705\" srcset=\"https:\/\/teknologiateollisuus.fi\/emobility\/wp-content\/uploads\/sites\/9\/2025\/04\/EME-member-968x484.jpg 968w, https:\/\/teknologiateollisuus.fi\/emobility\/wp-content\/uploads\/sites\/9\/2025\/04\/EME-member-400x200.jpg 400w, https:\/\/teknologiateollisuus.fi\/emobility\/wp-content\/uploads\/sites\/9\/2025\/04\/EME-member-768x384.jpg 768w, https:\/\/teknologiateollisuus.fi\/emobility\/wp-content\/uploads\/sites\/9\/2025\/04\/EME-member.jpg 1200w\" sizes=\"auto, (max-width: 968px) 100vw, 968px\" \/><\/figure>\n\n\n\n<h2 class=\"wp-block-heading\" id=\"h-muita-kansainvalisia-jarjestoja-ja-organisaatioita\" id=\"muita-kansainvalisia-jarjestoja-ja-organisaatioita\">Muita kansainv\u00e4lisi\u00e4 j\u00e4rjest\u00f6j\u00e4 ja organisaatioita<\/h2>\n\n\n\n<p><a href=\"http:\/\/www.platformelectromobility.eu\/\" target=\"_blank\" rel=\"noreferrer noopener\">Platform for Electro-mobility<\/a><\/p>\n\n\n\n<p><a href=\"https:\/\/alternative-fuels-observatory.ec.europa.eu\/\" target=\"_blank\" rel=\"noreferrer noopener\">EAFO&nbsp;&#8211; European Alternative Fuels Observatory<\/a><\/p>\n\n\n\n<p><a href=\"https:\/\/orgalim.eu\" target=\"_blank\" rel=\"noreferrer noopener\">ORGALIM<\/a>&nbsp;&#8211; The European Engineering Industries Association<\/p>\n\n\n\n<p><a href=\"https:\/\/www.eurelectric.org\/\" target=\"_blank\" rel=\"noreferrer noopener\">EURELECTRIC&nbsp;<\/a>&#8211; The Union of the Electricity Industry<\/p>\n\n\n\n<p><a href=\"https:\/\/www.iea.org\/energy-system\/transport\" target=\"_blank\" rel=\"noreferrer noopener\">IEA&nbsp;<\/a>&#8211; International Energy Agency<\/p>\n\n\n\n<h2 class=\"wp-block-heading\" id=\"h-kotimaisia-jarjestoja-ja-organisaatioita\" id=\"kotimaisia-jarjestoja-ja-organisaatioita\">Kotimaisia j\u00e4rjest\u00f6j\u00e4 ja organisaatioita<\/h2>\n\n\n\n<p><a href=\"http:\/\/www.its-finland.fi\/\" target=\"_blank\" rel=\"noreferrer noopener\">ITS Finland<\/a>&nbsp;&#8211; \u00c4lykk\u00e4\u00e4n liikenteen verkosto<\/p>\n\n\n\n<p><a href=\"https:\/\/sesko.fi\/\" target=\"_blank\" rel=\"noreferrer noopener\">SESKO ry<\/a>&nbsp;&#8211; S\u00e4hk\u00f6- ja elektroniikka-alan kansallinen standardisoimisj\u00e4rjest\u00f6<\/p>\n\n\n\n<p><a href=\"https:\/\/sesko.fi\/standardointi\/sahkoautot-ja-latausjarjestelmat\/\" target=\"_blank\" rel=\"noreferrer noopener\">SESKO <\/a>&#8211;&nbsp;S\u00e4hk\u00f6autot ja latausj\u00e4rjestelm\u00e4t<\/p>\n\n\n\n<p><a href=\"https:\/\/www.aut.fi\/\" target=\"_blank\" rel=\"noreferrer noopener\">Autoalan tiedotuskeskus<\/a> &#8211; Autoalan tiedon p\u00e4\u00e4v\u00e4yl\u00e4<\/p>\n","protected":false},"excerpt":{"rendered":"<p>E-Mobility Europe S\u00e4hk\u00f6inen liikenne ry on E-Mobility Europen j\u00e4senyhdistys. E-Mobility Europe on eurooppalainen j\u00e4rjest\u00f6, joka edist\u00e4\u00e4 s\u00e4hk\u00f6isen liikkuvuuden kehityst\u00e4 ja k\u00e4ytt\u00f6\u00e4. Se toimii s\u00e4hk\u00f6ajoneuvojen ja niiden infrastruktuurin puolestapuhujana Euroopassa. E-Mobility Europen j\u00e4senin\u00e4 on yrityksi\u00e4, tutkimuslaitoksia ja muita organisaatioita, jotka ovat kiinnostuneita s\u00e4hk\u00f6isen liikkuvuuden edist\u00e4misest\u00e4. E-Mobility Europe Muita kansainv\u00e4lisi\u00e4 j\u00e4rjest\u00f6j\u00e4 ja organisaatioita Platform for Electro-mobility EAFO&nbsp;&#8211; [&hellip;]<\/p>\n","protected":false},"author":52,"featured_media":0,"parent":120,"menu_order":2,"comment_status":"closed","ping_status":"closed","template":"","meta":{"_acf_changed":false,"_relevanssi_hide_post":"","_relevanssi_hide_content":"","_relevanssi_pin_for_all":"","_relevanssi_pin_keywords":"","_relevanssi_unpin_keywords":"","_relevanssi_related_keywords":"","_relevanssi_related_include_ids":"","_relevanssi_related_exclude_ids":"","_relevanssi_related_no_append":"","_relevanssi_related_not_related":"","_relevanssi_related_posts":"200","_relevanssi_noindex_reason":"","inline_featured_image":false,"footnotes":""},"class_list":["post-296","page","type-page","status-publish","hentry"],"acf":[],"yoast_head":"<!-- This site is optimized with the Yoast SEO Premium plugin v27.1 (Yoast SEO v27.4) - https:\/\/yoast.com\/product\/yoast-seo-premium-wordpress\/ -->\n<title>Verkostot - S\u00e4hk\u00f6inen liikenne<\/title>\n<meta name=\"robots\" content=\"index, follow, max-snippet:-1, max-image-preview:large, max-video-preview:-1\" \/>\n<link rel=\"canonical\" href=\"https:\/\/teknologiateollisuus.fi\/emobility\/tietoa-meista\/verkostot\/\" \/>\n<meta property=\"og:locale\" content=\"fi_FI\" \/>\n<meta property=\"og:type\" content=\"article\" \/>\n<meta property=\"og:title\" content=\"Verkostot\" \/>\n<meta property=\"og:description\" content=\"E-Mobility Europe S\u00e4hk\u00f6inen liikenne ry on E-Mobility Europen j\u00e4senyhdistys. E-Mobility Europe on eurooppalainen j\u00e4rjest\u00f6, joka edist\u00e4\u00e4 s\u00e4hk\u00f6isen liikkuvuuden kehityst\u00e4 ja k\u00e4ytt\u00f6\u00e4. Se toimii s\u00e4hk\u00f6ajoneuvojen ja niiden infrastruktuurin puolestapuhujana Euroopassa. E-Mobility Europen j\u00e4senin\u00e4 on yrityksi\u00e4, tutkimuslaitoksia ja muita organisaatioita, jotka ovat kiinnostuneita s\u00e4hk\u00f6isen liikkuvuuden edist\u00e4misest\u00e4. E-Mobility Europe Muita kansainv\u00e4lisi\u00e4 j\u00e4rjest\u00f6j\u00e4 ja organisaatioita Platform for Electro-mobility EAFO&nbsp;&#8211; [&hellip;]\" \/>\n<meta property=\"og:url\" content=\"https:\/\/teknologiateollisuus.fi\/emobility\/tietoa-meista\/verkostot\/\" \/>\n<meta property=\"og:site_name\" content=\"S\u00e4hk\u00f6inen liikenne\" \/>\n<meta property=\"article:modified_time\" content=\"2025-04-11T11:44:07+00:00\" \/>\n<meta property=\"og:image\" content=\"https:\/\/teknologiateollisuus.fi\/emobility\/wp-content\/uploads\/sites\/9\/2025\/04\/EME-member.jpg\" \/>\n\t<meta property=\"og:image:width\" content=\"1200\" \/>\n\t<meta property=\"og:image:height\" content=\"600\" \/>\n\t<meta property=\"og:image:type\" content=\"image\/jpeg\" \/>\n<meta name=\"twitter:card\" content=\"summary_large_image\" \/>\n<meta name=\"twitter:label1\" content=\"Arvioitu lukuaika\" \/>\n\t<meta name=\"twitter:data1\" content=\"1 minuutti\" \/>\n<script type=\"application\/ld+json\" class=\"yoast-schema-graph\">{\"@context\":\"https:\\\/\\\/schema.org\",\"@graph\":[{\"@type\":\"WebPage\",\"@id\":\"https:\\\/\\\/teknologiateollisuus.fi\\\/emobility\\\/tietoa-meista\\\/verkostot\\\/\",\"url\":\"https:\\\/\\\/teknologiateollisuus.fi\\\/emobility\\\/tietoa-meista\\\/verkostot\\\/\",\"name\":\"Verkostot - S\u00e4hk\u00f6inen liikenne\",\"isPartOf\":{\"@id\":\"https:\\\/\\\/teknologiateollisuus.fi\\\/emobility\\\/#website\"},\"primaryImageOfPage\":{\"@id\":\"https:\\\/\\\/teknologiateollisuus.fi\\\/emobility\\\/tietoa-meista\\\/verkostot\\\/#primaryimage\"},\"image\":{\"@id\":\"https:\\\/\\\/teknologiateollisuus.fi\\\/emobility\\\/tietoa-meista\\\/verkostot\\\/#primaryimage\"},\"thumbnailUrl\":\"https:\\\/\\\/teknologiateollisuus.fi\\\/emobility\\\/wp-content\\\/uploads\\\/sites\\\/9\\\/2025\\\/04\\\/EME-member-968x484.jpg\",\"datePublished\":\"2024-09-23T07:32:27+00:00\",\"dateModified\":\"2025-04-11T11:44:07+00:00\",\"breadcrumb\":{\"@id\":\"https:\\\/\\\/teknologiateollisuus.fi\\\/emobility\\\/tietoa-meista\\\/verkostot\\\/#breadcrumb\"},\"inLanguage\":\"fi\",\"potentialAction\":[{\"@type\":\"ReadAction\",\"target\":[\"https:\\\/\\\/teknologiateollisuus.fi\\\/emobility\\\/tietoa-meista\\\/verkostot\\\/\"]}]},{\"@type\":\"ImageObject\",\"inLanguage\":\"fi\",\"@id\":\"https:\\\/\\\/teknologiateollisuus.fi\\\/emobility\\\/tietoa-meista\\\/verkostot\\\/#primaryimage\",\"url\":\"https:\\\/\\\/teknologiateollisuus.fi\\\/emobility\\\/wp-content\\\/uploads\\\/sites\\\/9\\\/2025\\\/04\\\/EME-member.jpg\",\"contentUrl\":\"https:\\\/\\\/teknologiateollisuus.fi\\\/emobility\\\/wp-content\\\/uploads\\\/sites\\\/9\\\/2025\\\/04\\\/EME-member.jpg\",\"width\":1200,\"height\":600,\"caption\":\"E-mobility logo\"},{\"@type\":\"BreadcrumbList\",\"@id\":\"https:\\\/\\\/teknologiateollisuus.fi\\\/emobility\\\/tietoa-meista\\\/verkostot\\\/#breadcrumb\",\"itemListElement\":[{\"@type\":\"ListItem\",\"position\":1,\"name\":\"Etusivu\",\"item\":\"https:\\\/\\\/teknologiateollisuus.fi\\\/emobility\\\/\"},{\"@type\":\"ListItem\",\"position\":2,\"name\":\"Tietoa meist\u00e4\",\"item\":\"https:\\\/\\\/teknologiateollisuus.fi\\\/emobility\\\/tietoa-meista\\\/\"},{\"@type\":\"ListItem\",\"position\":3,\"name\":\"Verkostot\"}]},{\"@type\":\"WebSite\",\"@id\":\"https:\\\/\\\/teknologiateollisuus.fi\\\/emobility\\\/#website\",\"url\":\"https:\\\/\\\/teknologiateollisuus.fi\\\/emobility\\\/\",\"name\":\"S\u00e4hk\u00f6inen liikenne\",\"description\":\"\",\"potentialAction\":[{\"@type\":\"SearchAction\",\"target\":{\"@type\":\"EntryPoint\",\"urlTemplate\":\"https:\\\/\\\/teknologiateollisuus.fi\\\/emobility\\\/?s={search_term_string}\"},\"query-input\":{\"@type\":\"PropertyValueSpecification\",\"valueRequired\":true,\"valueName\":\"search_term_string\"}}],\"inLanguage\":\"fi\"}]}<\/script>\n<!-- \/ Yoast SEO Premium plugin. -->","yoast_head_json":{"title":"Verkostot - S\u00e4hk\u00f6inen liikenne","robots":{"index":"index","follow":"follow","max-snippet":"max-snippet:-1","max-image-preview":"max-image-preview:large","max-video-preview":"max-video-preview:-1"},"canonical":"https:\/\/teknologiateollisuus.fi\/emobility\/tietoa-meista\/verkostot\/","og_locale":"fi_FI","og_type":"article","og_title":"Verkostot","og_description":"E-Mobility Europe S\u00e4hk\u00f6inen liikenne ry on E-Mobility Europen j\u00e4senyhdistys. E-Mobility Europe on eurooppalainen j\u00e4rjest\u00f6, joka edist\u00e4\u00e4 s\u00e4hk\u00f6isen liikkuvuuden kehityst\u00e4 ja k\u00e4ytt\u00f6\u00e4. Se toimii s\u00e4hk\u00f6ajoneuvojen ja niiden infrastruktuurin puolestapuhujana Euroopassa. E-Mobility Europen j\u00e4senin\u00e4 on yrityksi\u00e4, tutkimuslaitoksia ja muita organisaatioita, jotka ovat kiinnostuneita s\u00e4hk\u00f6isen liikkuvuuden edist\u00e4misest\u00e4. E-Mobility Europe Muita kansainv\u00e4lisi\u00e4 j\u00e4rjest\u00f6j\u00e4 ja organisaatioita Platform for Electro-mobility EAFO&nbsp;&#8211; [&hellip;]","og_url":"https:\/\/teknologiateollisuus.fi\/emobility\/tietoa-meista\/verkostot\/","og_site_name":"S\u00e4hk\u00f6inen liikenne","article_modified_time":"2025-04-11T11:44:07+00:00","og_image":[{"width":1200,"height":600,"url":"https:\/\/teknologiateollisuus.fi\/emobility\/wp-content\/uploads\/sites\/9\/2025\/04\/EME-member.jpg","type":"image\/jpeg"}],"twitter_card":"summary_large_image","twitter_misc":{"Arvioitu lukuaika":"1 minuutti"},"schema":{"@context":"https:\/\/schema.org","@graph":[{"@type":"WebPage","@id":"https:\/\/teknologiateollisuus.fi\/emobility\/tietoa-meista\/verkostot\/","url":"https:\/\/teknologiateollisuus.fi\/emobility\/tietoa-meista\/verkostot\/","name":"Verkostot - S\u00e4hk\u00f6inen liikenne","isPartOf":{"@id":"https:\/\/teknologiateollisuus.fi\/emobility\/#website"},"primaryImageOfPage":{"@id":"https:\/\/teknologiateollisuus.fi\/emobility\/tietoa-meista\/verkostot\/#primaryimage"},"image":{"@id":"https:\/\/teknologiateollisuus.fi\/emobility\/tietoa-meista\/verkostot\/#primaryimage"},"thumbnailUrl":"https:\/\/teknologiateollisuus.fi\/emobility\/wp-content\/uploads\/sites\/9\/2025\/04\/EME-member-968x484.jpg","datePublished":"2024-09-23T07:32:27+00:00","dateModified":"2025-04-11T11:44:07+00:00","breadcrumb":{"@id":"https:\/\/teknologiateollisuus.fi\/emobility\/tietoa-meista\/verkostot\/#breadcrumb"},"inLanguage":"fi","potentialAction":[{"@type":"ReadAction","target":["https:\/\/teknologiateollisuus.fi\/emobility\/tietoa-meista\/verkostot\/"]}]},{"@type":"ImageObject","inLanguage":"fi","@id":"https:\/\/teknologiateollisuus.fi\/emobility\/tietoa-meista\/verkostot\/#primaryimage","url":"https:\/\/teknologiateollisuus.fi\/emobility\/wp-content\/uploads\/sites\/9\/2025\/04\/EME-member.jpg","contentUrl":"https:\/\/teknologiateollisuus.fi\/emobility\/wp-content\/uploads\/sites\/9\/2025\/04\/EME-member.jpg","width":1200,"height":600,"caption":"E-mobility logo"},{"@type":"BreadcrumbList","@id":"https:\/\/teknologiateollisuus.fi\/emobility\/tietoa-meista\/verkostot\/#breadcrumb","itemListElement":[{"@type":"ListItem","position":1,"name":"Etusivu","item":"https:\/\/teknologiateollisuus.fi\/emobility\/"},{"@type":"ListItem","position":2,"name":"Tietoa meist\u00e4","item":"https:\/\/teknologiateollisuus.fi\/emobility\/tietoa-meista\/"},{"@type":"ListItem","position":3,"name":"Verkostot"}]},{"@type":"WebSite","@id":"https:\/\/teknologiateollisuus.fi\/emobility\/#website","url":"https:\/\/teknologiateollisuus.fi\/emobility\/","name":"S\u00e4hk\u00f6inen liikenne","description":"","potentialAction":[{"@type":"SearchAction","target":{"@type":"EntryPoint","urlTemplate":"https:\/\/teknologiateollisuus.fi\/emobility\/?s={search_term_string}"},"query-input":{"@type":"PropertyValueSpecification","valueRequired":true,"valueName":"search_term_string"}}],"inLanguage":"fi"}]}},"lang":"fi","translations":{"fi":296},"pll_sync_post":[],"_links":{"self":[{"href":"https:\/\/teknologiateollisuus.fi\/emobility\/wp-json\/wp\/v2\/pages\/296","targetHints":{"allow":["GET"]}}],"collection":[{"href":"https:\/\/teknologiateollisuus.fi\/emobility\/wp-json\/wp\/v2\/pages"}],"about":[{"href":"https:\/\/teknologiateollisuus.fi\/emobility\/wp-json\/wp\/v2\/types\/page"}],"author":[{"embeddable":true,"href":"https:\/\/teknologiateollisuus.fi\/emobility\/wp-json\/wp\/v2\/users\/52"}],"replies":[{"embeddable":true,"href":"https:\/\/teknologiateollisuus.fi\/emobility\/wp-json\/wp\/v2\/comments?post=296"}],"version-history":[{"count":11,"href":"https:\/\/teknologiateollisuus.fi\/emobility\/wp-json\/wp\/v2\/pages\/296\/revisions"}],"predecessor-version":[{"id":709,"href":"https:\/\/teknologiateollisuus.fi\/emobility\/wp-json\/wp\/v2\/pages\/296\/revisions\/709"}],"up":[{"embeddable":true,"href":"https:\/\/teknologiateollisuus.fi\/emobility\/wp-json\/wp\/v2\/pages\/120"}],"wp:attachment":[{"href":"https:\/\/teknologiateollisuus.fi\/emobility\/wp-json\/wp\/v2\/media?parent=296"}],"curies":[{"name":"wp","href":"https:\/\/api.w.org\/{rel}","templated":true}]}}