{"id":4,"date":"2024-06-04T09:26:49","date_gmt":"2024-06-04T06:26:49","guid":{"rendered":"https:\/\/emobility.teknologiateollisuus.fi\/?page_id=4"},"modified":"2025-10-30T11:20:09","modified_gmt":"2025-10-30T09:20:09","slug":"etusivu","status":"publish","type":"page","link":"https:\/\/teknologiateollisuus.fi\/emobility\/","title":{"rendered":"Etusivu"},"content":{"rendered":"\n<div class=\"em-block-hero-slider \">\n\t<div class=\"em-block-hero-slider__slider keen-slider\">\n\t\t\n<div class=\"em-block-hero hero-has-background-color has-background has-petrol-background-color \">\n\t<div class=\"em-block-hero__container\">\n\t\t<div class=\"em-block-hero__content\">\n\t\t\t\n<h1 class=\"wp-block-heading is-style-default\" id=\"h-sahkoinen-liikenne-2030\">S\u00e4hk\u00f6inen liikenne 2030<\/h1>\n\t\t<\/div>\n\t\t\t\t\t<figure class=\"em-block-hero__image\">\n\t\t\t\t<img loading=\"lazy\" decoding=\"async\" width=\"2456\" height=\"1496\" src=\"https:\/\/teknologiateollisuus.fi\/emobility\/wp-content\/uploads\/sites\/9\/2024\/09\/Sahkoinen-liikenne-Sahkoauto-sinun-valintasi-004.jpg\" class=\"attachment-hero size-hero\" alt=\"\" \/>\t\t\t<\/figure>\n\t\t\t<\/div>\n\n\t\t\t<a href=\"https:\/\/teknologiateollisuus.fi\/emobility\/tietoa-toimialasta\/sahkoinen-liikenne-2030\/\" class=\"em-block-hero__link\" aria-label=\"Lue lis\u00e4\u00e4\"><\/a>\n\t<\/div>\n\n<div class=\"em-block-hero hero-has-background-color has-background has-violet-background-color \">\n\t<div class=\"em-block-hero__container\">\n\t\t<div class=\"em-block-hero__content\">\n\t\t\t\n<h1 class=\"wp-block-heading\" id=\"h-sahkoauton-valinta\">S\u00e4hk\u00f6auton valinta<\/h1>\n\n<p><\/p>\n\t\t<\/div>\n\t\t\t\t\t<figure class=\"em-block-hero__image\">\n\t\t\t\t<img loading=\"lazy\" decoding=\"async\" width=\"1964\" height=\"1264\" src=\"https:\/\/teknologiateollisuus.fi\/emobility\/wp-content\/uploads\/sites\/9\/2024\/09\/Sahkoinen-liikenne-Sahkoauto-sinun-valintasi-003.jpg\" class=\"attachment-hero size-hero\" alt=\"Nainen pohtii eri k\u00e4ytt\u00f6voimavaihtoehtoja\" \/>\t\t\t<\/figure>\n\t\t\t<\/div>\n\n\t\t\t<a href=\"https:\/\/teknologiateollisuus.fi\/emobility\/sahkoinen-liikenne\/sahkoauto-sinun-valintasi\/\" class=\"em-block-hero__link\" aria-label=\"Lue lis\u00e4\u00e4\"><\/a>\n\t<\/div>\n\t<\/div>\n<\/div>\n\n\n\n\n<div id=\"\" class=\"em-block-latest-posts-grid  has-columns-4\">\n\t\t\t<h2 class=\"em-block-latest-posts-grid__heading\">Ajankohtaiset<\/h2>\n\t\t<div class=\"em-block-latest-posts-grid__card-wide\">\n\t\t\n<article class=\"em-block-post-card is-style-list layout-wide\">\n\t<a class=\"em-block-post-card__link\" href=\"https:\/\/teknologiateollisuus.fi\/emobility\/nordic-ev-summit-6-7-5-2026\/\" target=\"_self\">\n\t\t<div class=\"em-block-post-card__image\"><img loading=\"lazy\" decoding=\"async\" width=\"657\" height=\"573\" src=\"https:\/\/teknologiateollisuus.fi\/emobility\/wp-content\/uploads\/sites\/9\/2026\/03\/Nordic_EV_Summit_2026.jpg\" class=\"attachment-medium_large size-medium_large\" alt=\"\" srcset=\"https:\/\/teknologiateollisuus.fi\/emobility\/wp-content\/uploads\/sites\/9\/2026\/03\/Nordic_EV_Summit_2026.jpg 657w, https:\/\/teknologiateollisuus.fi\/emobility\/wp-content\/uploads\/sites\/9\/2026\/03\/Nordic_EV_Summit_2026-400x349.jpg 400w\" sizes=\"auto, (max-width: 657px) 100vw, 657px\" \/><\/div>\n\t\t<div class=\"em-block-post-card__content\">\n\t\t\t\t\t\t\t\t\t<h3 class=\"em-block-post-card__title\">Nordic EV Summit 6-7.5.2026<\/h3>\n\t\t\t\t\t\t\t<div class=\"em-block-post-card__excerpt\">\n\t\t\t\t\tRaskas liikenne on t\u00e4n\u00e4 vuonna keski\u00f6ss\u00e4 Nordic EV Summit \u2011tapahtumassa Oslossa 6.-7.5.2026\t\t\t\t<\/div>\n\t\t\t\t\t\t<div class=\"em-block-post-card__footer\">\n\t\t\t\t<time class=\"em-block-post-card__date\" datetime=\"2026-03-03\">\n\t\t\t\t\t3.3.2026\t\t\t\t<\/time>\n\t\t\t\t\t\t\t\t\t<div class=\"em-block-post-card__categories\">\n\t\t\t\t\t\t\t\t\t\t\t\t\t<span class=\"em-block-post-card__category\">Tapahtuma<\/span>\n\t\t\t\t\t\t\t\t\t\t\t<\/div>\n\t\t\t\t\t\t\t<\/div>\n\t\t<\/div>\n\t<\/a>\n<\/article>\n\t<\/div>\n\n\t<div class=\"em-block-latest-posts-grid__cards\">\n\t\t\n<article class=\"em-block-post-card  layout-wide\">\n\t<a class=\"em-block-post-card__link\" href=\"https:\/\/teknologiateollisuus.fi\/emobility\/raskaan-liikenteen-latausasemien-maara-kaksinkertaistui-2025-lopulla\/\" target=\"_self\">\n\t\t<div class=\"em-block-post-card__image\"><img loading=\"lazy\" decoding=\"async\" width=\"768\" height=\"512\" src=\"https:\/\/teknologiateollisuus.fi\/emobility\/wp-content\/uploads\/sites\/9\/2025\/04\/Pienitiedosto_Sahk_liikenne_2272-768x512.jpeg\" class=\"attachment-medium_large size-medium_large\" alt=\"\" srcset=\"https:\/\/teknologiateollisuus.fi\/emobility\/wp-content\/uploads\/sites\/9\/2025\/04\/Pienitiedosto_Sahk_liikenne_2272-768x512.jpeg 768w, https:\/\/teknologiateollisuus.fi\/emobility\/wp-content\/uploads\/sites\/9\/2025\/04\/Pienitiedosto_Sahk_liikenne_2272-400x267.jpeg 400w, https:\/\/teknologiateollisuus.fi\/emobility\/wp-content\/uploads\/sites\/9\/2025\/04\/Pienitiedosto_Sahk_liikenne_2272-968x645.jpeg 968w, https:\/\/teknologiateollisuus.fi\/emobility\/wp-content\/uploads\/sites\/9\/2025\/04\/Pienitiedosto_Sahk_liikenne_2272.jpeg 1044w\" sizes=\"auto, (max-width: 768px) 100vw, 768px\" \/><\/div>\n\t\t<div class=\"em-block-post-card__content\">\n\t\t\t\t\t\t\t\t\t<h3 class=\"em-block-post-card__title\">T\u00e4yss\u00e4hk\u00f6isten kuorma- ja pakettiautojen rekister\u00f6innit sek\u00e4 raskaan liikenteen latausasemien m\u00e4\u00e4r\u00e4 kovassa kasvussa<\/h3>\n\t\t\t\t\t\t<div class=\"em-block-post-card__footer\">\n\t\t\t\t<time class=\"em-block-post-card__date\" datetime=\"2026-01-28\">\n\t\t\t\t\t28.1.2026\t\t\t\t<\/time>\n\t\t\t\t\t\t\t\t\t<div class=\"em-block-post-card__categories\">\n\t\t\t\t\t\t\t\t\t\t\t\t\t<span class=\"em-block-post-card__category\">Uutinen<\/span>\n\t\t\t\t\t\t\t\t\t\t\t<\/div>\n\t\t\t\t\t\t\t<\/div>\n\t\t<\/div>\n\t<\/a>\n<\/article>\n\n<article class=\"em-block-post-card  layout-wide\">\n\t<a class=\"em-block-post-card__link\" href=\"https:\/\/teknologiateollisuus.fi\/emobility\/liikenteen-sahkoistymisesta-talouden-uudistaja-ja-uuden-liiketoiminnan-lahde\/\" target=\"_self\">\n\t\t<div class=\"em-block-post-card__image\"><img loading=\"lazy\" decoding=\"async\" width=\"768\" height=\"512\" src=\"https:\/\/teknologiateollisuus.fi\/emobility\/wp-content\/uploads\/sites\/9\/2025\/04\/Pienitiedosto_Sahk_liikenne_8062-768x512.jpeg\" class=\"attachment-medium_large size-medium_large\" alt=\"Teknologiateollisuus, toimialat 20250214 Kuva Liisa Takala. S\u00e4hk\u00f6inen liikenne. Virta, Salmisaari, Helsinki.\" srcset=\"https:\/\/teknologiateollisuus.fi\/emobility\/wp-content\/uploads\/sites\/9\/2025\/04\/Pienitiedosto_Sahk_liikenne_8062-768x512.jpeg 768w, https:\/\/teknologiateollisuus.fi\/emobility\/wp-content\/uploads\/sites\/9\/2025\/04\/Pienitiedosto_Sahk_liikenne_8062-400x267.jpeg 400w, https:\/\/teknologiateollisuus.fi\/emobility\/wp-content\/uploads\/sites\/9\/2025\/04\/Pienitiedosto_Sahk_liikenne_8062-968x645.jpeg 968w, https:\/\/teknologiateollisuus.fi\/emobility\/wp-content\/uploads\/sites\/9\/2025\/04\/Pienitiedosto_Sahk_liikenne_8062.jpeg 1044w\" sizes=\"auto, (max-width: 768px) 100vw, 768px\" \/><\/div>\n\t\t<div class=\"em-block-post-card__content\">\n\t\t\t\t\t\t\t\t\t<h3 class=\"em-block-post-card__title\">Liikenteen s\u00e4hk\u00f6istymisest\u00e4 talouden uudistaja ja uuden liiketoiminnan l\u00e4hde\u00a0<\/h3>\n\t\t\t\t\t\t<div class=\"em-block-post-card__footer\">\n\t\t\t\t<time class=\"em-block-post-card__date\" datetime=\"2025-11-18\">\n\t\t\t\t\t18.11.2025\t\t\t\t<\/time>\n\t\t\t\t\t\t\t\t\t<div class=\"em-block-post-card__categories\">\n\t\t\t\t\t\t\t\t\t\t\t\t\t<span class=\"em-block-post-card__category\">Tiedote<\/span>\n\t\t\t\t\t\t\t\t\t\t\t<\/div>\n\t\t\t\t\t\t\t<\/div>\n\t\t<\/div>\n\t<\/a>\n<\/article>\n\n<article class=\"em-block-post-card  layout-wide\">\n\t<a class=\"em-block-post-card__link\" href=\"https:\/\/teknologiateollisuus.fi\/emobility\/sahkokuorma-autojen-kanta-kaksinkertaistunut-viime-vuoteen-verrattuna\/\" target=\"_self\">\n\t\t<div class=\"em-block-post-card__image\"><img loading=\"lazy\" decoding=\"async\" width=\"768\" height=\"432\" src=\"https:\/\/teknologiateollisuus.fi\/emobility\/wp-content\/uploads\/sites\/9\/2024\/09\/Truck-stop-roadside-station_0-768x432.jpg\" class=\"attachment-medium_large size-medium_large\" alt=\"Truck stop\" srcset=\"https:\/\/teknologiateollisuus.fi\/emobility\/wp-content\/uploads\/sites\/9\/2024\/09\/Truck-stop-roadside-station_0-768x432.jpg 768w, https:\/\/teknologiateollisuus.fi\/emobility\/wp-content\/uploads\/sites\/9\/2024\/09\/Truck-stop-roadside-station_0-400x225.jpg 400w, https:\/\/teknologiateollisuus.fi\/emobility\/wp-content\/uploads\/sites\/9\/2024\/09\/Truck-stop-roadside-station_0-968x545.jpg 968w, https:\/\/teknologiateollisuus.fi\/emobility\/wp-content\/uploads\/sites\/9\/2024\/09\/Truck-stop-roadside-station_0-1536x864.jpg 1536w, https:\/\/teknologiateollisuus.fi\/emobility\/wp-content\/uploads\/sites\/9\/2024\/09\/Truck-stop-roadside-station_0-1300x731.jpg 1300w, https:\/\/teknologiateollisuus.fi\/emobility\/wp-content\/uploads\/sites\/9\/2024\/09\/Truck-stop-roadside-station_0-1440x810.jpg 1440w, https:\/\/teknologiateollisuus.fi\/emobility\/wp-content\/uploads\/sites\/9\/2024\/09\/Truck-stop-roadside-station_0.jpg 1920w\" sizes=\"auto, (max-width: 768px) 100vw, 768px\" \/><\/div>\n\t\t<div class=\"em-block-post-card__content\">\n\t\t\t\t\t\t\t\t\t<h3 class=\"em-block-post-card__title\">S\u00e4hk\u00f6kuorma-autojen kanta kaksinkertaistunut viime vuoteen verrattuna<\/h3>\n\t\t\t\t\t\t<div class=\"em-block-post-card__footer\">\n\t\t\t\t<time class=\"em-block-post-card__date\" datetime=\"2025-10-27\">\n\t\t\t\t\t27.10.2025\t\t\t\t<\/time>\n\t\t\t\t\t\t\t\t\t<div class=\"em-block-post-card__categories\">\n\t\t\t\t\t\t\t\t\t\t\t\t\t<span class=\"em-block-post-card__category\">Uutinen<\/span>\n\t\t\t\t\t\t\t\t\t\t\t<\/div>\n\t\t\t\t\t\t\t<\/div>\n\t\t<\/div>\n\t<\/a>\n<\/article>\n\n<article class=\"em-block-post-card  layout-wide\">\n\t<a class=\"em-block-post-card__link\" href=\"https:\/\/teknologiateollisuus.fi\/emobility\/eun-datasaadoksen-soveltaminen-alkaa-mita-yritysten-ja-organisaatioiden-on-hyva-tietaa\/\" target=\"_self\">\n\t\t<div class=\"em-block-post-card__image\"><img loading=\"lazy\" decoding=\"async\" width=\"768\" height=\"512\" src=\"https:\/\/teknologiateollisuus.fi\/emobility\/wp-content\/uploads\/sites\/9\/2025\/09\/EU-lippu_1-768x512.jpg\" class=\"attachment-medium_large size-medium_large\" alt=\"\" srcset=\"https:\/\/teknologiateollisuus.fi\/emobility\/wp-content\/uploads\/sites\/9\/2025\/09\/EU-lippu_1-768x512.jpg 768w, https:\/\/teknologiateollisuus.fi\/emobility\/wp-content\/uploads\/sites\/9\/2025\/09\/EU-lippu_1-400x267.jpg 400w, https:\/\/teknologiateollisuus.fi\/emobility\/wp-content\/uploads\/sites\/9\/2025\/09\/EU-lippu_1-968x645.jpg 968w, https:\/\/teknologiateollisuus.fi\/emobility\/wp-content\/uploads\/sites\/9\/2025\/09\/EU-lippu_1-1536x1024.jpg 1536w, https:\/\/teknologiateollisuus.fi\/emobility\/wp-content\/uploads\/sites\/9\/2025\/09\/EU-lippu_1-1300x867.jpg 1300w, https:\/\/teknologiateollisuus.fi\/emobility\/wp-content\/uploads\/sites\/9\/2025\/09\/EU-lippu_1-1440x960.jpg 1440w, https:\/\/teknologiateollisuus.fi\/emobility\/wp-content\/uploads\/sites\/9\/2025\/09\/EU-lippu_1.jpg 1920w\" sizes=\"auto, (max-width: 768px) 100vw, 768px\" \/><\/div>\n\t\t<div class=\"em-block-post-card__content\">\n\t\t\t\t\t\t\t\t\t<h3 class=\"em-block-post-card__title\">EU:n datas\u00e4\u00e4d\u00f6ksen soveltaminen alkaa \u2013 mit\u00e4 yritysten ja organisaatioiden on hyv\u00e4 tiet\u00e4\u00e4?<\/h3>\n\t\t\t\t\t\t<div class=\"em-block-post-card__footer\">\n\t\t\t\t<time class=\"em-block-post-card__date\" datetime=\"2025-09-10\">\n\t\t\t\t\t10.9.2025\t\t\t\t<\/time>\n\t\t\t\t\t\t\t\t\t<div class=\"em-block-post-card__categories\">\n\t\t\t\t\t\t\t\t\t\t\t\t\t<span class=\"em-block-post-card__category\">Tapahtuma<\/span>\n\t\t\t\t\t\t\t\t\t\t\t<\/div>\n\t\t\t\t\t\t\t<\/div>\n\t\t<\/div>\n\t<\/a>\n<\/article>\n\t<\/div>\n\t\t\t<div class=\"em-block-latest-posts-grid__button\">\n\t\t\t<a class=\"button\" href=\"https:\/\/emobility.teknologiateollisuus.fi\/ajankohtaista\/\">Lis\u00e4\u00e4 ajankohtaisia<\/a>\n\t\t<\/div>\n\t<\/div>\n\n\n\n<div class=\"wp-block-evermade-card-grid em-block-card-grid has-columns-3 em-block-content-card-grid column-gap-xs row-gap-xs\">\n<article class=\"em-block-content-card  has-media-position-top\">\n\t\t\t<div class=\"em-block-content-card__media\">\n\t\t\t<img\n\t\t\t\tsrc=\"https:\/\/teknologiateollisuus.fi\/emobility\/wp-content\/uploads\/sites\/9\/2024\/06\/Teknotyonantajat-iStock_17.jpg\"\n\t\t\t\talt=\"Ihmisi\u00e4 toimistossa\"\n\t\t\t\tclass=\"\"\n\t\t\t\/>\n\n\t\t\t\t\t<\/div>\n\t\n\t<div class=\"em-block-content-card__content\">\n\t\t\n\t\t\t\t\t<h4 class=\"em-block-content-card__title\">Liity j\u00e4seneksi<\/h4>\n\t\t\n\t\t\t\t\t<p class=\"em-block-content-card__description\">Lis\u00e4tietoja j\u00e4senyydest\u00e4.<\/p>\n\t\t\n\t\t\t\t\t\t\t\t\t<a\n\t\t\t\t\tclass=\"em-block-content-card__button  has-icon-name-icon-external\"\n\t\t\t\t\thref=\"https:\/\/teknologiateollisuus.fi\/emobility\/tietoa-meista\/liity-jaseneksi\/\"\n\t\t\t\t\t\t\t\t\t\t\t\t\t\t>\n\t\t\t\t\t<span class=\"em-block-content-card__button-label\">\n\t\t\t\t\t\tLue lis\u00e4\u00e4\t\t\t\t\t<\/span>\n\t\t\t\t<\/a>\n\t\t\t\t\t\t<\/div>\n\n\t<\/article>\n\n\n\n<article class=\"em-block-content-card  has-media-position-top\">\n\t\t\t<div class=\"em-block-content-card__media\">\n\t\t\t<img\n\t\t\t\tsrc=\"https:\/\/teknologiateollisuus.fi\/emobility\/wp-content\/uploads\/sites\/9\/2024\/09\/electric-car-gd91d79eb9_1920.jpg\"\n\t\t\t\talt=\"electric car\"\n\t\t\t\tclass=\"\"\n\t\t\t\/>\n\n\t\t\t\t\t<\/div>\n\t\n\t<div class=\"em-block-content-card__content\">\n\t\t\n\t\t\t\t\t<h4 class=\"em-block-content-card__title\">S\u00e4hk\u00f6inen liikenne 2030<\/h4>\n\t\t\n\t\t\t\t\t<p class=\"em-block-content-card__description\">Suomi s\u00e4hk\u00f6isen liikenteen edell\u00e4k\u00e4vij\u00e4 vuonna 2030.<\/p>\n\t\t\n\t\t\t\t\t\t\t\t\t<a\n\t\t\t\t\tclass=\"em-block-content-card__button  has-icon-name-icon-external\"\n\t\t\t\t\thref=\"https:\/\/teknologiateollisuus.fi\/emobility\/tietoa-toimialasta\/sahkoinen-liikenne-2030\/\"\n\t\t\t\t\t\t\t\t\t\t\t\t\t\t>\n\t\t\t\t\t<span class=\"em-block-content-card__button-label\">\n\t\t\t\t\t\tLue lis\u00e4\u00e4\t\t\t\t\t<\/span>\n\t\t\t\t<\/a>\n\t\t\t\t\t\t<\/div>\n\n\t<\/article>\n\n\n\n<article class=\"em-block-content-card  has-media-position-top\">\n\t\t\t<div class=\"em-block-content-card__media\">\n\t\t\t<img\n\t\t\t\tsrc=\"https:\/\/teknologiateollisuus.fi\/emobility\/wp-content\/uploads\/sites\/9\/2025\/04\/Pienitiedosto_Sahk_liikenne_8402.jpeg\"\n\t\t\t\talt=\"S\u00e4hk\u00f6inen liikenne\"\n\t\t\t\tclass=\"\"\n\t\t\t\/>\n\n\t\t\t\t\t<\/div>\n\t\n\t<div class=\"em-block-content-card__content\">\n\t\t\n\t\t\t\t\t<h4 class=\"em-block-content-card__title\">S\u00e4hk\u00f6isen liikenteen tilannekatsaus<\/h4>\n\t\t\n\t\t\t\t\t<p class=\"em-block-content-card__description\">T\u00e4lt\u00e4 sivulta n\u00e4et tilannekatsaukset ja voit tilata sen s\u00e4hk\u00f6postiisi.<\/p>\n\t\t\n\t\t\t\t\t\t\t\t\t<a\n\t\t\t\t\tclass=\"em-block-content-card__button  has-icon-name-icon-external\"\n\t\t\t\t\thref=\"https:\/\/teknologiateollisuus.fi\/emobility\/tietoa-toimialasta\/tilannekatsaukset-vuosittain\/\"\n\t\t\t\t\t\t\t\t\t\t\t\t\t\t>\n\t\t\t\t\t<span class=\"em-block-content-card__button-label\">\n\t\t\t\t\t\tLue lis\u00e4\u00e4\t\t\t\t\t<\/span>\n\t\t\t\t<\/a>\n\t\t\t\t\t\t<\/div>\n\n\t<\/article>\n<\/div>\n\n\n\n<div id=\"\" class=\"em-block-event-slider em-block-card-slider \">\n\t<div class=\"em-block-card-slider__slider keen-slider show-overflow has-arrows has-dots\">\n\t\t\t<\/div>\n<\/div>\n","protected":false},"excerpt":{"rendered":"","protected":false},"author":1,"featured_media":0,"parent":0,"menu_order":0,"comment_status":"closed","ping_status":"closed","template":"","meta":{"_acf_changed":false,"_relevanssi_hide_post":"","_relevanssi_hide_content":"","_relevanssi_pin_for_all":"","_relevanssi_pin_keywords":"","_relevanssi_unpin_keywords":"","_relevanssi_related_keywords":"","_relevanssi_related_include_ids":"","_relevanssi_related_exclude_ids":"","_relevanssi_related_no_append":"","_relevanssi_related_not_related":"","_relevanssi_related_posts":"1","_relevanssi_noindex_reason":"","inline_featured_image":false,"footnotes":""},"class_list":["post-4","page","type-page","status-publish","hentry"],"acf":[],"yoast_head":"<!-- This site is optimized with the Yoast SEO Premium plugin v27.1 (Yoast SEO v27.4) - https:\/\/yoast.com\/product\/yoast-seo-premium-wordpress\/ -->\n<title>Etusivu - S\u00e4hk\u00f6inen liikenne<\/title>\n<meta name=\"robots\" content=\"index, follow, max-snippet:-1, max-image-preview:large, max-video-preview:-1\" \/>\n<link rel=\"canonical\" href=\"https:\/\/teknologiateollisuus.fi\/emobility\/\" \/>\n<meta property=\"og:locale\" content=\"fi_FI\" \/>\n<meta property=\"og:type\" content=\"article\" \/>\n<meta property=\"og:title\" content=\"Etusivu\" \/>\n<meta property=\"og:url\" content=\"https:\/\/teknologiateollisuus.fi\/emobility\/\" \/>\n<meta property=\"og:site_name\" content=\"S\u00e4hk\u00f6inen liikenne\" \/>\n<meta property=\"article:modified_time\" content=\"2025-10-30T09:20:09+00:00\" \/>\n<meta name=\"twitter:card\" content=\"summary_large_image\" \/>\n<meta name=\"twitter:label1\" content=\"Arvioitu lukuaika\" \/>\n\t<meta name=\"twitter:data1\" content=\"1 minuutti\" \/>\n<script type=\"application\/ld+json\" class=\"yoast-schema-graph\">{\"@context\":\"https:\\\/\\\/schema.org\",\"@graph\":[{\"@type\":\"WebPage\",\"@id\":\"https:\\\/\\\/teknologiateollisuus.fi\\\/emobility\\\/\",\"url\":\"https:\\\/\\\/teknologiateollisuus.fi\\\/emobility\\\/\",\"name\":\"Etusivu - S\u00e4hk\u00f6inen liikenne\",\"isPartOf\":{\"@id\":\"https:\\\/\\\/teknologiateollisuus.fi\\\/emobility\\\/#website\"},\"datePublished\":\"2024-06-04T06:26:49+00:00\",\"dateModified\":\"2025-10-30T09:20:09+00:00\",\"breadcrumb\":{\"@id\":\"https:\\\/\\\/teknologiateollisuus.fi\\\/emobility\\\/#breadcrumb\"},\"inLanguage\":\"fi\",\"potentialAction\":[{\"@type\":\"ReadAction\",\"target\":[\"https:\\\/\\\/teknologiateollisuus.fi\\\/emobility\\\/\"]}]},{\"@type\":\"BreadcrumbList\",\"@id\":\"https:\\\/\\\/teknologiateollisuus.fi\\\/emobility\\\/#breadcrumb\",\"itemListElement\":[{\"@type\":\"ListItem\",\"position\":1,\"name\":\"Etusivu\",\"item\":\"https:\\\/\\\/teknologiateollisuus.fi\\\/emobility\\\/\"},{\"@type\":\"ListItem\",\"position\":2,\"name\":\"Etusivu\"}]},{\"@type\":\"WebSite\",\"@id\":\"https:\\\/\\\/teknologiateollisuus.fi\\\/emobility\\\/#website\",\"url\":\"https:\\\/\\\/teknologiateollisuus.fi\\\/emobility\\\/\",\"name\":\"S\u00e4hk\u00f6inen liikenne\",\"description\":\"\",\"potentialAction\":[{\"@type\":\"SearchAction\",\"target\":{\"@type\":\"EntryPoint\",\"urlTemplate\":\"https:\\\/\\\/teknologiateollisuus.fi\\\/emobility\\\/?s={search_term_string}\"},\"query-input\":{\"@type\":\"PropertyValueSpecification\",\"valueRequired\":true,\"valueName\":\"search_term_string\"}}],\"inLanguage\":\"fi\"}]}<\/script>\n<!-- \/ Yoast SEO Premium plugin. -->","yoast_head_json":{"title":"Etusivu - S\u00e4hk\u00f6inen liikenne","robots":{"index":"index","follow":"follow","max-snippet":"max-snippet:-1","max-image-preview":"max-image-preview:large","max-video-preview":"max-video-preview:-1"},"canonical":"https:\/\/teknologiateollisuus.fi\/emobility\/","og_locale":"fi_FI","og_type":"article","og_title":"Etusivu","og_url":"https:\/\/teknologiateollisuus.fi\/emobility\/","og_site_name":"S\u00e4hk\u00f6inen liikenne","article_modified_time":"2025-10-30T09:20:09+00:00","twitter_card":"summary_large_image","twitter_misc":{"Arvioitu lukuaika":"1 minuutti"},"schema":{"@context":"https:\/\/schema.org","@graph":[{"@type":"WebPage","@id":"https:\/\/teknologiateollisuus.fi\/emobility\/","url":"https:\/\/teknologiateollisuus.fi\/emobility\/","name":"Etusivu - S\u00e4hk\u00f6inen liikenne","isPartOf":{"@id":"https:\/\/teknologiateollisuus.fi\/emobility\/#website"},"datePublished":"2024-06-04T06:26:49+00:00","dateModified":"2025-10-30T09:20:09+00:00","breadcrumb":{"@id":"https:\/\/teknologiateollisuus.fi\/emobility\/#breadcrumb"},"inLanguage":"fi","potentialAction":[{"@type":"ReadAction","target":["https:\/\/teknologiateollisuus.fi\/emobility\/"]}]},{"@type":"BreadcrumbList","@id":"https:\/\/teknologiateollisuus.fi\/emobility\/#breadcrumb","itemListElement":[{"@type":"ListItem","position":1,"name":"Etusivu","item":"https:\/\/teknologiateollisuus.fi\/emobility\/"},{"@type":"ListItem","position":2,"name":"Etusivu"}]},{"@type":"WebSite","@id":"https:\/\/teknologiateollisuus.fi\/emobility\/#website","url":"https:\/\/teknologiateollisuus.fi\/emobility\/","name":"S\u00e4hk\u00f6inen liikenne","description":"","potentialAction":[{"@type":"SearchAction","target":{"@type":"EntryPoint","urlTemplate":"https:\/\/teknologiateollisuus.fi\/emobility\/?s={search_term_string}"},"query-input":{"@type":"PropertyValueSpecification","valueRequired":true,"valueName":"search_term_string"}}],"inLanguage":"fi"}]}},"lang":"fi","translations":{"fi":4},"pll_sync_post":[],"_links":{"self":[{"href":"https:\/\/teknologiateollisuus.fi\/emobility\/wp-json\/wp\/v2\/pages\/4","targetHints":{"allow":["GET"]}}],"collection":[{"href":"https:\/\/teknologiateollisuus.fi\/emobility\/wp-json\/wp\/v2\/pages"}],"about":[{"href":"https:\/\/teknologiateollisuus.fi\/emobility\/wp-json\/wp\/v2\/types\/page"}],"author":[{"embeddable":true,"href":"https:\/\/teknologiateollisuus.fi\/emobility\/wp-json\/wp\/v2\/users\/1"}],"replies":[{"embeddable":true,"href":"https:\/\/teknologiateollisuus.fi\/emobility\/wp-json\/wp\/v2\/comments?post=4"}],"version-history":[{"count":29,"href":"https:\/\/teknologiateollisuus.fi\/emobility\/wp-json\/wp\/v2\/pages\/4\/revisions"}],"predecessor-version":[{"id":836,"href":"https:\/\/teknologiateollisuus.fi\/emobility\/wp-json\/wp\/v2\/pages\/4\/revisions\/836"}],"wp:attachment":[{"href":"https:\/\/teknologiateollisuus.fi\/emobility\/wp-json\/wp\/v2\/media?parent=4"}],"curies":[{"name":"wp","href":"https:\/\/api.w.org\/{rel}","templated":true}]}}