{"id":421,"date":"2024-09-23T15:50:14","date_gmt":"2024-09-23T12:50:14","guid":{"rendered":"https:\/\/teknologiateollisuus.fi\/emobility\/?page_id=421"},"modified":"2025-07-15T13:55:08","modified_gmt":"2025-07-15T10:55:08","slug":"liity-jaseneksi","status":"publish","type":"page","link":"https:\/\/teknologiateollisuus.fi\/emobility\/tietoa-meista\/liity-jaseneksi\/","title":{"rendered":"Liity j\u00e4seneksi"},"content":{"rendered":"\n<div class=\"em-block-hero hero-has-background-color has-background has-petrol-background-color collapse media-position-right \">\n\t<div class=\"em-block-hero__container\">\n\t\t<div class=\"em-block-hero__content\">\n\t\t\t<div class=\"yoast-breadcrumbs\"><span><span><a href=\"https:\/\/teknologiateollisuus.fi\/emobility\/\">Etusivu<\/a><\/span> <span class=\"separator\"><\/span> <span><a href=\"https:\/\/teknologiateollisuus.fi\/emobility\/tietoa-meista\/\">Tietoa meist\u00e4<\/a><\/span> <span class=\"separator\"><\/span> <span class=\"breadcrumb_last\" aria-current=\"page\">Liity j\u00e4seneksi<\/span><\/span><\/div>\t\t\t\n<h1 class=\"wp-block-heading\" id=\"h-liity-jaseneksi\">Liity j\u00e4seneksi<\/h1>\n\n<p><\/p>\n\t\t\t<div class=\"em-block-hero__modified-date\"> P\u00e4ivitetty 15.07.2025 klo 13:55<\/div>\t\t<\/div>\n\t\t\t\t\t<figure class=\"em-block-hero__image\">\n\t\t\t\t\t\t\t<\/figure>\n\t\t\t<\/div>\n<\/div>\n\n\n\n<p>Yhdistyksell\u00e4 voi olla varsinaisia j\u00e4seni\u00e4, yhteistoimintaj\u00e4seni\u00e4 ja kannatusj\u00e4seni\u00e4.<\/p>\n\n\n\n<p><strong>Varsinaisiksi j\u00e4seniksi:<\/strong>&nbsp;Yhdistyksen hallitus voi hyv\u00e4ksy\u00e4 hyv\u00e4maineisiksi tunnettuja suomalaisia oikeuskelpoisia yhteis\u00f6j\u00e4, joiden toiminta liittyy s\u00e4hk\u00f6iseen liikenteeseen ja joilla on y-tunnus.<\/p>\n\n\n\n<p><strong>Yhteistoimintaj\u00e4seneksi:<\/strong>&nbsp;Yhdistyksen hallitus voi hyv\u00e4ksy\u00e4 oikeuskelpoisia yhteis\u00f6j\u00e4, jotka haluavat toimia yhteisty\u00f6ss\u00e4 kehitt\u00e4\u00e4kseen s\u00e4hk\u00f6isen liikenteen toimialaa.<\/p>\n\n\n\n<p><strong>Kannatusj\u00e4seneks<\/strong>i: Yhdistyksen hallitus voi hyv\u00e4ksy\u00e4 oikeuskelpoisia yhteis\u00f6j\u00e4, jotka haluavat tukea Yhdistyksen tarkoitusta ja toimintaa.<\/p>\n\n\n\n<p><a href=\"https:\/\/teknologiateollisuus.fi\/emobility\/wp-content\/uploads\/sites\/9\/2025\/07\/Sahkoinen_liikenne_04-1-1.pdf\">Tutustu j\u00e4senesitteeseen.<\/a><\/p>\n\n\n\n<div class=\"wp-block-buttons is-layout-flex wp-block-buttons-is-layout-flex\">\n<div class=\"wp-block-button  icon-right\"><a class=\"wp-block-button__link wp-element-button\" href=\"https:\/\/link.webropolsurveys.com\/S\/73DAF38F6367545D\" target=\"_blank\" rel=\"noreferrer noopener\">Liity j\u00e4seneksi<\/a><\/div>\n<\/div>\n\n\n\n<p><\/p>\n","protected":false},"excerpt":{"rendered":"<p>Yhdistyksell\u00e4 voi olla varsinaisia j\u00e4seni\u00e4, yhteistoimintaj\u00e4seni\u00e4 ja kannatusj\u00e4seni\u00e4. Varsinaisiksi j\u00e4seniksi:&nbsp;Yhdistyksen hallitus voi hyv\u00e4ksy\u00e4 hyv\u00e4maineisiksi tunnettuja suomalaisia oikeuskelpoisia yhteis\u00f6j\u00e4, joiden toiminta liittyy s\u00e4hk\u00f6iseen liikenteeseen ja joilla on y-tunnus. Yhteistoimintaj\u00e4seneksi:&nbsp;Yhdistyksen hallitus voi hyv\u00e4ksy\u00e4 oikeuskelpoisia yhteis\u00f6j\u00e4, jotka haluavat toimia yhteisty\u00f6ss\u00e4 kehitt\u00e4\u00e4kseen s\u00e4hk\u00f6isen liikenteen toimialaa. Kannatusj\u00e4seneksi: Yhdistyksen hallitus voi hyv\u00e4ksy\u00e4 oikeuskelpoisia yhteis\u00f6j\u00e4, jotka haluavat tukea Yhdistyksen tarkoitusta ja toimintaa. [&hellip;]<\/p>\n","protected":false},"author":52,"featured_media":0,"parent":120,"menu_order":3,"comment_status":"closed","ping_status":"closed","template":"","meta":{"_acf_changed":false,"_relevanssi_hide_post":"","_relevanssi_hide_content":"","_relevanssi_pin_for_all":"","_relevanssi_pin_keywords":"","_relevanssi_unpin_keywords":"","_relevanssi_related_keywords":"","_relevanssi_related_include_ids":"","_relevanssi_related_exclude_ids":"","_relevanssi_related_no_append":"","_relevanssi_related_not_related":"","_relevanssi_related_posts":"357,399,386,369,363,409","_relevanssi_noindex_reason":"","inline_featured_image":false,"footnotes":""},"class_list":["post-421","page","type-page","status-publish","hentry"],"acf":[],"yoast_head":"<!-- This site is optimized with the Yoast SEO Premium plugin v27.1 (Yoast SEO v27.4) - https:\/\/yoast.com\/product\/yoast-seo-premium-wordpress\/ -->\n<title>Liity j\u00e4seneksi - S\u00e4hk\u00f6inen liikenne<\/title>\n<meta name=\"robots\" content=\"index, follow, max-snippet:-1, max-image-preview:large, max-video-preview:-1\" \/>\n<link rel=\"canonical\" href=\"https:\/\/teknologiateollisuus.fi\/emobility\/tietoa-meista\/liity-jaseneksi\/\" \/>\n<meta property=\"og:locale\" content=\"fi_FI\" \/>\n<meta property=\"og:type\" content=\"article\" \/>\n<meta property=\"og:title\" content=\"Liity j\u00e4seneksi\" \/>\n<meta property=\"og:description\" content=\"Yhdistyksell\u00e4 voi olla varsinaisia j\u00e4seni\u00e4, yhteistoimintaj\u00e4seni\u00e4 ja kannatusj\u00e4seni\u00e4. Varsinaisiksi j\u00e4seniksi:&nbsp;Yhdistyksen hallitus voi hyv\u00e4ksy\u00e4 hyv\u00e4maineisiksi tunnettuja suomalaisia oikeuskelpoisia yhteis\u00f6j\u00e4, joiden toiminta liittyy s\u00e4hk\u00f6iseen liikenteeseen ja joilla on y-tunnus. Yhteistoimintaj\u00e4seneksi:&nbsp;Yhdistyksen hallitus voi hyv\u00e4ksy\u00e4 oikeuskelpoisia yhteis\u00f6j\u00e4, jotka haluavat toimia yhteisty\u00f6ss\u00e4 kehitt\u00e4\u00e4kseen s\u00e4hk\u00f6isen liikenteen toimialaa. Kannatusj\u00e4seneksi: Yhdistyksen hallitus voi hyv\u00e4ksy\u00e4 oikeuskelpoisia yhteis\u00f6j\u00e4, jotka haluavat tukea Yhdistyksen tarkoitusta ja toimintaa. [&hellip;]\" \/>\n<meta property=\"og:url\" content=\"https:\/\/teknologiateollisuus.fi\/emobility\/tietoa-meista\/liity-jaseneksi\/\" \/>\n<meta property=\"og:site_name\" content=\"S\u00e4hk\u00f6inen liikenne\" \/>\n<meta property=\"article:modified_time\" content=\"2025-07-15T10:55:08+00:00\" \/>\n<meta name=\"twitter:card\" content=\"summary_large_image\" \/>\n<meta name=\"twitter:label1\" content=\"Arvioitu lukuaika\" \/>\n\t<meta name=\"twitter:data1\" content=\"1 minuutti\" \/>\n<script type=\"application\/ld+json\" class=\"yoast-schema-graph\">{\"@context\":\"https:\\\/\\\/schema.org\",\"@graph\":[{\"@type\":\"WebPage\",\"@id\":\"https:\\\/\\\/teknologiateollisuus.fi\\\/emobility\\\/tietoa-meista\\\/liity-jaseneksi\\\/\",\"url\":\"https:\\\/\\\/teknologiateollisuus.fi\\\/emobility\\\/tietoa-meista\\\/liity-jaseneksi\\\/\",\"name\":\"Liity j\u00e4seneksi - S\u00e4hk\u00f6inen liikenne\",\"isPartOf\":{\"@id\":\"https:\\\/\\\/teknologiateollisuus.fi\\\/emobility\\\/#website\"},\"datePublished\":\"2024-09-23T12:50:14+00:00\",\"dateModified\":\"2025-07-15T10:55:08+00:00\",\"breadcrumb\":{\"@id\":\"https:\\\/\\\/teknologiateollisuus.fi\\\/emobility\\\/tietoa-meista\\\/liity-jaseneksi\\\/#breadcrumb\"},\"inLanguage\":\"fi\",\"potentialAction\":[{\"@type\":\"ReadAction\",\"target\":[\"https:\\\/\\\/teknologiateollisuus.fi\\\/emobility\\\/tietoa-meista\\\/liity-jaseneksi\\\/\"]}]},{\"@type\":\"BreadcrumbList\",\"@id\":\"https:\\\/\\\/teknologiateollisuus.fi\\\/emobility\\\/tietoa-meista\\\/liity-jaseneksi\\\/#breadcrumb\",\"itemListElement\":[{\"@type\":\"ListItem\",\"position\":1,\"name\":\"Etusivu\",\"item\":\"https:\\\/\\\/teknologiateollisuus.fi\\\/emobility\\\/\"},{\"@type\":\"ListItem\",\"position\":2,\"name\":\"Tietoa meist\u00e4\",\"item\":\"https:\\\/\\\/teknologiateollisuus.fi\\\/emobility\\\/tietoa-meista\\\/\"},{\"@type\":\"ListItem\",\"position\":3,\"name\":\"Liity j\u00e4seneksi\"}]},{\"@type\":\"WebSite\",\"@id\":\"https:\\\/\\\/teknologiateollisuus.fi\\\/emobility\\\/#website\",\"url\":\"https:\\\/\\\/teknologiateollisuus.fi\\\/emobility\\\/\",\"name\":\"S\u00e4hk\u00f6inen liikenne\",\"description\":\"\",\"potentialAction\":[{\"@type\":\"SearchAction\",\"target\":{\"@type\":\"EntryPoint\",\"urlTemplate\":\"https:\\\/\\\/teknologiateollisuus.fi\\\/emobility\\\/?s={search_term_string}\"},\"query-input\":{\"@type\":\"PropertyValueSpecification\",\"valueRequired\":true,\"valueName\":\"search_term_string\"}}],\"inLanguage\":\"fi\"}]}<\/script>\n<!-- \/ Yoast SEO Premium plugin. -->","yoast_head_json":{"title":"Liity j\u00e4seneksi - S\u00e4hk\u00f6inen liikenne","robots":{"index":"index","follow":"follow","max-snippet":"max-snippet:-1","max-image-preview":"max-image-preview:large","max-video-preview":"max-video-preview:-1"},"canonical":"https:\/\/teknologiateollisuus.fi\/emobility\/tietoa-meista\/liity-jaseneksi\/","og_locale":"fi_FI","og_type":"article","og_title":"Liity j\u00e4seneksi","og_description":"Yhdistyksell\u00e4 voi olla varsinaisia j\u00e4seni\u00e4, yhteistoimintaj\u00e4seni\u00e4 ja kannatusj\u00e4seni\u00e4. Varsinaisiksi j\u00e4seniksi:&nbsp;Yhdistyksen hallitus voi hyv\u00e4ksy\u00e4 hyv\u00e4maineisiksi tunnettuja suomalaisia oikeuskelpoisia yhteis\u00f6j\u00e4, joiden toiminta liittyy s\u00e4hk\u00f6iseen liikenteeseen ja joilla on y-tunnus. Yhteistoimintaj\u00e4seneksi:&nbsp;Yhdistyksen hallitus voi hyv\u00e4ksy\u00e4 oikeuskelpoisia yhteis\u00f6j\u00e4, jotka haluavat toimia yhteisty\u00f6ss\u00e4 kehitt\u00e4\u00e4kseen s\u00e4hk\u00f6isen liikenteen toimialaa. Kannatusj\u00e4seneksi: Yhdistyksen hallitus voi hyv\u00e4ksy\u00e4 oikeuskelpoisia yhteis\u00f6j\u00e4, jotka haluavat tukea Yhdistyksen tarkoitusta ja toimintaa. [&hellip;]","og_url":"https:\/\/teknologiateollisuus.fi\/emobility\/tietoa-meista\/liity-jaseneksi\/","og_site_name":"S\u00e4hk\u00f6inen liikenne","article_modified_time":"2025-07-15T10:55:08+00:00","twitter_card":"summary_large_image","twitter_misc":{"Arvioitu lukuaika":"1 minuutti"},"schema":{"@context":"https:\/\/schema.org","@graph":[{"@type":"WebPage","@id":"https:\/\/teknologiateollisuus.fi\/emobility\/tietoa-meista\/liity-jaseneksi\/","url":"https:\/\/teknologiateollisuus.fi\/emobility\/tietoa-meista\/liity-jaseneksi\/","name":"Liity j\u00e4seneksi - S\u00e4hk\u00f6inen liikenne","isPartOf":{"@id":"https:\/\/teknologiateollisuus.fi\/emobility\/#website"},"datePublished":"2024-09-23T12:50:14+00:00","dateModified":"2025-07-15T10:55:08+00:00","breadcrumb":{"@id":"https:\/\/teknologiateollisuus.fi\/emobility\/tietoa-meista\/liity-jaseneksi\/#breadcrumb"},"inLanguage":"fi","potentialAction":[{"@type":"ReadAction","target":["https:\/\/teknologiateollisuus.fi\/emobility\/tietoa-meista\/liity-jaseneksi\/"]}]},{"@type":"BreadcrumbList","@id":"https:\/\/teknologiateollisuus.fi\/emobility\/tietoa-meista\/liity-jaseneksi\/#breadcrumb","itemListElement":[{"@type":"ListItem","position":1,"name":"Etusivu","item":"https:\/\/teknologiateollisuus.fi\/emobility\/"},{"@type":"ListItem","position":2,"name":"Tietoa meist\u00e4","item":"https:\/\/teknologiateollisuus.fi\/emobility\/tietoa-meista\/"},{"@type":"ListItem","position":3,"name":"Liity j\u00e4seneksi"}]},{"@type":"WebSite","@id":"https:\/\/teknologiateollisuus.fi\/emobility\/#website","url":"https:\/\/teknologiateollisuus.fi\/emobility\/","name":"S\u00e4hk\u00f6inen liikenne","description":"","potentialAction":[{"@type":"SearchAction","target":{"@type":"EntryPoint","urlTemplate":"https:\/\/teknologiateollisuus.fi\/emobility\/?s={search_term_string}"},"query-input":{"@type":"PropertyValueSpecification","valueRequired":true,"valueName":"search_term_string"}}],"inLanguage":"fi"}]}},"lang":"fi","translations":{"fi":421},"pll_sync_post":[],"_links":{"self":[{"href":"https:\/\/teknologiateollisuus.fi\/emobility\/wp-json\/wp\/v2\/pages\/421","targetHints":{"allow":["GET"]}}],"collection":[{"href":"https:\/\/teknologiateollisuus.fi\/emobility\/wp-json\/wp\/v2\/pages"}],"about":[{"href":"https:\/\/teknologiateollisuus.fi\/emobility\/wp-json\/wp\/v2\/types\/page"}],"author":[{"embeddable":true,"href":"https:\/\/teknologiateollisuus.fi\/emobility\/wp-json\/wp\/v2\/users\/52"}],"replies":[{"embeddable":true,"href":"https:\/\/teknologiateollisuus.fi\/emobility\/wp-json\/wp\/v2\/comments?post=421"}],"version-history":[{"count":4,"href":"https:\/\/teknologiateollisuus.fi\/emobility\/wp-json\/wp\/v2\/pages\/421\/revisions"}],"predecessor-version":[{"id":766,"href":"https:\/\/teknologiateollisuus.fi\/emobility\/wp-json\/wp\/v2\/pages\/421\/revisions\/766"}],"up":[{"embeddable":true,"href":"https:\/\/teknologiateollisuus.fi\/emobility\/wp-json\/wp\/v2\/pages\/120"}],"wp:attachment":[{"href":"https:\/\/teknologiateollisuus.fi\/emobility\/wp-json\/wp\/v2\/media?parent=421"}],"curies":[{"name":"wp","href":"https:\/\/api.w.org\/{rel}","templated":true}]}}