{"id":425,"date":"2024-09-23T15:54:59","date_gmt":"2024-09-23T12:54:59","guid":{"rendered":"https:\/\/teknologiateollisuus.fi\/emobility\/?page_id=425"},"modified":"2026-03-26T10:54:42","modified_gmt":"2026-03-26T08:54:42","slug":"hallitus","status":"publish","type":"page","link":"https:\/\/teknologiateollisuus.fi\/emobility\/tietoa-meista\/hallitus\/","title":{"rendered":"Hallitus"},"content":{"rendered":"\n<div class=\"em-block-hero hero-has-background-color has-background has-petrol-background-color collapse media-position-right \">\n\t<div class=\"em-block-hero__container\">\n\t\t<div class=\"em-block-hero__content\">\n\t\t\t<div class=\"yoast-breadcrumbs\"><span><span><a href=\"https:\/\/teknologiateollisuus.fi\/emobility\/\">Etusivu<\/a><\/span> <span class=\"separator\"><\/span> <span><a href=\"https:\/\/teknologiateollisuus.fi\/emobility\/tietoa-meista\/\">Tietoa meist\u00e4<\/a><\/span> <span class=\"separator\"><\/span> <span class=\"breadcrumb_last\" aria-current=\"page\">Hallitus<\/span><\/span><\/div>\t\t\t\n<h1 class=\"wp-block-heading\" id=\"h-hallitus\">Hallitus<\/h1>\n\n<p><\/p>\n\t\t\t<div class=\"em-block-hero__modified-date\"> P\u00e4ivitetty 26.03.2026 klo 10:54<\/div>\t\t<\/div>\n\t\t\t\t\t<figure class=\"em-block-hero__image\">\n\t\t\t\t\t\t\t<\/figure>\n\t\t\t<\/div>\n<\/div>\n\n\n\n<p><strong>Hallituksen puheenjohtaja<\/strong><\/p>\n\n\n\n<p>Eemil Rauma (Liikennevirta Oy)<\/p>\n\n\n\n<p>S\u00e4hk\u00f6posti:&nbsp;<a href=\"mailto:etunimi.sukunimi@virta.global\">etunimi.sukunimi@virta.global<\/a><\/p>\n\n\n\n<p><strong>1. Varapuheenjohtaja&nbsp;<\/strong><\/p>\n\n\n\n<p>Erik Kanerva (Kempower Oyj)<\/p>\n\n\n\n<p>S\u00e4hk\u00f6posti:\u00a0<a href=\"mailto:etunimi.sukunimi@fi.abb.com\">etunimi.sukunimi@<\/a><a href=\"mailto:jukka.kainulainen@kempower.com\">kempower.com<\/a><\/p>\n\n\n\n<p><strong>2. Varapuheenjohtaja&nbsp;<\/strong><\/p>\n\n\n\n<p>Kari Halonen (Veho Oy Ab)<\/p>\n\n\n\n<p>S\u00e4hk\u00f6posti:&nbsp;<a href=\"mailto:etunimi.sukunimi@veho.fi\">etunimi.sukunimi@veho.fi<\/a><\/p>\n\n\n\n<p><strong>Yhdistyksen hallituksen muut j\u00e4senet 202<\/strong>5<\/p>\n\n\n\n<ul class=\"wp-block-list\">\n<li><a href=\"http:\/\/www.aidon.fi\/\">Aidon Oy,<\/a>&nbsp;Harri Valkonen<\/li>\n\n\n\n<li><a href=\"https:\/\/akl.fi\/\" id=\"https:\/\/akl.fi\/\">Autoalan keskusliito<\/a>, Tero Lausala<\/li>\n\n\n\n<li><a href=\"https:\/\/emabler.com\/\" id=\"https:\/\/emabler.com\/\">eMabler<\/a>, Maria Hovila<\/li>\n\n\n\n<li><a href=\"http:\/\/energia.fi\/\">Energiateollisuus ry,<\/a>&nbsp;Tuukka Heikkil\u00e4<\/li>\n\n\n\n<li><a href=\"https:\/\/www.helen.fi\/\">Helen Oy<\/a>, P\u00e4ivi Linteri<\/li>\n\n\n\n<li><a href=\"https:\/\/plugit.fi\/\">Plugit Finland Oy<\/a>, Topi Aaltonen<\/li>\n<\/ul>\n\n\n\n<p><strong>Toimitusjohtaja (hallituksen sihteeri)<\/strong><br>DI, eMBA Heikki Karsimus<br>Puhelin: 040 564 9020<br>S\u00e4hk\u00f6posti:&nbsp;<a href=\"mailto:etunimi.sukunimi@teknologiateollisuus.fi\">etunimi.sukunimi@teknologiateollisuus.fi<\/a><\/p>\n","protected":false},"excerpt":{"rendered":"<p>Hallituksen puheenjohtaja Eemil Rauma (Liikennevirta Oy) S\u00e4hk\u00f6posti:&nbsp;etunimi.sukunimi@virta.global 1. Varapuheenjohtaja&nbsp; Erik Kanerva (Kempower Oyj) S\u00e4hk\u00f6posti:\u00a0etunimi.sukunimi@kempower.com 2. Varapuheenjohtaja&nbsp; Kari Halonen (Veho Oy Ab) S\u00e4hk\u00f6posti:&nbsp;etunimi.sukunimi@veho.fi Yhdistyksen hallituksen muut j\u00e4senet 2025 Toimitusjohtaja (hallituksen sihteeri)DI, eMBA Heikki KarsimusPuhelin: 040 564 9020S\u00e4hk\u00f6posti:&nbsp;etunimi.sukunimi@teknologiateollisuus.fi<\/p>\n","protected":false},"author":52,"featured_media":0,"parent":120,"menu_order":1,"comment_status":"closed","ping_status":"closed","template":"","meta":{"_acf_changed":false,"_relevanssi_hide_post":"","_relevanssi_hide_content":"","_relevanssi_pin_for_all":"","_relevanssi_pin_keywords":"","_relevanssi_unpin_keywords":"","_relevanssi_related_keywords":"","_relevanssi_related_include_ids":"","_relevanssi_related_exclude_ids":"","_relevanssi_related_no_append":"","_relevanssi_related_not_related":"","_relevanssi_related_posts":"417,409,406,415,399,369","_relevanssi_noindex_reason":"","inline_featured_image":false,"footnotes":""},"class_list":["post-425","page","type-page","status-publish","hentry"],"acf":[],"yoast_head":"<!-- This site is optimized with the Yoast SEO Premium plugin v27.1 (Yoast SEO v27.4) - https:\/\/yoast.com\/product\/yoast-seo-premium-wordpress\/ -->\n<title>Hallitus - S\u00e4hk\u00f6inen liikenne<\/title>\n<meta name=\"robots\" content=\"index, follow, max-snippet:-1, max-image-preview:large, max-video-preview:-1\" \/>\n<link rel=\"canonical\" href=\"https:\/\/teknologiateollisuus.fi\/emobility\/tietoa-meista\/hallitus\/\" \/>\n<meta property=\"og:locale\" content=\"fi_FI\" \/>\n<meta property=\"og:type\" content=\"article\" \/>\n<meta property=\"og:title\" content=\"Hallitus\" \/>\n<meta property=\"og:description\" content=\"Hallituksen puheenjohtaja Eemil Rauma (Liikennevirta Oy) S\u00e4hk\u00f6posti:&nbsp;etunimi.sukunimi@virta.global 1. Varapuheenjohtaja&nbsp; Erik Kanerva (Kempower Oyj) S\u00e4hk\u00f6posti:\u00a0etunimi.sukunimi@kempower.com 2. Varapuheenjohtaja&nbsp; Kari Halonen (Veho Oy Ab) S\u00e4hk\u00f6posti:&nbsp;etunimi.sukunimi@veho.fi Yhdistyksen hallituksen muut j\u00e4senet 2025 Toimitusjohtaja (hallituksen sihteeri)DI, eMBA Heikki KarsimusPuhelin: 040 564 9020S\u00e4hk\u00f6posti:&nbsp;etunimi.sukunimi@teknologiateollisuus.fi\" \/>\n<meta property=\"og:url\" content=\"https:\/\/teknologiateollisuus.fi\/emobility\/tietoa-meista\/hallitus\/\" \/>\n<meta property=\"og:site_name\" content=\"S\u00e4hk\u00f6inen liikenne\" \/>\n<meta property=\"article:modified_time\" content=\"2026-03-26T08:54:42+00:00\" \/>\n<meta name=\"twitter:card\" content=\"summary_large_image\" \/>\n<meta name=\"twitter:label1\" content=\"Arvioitu lukuaika\" \/>\n\t<meta name=\"twitter:data1\" content=\"1 minuutti\" \/>\n<script type=\"application\/ld+json\" class=\"yoast-schema-graph\">{\"@context\":\"https:\\\/\\\/schema.org\",\"@graph\":[{\"@type\":\"WebPage\",\"@id\":\"https:\\\/\\\/teknologiateollisuus.fi\\\/emobility\\\/tietoa-meista\\\/hallitus\\\/\",\"url\":\"https:\\\/\\\/teknologiateollisuus.fi\\\/emobility\\\/tietoa-meista\\\/hallitus\\\/\",\"name\":\"Hallitus - S\u00e4hk\u00f6inen liikenne\",\"isPartOf\":{\"@id\":\"https:\\\/\\\/teknologiateollisuus.fi\\\/emobility\\\/#website\"},\"datePublished\":\"2024-09-23T12:54:59+00:00\",\"dateModified\":\"2026-03-26T08:54:42+00:00\",\"breadcrumb\":{\"@id\":\"https:\\\/\\\/teknologiateollisuus.fi\\\/emobility\\\/tietoa-meista\\\/hallitus\\\/#breadcrumb\"},\"inLanguage\":\"fi\",\"potentialAction\":[{\"@type\":\"ReadAction\",\"target\":[\"https:\\\/\\\/teknologiateollisuus.fi\\\/emobility\\\/tietoa-meista\\\/hallitus\\\/\"]}]},{\"@type\":\"BreadcrumbList\",\"@id\":\"https:\\\/\\\/teknologiateollisuus.fi\\\/emobility\\\/tietoa-meista\\\/hallitus\\\/#breadcrumb\",\"itemListElement\":[{\"@type\":\"ListItem\",\"position\":1,\"name\":\"Etusivu\",\"item\":\"https:\\\/\\\/teknologiateollisuus.fi\\\/emobility\\\/\"},{\"@type\":\"ListItem\",\"position\":2,\"name\":\"Tietoa meist\u00e4\",\"item\":\"https:\\\/\\\/teknologiateollisuus.fi\\\/emobility\\\/tietoa-meista\\\/\"},{\"@type\":\"ListItem\",\"position\":3,\"name\":\"Hallitus\"}]},{\"@type\":\"WebSite\",\"@id\":\"https:\\\/\\\/teknologiateollisuus.fi\\\/emobility\\\/#website\",\"url\":\"https:\\\/\\\/teknologiateollisuus.fi\\\/emobility\\\/\",\"name\":\"S\u00e4hk\u00f6inen liikenne\",\"description\":\"\",\"potentialAction\":[{\"@type\":\"SearchAction\",\"target\":{\"@type\":\"EntryPoint\",\"urlTemplate\":\"https:\\\/\\\/teknologiateollisuus.fi\\\/emobility\\\/?s={search_term_string}\"},\"query-input\":{\"@type\":\"PropertyValueSpecification\",\"valueRequired\":true,\"valueName\":\"search_term_string\"}}],\"inLanguage\":\"fi\"}]}<\/script>\n<!-- \/ Yoast SEO Premium plugin. -->","yoast_head_json":{"title":"Hallitus - S\u00e4hk\u00f6inen liikenne","robots":{"index":"index","follow":"follow","max-snippet":"max-snippet:-1","max-image-preview":"max-image-preview:large","max-video-preview":"max-video-preview:-1"},"canonical":"https:\/\/teknologiateollisuus.fi\/emobility\/tietoa-meista\/hallitus\/","og_locale":"fi_FI","og_type":"article","og_title":"Hallitus","og_description":"Hallituksen puheenjohtaja Eemil Rauma (Liikennevirta Oy) S\u00e4hk\u00f6posti:&nbsp;etunimi.sukunimi@virta.global 1. Varapuheenjohtaja&nbsp; Erik Kanerva (Kempower Oyj) S\u00e4hk\u00f6posti:\u00a0etunimi.sukunimi@kempower.com 2. Varapuheenjohtaja&nbsp; Kari Halonen (Veho Oy Ab) S\u00e4hk\u00f6posti:&nbsp;etunimi.sukunimi@veho.fi Yhdistyksen hallituksen muut j\u00e4senet 2025 Toimitusjohtaja (hallituksen sihteeri)DI, eMBA Heikki KarsimusPuhelin: 040 564 9020S\u00e4hk\u00f6posti:&nbsp;etunimi.sukunimi@teknologiateollisuus.fi","og_url":"https:\/\/teknologiateollisuus.fi\/emobility\/tietoa-meista\/hallitus\/","og_site_name":"S\u00e4hk\u00f6inen liikenne","article_modified_time":"2026-03-26T08:54:42+00:00","twitter_card":"summary_large_image","twitter_misc":{"Arvioitu lukuaika":"1 minuutti"},"schema":{"@context":"https:\/\/schema.org","@graph":[{"@type":"WebPage","@id":"https:\/\/teknologiateollisuus.fi\/emobility\/tietoa-meista\/hallitus\/","url":"https:\/\/teknologiateollisuus.fi\/emobility\/tietoa-meista\/hallitus\/","name":"Hallitus - S\u00e4hk\u00f6inen liikenne","isPartOf":{"@id":"https:\/\/teknologiateollisuus.fi\/emobility\/#website"},"datePublished":"2024-09-23T12:54:59+00:00","dateModified":"2026-03-26T08:54:42+00:00","breadcrumb":{"@id":"https:\/\/teknologiateollisuus.fi\/emobility\/tietoa-meista\/hallitus\/#breadcrumb"},"inLanguage":"fi","potentialAction":[{"@type":"ReadAction","target":["https:\/\/teknologiateollisuus.fi\/emobility\/tietoa-meista\/hallitus\/"]}]},{"@type":"BreadcrumbList","@id":"https:\/\/teknologiateollisuus.fi\/emobility\/tietoa-meista\/hallitus\/#breadcrumb","itemListElement":[{"@type":"ListItem","position":1,"name":"Etusivu","item":"https:\/\/teknologiateollisuus.fi\/emobility\/"},{"@type":"ListItem","position":2,"name":"Tietoa meist\u00e4","item":"https:\/\/teknologiateollisuus.fi\/emobility\/tietoa-meista\/"},{"@type":"ListItem","position":3,"name":"Hallitus"}]},{"@type":"WebSite","@id":"https:\/\/teknologiateollisuus.fi\/emobility\/#website","url":"https:\/\/teknologiateollisuus.fi\/emobility\/","name":"S\u00e4hk\u00f6inen liikenne","description":"","potentialAction":[{"@type":"SearchAction","target":{"@type":"EntryPoint","urlTemplate":"https:\/\/teknologiateollisuus.fi\/emobility\/?s={search_term_string}"},"query-input":{"@type":"PropertyValueSpecification","valueRequired":true,"valueName":"search_term_string"}}],"inLanguage":"fi"}]}},"lang":"fi","translations":{"fi":425},"pll_sync_post":[],"_links":{"self":[{"href":"https:\/\/teknologiateollisuus.fi\/emobility\/wp-json\/wp\/v2\/pages\/425","targetHints":{"allow":["GET"]}}],"collection":[{"href":"https:\/\/teknologiateollisuus.fi\/emobility\/wp-json\/wp\/v2\/pages"}],"about":[{"href":"https:\/\/teknologiateollisuus.fi\/emobility\/wp-json\/wp\/v2\/types\/page"}],"author":[{"embeddable":true,"href":"https:\/\/teknologiateollisuus.fi\/emobility\/wp-json\/wp\/v2\/users\/52"}],"replies":[{"embeddable":true,"href":"https:\/\/teknologiateollisuus.fi\/emobility\/wp-json\/wp\/v2\/comments?post=425"}],"version-history":[{"count":6,"href":"https:\/\/teknologiateollisuus.fi\/emobility\/wp-json\/wp\/v2\/pages\/425\/revisions"}],"predecessor-version":[{"id":870,"href":"https:\/\/teknologiateollisuus.fi\/emobility\/wp-json\/wp\/v2\/pages\/425\/revisions\/870"}],"up":[{"embeddable":true,"href":"https:\/\/teknologiateollisuus.fi\/emobility\/wp-json\/wp\/v2\/pages\/120"}],"wp:attachment":[{"href":"https:\/\/teknologiateollisuus.fi\/emobility\/wp-json\/wp\/v2\/media?parent=425"}],"curies":[{"name":"wp","href":"https:\/\/api.w.org\/{rel}","templated":true}]}}