{"id":617,"date":"2025-01-13T15:58:55","date_gmt":"2025-01-13T13:58:55","guid":{"rendered":"https:\/\/teknologiateollisuus.fi\/emobility\/?page_id=617"},"modified":"2025-01-13T16:02:39","modified_gmt":"2025-01-13T14:02:39","slug":"visio-ja-missio","status":"publish","type":"page","link":"https:\/\/teknologiateollisuus.fi\/emobility\/tietoa-meista\/visio-ja-missio\/","title":{"rendered":"Missio ja visio"},"content":{"rendered":"\n<div class=\"em-block-hero hero-has-background-color has-background has-violet-background-color collapse media-position-right \">\n\t<div class=\"em-block-hero__container\">\n\t\t<div class=\"em-block-hero__content\">\n\t\t\t<div class=\"yoast-breadcrumbs\"><span><span><a href=\"https:\/\/teknologiateollisuus.fi\/emobility\/\">Etusivu<\/a><\/span> <span class=\"separator\"><\/span> <span><a href=\"https:\/\/teknologiateollisuus.fi\/emobility\/tietoa-meista\/\">Tietoa meist\u00e4<\/a><\/span> <span class=\"separator\"><\/span> <span class=\"breadcrumb_last\" aria-current=\"page\">Missio ja visio<\/span><\/span><\/div>\t\t\t\n<h1 class=\"wp-block-heading\" id=\"sahkoinen-liikenne-ryn-missio-ja-visio\">S\u00e4hk\u00f6inen liikenne ry:n missio ja visio<\/h1>\n\n<p><\/p>\n\t\t\t<div class=\"em-block-hero__modified-date\"> P\u00e4ivitetty 13.01.2025 klo 16:02<\/div>\t\t<\/div>\n\t\t\t\t\t<figure class=\"em-block-hero__image\">\n\t\t\t\t\t\t\t<\/figure>\n\t\t\t<\/div>\n<\/div>\n\n\n\n<p><strong>Missio<\/strong>: Viemme Suomen kohti s\u00e4hk\u00f6taloutta maksimoimalla s\u00e4hk\u00f6iset kilometrit ja s\u00e4hk\u00f6isen liikenteen investoinnit.\u200b<\/p>\n\n\n\n<p><strong>Visio<\/strong>: Suomi on s\u00e4hk\u00f6isen liikenteen k\u00e4rkimaa, jonka toimintaymp\u00e4rist\u00f6 edist\u00e4\u00e4 yksityisen sektorin ja kuluttajien investointeja liikenteen s\u00e4hk\u00f6istymiseen. \u200b<\/p>\n\n\n\n<p>S\u00e4hk\u00f6inen liikenne on vahva talouden uudistaja ja liiketoiminnan l\u00e4hde, joka edist\u00e4\u00e4 Suomen kilpailukyky\u00e4, p\u00e4\u00e4st\u00f6tt\u00f6myyskehityst\u00e4 ja huoltovarmuutta. S\u00e4hk\u00f6inen liikenne vahvistaa kotimaisten yritysten liiketoimintaa sek\u00e4 taloudellista, energiatehokasta ja uusiutuvaan kotimaiseen energiaan pohjautuvaa laadukasta liikkumista.\u200b<\/p>\n","protected":false},"excerpt":{"rendered":"<p>Missio: Viemme Suomen kohti s\u00e4hk\u00f6taloutta maksimoimalla s\u00e4hk\u00f6iset kilometrit ja s\u00e4hk\u00f6isen liikenteen investoinnit.\u200b Visio: Suomi on s\u00e4hk\u00f6isen liikenteen k\u00e4rkimaa, jonka toimintaymp\u00e4rist\u00f6 edist\u00e4\u00e4 yksityisen sektorin ja kuluttajien investointeja liikenteen s\u00e4hk\u00f6istymiseen. \u200b S\u00e4hk\u00f6inen liikenne on vahva talouden uudistaja ja liiketoiminnan l\u00e4hde, joka edist\u00e4\u00e4 Suomen kilpailukyky\u00e4, p\u00e4\u00e4st\u00f6tt\u00f6myyskehityst\u00e4 ja huoltovarmuutta. S\u00e4hk\u00f6inen liikenne vahvistaa kotimaisten yritysten liiketoimintaa sek\u00e4 taloudellista, energiatehokasta ja [&hellip;]<\/p>\n","protected":false},"author":8,"featured_media":0,"parent":120,"menu_order":0,"comment_status":"closed","ping_status":"closed","template":"","meta":{"_acf_changed":false,"_relevanssi_hide_post":"","_relevanssi_hide_content":"","_relevanssi_pin_for_all":"","_relevanssi_pin_keywords":"","_relevanssi_unpin_keywords":"","_relevanssi_related_keywords":"","_relevanssi_related_include_ids":"","_relevanssi_related_exclude_ids":"","_relevanssi_related_no_append":"","_relevanssi_related_not_related":"","_relevanssi_related_posts":"346,409,579,556,399,558","_relevanssi_noindex_reason":"","inline_featured_image":false,"footnotes":""},"class_list":["post-617","page","type-page","status-publish","hentry"],"acf":[],"yoast_head":"<!-- This site is optimized with the Yoast SEO Premium plugin v27.1 (Yoast SEO v27.4) - https:\/\/yoast.com\/product\/yoast-seo-premium-wordpress\/ -->\n<title>Missio ja visio - S\u00e4hk\u00f6inen liikenne<\/title>\n<meta name=\"robots\" content=\"index, follow, max-snippet:-1, max-image-preview:large, max-video-preview:-1\" \/>\n<link rel=\"canonical\" href=\"https:\/\/teknologiateollisuus.fi\/emobility\/tietoa-meista\/visio-ja-missio\/\" \/>\n<meta property=\"og:locale\" content=\"fi_FI\" \/>\n<meta property=\"og:type\" content=\"article\" \/>\n<meta property=\"og:title\" content=\"Missio ja visio\" \/>\n<meta property=\"og:description\" content=\"Missio: Viemme Suomen kohti s\u00e4hk\u00f6taloutta maksimoimalla s\u00e4hk\u00f6iset kilometrit ja s\u00e4hk\u00f6isen liikenteen investoinnit.\u200b Visio: Suomi on s\u00e4hk\u00f6isen liikenteen k\u00e4rkimaa, jonka toimintaymp\u00e4rist\u00f6 edist\u00e4\u00e4 yksityisen sektorin ja kuluttajien investointeja liikenteen s\u00e4hk\u00f6istymiseen. \u200b S\u00e4hk\u00f6inen liikenne on vahva talouden uudistaja ja liiketoiminnan l\u00e4hde, joka edist\u00e4\u00e4 Suomen kilpailukyky\u00e4, p\u00e4\u00e4st\u00f6tt\u00f6myyskehityst\u00e4 ja huoltovarmuutta. S\u00e4hk\u00f6inen liikenne vahvistaa kotimaisten yritysten liiketoimintaa sek\u00e4 taloudellista, energiatehokasta ja [&hellip;]\" \/>\n<meta property=\"og:url\" content=\"https:\/\/teknologiateollisuus.fi\/emobility\/tietoa-meista\/visio-ja-missio\/\" \/>\n<meta property=\"og:site_name\" content=\"S\u00e4hk\u00f6inen liikenne\" \/>\n<meta property=\"article:modified_time\" content=\"2025-01-13T14:02:39+00:00\" \/>\n<meta name=\"twitter:card\" content=\"summary_large_image\" \/>\n<meta name=\"twitter:label1\" content=\"Arvioitu lukuaika\" \/>\n\t<meta name=\"twitter:data1\" content=\"1 minuutti\" \/>\n<script type=\"application\/ld+json\" class=\"yoast-schema-graph\">{\"@context\":\"https:\\\/\\\/schema.org\",\"@graph\":[{\"@type\":\"WebPage\",\"@id\":\"https:\\\/\\\/teknologiateollisuus.fi\\\/emobility\\\/tietoa-meista\\\/visio-ja-missio\\\/\",\"url\":\"https:\\\/\\\/teknologiateollisuus.fi\\\/emobility\\\/tietoa-meista\\\/visio-ja-missio\\\/\",\"name\":\"Missio ja visio - S\u00e4hk\u00f6inen liikenne\",\"isPartOf\":{\"@id\":\"https:\\\/\\\/teknologiateollisuus.fi\\\/emobility\\\/#website\"},\"datePublished\":\"2025-01-13T13:58:55+00:00\",\"dateModified\":\"2025-01-13T14:02:39+00:00\",\"breadcrumb\":{\"@id\":\"https:\\\/\\\/teknologiateollisuus.fi\\\/emobility\\\/tietoa-meista\\\/visio-ja-missio\\\/#breadcrumb\"},\"inLanguage\":\"fi\",\"potentialAction\":[{\"@type\":\"ReadAction\",\"target\":[\"https:\\\/\\\/teknologiateollisuus.fi\\\/emobility\\\/tietoa-meista\\\/visio-ja-missio\\\/\"]}]},{\"@type\":\"BreadcrumbList\",\"@id\":\"https:\\\/\\\/teknologiateollisuus.fi\\\/emobility\\\/tietoa-meista\\\/visio-ja-missio\\\/#breadcrumb\",\"itemListElement\":[{\"@type\":\"ListItem\",\"position\":1,\"name\":\"Etusivu\",\"item\":\"https:\\\/\\\/teknologiateollisuus.fi\\\/emobility\\\/\"},{\"@type\":\"ListItem\",\"position\":2,\"name\":\"Tietoa meist\u00e4\",\"item\":\"https:\\\/\\\/teknologiateollisuus.fi\\\/emobility\\\/tietoa-meista\\\/\"},{\"@type\":\"ListItem\",\"position\":3,\"name\":\"Missio ja visio\"}]},{\"@type\":\"WebSite\",\"@id\":\"https:\\\/\\\/teknologiateollisuus.fi\\\/emobility\\\/#website\",\"url\":\"https:\\\/\\\/teknologiateollisuus.fi\\\/emobility\\\/\",\"name\":\"S\u00e4hk\u00f6inen liikenne\",\"description\":\"\",\"potentialAction\":[{\"@type\":\"SearchAction\",\"target\":{\"@type\":\"EntryPoint\",\"urlTemplate\":\"https:\\\/\\\/teknologiateollisuus.fi\\\/emobility\\\/?s={search_term_string}\"},\"query-input\":{\"@type\":\"PropertyValueSpecification\",\"valueRequired\":true,\"valueName\":\"search_term_string\"}}],\"inLanguage\":\"fi\"}]}<\/script>\n<!-- \/ Yoast SEO Premium plugin. -->","yoast_head_json":{"title":"Missio ja visio - S\u00e4hk\u00f6inen liikenne","robots":{"index":"index","follow":"follow","max-snippet":"max-snippet:-1","max-image-preview":"max-image-preview:large","max-video-preview":"max-video-preview:-1"},"canonical":"https:\/\/teknologiateollisuus.fi\/emobility\/tietoa-meista\/visio-ja-missio\/","og_locale":"fi_FI","og_type":"article","og_title":"Missio ja visio","og_description":"Missio: Viemme Suomen kohti s\u00e4hk\u00f6taloutta maksimoimalla s\u00e4hk\u00f6iset kilometrit ja s\u00e4hk\u00f6isen liikenteen investoinnit.\u200b Visio: Suomi on s\u00e4hk\u00f6isen liikenteen k\u00e4rkimaa, jonka toimintaymp\u00e4rist\u00f6 edist\u00e4\u00e4 yksityisen sektorin ja kuluttajien investointeja liikenteen s\u00e4hk\u00f6istymiseen. \u200b S\u00e4hk\u00f6inen liikenne on vahva talouden uudistaja ja liiketoiminnan l\u00e4hde, joka edist\u00e4\u00e4 Suomen kilpailukyky\u00e4, p\u00e4\u00e4st\u00f6tt\u00f6myyskehityst\u00e4 ja huoltovarmuutta. S\u00e4hk\u00f6inen liikenne vahvistaa kotimaisten yritysten liiketoimintaa sek\u00e4 taloudellista, energiatehokasta ja [&hellip;]","og_url":"https:\/\/teknologiateollisuus.fi\/emobility\/tietoa-meista\/visio-ja-missio\/","og_site_name":"S\u00e4hk\u00f6inen liikenne","article_modified_time":"2025-01-13T14:02:39+00:00","twitter_card":"summary_large_image","twitter_misc":{"Arvioitu lukuaika":"1 minuutti"},"schema":{"@context":"https:\/\/schema.org","@graph":[{"@type":"WebPage","@id":"https:\/\/teknologiateollisuus.fi\/emobility\/tietoa-meista\/visio-ja-missio\/","url":"https:\/\/teknologiateollisuus.fi\/emobility\/tietoa-meista\/visio-ja-missio\/","name":"Missio ja visio - S\u00e4hk\u00f6inen liikenne","isPartOf":{"@id":"https:\/\/teknologiateollisuus.fi\/emobility\/#website"},"datePublished":"2025-01-13T13:58:55+00:00","dateModified":"2025-01-13T14:02:39+00:00","breadcrumb":{"@id":"https:\/\/teknologiateollisuus.fi\/emobility\/tietoa-meista\/visio-ja-missio\/#breadcrumb"},"inLanguage":"fi","potentialAction":[{"@type":"ReadAction","target":["https:\/\/teknologiateollisuus.fi\/emobility\/tietoa-meista\/visio-ja-missio\/"]}]},{"@type":"BreadcrumbList","@id":"https:\/\/teknologiateollisuus.fi\/emobility\/tietoa-meista\/visio-ja-missio\/#breadcrumb","itemListElement":[{"@type":"ListItem","position":1,"name":"Etusivu","item":"https:\/\/teknologiateollisuus.fi\/emobility\/"},{"@type":"ListItem","position":2,"name":"Tietoa meist\u00e4","item":"https:\/\/teknologiateollisuus.fi\/emobility\/tietoa-meista\/"},{"@type":"ListItem","position":3,"name":"Missio ja visio"}]},{"@type":"WebSite","@id":"https:\/\/teknologiateollisuus.fi\/emobility\/#website","url":"https:\/\/teknologiateollisuus.fi\/emobility\/","name":"S\u00e4hk\u00f6inen liikenne","description":"","potentialAction":[{"@type":"SearchAction","target":{"@type":"EntryPoint","urlTemplate":"https:\/\/teknologiateollisuus.fi\/emobility\/?s={search_term_string}"},"query-input":{"@type":"PropertyValueSpecification","valueRequired":true,"valueName":"search_term_string"}}],"inLanguage":"fi"}]}},"lang":"fi","translations":{"fi":617},"pll_sync_post":[],"_links":{"self":[{"href":"https:\/\/teknologiateollisuus.fi\/emobility\/wp-json\/wp\/v2\/pages\/617","targetHints":{"allow":["GET"]}}],"collection":[{"href":"https:\/\/teknologiateollisuus.fi\/emobility\/wp-json\/wp\/v2\/pages"}],"about":[{"href":"https:\/\/teknologiateollisuus.fi\/emobility\/wp-json\/wp\/v2\/types\/page"}],"author":[{"embeddable":true,"href":"https:\/\/teknologiateollisuus.fi\/emobility\/wp-json\/wp\/v2\/users\/8"}],"replies":[{"embeddable":true,"href":"https:\/\/teknologiateollisuus.fi\/emobility\/wp-json\/wp\/v2\/comments?post=617"}],"version-history":[{"count":3,"href":"https:\/\/teknologiateollisuus.fi\/emobility\/wp-json\/wp\/v2\/pages\/617\/revisions"}],"predecessor-version":[{"id":620,"href":"https:\/\/teknologiateollisuus.fi\/emobility\/wp-json\/wp\/v2\/pages\/617\/revisions\/620"}],"up":[{"embeddable":true,"href":"https:\/\/teknologiateollisuus.fi\/emobility\/wp-json\/wp\/v2\/pages\/120"}],"wp:attachment":[{"href":"https:\/\/teknologiateollisuus.fi\/emobility\/wp-json\/wp\/v2\/media?parent=617"}],"curies":[{"name":"wp","href":"https:\/\/api.w.org\/{rel}","templated":true}]}}