{"id":622,"date":"2025-01-15T10:50:13","date_gmt":"2025-01-15T08:50:13","guid":{"rendered":"https:\/\/teknologiateollisuus.fi\/emobility\/?page_id=622"},"modified":"2025-05-05T13:38:06","modified_gmt":"2025-05-05T10:38:06","slug":"sahkoinen-liikenne","status":"publish","type":"page","link":"https:\/\/teknologiateollisuus.fi\/emobility\/sahkoinen-liikenne\/","title":{"rendered":"S\u00e4hk\u00f6inen tieliikenne"},"content":{"rendered":"\n<div class=\"em-block-hero hero-has-background-color has-background has-violet-background-color has-image media-position-right \">\n\t<div class=\"em-block-hero__container\">\n\t\t<div class=\"em-block-hero__content\">\n\t\t\t<div class=\"yoast-breadcrumbs\"><span><span><a href=\"https:\/\/teknologiateollisuus.fi\/emobility\/\">Etusivu<\/a><\/span> <span class=\"separator\"><\/span> <span class=\"breadcrumb_last\" aria-current=\"page\">S\u00e4hk\u00f6inen tieliikenne<\/span><\/span><\/div>\t\t\t\n<h1 class=\"wp-block-heading\" id=\"h-sahkoinen-tieliikenne\">S\u00e4hk\u00f6inen tieliikenne<\/h1>\n\n<p><\/p>\n\t\t\t<div class=\"em-block-hero__modified-date\"> P\u00e4ivitetty 05.05.2025 klo 13:38<\/div>\t\t<\/div>\n\t\t\t\t\t<figure class=\"em-block-hero__image\">\n\t\t\t\t<img loading=\"lazy\" decoding=\"async\" width=\"1044\" height=\"696\" src=\"https:\/\/teknologiateollisuus.fi\/emobility\/wp-content\/uploads\/sites\/9\/2025\/04\/Pienitiedosto_Sahk_liikenne_8439.jpeg\" class=\"attachment-hero size-hero\" alt=\"S\u00e4hk\u00f6inen liikenne\" srcset=\"https:\/\/teknologiateollisuus.fi\/emobility\/wp-content\/uploads\/sites\/9\/2025\/04\/Pienitiedosto_Sahk_liikenne_8439.jpeg 1044w, https:\/\/teknologiateollisuus.fi\/emobility\/wp-content\/uploads\/sites\/9\/2025\/04\/Pienitiedosto_Sahk_liikenne_8439-400x267.jpeg 400w, https:\/\/teknologiateollisuus.fi\/emobility\/wp-content\/uploads\/sites\/9\/2025\/04\/Pienitiedosto_Sahk_liikenne_8439-968x645.jpeg 968w, https:\/\/teknologiateollisuus.fi\/emobility\/wp-content\/uploads\/sites\/9\/2025\/04\/Pienitiedosto_Sahk_liikenne_8439-768x512.jpeg 768w\" sizes=\"auto, (max-width: 1044px) 100vw, 1044px\" \/>\t\t\t<\/figure>\n\t\t\t<\/div>\n<\/div>\n\n\n\n<h2 class=\"wp-block-heading\" id=\"h-sahkoistymiseen-investoiminen-on-kannattava-ja-tulevaisuuteen-katsova-ratkaisu\" id=\"sahkoistymiseen-investoiminen-on-kannattava-ja-tulevaisuuteen-katsova-ratkaisu\">S\u00e4hk\u00f6istymiseen investoiminen on kannattava ja tulevaisuuteen katsova ratkaisu<\/h2>\n\n\n\n<ul class=\"wp-block-list\">\n<li>Investoinnit s\u00e4hk\u00f6istymiseen ovat keinoja laskea liiketoiminnan kustannuksia pitk\u00e4ll\u00e4 aikav\u00e4lill\u00e4.<\/li>\n\n\n\n<li>Toimintaymp\u00e4rist\u00f6 ohjaa kohti v\u00e4h\u00e4p\u00e4\u00e4st\u00f6isyytt\u00e4 ja s\u00e4hk\u00f6istymist\u00e4. \u00c4lykk\u00e4\u00e4sti k\u00e4ytettyn\u00e4 s\u00e4hk\u00f6 on kokonaistaloudellisesti edullisin ratkaisu.<\/li>\n\n\n\n<li>S\u00e4hk\u00f6isest\u00e4 liikenteest\u00e4 on jo olemassa rohkaisevia ja positiivisia kokemuksia.<\/li>\n\n\n\n<li>S\u00e4hk\u00f6isen liikenteen investoinnilla voi edist\u00e4\u00e4 oman yrityksen kest\u00e4vyystavoitteita ja -velvoitteita.<\/li>\n\n\n\n<li>Suurteholataus mahdollistaa tulevaisuudessa tehokkaan latauksen raskaalle liikenteelle. \u00c4lykk\u00e4\u00e4t latausratkaisut auttavat v\u00e4ltt\u00e4m\u00e4\u00e4n s\u00e4hk\u00f6n yksitt\u00e4isi\u00e4 hintapiikkej\u00e4.<\/li>\n<\/ul>\n\n\n\n<h2 class=\"wp-block-heading\" id=\"h-sahkoauto-on-yksinkertaisesti-parempi-auto-jopa-enemman-kuin-auto\" id=\"sahkoauto-on-yksinkertaisesti-parempi-auto-jopa-enemman-kuin-auto\">S\u00e4hk\u00f6auto on yksinkertaisesti parempi auto, jopa enemm\u00e4n kuin auto<\/h2>\n\n\n\n<ul class=\"wp-block-list\">\n<li>S\u00e4hk\u00f6auton k\u00e4ytt\u00f6 ja lataus ei ole sen kummempaa kuin muukaan arjen asiointi.\u200b<\/li>\n\n\n\n<li>S\u00e4hk\u00f6auto on huoleton valinta tavalliselle kuljettajalle.\u200b<\/li>\n\n\n\n<li>S\u00e4hk\u00f6auto on kokonaistaloudellisin vaihtoehto autoiluun.\u200b<\/li>\n\n\n\n<li>Latausverkosto mahdollistaa jo nyt sujuvan liikkumisen arjessa\u200b.\u200b<\/li>\n\n\n\n<li>S\u00e4hk\u00f6autosta tulee yh\u00e4 olennaisempi osa kodin energiataloutta.<\/li>\n<\/ul>\n\n\n\n<p> <\/p>\n\n\n\n<p> <\/p>\n\n\n\n<p><em>Yl\u00e4kuva: Liisa Takala<\/em><\/p>\n\n\n\n<p><\/p>\n","protected":false},"excerpt":{"rendered":"<p>S\u00e4hk\u00f6istymiseen investoiminen on kannattava ja tulevaisuuteen katsova ratkaisu S\u00e4hk\u00f6auto on yksinkertaisesti parempi auto, jopa enemm\u00e4n kuin auto Yl\u00e4kuva: Liisa Takala<\/p>\n","protected":false},"author":8,"featured_media":0,"parent":0,"menu_order":0,"comment_status":"closed","ping_status":"closed","template":"","meta":{"_acf_changed":false,"_relevanssi_hide_post":"","_relevanssi_hide_content":"","_relevanssi_pin_for_all":"","_relevanssi_pin_keywords":"","_relevanssi_unpin_keywords":"","_relevanssi_related_keywords":"","_relevanssi_related_include_ids":"","_relevanssi_related_exclude_ids":"","_relevanssi_related_no_append":"","_relevanssi_related_not_related":"","_relevanssi_related_posts":"587,558,415,594,579,409","_relevanssi_noindex_reason":"","inline_featured_image":false,"footnotes":""},"class_list":["post-622","page","type-page","status-publish","hentry"],"acf":[],"yoast_head":"<!-- This site is optimized with the Yoast SEO Premium plugin v27.1 (Yoast SEO v27.4) - https:\/\/yoast.com\/product\/yoast-seo-premium-wordpress\/ -->\n<title>S\u00e4hk\u00f6inen tieliikenne - S\u00e4hk\u00f6inen liikenne<\/title>\n<meta name=\"robots\" content=\"index, follow, max-snippet:-1, max-image-preview:large, max-video-preview:-1\" \/>\n<link rel=\"canonical\" href=\"https:\/\/teknologiateollisuus.fi\/emobility\/sahkoinen-liikenne\/\" \/>\n<meta property=\"og:locale\" content=\"fi_FI\" \/>\n<meta property=\"og:type\" content=\"article\" \/>\n<meta property=\"og:title\" content=\"S\u00e4hk\u00f6inen tieliikenne\" \/>\n<meta property=\"og:description\" content=\"S\u00e4hk\u00f6istymiseen investoiminen on kannattava ja tulevaisuuteen katsova ratkaisu S\u00e4hk\u00f6auto on yksinkertaisesti parempi auto, jopa enemm\u00e4n kuin auto Yl\u00e4kuva: Liisa Takala\" \/>\n<meta property=\"og:url\" content=\"https:\/\/teknologiateollisuus.fi\/emobility\/sahkoinen-liikenne\/\" \/>\n<meta property=\"og:site_name\" content=\"S\u00e4hk\u00f6inen liikenne\" \/>\n<meta property=\"article:modified_time\" content=\"2025-05-05T10:38:06+00:00\" \/>\n<meta name=\"twitter:card\" content=\"summary_large_image\" \/>\n<meta name=\"twitter:label1\" content=\"Arvioitu lukuaika\" \/>\n\t<meta name=\"twitter:data1\" content=\"1 minuutti\" \/>\n<script type=\"application\/ld+json\" class=\"yoast-schema-graph\">{\"@context\":\"https:\\\/\\\/schema.org\",\"@graph\":[{\"@type\":\"WebPage\",\"@id\":\"https:\\\/\\\/teknologiateollisuus.fi\\\/emobility\\\/sahkoinen-liikenne\\\/\",\"url\":\"https:\\\/\\\/teknologiateollisuus.fi\\\/emobility\\\/sahkoinen-liikenne\\\/\",\"name\":\"S\u00e4hk\u00f6inen tieliikenne - S\u00e4hk\u00f6inen liikenne\",\"isPartOf\":{\"@id\":\"https:\\\/\\\/teknologiateollisuus.fi\\\/emobility\\\/#website\"},\"datePublished\":\"2025-01-15T08:50:13+00:00\",\"dateModified\":\"2025-05-05T10:38:06+00:00\",\"breadcrumb\":{\"@id\":\"https:\\\/\\\/teknologiateollisuus.fi\\\/emobility\\\/sahkoinen-liikenne\\\/#breadcrumb\"},\"inLanguage\":\"fi\",\"potentialAction\":[{\"@type\":\"ReadAction\",\"target\":[\"https:\\\/\\\/teknologiateollisuus.fi\\\/emobility\\\/sahkoinen-liikenne\\\/\"]}]},{\"@type\":\"BreadcrumbList\",\"@id\":\"https:\\\/\\\/teknologiateollisuus.fi\\\/emobility\\\/sahkoinen-liikenne\\\/#breadcrumb\",\"itemListElement\":[{\"@type\":\"ListItem\",\"position\":1,\"name\":\"Etusivu\",\"item\":\"https:\\\/\\\/teknologiateollisuus.fi\\\/emobility\\\/\"},{\"@type\":\"ListItem\",\"position\":2,\"name\":\"S\u00e4hk\u00f6inen tieliikenne\"}]},{\"@type\":\"WebSite\",\"@id\":\"https:\\\/\\\/teknologiateollisuus.fi\\\/emobility\\\/#website\",\"url\":\"https:\\\/\\\/teknologiateollisuus.fi\\\/emobility\\\/\",\"name\":\"S\u00e4hk\u00f6inen liikenne\",\"description\":\"\",\"potentialAction\":[{\"@type\":\"SearchAction\",\"target\":{\"@type\":\"EntryPoint\",\"urlTemplate\":\"https:\\\/\\\/teknologiateollisuus.fi\\\/emobility\\\/?s={search_term_string}\"},\"query-input\":{\"@type\":\"PropertyValueSpecification\",\"valueRequired\":true,\"valueName\":\"search_term_string\"}}],\"inLanguage\":\"fi\"}]}<\/script>\n<!-- \/ Yoast SEO Premium plugin. -->","yoast_head_json":{"title":"S\u00e4hk\u00f6inen tieliikenne - S\u00e4hk\u00f6inen liikenne","robots":{"index":"index","follow":"follow","max-snippet":"max-snippet:-1","max-image-preview":"max-image-preview:large","max-video-preview":"max-video-preview:-1"},"canonical":"https:\/\/teknologiateollisuus.fi\/emobility\/sahkoinen-liikenne\/","og_locale":"fi_FI","og_type":"article","og_title":"S\u00e4hk\u00f6inen tieliikenne","og_description":"S\u00e4hk\u00f6istymiseen investoiminen on kannattava ja tulevaisuuteen katsova ratkaisu S\u00e4hk\u00f6auto on yksinkertaisesti parempi auto, jopa enemm\u00e4n kuin auto Yl\u00e4kuva: Liisa Takala","og_url":"https:\/\/teknologiateollisuus.fi\/emobility\/sahkoinen-liikenne\/","og_site_name":"S\u00e4hk\u00f6inen liikenne","article_modified_time":"2025-05-05T10:38:06+00:00","twitter_card":"summary_large_image","twitter_misc":{"Arvioitu lukuaika":"1 minuutti"},"schema":{"@context":"https:\/\/schema.org","@graph":[{"@type":"WebPage","@id":"https:\/\/teknologiateollisuus.fi\/emobility\/sahkoinen-liikenne\/","url":"https:\/\/teknologiateollisuus.fi\/emobility\/sahkoinen-liikenne\/","name":"S\u00e4hk\u00f6inen tieliikenne - S\u00e4hk\u00f6inen liikenne","isPartOf":{"@id":"https:\/\/teknologiateollisuus.fi\/emobility\/#website"},"datePublished":"2025-01-15T08:50:13+00:00","dateModified":"2025-05-05T10:38:06+00:00","breadcrumb":{"@id":"https:\/\/teknologiateollisuus.fi\/emobility\/sahkoinen-liikenne\/#breadcrumb"},"inLanguage":"fi","potentialAction":[{"@type":"ReadAction","target":["https:\/\/teknologiateollisuus.fi\/emobility\/sahkoinen-liikenne\/"]}]},{"@type":"BreadcrumbList","@id":"https:\/\/teknologiateollisuus.fi\/emobility\/sahkoinen-liikenne\/#breadcrumb","itemListElement":[{"@type":"ListItem","position":1,"name":"Etusivu","item":"https:\/\/teknologiateollisuus.fi\/emobility\/"},{"@type":"ListItem","position":2,"name":"S\u00e4hk\u00f6inen tieliikenne"}]},{"@type":"WebSite","@id":"https:\/\/teknologiateollisuus.fi\/emobility\/#website","url":"https:\/\/teknologiateollisuus.fi\/emobility\/","name":"S\u00e4hk\u00f6inen liikenne","description":"","potentialAction":[{"@type":"SearchAction","target":{"@type":"EntryPoint","urlTemplate":"https:\/\/teknologiateollisuus.fi\/emobility\/?s={search_term_string}"},"query-input":{"@type":"PropertyValueSpecification","valueRequired":true,"valueName":"search_term_string"}}],"inLanguage":"fi"}]}},"lang":"fi","translations":{"fi":622},"pll_sync_post":[],"_links":{"self":[{"href":"https:\/\/teknologiateollisuus.fi\/emobility\/wp-json\/wp\/v2\/pages\/622","targetHints":{"allow":["GET"]}}],"collection":[{"href":"https:\/\/teknologiateollisuus.fi\/emobility\/wp-json\/wp\/v2\/pages"}],"about":[{"href":"https:\/\/teknologiateollisuus.fi\/emobility\/wp-json\/wp\/v2\/types\/page"}],"author":[{"embeddable":true,"href":"https:\/\/teknologiateollisuus.fi\/emobility\/wp-json\/wp\/v2\/users\/8"}],"replies":[{"embeddable":true,"href":"https:\/\/teknologiateollisuus.fi\/emobility\/wp-json\/wp\/v2\/comments?post=622"}],"version-history":[{"count":6,"href":"https:\/\/teknologiateollisuus.fi\/emobility\/wp-json\/wp\/v2\/pages\/622\/revisions"}],"predecessor-version":[{"id":733,"href":"https:\/\/teknologiateollisuus.fi\/emobility\/wp-json\/wp\/v2\/pages\/622\/revisions\/733"}],"wp:attachment":[{"href":"https:\/\/teknologiateollisuus.fi\/emobility\/wp-json\/wp\/v2\/media?parent=622"}],"curies":[{"name":"wp","href":"https:\/\/api.w.org\/{rel}","templated":true}]}}