{"id":837,"date":"2025-10-30T12:08:34","date_gmt":"2025-10-30T10:08:34","guid":{"rendered":"https:\/\/teknologiateollisuus.fi\/emobility\/?page_id=837"},"modified":"2025-10-30T12:08:34","modified_gmt":"2025-10-30T10:08:34","slug":"tapahtumat","status":"publish","type":"page","link":"https:\/\/teknologiateollisuus.fi\/emobility\/tapahtumat\/","title":{"rendered":"Tapahtumat"},"content":{"rendered":"\n<div class=\"em-block-hero hero-has-background-color has-background has-violet-background-color collapse media-position-right \">\n\t<div class=\"em-block-hero__container\">\n\t\t<div class=\"em-block-hero__content\">\n\t\t\t<div class=\"yoast-breadcrumbs\"><span><span><a href=\"https:\/\/teknologiateollisuus.fi\/emobility\/\">Etusivu<\/a><\/span> <span class=\"separator\"><\/span> <span class=\"breadcrumb_last\" aria-current=\"page\">Tapahtumat<\/span><\/span><\/div>\t\t\t\n<h1 class=\"wp-block-heading\" id=\"h-tapahtumat\">Tapahtumat<\/h1>\n\n<p><\/p>\n\t\t\t<div class=\"em-block-hero__modified-date\"> P\u00e4ivitetty 30.10.2025 klo 12:08<\/div>\t\t<\/div>\n\t\t\t\t\t<figure class=\"em-block-hero__image\">\n\t\t\t\t\t\t\t<\/figure>\n\t\t\t<\/div>\n<\/div>\n\n\n\n<div class=\"wp-block-evermade-event-feed em-block-event-feed em-block-feed\" data-per-page=\"10\" data-texts=\"{&quot;searchLabel&quot;:&quot;Etsi&quot;,&quot;searchPlaceholder&quot;:&quot;Kirjoita t\u00e4h\u00e4n&quot;,&quot;showAllButtonText&quot;:&quot;N\u00e4yt\u00e4 kaikki&quot;,&quot;categoriesLabel&quot;:&quot;KAtegoriat&quot;,&quot;categoriesPlaceholder&quot;:&quot;Valitse kategoriat&quot;,&quot;tagsLabel&quot;:&quot;Aiheet&quot;,&quot;tagsPlaceholder&quot;:&quot;Valitse&quot;,&quot;regionsLabel&quot;:&quot;Regions&quot;,&quot;regionsPlaceholder&quot;:&quot;Choose regions&quot;,&quot;hasAttachmentsLabel&quot;:&quot;Has attachments&quot;,&quot;loadMoreButtonText&quot;:&quot;Load more&quot;,&quot;filtersToggleLabel&quot;:&quot;Suodata&quot;,&quot;filterErrorTitle&quot;:&quot;Error loading filter data.&quot;,&quot;filterErrorText&quot;:&quot;Please try again later.&quot;,&quot;postsErrorTitle&quot;:&quot;Error loading Post data.&quot;,&quot;postsErrorText&quot;:&quot;Please try again later.&quot;,&quot;noPostsFoundTitle&quot;:&quot;No posts found.&quot;,&quot;noPostsFoundText&quot;:&quot;Please try again with different search terms.&quot;,&quot;gridLayoutLabel&quot;:&quot;Grid layout&quot;,&quot;listLayoutLabel&quot;:&quot;List layout&quot;}\" data-past-events=\"false\"><\/div>\n","protected":false},"excerpt":{"rendered":"","protected":false},"author":8,"featured_media":0,"parent":0,"menu_order":0,"comment_status":"closed","ping_status":"closed","template":"","meta":{"_acf_changed":false,"_relevanssi_hide_post":"","_relevanssi_hide_content":"","_relevanssi_pin_for_all":"","_relevanssi_pin_keywords":"","_relevanssi_unpin_keywords":"","_relevanssi_related_keywords":"","_relevanssi_related_include_ids":"","_relevanssi_related_exclude_ids":"","_relevanssi_related_no_append":"","_relevanssi_related_not_related":"","_relevanssi_related_posts":"579,363,386,687,786,701","_relevanssi_noindex_reason":"","inline_featured_image":false,"footnotes":""},"class_list":["post-837","page","type-page","status-publish","hentry"],"acf":[],"yoast_head":"<!-- This site is optimized with the Yoast SEO Premium plugin v27.1 (Yoast SEO v27.4) - https:\/\/yoast.com\/product\/yoast-seo-premium-wordpress\/ -->\n<title>Tapahtumat - S\u00e4hk\u00f6inen liikenne<\/title>\n<meta name=\"robots\" content=\"index, follow, max-snippet:-1, max-image-preview:large, max-video-preview:-1\" \/>\n<link rel=\"canonical\" href=\"https:\/\/teknologiateollisuus.fi\/emobility\/tapahtumat\/\" \/>\n<meta property=\"og:locale\" content=\"fi_FI\" \/>\n<meta property=\"og:type\" content=\"article\" \/>\n<meta property=\"og:title\" content=\"Tapahtumat\" \/>\n<meta property=\"og:url\" content=\"https:\/\/teknologiateollisuus.fi\/emobility\/tapahtumat\/\" \/>\n<meta property=\"og:site_name\" content=\"S\u00e4hk\u00f6inen liikenne\" \/>\n<meta name=\"twitter:card\" content=\"summary_large_image\" \/>\n<meta name=\"twitter:label1\" content=\"Arvioitu lukuaika\" \/>\n\t<meta name=\"twitter:data1\" content=\"1 minuutti\" \/>\n<script type=\"application\/ld+json\" class=\"yoast-schema-graph\">{\"@context\":\"https:\\\/\\\/schema.org\",\"@graph\":[{\"@type\":\"WebPage\",\"@id\":\"https:\\\/\\\/teknologiateollisuus.fi\\\/emobility\\\/tapahtumat\\\/\",\"url\":\"https:\\\/\\\/teknologiateollisuus.fi\\\/emobility\\\/tapahtumat\\\/\",\"name\":\"Tapahtumat - S\u00e4hk\u00f6inen liikenne\",\"isPartOf\":{\"@id\":\"https:\\\/\\\/teknologiateollisuus.fi\\\/emobility\\\/#website\"},\"datePublished\":\"2025-10-30T10:08:34+00:00\",\"breadcrumb\":{\"@id\":\"https:\\\/\\\/teknologiateollisuus.fi\\\/emobility\\\/tapahtumat\\\/#breadcrumb\"},\"inLanguage\":\"fi\",\"potentialAction\":[{\"@type\":\"ReadAction\",\"target\":[\"https:\\\/\\\/teknologiateollisuus.fi\\\/emobility\\\/tapahtumat\\\/\"]}]},{\"@type\":\"BreadcrumbList\",\"@id\":\"https:\\\/\\\/teknologiateollisuus.fi\\\/emobility\\\/tapahtumat\\\/#breadcrumb\",\"itemListElement\":[{\"@type\":\"ListItem\",\"position\":1,\"name\":\"Etusivu\",\"item\":\"https:\\\/\\\/teknologiateollisuus.fi\\\/emobility\\\/\"},{\"@type\":\"ListItem\",\"position\":2,\"name\":\"Tapahtumat\"}]},{\"@type\":\"WebSite\",\"@id\":\"https:\\\/\\\/teknologiateollisuus.fi\\\/emobility\\\/#website\",\"url\":\"https:\\\/\\\/teknologiateollisuus.fi\\\/emobility\\\/\",\"name\":\"S\u00e4hk\u00f6inen liikenne\",\"description\":\"\",\"potentialAction\":[{\"@type\":\"SearchAction\",\"target\":{\"@type\":\"EntryPoint\",\"urlTemplate\":\"https:\\\/\\\/teknologiateollisuus.fi\\\/emobility\\\/?s={search_term_string}\"},\"query-input\":{\"@type\":\"PropertyValueSpecification\",\"valueRequired\":true,\"valueName\":\"search_term_string\"}}],\"inLanguage\":\"fi\"}]}<\/script>\n<!-- \/ Yoast SEO Premium plugin. -->","yoast_head_json":{"title":"Tapahtumat - S\u00e4hk\u00f6inen liikenne","robots":{"index":"index","follow":"follow","max-snippet":"max-snippet:-1","max-image-preview":"max-image-preview:large","max-video-preview":"max-video-preview:-1"},"canonical":"https:\/\/teknologiateollisuus.fi\/emobility\/tapahtumat\/","og_locale":"fi_FI","og_type":"article","og_title":"Tapahtumat","og_url":"https:\/\/teknologiateollisuus.fi\/emobility\/tapahtumat\/","og_site_name":"S\u00e4hk\u00f6inen liikenne","twitter_card":"summary_large_image","twitter_misc":{"Arvioitu lukuaika":"1 minuutti"},"schema":{"@context":"https:\/\/schema.org","@graph":[{"@type":"WebPage","@id":"https:\/\/teknologiateollisuus.fi\/emobility\/tapahtumat\/","url":"https:\/\/teknologiateollisuus.fi\/emobility\/tapahtumat\/","name":"Tapahtumat - S\u00e4hk\u00f6inen liikenne","isPartOf":{"@id":"https:\/\/teknologiateollisuus.fi\/emobility\/#website"},"datePublished":"2025-10-30T10:08:34+00:00","breadcrumb":{"@id":"https:\/\/teknologiateollisuus.fi\/emobility\/tapahtumat\/#breadcrumb"},"inLanguage":"fi","potentialAction":[{"@type":"ReadAction","target":["https:\/\/teknologiateollisuus.fi\/emobility\/tapahtumat\/"]}]},{"@type":"BreadcrumbList","@id":"https:\/\/teknologiateollisuus.fi\/emobility\/tapahtumat\/#breadcrumb","itemListElement":[{"@type":"ListItem","position":1,"name":"Etusivu","item":"https:\/\/teknologiateollisuus.fi\/emobility\/"},{"@type":"ListItem","position":2,"name":"Tapahtumat"}]},{"@type":"WebSite","@id":"https:\/\/teknologiateollisuus.fi\/emobility\/#website","url":"https:\/\/teknologiateollisuus.fi\/emobility\/","name":"S\u00e4hk\u00f6inen liikenne","description":"","potentialAction":[{"@type":"SearchAction","target":{"@type":"EntryPoint","urlTemplate":"https:\/\/teknologiateollisuus.fi\/emobility\/?s={search_term_string}"},"query-input":{"@type":"PropertyValueSpecification","valueRequired":true,"valueName":"search_term_string"}}],"inLanguage":"fi"}]}},"lang":"fi","translations":{"fi":837},"pll_sync_post":[],"_links":{"self":[{"href":"https:\/\/teknologiateollisuus.fi\/emobility\/wp-json\/wp\/v2\/pages\/837","targetHints":{"allow":["GET"]}}],"collection":[{"href":"https:\/\/teknologiateollisuus.fi\/emobility\/wp-json\/wp\/v2\/pages"}],"about":[{"href":"https:\/\/teknologiateollisuus.fi\/emobility\/wp-json\/wp\/v2\/types\/page"}],"author":[{"embeddable":true,"href":"https:\/\/teknologiateollisuus.fi\/emobility\/wp-json\/wp\/v2\/users\/8"}],"replies":[{"embeddable":true,"href":"https:\/\/teknologiateollisuus.fi\/emobility\/wp-json\/wp\/v2\/comments?post=837"}],"version-history":[{"count":1,"href":"https:\/\/teknologiateollisuus.fi\/emobility\/wp-json\/wp\/v2\/pages\/837\/revisions"}],"predecessor-version":[{"id":838,"href":"https:\/\/teknologiateollisuus.fi\/emobility\/wp-json\/wp\/v2\/pages\/837\/revisions\/838"}],"wp:attachment":[{"href":"https:\/\/teknologiateollisuus.fi\/emobility\/wp-json\/wp\/v2\/media?parent=837"}],"curies":[{"name":"wp","href":"https:\/\/api.w.org\/{rel}","templated":true}]}}