{"id":120,"date":"2024-06-06T12:03:19","date_gmt":"2024-06-06T09:03:19","guid":{"rendered":"https:\/\/fisc.teknologiateollisuus.fi\/?page_id=120"},"modified":"2024-10-03T10:07:26","modified_gmt":"2024-10-03T07:07:26","slug":"tietoa-meista","status":"publish","type":"page","link":"https:\/\/teknologiateollisuus.fi\/fisc\/tietoa-meista\/","title":{"rendered":"Tietoa meist\u00e4"},"content":{"rendered":"\n<div class=\"em-block-hero hero-has-background-color has-background has-violet-background-color has-image media-position-background \">\n\t<div class=\"em-block-hero__container\">\n\t\t<div class=\"em-block-hero__content\">\n\t\t\t<div class=\"yoast-breadcrumbs\"><span><span><a href=\"https:\/\/teknologiateollisuus.fi\/fisc\/\">Etusivu<\/a><\/span> <span class=\"separator\"><\/span> <span class=\"breadcrumb_last\" aria-current=\"page\">Tietoa meist\u00e4<\/span><\/span><\/div>\t\t\t\n<h1 class=\"wp-block-heading\"><strong>Kyberala ry<\/strong><\/h1>\n\n<p>Vahva kansainv\u00e4linen kyberalan ekosysteemi sek\u00e4 sietokykyiset digitaaliset rakenteet<\/p>\n\t\t\t<div class=\"em-block-hero__modified-date\"> P\u00e4ivitetty 03.10.2024 klo 10:07<\/div>\t\t<\/div>\n\t\t\t\t\t<figure class=\"em-block-hero__image\">\n\t\t\t\t<img loading=\"lazy\" decoding=\"async\" width=\"350\" height=\"236\" src=\"https:\/\/teknologiateollisuus.fi\/fisc\/wp-content\/uploads\/sites\/11\/2024\/09\/shutterstock_350wide.jpg\" class=\"attachment-hero size-hero\" alt=\"Organisaatio\" \/>\t\t\t<\/figure>\n\t\t\t<\/div>\n<\/div>\n\n\n\n<p>Kyberala ry (FISC) on kyberturvallisuusteollisuuden vaikuttajaorganisaatio, jonka tarkoituksena on edist\u00e4\u00e4 alan kilpailukyky\u00e4 ja toimintaedellytyksi\u00e4 sek\u00e4 tieto- ja digitaalista turvallisuutta Suomessa ja EU:ssa yhteisty\u00f6ss\u00e4 julkishallinnon, yritysten ja kansalaisyhteiskunnan kanssa. Elinvoimainen kyberturvallisuusteollisuus luo perustan yhteiskunnan digitaaliselle el\u00e4m\u00e4lle ja hyvinvoinnille. Toimimme Teknologiateollisuus ry:n yhteydess\u00e4 sen toimialaj\u00e4rjest\u00f6n\u00e4. Ala on yksi Teknologiateollisuuden viidest\u00e4 p\u00e4\u00e4toimialasta.<\/p>\n\n\n\n<figure class=\"wp-block-pullquote\"><blockquote><p>Olemme Suomen kyberturvallisuusalan \u00e4\u00e4ni. Toimimme kyberturvallisuusalan edunvalvojana ja ajamme j\u00e4seniemme etua Suomessa ja kansainv\u00e4lisesti. Edustamme j\u00e4seni\u00e4mme elinkeinopoliittisissa asioissa ja yhteiskunnallisessa p\u00e4\u00e4t\u00f6ksenteossa. <\/p><\/blockquote><\/figure>\n\n\n\n<p>Toimintamme ja olemassaolomme tarkoitus on turvallinen digitaalinen Suomi, jossa kyberturvateollisuus on menestyksen mahdollistaja.<\/p>\n\n\n\n<p>J\u00e4senist\u00f6mme koostuu kaiken kokoisista tieto- ja kyberturvallisuuteen keskittyvist\u00e4 yrityksist\u00e4 ja organisaatioista. J\u00e4senm\u00e4\u00e4r\u00e4mme on t\u00e4ll\u00e4 hetkell\u00e4 noin 100.<\/p>\n\n\n\n<p>P\u00e4\u00e4tavoitteenamme on edustaa alaamme Suomessa sek\u00e4 tukea j\u00e4senorganisaatioidemme kasvua kansallisesti ja erityisesti kansainv\u00e4lisesti. Pyrimme edist\u00e4m\u00e4\u00e4n private-public-partnership-periaatetta, ker\u00e4\u00e4mme markkinatietoa ja koordinoimme tarvittaessa kansainv\u00e4listymishankkeita joihin j\u00e4senemme osallistuvat.<\/p>\n\n\n\n<p>Pyrimme edist\u00e4m\u00e4\u00e4n alamme koulutusta Suomessa sek\u00e4 vaikuttamaan kansallisesti alamme kasvuedellytyksiin niin lains\u00e4\u00e4d\u00e4nn\u00f6n kuin muidenkin tarvittavien toimenpiteiden kautta.<\/p>\n\n\n\n<p>Toimimme tiiviiss\u00e4 yhteisty\u00f6ss\u00e4 alamme kansallisten ja kansainv\u00e4listen vaikuttajaorganisaatioiden kanssa.<\/p>\n\n\n\n<p><\/p>\n\n\n\n<h2 class=\"wp-block-heading\" id=\"ydintehtavat\">Ydinteht\u00e4v\u00e4t\u200b<\/h2>\n\n\n\n<p>Kyberala toteuttaa kolmea ydinteht\u00e4v\u00e4\u00e4ns\u00e4 valituista strategiapainotuksista riippumatta.\u200b<\/p>\n\n\n\n<p><strong>Vaikuttaminen\u200b<\/strong><\/p>\n\n\n\n<p>Huolehdimme, ett\u00e4 j\u00e4senorganisaatioidemme n\u00e4kemykset huomioidaan yhteiskunnallisessa p\u00e4\u00e4t\u00f6ksenteossa. Vaikuttavuuttamme vahvistaa tiivis yhteisty\u00f6 Teknologiateollisuuden, sen toimialayhdistysten sek\u00e4 muiden kumppaniemme kanssa. EU-p\u00e4\u00e4t\u00f6ksentekoon vaikutamme sek\u00e4 suoraan ett\u00e4 eurooppalaisten j\u00e4rjest\u00f6jen kautta. Vahvistamme alan mainetta ja vetovoimaa.\u200b<\/p>\n\n\n\n<p><strong>J\u00e4senpalvelu\u200b<\/strong><\/p>\n\n\n\n<p>Jalostamme ja jaamme tietoa j\u00e4sentemme liiketoiminnan tueksi.\u200b Koulutamme ja neuvomme yrityksi\u00e4 strategisten painotusten teemoissa. Osallistamme j\u00e4seni\u00e4 toimintaamme ja tarjoamme verkostoitumismahdollisuuksia.<\/p>\n\n\n\n<p><strong>J\u00e4senten kasvu\u200b<\/strong><\/p>\n\n\n\n<p>Kartoitamme vienti- ja kasvumarkkinoita, tuemme j\u00e4senten Go-to-market \u2013strategioita ja pyrkimyksi\u00e4, tuemme vientiekosysteemin sek\u00e4 alan sijoittajaymp\u00e4rist\u00f6n kehittymist\u00e4. Lis\u00e4\u00e4mme tietoisuutta alasta, sen toimijoista sek\u00e4 keskeisist\u00e4 asiakysymyksist\u00e4.\u200b \u200b<\/p>\n\n\n\n<h2 class=\"wp-block-heading\" id=\"strategiset-fokusalueet\">Strategiset fokusalueet<\/h2>\n\n\n\n<p>Tavoittelemamme yh\u00e4 kilpailukykyisemp\u00e4\u00e4 Suomea. T\u00e4m\u00e4n kehityksen tuella pyrimme havaittavaan muutokseen Kyberalan yritysten toimintaymp\u00e4rist\u00f6ss\u00e4 nelj\u00e4n strategisen tavoitteen kautta:\u200b<\/p>\n\n\n\n<p><strong>Tuotannontekij\u00f6it\u00e4 osaamistason nostosta ja maahanmuutosta<\/strong><\/p>\n\n\n\n<p>Parannamme uusien osaajien saatavuutta nopeutetuilla osaamisen kehitt\u00e4misen toimilla.\u200b<\/p>\n\n\n\n<p><strong>Kilpailuetua uusista teknologioista ja innovaatioista<\/strong><\/p>\n\n\n\n<p>Yritykset hallitsevat digitaaliset riskins\u00e4 uuden teknologian, teko\u00e4lyn ja datan k\u00e4yt\u00f6st\u00e4 sek\u00e4 omassa toiminnassaan ett\u00e4 koko arvoketjussa. \u200b<\/p>\n\n\n\n<p><strong>S\u00e4\u00e4ntelyst\u00e4 vipuvoimaa menestykseen\u200b<\/strong><\/p>\n\n\n\n<p>Elinkeinoel\u00e4m\u00e4n ja kansalaisyhteiskunnan toimintaymp\u00e4rist\u00f6 ilment\u00e4\u00e4 eurooppalaisia arvoja. S\u00e4\u00e4ntely vahvistaa hyv\u00e4n digitaalisen el\u00e4m\u00e4n edellytyksi\u00e4 ja tukee elinkeinoel\u00e4m\u00e4n arvonluontia. Julkisia varoja k\u00e4ytet\u00e4\u00e4n tehokkaasti ja markkinah\u00e4iri\u00f6tt\u00f6m\u00e4sti.\u200b<\/p>\n\n\n\n<p><strong>Talouskasvua ja br\u00e4ndietua kotimaasta \u200b<\/strong><\/p>\n\n\n\n<p>Edist\u00e4mme tasonnostoa tieto- ja teknologiapolitiikassa ja panostuksia uuden digitaalisen pehme\u00e4n infrastruktuurin kehitt\u00e4miseen sek\u00e4 teknologian nopeampaan hy\u00f6dynt\u00e4miseen ja innovaatioiden skaalaamiseen, toimien samalla suunnann\u00e4ytt\u00e4j\u00e4n\u00e4 EU:lle.\u200b<\/p>\n\n\n\n<h2 class=\"wp-block-heading\" id=\"toiminnan-periaatteet\">Toiminnan periaatteet<\/h2>\n\n\n\n<p>Toimintaamme ohjaavia periaatteita ovat riippumattomuus, yhdess\u00e4 tekeminen, Suomen menestyksen tavoittelu sek\u00e4 aloitteellisuus.<\/p>\n\n\n\n<p>Edunvalvontaty\u00f6mme on vastuullista ja avointa. Noudatamme ty\u00f6ss\u00e4mme aina kilpailulains\u00e4\u00e4d\u00e4nt\u00f6\u00e4 sek\u00e4 seuraavia pelis\u00e4\u00e4nt\u00f6j\u00e4:<\/p>\n\n\n\n<ul class=\"wp-block-list\">\n<li>Toimimme avoimesti kyberturvallisuusalan edunvalvojana ja ilmaisemme tavoitteemme selke\u00e4sti<\/li>\n\n\n\n<li>Toimimme tasapuolisesti j\u00e4senist\u00f6\u00e4mme kohtaan<\/li>\n\n\n\n<li>Valmistelemme kantamme huolellisesti yhdess\u00e4 j\u00e4senist\u00f6mme kanssa ja ilmaisemme rehellisesti my\u00f6s erilaiset n\u00e4k\u00f6kulmat<\/li>\n\n\n\n<li>Teemme avointa ja rakentavaa yhteisty\u00f6t\u00e4 sidosryhmien kanssa<\/li>\n\n\n\n<li>Emme anna tai vastaanota lahjoja tai etuja, jotka voivat vaikuttaa omaan tai saajan p\u00e4\u00e4t\u00f6ksentekoon<\/li>\n\n\n\n<li>Vieraanvaraisuudessa noudatamme tavanomaisia kohtuullisia j\u00e4rjestelyj\u00e4<\/li>\n\n\n\n<li>Emme toimi j\u00e4senyritystemme hallituksissa tai muissa vastaavissa teht\u00e4viss\u00e4, jotka voisivat vaarantaa tasapuolisuuttamme<\/li>\n<\/ul>\n","protected":false},"excerpt":{"rendered":"<p>Kyberala ry (FISC) on kyberturvallisuusteollisuuden vaikuttajaorganisaatio, jonka tarkoituksena on edist\u00e4\u00e4 alan kilpailukyky\u00e4 ja toimintaedellytyksi\u00e4 sek\u00e4 tieto- ja digitaalista turvallisuutta Suomessa ja EU:ssa yhteisty\u00f6ss\u00e4 julkishallinnon, yritysten ja kansalaisyhteiskunnan kanssa. Elinvoimainen kyberturvallisuusteollisuus luo perustan yhteiskunnan digitaaliselle el\u00e4m\u00e4lle ja hyvinvoinnille. Toimimme Teknologiateollisuus ry:n yhteydess\u00e4 sen toimialaj\u00e4rjest\u00f6n\u00e4. Ala on yksi Teknologiateollisuuden viidest\u00e4 p\u00e4\u00e4toimialasta. Olemme Suomen kyberturvallisuusalan \u00e4\u00e4ni. Toimimme kyberturvallisuusalan [&hellip;]<\/p>\n","protected":false},"author":8,"featured_media":0,"parent":0,"menu_order":0,"comment_status":"closed","ping_status":"closed","template":"","meta":{"_acf_changed":false,"_relevanssi_hide_post":"","_relevanssi_hide_content":"","_relevanssi_pin_for_all":"","_relevanssi_pin_keywords":"","_relevanssi_unpin_keywords":"","_relevanssi_related_keywords":"","_relevanssi_related_include_ids":"","_relevanssi_related_exclude_ids":"","_relevanssi_related_no_append":"","_relevanssi_related_not_related":"","_relevanssi_related_posts":"56,53,55,54,57,48","_relevanssi_noindex_reason":"","inline_featured_image":false,"footnotes":""},"class_list":["post-120","page","type-page","status-publish","hentry"],"acf":[],"yoast_head":"<!-- This site is optimized with the Yoast SEO Premium plugin v27.1 (Yoast SEO v27.4) - https:\/\/yoast.com\/product\/yoast-seo-premium-wordpress\/ -->\n<title>Tietoa meist\u00e4 - Kyberala<\/title>\n<meta name=\"robots\" content=\"index, follow, max-snippet:-1, max-image-preview:large, max-video-preview:-1\" \/>\n<link rel=\"canonical\" href=\"https:\/\/teknologiateollisuus.fi\/fisc\/tietoa-meista\/\" \/>\n<meta property=\"og:locale\" content=\"fi_FI\" \/>\n<meta property=\"og:type\" content=\"article\" \/>\n<meta property=\"og:title\" content=\"Tietoa meist\u00e4\" \/>\n<meta property=\"og:description\" content=\"Kyberala ry (FISC) on kyberturvallisuusteollisuuden vaikuttajaorganisaatio, jonka tarkoituksena on edist\u00e4\u00e4 alan kilpailukyky\u00e4 ja toimintaedellytyksi\u00e4 sek\u00e4 tieto- ja digitaalista turvallisuutta Suomessa ja EU:ssa yhteisty\u00f6ss\u00e4 julkishallinnon, yritysten ja kansalaisyhteiskunnan kanssa. Elinvoimainen kyberturvallisuusteollisuus luo perustan yhteiskunnan digitaaliselle el\u00e4m\u00e4lle ja hyvinvoinnille. Toimimme Teknologiateollisuus ry:n yhteydess\u00e4 sen toimialaj\u00e4rjest\u00f6n\u00e4. Ala on yksi Teknologiateollisuuden viidest\u00e4 p\u00e4\u00e4toimialasta. Olemme Suomen kyberturvallisuusalan \u00e4\u00e4ni. Toimimme kyberturvallisuusalan [&hellip;]\" \/>\n<meta property=\"og:url\" content=\"https:\/\/teknologiateollisuus.fi\/fisc\/tietoa-meista\/\" \/>\n<meta property=\"og:site_name\" content=\"Kyberala\" \/>\n<meta property=\"article:modified_time\" content=\"2024-10-03T07:07:26+00:00\" \/>\n<meta name=\"twitter:card\" content=\"summary_large_image\" \/>\n<meta name=\"twitter:label1\" content=\"Arvioitu lukuaika\" \/>\n\t<meta name=\"twitter:data1\" content=\"3 minuuttia\" \/>\n<script type=\"application\/ld+json\" class=\"yoast-schema-graph\">{\"@context\":\"https:\\\/\\\/schema.org\",\"@graph\":[{\"@type\":\"WebPage\",\"@id\":\"https:\\\/\\\/teknologiateollisuus.fi\\\/fisc\\\/tietoa-meista\\\/\",\"url\":\"https:\\\/\\\/teknologiateollisuus.fi\\\/fisc\\\/tietoa-meista\\\/\",\"name\":\"Tietoa meist\u00e4 - Kyberala\",\"isPartOf\":{\"@id\":\"https:\\\/\\\/teknologiateollisuus.fi\\\/fisc\\\/#website\"},\"datePublished\":\"2024-06-06T09:03:19+00:00\",\"dateModified\":\"2024-10-03T07:07:26+00:00\",\"breadcrumb\":{\"@id\":\"https:\\\/\\\/teknologiateollisuus.fi\\\/fisc\\\/tietoa-meista\\\/#breadcrumb\"},\"inLanguage\":\"fi\",\"potentialAction\":[{\"@type\":\"ReadAction\",\"target\":[\"https:\\\/\\\/teknologiateollisuus.fi\\\/fisc\\\/tietoa-meista\\\/\"]}]},{\"@type\":\"BreadcrumbList\",\"@id\":\"https:\\\/\\\/teknologiateollisuus.fi\\\/fisc\\\/tietoa-meista\\\/#breadcrumb\",\"itemListElement\":[{\"@type\":\"ListItem\",\"position\":1,\"name\":\"Etusivu\",\"item\":\"https:\\\/\\\/teknologiateollisuus.fi\\\/fisc\\\/\"},{\"@type\":\"ListItem\",\"position\":2,\"name\":\"Tietoa meist\u00e4\"}]},{\"@type\":\"WebSite\",\"@id\":\"https:\\\/\\\/teknologiateollisuus.fi\\\/fisc\\\/#website\",\"url\":\"https:\\\/\\\/teknologiateollisuus.fi\\\/fisc\\\/\",\"name\":\"Kyberala\",\"description\":\"\",\"potentialAction\":[{\"@type\":\"SearchAction\",\"target\":{\"@type\":\"EntryPoint\",\"urlTemplate\":\"https:\\\/\\\/teknologiateollisuus.fi\\\/fisc\\\/?s={search_term_string}\"},\"query-input\":{\"@type\":\"PropertyValueSpecification\",\"valueRequired\":true,\"valueName\":\"search_term_string\"}}],\"inLanguage\":\"fi\"}]}<\/script>\n<!-- \/ Yoast SEO Premium plugin. -->","yoast_head_json":{"title":"Tietoa meist\u00e4 - Kyberala","robots":{"index":"index","follow":"follow","max-snippet":"max-snippet:-1","max-image-preview":"max-image-preview:large","max-video-preview":"max-video-preview:-1"},"canonical":"https:\/\/teknologiateollisuus.fi\/fisc\/tietoa-meista\/","og_locale":"fi_FI","og_type":"article","og_title":"Tietoa meist\u00e4","og_description":"Kyberala ry (FISC) on kyberturvallisuusteollisuuden vaikuttajaorganisaatio, jonka tarkoituksena on edist\u00e4\u00e4 alan kilpailukyky\u00e4 ja toimintaedellytyksi\u00e4 sek\u00e4 tieto- ja digitaalista turvallisuutta Suomessa ja EU:ssa yhteisty\u00f6ss\u00e4 julkishallinnon, yritysten ja kansalaisyhteiskunnan kanssa. Elinvoimainen kyberturvallisuusteollisuus luo perustan yhteiskunnan digitaaliselle el\u00e4m\u00e4lle ja hyvinvoinnille. Toimimme Teknologiateollisuus ry:n yhteydess\u00e4 sen toimialaj\u00e4rjest\u00f6n\u00e4. Ala on yksi Teknologiateollisuuden viidest\u00e4 p\u00e4\u00e4toimialasta. Olemme Suomen kyberturvallisuusalan \u00e4\u00e4ni. Toimimme kyberturvallisuusalan [&hellip;]","og_url":"https:\/\/teknologiateollisuus.fi\/fisc\/tietoa-meista\/","og_site_name":"Kyberala","article_modified_time":"2024-10-03T07:07:26+00:00","twitter_card":"summary_large_image","twitter_misc":{"Arvioitu lukuaika":"3 minuuttia"},"schema":{"@context":"https:\/\/schema.org","@graph":[{"@type":"WebPage","@id":"https:\/\/teknologiateollisuus.fi\/fisc\/tietoa-meista\/","url":"https:\/\/teknologiateollisuus.fi\/fisc\/tietoa-meista\/","name":"Tietoa meist\u00e4 - Kyberala","isPartOf":{"@id":"https:\/\/teknologiateollisuus.fi\/fisc\/#website"},"datePublished":"2024-06-06T09:03:19+00:00","dateModified":"2024-10-03T07:07:26+00:00","breadcrumb":{"@id":"https:\/\/teknologiateollisuus.fi\/fisc\/tietoa-meista\/#breadcrumb"},"inLanguage":"fi","potentialAction":[{"@type":"ReadAction","target":["https:\/\/teknologiateollisuus.fi\/fisc\/tietoa-meista\/"]}]},{"@type":"BreadcrumbList","@id":"https:\/\/teknologiateollisuus.fi\/fisc\/tietoa-meista\/#breadcrumb","itemListElement":[{"@type":"ListItem","position":1,"name":"Etusivu","item":"https:\/\/teknologiateollisuus.fi\/fisc\/"},{"@type":"ListItem","position":2,"name":"Tietoa meist\u00e4"}]},{"@type":"WebSite","@id":"https:\/\/teknologiateollisuus.fi\/fisc\/#website","url":"https:\/\/teknologiateollisuus.fi\/fisc\/","name":"Kyberala","description":"","potentialAction":[{"@type":"SearchAction","target":{"@type":"EntryPoint","urlTemplate":"https:\/\/teknologiateollisuus.fi\/fisc\/?s={search_term_string}"},"query-input":{"@type":"PropertyValueSpecification","valueRequired":true,"valueName":"search_term_string"}}],"inLanguage":"fi"}]}},"lang":"fi","translations":{"fi":120},"pll_sync_post":[],"_links":{"self":[{"href":"https:\/\/teknologiateollisuus.fi\/fisc\/wp-json\/wp\/v2\/pages\/120","targetHints":{"allow":["GET"]}}],"collection":[{"href":"https:\/\/teknologiateollisuus.fi\/fisc\/wp-json\/wp\/v2\/pages"}],"about":[{"href":"https:\/\/teknologiateollisuus.fi\/fisc\/wp-json\/wp\/v2\/types\/page"}],"author":[{"embeddable":true,"href":"https:\/\/teknologiateollisuus.fi\/fisc\/wp-json\/wp\/v2\/users\/8"}],"replies":[{"embeddable":true,"href":"https:\/\/teknologiateollisuus.fi\/fisc\/wp-json\/wp\/v2\/comments?post=120"}],"version-history":[{"count":10,"href":"https:\/\/teknologiateollisuus.fi\/fisc\/wp-json\/wp\/v2\/pages\/120\/revisions"}],"predecessor-version":[{"id":458,"href":"https:\/\/teknologiateollisuus.fi\/fisc\/wp-json\/wp\/v2\/pages\/120\/revisions\/458"}],"wp:attachment":[{"href":"https:\/\/teknologiateollisuus.fi\/fisc\/wp-json\/wp\/v2\/media?parent=120"}],"curies":[{"name":"wp","href":"https:\/\/api.w.org\/{rel}","templated":true}]}}