{"id":123,"date":"2024-06-06T12:05:34","date_gmt":"2024-06-06T09:05:34","guid":{"rendered":"https:\/\/fisc.teknologiateollisuus.fi\/?page_id=123"},"modified":"2024-10-03T10:03:30","modified_gmt":"2024-10-03T07:03:30","slug":"tyoryhmat","status":"publish","type":"page","link":"https:\/\/teknologiateollisuus.fi\/fisc\/tietoa-meista\/tyoryhmat\/","title":{"rendered":"Ty\u00f6ryhm\u00e4t"},"content":{"rendered":"\n<div class=\"em-block-hero hero-has-background-color has-background has-petrol-background-color collapse media-position-right \">\n\t<div class=\"em-block-hero__container\">\n\t\t<div class=\"em-block-hero__content\">\n\t\t\t<div class=\"yoast-breadcrumbs\"><span><span><a href=\"https:\/\/teknologiateollisuus.fi\/fisc\/\">Etusivu<\/a><\/span> <span class=\"separator\"><\/span> <span><a href=\"https:\/\/teknologiateollisuus.fi\/fisc\/tietoa-meista\/\">Tietoa meist\u00e4<\/a><\/span> <span class=\"separator\"><\/span> <span class=\"breadcrumb_last\" aria-current=\"page\">Ty\u00f6ryhm\u00e4t<\/span><\/span><\/div>\t\t\t\n<h1 class=\"wp-block-heading\" id=\"tyoryhmat\">Ty\u00f6ryhm\u00e4t<\/h1>\n\n<p><\/p>\n\t\t\t<div class=\"em-block-hero__modified-date\"> P\u00e4ivitetty 03.10.2024 klo 10:03<\/div>\t\t<\/div>\n\t\t\t\t\t<figure class=\"em-block-hero__image\">\n\t\t\t\t\t\t\t<\/figure>\n\t\t\t<\/div>\n<\/div>\n\n\n\n<h2 class=\"wp-block-heading\"><strong>Ty\u00f6ryhmiss\u00e4mme p\u00e4\u00e4set mukaan k\u00e4yt\u00e4nn\u00f6n hankkeisiin<\/strong><\/h2>\n\n\n\n<p>FISC koordinoi osaa toiminnastaan ty\u00f6ryhmien kautta. FISC:ss\u00e4 toimii kolme ty\u00f6ryhm\u00e4\u00e4, joihin kaikki j\u00e4senyrityksemme voivat vapaasi osallistua. Ty\u00f6ryhmi\u00e4 koordinoimaan on nimetty vastuuhenkil\u00f6it\u00e4.<\/p>\n\n\n\n<p>Ty\u00f6ryhm\u00e4t keskittyv\u00e4t valitsemaansa osa-alueeseen ja j\u00e4rjest\u00e4v\u00e4t siihen liittyv\u00e4\u00e4 yhteistoimintaa. Ty\u00f6ryhm\u00e4mme toimivat eri malleilla, osin asiakasl\u00e4ht\u00f6isesti ja osin verkostoja luomalla. <\/p>\n\n\n\n<h2 class=\"wp-block-heading\" id=\"tyoryhmamme\">Ty\u00f6ryhm\u00e4mme:<\/h2>\n\n\n\n<ul class=\"wp-block-list\">\n<li>Kasvu ja kansainv\u00e4listyminen<\/li>\n\n\n\n<li>Osaaminen ja koulutus<\/li>\n\n\n\n<li>Puolustus ja turvallisuus<\/li>\n<\/ul>\n","protected":false},"excerpt":{"rendered":"<p>Ty\u00f6ryhmiss\u00e4mme p\u00e4\u00e4set mukaan k\u00e4yt\u00e4nn\u00f6n hankkeisiin FISC koordinoi osaa toiminnastaan ty\u00f6ryhmien kautta. FISC:ss\u00e4 toimii kolme ty\u00f6ryhm\u00e4\u00e4, joihin kaikki j\u00e4senyrityksemme voivat vapaasi osallistua. Ty\u00f6ryhmi\u00e4 koordinoimaan on nimetty vastuuhenkil\u00f6it\u00e4. Ty\u00f6ryhm\u00e4t keskittyv\u00e4t valitsemaansa osa-alueeseen ja j\u00e4rjest\u00e4v\u00e4t siihen liittyv\u00e4\u00e4 yhteistoimintaa. Ty\u00f6ryhm\u00e4mme toimivat eri malleilla, osin asiakasl\u00e4ht\u00f6isesti ja osin verkostoja luomalla. Ty\u00f6ryhm\u00e4mme:<\/p>\n","protected":false},"author":8,"featured_media":0,"parent":120,"menu_order":2,"comment_status":"closed","ping_status":"closed","template":"","meta":{"_acf_changed":false,"_relevanssi_hide_post":"","_relevanssi_hide_content":"","_relevanssi_pin_for_all":"","_relevanssi_pin_keywords":"","_relevanssi_unpin_keywords":"","_relevanssi_related_keywords":"","_relevanssi_related_include_ids":"","_relevanssi_related_exclude_ids":"","_relevanssi_related_no_append":"","_relevanssi_related_not_related":"","_relevanssi_related_posts":"54,48,55,53,56,57","_relevanssi_noindex_reason":"","inline_featured_image":false,"footnotes":""},"class_list":["post-123","page","type-page","status-publish","hentry"],"acf":[],"yoast_head":"<!-- This site is optimized with the Yoast SEO Premium plugin v27.1 (Yoast SEO v27.4) - https:\/\/yoast.com\/product\/yoast-seo-premium-wordpress\/ -->\n<title>Ty\u00f6ryhm\u00e4t - Kyberala<\/title>\n<meta name=\"robots\" content=\"index, follow, max-snippet:-1, max-image-preview:large, max-video-preview:-1\" \/>\n<link rel=\"canonical\" href=\"https:\/\/teknologiateollisuus.fi\/fisc\/tietoa-meista\/tyoryhmat\/\" \/>\n<meta property=\"og:locale\" content=\"fi_FI\" \/>\n<meta property=\"og:type\" content=\"article\" \/>\n<meta property=\"og:title\" content=\"Ty\u00f6ryhm\u00e4t\" \/>\n<meta property=\"og:description\" content=\"Ty\u00f6ryhmiss\u00e4mme p\u00e4\u00e4set mukaan k\u00e4yt\u00e4nn\u00f6n hankkeisiin FISC koordinoi osaa toiminnastaan ty\u00f6ryhmien kautta. FISC:ss\u00e4 toimii kolme ty\u00f6ryhm\u00e4\u00e4, joihin kaikki j\u00e4senyrityksemme voivat vapaasi osallistua. Ty\u00f6ryhmi\u00e4 koordinoimaan on nimetty vastuuhenkil\u00f6it\u00e4. Ty\u00f6ryhm\u00e4t keskittyv\u00e4t valitsemaansa osa-alueeseen ja j\u00e4rjest\u00e4v\u00e4t siihen liittyv\u00e4\u00e4 yhteistoimintaa. Ty\u00f6ryhm\u00e4mme toimivat eri malleilla, osin asiakasl\u00e4ht\u00f6isesti ja osin verkostoja luomalla. Ty\u00f6ryhm\u00e4mme:\" \/>\n<meta property=\"og:url\" content=\"https:\/\/teknologiateollisuus.fi\/fisc\/tietoa-meista\/tyoryhmat\/\" \/>\n<meta property=\"og:site_name\" content=\"Kyberala\" \/>\n<meta property=\"article:modified_time\" content=\"2024-10-03T07:03:30+00:00\" \/>\n<meta name=\"twitter:card\" content=\"summary_large_image\" \/>\n<meta name=\"twitter:label1\" content=\"Arvioitu lukuaika\" \/>\n\t<meta name=\"twitter:data1\" content=\"1 minuutti\" \/>\n<script type=\"application\/ld+json\" class=\"yoast-schema-graph\">{\"@context\":\"https:\\\/\\\/schema.org\",\"@graph\":[{\"@type\":\"WebPage\",\"@id\":\"https:\\\/\\\/teknologiateollisuus.fi\\\/fisc\\\/tietoa-meista\\\/tyoryhmat\\\/\",\"url\":\"https:\\\/\\\/teknologiateollisuus.fi\\\/fisc\\\/tietoa-meista\\\/tyoryhmat\\\/\",\"name\":\"Ty\u00f6ryhm\u00e4t - Kyberala\",\"isPartOf\":{\"@id\":\"https:\\\/\\\/teknologiateollisuus.fi\\\/fisc\\\/#website\"},\"datePublished\":\"2024-06-06T09:05:34+00:00\",\"dateModified\":\"2024-10-03T07:03:30+00:00\",\"breadcrumb\":{\"@id\":\"https:\\\/\\\/teknologiateollisuus.fi\\\/fisc\\\/tietoa-meista\\\/tyoryhmat\\\/#breadcrumb\"},\"inLanguage\":\"fi\",\"potentialAction\":[{\"@type\":\"ReadAction\",\"target\":[\"https:\\\/\\\/teknologiateollisuus.fi\\\/fisc\\\/tietoa-meista\\\/tyoryhmat\\\/\"]}]},{\"@type\":\"BreadcrumbList\",\"@id\":\"https:\\\/\\\/teknologiateollisuus.fi\\\/fisc\\\/tietoa-meista\\\/tyoryhmat\\\/#breadcrumb\",\"itemListElement\":[{\"@type\":\"ListItem\",\"position\":1,\"name\":\"Etusivu\",\"item\":\"https:\\\/\\\/teknologiateollisuus.fi\\\/fisc\\\/\"},{\"@type\":\"ListItem\",\"position\":2,\"name\":\"Tietoa meist\u00e4\",\"item\":\"https:\\\/\\\/teknologiateollisuus.fi\\\/fisc\\\/tietoa-meista\\\/\"},{\"@type\":\"ListItem\",\"position\":3,\"name\":\"Ty\u00f6ryhm\u00e4t\"}]},{\"@type\":\"WebSite\",\"@id\":\"https:\\\/\\\/teknologiateollisuus.fi\\\/fisc\\\/#website\",\"url\":\"https:\\\/\\\/teknologiateollisuus.fi\\\/fisc\\\/\",\"name\":\"Kyberala\",\"description\":\"\",\"potentialAction\":[{\"@type\":\"SearchAction\",\"target\":{\"@type\":\"EntryPoint\",\"urlTemplate\":\"https:\\\/\\\/teknologiateollisuus.fi\\\/fisc\\\/?s={search_term_string}\"},\"query-input\":{\"@type\":\"PropertyValueSpecification\",\"valueRequired\":true,\"valueName\":\"search_term_string\"}}],\"inLanguage\":\"fi\"}]}<\/script>\n<!-- \/ Yoast SEO Premium plugin. -->","yoast_head_json":{"title":"Ty\u00f6ryhm\u00e4t - Kyberala","robots":{"index":"index","follow":"follow","max-snippet":"max-snippet:-1","max-image-preview":"max-image-preview:large","max-video-preview":"max-video-preview:-1"},"canonical":"https:\/\/teknologiateollisuus.fi\/fisc\/tietoa-meista\/tyoryhmat\/","og_locale":"fi_FI","og_type":"article","og_title":"Ty\u00f6ryhm\u00e4t","og_description":"Ty\u00f6ryhmiss\u00e4mme p\u00e4\u00e4set mukaan k\u00e4yt\u00e4nn\u00f6n hankkeisiin FISC koordinoi osaa toiminnastaan ty\u00f6ryhmien kautta. FISC:ss\u00e4 toimii kolme ty\u00f6ryhm\u00e4\u00e4, joihin kaikki j\u00e4senyrityksemme voivat vapaasi osallistua. Ty\u00f6ryhmi\u00e4 koordinoimaan on nimetty vastuuhenkil\u00f6it\u00e4. Ty\u00f6ryhm\u00e4t keskittyv\u00e4t valitsemaansa osa-alueeseen ja j\u00e4rjest\u00e4v\u00e4t siihen liittyv\u00e4\u00e4 yhteistoimintaa. Ty\u00f6ryhm\u00e4mme toimivat eri malleilla, osin asiakasl\u00e4ht\u00f6isesti ja osin verkostoja luomalla. Ty\u00f6ryhm\u00e4mme:","og_url":"https:\/\/teknologiateollisuus.fi\/fisc\/tietoa-meista\/tyoryhmat\/","og_site_name":"Kyberala","article_modified_time":"2024-10-03T07:03:30+00:00","twitter_card":"summary_large_image","twitter_misc":{"Arvioitu lukuaika":"1 minuutti"},"schema":{"@context":"https:\/\/schema.org","@graph":[{"@type":"WebPage","@id":"https:\/\/teknologiateollisuus.fi\/fisc\/tietoa-meista\/tyoryhmat\/","url":"https:\/\/teknologiateollisuus.fi\/fisc\/tietoa-meista\/tyoryhmat\/","name":"Ty\u00f6ryhm\u00e4t - Kyberala","isPartOf":{"@id":"https:\/\/teknologiateollisuus.fi\/fisc\/#website"},"datePublished":"2024-06-06T09:05:34+00:00","dateModified":"2024-10-03T07:03:30+00:00","breadcrumb":{"@id":"https:\/\/teknologiateollisuus.fi\/fisc\/tietoa-meista\/tyoryhmat\/#breadcrumb"},"inLanguage":"fi","potentialAction":[{"@type":"ReadAction","target":["https:\/\/teknologiateollisuus.fi\/fisc\/tietoa-meista\/tyoryhmat\/"]}]},{"@type":"BreadcrumbList","@id":"https:\/\/teknologiateollisuus.fi\/fisc\/tietoa-meista\/tyoryhmat\/#breadcrumb","itemListElement":[{"@type":"ListItem","position":1,"name":"Etusivu","item":"https:\/\/teknologiateollisuus.fi\/fisc\/"},{"@type":"ListItem","position":2,"name":"Tietoa meist\u00e4","item":"https:\/\/teknologiateollisuus.fi\/fisc\/tietoa-meista\/"},{"@type":"ListItem","position":3,"name":"Ty\u00f6ryhm\u00e4t"}]},{"@type":"WebSite","@id":"https:\/\/teknologiateollisuus.fi\/fisc\/#website","url":"https:\/\/teknologiateollisuus.fi\/fisc\/","name":"Kyberala","description":"","potentialAction":[{"@type":"SearchAction","target":{"@type":"EntryPoint","urlTemplate":"https:\/\/teknologiateollisuus.fi\/fisc\/?s={search_term_string}"},"query-input":{"@type":"PropertyValueSpecification","valueRequired":true,"valueName":"search_term_string"}}],"inLanguage":"fi"}]}},"lang":"fi","translations":{"fi":123},"pll_sync_post":[],"_links":{"self":[{"href":"https:\/\/teknologiateollisuus.fi\/fisc\/wp-json\/wp\/v2\/pages\/123","targetHints":{"allow":["GET"]}}],"collection":[{"href":"https:\/\/teknologiateollisuus.fi\/fisc\/wp-json\/wp\/v2\/pages"}],"about":[{"href":"https:\/\/teknologiateollisuus.fi\/fisc\/wp-json\/wp\/v2\/types\/page"}],"author":[{"embeddable":true,"href":"https:\/\/teknologiateollisuus.fi\/fisc\/wp-json\/wp\/v2\/users\/8"}],"replies":[{"embeddable":true,"href":"https:\/\/teknologiateollisuus.fi\/fisc\/wp-json\/wp\/v2\/comments?post=123"}],"version-history":[{"count":5,"href":"https:\/\/teknologiateollisuus.fi\/fisc\/wp-json\/wp\/v2\/pages\/123\/revisions"}],"predecessor-version":[{"id":454,"href":"https:\/\/teknologiateollisuus.fi\/fisc\/wp-json\/wp\/v2\/pages\/123\/revisions\/454"}],"up":[{"embeddable":true,"href":"https:\/\/teknologiateollisuus.fi\/fisc\/wp-json\/wp\/v2\/pages\/120"}],"wp:attachment":[{"href":"https:\/\/teknologiateollisuus.fi\/fisc\/wp-json\/wp\/v2\/media?parent=123"}],"curies":[{"name":"wp","href":"https:\/\/api.w.org\/{rel}","templated":true}]}}