{"id":126,"date":"2024-06-06T12:07:52","date_gmt":"2024-06-06T09:07:52","guid":{"rendered":"https:\/\/fisc.teknologiateollisuus.fi\/?page_id=126"},"modified":"2026-02-09T10:58:37","modified_gmt":"2026-02-09T08:58:37","slug":"yhdistyksen-johto","status":"publish","type":"page","link":"https:\/\/teknologiateollisuus.fi\/fisc\/tietoa-meista\/yhdistyksen-johto\/","title":{"rendered":"Yhdistyksen johto"},"content":{"rendered":"\n<div class=\"em-block-hero hero-has-background-color has-background has-petrol-background-color collapse media-position-right \">\n\t<div class=\"em-block-hero__container\">\n\t\t<div class=\"em-block-hero__content\">\n\t\t\t<div class=\"yoast-breadcrumbs\"><span><span><a href=\"https:\/\/teknologiateollisuus.fi\/fisc\/\">Etusivu<\/a><\/span> <span class=\"separator\"><\/span> <span><a href=\"https:\/\/teknologiateollisuus.fi\/fisc\/tietoa-meista\/\">Tietoa meist\u00e4<\/a><\/span> <span class=\"separator\"><\/span> <span class=\"breadcrumb_last\" aria-current=\"page\">Yhdistyksen johto<\/span><\/span><\/div>\t\t\t\n<h1 class=\"wp-block-heading\" id=\"h-yhdistyksen-johto\">Yhdistyksen johto<\/h1>\n\t\t\t<div class=\"em-block-hero__modified-date\"> P\u00e4ivitetty 09.02.2026 klo 10:58<\/div>\t\t<\/div>\n\t\t\t\t\t<figure class=\"em-block-hero__image\">\n\t\t\t\t\t\t\t<\/figure>\n\t\t\t<\/div>\n<\/div>\n\n\n\n<p>J\u00e4rjest\u00f6mme toimintaa johtaa hallitus, joka koostuu varsinaisista j\u00e4senist\u00e4 sek\u00e4 henkil\u00f6kohtaisista varaj\u00e4senist\u00e4. Operatiivisesta toiminnasta vastaa toimitusjohtaja. <\/p>\n\n\n\n<div class=\"wp-block-evermade-accordion em-block-accordion js-accordion-group\">\n<div class=\"wp-block-evermade-accordion-item em-block-accordion-item js-accordion-item\"><h6 class=\"em-block-accordion-item__title-wrapper\"><button class=\"em-block-accordion-item__title js-accordion-controller\">Hallitus<\/button><\/h6><div id=\"accordion-item-content-0\" class=\"em-block-accordion-item__content js-accordion-content\">\n<p>Niko Candelin, Netox (puheenjohtaja)<br>Valtteri Peltom\u00e4ki, Nixu (varapuheenjohtaja)<br>Marko Hautakangas, Insta Advance <br>Markku Korkiakoski, Silverskin Information Security<br>Timo Laaksonen, F-Secure<br>Miika Nurminen, Gofore<br>Antti Nyqvist, Digipooli<br>Petri Puhakainen, VTT<br>Rami Raulas, SSH Communications Security Oyj<br>Sarhimaa Tiina, WithSecure Oyj<br>Lea Viljanen, LAV Security<br>Yacine Zaitri, Accenture<br><br>Martti Lehto, Jyv\u00e4skyl\u00e4n Yliopisto (varaj\u00e4sen)<br>Janne T\u00e4gtstr\u00f6m, Fortinet Finland Oy (varaj\u00e4sen)<br><br>Peter Sund, FISC (sihteeri)<\/p>\n<\/div><\/div>\n\n\n\n<div class=\"wp-block-evermade-accordion-item em-block-accordion-item js-accordion-item\"><h6 class=\"em-block-accordion-item__title-wrapper\"><button class=\"em-block-accordion-item__title js-accordion-controller\">Johtoryhm\u00e4<\/button><\/h6><div id=\"accordion-item-content-1\" class=\"em-block-accordion-item__content js-accordion-content\">\n<p>Peter Sund (puheenjohtaja)<br>Risto Rajala (sihteeri)<br>Bilal al Sabbagh, Oivan<br>Markus Asikainen, Gofore<br>Topi Caselius, Fujitsu Finland<br>Aapo Cederberg, Cyberwatch<br>Jani Ekman, Fortinet<br>Pasi Hurri, BaseN<br>Juha Karppinen, Microsoft<br>Martti Lehto, Jyv\u00e4skyl\u00e4n Yliopisto<br>Jari Partanen, Bittium<br>Jari Pirhonen, TietoEvry<br>Salonen Jarno, VTT<br>Valtteri Vuorisalo, Unikie<\/p>\n<\/div><\/div>\n\n\n\n<div class=\"wp-block-evermade-accordion-item em-block-accordion-item js-accordion-item\"><h6 class=\"em-block-accordion-item__title-wrapper\"><button class=\"em-block-accordion-item__title js-accordion-controller\">Yhdistyksen toimisto<\/button><\/h6><div id=\"accordion-item-content-2\" class=\"em-block-accordion-item__content js-accordion-content\">\n<article class=\"em-block-contact-card is-style-list\">\n\n\t<div class=\"em-block-contact-card__image\">\n\t\t\t\t\t<img loading=\"lazy\" decoding=\"async\" width=\"300\" height=\"400\" src=\"https:\/\/teknologiateollisuus.fi\/fisc\/wp-content\/uploads\/sites\/11\/2024\/09\/Peter_Sund_netti.png\" class=\"attachment-portrait size-portrait\" alt=\"Peter Sund\" \/>\t\t\t<\/div>\n\t<div class=\"em-block-contact-card__content-wrapper\">\n\t\t<div class=\"em-block-contact-card__content\">\n\t\t\t\t\t\t<h3 class=\"em-block-contact-card__title\"><a target=\"_self\" href=\"https:\/\/teknologiateollisuus.fi\/fisc\/contacts\/peter-sund\/\">Peter Sund<\/a><\/h3>\n\t\t\t\t\t\t\t<span class=\"em-block-contact-card__job_title\">Toimitusjohtaja<\/span>\n\t\t\t\t\t\t<span class=\"em-block-contact-card__organisation\">Finnish Information Security Cluster \u2013 Kyberala ry<\/span>\n\t\t<\/div>\n\t\t<div class=\"em-block-contact-card__content\">\n\t\t\t\t\t\t<address class=\"em-block-contact-card__contact-details\">\n\t\t\t\t<span class=\"em-block-contact-card__phone\">\n\t\t\t\t\t<a href=\"tel:+358 50 565 0621\">+358 50 565 0621<\/a>\n\t\t\t\t<\/span>\n\t\t\t\t<span class=\"em-block-contact-card__email\">\n\t\t\t\t\t<a href=\"mailto:peter.sund@teknologiateollisuus.fi\">peter.sund@teknologiateollisuus.fi<\/a>\n\t\t\t\t<\/span>\n\t\t\t<\/address>\n\t\t\t\t\t<\/div>\n\t<\/div>\n\n<\/article>\n\n\n\n<article class=\"em-block-contact-card is-style-list\">\n\n\t<div class=\"em-block-contact-card__image\">\n\t\t\t\t\t<img loading=\"lazy\" decoding=\"async\" width=\"300\" height=\"400\" src=\"https:\/\/teknologiateollisuus.fi\/fisc\/wp-content\/uploads\/sites\/11\/2024\/09\/Risto_Rajala_netti.png\" class=\"attachment-portrait size-portrait\" alt=\"Risto Rajala\" \/>\t\t\t<\/div>\n\t<div class=\"em-block-contact-card__content-wrapper\">\n\t\t<div class=\"em-block-contact-card__content\">\n\t\t\t\t\t\t<h3 class=\"em-block-contact-card__title\"><a target=\"_self\" href=\"https:\/\/teknologiateollisuus.fi\/fisc\/contacts\/186\/\">Risto Rajala<\/a><\/h3>\n\t\t\t\t\t\t\t<span class=\"em-block-contact-card__job_title\">Asiantuntija<\/span>\n\t\t\t\t\t\t<span class=\"em-block-contact-card__organisation\">Finnish Information Security Cluster &#8211; Kyberala ry<\/span>\n\t\t<\/div>\n\t\t<div class=\"em-block-contact-card__content\">\n\t\t\t\t\t\t<address class=\"em-block-contact-card__contact-details\">\n\t\t\t\t<span class=\"em-block-contact-card__phone\">\n\t\t\t\t\t<a href=\"tel:+358 40 515 6187\">+358 40 515 6187<\/a>\n\t\t\t\t<\/span>\n\t\t\t\t<span class=\"em-block-contact-card__email\">\n\t\t\t\t\t<a href=\"mailto:risto.rajala@teknologiateollisuus.fi\">risto.rajala@teknologiateollisuus.fi<\/a>\n\t\t\t\t<\/span>\n\t\t\t<\/address>\n\t\t\t\t\t<\/div>\n\t<\/div>\n\n<\/article>\n\n\n\n<article class=\"em-block-contact-card is-style-list\">\n\n\t<div class=\"em-block-contact-card__image\">\n\t\t\t\t\t<img loading=\"lazy\" decoding=\"async\" width=\"300\" height=\"400\" src=\"https:\/\/teknologiateollisuus.fi\/fisc\/wp-content\/uploads\/sites\/11\/2024\/10\/Sari_Lehtonen_netti.png\" class=\"attachment-portrait size-portrait\" alt=\"Sari Lehtonen\" \/>\t\t\t<\/div>\n\t<div class=\"em-block-contact-card__content-wrapper\">\n\t\t<div class=\"em-block-contact-card__content\">\n\t\t\t\t\t\t<h3 class=\"em-block-contact-card__title\"><a target=\"_self\" href=\"https:\/\/teknologiateollisuus.fi\/fisc\/contacts\/429\/\">Sari Lehtonen<\/a><\/h3>\n\t\t\t\t\t\t\t<span class=\"em-block-contact-card__job_title\">Assistentti<\/span>\n\t\t\t\t\t\t<span class=\"em-block-contact-card__organisation\">Finnish Information Security Cluster &#8211; Kyberala ry<\/span>\n\t\t<\/div>\n\t\t<div class=\"em-block-contact-card__content\">\n\t\t\t\t\t\t<address class=\"em-block-contact-card__contact-details\">\n\t\t\t\t<span class=\"em-block-contact-card__phone\">\n\t\t\t\t\t<a href=\"tel:+358 40 737 5017\">+358 40 737 5017<\/a>\n\t\t\t\t<\/span>\n\t\t\t\t<span class=\"em-block-contact-card__email\">\n\t\t\t\t\t<a href=\"mailto:sari.lehtonen@teknologiateollisuus.fi\">sari.lehtonen@teknologiateollisuus.fi<\/a>\n\t\t\t\t<\/span>\n\t\t\t<\/address>\n\t\t\t\t\t<\/div>\n\t<\/div>\n\n<\/article>\n<\/div><\/div>\n<\/div>\n\n\n\n<p><\/p>\n","protected":false},"excerpt":{"rendered":"<p>J\u00e4rjest\u00f6mme toimintaa johtaa hallitus, joka koostuu varsinaisista j\u00e4senist\u00e4 sek\u00e4 henkil\u00f6kohtaisista varaj\u00e4senist\u00e4. Operatiivisesta toiminnasta vastaa toimitusjohtaja.<\/p>\n","protected":false},"author":8,"featured_media":25,"parent":120,"menu_order":1,"comment_status":"closed","ping_status":"closed","template":"","meta":{"_acf_changed":false,"_relevanssi_hide_post":"","_relevanssi_hide_content":"","_relevanssi_pin_for_all":"","_relevanssi_pin_keywords":"","_relevanssi_unpin_keywords":"","_relevanssi_related_keywords":"","_relevanssi_related_include_ids":"","_relevanssi_related_exclude_ids":"","_relevanssi_related_no_append":"","_relevanssi_related_not_related":"","_relevanssi_related_posts":"1","_relevanssi_noindex_reason":"","inline_featured_image":false,"footnotes":""},"class_list":["post-126","page","type-page","status-publish","has-post-thumbnail","hentry"],"acf":[],"yoast_head":"<!-- This site is optimized with the Yoast SEO Premium plugin v27.1 (Yoast SEO v27.4) - https:\/\/yoast.com\/product\/yoast-seo-premium-wordpress\/ -->\n<title>Yhdistyksen johto - Kyberala<\/title>\n<meta name=\"robots\" content=\"index, follow, max-snippet:-1, max-image-preview:large, max-video-preview:-1\" \/>\n<link rel=\"canonical\" href=\"https:\/\/teknologiateollisuus.fi\/fisc\/tietoa-meista\/yhdistyksen-johto\/\" \/>\n<meta property=\"og:locale\" content=\"fi_FI\" \/>\n<meta property=\"og:type\" content=\"article\" \/>\n<meta property=\"og:title\" content=\"Yhdistyksen johto\" \/>\n<meta property=\"og:description\" content=\"J\u00e4rjest\u00f6mme toimintaa johtaa hallitus, joka koostuu varsinaisista j\u00e4senist\u00e4 sek\u00e4 henkil\u00f6kohtaisista varaj\u00e4senist\u00e4. Operatiivisesta toiminnasta vastaa toimitusjohtaja.\" \/>\n<meta property=\"og:url\" content=\"https:\/\/teknologiateollisuus.fi\/fisc\/tietoa-meista\/yhdistyksen-johto\/\" \/>\n<meta property=\"og:site_name\" content=\"Kyberala\" \/>\n<meta property=\"article:modified_time\" content=\"2026-02-09T08:58:37+00:00\" \/>\n<meta property=\"og:image\" content=\"https:\/\/teknologiateollisuus.fi\/fisc\/wp-content\/uploads\/sites\/11\/2024\/06\/tekno-fallback.png\" \/>\n\t<meta property=\"og:image:width\" content=\"1300\" \/>\n\t<meta property=\"og:image:height\" content=\"975\" \/>\n\t<meta property=\"og:image:type\" content=\"image\/png\" \/>\n<meta name=\"twitter:card\" content=\"summary_large_image\" \/>\n<meta name=\"twitter:label1\" content=\"Arvioitu lukuaika\" \/>\n\t<meta name=\"twitter:data1\" content=\"1 minuutti\" \/>\n<script type=\"application\/ld+json\" class=\"yoast-schema-graph\">{\"@context\":\"https:\\\/\\\/schema.org\",\"@graph\":[{\"@type\":\"WebPage\",\"@id\":\"https:\\\/\\\/teknologiateollisuus.fi\\\/fisc\\\/tietoa-meista\\\/yhdistyksen-johto\\\/\",\"url\":\"https:\\\/\\\/teknologiateollisuus.fi\\\/fisc\\\/tietoa-meista\\\/yhdistyksen-johto\\\/\",\"name\":\"Yhdistyksen johto - Kyberala\",\"isPartOf\":{\"@id\":\"https:\\\/\\\/teknologiateollisuus.fi\\\/fisc\\\/#website\"},\"primaryImageOfPage\":{\"@id\":\"https:\\\/\\\/teknologiateollisuus.fi\\\/fisc\\\/tietoa-meista\\\/yhdistyksen-johto\\\/#primaryimage\"},\"image\":{\"@id\":\"https:\\\/\\\/teknologiateollisuus.fi\\\/fisc\\\/tietoa-meista\\\/yhdistyksen-johto\\\/#primaryimage\"},\"thumbnailUrl\":\"https:\\\/\\\/teknologiateollisuus.fi\\\/fisc\\\/wp-content\\\/uploads\\\/sites\\\/11\\\/2024\\\/06\\\/tekno-fallback.png\",\"datePublished\":\"2024-06-06T09:07:52+00:00\",\"dateModified\":\"2026-02-09T08:58:37+00:00\",\"breadcrumb\":{\"@id\":\"https:\\\/\\\/teknologiateollisuus.fi\\\/fisc\\\/tietoa-meista\\\/yhdistyksen-johto\\\/#breadcrumb\"},\"inLanguage\":\"fi\",\"potentialAction\":[{\"@type\":\"ReadAction\",\"target\":[\"https:\\\/\\\/teknologiateollisuus.fi\\\/fisc\\\/tietoa-meista\\\/yhdistyksen-johto\\\/\"]}]},{\"@type\":\"ImageObject\",\"inLanguage\":\"fi\",\"@id\":\"https:\\\/\\\/teknologiateollisuus.fi\\\/fisc\\\/tietoa-meista\\\/yhdistyksen-johto\\\/#primaryimage\",\"url\":\"https:\\\/\\\/teknologiateollisuus.fi\\\/fisc\\\/wp-content\\\/uploads\\\/sites\\\/11\\\/2024\\\/06\\\/tekno-fallback.png\",\"contentUrl\":\"https:\\\/\\\/teknologiateollisuus.fi\\\/fisc\\\/wp-content\\\/uploads\\\/sites\\\/11\\\/2024\\\/06\\\/tekno-fallback.png\",\"width\":1300,\"height\":975},{\"@type\":\"BreadcrumbList\",\"@id\":\"https:\\\/\\\/teknologiateollisuus.fi\\\/fisc\\\/tietoa-meista\\\/yhdistyksen-johto\\\/#breadcrumb\",\"itemListElement\":[{\"@type\":\"ListItem\",\"position\":1,\"name\":\"Etusivu\",\"item\":\"https:\\\/\\\/teknologiateollisuus.fi\\\/fisc\\\/\"},{\"@type\":\"ListItem\",\"position\":2,\"name\":\"Tietoa meist\u00e4\",\"item\":\"https:\\\/\\\/teknologiateollisuus.fi\\\/fisc\\\/tietoa-meista\\\/\"},{\"@type\":\"ListItem\",\"position\":3,\"name\":\"Yhdistyksen johto\"}]},{\"@type\":\"WebSite\",\"@id\":\"https:\\\/\\\/teknologiateollisuus.fi\\\/fisc\\\/#website\",\"url\":\"https:\\\/\\\/teknologiateollisuus.fi\\\/fisc\\\/\",\"name\":\"Kyberala\",\"description\":\"\",\"potentialAction\":[{\"@type\":\"SearchAction\",\"target\":{\"@type\":\"EntryPoint\",\"urlTemplate\":\"https:\\\/\\\/teknologiateollisuus.fi\\\/fisc\\\/?s={search_term_string}\"},\"query-input\":{\"@type\":\"PropertyValueSpecification\",\"valueRequired\":true,\"valueName\":\"search_term_string\"}}],\"inLanguage\":\"fi\"}]}<\/script>\n<!-- \/ Yoast SEO Premium plugin. -->","yoast_head_json":{"title":"Yhdistyksen johto - Kyberala","robots":{"index":"index","follow":"follow","max-snippet":"max-snippet:-1","max-image-preview":"max-image-preview:large","max-video-preview":"max-video-preview:-1"},"canonical":"https:\/\/teknologiateollisuus.fi\/fisc\/tietoa-meista\/yhdistyksen-johto\/","og_locale":"fi_FI","og_type":"article","og_title":"Yhdistyksen johto","og_description":"J\u00e4rjest\u00f6mme toimintaa johtaa hallitus, joka koostuu varsinaisista j\u00e4senist\u00e4 sek\u00e4 henkil\u00f6kohtaisista varaj\u00e4senist\u00e4. Operatiivisesta toiminnasta vastaa toimitusjohtaja.","og_url":"https:\/\/teknologiateollisuus.fi\/fisc\/tietoa-meista\/yhdistyksen-johto\/","og_site_name":"Kyberala","article_modified_time":"2026-02-09T08:58:37+00:00","og_image":[{"width":1300,"height":975,"url":"https:\/\/teknologiateollisuus.fi\/fisc\/wp-content\/uploads\/sites\/11\/2024\/06\/tekno-fallback.png","type":"image\/png"}],"twitter_card":"summary_large_image","twitter_misc":{"Arvioitu lukuaika":"1 minuutti"},"schema":{"@context":"https:\/\/schema.org","@graph":[{"@type":"WebPage","@id":"https:\/\/teknologiateollisuus.fi\/fisc\/tietoa-meista\/yhdistyksen-johto\/","url":"https:\/\/teknologiateollisuus.fi\/fisc\/tietoa-meista\/yhdistyksen-johto\/","name":"Yhdistyksen johto - Kyberala","isPartOf":{"@id":"https:\/\/teknologiateollisuus.fi\/fisc\/#website"},"primaryImageOfPage":{"@id":"https:\/\/teknologiateollisuus.fi\/fisc\/tietoa-meista\/yhdistyksen-johto\/#primaryimage"},"image":{"@id":"https:\/\/teknologiateollisuus.fi\/fisc\/tietoa-meista\/yhdistyksen-johto\/#primaryimage"},"thumbnailUrl":"https:\/\/teknologiateollisuus.fi\/fisc\/wp-content\/uploads\/sites\/11\/2024\/06\/tekno-fallback.png","datePublished":"2024-06-06T09:07:52+00:00","dateModified":"2026-02-09T08:58:37+00:00","breadcrumb":{"@id":"https:\/\/teknologiateollisuus.fi\/fisc\/tietoa-meista\/yhdistyksen-johto\/#breadcrumb"},"inLanguage":"fi","potentialAction":[{"@type":"ReadAction","target":["https:\/\/teknologiateollisuus.fi\/fisc\/tietoa-meista\/yhdistyksen-johto\/"]}]},{"@type":"ImageObject","inLanguage":"fi","@id":"https:\/\/teknologiateollisuus.fi\/fisc\/tietoa-meista\/yhdistyksen-johto\/#primaryimage","url":"https:\/\/teknologiateollisuus.fi\/fisc\/wp-content\/uploads\/sites\/11\/2024\/06\/tekno-fallback.png","contentUrl":"https:\/\/teknologiateollisuus.fi\/fisc\/wp-content\/uploads\/sites\/11\/2024\/06\/tekno-fallback.png","width":1300,"height":975},{"@type":"BreadcrumbList","@id":"https:\/\/teknologiateollisuus.fi\/fisc\/tietoa-meista\/yhdistyksen-johto\/#breadcrumb","itemListElement":[{"@type":"ListItem","position":1,"name":"Etusivu","item":"https:\/\/teknologiateollisuus.fi\/fisc\/"},{"@type":"ListItem","position":2,"name":"Tietoa meist\u00e4","item":"https:\/\/teknologiateollisuus.fi\/fisc\/tietoa-meista\/"},{"@type":"ListItem","position":3,"name":"Yhdistyksen johto"}]},{"@type":"WebSite","@id":"https:\/\/teknologiateollisuus.fi\/fisc\/#website","url":"https:\/\/teknologiateollisuus.fi\/fisc\/","name":"Kyberala","description":"","potentialAction":[{"@type":"SearchAction","target":{"@type":"EntryPoint","urlTemplate":"https:\/\/teknologiateollisuus.fi\/fisc\/?s={search_term_string}"},"query-input":{"@type":"PropertyValueSpecification","valueRequired":true,"valueName":"search_term_string"}}],"inLanguage":"fi"}]}},"lang":"fi","translations":{"fi":126},"pll_sync_post":[],"_links":{"self":[{"href":"https:\/\/teknologiateollisuus.fi\/fisc\/wp-json\/wp\/v2\/pages\/126","targetHints":{"allow":["GET"]}}],"collection":[{"href":"https:\/\/teknologiateollisuus.fi\/fisc\/wp-json\/wp\/v2\/pages"}],"about":[{"href":"https:\/\/teknologiateollisuus.fi\/fisc\/wp-json\/wp\/v2\/types\/page"}],"author":[{"embeddable":true,"href":"https:\/\/teknologiateollisuus.fi\/fisc\/wp-json\/wp\/v2\/users\/8"}],"replies":[{"embeddable":true,"href":"https:\/\/teknologiateollisuus.fi\/fisc\/wp-json\/wp\/v2\/comments?post=126"}],"version-history":[{"count":29,"href":"https:\/\/teknologiateollisuus.fi\/fisc\/wp-json\/wp\/v2\/pages\/126\/revisions"}],"predecessor-version":[{"id":759,"href":"https:\/\/teknologiateollisuus.fi\/fisc\/wp-json\/wp\/v2\/pages\/126\/revisions\/759"}],"up":[{"embeddable":true,"href":"https:\/\/teknologiateollisuus.fi\/fisc\/wp-json\/wp\/v2\/pages\/120"}],"wp:featuredmedia":[{"embeddable":true,"href":"https:\/\/teknologiateollisuus.fi\/fisc\/wp-json\/wp\/v2\/media\/25"}],"wp:attachment":[{"href":"https:\/\/teknologiateollisuus.fi\/fisc\/wp-json\/wp\/v2\/media?parent=126"}],"curies":[{"name":"wp","href":"https:\/\/api.w.org\/{rel}","templated":true}]}}