{"id":193,"date":"2024-09-20T09:54:49","date_gmt":"2024-09-20T06:54:49","guid":{"rendered":"https:\/\/teknologiateollisuus.fi\/fisc\/?page_id=193"},"modified":"2024-09-25T15:19:51","modified_gmt":"2024-09-25T12:19:51","slug":"cyberlab-oy","status":"publish","type":"page","link":"https:\/\/teknologiateollisuus.fi\/fisc\/tietoa-meista\/cyberlab-oy\/","title":{"rendered":"Cyberlab Oy"},"content":{"rendered":"\n<div class=\"em-block-hero hero-has-background-color has-background has-petrol-background-color collapse media-position-right \">\n\t<div class=\"em-block-hero__container\">\n\t\t<div class=\"em-block-hero__content\">\n\t\t\t<div class=\"yoast-breadcrumbs\"><span><span><a href=\"https:\/\/teknologiateollisuus.fi\/fisc\/\">Etusivu<\/a><\/span> <span class=\"separator\"><\/span> <span><a href=\"https:\/\/teknologiateollisuus.fi\/fisc\/tietoa-meista\/\">Tietoa meist\u00e4<\/a><\/span> <span class=\"separator\"><\/span> <span class=\"breadcrumb_last\" aria-current=\"page\">Cyberlab Oy<\/span><\/span><\/div>\t\t\t\n<h1 class=\"wp-block-heading\" id=\"cyberlab-oy\">Cyberlab Oy<\/h1>\n\t\t\t<div class=\"em-block-hero__modified-date\"> P\u00e4ivitetty 25.09.2024 klo 15:19<\/div>\t\t<\/div>\n\t\t\t\t\t<figure class=\"em-block-hero__image\">\n\t\t\t\t\t\t\t<\/figure>\n\t\t\t<\/div>\n<\/div>\n\n\n\n<p>Cyberlab Oy on yhdistyksen kokonaan omistama voittoa tavoittelematon tyt\u00e4ryhti\u00f6.<\/p>\n\n\n\n<p>Cyberlabin missio on avustaa yrityksi\u00e4 ja julkisen sektorin toimijoita parantamaan kyberresilienssi\u00e4\u00e4n sek\u00e4 toimia kyberturvallisuusalan tapahtumien ja koulutuksen j\u00e4rjest\u00e4j\u00e4n\u00e4.<\/p>\n\n\n\n<p>Cyberlab on tarvittaessa hankeorganisaatio, joka yhdist\u00e4\u00e4 voimavaroja yhdistyksen j\u00e4senist\u00f6st\u00e4, julkiselta sektorilta sek\u00e4 vastaavista kohdemaan organisaatioista yhteisten tavoitteiden saavuttamiseksi.<\/p>\n","protected":false},"excerpt":{"rendered":"<p>Cyberlab Oy on yhdistyksen kokonaan omistama voittoa tavoittelematon tyt\u00e4ryhti\u00f6. Cyberlabin missio on avustaa yrityksi\u00e4 ja julkisen sektorin toimijoita parantamaan kyberresilienssi\u00e4\u00e4n sek\u00e4 toimia kyberturvallisuusalan tapahtumien ja koulutuksen j\u00e4rjest\u00e4j\u00e4n\u00e4. Cyberlab on tarvittaessa hankeorganisaatio, joka yhdist\u00e4\u00e4 voimavaroja yhdistyksen j\u00e4senist\u00f6st\u00e4, julkiselta sektorilta sek\u00e4 vastaavista kohdemaan organisaatioista yhteisten tavoitteiden saavuttamiseksi.<\/p>\n","protected":false},"author":52,"featured_media":0,"parent":120,"menu_order":5,"comment_status":"closed","ping_status":"closed","template":"","meta":{"_acf_changed":false,"_relevanssi_hide_post":"","_relevanssi_hide_content":"","_relevanssi_pin_for_all":"","_relevanssi_pin_keywords":"","_relevanssi_unpin_keywords":"","_relevanssi_related_keywords":"","_relevanssi_related_include_ids":"","_relevanssi_related_exclude_ids":"","_relevanssi_related_no_append":"","_relevanssi_related_not_related":"","_relevanssi_related_posts":"53,55,54,57,56,48","_relevanssi_noindex_reason":"","inline_featured_image":false,"footnotes":""},"class_list":["post-193","page","type-page","status-publish","hentry"],"acf":[],"yoast_head":"<!-- This site is optimized with the Yoast SEO Premium plugin v27.1 (Yoast SEO v27.4) - https:\/\/yoast.com\/product\/yoast-seo-premium-wordpress\/ -->\n<title>Cyberlab Oy - Kyberala<\/title>\n<meta name=\"robots\" content=\"index, follow, max-snippet:-1, max-image-preview:large, max-video-preview:-1\" \/>\n<link rel=\"canonical\" href=\"https:\/\/teknologiateollisuus.fi\/fisc\/tietoa-meista\/cyberlab-oy\/\" \/>\n<meta property=\"og:locale\" content=\"fi_FI\" \/>\n<meta property=\"og:type\" content=\"article\" \/>\n<meta property=\"og:title\" content=\"Cyberlab Oy\" \/>\n<meta property=\"og:description\" content=\"Cyberlab Oy on yhdistyksen kokonaan omistama voittoa tavoittelematon tyt\u00e4ryhti\u00f6. Cyberlabin missio on avustaa yrityksi\u00e4 ja julkisen sektorin toimijoita parantamaan kyberresilienssi\u00e4\u00e4n sek\u00e4 toimia kyberturvallisuusalan tapahtumien ja koulutuksen j\u00e4rjest\u00e4j\u00e4n\u00e4. Cyberlab on tarvittaessa hankeorganisaatio, joka yhdist\u00e4\u00e4 voimavaroja yhdistyksen j\u00e4senist\u00f6st\u00e4, julkiselta sektorilta sek\u00e4 vastaavista kohdemaan organisaatioista yhteisten tavoitteiden saavuttamiseksi.\" \/>\n<meta property=\"og:url\" content=\"https:\/\/teknologiateollisuus.fi\/fisc\/tietoa-meista\/cyberlab-oy\/\" \/>\n<meta property=\"og:site_name\" content=\"Kyberala\" \/>\n<meta property=\"article:modified_time\" content=\"2024-09-25T12:19:51+00:00\" \/>\n<meta name=\"twitter:card\" content=\"summary_large_image\" \/>\n<meta name=\"twitter:label1\" content=\"Arvioitu lukuaika\" \/>\n\t<meta name=\"twitter:data1\" content=\"1 minuutti\" \/>\n<script type=\"application\/ld+json\" class=\"yoast-schema-graph\">{\"@context\":\"https:\\\/\\\/schema.org\",\"@graph\":[{\"@type\":\"WebPage\",\"@id\":\"https:\\\/\\\/teknologiateollisuus.fi\\\/fisc\\\/tietoa-meista\\\/cyberlab-oy\\\/\",\"url\":\"https:\\\/\\\/teknologiateollisuus.fi\\\/fisc\\\/tietoa-meista\\\/cyberlab-oy\\\/\",\"name\":\"Cyberlab Oy - Kyberala\",\"isPartOf\":{\"@id\":\"https:\\\/\\\/teknologiateollisuus.fi\\\/fisc\\\/#website\"},\"datePublished\":\"2024-09-20T06:54:49+00:00\",\"dateModified\":\"2024-09-25T12:19:51+00:00\",\"breadcrumb\":{\"@id\":\"https:\\\/\\\/teknologiateollisuus.fi\\\/fisc\\\/tietoa-meista\\\/cyberlab-oy\\\/#breadcrumb\"},\"inLanguage\":\"fi\",\"potentialAction\":[{\"@type\":\"ReadAction\",\"target\":[\"https:\\\/\\\/teknologiateollisuus.fi\\\/fisc\\\/tietoa-meista\\\/cyberlab-oy\\\/\"]}]},{\"@type\":\"BreadcrumbList\",\"@id\":\"https:\\\/\\\/teknologiateollisuus.fi\\\/fisc\\\/tietoa-meista\\\/cyberlab-oy\\\/#breadcrumb\",\"itemListElement\":[{\"@type\":\"ListItem\",\"position\":1,\"name\":\"Etusivu\",\"item\":\"https:\\\/\\\/teknologiateollisuus.fi\\\/fisc\\\/\"},{\"@type\":\"ListItem\",\"position\":2,\"name\":\"Tietoa meist\u00e4\",\"item\":\"https:\\\/\\\/teknologiateollisuus.fi\\\/fisc\\\/tietoa-meista\\\/\"},{\"@type\":\"ListItem\",\"position\":3,\"name\":\"Cyberlab Oy\"}]},{\"@type\":\"WebSite\",\"@id\":\"https:\\\/\\\/teknologiateollisuus.fi\\\/fisc\\\/#website\",\"url\":\"https:\\\/\\\/teknologiateollisuus.fi\\\/fisc\\\/\",\"name\":\"Kyberala\",\"description\":\"\",\"potentialAction\":[{\"@type\":\"SearchAction\",\"target\":{\"@type\":\"EntryPoint\",\"urlTemplate\":\"https:\\\/\\\/teknologiateollisuus.fi\\\/fisc\\\/?s={search_term_string}\"},\"query-input\":{\"@type\":\"PropertyValueSpecification\",\"valueRequired\":true,\"valueName\":\"search_term_string\"}}],\"inLanguage\":\"fi\"}]}<\/script>\n<!-- \/ Yoast SEO Premium plugin. -->","yoast_head_json":{"title":"Cyberlab Oy - Kyberala","robots":{"index":"index","follow":"follow","max-snippet":"max-snippet:-1","max-image-preview":"max-image-preview:large","max-video-preview":"max-video-preview:-1"},"canonical":"https:\/\/teknologiateollisuus.fi\/fisc\/tietoa-meista\/cyberlab-oy\/","og_locale":"fi_FI","og_type":"article","og_title":"Cyberlab Oy","og_description":"Cyberlab Oy on yhdistyksen kokonaan omistama voittoa tavoittelematon tyt\u00e4ryhti\u00f6. Cyberlabin missio on avustaa yrityksi\u00e4 ja julkisen sektorin toimijoita parantamaan kyberresilienssi\u00e4\u00e4n sek\u00e4 toimia kyberturvallisuusalan tapahtumien ja koulutuksen j\u00e4rjest\u00e4j\u00e4n\u00e4. Cyberlab on tarvittaessa hankeorganisaatio, joka yhdist\u00e4\u00e4 voimavaroja yhdistyksen j\u00e4senist\u00f6st\u00e4, julkiselta sektorilta sek\u00e4 vastaavista kohdemaan organisaatioista yhteisten tavoitteiden saavuttamiseksi.","og_url":"https:\/\/teknologiateollisuus.fi\/fisc\/tietoa-meista\/cyberlab-oy\/","og_site_name":"Kyberala","article_modified_time":"2024-09-25T12:19:51+00:00","twitter_card":"summary_large_image","twitter_misc":{"Arvioitu lukuaika":"1 minuutti"},"schema":{"@context":"https:\/\/schema.org","@graph":[{"@type":"WebPage","@id":"https:\/\/teknologiateollisuus.fi\/fisc\/tietoa-meista\/cyberlab-oy\/","url":"https:\/\/teknologiateollisuus.fi\/fisc\/tietoa-meista\/cyberlab-oy\/","name":"Cyberlab Oy - Kyberala","isPartOf":{"@id":"https:\/\/teknologiateollisuus.fi\/fisc\/#website"},"datePublished":"2024-09-20T06:54:49+00:00","dateModified":"2024-09-25T12:19:51+00:00","breadcrumb":{"@id":"https:\/\/teknologiateollisuus.fi\/fisc\/tietoa-meista\/cyberlab-oy\/#breadcrumb"},"inLanguage":"fi","potentialAction":[{"@type":"ReadAction","target":["https:\/\/teknologiateollisuus.fi\/fisc\/tietoa-meista\/cyberlab-oy\/"]}]},{"@type":"BreadcrumbList","@id":"https:\/\/teknologiateollisuus.fi\/fisc\/tietoa-meista\/cyberlab-oy\/#breadcrumb","itemListElement":[{"@type":"ListItem","position":1,"name":"Etusivu","item":"https:\/\/teknologiateollisuus.fi\/fisc\/"},{"@type":"ListItem","position":2,"name":"Tietoa meist\u00e4","item":"https:\/\/teknologiateollisuus.fi\/fisc\/tietoa-meista\/"},{"@type":"ListItem","position":3,"name":"Cyberlab Oy"}]},{"@type":"WebSite","@id":"https:\/\/teknologiateollisuus.fi\/fisc\/#website","url":"https:\/\/teknologiateollisuus.fi\/fisc\/","name":"Kyberala","description":"","potentialAction":[{"@type":"SearchAction","target":{"@type":"EntryPoint","urlTemplate":"https:\/\/teknologiateollisuus.fi\/fisc\/?s={search_term_string}"},"query-input":{"@type":"PropertyValueSpecification","valueRequired":true,"valueName":"search_term_string"}}],"inLanguage":"fi"}]}},"lang":"fi","translations":{"fi":193},"pll_sync_post":[],"_links":{"self":[{"href":"https:\/\/teknologiateollisuus.fi\/fisc\/wp-json\/wp\/v2\/pages\/193","targetHints":{"allow":["GET"]}}],"collection":[{"href":"https:\/\/teknologiateollisuus.fi\/fisc\/wp-json\/wp\/v2\/pages"}],"about":[{"href":"https:\/\/teknologiateollisuus.fi\/fisc\/wp-json\/wp\/v2\/types\/page"}],"author":[{"embeddable":true,"href":"https:\/\/teknologiateollisuus.fi\/fisc\/wp-json\/wp\/v2\/users\/52"}],"replies":[{"embeddable":true,"href":"https:\/\/teknologiateollisuus.fi\/fisc\/wp-json\/wp\/v2\/comments?post=193"}],"version-history":[{"count":5,"href":"https:\/\/teknologiateollisuus.fi\/fisc\/wp-json\/wp\/v2\/pages\/193\/revisions"}],"predecessor-version":[{"id":411,"href":"https:\/\/teknologiateollisuus.fi\/fisc\/wp-json\/wp\/v2\/pages\/193\/revisions\/411"}],"up":[{"embeddable":true,"href":"https:\/\/teknologiateollisuus.fi\/fisc\/wp-json\/wp\/v2\/pages\/120"}],"wp:attachment":[{"href":"https:\/\/teknologiateollisuus.fi\/fisc\/wp-json\/wp\/v2\/media?parent=193"}],"curies":[{"name":"wp","href":"https:\/\/api.w.org\/{rel}","templated":true}]}}