{"id":199,"date":"2024-09-20T10:14:07","date_gmt":"2024-09-20T07:14:07","guid":{"rendered":"https:\/\/teknologiateollisuus.fi\/fisc\/?page_id=199"},"modified":"2025-06-06T14:23:35","modified_gmt":"2025-06-06T11:23:35","slug":"kasvu-ja-kansainvalistyminen","status":"publish","type":"page","link":"https:\/\/teknologiateollisuus.fi\/fisc\/tietoa-meista\/tyoryhmat\/kasvu-ja-kansainvalistyminen\/","title":{"rendered":"Kasvu ja kansainv\u00e4listyminen"},"content":{"rendered":"\n<div class=\"em-block-hero hero-has-background-color has-background has-petrol-background-color collapse media-position-right \">\n\t<div class=\"em-block-hero__container\">\n\t\t<div class=\"em-block-hero__content\">\n\t\t\t<div class=\"yoast-breadcrumbs\"><span><span><a href=\"https:\/\/teknologiateollisuus.fi\/fisc\/\">Etusivu<\/a><\/span> <span class=\"separator\"><\/span> <span><a href=\"https:\/\/teknologiateollisuus.fi\/fisc\/tietoa-meista\/\">Tietoa meist\u00e4<\/a><\/span> <span class=\"separator\"><\/span> <span><a href=\"https:\/\/teknologiateollisuus.fi\/fisc\/tietoa-meista\/tyoryhmat\/\">Ty\u00f6ryhm\u00e4t<\/a><\/span> <span class=\"separator\"><\/span> <span class=\"breadcrumb_last\" aria-current=\"page\">Kasvu ja kansainv\u00e4listyminen<\/span><\/span><\/div>\t\t\t\n<h1 class=\"wp-block-heading\" id=\"h-kasvu-ja-kansainvalistyminen\">Kasvu ja kansainv\u00e4listyminen<\/h1>\n\n<p><\/p>\n\t\t\t<div class=\"em-block-hero__modified-date\"> P\u00e4ivitetty 06.06.2025 klo 14:23<\/div>\t\t<\/div>\n\t\t\t\t\t<figure class=\"em-block-hero__image\">\n\t\t\t\t\t\t\t<\/figure>\n\t\t\t<\/div>\n<\/div>\n\n\n\n<p>Ty\u00f6ryhm\u00e4\u00e4n voivat kokoontua j\u00e4senyritykset, jotka ovat kiinnostuneet kasvattamaan liiketoimintaansa erityisesti kansainv\u00e4lisill\u00e4 markkinoilla. Lis\u00e4ksi ryhm\u00e4ss\u00e4 valmennetaan yrityksi\u00e4 osallistumaan erilaisiin yhteishankkeisiin esimerkiksi EU:n piiriss\u00e4.<\/p>\n\n\n\n<h2 class=\"wp-block-heading\" id=\"h-toiminta\" id=\"toiminta\">Toiminta<\/h2>\n\n\n\n<ul class=\"wp-block-list\">\n<li>Verkostoitumisen mahdollistaminen potentiaalisten kumppaneiden kanssa<\/li>\n\n\n\n<li>Yhteisiin TKI-rahoitushankkeisiin ja konsortioihin osallistuminen sek\u00e4 niihin valmentaminen<\/li>\n\n\n\n<li>Kokemusten jakaminen kansainv\u00e4lisen liiketoiminnan kehitt\u00e4misest\u00e4, alan messuista ja muista tapahtumista<\/li>\n\n\n\n<li>Yhteisten messumatkojen ja viennin edist\u00e4mismatkojen organisoiminen<\/li>\n\n\n\n<li>Kansainv\u00e4listen kyber- ja vastavien delegaatioiden vastaanottaminen<\/li>\n\n\n\n<li>Yhteisty\u00f6n aktivoiminen julkisen sektorin kanssa, kybertietoisuuden lis\u00e4\u00e4minen<\/li>\n<\/ul>\n\n\n\n<p>Ty\u00f6ryhm\u00e4n puheenjohtaja: Jarno Salonen, VTT<\/p>\n","protected":false},"excerpt":{"rendered":"<p>Ty\u00f6ryhm\u00e4\u00e4n voivat kokoontua j\u00e4senyritykset, jotka ovat kiinnostuneet kasvattamaan liiketoimintaansa erityisesti kansainv\u00e4lisill\u00e4 markkinoilla. Lis\u00e4ksi ryhm\u00e4ss\u00e4 valmennetaan yrityksi\u00e4 osallistumaan erilaisiin yhteishankkeisiin esimerkiksi EU:n piiriss\u00e4. Toiminta Ty\u00f6ryhm\u00e4n puheenjohtaja: Jarno Salonen, VTT<\/p>\n","protected":false},"author":52,"featured_media":0,"parent":123,"menu_order":0,"comment_status":"closed","ping_status":"closed","template":"","meta":{"_acf_changed":false,"_relevanssi_hide_post":"","_relevanssi_hide_content":"","_relevanssi_pin_for_all":"","_relevanssi_pin_keywords":"","_relevanssi_unpin_keywords":"","_relevanssi_related_keywords":"","_relevanssi_related_include_ids":"","_relevanssi_related_exclude_ids":"","_relevanssi_related_no_append":"","_relevanssi_related_not_related":"","_relevanssi_related_posts":"56,53,57,54,55,48","_relevanssi_noindex_reason":"","inline_featured_image":false,"footnotes":""},"class_list":["post-199","page","type-page","status-publish","hentry"],"acf":[],"yoast_head":"<!-- This site is optimized with the Yoast SEO Premium plugin v27.1 (Yoast SEO v27.4) - https:\/\/yoast.com\/product\/yoast-seo-premium-wordpress\/ -->\n<title>Kasvu ja kansainv\u00e4listyminen - Kyberala<\/title>\n<meta name=\"robots\" content=\"index, follow, max-snippet:-1, max-image-preview:large, max-video-preview:-1\" \/>\n<link rel=\"canonical\" href=\"https:\/\/teknologiateollisuus.fi\/fisc\/tietoa-meista\/tyoryhmat\/kasvu-ja-kansainvalistyminen\/\" \/>\n<meta property=\"og:locale\" content=\"fi_FI\" \/>\n<meta property=\"og:type\" content=\"article\" \/>\n<meta property=\"og:title\" content=\"Kasvu ja kansainv\u00e4listyminen\" \/>\n<meta property=\"og:description\" content=\"Ty\u00f6ryhm\u00e4\u00e4n voivat kokoontua j\u00e4senyritykset, jotka ovat kiinnostuneet kasvattamaan liiketoimintaansa erityisesti kansainv\u00e4lisill\u00e4 markkinoilla. Lis\u00e4ksi ryhm\u00e4ss\u00e4 valmennetaan yrityksi\u00e4 osallistumaan erilaisiin yhteishankkeisiin esimerkiksi EU:n piiriss\u00e4. Toiminta Ty\u00f6ryhm\u00e4n puheenjohtaja: Jarno Salonen, VTT\" \/>\n<meta property=\"og:url\" content=\"https:\/\/teknologiateollisuus.fi\/fisc\/tietoa-meista\/tyoryhmat\/kasvu-ja-kansainvalistyminen\/\" \/>\n<meta property=\"og:site_name\" content=\"Kyberala\" \/>\n<meta property=\"article:modified_time\" content=\"2025-06-06T11:23:35+00:00\" \/>\n<meta name=\"twitter:card\" content=\"summary_large_image\" \/>\n<meta name=\"twitter:label1\" content=\"Arvioitu lukuaika\" \/>\n\t<meta name=\"twitter:data1\" content=\"1 minuutti\" \/>\n<script type=\"application\/ld+json\" class=\"yoast-schema-graph\">{\"@context\":\"https:\\\/\\\/schema.org\",\"@graph\":[{\"@type\":\"WebPage\",\"@id\":\"https:\\\/\\\/teknologiateollisuus.fi\\\/fisc\\\/tietoa-meista\\\/tyoryhmat\\\/kasvu-ja-kansainvalistyminen\\\/\",\"url\":\"https:\\\/\\\/teknologiateollisuus.fi\\\/fisc\\\/tietoa-meista\\\/tyoryhmat\\\/kasvu-ja-kansainvalistyminen\\\/\",\"name\":\"Kasvu ja kansainv\u00e4listyminen - Kyberala\",\"isPartOf\":{\"@id\":\"https:\\\/\\\/teknologiateollisuus.fi\\\/fisc\\\/#website\"},\"datePublished\":\"2024-09-20T07:14:07+00:00\",\"dateModified\":\"2025-06-06T11:23:35+00:00\",\"breadcrumb\":{\"@id\":\"https:\\\/\\\/teknologiateollisuus.fi\\\/fisc\\\/tietoa-meista\\\/tyoryhmat\\\/kasvu-ja-kansainvalistyminen\\\/#breadcrumb\"},\"inLanguage\":\"fi\",\"potentialAction\":[{\"@type\":\"ReadAction\",\"target\":[\"https:\\\/\\\/teknologiateollisuus.fi\\\/fisc\\\/tietoa-meista\\\/tyoryhmat\\\/kasvu-ja-kansainvalistyminen\\\/\"]}]},{\"@type\":\"BreadcrumbList\",\"@id\":\"https:\\\/\\\/teknologiateollisuus.fi\\\/fisc\\\/tietoa-meista\\\/tyoryhmat\\\/kasvu-ja-kansainvalistyminen\\\/#breadcrumb\",\"itemListElement\":[{\"@type\":\"ListItem\",\"position\":1,\"name\":\"Etusivu\",\"item\":\"https:\\\/\\\/teknologiateollisuus.fi\\\/fisc\\\/\"},{\"@type\":\"ListItem\",\"position\":2,\"name\":\"Tietoa meist\u00e4\",\"item\":\"https:\\\/\\\/teknologiateollisuus.fi\\\/fisc\\\/tietoa-meista\\\/\"},{\"@type\":\"ListItem\",\"position\":3,\"name\":\"Ty\u00f6ryhm\u00e4t\",\"item\":\"https:\\\/\\\/teknologiateollisuus.fi\\\/fisc\\\/tietoa-meista\\\/tyoryhmat\\\/\"},{\"@type\":\"ListItem\",\"position\":4,\"name\":\"Kasvu ja kansainv\u00e4listyminen\"}]},{\"@type\":\"WebSite\",\"@id\":\"https:\\\/\\\/teknologiateollisuus.fi\\\/fisc\\\/#website\",\"url\":\"https:\\\/\\\/teknologiateollisuus.fi\\\/fisc\\\/\",\"name\":\"Kyberala\",\"description\":\"\",\"potentialAction\":[{\"@type\":\"SearchAction\",\"target\":{\"@type\":\"EntryPoint\",\"urlTemplate\":\"https:\\\/\\\/teknologiateollisuus.fi\\\/fisc\\\/?s={search_term_string}\"},\"query-input\":{\"@type\":\"PropertyValueSpecification\",\"valueRequired\":true,\"valueName\":\"search_term_string\"}}],\"inLanguage\":\"fi\"}]}<\/script>\n<!-- \/ Yoast SEO Premium plugin. -->","yoast_head_json":{"title":"Kasvu ja kansainv\u00e4listyminen - Kyberala","robots":{"index":"index","follow":"follow","max-snippet":"max-snippet:-1","max-image-preview":"max-image-preview:large","max-video-preview":"max-video-preview:-1"},"canonical":"https:\/\/teknologiateollisuus.fi\/fisc\/tietoa-meista\/tyoryhmat\/kasvu-ja-kansainvalistyminen\/","og_locale":"fi_FI","og_type":"article","og_title":"Kasvu ja kansainv\u00e4listyminen","og_description":"Ty\u00f6ryhm\u00e4\u00e4n voivat kokoontua j\u00e4senyritykset, jotka ovat kiinnostuneet kasvattamaan liiketoimintaansa erityisesti kansainv\u00e4lisill\u00e4 markkinoilla. Lis\u00e4ksi ryhm\u00e4ss\u00e4 valmennetaan yrityksi\u00e4 osallistumaan erilaisiin yhteishankkeisiin esimerkiksi EU:n piiriss\u00e4. Toiminta Ty\u00f6ryhm\u00e4n puheenjohtaja: Jarno Salonen, VTT","og_url":"https:\/\/teknologiateollisuus.fi\/fisc\/tietoa-meista\/tyoryhmat\/kasvu-ja-kansainvalistyminen\/","og_site_name":"Kyberala","article_modified_time":"2025-06-06T11:23:35+00:00","twitter_card":"summary_large_image","twitter_misc":{"Arvioitu lukuaika":"1 minuutti"},"schema":{"@context":"https:\/\/schema.org","@graph":[{"@type":"WebPage","@id":"https:\/\/teknologiateollisuus.fi\/fisc\/tietoa-meista\/tyoryhmat\/kasvu-ja-kansainvalistyminen\/","url":"https:\/\/teknologiateollisuus.fi\/fisc\/tietoa-meista\/tyoryhmat\/kasvu-ja-kansainvalistyminen\/","name":"Kasvu ja kansainv\u00e4listyminen - Kyberala","isPartOf":{"@id":"https:\/\/teknologiateollisuus.fi\/fisc\/#website"},"datePublished":"2024-09-20T07:14:07+00:00","dateModified":"2025-06-06T11:23:35+00:00","breadcrumb":{"@id":"https:\/\/teknologiateollisuus.fi\/fisc\/tietoa-meista\/tyoryhmat\/kasvu-ja-kansainvalistyminen\/#breadcrumb"},"inLanguage":"fi","potentialAction":[{"@type":"ReadAction","target":["https:\/\/teknologiateollisuus.fi\/fisc\/tietoa-meista\/tyoryhmat\/kasvu-ja-kansainvalistyminen\/"]}]},{"@type":"BreadcrumbList","@id":"https:\/\/teknologiateollisuus.fi\/fisc\/tietoa-meista\/tyoryhmat\/kasvu-ja-kansainvalistyminen\/#breadcrumb","itemListElement":[{"@type":"ListItem","position":1,"name":"Etusivu","item":"https:\/\/teknologiateollisuus.fi\/fisc\/"},{"@type":"ListItem","position":2,"name":"Tietoa meist\u00e4","item":"https:\/\/teknologiateollisuus.fi\/fisc\/tietoa-meista\/"},{"@type":"ListItem","position":3,"name":"Ty\u00f6ryhm\u00e4t","item":"https:\/\/teknologiateollisuus.fi\/fisc\/tietoa-meista\/tyoryhmat\/"},{"@type":"ListItem","position":4,"name":"Kasvu ja kansainv\u00e4listyminen"}]},{"@type":"WebSite","@id":"https:\/\/teknologiateollisuus.fi\/fisc\/#website","url":"https:\/\/teknologiateollisuus.fi\/fisc\/","name":"Kyberala","description":"","potentialAction":[{"@type":"SearchAction","target":{"@type":"EntryPoint","urlTemplate":"https:\/\/teknologiateollisuus.fi\/fisc\/?s={search_term_string}"},"query-input":{"@type":"PropertyValueSpecification","valueRequired":true,"valueName":"search_term_string"}}],"inLanguage":"fi"}]}},"lang":"fi","translations":{"fi":199},"pll_sync_post":[],"_links":{"self":[{"href":"https:\/\/teknologiateollisuus.fi\/fisc\/wp-json\/wp\/v2\/pages\/199","targetHints":{"allow":["GET"]}}],"collection":[{"href":"https:\/\/teknologiateollisuus.fi\/fisc\/wp-json\/wp\/v2\/pages"}],"about":[{"href":"https:\/\/teknologiateollisuus.fi\/fisc\/wp-json\/wp\/v2\/types\/page"}],"author":[{"embeddable":true,"href":"https:\/\/teknologiateollisuus.fi\/fisc\/wp-json\/wp\/v2\/users\/52"}],"replies":[{"embeddable":true,"href":"https:\/\/teknologiateollisuus.fi\/fisc\/wp-json\/wp\/v2\/comments?post=199"}],"version-history":[{"count":3,"href":"https:\/\/teknologiateollisuus.fi\/fisc\/wp-json\/wp\/v2\/pages\/199\/revisions"}],"predecessor-version":[{"id":686,"href":"https:\/\/teknologiateollisuus.fi\/fisc\/wp-json\/wp\/v2\/pages\/199\/revisions\/686"}],"up":[{"embeddable":true,"href":"https:\/\/teknologiateollisuus.fi\/fisc\/wp-json\/wp\/v2\/pages\/123"}],"wp:attachment":[{"href":"https:\/\/teknologiateollisuus.fi\/fisc\/wp-json\/wp\/v2\/media?parent=199"}],"curies":[{"name":"wp","href":"https:\/\/api.w.org\/{rel}","templated":true}]}}