{"id":201,"date":"2024-09-20T10:16:40","date_gmt":"2024-09-20T07:16:40","guid":{"rendered":"https:\/\/teknologiateollisuus.fi\/fisc\/?page_id=201"},"modified":"2024-09-25T15:12:18","modified_gmt":"2024-09-25T12:12:18","slug":"osaaminen-ja-koulutus","status":"publish","type":"page","link":"https:\/\/teknologiateollisuus.fi\/fisc\/tietoa-meista\/tyoryhmat\/osaaminen-ja-koulutus\/","title":{"rendered":"Osaaminen ja koulutus"},"content":{"rendered":"\n<div class=\"em-block-hero hero-has-background-color has-background has-petrol-background-color collapse media-position-right \">\n\t<div class=\"em-block-hero__container\">\n\t\t<div class=\"em-block-hero__content\">\n\t\t\t<div class=\"yoast-breadcrumbs\"><span><span><a href=\"https:\/\/teknologiateollisuus.fi\/fisc\/\">Etusivu<\/a><\/span> <span class=\"separator\"><\/span> <span><a href=\"https:\/\/teknologiateollisuus.fi\/fisc\/tietoa-meista\/\">Tietoa meist\u00e4<\/a><\/span> <span class=\"separator\"><\/span> <span><a href=\"https:\/\/teknologiateollisuus.fi\/fisc\/tietoa-meista\/tyoryhmat\/\">Ty\u00f6ryhm\u00e4t<\/a><\/span> <span class=\"separator\"><\/span> <span class=\"breadcrumb_last\" aria-current=\"page\">Osaaminen ja koulutus<\/span><\/span><\/div>\t\t\t\n<h1 class=\"wp-block-heading\" id=\"osaaminen-ja-koulutus\">Osaaminen ja koulutus<\/h1>\n\n<p><\/p>\n\t\t\t<div class=\"em-block-hero__modified-date\"> P\u00e4ivitetty 25.09.2024 klo 15:12<\/div>\t\t<\/div>\n\t\t\t\t\t<figure class=\"em-block-hero__image\">\n\t\t\t\t\t\t\t<\/figure>\n\t\t\t<\/div>\n<\/div>\n\n\n\n<p>Ty\u00f6ryhm\u00e4 kokoaa FISC j\u00e4senet, jotka ovat kiinnostuneet kyberalan koulutuksen ja osaamisen kehitt\u00e4misest\u00e4. Ryhm\u00e4n tarkoituksena on toimia kyberalan yritysten ja koulutusorganisaatioiden yhteisty\u00f6alustana. Ty\u00f6ryhm\u00e4ss\u00e4 k\u00e4sitell\u00e4\u00e4n koulutukseen sek\u00e4 tutkimuksen edist\u00e4miseen liittyvi\u00e4 asioita ja pyrit\u00e4\u00e4n vahvistamaan alan koulutuksen ty\u00f6el\u00e4m\u00e4l\u00e4ht\u00f6isyytt\u00e4 osapuolten vuoropuhelun avulla. Lue lis\u00e4\u00e4 kyberosaamistarpeista Suomessa&nbsp;<a href=\"https:\/\/api.hankeikkuna.fi\/asiakirjat\/164ec5f9-d5a8-4d1b-9bf6-05e6470daab5\/a40f74fd-b8f3-4bb7-a829-242de5732fb0\/RAPORTTI_20210204085928.pdf\" target=\"_blank\" rel=\"noreferrer noopener\">Kyberosaamistarpeet esiselvityksest\u00e4<\/a>.<\/p>\n\n\n\n<h2 class=\"wp-block-heading\" id=\"toiminta\">Toiminta<\/h2>\n\n\n\n<ul class=\"wp-block-list\">\n<li>Ryhm\u00e4n j\u00e4senyritysten ja organisaatioiden verkostoituminen<\/li>\n\n\n\n<li>Viranomais- ja sidoryhm\u00e4yhteisty\u00f6<\/li>\n\n\n\n<li>Tiedon jakaminen kyberalan yritysten osaamis- ja koulutustarpeista<\/li>\n\n\n\n<li>Koulutuspoliittisten linjausten m\u00e4\u00e4rittely sek\u00e4 kannanotot<\/li>\n<\/ul>\n","protected":false},"excerpt":{"rendered":"<p>Ty\u00f6ryhm\u00e4 kokoaa FISC j\u00e4senet, jotka ovat kiinnostuneet kyberalan koulutuksen ja osaamisen kehitt\u00e4misest\u00e4. Ryhm\u00e4n tarkoituksena on toimia kyberalan yritysten ja koulutusorganisaatioiden yhteisty\u00f6alustana. Ty\u00f6ryhm\u00e4ss\u00e4 k\u00e4sitell\u00e4\u00e4n koulutukseen sek\u00e4 tutkimuksen edist\u00e4miseen liittyvi\u00e4 asioita ja pyrit\u00e4\u00e4n vahvistamaan alan koulutuksen ty\u00f6el\u00e4m\u00e4l\u00e4ht\u00f6isyytt\u00e4 osapuolten vuoropuhelun avulla. Lue lis\u00e4\u00e4 kyberosaamistarpeista Suomessa&nbsp;Kyberosaamistarpeet esiselvityksest\u00e4. Toiminta<\/p>\n","protected":false},"author":52,"featured_media":0,"parent":123,"menu_order":0,"comment_status":"closed","ping_status":"closed","template":"","meta":{"_acf_changed":false,"_relevanssi_hide_post":"","_relevanssi_hide_content":"","_relevanssi_pin_for_all":"","_relevanssi_pin_keywords":"","_relevanssi_unpin_keywords":"","_relevanssi_related_keywords":"","_relevanssi_related_include_ids":"","_relevanssi_related_exclude_ids":"","_relevanssi_related_no_append":"","_relevanssi_related_not_related":"","_relevanssi_related_posts":"48,56,55,57,53,54","_relevanssi_noindex_reason":"","inline_featured_image":false,"footnotes":""},"class_list":["post-201","page","type-page","status-publish","hentry"],"acf":[],"yoast_head":"<!-- This site is optimized with the Yoast SEO Premium plugin v27.1 (Yoast SEO v27.4) - https:\/\/yoast.com\/product\/yoast-seo-premium-wordpress\/ -->\n<title>Osaaminen ja koulutus - Kyberala<\/title>\n<meta name=\"robots\" content=\"index, follow, max-snippet:-1, max-image-preview:large, max-video-preview:-1\" \/>\n<link rel=\"canonical\" href=\"https:\/\/teknologiateollisuus.fi\/fisc\/tietoa-meista\/tyoryhmat\/osaaminen-ja-koulutus\/\" \/>\n<meta property=\"og:locale\" content=\"fi_FI\" \/>\n<meta property=\"og:type\" content=\"article\" \/>\n<meta property=\"og:title\" content=\"Osaaminen ja koulutus\" \/>\n<meta property=\"og:description\" content=\"Ty\u00f6ryhm\u00e4 kokoaa FISC j\u00e4senet, jotka ovat kiinnostuneet kyberalan koulutuksen ja osaamisen kehitt\u00e4misest\u00e4. Ryhm\u00e4n tarkoituksena on toimia kyberalan yritysten ja koulutusorganisaatioiden yhteisty\u00f6alustana. Ty\u00f6ryhm\u00e4ss\u00e4 k\u00e4sitell\u00e4\u00e4n koulutukseen sek\u00e4 tutkimuksen edist\u00e4miseen liittyvi\u00e4 asioita ja pyrit\u00e4\u00e4n vahvistamaan alan koulutuksen ty\u00f6el\u00e4m\u00e4l\u00e4ht\u00f6isyytt\u00e4 osapuolten vuoropuhelun avulla. Lue lis\u00e4\u00e4 kyberosaamistarpeista Suomessa&nbsp;Kyberosaamistarpeet esiselvityksest\u00e4. Toiminta\" \/>\n<meta property=\"og:url\" content=\"https:\/\/teknologiateollisuus.fi\/fisc\/tietoa-meista\/tyoryhmat\/osaaminen-ja-koulutus\/\" \/>\n<meta property=\"og:site_name\" content=\"Kyberala\" \/>\n<meta property=\"article:modified_time\" content=\"2024-09-25T12:12:18+00:00\" \/>\n<meta name=\"twitter:card\" content=\"summary_large_image\" \/>\n<meta name=\"twitter:label1\" content=\"Arvioitu lukuaika\" \/>\n\t<meta name=\"twitter:data1\" content=\"1 minuutti\" \/>\n<script type=\"application\/ld+json\" class=\"yoast-schema-graph\">{\"@context\":\"https:\\\/\\\/schema.org\",\"@graph\":[{\"@type\":\"WebPage\",\"@id\":\"https:\\\/\\\/teknologiateollisuus.fi\\\/fisc\\\/tietoa-meista\\\/tyoryhmat\\\/osaaminen-ja-koulutus\\\/\",\"url\":\"https:\\\/\\\/teknologiateollisuus.fi\\\/fisc\\\/tietoa-meista\\\/tyoryhmat\\\/osaaminen-ja-koulutus\\\/\",\"name\":\"Osaaminen ja koulutus - Kyberala\",\"isPartOf\":{\"@id\":\"https:\\\/\\\/teknologiateollisuus.fi\\\/fisc\\\/#website\"},\"datePublished\":\"2024-09-20T07:16:40+00:00\",\"dateModified\":\"2024-09-25T12:12:18+00:00\",\"breadcrumb\":{\"@id\":\"https:\\\/\\\/teknologiateollisuus.fi\\\/fisc\\\/tietoa-meista\\\/tyoryhmat\\\/osaaminen-ja-koulutus\\\/#breadcrumb\"},\"inLanguage\":\"fi\",\"potentialAction\":[{\"@type\":\"ReadAction\",\"target\":[\"https:\\\/\\\/teknologiateollisuus.fi\\\/fisc\\\/tietoa-meista\\\/tyoryhmat\\\/osaaminen-ja-koulutus\\\/\"]}]},{\"@type\":\"BreadcrumbList\",\"@id\":\"https:\\\/\\\/teknologiateollisuus.fi\\\/fisc\\\/tietoa-meista\\\/tyoryhmat\\\/osaaminen-ja-koulutus\\\/#breadcrumb\",\"itemListElement\":[{\"@type\":\"ListItem\",\"position\":1,\"name\":\"Etusivu\",\"item\":\"https:\\\/\\\/teknologiateollisuus.fi\\\/fisc\\\/\"},{\"@type\":\"ListItem\",\"position\":2,\"name\":\"Tietoa meist\u00e4\",\"item\":\"https:\\\/\\\/teknologiateollisuus.fi\\\/fisc\\\/tietoa-meista\\\/\"},{\"@type\":\"ListItem\",\"position\":3,\"name\":\"Ty\u00f6ryhm\u00e4t\",\"item\":\"https:\\\/\\\/teknologiateollisuus.fi\\\/fisc\\\/tietoa-meista\\\/tyoryhmat\\\/\"},{\"@type\":\"ListItem\",\"position\":4,\"name\":\"Osaaminen ja koulutus\"}]},{\"@type\":\"WebSite\",\"@id\":\"https:\\\/\\\/teknologiateollisuus.fi\\\/fisc\\\/#website\",\"url\":\"https:\\\/\\\/teknologiateollisuus.fi\\\/fisc\\\/\",\"name\":\"Kyberala\",\"description\":\"\",\"potentialAction\":[{\"@type\":\"SearchAction\",\"target\":{\"@type\":\"EntryPoint\",\"urlTemplate\":\"https:\\\/\\\/teknologiateollisuus.fi\\\/fisc\\\/?s={search_term_string}\"},\"query-input\":{\"@type\":\"PropertyValueSpecification\",\"valueRequired\":true,\"valueName\":\"search_term_string\"}}],\"inLanguage\":\"fi\"}]}<\/script>\n<!-- \/ Yoast SEO Premium plugin. -->","yoast_head_json":{"title":"Osaaminen ja koulutus - Kyberala","robots":{"index":"index","follow":"follow","max-snippet":"max-snippet:-1","max-image-preview":"max-image-preview:large","max-video-preview":"max-video-preview:-1"},"canonical":"https:\/\/teknologiateollisuus.fi\/fisc\/tietoa-meista\/tyoryhmat\/osaaminen-ja-koulutus\/","og_locale":"fi_FI","og_type":"article","og_title":"Osaaminen ja koulutus","og_description":"Ty\u00f6ryhm\u00e4 kokoaa FISC j\u00e4senet, jotka ovat kiinnostuneet kyberalan koulutuksen ja osaamisen kehitt\u00e4misest\u00e4. Ryhm\u00e4n tarkoituksena on toimia kyberalan yritysten ja koulutusorganisaatioiden yhteisty\u00f6alustana. Ty\u00f6ryhm\u00e4ss\u00e4 k\u00e4sitell\u00e4\u00e4n koulutukseen sek\u00e4 tutkimuksen edist\u00e4miseen liittyvi\u00e4 asioita ja pyrit\u00e4\u00e4n vahvistamaan alan koulutuksen ty\u00f6el\u00e4m\u00e4l\u00e4ht\u00f6isyytt\u00e4 osapuolten vuoropuhelun avulla. Lue lis\u00e4\u00e4 kyberosaamistarpeista Suomessa&nbsp;Kyberosaamistarpeet esiselvityksest\u00e4. Toiminta","og_url":"https:\/\/teknologiateollisuus.fi\/fisc\/tietoa-meista\/tyoryhmat\/osaaminen-ja-koulutus\/","og_site_name":"Kyberala","article_modified_time":"2024-09-25T12:12:18+00:00","twitter_card":"summary_large_image","twitter_misc":{"Arvioitu lukuaika":"1 minuutti"},"schema":{"@context":"https:\/\/schema.org","@graph":[{"@type":"WebPage","@id":"https:\/\/teknologiateollisuus.fi\/fisc\/tietoa-meista\/tyoryhmat\/osaaminen-ja-koulutus\/","url":"https:\/\/teknologiateollisuus.fi\/fisc\/tietoa-meista\/tyoryhmat\/osaaminen-ja-koulutus\/","name":"Osaaminen ja koulutus - Kyberala","isPartOf":{"@id":"https:\/\/teknologiateollisuus.fi\/fisc\/#website"},"datePublished":"2024-09-20T07:16:40+00:00","dateModified":"2024-09-25T12:12:18+00:00","breadcrumb":{"@id":"https:\/\/teknologiateollisuus.fi\/fisc\/tietoa-meista\/tyoryhmat\/osaaminen-ja-koulutus\/#breadcrumb"},"inLanguage":"fi","potentialAction":[{"@type":"ReadAction","target":["https:\/\/teknologiateollisuus.fi\/fisc\/tietoa-meista\/tyoryhmat\/osaaminen-ja-koulutus\/"]}]},{"@type":"BreadcrumbList","@id":"https:\/\/teknologiateollisuus.fi\/fisc\/tietoa-meista\/tyoryhmat\/osaaminen-ja-koulutus\/#breadcrumb","itemListElement":[{"@type":"ListItem","position":1,"name":"Etusivu","item":"https:\/\/teknologiateollisuus.fi\/fisc\/"},{"@type":"ListItem","position":2,"name":"Tietoa meist\u00e4","item":"https:\/\/teknologiateollisuus.fi\/fisc\/tietoa-meista\/"},{"@type":"ListItem","position":3,"name":"Ty\u00f6ryhm\u00e4t","item":"https:\/\/teknologiateollisuus.fi\/fisc\/tietoa-meista\/tyoryhmat\/"},{"@type":"ListItem","position":4,"name":"Osaaminen ja koulutus"}]},{"@type":"WebSite","@id":"https:\/\/teknologiateollisuus.fi\/fisc\/#website","url":"https:\/\/teknologiateollisuus.fi\/fisc\/","name":"Kyberala","description":"","potentialAction":[{"@type":"SearchAction","target":{"@type":"EntryPoint","urlTemplate":"https:\/\/teknologiateollisuus.fi\/fisc\/?s={search_term_string}"},"query-input":{"@type":"PropertyValueSpecification","valueRequired":true,"valueName":"search_term_string"}}],"inLanguage":"fi"}]}},"lang":"fi","translations":{"fi":201},"pll_sync_post":[],"_links":{"self":[{"href":"https:\/\/teknologiateollisuus.fi\/fisc\/wp-json\/wp\/v2\/pages\/201","targetHints":{"allow":["GET"]}}],"collection":[{"href":"https:\/\/teknologiateollisuus.fi\/fisc\/wp-json\/wp\/v2\/pages"}],"about":[{"href":"https:\/\/teknologiateollisuus.fi\/fisc\/wp-json\/wp\/v2\/types\/page"}],"author":[{"embeddable":true,"href":"https:\/\/teknologiateollisuus.fi\/fisc\/wp-json\/wp\/v2\/users\/52"}],"replies":[{"embeddable":true,"href":"https:\/\/teknologiateollisuus.fi\/fisc\/wp-json\/wp\/v2\/comments?post=201"}],"version-history":[{"count":2,"href":"https:\/\/teknologiateollisuus.fi\/fisc\/wp-json\/wp\/v2\/pages\/201\/revisions"}],"predecessor-version":[{"id":404,"href":"https:\/\/teknologiateollisuus.fi\/fisc\/wp-json\/wp\/v2\/pages\/201\/revisions\/404"}],"up":[{"embeddable":true,"href":"https:\/\/teknologiateollisuus.fi\/fisc\/wp-json\/wp\/v2\/pages\/123"}],"wp:attachment":[{"href":"https:\/\/teknologiateollisuus.fi\/fisc\/wp-json\/wp\/v2\/media?parent=201"}],"curies":[{"name":"wp","href":"https:\/\/api.w.org\/{rel}","templated":true}]}}