{"id":120,"date":"2024-06-06T12:03:19","date_gmt":"2024-06-06T09:03:19","guid":{"rendered":"https:\/\/teknologiateollisuus.fi\/healthtech\/?page_id=120"},"modified":"2026-02-02T12:37:49","modified_gmt":"2026-02-02T10:37:49","slug":"terveysteknologia-ry-on-yritysten-kohtaamispaikka","status":"publish","type":"page","link":"https:\/\/teknologiateollisuus.fi\/healthtech\/terveysteknologia-ry-on-yritysten-kohtaamispaikka\/","title":{"rendered":"Yhdistys"},"content":{"rendered":"\n<h4 class=\"wp-block-heading\" id=\"h-terveysteknologia-ry-on-kohtaamispaikka-eri-kokoisille-seka-eri-kehitysvaiheissa-toimiville-suomalaisille-ja-kansainvalisille-terveysteknologia-alan-yrityksille-nbsp-terveysteknologia-ry-n-strategian-tavoitteena-on-helpottaa-terveysteknologiayritysten-kasvua-ja-kansainvalistymista-nbsp-yhdistys-on-osa-teknologiateollisuus-ry-ta-joka-edistaa-suomalaisten-teknologiayritysten-kilpailukykya-ja-toimintaedellytyksia\" id=\"terveysteknologia-ry-on-kohtaamispaikka-eri-kokoisille-seka-eri-kehitysvaiheissa-toimiville-suomalaisille-ja-kansainvalisille-terveysteknologia-alan-yrityksille-terveysteknologia-ryn-strategian\">Terveysteknologia ry on kohtaamispaikka eri kokoisille sek\u00e4 eri kehitysvaiheissa toimiville suomalaisille ja kansainv\u00e4lisille terveysteknologia-alan yrityksille.&nbsp;Terveysteknologia ry:n strategian tavoitteena on helpottaa terveysteknologiayritysten kasvua ja kansainv\u00e4listymist\u00e4.&nbsp;Yhdistys on osa Teknologiateollisuus ry:t\u00e4, joka edist\u00e4\u00e4 suomalaisten teknologiayritysten kilpailukyky\u00e4 ja toimintaedellytyksi\u00e4.<\/h4>\n\n\n\n<figure class=\"wp-block-video\"><video controls src=\"https:\/\/player.vimeo.com\/progressive_redirect\/playback\/1109639307\/rendition\/1080p\/file.mp4?loc=external&amp;log_user=0&amp;signature=162b5ea34eed617d6b06731385894d3ed03f5d5336de887a6cdf9cd3180be467\"><\/video><\/figure>\n\n\n\n<p class=\" mb-xs\">J\u00e4senyritysten v\u00e4list\u00e4 yhteisty\u00f6t\u00e4 tehd\u00e4\u00e4n s\u00e4\u00e4d\u00f6sty\u00f6ryhmiss\u00e4, joissa jaetaan tietoa, yhteisty\u00f6ideoita ja vertaistukea. Ty\u00f6ryhmien lis\u00e4ksi yhdistys j\u00e4rjest\u00e4\u00e4 webinaareja ja ty\u00f6pajoja.&nbsp;J\u00e4senkirjeit\u00e4 l\u00e4hetet\u00e4\u00e4n viikoittain.&nbsp;Kev\u00e4tkokous pidet\u00e4\u00e4n toukokuussa ja syyskokous joulukuussa.<\/p>\n\n\n\n<div class=\"wp-block-buttons  mt-md is-content-justification-left is-layout-flex wp-container-core-buttons-is-layout-fdcfc74e wp-block-buttons-is-layout-flex\">\n<div class=\"wp-block-button  icon-right\"><a class=\"wp-block-button__link wp-element-button\" href=\"https:\/\/teknologiateollisuus.fi\/healthtech\/terveysteknologia-ry-on-kohtaamispaikka\/terveysteknologia-ry-jasenpalvelut-ja-tyoryhmat\/\" target=\"_blank\" rel=\"noreferrer noopener\">Lue lis\u00e4\u00e4 ty\u00f6ryhmist\u00e4<\/a><\/div>\n<\/div>\n\n\n\n<div class=\"wp-block-buttons is-content-justification-left is-layout-flex wp-container-core-buttons-is-layout-fdcfc74e wp-block-buttons-is-layout-flex\">\n<div class=\"wp-block-button  icon-right\"><a class=\"wp-block-button__link wp-element-button\" href=\"https:\/\/teknologiateollisuus.fi\/healthtech\/jasenet\/\" target=\"_blank\" rel=\"noreferrer noopener\">Tutustu j\u00e4senyrityksiimme<\/a><\/div>\n<\/div>\n\n\n\n<p>Terveysteknologia ry on Eurooppalaisen terveysteknologia-alan j\u00e4rjest\u00f6, Cocirin, j\u00e4sen.&nbsp;Cocirin j\u00e4senyhdistyksen kautta voi vaikuttaa ajankohtaisiin toimialan asioihin EU:ssa.&nbsp;Yhdistys seuraa tiiviisti my\u00f6s toisen eurooppalaisen organisaation, Digital Europen, toimintaa.<\/p>\n\n\n\n<p>Yhdistys pyrkii saavuttamaan terveysteknologiayrityksille ja niiden ratkaisuille suotuisaan toimintaymp\u00e4rist\u00f6\u00f6n.&nbsp;Yhdistys tekee vaikuttamista yhteisty\u00f6ss\u00e4 sidosryhmiens\u00e4 kanssa.&nbsp;Kotimarkkinat ovat yritysten referenssimarkkinat, jotka johtavat my\u00f6s onnistuneeseen vientiin.<\/p>\n\n\n\n<div class=\"wp-block-buttons  mt-md is-content-justification-left is-layout-flex wp-container-core-buttons-is-layout-fdcfc74e wp-block-buttons-is-layout-flex\">\n<div class=\"wp-block-button  icon-right\"><a class=\"wp-block-button__link wp-element-button\" href=\"https:\/\/teknologiateollisuus.fi\/healthtech\/terveysteknologia-ry-on-kohtaamispaikka\/tavoitteet-ja-vaikuttaminen\/\" target=\"_blank\" rel=\"noreferrer noopener\">Lue lis\u00e4\u00e4 yhdistyksen tavoitteista ja vaikuttamisesta<\/a><\/div>\n<\/div>\n\n\n\n<div class=\"wp-block-buttons is-content-justification-left is-layout-flex wp-container-core-buttons-is-layout-fdcfc74e wp-block-buttons-is-layout-flex\">\n<div class=\"wp-block-button icon-right is-style-fill\"><a class=\"wp-block-button__link wp-element-button\" href=\"https:\/\/teknologiateollisuus.fi\/healthtech\/terveysteknologia-ry-on-kohtaamispaikka\/terveysteknologia-ryn-strategia\/\" target=\"_blank\" rel=\"noreferrer noopener\">Lue yhdistyksen strategiasta <\/a><\/div>\n<\/div>\n\n\n\n<div class=\"wp-block-buttons is-content-justification-left is-layout-flex wp-container-core-buttons-is-layout-fdcfc74e wp-block-buttons-is-layout-flex\">\n<div class=\"wp-block-button  icon-right\"><a class=\"wp-block-button__link wp-element-button\" href=\"https:\/\/teknologiateollisuus.fi\/healthtech\/terveysteknologia-ry-on-kohtaamispaikka\/terveysteknologia-ry-hallitus\/\" target=\"_blank\" rel=\"noreferrer noopener\">Tutustu yhdistyksen hallitukseen<\/a><\/div>\n<\/div>\n","protected":false},"excerpt":{"rendered":"<p>Terveysteknologia ry on kohtaamispaikka eri kokoisille sek\u00e4 eri kehitysvaiheissa toimiville suomalaisille ja kansainv\u00e4lisille terveysteknologia-alan yrityksille.&nbsp;Terveysteknologia ry:n strategian tavoitteena on helpottaa terveysteknologiayritysten kasvua ja kansainv\u00e4listymist\u00e4.&nbsp;Yhdistys on osa Teknologiateollisuus ry:t\u00e4, joka edist\u00e4\u00e4 suomalaisten teknologiayritysten kilpailukyky\u00e4 ja toimintaedellytyksi\u00e4. J\u00e4senyritysten v\u00e4list\u00e4 yhteisty\u00f6t\u00e4 tehd\u00e4\u00e4n s\u00e4\u00e4d\u00f6sty\u00f6ryhmiss\u00e4, joissa jaetaan tietoa, yhteisty\u00f6ideoita ja vertaistukea. Ty\u00f6ryhmien lis\u00e4ksi yhdistys j\u00e4rjest\u00e4\u00e4 webinaareja ja ty\u00f6pajoja.&nbsp;J\u00e4senkirjeit\u00e4 l\u00e4hetet\u00e4\u00e4n viikoittain.&nbsp;Kev\u00e4tkokous [&hellip;]<\/p>\n","protected":false},"author":8,"featured_media":0,"parent":0,"menu_order":5,"comment_status":"closed","ping_status":"closed","template":"","meta":{"_acf_changed":false,"_relevanssi_hide_post":"","_relevanssi_hide_content":"","_relevanssi_pin_for_all":"","_relevanssi_pin_keywords":"","_relevanssi_unpin_keywords":"","_relevanssi_related_keywords":"","_relevanssi_related_include_ids":"","_relevanssi_related_exclude_ids":"","_relevanssi_related_no_append":"","_relevanssi_related_not_related":"","_relevanssi_related_posts":"56,53,55,54,57,48","_relevanssi_noindex_reason":"","inline_featured_image":false,"footnotes":""},"class_list":["post-120","page","type-page","status-publish","hentry"],"acf":[],"yoast_head":"<!-- This site is optimized with the Yoast SEO Premium plugin v27.1 (Yoast SEO v27.4) - https:\/\/yoast.com\/product\/yoast-seo-premium-wordpress\/ -->\n<title>Yhdistys - Terveysteknologia Terveysteknologia ry on kohtaamispaikka<\/title>\n<meta name=\"description\" content=\"Terveysteknologia ry on kohtaamispaikka eri kokoisille sek\u00e4 eri kehitysvaiheissa toimiville terveysteknologia-alan yrityksille.\" \/>\n<meta name=\"robots\" content=\"index, follow, max-snippet:-1, max-image-preview:large, max-video-preview:-1\" \/>\n<link rel=\"canonical\" href=\"https:\/\/teknologiateollisuus.fi\/healthtech\/terveysteknologia-ry-on-yritysten-kohtaamispaikka\/\" \/>\n<meta property=\"og:locale\" content=\"fi_FI\" \/>\n<meta property=\"og:type\" content=\"article\" \/>\n<meta property=\"og:title\" content=\"Yhdistys\" \/>\n<meta property=\"og:description\" content=\"Terveysteknologia ry on kohtaamispaikka eri kokoisille sek\u00e4 eri kehitysvaiheissa toimiville terveysteknologia-alan yrityksille.\" \/>\n<meta property=\"og:url\" content=\"https:\/\/teknologiateollisuus.fi\/healthtech\/terveysteknologia-ry-on-yritysten-kohtaamispaikka\/\" \/>\n<meta property=\"og:site_name\" content=\"Terveysteknologia\" \/>\n<meta property=\"article:modified_time\" content=\"2026-02-02T10:37:49+00:00\" \/>\n<meta name=\"twitter:card\" content=\"summary_large_image\" \/>\n<meta name=\"twitter:label1\" content=\"Arvioitu lukuaika\" \/>\n\t<meta name=\"twitter:data1\" content=\"1 minuutti\" \/>\n<script type=\"application\/ld+json\" class=\"yoast-schema-graph\">{\"@context\":\"https:\\\/\\\/schema.org\",\"@graph\":[{\"@type\":\"WebPage\",\"@id\":\"https:\\\/\\\/teknologiateollisuus.fi\\\/healthtech\\\/terveysteknologia-ry-on-yritysten-kohtaamispaikka\\\/\",\"url\":\"https:\\\/\\\/teknologiateollisuus.fi\\\/healthtech\\\/terveysteknologia-ry-on-yritysten-kohtaamispaikka\\\/\",\"name\":\"Yhdistys - Terveysteknologia Terveysteknologia ry on kohtaamispaikka\",\"isPartOf\":{\"@id\":\"https:\\\/\\\/teknologiateollisuus.fi\\\/healthtech\\\/#website\"},\"datePublished\":\"2024-06-06T09:03:19+00:00\",\"dateModified\":\"2026-02-02T10:37:49+00:00\",\"description\":\"Terveysteknologia ry on kohtaamispaikka eri kokoisille sek\u00e4 eri kehitysvaiheissa toimiville terveysteknologia-alan yrityksille.\",\"breadcrumb\":{\"@id\":\"https:\\\/\\\/teknologiateollisuus.fi\\\/healthtech\\\/terveysteknologia-ry-on-yritysten-kohtaamispaikka\\\/#breadcrumb\"},\"inLanguage\":\"fi\",\"potentialAction\":[{\"@type\":\"ReadAction\",\"target\":[\"https:\\\/\\\/teknologiateollisuus.fi\\\/healthtech\\\/terveysteknologia-ry-on-yritysten-kohtaamispaikka\\\/\"]}]},{\"@type\":\"BreadcrumbList\",\"@id\":\"https:\\\/\\\/teknologiateollisuus.fi\\\/healthtech\\\/terveysteknologia-ry-on-yritysten-kohtaamispaikka\\\/#breadcrumb\",\"itemListElement\":[{\"@type\":\"ListItem\",\"position\":1,\"name\":\"Etusivu\",\"item\":\"https:\\\/\\\/teknologiateollisuus.fi\\\/healthtech\\\/\"},{\"@type\":\"ListItem\",\"position\":2,\"name\":\"Yhdistys\"}]},{\"@type\":\"WebSite\",\"@id\":\"https:\\\/\\\/teknologiateollisuus.fi\\\/healthtech\\\/#website\",\"url\":\"https:\\\/\\\/teknologiateollisuus.fi\\\/healthtech\\\/\",\"name\":\"Terveysteknologia\",\"description\":\"\",\"potentialAction\":[{\"@type\":\"SearchAction\",\"target\":{\"@type\":\"EntryPoint\",\"urlTemplate\":\"https:\\\/\\\/teknologiateollisuus.fi\\\/healthtech\\\/?s={search_term_string}\"},\"query-input\":{\"@type\":\"PropertyValueSpecification\",\"valueRequired\":true,\"valueName\":\"search_term_string\"}}],\"inLanguage\":\"fi\"}]}<\/script>\n<!-- \/ Yoast SEO Premium plugin. -->","yoast_head_json":{"title":"Yhdistys - Terveysteknologia Terveysteknologia ry on kohtaamispaikka","description":"Terveysteknologia ry on kohtaamispaikka eri kokoisille sek\u00e4 eri kehitysvaiheissa toimiville terveysteknologia-alan yrityksille.","robots":{"index":"index","follow":"follow","max-snippet":"max-snippet:-1","max-image-preview":"max-image-preview:large","max-video-preview":"max-video-preview:-1"},"canonical":"https:\/\/teknologiateollisuus.fi\/healthtech\/terveysteknologia-ry-on-yritysten-kohtaamispaikka\/","og_locale":"fi_FI","og_type":"article","og_title":"Yhdistys","og_description":"Terveysteknologia ry on kohtaamispaikka eri kokoisille sek\u00e4 eri kehitysvaiheissa toimiville terveysteknologia-alan yrityksille.","og_url":"https:\/\/teknologiateollisuus.fi\/healthtech\/terveysteknologia-ry-on-yritysten-kohtaamispaikka\/","og_site_name":"Terveysteknologia","article_modified_time":"2026-02-02T10:37:49+00:00","twitter_card":"summary_large_image","twitter_misc":{"Arvioitu lukuaika":"1 minuutti"},"schema":{"@context":"https:\/\/schema.org","@graph":[{"@type":"WebPage","@id":"https:\/\/teknologiateollisuus.fi\/healthtech\/terveysteknologia-ry-on-yritysten-kohtaamispaikka\/","url":"https:\/\/teknologiateollisuus.fi\/healthtech\/terveysteknologia-ry-on-yritysten-kohtaamispaikka\/","name":"Yhdistys - Terveysteknologia Terveysteknologia ry on kohtaamispaikka","isPartOf":{"@id":"https:\/\/teknologiateollisuus.fi\/healthtech\/#website"},"datePublished":"2024-06-06T09:03:19+00:00","dateModified":"2026-02-02T10:37:49+00:00","description":"Terveysteknologia ry on kohtaamispaikka eri kokoisille sek\u00e4 eri kehitysvaiheissa toimiville terveysteknologia-alan yrityksille.","breadcrumb":{"@id":"https:\/\/teknologiateollisuus.fi\/healthtech\/terveysteknologia-ry-on-yritysten-kohtaamispaikka\/#breadcrumb"},"inLanguage":"fi","potentialAction":[{"@type":"ReadAction","target":["https:\/\/teknologiateollisuus.fi\/healthtech\/terveysteknologia-ry-on-yritysten-kohtaamispaikka\/"]}]},{"@type":"BreadcrumbList","@id":"https:\/\/teknologiateollisuus.fi\/healthtech\/terveysteknologia-ry-on-yritysten-kohtaamispaikka\/#breadcrumb","itemListElement":[{"@type":"ListItem","position":1,"name":"Etusivu","item":"https:\/\/teknologiateollisuus.fi\/healthtech\/"},{"@type":"ListItem","position":2,"name":"Yhdistys"}]},{"@type":"WebSite","@id":"https:\/\/teknologiateollisuus.fi\/healthtech\/#website","url":"https:\/\/teknologiateollisuus.fi\/healthtech\/","name":"Terveysteknologia","description":"","potentialAction":[{"@type":"SearchAction","target":{"@type":"EntryPoint","urlTemplate":"https:\/\/teknologiateollisuus.fi\/healthtech\/?s={search_term_string}"},"query-input":{"@type":"PropertyValueSpecification","valueRequired":true,"valueName":"search_term_string"}}],"inLanguage":"fi"}]}},"lang":"fi","translations":{"fi":120,"en":2180},"pll_sync_post":[],"_links":{"self":[{"href":"https:\/\/teknologiateollisuus.fi\/healthtech\/wp-json\/wp\/v2\/pages\/120","targetHints":{"allow":["GET"]}}],"collection":[{"href":"https:\/\/teknologiateollisuus.fi\/healthtech\/wp-json\/wp\/v2\/pages"}],"about":[{"href":"https:\/\/teknologiateollisuus.fi\/healthtech\/wp-json\/wp\/v2\/types\/page"}],"author":[{"embeddable":true,"href":"https:\/\/teknologiateollisuus.fi\/healthtech\/wp-json\/wp\/v2\/users\/8"}],"replies":[{"embeddable":true,"href":"https:\/\/teknologiateollisuus.fi\/healthtech\/wp-json\/wp\/v2\/comments?post=120"}],"version-history":[{"count":23,"href":"https:\/\/teknologiateollisuus.fi\/healthtech\/wp-json\/wp\/v2\/pages\/120\/revisions"}],"predecessor-version":[{"id":5619,"href":"https:\/\/teknologiateollisuus.fi\/healthtech\/wp-json\/wp\/v2\/pages\/120\/revisions\/5619"}],"wp:attachment":[{"href":"https:\/\/teknologiateollisuus.fi\/healthtech\/wp-json\/wp\/v2\/media?parent=120"}],"curies":[{"name":"wp","href":"https:\/\/api.w.org\/{rel}","templated":true}]}}