{"id":2146,"date":"2024-07-11T15:16:11","date_gmt":"2024-07-11T12:16:11","guid":{"rendered":"https:\/\/teknologiateollisuus.fi\/healthtech\/?page_id=2146"},"modified":"2024-09-18T17:31:49","modified_gmt":"2024-09-18T14:31:49","slug":"member-pages","status":"publish","type":"page","link":"https:\/\/teknologiateollisuus.fi\/healthtech\/en\/association\/member-services-and-working-groups\/member-pages\/","title":{"rendered":"Member pages"},"content":{"rendered":"\n<div class=\"em-block-hero hero-has-background-color has-background has-tangerine-background-color has-image media-position-right \">\n\t<div class=\"em-block-hero__container\">\n\t\t<div class=\"em-block-hero__content\">\n\t\t\t<div class=\"yoast-breadcrumbs\"><span><span><a href=\"https:\/\/teknologiateollisuus.fi\/healthtech\/\">Etusivu<\/a><\/span> <span class=\"separator\"><\/span> <span><a href=\"https:\/\/teknologiateollisuus.fi\/healthtech\/en\/association\/\">Association<\/a><\/span> <span class=\"separator\"><\/span> <span><a href=\"https:\/\/teknologiateollisuus.fi\/healthtech\/en\/association\/member-services-and-working-groups\/\">Member services and working groups<\/a><\/span> <span class=\"separator\"><\/span> <span class=\"breadcrumb_last\" aria-current=\"page\">Member pages<\/span><\/span><\/div>\t\t\t\n<h1 class=\"wp-block-heading\"><strong>Member pages<\/strong><\/h1>\n\n<p><\/p>\n\t\t\t<div class=\"em-block-hero__modified-date\"> P\u00e4ivitetty 18.09.2024 klo 17:31<\/div>\t\t<\/div>\n\t\t\t\t\t<figure class=\"em-block-hero__image\">\n\t\t\t\t<img loading=\"lazy\" decoding=\"async\" width=\"2560\" height=\"1528\" src=\"https:\/\/teknologiateollisuus.fi\/healthtech\/wp-content\/uploads\/sites\/8\/2024\/06\/Kuvituskuva-tietokone-henkilot-yhteistyo-scaled.jpg\" class=\"attachment-hero size-hero\" alt=\"Kuvituskuva tietokone henkil\u00f6t yhteisty\u00f6\" srcset=\"https:\/\/teknologiateollisuus.fi\/healthtech\/wp-content\/uploads\/sites\/8\/2024\/06\/Kuvituskuva-tietokone-henkilot-yhteistyo-scaled.jpg 2560w, https:\/\/teknologiateollisuus.fi\/healthtech\/wp-content\/uploads\/sites\/8\/2024\/06\/Kuvituskuva-tietokone-henkilot-yhteistyo-400x239.jpg 400w, https:\/\/teknologiateollisuus.fi\/healthtech\/wp-content\/uploads\/sites\/8\/2024\/06\/Kuvituskuva-tietokone-henkilot-yhteistyo-968x578.jpg 968w, https:\/\/teknologiateollisuus.fi\/healthtech\/wp-content\/uploads\/sites\/8\/2024\/06\/Kuvituskuva-tietokone-henkilot-yhteistyo-768x458.jpg 768w, https:\/\/teknologiateollisuus.fi\/healthtech\/wp-content\/uploads\/sites\/8\/2024\/06\/Kuvituskuva-tietokone-henkilot-yhteistyo-1536x917.jpg 1536w, https:\/\/teknologiateollisuus.fi\/healthtech\/wp-content\/uploads\/sites\/8\/2024\/06\/Kuvituskuva-tietokone-henkilot-yhteistyo-2048x1223.jpg 2048w, https:\/\/teknologiateollisuus.fi\/healthtech\/wp-content\/uploads\/sites\/8\/2024\/06\/Kuvituskuva-tietokone-henkilot-yhteistyo-1300x776.jpg 1300w, https:\/\/teknologiateollisuus.fi\/healthtech\/wp-content\/uploads\/sites\/8\/2024\/06\/Kuvituskuva-tietokone-henkilot-yhteistyo-1440x860.jpg 1440w\" sizes=\"auto, (max-width: 2560px) 100vw, 2560px\" \/>\t\t\t<\/figure>\n\t\t\t<\/div>\n<\/div>\n\n\n\n<p>Enjoy the best benefits, opportunities and networks!<\/p>\n\n\n\n<p>Login requires that the email address has been saved in our membership register and has been granted the right to log in.&nbsp;<\/p>\n\n\n\n<p><a href=\"https:\/\/teknologiateollisuus.sharepoint.com\/sites\/HealthtechFi-jsensivut\">https:\/\/teknologiateollisuus.sharepoint.com\/sites\/HealthtechFi-jsensivut<\/a>  You can log in to the membership site with your own email address. <\/p>\n\n\n\n<p><a href=\"https:\/\/link.webropolsurveys.com\/Participation\/Public\/60c7d0c0-62af-4349-822f-5c8ae43170d3?displayId=Fin2716570\">Join as a member now!<\/a><\/p>\n\n\n\n<article class=\"em-block-contact-card is-style-list\">\n\n\t<div class=\"em-block-contact-card__image\">\n\t\t\t\t\t<img loading=\"lazy\" decoding=\"async\" width=\"300\" height=\"400\" src=\"https:\/\/teknologiateollisuus.fi\/healthtech\/wp-content\/uploads\/sites\/8\/2024\/06\/Paivi-Ahlgren-2-300x400.jpg\" class=\"attachment-portrait size-portrait\" alt=\"P\u00e4ivi Ahlgren\" \/>\t\t\t<\/div>\n\t<div class=\"em-block-contact-card__content-wrapper\">\n\t\t<div class=\"em-block-contact-card__content\">\n\t\t\t\t\t\t<h3 class=\"em-block-contact-card__title\"><a target=\"_self\" href=\"https:\/\/teknologiateollisuus.fi\/healthtech\/contacts\/paivi-ahlgren\/\">P\u00e4ivi Ahlgren<\/a><\/h3>\n\t\t\t\t\t\t\t<span class=\"em-block-contact-card__job_title\">S\u00e4\u00e4d\u00f6sasiantuntija, Regulatory Affairs Specialist <\/span>\n\t\t\t\t\t\t<span class=\"em-block-contact-card__organisation\">Terveysteknologia ry<\/span>\n\t\t<\/div>\n\t\t<div class=\"em-block-contact-card__content\">\n\t\t\t\t\t\t<address class=\"em-block-contact-card__contact-details\">\n\t\t\t\t<span class=\"em-block-contact-card__phone\">\n\t\t\t\t\t<a href=\"tel:+358 40 1937953\">+358 40 1937953<\/a>\n\t\t\t\t<\/span>\n\t\t\t\t<span class=\"em-block-contact-card__email\">\n\t\t\t\t\t<a href=\"mailto:paivi.ahlgren(at)teknologiateollisuus.fi \">paivi.ahlgren(at)teknologiateollisuus.fi <\/a>\n\t\t\t\t<\/span>\n\t\t\t<\/address>\n\t\t\t<div class='em-block-contact-card__socials'><div class=\"social-media-links\"><ul class=\"social-media-links__list\"><li><a href=\"https:\/\/www.linkedin.com\/in\/p%C3%A4ivi-ahlgren-79619515a?lipi=urn%3Ali%3Apage%3Ad_flagship3_profile_view_base_contact_details%3BYXYhmMhsR6u%2Fp9TVwECGIg%3D%3D\" target=\"_blank\" aria-label=\"Find me on linkedin\" data-service=\"linkedin\"><\/a><\/li><\/ul><\/div><\/div>\t\t<\/div>\n\t<\/div>\n\n<\/article>\n","protected":false},"excerpt":{"rendered":"<p>Enjoy the best benefits, opportunities and networks! Login requires that the email address has been saved in our membership register and has been granted the right to log in.&nbsp; https:\/\/teknologiateollisuus.sharepoint.com\/sites\/HealthtechFi-jsensivut You can log in to the membership site with your own email address. Join as a member now!<\/p>\n","protected":false},"author":16,"featured_media":0,"parent":2185,"menu_order":9,"comment_status":"closed","ping_status":"closed","template":"","meta":{"_acf_changed":false,"_relevanssi_hide_post":"","_relevanssi_hide_content":"","_relevanssi_pin_for_all":"","_relevanssi_pin_keywords":"","_relevanssi_unpin_keywords":"","_relevanssi_related_keywords":"","_relevanssi_related_include_ids":"","_relevanssi_related_exclude_ids":"","_relevanssi_related_no_append":"","_relevanssi_related_not_related":"","_relevanssi_related_posts":"783,820,1493,1546,1133,896","_relevanssi_noindex_reason":"","inline_featured_image":false,"footnotes":""},"class_list":["post-2146","page","type-page","status-publish","hentry"],"acf":[],"yoast_head":"<!-- This site is optimized with the Yoast SEO Premium plugin v27.1 (Yoast SEO v27.3) - https:\/\/yoast.com\/product\/yoast-seo-premium-wordpress\/ -->\n<title>Member pages - Terveysteknologia<\/title>\n<meta name=\"robots\" content=\"index, follow, max-snippet:-1, max-image-preview:large, max-video-preview:-1\" \/>\n<link rel=\"canonical\" href=\"https:\/\/teknologiateollisuus.fi\/healthtech\/en\/association\/member-services-and-working-groups\/member-pages\/\" \/>\n<meta property=\"og:locale\" content=\"fi_FI\" \/>\n<meta property=\"og:type\" content=\"article\" \/>\n<meta property=\"og:title\" content=\"Member pages\" \/>\n<meta property=\"og:description\" content=\"Enjoy the best benefits, opportunities and networks! Login requires that the email address has been saved in our membership register and has been granted the right to log in.&nbsp; https:\/\/teknologiateollisuus.sharepoint.com\/sites\/HealthtechFi-jsensivut You can log in to the membership site with your own email address. Join as a member now!\" \/>\n<meta property=\"og:url\" content=\"https:\/\/teknologiateollisuus.fi\/healthtech\/en\/association\/member-services-and-working-groups\/member-pages\/\" \/>\n<meta property=\"og:site_name\" content=\"Terveysteknologia\" \/>\n<meta property=\"article:modified_time\" content=\"2024-09-18T14:31:49+00:00\" \/>\n<meta name=\"twitter:card\" content=\"summary_large_image\" \/>\n<meta name=\"twitter:label1\" content=\"Arvioitu lukuaika\" \/>\n\t<meta name=\"twitter:data1\" content=\"1 minuutti\" \/>\n<script type=\"application\/ld+json\" class=\"yoast-schema-graph\">{\"@context\":\"https:\\\/\\\/schema.org\",\"@graph\":[{\"@type\":\"WebPage\",\"@id\":\"https:\\\/\\\/teknologiateollisuus.fi\\\/healthtech\\\/en\\\/association\\\/member-services-and-working-groups\\\/member-pages\\\/\",\"url\":\"https:\\\/\\\/teknologiateollisuus.fi\\\/healthtech\\\/en\\\/association\\\/member-services-and-working-groups\\\/member-pages\\\/\",\"name\":\"Member pages - Terveysteknologia\",\"isPartOf\":{\"@id\":\"https:\\\/\\\/teknologiateollisuus.fi\\\/healthtech\\\/#website\"},\"datePublished\":\"2024-07-11T12:16:11+00:00\",\"dateModified\":\"2024-09-18T14:31:49+00:00\",\"breadcrumb\":{\"@id\":\"https:\\\/\\\/teknologiateollisuus.fi\\\/healthtech\\\/en\\\/association\\\/member-services-and-working-groups\\\/member-pages\\\/#breadcrumb\"},\"inLanguage\":\"fi\",\"potentialAction\":[{\"@type\":\"ReadAction\",\"target\":[\"https:\\\/\\\/teknologiateollisuus.fi\\\/healthtech\\\/en\\\/association\\\/member-services-and-working-groups\\\/member-pages\\\/\"]}]},{\"@type\":\"BreadcrumbList\",\"@id\":\"https:\\\/\\\/teknologiateollisuus.fi\\\/healthtech\\\/en\\\/association\\\/member-services-and-working-groups\\\/member-pages\\\/#breadcrumb\",\"itemListElement\":[{\"@type\":\"ListItem\",\"position\":1,\"name\":\"Etusivu\",\"item\":\"https:\\\/\\\/teknologiateollisuus.fi\\\/healthtech\\\/\"},{\"@type\":\"ListItem\",\"position\":2,\"name\":\"Association\",\"item\":\"https:\\\/\\\/teknologiateollisuus.fi\\\/healthtech\\\/en\\\/association\\\/\"},{\"@type\":\"ListItem\",\"position\":3,\"name\":\"Member services and working groups\",\"item\":\"https:\\\/\\\/teknologiateollisuus.fi\\\/healthtech\\\/en\\\/association\\\/member-services-and-working-groups\\\/\"},{\"@type\":\"ListItem\",\"position\":4,\"name\":\"Member pages\"}]},{\"@type\":\"WebSite\",\"@id\":\"https:\\\/\\\/teknologiateollisuus.fi\\\/healthtech\\\/#website\",\"url\":\"https:\\\/\\\/teknologiateollisuus.fi\\\/healthtech\\\/\",\"name\":\"Terveysteknologia\",\"description\":\"\",\"potentialAction\":[{\"@type\":\"SearchAction\",\"target\":{\"@type\":\"EntryPoint\",\"urlTemplate\":\"https:\\\/\\\/teknologiateollisuus.fi\\\/healthtech\\\/?s={search_term_string}\"},\"query-input\":{\"@type\":\"PropertyValueSpecification\",\"valueRequired\":true,\"valueName\":\"search_term_string\"}}],\"inLanguage\":\"fi\"}]}<\/script>\n<!-- \/ Yoast SEO Premium plugin. -->","yoast_head_json":{"title":"Member pages - Terveysteknologia","robots":{"index":"index","follow":"follow","max-snippet":"max-snippet:-1","max-image-preview":"max-image-preview:large","max-video-preview":"max-video-preview:-1"},"canonical":"https:\/\/teknologiateollisuus.fi\/healthtech\/en\/association\/member-services-and-working-groups\/member-pages\/","og_locale":"fi_FI","og_type":"article","og_title":"Member pages","og_description":"Enjoy the best benefits, opportunities and networks! Login requires that the email address has been saved in our membership register and has been granted the right to log in.&nbsp; https:\/\/teknologiateollisuus.sharepoint.com\/sites\/HealthtechFi-jsensivut You can log in to the membership site with your own email address. Join as a member now!","og_url":"https:\/\/teknologiateollisuus.fi\/healthtech\/en\/association\/member-services-and-working-groups\/member-pages\/","og_site_name":"Terveysteknologia","article_modified_time":"2024-09-18T14:31:49+00:00","twitter_card":"summary_large_image","twitter_misc":{"Arvioitu lukuaika":"1 minuutti"},"schema":{"@context":"https:\/\/schema.org","@graph":[{"@type":"WebPage","@id":"https:\/\/teknologiateollisuus.fi\/healthtech\/en\/association\/member-services-and-working-groups\/member-pages\/","url":"https:\/\/teknologiateollisuus.fi\/healthtech\/en\/association\/member-services-and-working-groups\/member-pages\/","name":"Member pages - Terveysteknologia","isPartOf":{"@id":"https:\/\/teknologiateollisuus.fi\/healthtech\/#website"},"datePublished":"2024-07-11T12:16:11+00:00","dateModified":"2024-09-18T14:31:49+00:00","breadcrumb":{"@id":"https:\/\/teknologiateollisuus.fi\/healthtech\/en\/association\/member-services-and-working-groups\/member-pages\/#breadcrumb"},"inLanguage":"fi","potentialAction":[{"@type":"ReadAction","target":["https:\/\/teknologiateollisuus.fi\/healthtech\/en\/association\/member-services-and-working-groups\/member-pages\/"]}]},{"@type":"BreadcrumbList","@id":"https:\/\/teknologiateollisuus.fi\/healthtech\/en\/association\/member-services-and-working-groups\/member-pages\/#breadcrumb","itemListElement":[{"@type":"ListItem","position":1,"name":"Etusivu","item":"https:\/\/teknologiateollisuus.fi\/healthtech\/"},{"@type":"ListItem","position":2,"name":"Association","item":"https:\/\/teknologiateollisuus.fi\/healthtech\/en\/association\/"},{"@type":"ListItem","position":3,"name":"Member services and working groups","item":"https:\/\/teknologiateollisuus.fi\/healthtech\/en\/association\/member-services-and-working-groups\/"},{"@type":"ListItem","position":4,"name":"Member pages"}]},{"@type":"WebSite","@id":"https:\/\/teknologiateollisuus.fi\/healthtech\/#website","url":"https:\/\/teknologiateollisuus.fi\/healthtech\/","name":"Terveysteknologia","description":"","potentialAction":[{"@type":"SearchAction","target":{"@type":"EntryPoint","urlTemplate":"https:\/\/teknologiateollisuus.fi\/healthtech\/?s={search_term_string}"},"query-input":{"@type":"PropertyValueSpecification","valueRequired":true,"valueName":"search_term_string"}}],"inLanguage":"fi"}]}},"lang":"en","translations":{"en":2146,"fi":550},"pll_sync_post":[],"_links":{"self":[{"href":"https:\/\/teknologiateollisuus.fi\/healthtech\/wp-json\/wp\/v2\/pages\/2146","targetHints":{"allow":["GET"]}}],"collection":[{"href":"https:\/\/teknologiateollisuus.fi\/healthtech\/wp-json\/wp\/v2\/pages"}],"about":[{"href":"https:\/\/teknologiateollisuus.fi\/healthtech\/wp-json\/wp\/v2\/types\/page"}],"author":[{"embeddable":true,"href":"https:\/\/teknologiateollisuus.fi\/healthtech\/wp-json\/wp\/v2\/users\/16"}],"replies":[{"embeddable":true,"href":"https:\/\/teknologiateollisuus.fi\/healthtech\/wp-json\/wp\/v2\/comments?post=2146"}],"version-history":[{"count":2,"href":"https:\/\/teknologiateollisuus.fi\/healthtech\/wp-json\/wp\/v2\/pages\/2146\/revisions"}],"predecessor-version":[{"id":3116,"href":"https:\/\/teknologiateollisuus.fi\/healthtech\/wp-json\/wp\/v2\/pages\/2146\/revisions\/3116"}],"up":[{"embeddable":true,"href":"https:\/\/teknologiateollisuus.fi\/healthtech\/wp-json\/wp\/v2\/pages\/2185"}],"wp:attachment":[{"href":"https:\/\/teknologiateollisuus.fi\/healthtech\/wp-json\/wp\/v2\/media?parent=2146"}],"curies":[{"name":"wp","href":"https:\/\/api.w.org\/{rel}","templated":true}]}}