{"id":2174,"date":"2024-08-15T12:01:51","date_gmt":"2024-08-15T09:01:51","guid":{"rendered":"https:\/\/teknologiateollisuus.fi\/healthtech\/?page_id=2174"},"modified":"2024-09-19T16:11:35","modified_gmt":"2024-09-19T13:11:35","slug":"healthtech-industry-in-finland","status":"publish","type":"page","link":"https:\/\/teknologiateollisuus.fi\/healthtech\/en\/healthtech-industry-in-finland\/","title":{"rendered":"Healthtech industry in Finland"},"content":{"rendered":"\n<div class=\"em-block-hero hero-has-background-color has-background has-tangerine-background-color has-image media-position-right \">\n\t<div class=\"em-block-hero__container\">\n\t\t<div class=\"em-block-hero__content\">\n\t\t\t<div class=\"yoast-breadcrumbs\"><span><span><a href=\"https:\/\/teknologiateollisuus.fi\/healthtech\/\">Etusivu<\/a><\/span> <span class=\"separator\"><\/span> <span class=\"breadcrumb_last\" aria-current=\"page\">Healthtech industry in Finland<\/span><\/span><\/div>\t\t\t\n<h1 class=\"wp-block-heading\" id=\"healthtech-industry-in-finland\">Healthtech industry in Finland<\/h1>\n\n<p><\/p>\n\t\t\t<div class=\"em-block-hero__modified-date\"> P\u00e4ivitetty 19.09.2024 klo 16:11<\/div>\t\t<\/div>\n\t\t\t\t\t<figure class=\"em-block-hero__image\">\n\t\t\t\t<img loading=\"lazy\" decoding=\"async\" width=\"2560\" height=\"1440\" src=\"https:\/\/teknologiateollisuus.fi\/healthtech\/wp-content\/uploads\/sites\/8\/2024\/06\/Kuvituskuva-laboratorio-tiimi-scaled.jpg\" class=\"attachment-hero size-hero\" alt=\"Kuvituskuva laboratorio tiimi\" srcset=\"https:\/\/teknologiateollisuus.fi\/healthtech\/wp-content\/uploads\/sites\/8\/2024\/06\/Kuvituskuva-laboratorio-tiimi-scaled.jpg 2560w, https:\/\/teknologiateollisuus.fi\/healthtech\/wp-content\/uploads\/sites\/8\/2024\/06\/Kuvituskuva-laboratorio-tiimi-400x225.jpg 400w, https:\/\/teknologiateollisuus.fi\/healthtech\/wp-content\/uploads\/sites\/8\/2024\/06\/Kuvituskuva-laboratorio-tiimi-968x545.jpg 968w, https:\/\/teknologiateollisuus.fi\/healthtech\/wp-content\/uploads\/sites\/8\/2024\/06\/Kuvituskuva-laboratorio-tiimi-768x432.jpg 768w, https:\/\/teknologiateollisuus.fi\/healthtech\/wp-content\/uploads\/sites\/8\/2024\/06\/Kuvituskuva-laboratorio-tiimi-1536x864.jpg 1536w, https:\/\/teknologiateollisuus.fi\/healthtech\/wp-content\/uploads\/sites\/8\/2024\/06\/Kuvituskuva-laboratorio-tiimi-2048x1152.jpg 2048w, https:\/\/teknologiateollisuus.fi\/healthtech\/wp-content\/uploads\/sites\/8\/2024\/06\/Kuvituskuva-laboratorio-tiimi-1300x731.jpg 1300w, https:\/\/teknologiateollisuus.fi\/healthtech\/wp-content\/uploads\/sites\/8\/2024\/06\/Kuvituskuva-laboratorio-tiimi-1440x810.jpg 1440w\" sizes=\"auto, (max-width: 2560px) 100vw, 2560px\" \/>\t\t\t<\/figure>\n\t\t\t<\/div>\n<\/div>\n\n\n\n<div class=\"wp-block-scb-columns scb-columns  has-mobile-behavior--stacked\">\n<div class=\"wp-block-scb-column scb-column\">\n<p>There is no official definition or single or universal industry classification in the health technology sector in Finland. Different organizations may have slightly different views on the industry depending on their own role or angle of entry into the topic. <\/p>\n\n\n\n<p>In the health technology sector there is startup and growth companies, large companies, Finnish subsidiaries of international companies and healthcare service providers such as medical centres. These operators both manufacture, distribute and import medical and IVD devices as well as software and\/or provide a variety of services (such as certification, auditing, consulting and training) to other companies in the industry. <\/p>\n\n\n\n<p>Health technology is usually separated from welfare technology and the main reason for this is EU device regulation: (EU) 2017\/745 (MD Regulation) and (EU) 2017\/746 (IVD Regulation) which cover products with a medical purpose. Such products include medical devices, IVD devices and medical software. The medical purpose refers to prevention, diagnosis, treatment and monitoring of diseases. Health technology excludes for example products whose use is not related to medicine, but for measuring and monitoring human well-being.<\/p>\n<\/div>\n\n\n\n<div class=\"wp-block-scb-column scb-column\">\n<div class=\"wp-block-buttons is-content-justification-left is-layout-flex wp-container-core-buttons-is-layout-497c4cc1 wp-block-buttons-is-layout-flex\">\n<div class=\"wp-block-button icon-right\"><a class=\"wp-block-button__link wp-element-button\" href=\"https:\/\/eur-lex.europa.eu\/legal-content\/EN\/TXT\/HTML\/?uri=CELEX:32017R0745\" target=\"_blank\" rel=\"noreferrer noopener\"><kbd>Link to the MD regulation <\/kbd><\/a><\/div>\n<\/div>\n\n\n\n<div class=\"wp-block-buttons is-layout-flex wp-block-buttons-is-layout-flex\">\n<div class=\"wp-block-button icon-right\"><a class=\"wp-block-button__link wp-element-button\" href=\"https:\/\/eur-lex.europa.eu\/legal-content\/EN\/TXT\/HTML\/?uri=CELEX:02017R0746-20220128\" target=\"_blank\" rel=\"noreferrer noopener\"><kbd>Link to the IVD regulation<\/kbd><\/a><\/div>\n<\/div>\n<\/div>\n<\/div>\n\n\n\n<hr class=\"wp-block-separator has-alpha-channel-opacity\" \/>\n\n\n\n<div class=\"wp-block-scb-columns scb-columns  has-mobile-behavior--stacked\">\n<div class=\"wp-block-scb-column scb-column\">\n<h2 class=\"wp-block-heading\" id=\"medical-devices\">Medical Devices<\/h2>\n\n\n\n<p>The field of health technology includes, in principle, various medical devices intended by their manufacturer to be used in humans for medical purposes.&nbsp;Medical devices include:<\/p>\n\n\n\n<ul class=\"wp-block-list\">\n<li>non-invasive devices that are not carried inside the body (e.g. walking sticks and wheelchairs)<\/li>\n\n\n\n<li>Invasive devices which are completely or partially introduced into the body (e.g. contact lenses, examination gloves, enemas)<\/li>\n\n\n\n<li>Surgical invasive devices that are introduced into the body by or in connection with a surgical procedure (e.g. scalpels, catheters and needles)<\/li>\n\n\n\n<li>Active devices based on an external source of energy (e.g., ultrasound, X-ray and software)<\/li>\n<\/ul>\n\n\n\n<p>Implantable devices that are inserted into the human body to be left in place (e.g. orthopedic implants, intraocular lenses and breast implants).<\/p>\n<\/div>\n\n\n\n<div class=\"wp-block-scb-column scb-column\">\n<figure class=\"wp-block-image size-large\"><img loading=\"lazy\" decoding=\"async\" width=\"968\" height=\"454\" src=\"https:\/\/teknologiateollisuus.fi\/healthtech\/wp-content\/uploads\/sites\/8\/2024\/06\/Teknologia-shutterstock_14-968x454.jpg\" alt=\"Kuvituskuva r\u00f6ntgen l\u00e4\u00e4k\u00e4ri suojalasit maski\" class=\"wp-image-30\" srcset=\"https:\/\/teknologiateollisuus.fi\/healthtech\/wp-content\/uploads\/sites\/8\/2024\/06\/Teknologia-shutterstock_14-968x454.jpg 968w, https:\/\/teknologiateollisuus.fi\/healthtech\/wp-content\/uploads\/sites\/8\/2024\/06\/Teknologia-shutterstock_14-400x188.jpg 400w, https:\/\/teknologiateollisuus.fi\/healthtech\/wp-content\/uploads\/sites\/8\/2024\/06\/Teknologia-shutterstock_14-768x360.jpg 768w, https:\/\/teknologiateollisuus.fi\/healthtech\/wp-content\/uploads\/sites\/8\/2024\/06\/Teknologia-shutterstock_14-1536x720.jpg 1536w, https:\/\/teknologiateollisuus.fi\/healthtech\/wp-content\/uploads\/sites\/8\/2024\/06\/Teknologia-shutterstock_14-2048x960.jpg 2048w, https:\/\/teknologiateollisuus.fi\/healthtech\/wp-content\/uploads\/sites\/8\/2024\/06\/Teknologia-shutterstock_14-1300x609.jpg 1300w, https:\/\/teknologiateollisuus.fi\/healthtech\/wp-content\/uploads\/sites\/8\/2024\/06\/Teknologia-shutterstock_14-1440x675.jpg 1440w\" sizes=\"auto, (max-width: 968px) 100vw, 968px\" \/><\/figure>\n<\/div>\n<\/div>\n\n\n\n<hr class=\"wp-block-separator has-alpha-channel-opacity\" \/>\n\n\n\n<div class=\"wp-block-scb-columns scb-columns  has-mobile-behavior--stacked\">\n<div class=\"wp-block-scb-column scb-column\">\n<h2 class=\"wp-block-heading\" id=\"ivd-devices\">IVD devices<\/h2>\n\n\n\n<p>In vitro diagnostic devices (IVDs) are also part of the health technology industry.&nbsp;IVD device shall refer to a medical device intended by the manufacturer for use in studies outside the human body (in vitro) with human biological samples (blood, saliva, urine, faeces, tissue or exhale) for specified medical uses.<\/p>\n\n\n\n<p>In practice, therefore, the IVD device is used to produce medical data by analyzing either new prospective samples to be taken in the future or old retrospective samples in storage.<\/p>\n\n\n\n<p><strong>The information generated by the IVD device can be used, for example:<\/strong><\/p>\n\n\n\n<ul class=\"wp-block-list\">\n<li>Anticipation (e.g. susceptibility to disease, prediction of response or reaction)<\/li>\n\n\n\n<li>prevention (e.g. determination of the safety and compatibility of treatment)<\/li>\n\n\n\n<li>for diagnosis (e.g. physiological or pathological function or condition, congenital physical disability or intellectual developmental disability)<\/li>\n\n\n\n<li>treatment (e.g. determining a treatment intervention)<\/li>\n\n\n\n<li>monitoring (e.g. observation of the condition being studied).<\/li>\n<\/ul>\n\n\n\n<p>IVD devices themselves are not invasive and the sample is not taken by an IVD device, but by a medical device.&nbsp;Thus, the risk posed to the patient by the IVD device is only indirectly and more directly related to the device, for example, the actual sampling process and the treatment decision based on the result.<\/p>\n\n\n\n<p>IVD devices include consumer pregnancy tests, blood glucose meters, clinical laboratory tests, HIV tests, blood group assays, and tests for cancer screening.<\/p>\n\n\n\n<p>It is essential that medical devices and IVDs are products that are regulated by EU device regulation.&nbsp;EU regulations specify, among other things, the definition of medical use, which is crucial when assessing whether a particular technology is subject to regulation or not.<\/p>\n\n\n\n<p>It does not matter, for example, whether the device is used by a healthcare professional or by a patient or consumer.&nbsp;For example, imaging and X-ray equipment used by healthcare professionals and pacemakers and insulin pumps used by patients are both regulated medical devices.<\/p>\n<\/div>\n\n\n\n<div class=\"wp-block-scb-column scb-column\">\n<figure class=\"wp-block-image size-large is-resized\"><img loading=\"lazy\" decoding=\"async\" width=\"968\" height=\"646\" src=\"https:\/\/teknologiateollisuus.fi\/healthtech\/wp-content\/uploads\/sites\/8\/2024\/06\/Kuvituskuva-laboratorio-kasi-nayte-968x646.jpg\" alt=\"Kuvituskuva laboratorio k\u00e4si n\u00e4yte\" class=\"wp-image-221\" style=\"width:741px;height:auto\" srcset=\"https:\/\/teknologiateollisuus.fi\/healthtech\/wp-content\/uploads\/sites\/8\/2024\/06\/Kuvituskuva-laboratorio-kasi-nayte-968x646.jpg 968w, https:\/\/teknologiateollisuus.fi\/healthtech\/wp-content\/uploads\/sites\/8\/2024\/06\/Kuvituskuva-laboratorio-kasi-nayte-400x267.jpg 400w, https:\/\/teknologiateollisuus.fi\/healthtech\/wp-content\/uploads\/sites\/8\/2024\/06\/Kuvituskuva-laboratorio-kasi-nayte-768x513.jpg 768w, https:\/\/teknologiateollisuus.fi\/healthtech\/wp-content\/uploads\/sites\/8\/2024\/06\/Kuvituskuva-laboratorio-kasi-nayte-1536x1026.jpg 1536w, https:\/\/teknologiateollisuus.fi\/healthtech\/wp-content\/uploads\/sites\/8\/2024\/06\/Kuvituskuva-laboratorio-kasi-nayte-1300x868.jpg 1300w, https:\/\/teknologiateollisuus.fi\/healthtech\/wp-content\/uploads\/sites\/8\/2024\/06\/Kuvituskuva-laboratorio-kasi-nayte-1440x962.jpg 1440w, https:\/\/teknologiateollisuus.fi\/healthtech\/wp-content\/uploads\/sites\/8\/2024\/06\/Kuvituskuva-laboratorio-kasi-nayte.jpg 1920w\" sizes=\"auto, (max-width: 968px) 100vw, 968px\" \/><\/figure>\n\n\n\n<p><strong>Examples of non-medical devices:<\/strong><\/p>\n\n\n\n<ul class=\"wp-block-list\">\n<li>Hygiene products (e.g. sanitary napkins)<\/li>\n\n\n\n<li>Colored contact lenses (without contact lens prescription)<\/li>\n\n\n\n<li>Heart rate monitors that are only used to monitor one&#8217;s condition<\/li>\n\n\n\n<li>Gene tests for genealogy<\/li>\n\n\n\n<li>Body shape-forming implants (e.g. horn implants) and fillers<\/li>\n\n\n\n<li>Hand sanitizers<\/li>\n\n\n\n<li>Devices for general laboratory or research use only<\/li>\n<\/ul>\n<\/div>\n<\/div>\n\n\n\n<hr class=\"wp-block-separator has-alpha-channel-opacity\" \/>\n\n\n\n<div class=\"wp-block-scb-columns scb-columns  has-mobile-behavior--stacked\">\n<div class=\"wp-block-scb-column scb-column\">\n<h2 class=\"wp-block-heading\" id=\"digital-health-solutions\">Digital health solutions<\/h2>\n\n\n\n<p><strong>The health technology sector also includes various digital health solutions, including:<\/strong><\/p>\n\n\n\n<ul class=\"wp-block-list\">\n<li>mobile devices and mHealth applications (e.g. smartphones, tablets and other wireless devices)<\/li>\n\n\n\n<li>Wearable devices (e.g. smartwatches, rings and other electronic devices for the human body)<\/li>\n\n\n\n<li>electronic patient records<\/li>\n\n\n\n<li>Remote technologies (including symptom questionnaires, remote appointments, patient portals, text messages, phone calls, video guidance, and other remote services).<\/li>\n<\/ul>\n\n\n\n<p>Digital solutions can improve both access to care and the quality and safety of healthcare products and services.&nbsp;The solutions serve healthcare decision-makers, professionals, and patients and healthy people.<\/p>\n\n\n\n<p>The most of the modern digital health technologies utilize data, artificial intelligence, sensors, software, cloud services, computing power, high memory capacity, advanced infrastructure, and often open source operating systems.<\/p>\n\n\n\n<p>Digital solutions are not regulated by any single law or regulation; instead, the standard framework is made up of several different regulatory instruments.&nbsp;Some digital solutions may be medical devices for medical purposes, while others may be wellness technologies.<\/p>\n<\/div>\n\n\n\n<div class=\"wp-block-scb-column scb-column\">\n<figure class=\"wp-block-image size-full\"><img loading=\"lazy\" decoding=\"async\" width=\"597\" height=\"350\" src=\"https:\/\/teknologiateollisuus.fi\/healthtech\/wp-content\/uploads\/sites\/8\/2024\/07\/Kuvituskuva-tabletti-kasi.jpg\" alt=\"Kuvituskuva tabletti k\u00e4si\" class=\"wp-image-975\" srcset=\"https:\/\/teknologiateollisuus.fi\/healthtech\/wp-content\/uploads\/sites\/8\/2024\/07\/Kuvituskuva-tabletti-kasi.jpg 597w, https:\/\/teknologiateollisuus.fi\/healthtech\/wp-content\/uploads\/sites\/8\/2024\/07\/Kuvituskuva-tabletti-kasi-400x235.jpg 400w\" sizes=\"auto, (max-width: 597px) 100vw, 597px\" \/><\/figure>\n<\/div>\n<\/div>\n\n\n\n<hr class=\"wp-block-separator has-alpha-channel-opacity\" \/>\n\n\n\n<div class=\"wp-block-scb-columns scb-columns  has-mobile-behavior--stacked\">\n<div class=\"wp-block-scb-column scb-column\">\n<h2 class=\"wp-block-heading\" id=\"well-being-technology\">Well-being technology<\/h2>\n\n\n\n<p>If a health-related product is mainly used in the consumer market and the manufacturer has not specified a medical purpose for the product, it is mostly well-being technology rather than health technology.<\/p>\n\n\n\n<p>For example, software that often measures and registers exercise performance, smoking, nutrition, or sleep are typically not medical devices if their focus is on collecting long-term monitoring data to support lifestyle choices.<\/p>\n<\/div>\n\n\n\n<div class=\"wp-block-scb-column scb-column\">\n<figure class=\"wp-block-image size-full\"><img loading=\"lazy\" decoding=\"async\" width=\"524\" height=\"350\" src=\"https:\/\/teknologiateollisuus.fi\/healthtech\/wp-content\/uploads\/sites\/8\/2024\/07\/Kuvituskuva-pyorailijat.jpg\" alt=\"Kuvituskuva py\u00f6r\u00e4ilij\u00e4t\" class=\"wp-image-1570\" srcset=\"https:\/\/teknologiateollisuus.fi\/healthtech\/wp-content\/uploads\/sites\/8\/2024\/07\/Kuvituskuva-pyorailijat.jpg 524w, https:\/\/teknologiateollisuus.fi\/healthtech\/wp-content\/uploads\/sites\/8\/2024\/07\/Kuvituskuva-pyorailijat-400x267.jpg 400w\" sizes=\"auto, (max-width: 524px) 100vw, 524px\" \/><\/figure>\n<\/div>\n<\/div>\n\n\n\n<h2 class=\"wp-block-heading\"><\/h2>\n\n\n\n<p><\/p>\n","protected":false},"excerpt":{"rendered":"","protected":false},"author":16,"featured_media":0,"parent":0,"menu_order":3,"comment_status":"closed","ping_status":"closed","template":"","meta":{"_acf_changed":false,"_relevanssi_hide_post":"","_relevanssi_hide_content":"","_relevanssi_pin_for_all":"","_relevanssi_pin_keywords":"","_relevanssi_unpin_keywords":"","_relevanssi_related_keywords":"","_relevanssi_related_include_ids":"","_relevanssi_related_exclude_ids":"","_relevanssi_related_no_append":"","_relevanssi_related_not_related":"","_relevanssi_related_posts":"1139,1286,1422,1222,1394,930","_relevanssi_noindex_reason":"","inline_featured_image":false,"footnotes":""},"class_list":["post-2174","page","type-page","status-publish","hentry"],"acf":[],"yoast_head":"<!-- This site is optimized with the Yoast SEO Premium plugin v27.1 (Yoast SEO v27.3) - https:\/\/yoast.com\/product\/yoast-seo-premium-wordpress\/ -->\n<title>Healthtech industry in Finland - Terveysteknologia<\/title>\n<meta name=\"description\" content=\"Terveysteknologia on voimakkaasti kasvava tulevaisuuden ala, jonka merkitys lis\u00e4\u00e4ntyy suomalaisten ik\u00e4\u00e4ntyess\u00e4 ja syntyvyyden laskiessa. Teknologiaratkaisut tarjoavat parempaa hoitoa potilaille, apua ammattilaisille, tuottavuutta terveydenhuollolle ja hyvinvointia Suomelle\" \/>\n<meta name=\"robots\" content=\"index, follow, max-snippet:-1, max-image-preview:large, max-video-preview:-1\" \/>\n<link rel=\"canonical\" href=\"https:\/\/teknologiateollisuus.fi\/healthtech\/en\/healthtech-industry-in-finland\/\" \/>\n<meta property=\"og:locale\" content=\"fi_FI\" \/>\n<meta property=\"og:type\" content=\"article\" \/>\n<meta property=\"og:title\" content=\"Healthtech industry in Finland\" \/>\n<meta property=\"og:description\" content=\"Terveysteknologia on voimakkaasti kasvava tulevaisuuden ala, jonka merkitys lis\u00e4\u00e4ntyy suomalaisten ik\u00e4\u00e4ntyess\u00e4 ja syntyvyyden laskiessa. Teknologiaratkaisut tarjoavat parempaa hoitoa potilaille, apua ammattilaisille, tuottavuutta terveydenhuollolle ja hyvinvointia Suomelle\" \/>\n<meta property=\"og:url\" content=\"https:\/\/teknologiateollisuus.fi\/healthtech\/en\/healthtech-industry-in-finland\/\" \/>\n<meta property=\"og:site_name\" content=\"Terveysteknologia\" \/>\n<meta property=\"article:modified_time\" content=\"2024-09-19T13:11:35+00:00\" \/>\n<meta property=\"og:image\" content=\"https:\/\/teknologiateollisuus.fi\/healthtech\/wp-content\/uploads\/sites\/8\/2024\/06\/Teknologia-shutterstock_14-968x454.jpg\" \/>\n<meta name=\"twitter:card\" content=\"summary_large_image\" \/>\n<meta name=\"twitter:label1\" content=\"Arvioitu lukuaika\" \/>\n\t<meta name=\"twitter:data1\" content=\"7 minuuttia\" \/>\n<script type=\"application\/ld+json\" class=\"yoast-schema-graph\">{\"@context\":\"https:\\\/\\\/schema.org\",\"@graph\":[{\"@type\":\"WebPage\",\"@id\":\"https:\\\/\\\/teknologiateollisuus.fi\\\/healthtech\\\/en\\\/healthtech-industry-in-finland\\\/\",\"url\":\"https:\\\/\\\/teknologiateollisuus.fi\\\/healthtech\\\/en\\\/healthtech-industry-in-finland\\\/\",\"name\":\"Healthtech industry in Finland - Terveysteknologia\",\"isPartOf\":{\"@id\":\"https:\\\/\\\/teknologiateollisuus.fi\\\/healthtech\\\/#website\"},\"primaryImageOfPage\":{\"@id\":\"https:\\\/\\\/teknologiateollisuus.fi\\\/healthtech\\\/en\\\/healthtech-industry-in-finland\\\/#primaryimage\"},\"image\":{\"@id\":\"https:\\\/\\\/teknologiateollisuus.fi\\\/healthtech\\\/en\\\/healthtech-industry-in-finland\\\/#primaryimage\"},\"thumbnailUrl\":\"https:\\\/\\\/teknologiateollisuus.fi\\\/healthtech\\\/wp-content\\\/uploads\\\/sites\\\/8\\\/2024\\\/06\\\/Teknologia-shutterstock_14-968x454.jpg\",\"datePublished\":\"2024-08-15T09:01:51+00:00\",\"dateModified\":\"2024-09-19T13:11:35+00:00\",\"description\":\"Terveysteknologia on voimakkaasti kasvava tulevaisuuden ala, jonka merkitys lis\u00e4\u00e4ntyy suomalaisten ik\u00e4\u00e4ntyess\u00e4 ja syntyvyyden laskiessa. Teknologiaratkaisut tarjoavat parempaa hoitoa potilaille, apua ammattilaisille, tuottavuutta terveydenhuollolle ja hyvinvointia Suomelle\",\"breadcrumb\":{\"@id\":\"https:\\\/\\\/teknologiateollisuus.fi\\\/healthtech\\\/en\\\/healthtech-industry-in-finland\\\/#breadcrumb\"},\"inLanguage\":\"fi\",\"potentialAction\":[{\"@type\":\"ReadAction\",\"target\":[\"https:\\\/\\\/teknologiateollisuus.fi\\\/healthtech\\\/en\\\/healthtech-industry-in-finland\\\/\"]}]},{\"@type\":\"ImageObject\",\"inLanguage\":\"fi\",\"@id\":\"https:\\\/\\\/teknologiateollisuus.fi\\\/healthtech\\\/en\\\/healthtech-industry-in-finland\\\/#primaryimage\",\"url\":\"https:\\\/\\\/teknologiateollisuus.fi\\\/healthtech\\\/wp-content\\\/uploads\\\/sites\\\/8\\\/2024\\\/06\\\/Teknologia-shutterstock_14-scaled.jpg\",\"contentUrl\":\"https:\\\/\\\/teknologiateollisuus.fi\\\/healthtech\\\/wp-content\\\/uploads\\\/sites\\\/8\\\/2024\\\/06\\\/Teknologia-shutterstock_14-scaled.jpg\",\"width\":2560,\"height\":1200,\"caption\":\"Kuvituskuva r\u00f6ntgen l\u00e4\u00e4k\u00e4ri suojalasit maski\"},{\"@type\":\"BreadcrumbList\",\"@id\":\"https:\\\/\\\/teknologiateollisuus.fi\\\/healthtech\\\/en\\\/healthtech-industry-in-finland\\\/#breadcrumb\",\"itemListElement\":[{\"@type\":\"ListItem\",\"position\":1,\"name\":\"Etusivu\",\"item\":\"https:\\\/\\\/teknologiateollisuus.fi\\\/healthtech\\\/\"},{\"@type\":\"ListItem\",\"position\":2,\"name\":\"Healthtech industry in Finland\"}]},{\"@type\":\"WebSite\",\"@id\":\"https:\\\/\\\/teknologiateollisuus.fi\\\/healthtech\\\/#website\",\"url\":\"https:\\\/\\\/teknologiateollisuus.fi\\\/healthtech\\\/\",\"name\":\"Terveysteknologia\",\"description\":\"\",\"potentialAction\":[{\"@type\":\"SearchAction\",\"target\":{\"@type\":\"EntryPoint\",\"urlTemplate\":\"https:\\\/\\\/teknologiateollisuus.fi\\\/healthtech\\\/?s={search_term_string}\"},\"query-input\":{\"@type\":\"PropertyValueSpecification\",\"valueRequired\":true,\"valueName\":\"search_term_string\"}}],\"inLanguage\":\"fi\"}]}<\/script>\n<!-- \/ Yoast SEO Premium plugin. -->","yoast_head_json":{"title":"Healthtech industry in Finland - Terveysteknologia","description":"Terveysteknologia on voimakkaasti kasvava tulevaisuuden ala, jonka merkitys lis\u00e4\u00e4ntyy suomalaisten ik\u00e4\u00e4ntyess\u00e4 ja syntyvyyden laskiessa. Teknologiaratkaisut tarjoavat parempaa hoitoa potilaille, apua ammattilaisille, tuottavuutta terveydenhuollolle ja hyvinvointia Suomelle","robots":{"index":"index","follow":"follow","max-snippet":"max-snippet:-1","max-image-preview":"max-image-preview:large","max-video-preview":"max-video-preview:-1"},"canonical":"https:\/\/teknologiateollisuus.fi\/healthtech\/en\/healthtech-industry-in-finland\/","og_locale":"fi_FI","og_type":"article","og_title":"Healthtech industry in Finland","og_description":"Terveysteknologia on voimakkaasti kasvava tulevaisuuden ala, jonka merkitys lis\u00e4\u00e4ntyy suomalaisten ik\u00e4\u00e4ntyess\u00e4 ja syntyvyyden laskiessa. Teknologiaratkaisut tarjoavat parempaa hoitoa potilaille, apua ammattilaisille, tuottavuutta terveydenhuollolle ja hyvinvointia Suomelle","og_url":"https:\/\/teknologiateollisuus.fi\/healthtech\/en\/healthtech-industry-in-finland\/","og_site_name":"Terveysteknologia","article_modified_time":"2024-09-19T13:11:35+00:00","og_image":[{"url":"https:\/\/teknologiateollisuus.fi\/healthtech\/wp-content\/uploads\/sites\/8\/2024\/06\/Teknologia-shutterstock_14-968x454.jpg","type":"","width":"","height":""}],"twitter_card":"summary_large_image","twitter_misc":{"Arvioitu lukuaika":"7 minuuttia"},"schema":{"@context":"https:\/\/schema.org","@graph":[{"@type":"WebPage","@id":"https:\/\/teknologiateollisuus.fi\/healthtech\/en\/healthtech-industry-in-finland\/","url":"https:\/\/teknologiateollisuus.fi\/healthtech\/en\/healthtech-industry-in-finland\/","name":"Healthtech industry in Finland - Terveysteknologia","isPartOf":{"@id":"https:\/\/teknologiateollisuus.fi\/healthtech\/#website"},"primaryImageOfPage":{"@id":"https:\/\/teknologiateollisuus.fi\/healthtech\/en\/healthtech-industry-in-finland\/#primaryimage"},"image":{"@id":"https:\/\/teknologiateollisuus.fi\/healthtech\/en\/healthtech-industry-in-finland\/#primaryimage"},"thumbnailUrl":"https:\/\/teknologiateollisuus.fi\/healthtech\/wp-content\/uploads\/sites\/8\/2024\/06\/Teknologia-shutterstock_14-968x454.jpg","datePublished":"2024-08-15T09:01:51+00:00","dateModified":"2024-09-19T13:11:35+00:00","description":"Terveysteknologia on voimakkaasti kasvava tulevaisuuden ala, jonka merkitys lis\u00e4\u00e4ntyy suomalaisten ik\u00e4\u00e4ntyess\u00e4 ja syntyvyyden laskiessa. Teknologiaratkaisut tarjoavat parempaa hoitoa potilaille, apua ammattilaisille, tuottavuutta terveydenhuollolle ja hyvinvointia Suomelle","breadcrumb":{"@id":"https:\/\/teknologiateollisuus.fi\/healthtech\/en\/healthtech-industry-in-finland\/#breadcrumb"},"inLanguage":"fi","potentialAction":[{"@type":"ReadAction","target":["https:\/\/teknologiateollisuus.fi\/healthtech\/en\/healthtech-industry-in-finland\/"]}]},{"@type":"ImageObject","inLanguage":"fi","@id":"https:\/\/teknologiateollisuus.fi\/healthtech\/en\/healthtech-industry-in-finland\/#primaryimage","url":"https:\/\/teknologiateollisuus.fi\/healthtech\/wp-content\/uploads\/sites\/8\/2024\/06\/Teknologia-shutterstock_14-scaled.jpg","contentUrl":"https:\/\/teknologiateollisuus.fi\/healthtech\/wp-content\/uploads\/sites\/8\/2024\/06\/Teknologia-shutterstock_14-scaled.jpg","width":2560,"height":1200,"caption":"Kuvituskuva r\u00f6ntgen l\u00e4\u00e4k\u00e4ri suojalasit maski"},{"@type":"BreadcrumbList","@id":"https:\/\/teknologiateollisuus.fi\/healthtech\/en\/healthtech-industry-in-finland\/#breadcrumb","itemListElement":[{"@type":"ListItem","position":1,"name":"Etusivu","item":"https:\/\/teknologiateollisuus.fi\/healthtech\/"},{"@type":"ListItem","position":2,"name":"Healthtech industry in Finland"}]},{"@type":"WebSite","@id":"https:\/\/teknologiateollisuus.fi\/healthtech\/#website","url":"https:\/\/teknologiateollisuus.fi\/healthtech\/","name":"Terveysteknologia","description":"","potentialAction":[{"@type":"SearchAction","target":{"@type":"EntryPoint","urlTemplate":"https:\/\/teknologiateollisuus.fi\/healthtech\/?s={search_term_string}"},"query-input":{"@type":"PropertyValueSpecification","valueRequired":true,"valueName":"search_term_string"}}],"inLanguage":"fi"}]}},"lang":"en","translations":{"en":2174,"fi":420},"pll_sync_post":[],"_links":{"self":[{"href":"https:\/\/teknologiateollisuus.fi\/healthtech\/wp-json\/wp\/v2\/pages\/2174","targetHints":{"allow":["GET"]}}],"collection":[{"href":"https:\/\/teknologiateollisuus.fi\/healthtech\/wp-json\/wp\/v2\/pages"}],"about":[{"href":"https:\/\/teknologiateollisuus.fi\/healthtech\/wp-json\/wp\/v2\/types\/page"}],"author":[{"embeddable":true,"href":"https:\/\/teknologiateollisuus.fi\/healthtech\/wp-json\/wp\/v2\/users\/16"}],"replies":[{"embeddable":true,"href":"https:\/\/teknologiateollisuus.fi\/healthtech\/wp-json\/wp\/v2\/comments?post=2174"}],"version-history":[{"count":6,"href":"https:\/\/teknologiateollisuus.fi\/healthtech\/wp-json\/wp\/v2\/pages\/2174\/revisions"}],"predecessor-version":[{"id":3240,"href":"https:\/\/teknologiateollisuus.fi\/healthtech\/wp-json\/wp\/v2\/pages\/2174\/revisions\/3240"}],"wp:attachment":[{"href":"https:\/\/teknologiateollisuus.fi\/healthtech\/wp-json\/wp\/v2\/media?parent=2174"}],"curies":[{"name":"wp","href":"https:\/\/api.w.org\/{rel}","templated":true}]}}