{"id":2180,"date":"2024-08-15T14:10:44","date_gmt":"2024-08-15T11:10:44","guid":{"rendered":"https:\/\/teknologiateollisuus.fi\/healthtech\/?page_id=2180"},"modified":"2024-09-17T16:37:17","modified_gmt":"2024-09-17T13:37:17","slug":"association","status":"publish","type":"page","link":"https:\/\/teknologiateollisuus.fi\/healthtech\/en\/association\/","title":{"rendered":"Association"},"content":{"rendered":"\n<div class=\"em-block-hero hero-has-background-color has-background has-tangerine-background-color has-image media-position-right \">\n\t<div class=\"em-block-hero__container\">\n\t\t<div class=\"em-block-hero__content\">\n\t\t\t<div class=\"yoast-breadcrumbs\"><span><span><a href=\"https:\/\/teknologiateollisuus.fi\/healthtech\/\">Etusivu<\/a><\/span> <span class=\"separator\"><\/span> <span class=\"breadcrumb_last\" aria-current=\"page\">Association<\/span><\/span><\/div>\t\t\t\n<h1 class=\"wp-block-heading\" id=\"healthtech-finland\">Healthtech Finland<\/h1>\n\n<p><\/p>\n\t\t\t<div class=\"em-block-hero__modified-date\"> P\u00e4ivitetty 17.09.2024 klo 16:37<\/div>\t\t<\/div>\n\t\t\t\t\t<figure class=\"em-block-hero__image\">\n\t\t\t\t<img loading=\"lazy\" decoding=\"async\" width=\"2560\" height=\"1708\" src=\"https:\/\/teknologiateollisuus.fi\/healthtech\/wp-content\/uploads\/sites\/8\/2024\/06\/Kuvituskuva-ryhmatyo-kattely-scaled.jpg\" class=\"attachment-hero size-hero\" alt=\"Kuvituskuva ryhm\u00e4ty\u00f6 k\u00e4ttely\" srcset=\"https:\/\/teknologiateollisuus.fi\/healthtech\/wp-content\/uploads\/sites\/8\/2024\/06\/Kuvituskuva-ryhmatyo-kattely-scaled.jpg 2560w, https:\/\/teknologiateollisuus.fi\/healthtech\/wp-content\/uploads\/sites\/8\/2024\/06\/Kuvituskuva-ryhmatyo-kattely-400x267.jpg 400w, https:\/\/teknologiateollisuus.fi\/healthtech\/wp-content\/uploads\/sites\/8\/2024\/06\/Kuvituskuva-ryhmatyo-kattely-968x646.jpg 968w, https:\/\/teknologiateollisuus.fi\/healthtech\/wp-content\/uploads\/sites\/8\/2024\/06\/Kuvituskuva-ryhmatyo-kattely-768x513.jpg 768w, https:\/\/teknologiateollisuus.fi\/healthtech\/wp-content\/uploads\/sites\/8\/2024\/06\/Kuvituskuva-ryhmatyo-kattely-1536x1025.jpg 1536w, https:\/\/teknologiateollisuus.fi\/healthtech\/wp-content\/uploads\/sites\/8\/2024\/06\/Kuvituskuva-ryhmatyo-kattely-2048x1367.jpg 2048w, https:\/\/teknologiateollisuus.fi\/healthtech\/wp-content\/uploads\/sites\/8\/2024\/06\/Kuvituskuva-ryhmatyo-kattely-1300x868.jpg 1300w, https:\/\/teknologiateollisuus.fi\/healthtech\/wp-content\/uploads\/sites\/8\/2024\/06\/Kuvituskuva-ryhmatyo-kattely-1440x961.jpg 1440w\" sizes=\"auto, (max-width: 2560px) 100vw, 2560px\" \/>\t\t\t<\/figure>\n\t\t\t<\/div>\n<\/div>\n\n\n\n<p>Healthtech Finland is a meeting place for Finnish and international health technology companies of different sizes and different stages of development. Healthtech Finland&#8217;s strategy aims to facilitate the growth and internationalization of health technology companies. Healthtech Finland is part of the Technology Industries of Finland, which promotes the competitiveness and operating conditions of Finnish technology companies.<\/p>\n\n\n\n<p>Cooperation between member companies is carried out in\u00a0regulatory working groups\u00a0where information, cooperation ideas and peer support is shared.<\/p>\n\n\n\n<p>Association organizes meetings for the the members that are operating in the field of genomics. The genome industry group is influencing legislation regulating the utilization of genomic information. The goup is open to all members. <\/p>\n\n\n\n<p>The association is a member of the European\u00a0Cocir. Through the Cocir membership association can influence current industry affairs on the EU agenda. Similarly, the association follows the activities of another European organization,\u00a0Digital Europe.<\/p>\n\n\n\n<p>The association aims to achieve a favorable environment more broadly for health technology companies&nbsp;and their solutions. The association carries out influencing in cooperation with its stakeholders. The domestic market is a reference market for companies, which also leads for successful exports.<\/p>\n\n\n\n<p>In addition to working groups, the association organizes webinars and workshops. Member letters are sent weekly. The Spring Meeting is be held in May and the Autumn Meeting in December.<\/p>\n","protected":false},"excerpt":{"rendered":"<p>Healthtech Finland is a meeting place for Finnish and international health technology companies of different sizes and different stages of development. Healthtech Finland&#8217;s strategy aims to facilitate the growth and internationalization of health technology companies. Healthtech Finland is part of the Technology Industries of Finland, which promotes the competitiveness and operating conditions of Finnish technology [&hellip;]<\/p>\n","protected":false},"author":16,"featured_media":0,"parent":0,"menu_order":5,"comment_status":"closed","ping_status":"closed","template":"","meta":{"_acf_changed":false,"_relevanssi_hide_post":"","_relevanssi_hide_content":"","_relevanssi_pin_for_all":"","_relevanssi_pin_keywords":"","_relevanssi_unpin_keywords":"","_relevanssi_related_keywords":"","_relevanssi_related_include_ids":"","_relevanssi_related_exclude_ids":"","_relevanssi_related_no_append":"","_relevanssi_related_not_related":"","_relevanssi_related_posts":"864,925,1435,1498,1113,833","_relevanssi_noindex_reason":"","inline_featured_image":false,"footnotes":""},"class_list":["post-2180","page","type-page","status-publish","hentry"],"acf":[],"yoast_head":"<!-- This site is optimized with the Yoast SEO Premium plugin v27.1 (Yoast SEO v27.3) - https:\/\/yoast.com\/product\/yoast-seo-premium-wordpress\/ -->\n<title>Association - Terveysteknologia<\/title>\n<meta name=\"robots\" content=\"index, follow, max-snippet:-1, max-image-preview:large, max-video-preview:-1\" \/>\n<link rel=\"canonical\" href=\"https:\/\/teknologiateollisuus.fi\/healthtech\/en\/association\/\" \/>\n<meta property=\"og:locale\" content=\"fi_FI\" \/>\n<meta property=\"og:type\" content=\"article\" \/>\n<meta property=\"og:title\" content=\"Association\" \/>\n<meta property=\"og:description\" content=\"Healthtech Finland is a meeting place for Finnish and international health technology companies of different sizes and different stages of development. Healthtech Finland&#8217;s strategy aims to facilitate the growth and internationalization of health technology companies. Healthtech Finland is part of the Technology Industries of Finland, which promotes the competitiveness and operating conditions of Finnish technology [&hellip;]\" \/>\n<meta property=\"og:url\" content=\"https:\/\/teknologiateollisuus.fi\/healthtech\/en\/association\/\" \/>\n<meta property=\"og:site_name\" content=\"Terveysteknologia\" \/>\n<meta property=\"article:modified_time\" content=\"2024-09-17T13:37:17+00:00\" \/>\n<meta name=\"twitter:card\" content=\"summary_large_image\" \/>\n<meta name=\"twitter:label1\" content=\"Arvioitu lukuaika\" \/>\n\t<meta name=\"twitter:data1\" content=\"2 minuuttia\" \/>\n<script type=\"application\/ld+json\" class=\"yoast-schema-graph\">{\"@context\":\"https:\\\/\\\/schema.org\",\"@graph\":[{\"@type\":\"WebPage\",\"@id\":\"https:\\\/\\\/teknologiateollisuus.fi\\\/healthtech\\\/en\\\/association\\\/\",\"url\":\"https:\\\/\\\/teknologiateollisuus.fi\\\/healthtech\\\/en\\\/association\\\/\",\"name\":\"Association - Terveysteknologia\",\"isPartOf\":{\"@id\":\"https:\\\/\\\/teknologiateollisuus.fi\\\/healthtech\\\/#website\"},\"datePublished\":\"2024-08-15T11:10:44+00:00\",\"dateModified\":\"2024-09-17T13:37:17+00:00\",\"breadcrumb\":{\"@id\":\"https:\\\/\\\/teknologiateollisuus.fi\\\/healthtech\\\/en\\\/association\\\/#breadcrumb\"},\"inLanguage\":\"fi\",\"potentialAction\":[{\"@type\":\"ReadAction\",\"target\":[\"https:\\\/\\\/teknologiateollisuus.fi\\\/healthtech\\\/en\\\/association\\\/\"]}]},{\"@type\":\"BreadcrumbList\",\"@id\":\"https:\\\/\\\/teknologiateollisuus.fi\\\/healthtech\\\/en\\\/association\\\/#breadcrumb\",\"itemListElement\":[{\"@type\":\"ListItem\",\"position\":1,\"name\":\"Etusivu\",\"item\":\"https:\\\/\\\/teknologiateollisuus.fi\\\/healthtech\\\/\"},{\"@type\":\"ListItem\",\"position\":2,\"name\":\"Association\"}]},{\"@type\":\"WebSite\",\"@id\":\"https:\\\/\\\/teknologiateollisuus.fi\\\/healthtech\\\/#website\",\"url\":\"https:\\\/\\\/teknologiateollisuus.fi\\\/healthtech\\\/\",\"name\":\"Terveysteknologia\",\"description\":\"\",\"potentialAction\":[{\"@type\":\"SearchAction\",\"target\":{\"@type\":\"EntryPoint\",\"urlTemplate\":\"https:\\\/\\\/teknologiateollisuus.fi\\\/healthtech\\\/?s={search_term_string}\"},\"query-input\":{\"@type\":\"PropertyValueSpecification\",\"valueRequired\":true,\"valueName\":\"search_term_string\"}}],\"inLanguage\":\"fi\"}]}<\/script>\n<!-- \/ Yoast SEO Premium plugin. -->","yoast_head_json":{"title":"Association - Terveysteknologia","robots":{"index":"index","follow":"follow","max-snippet":"max-snippet:-1","max-image-preview":"max-image-preview:large","max-video-preview":"max-video-preview:-1"},"canonical":"https:\/\/teknologiateollisuus.fi\/healthtech\/en\/association\/","og_locale":"fi_FI","og_type":"article","og_title":"Association","og_description":"Healthtech Finland is a meeting place for Finnish and international health technology companies of different sizes and different stages of development. Healthtech Finland&#8217;s strategy aims to facilitate the growth and internationalization of health technology companies. Healthtech Finland is part of the Technology Industries of Finland, which promotes the competitiveness and operating conditions of Finnish technology [&hellip;]","og_url":"https:\/\/teknologiateollisuus.fi\/healthtech\/en\/association\/","og_site_name":"Terveysteknologia","article_modified_time":"2024-09-17T13:37:17+00:00","twitter_card":"summary_large_image","twitter_misc":{"Arvioitu lukuaika":"2 minuuttia"},"schema":{"@context":"https:\/\/schema.org","@graph":[{"@type":"WebPage","@id":"https:\/\/teknologiateollisuus.fi\/healthtech\/en\/association\/","url":"https:\/\/teknologiateollisuus.fi\/healthtech\/en\/association\/","name":"Association - Terveysteknologia","isPartOf":{"@id":"https:\/\/teknologiateollisuus.fi\/healthtech\/#website"},"datePublished":"2024-08-15T11:10:44+00:00","dateModified":"2024-09-17T13:37:17+00:00","breadcrumb":{"@id":"https:\/\/teknologiateollisuus.fi\/healthtech\/en\/association\/#breadcrumb"},"inLanguage":"fi","potentialAction":[{"@type":"ReadAction","target":["https:\/\/teknologiateollisuus.fi\/healthtech\/en\/association\/"]}]},{"@type":"BreadcrumbList","@id":"https:\/\/teknologiateollisuus.fi\/healthtech\/en\/association\/#breadcrumb","itemListElement":[{"@type":"ListItem","position":1,"name":"Etusivu","item":"https:\/\/teknologiateollisuus.fi\/healthtech\/"},{"@type":"ListItem","position":2,"name":"Association"}]},{"@type":"WebSite","@id":"https:\/\/teknologiateollisuus.fi\/healthtech\/#website","url":"https:\/\/teknologiateollisuus.fi\/healthtech\/","name":"Terveysteknologia","description":"","potentialAction":[{"@type":"SearchAction","target":{"@type":"EntryPoint","urlTemplate":"https:\/\/teknologiateollisuus.fi\/healthtech\/?s={search_term_string}"},"query-input":{"@type":"PropertyValueSpecification","valueRequired":true,"valueName":"search_term_string"}}],"inLanguage":"fi"}]}},"lang":"en","translations":{"en":2180,"fi":120},"pll_sync_post":[],"_links":{"self":[{"href":"https:\/\/teknologiateollisuus.fi\/healthtech\/wp-json\/wp\/v2\/pages\/2180","targetHints":{"allow":["GET"]}}],"collection":[{"href":"https:\/\/teknologiateollisuus.fi\/healthtech\/wp-json\/wp\/v2\/pages"}],"about":[{"href":"https:\/\/teknologiateollisuus.fi\/healthtech\/wp-json\/wp\/v2\/types\/page"}],"author":[{"embeddable":true,"href":"https:\/\/teknologiateollisuus.fi\/healthtech\/wp-json\/wp\/v2\/users\/16"}],"replies":[{"embeddable":true,"href":"https:\/\/teknologiateollisuus.fi\/healthtech\/wp-json\/wp\/v2\/comments?post=2180"}],"version-history":[{"count":3,"href":"https:\/\/teknologiateollisuus.fi\/healthtech\/wp-json\/wp\/v2\/pages\/2180\/revisions"}],"predecessor-version":[{"id":2184,"href":"https:\/\/teknologiateollisuus.fi\/healthtech\/wp-json\/wp\/v2\/pages\/2180\/revisions\/2184"}],"wp:attachment":[{"href":"https:\/\/teknologiateollisuus.fi\/healthtech\/wp-json\/wp\/v2\/media?parent=2180"}],"curies":[{"name":"wp","href":"https:\/\/api.w.org\/{rel}","templated":true}]}}