{"id":446,"date":"2024-06-28T09:02:29","date_gmt":"2024-06-28T06:02:29","guid":{"rendered":"https:\/\/teknologiateollisuus.fi\/healthtech\/?page_id=446"},"modified":"2025-06-30T13:00:04","modified_gmt":"2025-06-30T10:00:04","slug":"saadokset","status":"publish","type":"page","link":"https:\/\/teknologiateollisuus.fi\/healthtech\/terveysteknologia-osana-terveysalaa\/saadokset\/","title":{"rendered":"S\u00e4\u00e4d\u00f6kset"},"content":{"rendered":"\n<div class=\"em-block-hero hero-has-background-color has-background has-tangerine-background-color has-image media-position-right \">\n\t<div class=\"em-block-hero__container\">\n\t\t<div class=\"em-block-hero__content\">\n\t\t\t<div class=\"yoast-breadcrumbs\"><span><span><a href=\"https:\/\/teknologiateollisuus.fi\/healthtech\/\">Etusivu<\/a><\/span> <span class=\"separator\"><\/span> <span><a href=\"https:\/\/teknologiateollisuus.fi\/healthtech\/terveysteknologia-osana-terveysalaa\/\">Terveysteknologia toimialana<\/a><\/span> <span class=\"separator\"><\/span> <span class=\"breadcrumb_last\" aria-current=\"page\">S\u00e4\u00e4d\u00f6kset<\/span><\/span><\/div>\t\t\t\n<h1 class=\"wp-block-heading\" id=\"h-saadokset\">S\u00e4\u00e4d\u00f6kset<\/h1>\n\n<p>MD- ja IVD-asetukset (EU 2017\/745 ja EU 2017\/746) astuivat voimaan vuonna 2017 ja tulevat noudatettavaksi aiempien direktiivien sijaan ilman erillist\u00e4 implementointia eli ne ovat suoraan Suomessa sovellettavaa oikeutta.<\/p>\n\t\t\t<div class=\"em-block-hero__modified-date\"> P\u00e4ivitetty 30.06.2025 klo 13:00<\/div>\t\t<\/div>\n\t\t\t\t\t<figure class=\"em-block-hero__image\">\n\t\t\t\t<img loading=\"lazy\" decoding=\"async\" width=\"1920\" height=\"1280\" src=\"https:\/\/teknologiateollisuus.fi\/healthtech\/wp-content\/uploads\/sites\/8\/2024\/06\/Kuvituskuva-tietokone-kadet-2.jpg\" class=\"attachment-hero size-hero\" alt=\"Kuvituskuva tietokone k\u00e4det 2\" srcset=\"https:\/\/teknologiateollisuus.fi\/healthtech\/wp-content\/uploads\/sites\/8\/2024\/06\/Kuvituskuva-tietokone-kadet-2.jpg 1920w, https:\/\/teknologiateollisuus.fi\/healthtech\/wp-content\/uploads\/sites\/8\/2024\/06\/Kuvituskuva-tietokone-kadet-2-400x267.jpg 400w, https:\/\/teknologiateollisuus.fi\/healthtech\/wp-content\/uploads\/sites\/8\/2024\/06\/Kuvituskuva-tietokone-kadet-2-968x645.jpg 968w, https:\/\/teknologiateollisuus.fi\/healthtech\/wp-content\/uploads\/sites\/8\/2024\/06\/Kuvituskuva-tietokone-kadet-2-768x512.jpg 768w, https:\/\/teknologiateollisuus.fi\/healthtech\/wp-content\/uploads\/sites\/8\/2024\/06\/Kuvituskuva-tietokone-kadet-2-1536x1024.jpg 1536w, https:\/\/teknologiateollisuus.fi\/healthtech\/wp-content\/uploads\/sites\/8\/2024\/06\/Kuvituskuva-tietokone-kadet-2-1300x867.jpg 1300w, https:\/\/teknologiateollisuus.fi\/healthtech\/wp-content\/uploads\/sites\/8\/2024\/06\/Kuvituskuva-tietokone-kadet-2-1440x960.jpg 1440w\" sizes=\"auto, (max-width: 1920px) 100vw, 1920px\" \/>\t\t\t<\/figure>\n\t\t\t<\/div>\n<\/div>\n\n\n\n<p>MD- ja IVD-asetukset (EU 2017\/745 ja EU 2017\/746) astuivat voimaan vuonna 2017 ja tulevat noudatettavaksi aiempien direktiivien sijaan ilman erillist\u00e4 implementointia eli ne ovat suoraan Suomessa sovellettavaa oikeutta. Kansallista s\u00e4\u00e4ntely\u00e4 voi jatkossa olla vain asetuksia t\u00e4ydent\u00e4v\u00e4sti silt\u00e4 osin kuin asetukset sit\u00e4 erikseen edellytt\u00e4v\u00e4t tai mahdollistavat. Asetusten soveltamista ohjeistetaan p\u00e4\u00e4osin MDCG Guidance -dokumenteilla, jotka eiv\u00e4t ole oikeudellisesti sitovia, mutta ne ovat eritt\u00e4in keskeisi\u00e4 asetusten yhdenmukaisten tulkintojen tekemist\u00e4 varten.<\/p>\n\n\n\n<p>MDR  tuli kokonaan sovellettavaksi toukokuussa 2021 ja se korvaa aiemmat MD- ja AIMD-direktiivit. IVDR asteittainen soveltaminen alkoi 26.5.2022 ja se korvaa IVD-direktiivin.<\/p>\n\n\n\n<p>Uudet laiteasetukset rakentuvat laitedirektiivien s\u00e4\u00e4ntelyn ja niit\u00e4 t\u00e4ydent\u00e4vien ohjeistojen pohjalle. Asetuksien my\u00f6t\u00e4 tulee kuitenkin monia uudistuksia ja vaatimusten tiukennuksia, joiden perimm\u00e4isen\u00e4 tavoitteena on potilasturvallisuuden parantaminen Euroopan Unionin alueella.<\/p>\n\n\n\n<p>Asetusten soveltamisaikoja on porrastettu useilla siirtym\u00e4ajoilla. T\u00e4m\u00e4n johdosta markkinoilla voi siirtym\u00e4ajoista johtuen olla vuosien ajan sek\u00e4 vanhojen direktiivien mukaisia l\u00e4\u00e4kinn\u00e4llisi\u00e4 laitteita, ett\u00e4 uusien asetusten mukaisia l\u00e4\u00e4kinn\u00e4llisi\u00e4 laitteita.<\/p>\n\n\n\n<h2 class=\"wp-block-heading\" id=\"h-terveysteknologia-on-nbsp-yksi-eniten-saadellyista-aloista-maailmassa\" id=\"terveysteknologia-on-yksi-eniten-saadellyista-aloista-maailmassa\">Terveysteknologia on&nbsp;yksi eniten s\u00e4\u00e4dellyist\u00e4 aloista maailmassa<\/h2>\n\n\n\n<p>Jotta l\u00e4\u00e4kinn\u00e4llinen laite voidaan laillisesti saattaa EU:n markkinoille, on valmistajan&nbsp;merkitt\u00e4v\u00e4 tuote CE-merkinn\u00e4ll\u00e4. Merkinn\u00e4ll\u00e4 osoitetaan, ett\u00e4 tuotteet ovat sovellettavien EU-s\u00e4\u00e4d\u00f6sten ja vaatimusten mukaisia ja se mahdollistaa laitteiden vapaan liikkuvuuden ETA-maiden ja Turkin markkinoilla. CE-merkki ei itsess\u00e4\u00e4n kerro mit\u00e4\u00e4n tuotteen valmistusmaasta.<\/p>\n\n\n\n<h2 class=\"wp-block-heading\" id=\"h-asetuksia-taydentava-kansallinen-saantely\" id=\"asetuksia-taydentava-kansallinen-saantely\">Asetuksia t\u00e4ydent\u00e4v\u00e4 kansallinen s\u00e4\u00e4ntely<\/h2>\n\n\n\n<p>Suomessa on annettu kaksi uusia laiteasetuksia t\u00e4ydent\u00e4v\u00e4\u00e4 lakia.<\/p>\n\n\n\n<p>T\u00e4ysin uusi laki l\u00e4\u00e4kinn\u00e4llisist\u00e4 laitteista (719\/2021) tuli voimaan 19.7.2021 ja se t\u00e4ydent\u00e4\u00e4 sek\u00e4 MD- ett\u00e4 IVD-asetuksien s\u00e4\u00e4nn\u00f6ksi\u00e4. Joiltain osin kyseinen laki sis\u00e4lt\u00e4\u00e4 kaikkia laitteita yhteisesti koskevia vaatimuksia, mm. ammattimaista k\u00e4ytt\u00e4j\u00e4\u00e4 ja rekister\u00f6intivelvollisuutta koskevin osin.<\/p>\n\n\n\n<p>Laki er\u00e4ist\u00e4 EU-direktiiveiss\u00e4 s\u00e4\u00e4detyist\u00e4 l\u00e4\u00e4kinn\u00e4llisist\u00e4 laitteista (629\/2010) tuli niin ik\u00e4\u00e4n voimaan 19.7.2021. Kyseinen laki tarvittiin, koska IVD-asetusta edelt\u00e4v\u00e4n IVD-direktiivin soveltaminen jatkuu, kunnes uuden asetuksen siirtym\u00e4ajat ovat p\u00e4\u00e4ttyneet. Lis\u00e4ksi silt\u00e4 osin kuin AIMD- ja MD-direktiivien mukaisia laitteita saa edelleen saattaa markkinoille ja ottaa k\u00e4ytt\u00f6\u00f6n MD-asetuksen nojalla, sovelletaan kansallisesti t\u00e4m\u00e4n lain s\u00e4\u00e4nn\u00f6ksi\u00e4.<\/p>\n\n\n\n<div class=\"wp-block-evermade-card-grid em-block-card-grid has-columns-3 is-variation-content-card-grid\">\n<article class=\"em-block-content-card  has-background has-white-background-color has-media-position-top\">\n\t\t\t<div class=\"em-block-content-card__media\">\n\t\t\t<img\n\t\t\t\tsrc=\"https:\/\/teknologiateollisuus.fi\/healthtech\/wp-content\/uploads\/sites\/8\/2024\/06\/Eurooppa-lippu2.jpg\"\n\t\t\t\talt=\"Euroopan lippu\"\n\t\t\t\tclass=\"\"\n\t\t\t\/>\n\n\t\t\t\t\t<\/div>\n\t\n\t<div class=\"em-block-content-card__content\">\n\t\t\n\t\t\t\t\t<h4 class=\"em-block-content-card__title\">IVD-asetus<\/h4>\n\t\t\n\t\t\n\t\t\t\t\t\t\t\t\t<a\n\t\t\t\t\tclass=\"em-block-content-card__button  has-icon-name-icon-external\"\n\t\t\t\t\thref=\"https:\/\/eur-lex.europa.eu\/legal-content\/EN\/TXT\/?uri=CELEX%3A02017R0746-20220128\"\n\t\t\t\t\ttarget=\"_blank\" rel=\"noopener noreferrer\"\t\t\t\t\t\t\t\t\t>\n\t\t\t\t\t<span class=\"em-block-content-card__button-label\">\n\t\t\t\t\t\tLue lis\u00e4\u00e4\t\t\t\t\t<\/span>\n\t\t\t\t<\/a>\n\t\t\t\t\t\t<\/div>\n\n\t<\/article>\n\n\n\n<article class=\"em-block-content-card  has-media-position-top\">\n\t\t\t<div class=\"em-block-content-card__media\">\n\t\t\t<img\n\t\t\t\tsrc=\"https:\/\/teknologiateollisuus.fi\/healthtech\/wp-content\/uploads\/sites\/8\/2024\/06\/Eurooppa-lippu2.jpg\"\n\t\t\t\talt=\"Euroopan lippu\"\n\t\t\t\tclass=\"\"\n\t\t\t\/>\n\n\t\t\t\t\t<\/div>\n\t\n\t<div class=\"em-block-content-card__content\">\n\t\t\n\t\t\t\t\t<h4 class=\"em-block-content-card__title\">MDCG 2021-25<\/h4>\n\t\t\n\t\t\n\t\t\t\t\t\t\t\t\t<a\n\t\t\t\t\tclass=\"em-block-content-card__button  has-icon-name-icon-external\"\n\t\t\t\t\thref=\"https:\/\/ec.europa.eu\/health\/system\/files\/2021-10\/md_mdcg_2021_25_en_0.pdf\"\n\t\t\t\t\ttarget=\"_blank\" rel=\"noopener noreferrer\"\t\t\t\t\t\t\t\t\t>\n\t\t\t\t\t<span class=\"em-block-content-card__button-label\">\n\t\t\t\t\t\tLue lis\u00e4\u00e4\t\t\t\t\t<\/span>\n\t\t\t\t<\/a>\n\t\t\t\t\t\t<\/div>\n\n\t<\/article>\n\n\n\n<article class=\"em-block-content-card  has-media-position-top\">\n\t\t\t<div class=\"em-block-content-card__media\">\n\t\t\t<img\n\t\t\t\tsrc=\"https:\/\/teknologiateollisuus.fi\/healthtech\/wp-content\/uploads\/sites\/8\/2024\/06\/Eurooppa-lippu2.jpg\"\n\t\t\t\talt=\"Euroopan lippu\"\n\t\t\t\tclass=\"\"\n\t\t\t\/>\n\n\t\t\t\t\t<\/div>\n\t\n\t<div class=\"em-block-content-card__content\">\n\t\t\n\t\t\t\t\t<h4 class=\"em-block-content-card__title\">L\u00e4\u00e4kinn\u00e4llisten laitteiden s\u00e4\u00e4ntely<\/h4>\n\t\t\n\t\t\n\t\t\t\t\t\t\t\t\t<a\n\t\t\t\t\tclass=\"em-block-content-card__button  has-icon-name-icon-external\"\n\t\t\t\t\thref=\"https:\/\/teknologiateollisuus.fi\/healthtech\/terveysteknologia-osana-terveysalaa\/1-tason-esimerkkisivu\/laakinnallisten-laitteiden-saantely\/\"\n\t\t\t\t\ttarget=\"_blank\" rel=\"noopener noreferrer\"\t\t\t\t\t\t\t\t\t>\n\t\t\t\t\t<span class=\"em-block-content-card__button-label\">\n\t\t\t\t\t\tLue lis\u00e4\u00e4\t\t\t\t\t<\/span>\n\t\t\t\t<\/a>\n\t\t\t\t\t\t<\/div>\n\n\t<\/article>\n<\/div>\n\n\n","protected":false},"excerpt":{"rendered":"<p>MD- ja IVD-asetukset (EU 2017\/745 ja EU 2017\/746) astuivat voimaan vuonna 2017 ja tulevat noudatettavaksi aiempien direktiivien sijaan ilman erillist\u00e4 implementointia eli ne ovat suoraan Suomessa sovellettavaa oikeutta. Kansallista s\u00e4\u00e4ntely\u00e4 voi jatkossa olla vain asetuksia t\u00e4ydent\u00e4v\u00e4sti silt\u00e4 osin kuin asetukset sit\u00e4 erikseen edellytt\u00e4v\u00e4t tai mahdollistavat. Asetusten soveltamista ohjeistetaan p\u00e4\u00e4osin MDCG Guidance -dokumenteilla, jotka eiv\u00e4t ole [&hellip;]<\/p>\n","protected":false},"author":16,"featured_media":0,"parent":420,"menu_order":5,"comment_status":"closed","ping_status":"closed","template":"","meta":{"_acf_changed":false,"_relevanssi_hide_post":"","_relevanssi_hide_content":"","_relevanssi_pin_for_all":"","_relevanssi_pin_keywords":"","_relevanssi_unpin_keywords":"","_relevanssi_related_keywords":"","_relevanssi_related_include_ids":"","_relevanssi_related_exclude_ids":"","_relevanssi_related_no_append":"","_relevanssi_related_not_related":"","_relevanssi_related_posts":"1","_relevanssi_noindex_reason":"","inline_featured_image":false,"footnotes":""},"class_list":["post-446","page","type-page","status-publish","hentry"],"acf":[],"yoast_head":"<!-- This site is optimized with the Yoast SEO Premium plugin v27.1 (Yoast SEO v27.3) - https:\/\/yoast.com\/product\/yoast-seo-premium-wordpress\/ -->\n<title>S\u00e4\u00e4d\u00f6kset - Terveysteknologia MDR (EU 2017\/745) ja IVDR (EU 2017\/746)<\/title>\n<meta name=\"description\" content=\"MDR (EU 2017\/745) ja IVDR (EU 2017\/746) astuivat voimaan 2017 . S\u00e4\u00e4d\u00f6kset ne ovat suoraan Suomessa sovellettavaa oikeutta.\" \/>\n<meta name=\"robots\" content=\"index, follow, max-snippet:-1, max-image-preview:large, max-video-preview:-1\" \/>\n<link rel=\"canonical\" href=\"https:\/\/teknologiateollisuus.fi\/healthtech\/terveysteknologia-osana-terveysalaa\/saadokset\/\" \/>\n<meta property=\"og:locale\" content=\"fi_FI\" \/>\n<meta property=\"og:type\" content=\"article\" \/>\n<meta property=\"og:title\" content=\"S\u00e4\u00e4d\u00f6kset\" \/>\n<meta property=\"og:description\" content=\"MDR (EU 2017\/745) ja IVDR (EU 2017\/746) astuivat voimaan 2017 . S\u00e4\u00e4d\u00f6kset ne ovat suoraan Suomessa sovellettavaa oikeutta.\" \/>\n<meta property=\"og:url\" content=\"https:\/\/teknologiateollisuus.fi\/healthtech\/terveysteknologia-osana-terveysalaa\/saadokset\/\" \/>\n<meta property=\"og:site_name\" content=\"Terveysteknologia\" \/>\n<meta property=\"article:modified_time\" content=\"2025-06-30T10:00:04+00:00\" \/>\n<meta name=\"twitter:card\" content=\"summary_large_image\" \/>\n<meta name=\"twitter:label1\" content=\"Arvioitu lukuaika\" \/>\n\t<meta name=\"twitter:data1\" content=\"2 minuuttia\" \/>\n<script type=\"application\/ld+json\" class=\"yoast-schema-graph\">{\"@context\":\"https:\\\/\\\/schema.org\",\"@graph\":[{\"@type\":\"WebPage\",\"@id\":\"https:\\\/\\\/teknologiateollisuus.fi\\\/healthtech\\\/terveysteknologia-osana-terveysalaa\\\/saadokset\\\/\",\"url\":\"https:\\\/\\\/teknologiateollisuus.fi\\\/healthtech\\\/terveysteknologia-osana-terveysalaa\\\/saadokset\\\/\",\"name\":\"S\u00e4\u00e4d\u00f6kset - Terveysteknologia MDR (EU 2017\\\/745) ja IVDR (EU 2017\\\/746)\",\"isPartOf\":{\"@id\":\"https:\\\/\\\/teknologiateollisuus.fi\\\/healthtech\\\/#website\"},\"datePublished\":\"2024-06-28T06:02:29+00:00\",\"dateModified\":\"2025-06-30T10:00:04+00:00\",\"description\":\"MDR (EU 2017\\\/745) ja IVDR (EU 2017\\\/746) astuivat voimaan 2017 . S\u00e4\u00e4d\u00f6kset ne ovat suoraan Suomessa sovellettavaa oikeutta.\",\"breadcrumb\":{\"@id\":\"https:\\\/\\\/teknologiateollisuus.fi\\\/healthtech\\\/terveysteknologia-osana-terveysalaa\\\/saadokset\\\/#breadcrumb\"},\"inLanguage\":\"fi\",\"potentialAction\":[{\"@type\":\"ReadAction\",\"target\":[\"https:\\\/\\\/teknologiateollisuus.fi\\\/healthtech\\\/terveysteknologia-osana-terveysalaa\\\/saadokset\\\/\"]}]},{\"@type\":\"BreadcrumbList\",\"@id\":\"https:\\\/\\\/teknologiateollisuus.fi\\\/healthtech\\\/terveysteknologia-osana-terveysalaa\\\/saadokset\\\/#breadcrumb\",\"itemListElement\":[{\"@type\":\"ListItem\",\"position\":1,\"name\":\"Etusivu\",\"item\":\"https:\\\/\\\/teknologiateollisuus.fi\\\/healthtech\\\/\"},{\"@type\":\"ListItem\",\"position\":2,\"name\":\"Terveysteknologia toimialana\",\"item\":\"https:\\\/\\\/teknologiateollisuus.fi\\\/healthtech\\\/terveysteknologia-osana-terveysalaa\\\/\"},{\"@type\":\"ListItem\",\"position\":3,\"name\":\"S\u00e4\u00e4d\u00f6kset\"}]},{\"@type\":\"WebSite\",\"@id\":\"https:\\\/\\\/teknologiateollisuus.fi\\\/healthtech\\\/#website\",\"url\":\"https:\\\/\\\/teknologiateollisuus.fi\\\/healthtech\\\/\",\"name\":\"Terveysteknologia\",\"description\":\"\",\"potentialAction\":[{\"@type\":\"SearchAction\",\"target\":{\"@type\":\"EntryPoint\",\"urlTemplate\":\"https:\\\/\\\/teknologiateollisuus.fi\\\/healthtech\\\/?s={search_term_string}\"},\"query-input\":{\"@type\":\"PropertyValueSpecification\",\"valueRequired\":true,\"valueName\":\"search_term_string\"}}],\"inLanguage\":\"fi\"}]}<\/script>\n<!-- \/ Yoast SEO Premium plugin. -->","yoast_head_json":{"title":"S\u00e4\u00e4d\u00f6kset - Terveysteknologia MDR (EU 2017\/745) ja IVDR (EU 2017\/746)","description":"MDR (EU 2017\/745) ja IVDR (EU 2017\/746) astuivat voimaan 2017 . S\u00e4\u00e4d\u00f6kset ne ovat suoraan Suomessa sovellettavaa oikeutta.","robots":{"index":"index","follow":"follow","max-snippet":"max-snippet:-1","max-image-preview":"max-image-preview:large","max-video-preview":"max-video-preview:-1"},"canonical":"https:\/\/teknologiateollisuus.fi\/healthtech\/terveysteknologia-osana-terveysalaa\/saadokset\/","og_locale":"fi_FI","og_type":"article","og_title":"S\u00e4\u00e4d\u00f6kset","og_description":"MDR (EU 2017\/745) ja IVDR (EU 2017\/746) astuivat voimaan 2017 . S\u00e4\u00e4d\u00f6kset ne ovat suoraan Suomessa sovellettavaa oikeutta.","og_url":"https:\/\/teknologiateollisuus.fi\/healthtech\/terveysteknologia-osana-terveysalaa\/saadokset\/","og_site_name":"Terveysteknologia","article_modified_time":"2025-06-30T10:00:04+00:00","twitter_card":"summary_large_image","twitter_misc":{"Arvioitu lukuaika":"2 minuuttia"},"schema":{"@context":"https:\/\/schema.org","@graph":[{"@type":"WebPage","@id":"https:\/\/teknologiateollisuus.fi\/healthtech\/terveysteknologia-osana-terveysalaa\/saadokset\/","url":"https:\/\/teknologiateollisuus.fi\/healthtech\/terveysteknologia-osana-terveysalaa\/saadokset\/","name":"S\u00e4\u00e4d\u00f6kset - Terveysteknologia MDR (EU 2017\/745) ja IVDR (EU 2017\/746)","isPartOf":{"@id":"https:\/\/teknologiateollisuus.fi\/healthtech\/#website"},"datePublished":"2024-06-28T06:02:29+00:00","dateModified":"2025-06-30T10:00:04+00:00","description":"MDR (EU 2017\/745) ja IVDR (EU 2017\/746) astuivat voimaan 2017 . S\u00e4\u00e4d\u00f6kset ne ovat suoraan Suomessa sovellettavaa oikeutta.","breadcrumb":{"@id":"https:\/\/teknologiateollisuus.fi\/healthtech\/terveysteknologia-osana-terveysalaa\/saadokset\/#breadcrumb"},"inLanguage":"fi","potentialAction":[{"@type":"ReadAction","target":["https:\/\/teknologiateollisuus.fi\/healthtech\/terveysteknologia-osana-terveysalaa\/saadokset\/"]}]},{"@type":"BreadcrumbList","@id":"https:\/\/teknologiateollisuus.fi\/healthtech\/terveysteknologia-osana-terveysalaa\/saadokset\/#breadcrumb","itemListElement":[{"@type":"ListItem","position":1,"name":"Etusivu","item":"https:\/\/teknologiateollisuus.fi\/healthtech\/"},{"@type":"ListItem","position":2,"name":"Terveysteknologia toimialana","item":"https:\/\/teknologiateollisuus.fi\/healthtech\/terveysteknologia-osana-terveysalaa\/"},{"@type":"ListItem","position":3,"name":"S\u00e4\u00e4d\u00f6kset"}]},{"@type":"WebSite","@id":"https:\/\/teknologiateollisuus.fi\/healthtech\/#website","url":"https:\/\/teknologiateollisuus.fi\/healthtech\/","name":"Terveysteknologia","description":"","potentialAction":[{"@type":"SearchAction","target":{"@type":"EntryPoint","urlTemplate":"https:\/\/teknologiateollisuus.fi\/healthtech\/?s={search_term_string}"},"query-input":{"@type":"PropertyValueSpecification","valueRequired":true,"valueName":"search_term_string"}}],"inLanguage":"fi"}]}},"lang":"fi","translations":{"fi":446},"pll_sync_post":[],"_links":{"self":[{"href":"https:\/\/teknologiateollisuus.fi\/healthtech\/wp-json\/wp\/v2\/pages\/446","targetHints":{"allow":["GET"]}}],"collection":[{"href":"https:\/\/teknologiateollisuus.fi\/healthtech\/wp-json\/wp\/v2\/pages"}],"about":[{"href":"https:\/\/teknologiateollisuus.fi\/healthtech\/wp-json\/wp\/v2\/types\/page"}],"author":[{"embeddable":true,"href":"https:\/\/teknologiateollisuus.fi\/healthtech\/wp-json\/wp\/v2\/users\/16"}],"replies":[{"embeddable":true,"href":"https:\/\/teknologiateollisuus.fi\/healthtech\/wp-json\/wp\/v2\/comments?post=446"}],"version-history":[{"count":11,"href":"https:\/\/teknologiateollisuus.fi\/healthtech\/wp-json\/wp\/v2\/pages\/446\/revisions"}],"predecessor-version":[{"id":4618,"href":"https:\/\/teknologiateollisuus.fi\/healthtech\/wp-json\/wp\/v2\/pages\/446\/revisions\/4618"}],"up":[{"embeddable":true,"href":"https:\/\/teknologiateollisuus.fi\/healthtech\/wp-json\/wp\/v2\/pages\/420"}],"wp:attachment":[{"href":"https:\/\/teknologiateollisuus.fi\/healthtech\/wp-json\/wp\/v2\/media?parent=446"}],"curies":[{"name":"wp","href":"https:\/\/api.w.org\/{rel}","templated":true}]}}