{"id":463,"date":"2024-06-28T14:31:58","date_gmt":"2024-06-28T11:31:58","guid":{"rendered":"https:\/\/teknologiateollisuus.fi\/healthtech\/?page_id=463"},"modified":"2026-04-15T12:40:59","modified_gmt":"2026-04-15T09:40:59","slug":"vastuullisuus-terveysteknologia-alalla","status":"publish","type":"page","link":"https:\/\/teknologiateollisuus.fi\/healthtech\/terveysteknologia-osana-terveysalaa\/vastuullisuus-terveysteknologia-alalla\/","title":{"rendered":"Vastuullisuus"},"content":{"rendered":"\n<div class=\"em-block-hero hero-has-background-color has-background has-tangerine-background-color has-image media-position-right \">\n\t<div class=\"em-block-hero__container\">\n\t\t<div class=\"em-block-hero__content\">\n\t\t\t<div class=\"yoast-breadcrumbs\"><span><span><a href=\"https:\/\/teknologiateollisuus.fi\/healthtech\/\">Etusivu<\/a><\/span> <span class=\"separator\"><\/span> <span><a href=\"https:\/\/teknologiateollisuus.fi\/healthtech\/terveysteknologia-osana-terveysalaa\/\">Terveysteknologia toimialana<\/a><\/span> <span class=\"separator\"><\/span> <span class=\"breadcrumb_last\" aria-current=\"page\">Vastuullisuus<\/span><\/span><\/div>\t\t\t\n<h1 class=\"wp-block-heading\" id=\"h-vastuullisuus\">Vastuullisuus<\/h1>\n\n<p>Vastuullisuus on t\u00e4rke\u00e4 osa yrityksen kaikkea toimintaa. Vastuullinen organisaatio toimii mahdollisimman kest\u00e4v\u00e4ll\u00e4 tavalla ja ajattelee sidosryhmi\u00e4\u00e4n laajasti. Fokus on pitk\u00e4n t\u00e4ht\u00e4imen menestyksen rakentamisessa ja kest\u00e4v\u00e4n kilpailukyvyn s\u00e4ilytt\u00e4misess\u00e4.<\/p>\n\t\t\t<div class=\"em-block-hero__modified-date\"> P\u00e4ivitetty 15.04.2026 klo 12:40<\/div>\t\t<\/div>\n\t\t\t\t\t<figure class=\"em-block-hero__image\">\n\t\t\t\t<img loading=\"lazy\" decoding=\"async\" width=\"700\" height=\"300\" src=\"https:\/\/teknologiateollisuus.fi\/healthtech\/wp-content\/uploads\/sites\/8\/2024\/06\/Kuvituskuva-lapsi-varikas-seina.jpg\" class=\"attachment-hero size-hero\" alt=\"Kuvituskuva lapsi v\u00e4rik\u00e4s sein\u00e4\" srcset=\"https:\/\/teknologiateollisuus.fi\/healthtech\/wp-content\/uploads\/sites\/8\/2024\/06\/Kuvituskuva-lapsi-varikas-seina.jpg 700w, https:\/\/teknologiateollisuus.fi\/healthtech\/wp-content\/uploads\/sites\/8\/2024\/06\/Kuvituskuva-lapsi-varikas-seina-400x171.jpg 400w\" sizes=\"auto, (max-width: 700px) 100vw, 700px\" \/>\t\t\t<\/figure>\n\t\t\t<\/div>\n<\/div>\n\n\n\n<p>Valtaosa Terveysteknologia ry:n j\u00e4senist\u00e4 on vientiyrityksi\u00e4, mink\u00e4&nbsp;vuoksi Suomen ja Euroopan lis\u00e4ksi muutkin markkina-alueet ja niiden vaatimukset tulee huomioida. Kyseess\u00e4 voi olla omaehtoinen tai vastuullisuusnormien mukainen toiminta. <\/p>\n\n\n\n<p>Eettisyys on t\u00e4rke\u00e4 osa vastuullisuutta. Uudet teknologiat, kuten teko\u00e4ly ja robotiikka vaativat viel\u00e4 laajaa kansalaiskeskustelua, koska monesti n\u00e4ill\u00e4 ratkaisuilla korvataan ihmisten tekem\u00e4\u00e4 raskasta tai rutiininomaista ty\u00f6t\u00e4. Kone toimii aina vakioteholla ja -tarkkuudella. Se ei v\u00e4sy, eik\u00e4 sill\u00e4 ole huonoja p\u00e4ivi\u00e4 tai taukoja. Virheit\u00e4 saattaa kuitenkin tulla ja siit\u00e4 p\u00e4\u00e4st\u00e4\u00e4n keskustelemaan, hyv\u00e4ksymmek\u00f6 eri tavalla ihmisen ja koneen tekem\u00e4t virheet. Kannattaa muistaa, ett\u00e4 terveysteknologian ratkaisut ovat tarkasti s\u00e4\u00e4deltyj\u00e4 ja valmistaja vastaa virheist\u00e4, mik\u00e4 kiritt\u00e4\u00e4 yrityksi\u00e4 jatkuvaan parantamiseen.<\/p>\n\n\n\n<blockquote class=\"wp-block-quote has-text-align-center is-layout-flow wp-block-quote-is-layout-flow\">\n<h2 class=\"wp-block-heading\" id=\"h-menestyva-yritys-ennakoi-eika-odota-etta-paine-ulkopuolelta-edellyttaa-toimintaa\" id=\"menestyva-yritys-ennakoi-eika-odota-etta-paine-ulkopuolelta-edellyttaa-toimintaa\">Menestyv\u00e4 yritys ennakoi, eik\u00e4 odota, ett\u00e4 paine ulkopuolelta edellytt\u00e4\u00e4 toimintaa.<\/h2>\n<\/blockquote>\n\n\n\n<p>My\u00f6s hankintojen eettisyys on t\u00e4rke\u00e4\u00e4, jotta reilu kilpailu s\u00e4ilyy markkinoilla. Erityyppisille yrityksille, kuten maahantuojille, valmistaville, myynti\u00e4 harjoittaville ja palveluja myyville yrityksille asia n\u00e4ytt\u00e4ytyy eri tavalla, koska tarpeet sosiaali- ja terveydenhuollon yhteisty\u00f6lle vaihtelevat. Yhdistyksen\u00e4 kannustamme j\u00e4seni\u00e4 pohtimaan liiketoiminnan vastuullisuutta, joka tilanteessa. T\u00e4rke\u00e4n\u00e4 ty\u00f6kaluna on k\u00e4yt\u00e4nn\u00f6ss\u00e4 ns. oikean toiminnan opas (Code of Conduct), joka koskee my\u00f6s kilpailua, kansainv\u00e4lisen kaupan s\u00e4\u00e4nt\u00f6jen noudattamista, immateriaalioikeuksia, taloudellista valvontaa, sopimattomia maksuja, jne. N\u00e4m\u00e4 ovat tiukkoja ja yrityksen ty\u00f6ntekij\u00f6it\u00e4 sitovia ohjeita.<\/p>\n\n\n\n<p>Vastuullisuus vie kaikki toimialat my\u00f6s oman mukavuusalueen ulkopuolelle. Terveysalalla kierr\u00e4tett\u00e4vyys, energian ja materiaalin s\u00e4\u00e4st\u00f6 tai v\u00e4h\u00e4hiilisyys ovat&nbsp;nousevia teemoja, joihin yritysten tulee valmistautua. Vastuullisuus onkin yhteisty\u00f6t\u00e4 ja uuden oppimista. Toimialat voivat auttaa toisiaan.<\/p>\n\n\n\n<p>Vastuullisuus on my\u00f6s avoimuutta ja yhteiskunnalliseen keskusteluun osallistumista. Se on p\u00e4\u00e4ttym\u00e4t\u00f6n tie tulevaisuuteen! Matka kannattaa aloittaa viimeist\u00e4\u00e4n nyt!<\/p>\n\n\n\n<p>Olemme perustaneet <a href=\"https:\/\/teknologiateollisuus.fi\/healthtech\/terveysteknologia-ry-on-yritysten-kohtaamispaikka\/terveysteknologia-ry-jasenpalvelut-ja-tyoryhmat\/vastuullisuustyoryhma\/\" target=\"_blank\" rel=\"noreferrer noopener\">vastuullisuusty\u00f6ryhm\u00e4n<\/a>, minne kannattaa tulla mukaan pohtimaan vastuullisuuskysymyksi\u00e4 yhdess\u00e4.<\/p>\n\n\n\n<article class=\"em-block-contact-card is-style-list\">\n\n\t<div class=\"em-block-contact-card__image\">\n\t\t\t\t\t<img loading=\"lazy\" decoding=\"async\" width=\"300\" height=\"400\" src=\"https:\/\/teknologiateollisuus.fi\/healthtech\/wp-content\/uploads\/sites\/8\/2024\/06\/Hassinen_Saara_Terveysteknologia-ry-300x400.jpg\" class=\"attachment-portrait size-portrait\" alt=\"Saara Hassinen\" \/>\t\t\t<\/div>\n\t<div class=\"em-block-contact-card__content-wrapper\">\n\t\t<div class=\"em-block-contact-card__content\">\n\t\t\t\t\t\t<h3 class=\"em-block-contact-card__title\"><a target=\"_self\" href=\"https:\/\/teknologiateollisuus.fi\/healthtech\/contacts\/saara-hassinen\/\">Saara Hassinen<\/a><\/h3>\n\t\t\t\t\t\t\t<span class=\"em-block-contact-card__job_title\">Toimitusjohtaja, Managing Director<\/span>\n\t\t\t\t\t\t<span class=\"em-block-contact-card__organisation\">Terveysteknologia ry<\/span>\n\t\t<\/div>\n\t\t<div class=\"em-block-contact-card__content\">\n\t\t\t\t\t\t<address class=\"em-block-contact-card__contact-details\">\n\t\t\t\t<span class=\"em-block-contact-card__phone\">\n\t\t\t\t\t<a href=\"tel:+358 40 531 1661\">+358 40 531 1661<\/a>\n\t\t\t\t<\/span>\n\t\t\t\t<span class=\"em-block-contact-card__email\">\n\t\t\t\t\t<a href=\"mailto:saara.hassinen(at)teknologiateollisuus.fi\">saara.hassinen(at)teknologiateollisuus.fi<\/a>\n\t\t\t\t<\/span>\n\t\t\t<\/address>\n\t\t\t<div class='em-block-contact-card__socials'><div class=\"social-media-links\"><ul class=\"social-media-links__list\"><li><a href=\"https:\/\/twitter.com\/SaaraHassinen\" target=\"_blank\" aria-label=\"Find me on twitter\" data-service=\"twitter\"><\/a><\/li><li><a href=\"https:\/\/linkedin.com\/in\/saara-hassinen-7993121a\" target=\"_blank\" aria-label=\"Find me on linkedin\" data-service=\"linkedin\"><\/a><\/li><\/ul><\/div><\/div>\t\t<\/div>\n\t<\/div>\n\n<\/article>\n","protected":false},"excerpt":{"rendered":"<p>Valtaosa Terveysteknologia ry:n j\u00e4senist\u00e4 on vientiyrityksi\u00e4, mink\u00e4&nbsp;vuoksi Suomen ja Euroopan lis\u00e4ksi muutkin markkina-alueet ja niiden vaatimukset tulee huomioida. Kyseess\u00e4 voi olla omaehtoinen tai vastuullisuusnormien mukainen toiminta. Eettisyys on t\u00e4rke\u00e4 osa vastuullisuutta. Uudet teknologiat, kuten teko\u00e4ly ja robotiikka vaativat viel\u00e4 laajaa kansalaiskeskustelua, koska monesti n\u00e4ill\u00e4 ratkaisuilla korvataan ihmisten tekem\u00e4\u00e4 raskasta tai rutiininomaista ty\u00f6t\u00e4. Kone toimii aina [&hellip;]<\/p>\n","protected":false},"author":16,"featured_media":0,"parent":420,"menu_order":3,"comment_status":"closed","ping_status":"closed","template":"","meta":{"_acf_changed":false,"_relevanssi_hide_post":"","_relevanssi_hide_content":"","_relevanssi_pin_for_all":"","_relevanssi_pin_keywords":"","_relevanssi_unpin_keywords":"","_relevanssi_related_keywords":"","_relevanssi_related_include_ids":"","_relevanssi_related_exclude_ids":"","_relevanssi_related_no_append":"","_relevanssi_related_not_related":"","_relevanssi_related_posts":"1","_relevanssi_noindex_reason":"","inline_featured_image":false,"footnotes":""},"class_list":["post-463","page","type-page","status-publish","hentry"],"acf":[],"yoast_head":"<!-- This site is optimized with the Yoast SEO Premium plugin v27.1 (Yoast SEO v27.4) - https:\/\/yoast.com\/product\/yoast-seo-premium-wordpress\/ -->\n<title>Vastuullisuus terveysteknologia-alalla<\/title>\n<meta name=\"description\" content=\"Vastuullisen yrityksen fokus on pitk\u00e4n t\u00e4ht\u00e4imen menestyksen rakentamisessa ja kest\u00e4v\u00e4n kilpailukyvyn s\u00e4ilytt\u00e4misess\u00e4.\" \/>\n<meta name=\"robots\" content=\"index, follow, max-snippet:-1, max-image-preview:large, max-video-preview:-1\" \/>\n<link rel=\"canonical\" href=\"https:\/\/teknologiateollisuus.fi\/healthtech\/terveysteknologia-osana-terveysalaa\/vastuullisuus-terveysteknologia-alalla\/\" \/>\n<meta property=\"og:locale\" content=\"fi_FI\" \/>\n<meta property=\"og:type\" content=\"article\" \/>\n<meta property=\"og:title\" content=\"Vastuullisuus\" \/>\n<meta property=\"og:description\" content=\"Vastuullisen yrityksen fokus on pitk\u00e4n t\u00e4ht\u00e4imen menestyksen rakentamisessa ja kest\u00e4v\u00e4n kilpailukyvyn s\u00e4ilytt\u00e4misess\u00e4.\" \/>\n<meta property=\"og:url\" content=\"https:\/\/teknologiateollisuus.fi\/healthtech\/terveysteknologia-osana-terveysalaa\/vastuullisuus-terveysteknologia-alalla\/\" \/>\n<meta property=\"og:site_name\" content=\"Terveysteknologia\" \/>\n<meta property=\"article:modified_time\" content=\"2026-04-15T09:40:59+00:00\" \/>\n<meta name=\"twitter:card\" content=\"summary_large_image\" \/>\n<meta name=\"twitter:label1\" content=\"Arvioitu lukuaika\" \/>\n\t<meta name=\"twitter:data1\" content=\"2 minuuttia\" \/>\n<script type=\"application\/ld+json\" class=\"yoast-schema-graph\">{\"@context\":\"https:\\\/\\\/schema.org\",\"@graph\":[{\"@type\":\"WebPage\",\"@id\":\"https:\\\/\\\/teknologiateollisuus.fi\\\/healthtech\\\/terveysteknologia-osana-terveysalaa\\\/vastuullisuus-terveysteknologia-alalla\\\/\",\"url\":\"https:\\\/\\\/teknologiateollisuus.fi\\\/healthtech\\\/terveysteknologia-osana-terveysalaa\\\/vastuullisuus-terveysteknologia-alalla\\\/\",\"name\":\"Vastuullisuus terveysteknologia-alalla\",\"isPartOf\":{\"@id\":\"https:\\\/\\\/teknologiateollisuus.fi\\\/healthtech\\\/#website\"},\"datePublished\":\"2024-06-28T11:31:58+00:00\",\"dateModified\":\"2026-04-15T09:40:59+00:00\",\"description\":\"Vastuullisen yrityksen fokus on pitk\u00e4n t\u00e4ht\u00e4imen menestyksen rakentamisessa ja kest\u00e4v\u00e4n kilpailukyvyn s\u00e4ilytt\u00e4misess\u00e4.\",\"breadcrumb\":{\"@id\":\"https:\\\/\\\/teknologiateollisuus.fi\\\/healthtech\\\/terveysteknologia-osana-terveysalaa\\\/vastuullisuus-terveysteknologia-alalla\\\/#breadcrumb\"},\"inLanguage\":\"fi\",\"potentialAction\":[{\"@type\":\"ReadAction\",\"target\":[\"https:\\\/\\\/teknologiateollisuus.fi\\\/healthtech\\\/terveysteknologia-osana-terveysalaa\\\/vastuullisuus-terveysteknologia-alalla\\\/\"]}]},{\"@type\":\"BreadcrumbList\",\"@id\":\"https:\\\/\\\/teknologiateollisuus.fi\\\/healthtech\\\/terveysteknologia-osana-terveysalaa\\\/vastuullisuus-terveysteknologia-alalla\\\/#breadcrumb\",\"itemListElement\":[{\"@type\":\"ListItem\",\"position\":1,\"name\":\"Etusivu\",\"item\":\"https:\\\/\\\/teknologiateollisuus.fi\\\/healthtech\\\/\"},{\"@type\":\"ListItem\",\"position\":2,\"name\":\"Terveysteknologia toimialana\",\"item\":\"https:\\\/\\\/teknologiateollisuus.fi\\\/healthtech\\\/terveysteknologia-osana-terveysalaa\\\/\"},{\"@type\":\"ListItem\",\"position\":3,\"name\":\"Vastuullisuus\"}]},{\"@type\":\"WebSite\",\"@id\":\"https:\\\/\\\/teknologiateollisuus.fi\\\/healthtech\\\/#website\",\"url\":\"https:\\\/\\\/teknologiateollisuus.fi\\\/healthtech\\\/\",\"name\":\"Terveysteknologia\",\"description\":\"\",\"potentialAction\":[{\"@type\":\"SearchAction\",\"target\":{\"@type\":\"EntryPoint\",\"urlTemplate\":\"https:\\\/\\\/teknologiateollisuus.fi\\\/healthtech\\\/?s={search_term_string}\"},\"query-input\":{\"@type\":\"PropertyValueSpecification\",\"valueRequired\":true,\"valueName\":\"search_term_string\"}}],\"inLanguage\":\"fi\"}]}<\/script>\n<!-- \/ Yoast SEO Premium plugin. -->","yoast_head_json":{"title":"Vastuullisuus terveysteknologia-alalla","description":"Vastuullisen yrityksen fokus on pitk\u00e4n t\u00e4ht\u00e4imen menestyksen rakentamisessa ja kest\u00e4v\u00e4n kilpailukyvyn s\u00e4ilytt\u00e4misess\u00e4.","robots":{"index":"index","follow":"follow","max-snippet":"max-snippet:-1","max-image-preview":"max-image-preview:large","max-video-preview":"max-video-preview:-1"},"canonical":"https:\/\/teknologiateollisuus.fi\/healthtech\/terveysteknologia-osana-terveysalaa\/vastuullisuus-terveysteknologia-alalla\/","og_locale":"fi_FI","og_type":"article","og_title":"Vastuullisuus","og_description":"Vastuullisen yrityksen fokus on pitk\u00e4n t\u00e4ht\u00e4imen menestyksen rakentamisessa ja kest\u00e4v\u00e4n kilpailukyvyn s\u00e4ilytt\u00e4misess\u00e4.","og_url":"https:\/\/teknologiateollisuus.fi\/healthtech\/terveysteknologia-osana-terveysalaa\/vastuullisuus-terveysteknologia-alalla\/","og_site_name":"Terveysteknologia","article_modified_time":"2026-04-15T09:40:59+00:00","twitter_card":"summary_large_image","twitter_misc":{"Arvioitu lukuaika":"2 minuuttia"},"schema":{"@context":"https:\/\/schema.org","@graph":[{"@type":"WebPage","@id":"https:\/\/teknologiateollisuus.fi\/healthtech\/terveysteknologia-osana-terveysalaa\/vastuullisuus-terveysteknologia-alalla\/","url":"https:\/\/teknologiateollisuus.fi\/healthtech\/terveysteknologia-osana-terveysalaa\/vastuullisuus-terveysteknologia-alalla\/","name":"Vastuullisuus terveysteknologia-alalla","isPartOf":{"@id":"https:\/\/teknologiateollisuus.fi\/healthtech\/#website"},"datePublished":"2024-06-28T11:31:58+00:00","dateModified":"2026-04-15T09:40:59+00:00","description":"Vastuullisen yrityksen fokus on pitk\u00e4n t\u00e4ht\u00e4imen menestyksen rakentamisessa ja kest\u00e4v\u00e4n kilpailukyvyn s\u00e4ilytt\u00e4misess\u00e4.","breadcrumb":{"@id":"https:\/\/teknologiateollisuus.fi\/healthtech\/terveysteknologia-osana-terveysalaa\/vastuullisuus-terveysteknologia-alalla\/#breadcrumb"},"inLanguage":"fi","potentialAction":[{"@type":"ReadAction","target":["https:\/\/teknologiateollisuus.fi\/healthtech\/terveysteknologia-osana-terveysalaa\/vastuullisuus-terveysteknologia-alalla\/"]}]},{"@type":"BreadcrumbList","@id":"https:\/\/teknologiateollisuus.fi\/healthtech\/terveysteknologia-osana-terveysalaa\/vastuullisuus-terveysteknologia-alalla\/#breadcrumb","itemListElement":[{"@type":"ListItem","position":1,"name":"Etusivu","item":"https:\/\/teknologiateollisuus.fi\/healthtech\/"},{"@type":"ListItem","position":2,"name":"Terveysteknologia toimialana","item":"https:\/\/teknologiateollisuus.fi\/healthtech\/terveysteknologia-osana-terveysalaa\/"},{"@type":"ListItem","position":3,"name":"Vastuullisuus"}]},{"@type":"WebSite","@id":"https:\/\/teknologiateollisuus.fi\/healthtech\/#website","url":"https:\/\/teknologiateollisuus.fi\/healthtech\/","name":"Terveysteknologia","description":"","potentialAction":[{"@type":"SearchAction","target":{"@type":"EntryPoint","urlTemplate":"https:\/\/teknologiateollisuus.fi\/healthtech\/?s={search_term_string}"},"query-input":{"@type":"PropertyValueSpecification","valueRequired":true,"valueName":"search_term_string"}}],"inLanguage":"fi"}]}},"lang":"fi","translations":{"fi":463},"pll_sync_post":[],"_links":{"self":[{"href":"https:\/\/teknologiateollisuus.fi\/healthtech\/wp-json\/wp\/v2\/pages\/463","targetHints":{"allow":["GET"]}}],"collection":[{"href":"https:\/\/teknologiateollisuus.fi\/healthtech\/wp-json\/wp\/v2\/pages"}],"about":[{"href":"https:\/\/teknologiateollisuus.fi\/healthtech\/wp-json\/wp\/v2\/types\/page"}],"author":[{"embeddable":true,"href":"https:\/\/teknologiateollisuus.fi\/healthtech\/wp-json\/wp\/v2\/users\/16"}],"replies":[{"embeddable":true,"href":"https:\/\/teknologiateollisuus.fi\/healthtech\/wp-json\/wp\/v2\/comments?post=463"}],"version-history":[{"count":9,"href":"https:\/\/teknologiateollisuus.fi\/healthtech\/wp-json\/wp\/v2\/pages\/463\/revisions"}],"predecessor-version":[{"id":5854,"href":"https:\/\/teknologiateollisuus.fi\/healthtech\/wp-json\/wp\/v2\/pages\/463\/revisions\/5854"}],"up":[{"embeddable":true,"href":"https:\/\/teknologiateollisuus.fi\/healthtech\/wp-json\/wp\/v2\/pages\/420"}],"wp:attachment":[{"href":"https:\/\/teknologiateollisuus.fi\/healthtech\/wp-json\/wp\/v2\/media?parent=463"}],"curies":[{"name":"wp","href":"https:\/\/api.w.org\/{rel}","templated":true}]}}