{"id":4642,"date":"2025-07-02T10:02:17","date_gmt":"2025-07-02T07:02:17","guid":{"rendered":"https:\/\/teknologiateollisuus.fi\/healthtech\/?page_id=4642"},"modified":"2026-05-07T15:58:02","modified_gmt":"2026-05-07T12:58:02","slug":"terveysteknologia-ry-kilpailuoikeus","status":"publish","type":"page","link":"https:\/\/teknologiateollisuus.fi\/healthtech\/terveysteknologia-ry-kilpailuoikeus\/","title":{"rendered":"Kilpailuoikeus"},"content":{"rendered":"\n<div class=\"em-block-hero hero-has-background-color has-background has-tangerine-background-color has-image media-position-right \">\n\t<div class=\"em-block-hero__container\">\n\t\t<div class=\"em-block-hero__content\">\n\t\t\t<div class=\"yoast-breadcrumbs\"><span><span><a href=\"https:\/\/teknologiateollisuus.fi\/healthtech\/\">Etusivu<\/a><\/span> <span class=\"separator\"><\/span> <span class=\"breadcrumb_last\" aria-current=\"page\">Kilpailuoikeus<\/span><\/span><\/div>\t\t\t\n<h1 class=\"wp-block-heading\" id=\"h-kilpailuoikeus\">Kilpailuoikeus<\/h1>\n\n<p><\/p>\n\t\t\t<div class=\"em-block-hero__modified-date\"> P\u00e4ivitetty 07.05.2026 klo 15:58<\/div>\t\t<\/div>\n\t\t\t\t\t<figure class=\"em-block-hero__image\">\n\t\t\t\t<img loading=\"lazy\" decoding=\"async\" width=\"2560\" height=\"1707\" src=\"https:\/\/teknologiateollisuus.fi\/healthtech\/wp-content\/uploads\/sites\/8\/2024\/06\/Kuvituskuva-ryhmatyo-3-scaled.jpg\" class=\"attachment-hero size-hero\" alt=\"Kuvituskuva neuvottelu puvut\" srcset=\"https:\/\/teknologiateollisuus.fi\/healthtech\/wp-content\/uploads\/sites\/8\/2024\/06\/Kuvituskuva-ryhmatyo-3-scaled.jpg 2560w, https:\/\/teknologiateollisuus.fi\/healthtech\/wp-content\/uploads\/sites\/8\/2024\/06\/Kuvituskuva-ryhmatyo-3-400x267.jpg 400w, https:\/\/teknologiateollisuus.fi\/healthtech\/wp-content\/uploads\/sites\/8\/2024\/06\/Kuvituskuva-ryhmatyo-3-968x645.jpg 968w, https:\/\/teknologiateollisuus.fi\/healthtech\/wp-content\/uploads\/sites\/8\/2024\/06\/Kuvituskuva-ryhmatyo-3-768x512.jpg 768w, https:\/\/teknologiateollisuus.fi\/healthtech\/wp-content\/uploads\/sites\/8\/2024\/06\/Kuvituskuva-ryhmatyo-3-1536x1024.jpg 1536w, https:\/\/teknologiateollisuus.fi\/healthtech\/wp-content\/uploads\/sites\/8\/2024\/06\/Kuvituskuva-ryhmatyo-3-2048x1365.jpg 2048w, https:\/\/teknologiateollisuus.fi\/healthtech\/wp-content\/uploads\/sites\/8\/2024\/06\/Kuvituskuva-ryhmatyo-3-1300x867.jpg 1300w, https:\/\/teknologiateollisuus.fi\/healthtech\/wp-content\/uploads\/sites\/8\/2024\/06\/Kuvituskuva-ryhmatyo-3-1440x960.jpg 1440w\" sizes=\"auto, (max-width: 2560px) 100vw, 2560px\" \/>\t\t\t<\/figure>\n\t\t\t<\/div>\n<\/div>\n\n\n\n<p>Huomioimme kokouksissamme kilpailuoikeuden, sill\u00e4 kokouksissa on l\u00e4sn\u00e4 kesken\u00e4\u00e4n kilpailevia tai samassa jakeluketjussa toimivia yrityksi\u00e4.<\/p>\n\n\n\n<h4 class=\"wp-block-heading\" id=\"h-kiellettyja-ovat-menettelyt\"><strong>Kiellettyj\u00e4 ovat menettelyt:<\/strong><\/h4>\n\n\n\n<ul class=\"wp-block-list\">\n<li>joilla yhteensovitetaan liiketoimintaa tai poistetaan ep\u00e4varmuutta kilpailijoiden markkinak\u00e4ytt\u00e4ytymisest\u00e4 sek\u00e4 luottamuksellisen tiedon vaihtaminen. Yritysten on teht\u00e4v\u00e4 liiketoiminnalliset ratkaisunsa t\u00e4ysin itsen\u00e4isesti. <\/li>\n\n\n\n<li>Alle 12 kk vanhaa tietoa, joka ei ole saatavissa julkisista l\u00e4hteist\u00e4 ja jolla voi olla vaikutusta yritysten&nbsp; k\u00e4ytt\u00e4ytymiseen markkinoilla, kuten hinnoittelussa, tarjouksissa tai niiden ehdoissa, ei saa vaihtaa tai k\u00e4sitell\u00e4 kokouksissa tai muuten kilpailijoiden v\u00e4lill\u00e4.<\/li>\n<\/ul>\n\n\n\n<h2 class=\"wp-block-heading\" id=\"h-competition-law-reminder\"><strong>Competition Law Reminder<\/strong><\/h2>\n\n\n\n<p>Participants&nbsp;to the meetings of Technology Industries of Finland or its branch associations may be companies&nbsp;operating&nbsp;in&nbsp;the&nbsp;same&nbsp;field&nbsp;of&nbsp;industry&nbsp;or&nbsp;part&nbsp;of&nbsp;the&nbsp;same&nbsp;distribution&nbsp;chain.&nbsp;<\/p>\n\n\n\n<h4 class=\"wp-block-heading\" id=\"h-strictly-nbsp-forbidden-nbsp-are\"><strong>Strictly<\/strong><strong>&nbsp;<\/strong><strong>forbidden<\/strong><strong>&nbsp;<\/strong><strong>are<\/strong><strong>:<\/strong><\/h4>\n\n\n\n<ul class=\"wp-block-list\">\n<li>Actions which align business operations or eliminate uncertainty between competitors in the market. Companies must make their business decisions fullyi ndependently.\u00a0<\/li>\n\n\n\n<li>Exchange of confidential information. Any information that is not from public sources or\u00a0which is less than 12 months old, and which may have impact on company behavior in the market, such as pricing, bids, bid terms, must not be exchanged or discussed in the meetings or otherwise between competing companies.<\/li>\n<\/ul>\n\n\n\n<article class=\"em-block-contact-card \">\n\n\t<div class=\"em-block-contact-card__image\">\n\t\t\t\t\t<img loading=\"lazy\" decoding=\"async\" width=\"300\" height=\"400\" src=\"https:\/\/teknologiateollisuus.fi\/healthtech\/wp-content\/uploads\/sites\/8\/2024\/06\/Paivi-Ahlgren-2-300x400.jpg\" class=\"attachment-portrait size-portrait\" alt=\"P\u00e4ivi Ahlgren\" \/>\t\t\t<\/div>\n\t<div class=\"em-block-contact-card__content-wrapper\">\n\t\t<div class=\"em-block-contact-card__content\">\n\t\t\t\t\t\t<h3 class=\"em-block-contact-card__title\"><a target=\"_self\" href=\"https:\/\/teknologiateollisuus.fi\/healthtech\/contacts\/paivi-ahlgren\/\">P\u00e4ivi Ahlgren<\/a><\/h3>\n\t\t\t\t\t\t\t<span class=\"em-block-contact-card__job_title\">S\u00e4\u00e4d\u00f6sasiantuntija, Regulatory Affairs Specialist <\/span>\n\t\t\t\t\t\t<span class=\"em-block-contact-card__organisation\">Terveysteknologia ry<\/span>\n\t\t<\/div>\n\t\t<div class=\"em-block-contact-card__content\">\n\t\t\t\t\t\t<address class=\"em-block-contact-card__contact-details\">\n\t\t\t\t<span class=\"em-block-contact-card__phone\">\n\t\t\t\t\t<a href=\"tel:+358 40 1937953\">+358 40 1937953<\/a>\n\t\t\t\t<\/span>\n\t\t\t\t<span class=\"em-block-contact-card__email\">\n\t\t\t\t\t<a href=\"mailto:paivi.ahlgren(at)teknologiateollisuus.fi \">paivi.ahlgren(at)teknologiateollisuus.fi <\/a>\n\t\t\t\t<\/span>\n\t\t\t<\/address>\n\t\t\t<div class='em-block-contact-card__socials'><div class=\"social-media-links\"><ul class=\"social-media-links__list\"><li><a href=\"https:\/\/www.linkedin.com\/in\/p%C3%A4ivi-ahlgren-79619515a?lipi=urn%3Ali%3Apage%3Ad_flagship3_profile_view_base_contact_details%3BYXYhmMhsR6u%2Fp9TVwECGIg%3D%3D\" target=\"_blank\" aria-label=\"Find me on linkedin\" data-service=\"linkedin\"><\/a><\/li><\/ul><\/div><\/div>\t\t<\/div>\n\t<\/div>\n\n<\/article>\n","protected":false},"excerpt":{"rendered":"<p>Huomioimme kokouksissamme kilpailuoikeuden, sill\u00e4 kokouksissa on l\u00e4sn\u00e4 kesken\u00e4\u00e4n kilpailevia tai samassa jakeluketjussa toimivia yrityksi\u00e4. Kiellettyj\u00e4 ovat menettelyt: Competition Law Reminder Participants&nbsp;to the meetings of Technology Industries of Finland or its branch associations may be companies&nbsp;operating&nbsp;in&nbsp;the&nbsp;same&nbsp;field&nbsp;of&nbsp;industry&nbsp;or&nbsp;part&nbsp;of&nbsp;the&nbsp;same&nbsp;distribution&nbsp;chain.&nbsp; Strictly&nbsp;forbidden&nbsp;are:<\/p>\n","protected":false},"author":16,"featured_media":0,"parent":0,"menu_order":0,"comment_status":"closed","ping_status":"closed","template":"","meta":{"_acf_changed":false,"_relevanssi_hide_post":"","_relevanssi_hide_content":"","_relevanssi_pin_for_all":"","_relevanssi_pin_keywords":"","_relevanssi_unpin_keywords":"","_relevanssi_related_keywords":"","_relevanssi_related_include_ids":"","_relevanssi_related_exclude_ids":"","_relevanssi_related_no_append":"","_relevanssi_related_not_related":"","_relevanssi_related_posts":"4071,906,2404,1544,792,943","_relevanssi_noindex_reason":"","inline_featured_image":false,"footnotes":""},"class_list":["post-4642","page","type-page","status-publish","hentry"],"acf":[],"yoast_head":"<!-- This site is optimized with the Yoast SEO Premium plugin v27.5 (Yoast SEO v27.5) - https:\/\/yoast.com\/product\/yoast-seo-premium-wordpress\/ -->\n<title>Terveysteknologia ry Kilpailuoikeus<\/title>\n<meta name=\"description\" content=\"Huomioimme kokouksissamme kilpailuoikeuden, sill\u00e4 kokouksissa on l\u00e4sn\u00e4 kesken\u00e4\u00e4n kilpailevia tai samassa jakeluketjussa toimivia yrityksi\u00e4.\" \/>\n<meta name=\"robots\" content=\"index, follow, max-snippet:-1, max-image-preview:large, max-video-preview:-1\" \/>\n<link rel=\"canonical\" href=\"https:\/\/teknologiateollisuus.fi\/healthtech\/terveysteknologia-ry-kilpailuoikeus\/\" \/>\n<meta property=\"og:locale\" content=\"fi_FI\" \/>\n<meta property=\"og:type\" content=\"article\" \/>\n<meta property=\"og:title\" content=\"Kilpailuoikeus\" \/>\n<meta property=\"og:description\" content=\"Huomioimme kokouksissamme kilpailuoikeuden, sill\u00e4 kokouksissa on l\u00e4sn\u00e4 kesken\u00e4\u00e4n kilpailevia tai samassa jakeluketjussa toimivia yrityksi\u00e4.\" \/>\n<meta property=\"og:url\" content=\"https:\/\/teknologiateollisuus.fi\/healthtech\/terveysteknologia-ry-kilpailuoikeus\/\" \/>\n<meta property=\"og:site_name\" content=\"Terveysteknologia\" \/>\n<meta property=\"article:modified_time\" content=\"2026-05-07T12:58:02+00:00\" \/>\n<meta name=\"twitter:card\" content=\"summary_large_image\" \/>\n<meta name=\"twitter:label1\" content=\"Arvioitu lukuaika\" \/>\n\t<meta name=\"twitter:data1\" content=\"2 minuuttia\" \/>\n<script type=\"application\/ld+json\" class=\"yoast-schema-graph\">{\"@context\":\"https:\\\/\\\/schema.org\",\"@graph\":[{\"@type\":\"WebPage\",\"@id\":\"https:\\\/\\\/teknologiateollisuus.fi\\\/healthtech\\\/terveysteknologia-ry-kilpailuoikeus\\\/\",\"url\":\"https:\\\/\\\/teknologiateollisuus.fi\\\/healthtech\\\/terveysteknologia-ry-kilpailuoikeus\\\/\",\"name\":\"Terveysteknologia ry Kilpailuoikeus\",\"isPartOf\":{\"@id\":\"https:\\\/\\\/teknologiateollisuus.fi\\\/healthtech\\\/#website\"},\"datePublished\":\"2025-07-02T07:02:17+00:00\",\"dateModified\":\"2026-05-07T12:58:02+00:00\",\"description\":\"Huomioimme kokouksissamme kilpailuoikeuden, sill\u00e4 kokouksissa on l\u00e4sn\u00e4 kesken\u00e4\u00e4n kilpailevia tai samassa jakeluketjussa toimivia yrityksi\u00e4.\",\"breadcrumb\":{\"@id\":\"https:\\\/\\\/teknologiateollisuus.fi\\\/healthtech\\\/terveysteknologia-ry-kilpailuoikeus\\\/#breadcrumb\"},\"inLanguage\":\"fi\",\"potentialAction\":[{\"@type\":\"ReadAction\",\"target\":[\"https:\\\/\\\/teknologiateollisuus.fi\\\/healthtech\\\/terveysteknologia-ry-kilpailuoikeus\\\/\"]}]},{\"@type\":\"BreadcrumbList\",\"@id\":\"https:\\\/\\\/teknologiateollisuus.fi\\\/healthtech\\\/terveysteknologia-ry-kilpailuoikeus\\\/#breadcrumb\",\"itemListElement\":[{\"@type\":\"ListItem\",\"position\":1,\"name\":\"Etusivu\",\"item\":\"https:\\\/\\\/teknologiateollisuus.fi\\\/healthtech\\\/\"},{\"@type\":\"ListItem\",\"position\":2,\"name\":\"Kilpailuoikeus\"}]},{\"@type\":\"WebSite\",\"@id\":\"https:\\\/\\\/teknologiateollisuus.fi\\\/healthtech\\\/#website\",\"url\":\"https:\\\/\\\/teknologiateollisuus.fi\\\/healthtech\\\/\",\"name\":\"Terveysteknologia\",\"description\":\"\",\"potentialAction\":[{\"@type\":\"SearchAction\",\"target\":{\"@type\":\"EntryPoint\",\"urlTemplate\":\"https:\\\/\\\/teknologiateollisuus.fi\\\/healthtech\\\/?s={search_term_string}\"},\"query-input\":{\"@type\":\"PropertyValueSpecification\",\"valueRequired\":true,\"valueName\":\"search_term_string\"}}],\"inLanguage\":\"fi\"}]}<\/script>\n<!-- \/ Yoast SEO Premium plugin. -->","yoast_head_json":{"title":"Terveysteknologia ry Kilpailuoikeus","description":"Huomioimme kokouksissamme kilpailuoikeuden, sill\u00e4 kokouksissa on l\u00e4sn\u00e4 kesken\u00e4\u00e4n kilpailevia tai samassa jakeluketjussa toimivia yrityksi\u00e4.","robots":{"index":"index","follow":"follow","max-snippet":"max-snippet:-1","max-image-preview":"max-image-preview:large","max-video-preview":"max-video-preview:-1"},"canonical":"https:\/\/teknologiateollisuus.fi\/healthtech\/terveysteknologia-ry-kilpailuoikeus\/","og_locale":"fi_FI","og_type":"article","og_title":"Kilpailuoikeus","og_description":"Huomioimme kokouksissamme kilpailuoikeuden, sill\u00e4 kokouksissa on l\u00e4sn\u00e4 kesken\u00e4\u00e4n kilpailevia tai samassa jakeluketjussa toimivia yrityksi\u00e4.","og_url":"https:\/\/teknologiateollisuus.fi\/healthtech\/terveysteknologia-ry-kilpailuoikeus\/","og_site_name":"Terveysteknologia","article_modified_time":"2026-05-07T12:58:02+00:00","twitter_card":"summary_large_image","twitter_misc":{"Arvioitu lukuaika":"2 minuuttia"},"schema":{"@context":"https:\/\/schema.org","@graph":[{"@type":"WebPage","@id":"https:\/\/teknologiateollisuus.fi\/healthtech\/terveysteknologia-ry-kilpailuoikeus\/","url":"https:\/\/teknologiateollisuus.fi\/healthtech\/terveysteknologia-ry-kilpailuoikeus\/","name":"Terveysteknologia ry Kilpailuoikeus","isPartOf":{"@id":"https:\/\/teknologiateollisuus.fi\/healthtech\/#website"},"datePublished":"2025-07-02T07:02:17+00:00","dateModified":"2026-05-07T12:58:02+00:00","description":"Huomioimme kokouksissamme kilpailuoikeuden, sill\u00e4 kokouksissa on l\u00e4sn\u00e4 kesken\u00e4\u00e4n kilpailevia tai samassa jakeluketjussa toimivia yrityksi\u00e4.","breadcrumb":{"@id":"https:\/\/teknologiateollisuus.fi\/healthtech\/terveysteknologia-ry-kilpailuoikeus\/#breadcrumb"},"inLanguage":"fi","potentialAction":[{"@type":"ReadAction","target":["https:\/\/teknologiateollisuus.fi\/healthtech\/terveysteknologia-ry-kilpailuoikeus\/"]}]},{"@type":"BreadcrumbList","@id":"https:\/\/teknologiateollisuus.fi\/healthtech\/terveysteknologia-ry-kilpailuoikeus\/#breadcrumb","itemListElement":[{"@type":"ListItem","position":1,"name":"Etusivu","item":"https:\/\/teknologiateollisuus.fi\/healthtech\/"},{"@type":"ListItem","position":2,"name":"Kilpailuoikeus"}]},{"@type":"WebSite","@id":"https:\/\/teknologiateollisuus.fi\/healthtech\/#website","url":"https:\/\/teknologiateollisuus.fi\/healthtech\/","name":"Terveysteknologia","description":"","potentialAction":[{"@type":"SearchAction","target":{"@type":"EntryPoint","urlTemplate":"https:\/\/teknologiateollisuus.fi\/healthtech\/?s={search_term_string}"},"query-input":{"@type":"PropertyValueSpecification","valueRequired":true,"valueName":"search_term_string"}}],"inLanguage":"fi"}]}},"lang":"fi","translations":{"fi":4642},"pll_sync_post":{},"_links":{"self":[{"href":"https:\/\/teknologiateollisuus.fi\/healthtech\/wp-json\/wp\/v2\/pages\/4642","targetHints":{"allow":["GET"]}}],"collection":[{"href":"https:\/\/teknologiateollisuus.fi\/healthtech\/wp-json\/wp\/v2\/pages"}],"about":[{"href":"https:\/\/teknologiateollisuus.fi\/healthtech\/wp-json\/wp\/v2\/types\/page"}],"author":[{"embeddable":true,"href":"https:\/\/teknologiateollisuus.fi\/healthtech\/wp-json\/wp\/v2\/users\/16"}],"replies":[{"embeddable":true,"href":"https:\/\/teknologiateollisuus.fi\/healthtech\/wp-json\/wp\/v2\/comments?post=4642"}],"version-history":[{"count":4,"href":"https:\/\/teknologiateollisuus.fi\/healthtech\/wp-json\/wp\/v2\/pages\/4642\/revisions"}],"predecessor-version":[{"id":5947,"href":"https:\/\/teknologiateollisuus.fi\/healthtech\/wp-json\/wp\/v2\/pages\/4642\/revisions\/5947"}],"wp:attachment":[{"href":"https:\/\/teknologiateollisuus.fi\/healthtech\/wp-json\/wp\/v2\/media?parent=4642"}],"curies":[{"name":"wp","href":"https:\/\/api.w.org\/{rel}","templated":true}]}}