{"id":476,"date":"2026-03-10T14:10:10","date_gmt":"2026-03-10T12:10:10","guid":{"rendered":"https:\/\/teknologiateollisuus.fi\/healthtech\/?page_id=476"},"modified":"2026-04-15T12:40:30","modified_gmt":"2026-04-15T09:40:30","slug":"vientitilastot","status":"publish","type":"page","link":"https:\/\/teknologiateollisuus.fi\/healthtech\/terveysteknologia-osana-terveysalaa\/vientitilastot\/","title":{"rendered":"Vienti"},"content":{"rendered":"\n<div class=\"em-block-hero hero-has-background-color has-background has-tangerine-background-color has-image media-position-right \">\n\t<div class=\"em-block-hero__container\">\n\t\t<div class=\"em-block-hero__content\">\n\t\t\t<div class=\"yoast-breadcrumbs\"><span><span><a href=\"https:\/\/teknologiateollisuus.fi\/healthtech\/\">Etusivu<\/a><\/span> <span class=\"separator\"><\/span> <span><a href=\"https:\/\/teknologiateollisuus.fi\/healthtech\/terveysteknologia-osana-terveysalaa\/\">Terveysteknologia toimialana<\/a><\/span> <span class=\"separator\"><\/span> <span class=\"breadcrumb_last\" aria-current=\"page\">Vienti<\/span><\/span><\/div>\t\t\t\n<h1 class=\"wp-block-heading\" id=\"h-vienti-2025\">Vienti 2025<\/h1>\n\n<p>Terveysteknologian tuotevienti edelleen ylij\u00e4\u00e4m\u00e4ist\u00e4<\/p>\n\t\t\t<div class=\"em-block-hero__modified-date\"> P\u00e4ivitetty 15.04.2026 klo 12:40<\/div>\t\t<\/div>\n\t\t\t\t\t<figure class=\"em-block-hero__image\">\n\t\t\t\t<img loading=\"lazy\" decoding=\"async\" width=\"684\" height=\"456\" src=\"https:\/\/teknologiateollisuus.fi\/healthtech\/wp-content\/uploads\/sites\/8\/2024\/06\/Vuosaaren-satama.jpg\" class=\"attachment-hero size-hero\" alt=\"Vuosaaren satama\" srcset=\"https:\/\/teknologiateollisuus.fi\/healthtech\/wp-content\/uploads\/sites\/8\/2024\/06\/Vuosaaren-satama.jpg 684w, https:\/\/teknologiateollisuus.fi\/healthtech\/wp-content\/uploads\/sites\/8\/2024\/06\/Vuosaaren-satama-400x267.jpg 400w\" sizes=\"auto, (max-width: 684px) 100vw, 684px\" \/>\t\t\t<\/figure>\n\t\t\t<\/div>\n<\/div>\n\n\n\n<h2 class=\"wp-block-heading\" id=\"h-terveysteknologian-tuotevienti-uuteen-ennatykseen-vuonna-2025\" id=\"terveysteknologian-tuotevienti-uuteen-ennatykseen-vuonna-2025\">Terveysteknologian tuotevienti uuteen enn\u00e4tykseen vuonna 2025<\/h2>\n\n\n\n<h4 class=\"wp-block-heading\" id=\"h-terveysteknologian-tuotevienti-kasvoi-8-vuonna-2025-ja-viennin-arvo-saavutti-uuden-ennatystason-2-79-miljardia-euroa\" id=\"terveysteknologian-tuotevienti-kasvoi-8-vuonna-2025-ja-viennin-arvo-saavutti-uuden-ennatystason-279-miljardia-euroa\">Terveysteknologian tuotevienti kasvoi 8 % vuonna 2025 ja viennin arvo saavutti uuden enn\u00e4tystason, 2,79 miljardia euroa.<\/h4>\n\n\n\n<p>Terveysteknologia ry:n toimitusjohtaja<strong>&nbsp;Saara Hassinen<\/strong>&nbsp;on tyytyv\u00e4inen, ett\u00e4 Yhdysvaltojen viime vuonna asetetut tuontitullit eiv\u00e4t est\u00e4neet viennin kasvua.<\/p>\n\n\n\n<p>\u2013 Uhka Yhdysvaltojen tuontitullien vaikutuksista ei onneksi toteutunut. Ilmeisesti tullit on p\u00e4\u00e4osin siirretty hintoihin, joten ne ovat j\u00e4\u00e4neet amerikkalaisten maksettavaksi, Hassinen arvioi.<\/p>\n\n\n\n<p>Yhdysvallat on jo vuosia ollut t\u00e4rkein vientikohde terveysteknologiayrityksille. Kolmasosa alan tuoteviennist\u00e4 suuntautuu sinne, my\u00f6s vuonna 2025. Markkina on suuri ja yritysten referenssin\u00e4 paras mahdollinen. Tuoteviennin arvo Yhdysvaltoihin oli 0,92 miljardia, Eurooppaan 1,23 miljardia ja Aasiaan 0,36 miljardia euroa vuonna 2025.<\/p>\n\n\n\n<p>Alan viennin ja tuonnin erotus viime vuonna oli 1,2 miljardia euroa. Parinkymmenen viime vuoden aikana kertynyt yli 18 miljardin viennin ylij\u00e4\u00e4m\u00e4 on luonut ty\u00f6paikkoja ja panostuksia niin kehitysty\u00f6h\u00f6n kuin teollisiin investointeihin.<\/p>\n\n\n\n<p>Vientiedot perustuvat Tullin ulkomaankauppatilastoon, josta ei saa ohjelmistoviennin tai digitaalisten palvelujen vientitietoja toimialakohtaisesti. Niiden arvo on yleisesti noin kolmasosa kokonaisviennist\u00e4.<\/p>\n\n\n\n<article class=\"em-block-contact-card is-style-list\">\n\n\t<div class=\"em-block-contact-card__image\">\n\t\t\t\t\t<img loading=\"lazy\" decoding=\"async\" width=\"300\" height=\"400\" src=\"https:\/\/teknologiateollisuus.fi\/healthtech\/wp-content\/uploads\/sites\/8\/2024\/06\/Hassinen_Saara_Terveysteknologia-ry-300x400.jpg\" class=\"attachment-portrait size-portrait\" alt=\"Saara Hassinen\" \/>\t\t\t<\/div>\n\t<div class=\"em-block-contact-card__content-wrapper\">\n\t\t<div class=\"em-block-contact-card__content\">\n\t\t\t\t\t\t<h3 class=\"em-block-contact-card__title\"><a target=\"_self\" href=\"https:\/\/teknologiateollisuus.fi\/healthtech\/contacts\/saara-hassinen\/\">Saara Hassinen<\/a><\/h3>\n\t\t\t\t\t\t\t<span class=\"em-block-contact-card__job_title\">Toimitusjohtaja, Managing Director<\/span>\n\t\t\t\t\t\t<span class=\"em-block-contact-card__organisation\">Terveysteknologia ry<\/span>\n\t\t<\/div>\n\t\t<div class=\"em-block-contact-card__content\">\n\t\t\t\t\t\t<address class=\"em-block-contact-card__contact-details\">\n\t\t\t\t<span class=\"em-block-contact-card__phone\">\n\t\t\t\t\t<a href=\"tel:+358 40 531 1661\">+358 40 531 1661<\/a>\n\t\t\t\t<\/span>\n\t\t\t\t<span class=\"em-block-contact-card__email\">\n\t\t\t\t\t<a href=\"mailto:saara.hassinen(at)teknologiateollisuus.fi\">saara.hassinen(at)teknologiateollisuus.fi<\/a>\n\t\t\t\t<\/span>\n\t\t\t<\/address>\n\t\t\t<div class='em-block-contact-card__socials'><div class=\"social-media-links\"><ul class=\"social-media-links__list\"><li><a href=\"https:\/\/twitter.com\/SaaraHassinen\" target=\"_blank\" aria-label=\"Find me on twitter\" data-service=\"twitter\"><\/a><\/li><li><a href=\"https:\/\/linkedin.com\/in\/saara-hassinen-7993121a\" target=\"_blank\" aria-label=\"Find me on linkedin\" data-service=\"linkedin\"><\/a><\/li><\/ul><\/div><\/div>\t\t<\/div>\n\t<\/div>\n\n<\/article>\n","protected":false},"excerpt":{"rendered":"<p>Terveysteknologian tuotevienti uuteen enn\u00e4tykseen vuonna 2025 Terveysteknologian tuotevienti kasvoi 8 % vuonna 2025 ja viennin arvo saavutti uuden enn\u00e4tystason, 2,79 miljardia euroa. Terveysteknologia ry:n toimitusjohtaja&nbsp;Saara Hassinen&nbsp;on tyytyv\u00e4inen, ett\u00e4 Yhdysvaltojen viime vuonna asetetut tuontitullit eiv\u00e4t est\u00e4neet viennin kasvua. \u2013 Uhka Yhdysvaltojen tuontitullien vaikutuksista ei onneksi toteutunut. Ilmeisesti tullit on p\u00e4\u00e4osin siirretty hintoihin, joten ne ovat j\u00e4\u00e4neet [&hellip;]<\/p>\n","protected":false},"author":16,"featured_media":0,"parent":420,"menu_order":9,"comment_status":"closed","ping_status":"closed","template":"","meta":{"_acf_changed":false,"_relevanssi_hide_post":"","_relevanssi_hide_content":"","_relevanssi_pin_for_all":"","_relevanssi_pin_keywords":"","_relevanssi_unpin_keywords":"","_relevanssi_related_keywords":"","_relevanssi_related_include_ids":"","_relevanssi_related_exclude_ids":"","_relevanssi_related_no_append":"","_relevanssi_related_not_related":"","_relevanssi_related_posts":"1","_relevanssi_noindex_reason":"","inline_featured_image":false,"footnotes":""},"class_list":["post-476","page","type-page","status-publish","hentry"],"acf":[],"yoast_head":"<!-- This site is optimized with the Yoast SEO Premium plugin v27.1 (Yoast SEO v27.4) - https:\/\/yoast.com\/product\/yoast-seo-premium-wordpress\/ -->\n<title>Mahdolliset tuontitullit heitt\u00e4v\u00e4t varjon viennin kasvulle<\/title>\n<meta name=\"description\" content=\"Viennin arvo oli 2,57 miljardia euroa vuonna 2024. Uhka Yhdysvaltojen tuontitulleista ei viel\u00e4 n\u00e4kynyt viennin arvossa.\" \/>\n<meta name=\"robots\" content=\"index, follow, max-snippet:-1, max-image-preview:large, max-video-preview:-1\" \/>\n<link rel=\"canonical\" href=\"https:\/\/teknologiateollisuus.fi\/healthtech\/terveysteknologia-osana-terveysalaa\/vientitilastot\/\" \/>\n<meta property=\"og:locale\" content=\"fi_FI\" \/>\n<meta property=\"og:type\" content=\"article\" \/>\n<meta property=\"og:title\" content=\"Vienti\" \/>\n<meta property=\"og:description\" content=\"Viennin arvo oli 2,57 miljardia euroa vuonna 2024. Uhka Yhdysvaltojen tuontitulleista ei viel\u00e4 n\u00e4kynyt viennin arvossa.\" \/>\n<meta property=\"og:url\" content=\"https:\/\/teknologiateollisuus.fi\/healthtech\/terveysteknologia-osana-terveysalaa\/vientitilastot\/\" \/>\n<meta property=\"og:site_name\" content=\"Terveysteknologia\" \/>\n<meta property=\"article:modified_time\" content=\"2026-04-15T09:40:30+00:00\" \/>\n<meta name=\"twitter:card\" content=\"summary_large_image\" \/>\n<meta name=\"twitter:label1\" content=\"Arvioitu lukuaika\" \/>\n\t<meta name=\"twitter:data1\" content=\"1 minuutti\" \/>\n<script type=\"application\/ld+json\" class=\"yoast-schema-graph\">{\"@context\":\"https:\\\/\\\/schema.org\",\"@graph\":[{\"@type\":\"WebPage\",\"@id\":\"https:\\\/\\\/teknologiateollisuus.fi\\\/healthtech\\\/terveysteknologia-osana-terveysalaa\\\/vientitilastot\\\/\",\"url\":\"https:\\\/\\\/teknologiateollisuus.fi\\\/healthtech\\\/terveysteknologia-osana-terveysalaa\\\/vientitilastot\\\/\",\"name\":\"Mahdolliset tuontitullit heitt\u00e4v\u00e4t varjon viennin kasvulle\",\"isPartOf\":{\"@id\":\"https:\\\/\\\/teknologiateollisuus.fi\\\/healthtech\\\/#website\"},\"datePublished\":\"2026-03-10T12:10:10+00:00\",\"dateModified\":\"2026-04-15T09:40:30+00:00\",\"description\":\"Viennin arvo oli 2,57 miljardia euroa vuonna 2024. Uhka Yhdysvaltojen tuontitulleista ei viel\u00e4 n\u00e4kynyt viennin arvossa.\",\"breadcrumb\":{\"@id\":\"https:\\\/\\\/teknologiateollisuus.fi\\\/healthtech\\\/terveysteknologia-osana-terveysalaa\\\/vientitilastot\\\/#breadcrumb\"},\"inLanguage\":\"fi\",\"potentialAction\":[{\"@type\":\"ReadAction\",\"target\":[\"https:\\\/\\\/teknologiateollisuus.fi\\\/healthtech\\\/terveysteknologia-osana-terveysalaa\\\/vientitilastot\\\/\"]}]},{\"@type\":\"BreadcrumbList\",\"@id\":\"https:\\\/\\\/teknologiateollisuus.fi\\\/healthtech\\\/terveysteknologia-osana-terveysalaa\\\/vientitilastot\\\/#breadcrumb\",\"itemListElement\":[{\"@type\":\"ListItem\",\"position\":1,\"name\":\"Etusivu\",\"item\":\"https:\\\/\\\/teknologiateollisuus.fi\\\/healthtech\\\/\"},{\"@type\":\"ListItem\",\"position\":2,\"name\":\"Terveysteknologia toimialana\",\"item\":\"https:\\\/\\\/teknologiateollisuus.fi\\\/healthtech\\\/terveysteknologia-osana-terveysalaa\\\/\"},{\"@type\":\"ListItem\",\"position\":3,\"name\":\"Vienti\"}]},{\"@type\":\"WebSite\",\"@id\":\"https:\\\/\\\/teknologiateollisuus.fi\\\/healthtech\\\/#website\",\"url\":\"https:\\\/\\\/teknologiateollisuus.fi\\\/healthtech\\\/\",\"name\":\"Terveysteknologia\",\"description\":\"\",\"potentialAction\":[{\"@type\":\"SearchAction\",\"target\":{\"@type\":\"EntryPoint\",\"urlTemplate\":\"https:\\\/\\\/teknologiateollisuus.fi\\\/healthtech\\\/?s={search_term_string}\"},\"query-input\":{\"@type\":\"PropertyValueSpecification\",\"valueRequired\":true,\"valueName\":\"search_term_string\"}}],\"inLanguage\":\"fi\"}]}<\/script>\n<!-- \/ Yoast SEO Premium plugin. -->","yoast_head_json":{"title":"Mahdolliset tuontitullit heitt\u00e4v\u00e4t varjon viennin kasvulle","description":"Viennin arvo oli 2,57 miljardia euroa vuonna 2024. Uhka Yhdysvaltojen tuontitulleista ei viel\u00e4 n\u00e4kynyt viennin arvossa.","robots":{"index":"index","follow":"follow","max-snippet":"max-snippet:-1","max-image-preview":"max-image-preview:large","max-video-preview":"max-video-preview:-1"},"canonical":"https:\/\/teknologiateollisuus.fi\/healthtech\/terveysteknologia-osana-terveysalaa\/vientitilastot\/","og_locale":"fi_FI","og_type":"article","og_title":"Vienti","og_description":"Viennin arvo oli 2,57 miljardia euroa vuonna 2024. Uhka Yhdysvaltojen tuontitulleista ei viel\u00e4 n\u00e4kynyt viennin arvossa.","og_url":"https:\/\/teknologiateollisuus.fi\/healthtech\/terveysteknologia-osana-terveysalaa\/vientitilastot\/","og_site_name":"Terveysteknologia","article_modified_time":"2026-04-15T09:40:30+00:00","twitter_card":"summary_large_image","twitter_misc":{"Arvioitu lukuaika":"1 minuutti"},"schema":{"@context":"https:\/\/schema.org","@graph":[{"@type":"WebPage","@id":"https:\/\/teknologiateollisuus.fi\/healthtech\/terveysteknologia-osana-terveysalaa\/vientitilastot\/","url":"https:\/\/teknologiateollisuus.fi\/healthtech\/terveysteknologia-osana-terveysalaa\/vientitilastot\/","name":"Mahdolliset tuontitullit heitt\u00e4v\u00e4t varjon viennin kasvulle","isPartOf":{"@id":"https:\/\/teknologiateollisuus.fi\/healthtech\/#website"},"datePublished":"2026-03-10T12:10:10+00:00","dateModified":"2026-04-15T09:40:30+00:00","description":"Viennin arvo oli 2,57 miljardia euroa vuonna 2024. Uhka Yhdysvaltojen tuontitulleista ei viel\u00e4 n\u00e4kynyt viennin arvossa.","breadcrumb":{"@id":"https:\/\/teknologiateollisuus.fi\/healthtech\/terveysteknologia-osana-terveysalaa\/vientitilastot\/#breadcrumb"},"inLanguage":"fi","potentialAction":[{"@type":"ReadAction","target":["https:\/\/teknologiateollisuus.fi\/healthtech\/terveysteknologia-osana-terveysalaa\/vientitilastot\/"]}]},{"@type":"BreadcrumbList","@id":"https:\/\/teknologiateollisuus.fi\/healthtech\/terveysteknologia-osana-terveysalaa\/vientitilastot\/#breadcrumb","itemListElement":[{"@type":"ListItem","position":1,"name":"Etusivu","item":"https:\/\/teknologiateollisuus.fi\/healthtech\/"},{"@type":"ListItem","position":2,"name":"Terveysteknologia toimialana","item":"https:\/\/teknologiateollisuus.fi\/healthtech\/terveysteknologia-osana-terveysalaa\/"},{"@type":"ListItem","position":3,"name":"Vienti"}]},{"@type":"WebSite","@id":"https:\/\/teknologiateollisuus.fi\/healthtech\/#website","url":"https:\/\/teknologiateollisuus.fi\/healthtech\/","name":"Terveysteknologia","description":"","potentialAction":[{"@type":"SearchAction","target":{"@type":"EntryPoint","urlTemplate":"https:\/\/teknologiateollisuus.fi\/healthtech\/?s={search_term_string}"},"query-input":{"@type":"PropertyValueSpecification","valueRequired":true,"valueName":"search_term_string"}}],"inLanguage":"fi"}]}},"lang":"fi","translations":{"fi":476},"pll_sync_post":[],"_links":{"self":[{"href":"https:\/\/teknologiateollisuus.fi\/healthtech\/wp-json\/wp\/v2\/pages\/476","targetHints":{"allow":["GET"]}}],"collection":[{"href":"https:\/\/teknologiateollisuus.fi\/healthtech\/wp-json\/wp\/v2\/pages"}],"about":[{"href":"https:\/\/teknologiateollisuus.fi\/healthtech\/wp-json\/wp\/v2\/types\/page"}],"author":[{"embeddable":true,"href":"https:\/\/teknologiateollisuus.fi\/healthtech\/wp-json\/wp\/v2\/users\/16"}],"replies":[{"embeddable":true,"href":"https:\/\/teknologiateollisuus.fi\/healthtech\/wp-json\/wp\/v2\/comments?post=476"}],"version-history":[{"count":8,"href":"https:\/\/teknologiateollisuus.fi\/healthtech\/wp-json\/wp\/v2\/pages\/476\/revisions"}],"predecessor-version":[{"id":5853,"href":"https:\/\/teknologiateollisuus.fi\/healthtech\/wp-json\/wp\/v2\/pages\/476\/revisions\/5853"}],"up":[{"embeddable":true,"href":"https:\/\/teknologiateollisuus.fi\/healthtech\/wp-json\/wp\/v2\/pages\/420"}],"wp:attachment":[{"href":"https:\/\/teknologiateollisuus.fi\/healthtech\/wp-json\/wp\/v2\/media?parent=476"}],"curies":[{"name":"wp","href":"https:\/\/api.w.org\/{rel}","templated":true}]}}