{"id":489,"date":"2024-06-28T15:17:25","date_gmt":"2024-06-28T12:17:25","guid":{"rendered":"https:\/\/teknologiateollisuus.fi\/healthtech\/?page_id=489"},"modified":"2026-01-26T12:52:27","modified_gmt":"2026-01-26T10:52:27","slug":"terveysteknologia-ryn-strategia","status":"publish","type":"page","link":"https:\/\/teknologiateollisuus.fi\/healthtech\/terveysteknologia-ry-on-yritysten-kohtaamispaikka\/terveysteknologia-ryn-strategia\/","title":{"rendered":"Strategia"},"content":{"rendered":"\n<div class=\"em-block-hero hero-has-background-color has-background has-tangerine-background-color has-image media-position-right \">\n\t<div class=\"em-block-hero__container\">\n\t\t<div class=\"em-block-hero__content\">\n\t\t\t<div class=\"yoast-breadcrumbs\"><span><span><a href=\"https:\/\/teknologiateollisuus.fi\/healthtech\/\">Etusivu<\/a><\/span> <span class=\"separator\"><\/span> <span><a href=\"https:\/\/teknologiateollisuus.fi\/healthtech\/terveysteknologia-ry-on-yritysten-kohtaamispaikka\/\">Yhdistys<\/a><\/span> <span class=\"separator\"><\/span> <span class=\"breadcrumb_last\" aria-current=\"page\">Strategia<\/span><\/span><\/div>\t\t\t\n<h1 class=\"wp-block-heading\" id=\"h-strategia-2030\">Strategia 2030<\/h1>\n\n<p>Terveysteknologia ry &#8211; Healthtech Finland on johtava yhteis\u00f6 ja vaikuttaja terveysalalla. Strategiamme t\u00e4ht\u00e4\u00e4 terveysteknologia-alan yritysten kasvuun.<\/p>\n\t\t\t<div class=\"em-block-hero__modified-date\"> P\u00e4ivitetty 26.01.2026 klo 12:52<\/div>\t\t<\/div>\n\t\t\t\t\t<figure class=\"em-block-hero__image\">\n\t\t\t\t<img loading=\"lazy\" decoding=\"async\" width=\"1920\" height=\"1280\" src=\"https:\/\/teknologiateollisuus.fi\/healthtech\/wp-content\/uploads\/sites\/8\/2024\/06\/Kuvituskuva-tietokone-kadet-2.jpg\" class=\"attachment-hero size-hero\" alt=\"Kuvituskuva tietokone k\u00e4det 2\" srcset=\"https:\/\/teknologiateollisuus.fi\/healthtech\/wp-content\/uploads\/sites\/8\/2024\/06\/Kuvituskuva-tietokone-kadet-2.jpg 1920w, https:\/\/teknologiateollisuus.fi\/healthtech\/wp-content\/uploads\/sites\/8\/2024\/06\/Kuvituskuva-tietokone-kadet-2-400x267.jpg 400w, https:\/\/teknologiateollisuus.fi\/healthtech\/wp-content\/uploads\/sites\/8\/2024\/06\/Kuvituskuva-tietokone-kadet-2-968x645.jpg 968w, https:\/\/teknologiateollisuus.fi\/healthtech\/wp-content\/uploads\/sites\/8\/2024\/06\/Kuvituskuva-tietokone-kadet-2-768x512.jpg 768w, https:\/\/teknologiateollisuus.fi\/healthtech\/wp-content\/uploads\/sites\/8\/2024\/06\/Kuvituskuva-tietokone-kadet-2-1536x1024.jpg 1536w, https:\/\/teknologiateollisuus.fi\/healthtech\/wp-content\/uploads\/sites\/8\/2024\/06\/Kuvituskuva-tietokone-kadet-2-1300x867.jpg 1300w, https:\/\/teknologiateollisuus.fi\/healthtech\/wp-content\/uploads\/sites\/8\/2024\/06\/Kuvituskuva-tietokone-kadet-2-1440x960.jpg 1440w\" sizes=\"auto, (max-width: 1920px) 100vw, 1920px\" \/>\t\t\t<\/figure>\n\t\t\t<\/div>\n<\/div>\n\n\n\n<div class=\"wp-block-group is-layout-constrained wp-block-group-is-layout-constrained\">\n<figure class=\"wp-block-image alignleft is-resized\"><img loading=\"lazy\" decoding=\"async\" width=\"968\" height=\"541\" src=\"https:\/\/teknologiateollisuus.fi\/healthtech\/wp-content\/uploads\/sites\/8\/2024\/07\/Strategia2023-968x541.png\" alt=\"Terveysteknologia ry strategia 2030\" class=\"wp-image-632\" style=\"width:988px;height:auto\" srcset=\"https:\/\/teknologiateollisuus.fi\/healthtech\/wp-content\/uploads\/sites\/8\/2024\/07\/Strategia2023-968x541.png 968w, https:\/\/teknologiateollisuus.fi\/healthtech\/wp-content\/uploads\/sites\/8\/2024\/07\/Strategia2023-400x224.png 400w, https:\/\/teknologiateollisuus.fi\/healthtech\/wp-content\/uploads\/sites\/8\/2024\/07\/Strategia2023-768x430.png 768w, https:\/\/teknologiateollisuus.fi\/healthtech\/wp-content\/uploads\/sites\/8\/2024\/07\/Strategia2023.png 1146w\" sizes=\"auto, (max-width: 968px) 100vw, 968px\" \/><\/figure>\n<\/div>\n\n\n\n<div class=\"wp-block-group is-content-justification-left is-layout-constrained wp-container-core-group-is-layout-8c890d92 wp-block-group-is-layout-constrained\">\n<figure class=\"wp-block-image\"><img loading=\"lazy\" decoding=\"async\" width=\"968\" height=\"545\" src=\"https:\/\/teknologiateollisuus.fi\/healthtech\/wp-content\/uploads\/sites\/8\/2024\/07\/Strategia2030-1-968x545.png\" alt=\"Terveysteknologia ry tarkoitus\" class=\"wp-image-629\" srcset=\"https:\/\/teknologiateollisuus.fi\/healthtech\/wp-content\/uploads\/sites\/8\/2024\/07\/Strategia2030-1-968x545.png 968w, https:\/\/teknologiateollisuus.fi\/healthtech\/wp-content\/uploads\/sites\/8\/2024\/07\/Strategia2030-1-400x225.png 400w, https:\/\/teknologiateollisuus.fi\/healthtech\/wp-content\/uploads\/sites\/8\/2024\/07\/Strategia2030-1-768x432.png 768w, https:\/\/teknologiateollisuus.fi\/healthtech\/wp-content\/uploads\/sites\/8\/2024\/07\/Strategia2030-1.png 1149w\" sizes=\"auto, (max-width: 968px) 100vw, 968px\" \/><\/figure>\n<\/div>\n\n\n\n<div class=\"wp-block-group is-layout-constrained wp-block-group-is-layout-constrained\">\n<figure class=\"wp-block-image alignwide\"><img loading=\"lazy\" decoding=\"async\" width=\"968\" height=\"484\" src=\"https:\/\/teknologiateollisuus.fi\/healthtech\/wp-content\/uploads\/sites\/8\/2024\/06\/Terveysteknologia-Suomi-968x484.png\" alt=\"Terveysteknologia Suomi\" class=\"wp-image-488\" srcset=\"https:\/\/teknologiateollisuus.fi\/healthtech\/wp-content\/uploads\/sites\/8\/2024\/06\/Terveysteknologia-Suomi-968x484.png 968w, https:\/\/teknologiateollisuus.fi\/healthtech\/wp-content\/uploads\/sites\/8\/2024\/06\/Terveysteknologia-Suomi-400x200.png 400w, https:\/\/teknologiateollisuus.fi\/healthtech\/wp-content\/uploads\/sites\/8\/2024\/06\/Terveysteknologia-Suomi-768x384.png 768w, https:\/\/teknologiateollisuus.fi\/healthtech\/wp-content\/uploads\/sites\/8\/2024\/06\/Terveysteknologia-Suomi.png 1200w\" sizes=\"auto, (max-width: 968px) 100vw, 968px\" \/><\/figure>\n<\/div>\n\n\n\n<article class=\"em-block-contact-card is-style-list\">\n\n\t<div class=\"em-block-contact-card__image\">\n\t\t\t\t\t<img loading=\"lazy\" decoding=\"async\" width=\"300\" height=\"400\" src=\"https:\/\/teknologiateollisuus.fi\/healthtech\/wp-content\/uploads\/sites\/8\/2024\/06\/Hassinen_Saara_Terveysteknologia-ry-300x400.jpg\" class=\"attachment-portrait size-portrait\" alt=\"Saara Hassinen\" \/>\t\t\t<\/div>\n\t<div class=\"em-block-contact-card__content-wrapper\">\n\t\t<div class=\"em-block-contact-card__content\">\n\t\t\t\t\t\t<h3 class=\"em-block-contact-card__title\"><a target=\"_self\" href=\"https:\/\/teknologiateollisuus.fi\/healthtech\/contacts\/saara-hassinen\/\">Saara Hassinen<\/a><\/h3>\n\t\t\t\t\t\t\t<span class=\"em-block-contact-card__job_title\">Toimitusjohtaja, Managing Director<\/span>\n\t\t\t\t\t\t<span class=\"em-block-contact-card__organisation\">Terveysteknologia ry<\/span>\n\t\t<\/div>\n\t\t<div class=\"em-block-contact-card__content\">\n\t\t\t\t\t\t<address class=\"em-block-contact-card__contact-details\">\n\t\t\t\t<span class=\"em-block-contact-card__phone\">\n\t\t\t\t\t<a href=\"tel:+358 40 531 1661\">+358 40 531 1661<\/a>\n\t\t\t\t<\/span>\n\t\t\t\t<span class=\"em-block-contact-card__email\">\n\t\t\t\t\t<a href=\"mailto:saara.hassinen(at)teknologiateollisuus.fi\">saara.hassinen(at)teknologiateollisuus.fi<\/a>\n\t\t\t\t<\/span>\n\t\t\t<\/address>\n\t\t\t<div class='em-block-contact-card__socials'><div class=\"social-media-links\"><ul class=\"social-media-links__list\"><li><a href=\"https:\/\/twitter.com\/SaaraHassinen\" target=\"_blank\" aria-label=\"Find me on twitter\" data-service=\"twitter\"><\/a><\/li><li><a href=\"https:\/\/linkedin.com\/in\/saara-hassinen-7993121a\" target=\"_blank\" aria-label=\"Find me on linkedin\" data-service=\"linkedin\"><\/a><\/li><\/ul><\/div><\/div>\t\t<\/div>\n\t<\/div>\n\n<\/article>\n","protected":false},"excerpt":{"rendered":"","protected":false},"author":16,"featured_media":0,"parent":120,"menu_order":3,"comment_status":"closed","ping_status":"closed","template":"","meta":{"_acf_changed":false,"_relevanssi_hide_post":"","_relevanssi_hide_content":"","_relevanssi_pin_for_all":"","_relevanssi_pin_keywords":"","_relevanssi_unpin_keywords":"","_relevanssi_related_keywords":"","_relevanssi_related_include_ids":"","_relevanssi_related_exclude_ids":"","_relevanssi_related_no_append":"","_relevanssi_related_not_related":"","_relevanssi_related_posts":"1","_relevanssi_noindex_reason":"","inline_featured_image":false,"footnotes":""},"class_list":["post-489","page","type-page","status-publish","hentry"],"acf":[],"yoast_head":"<!-- This site is optimized with the Yoast SEO Premium plugin v27.1 (Yoast SEO v27.4) - https:\/\/yoast.com\/product\/yoast-seo-premium-wordpress\/ -->\n<title>Terveysteknologia ry:n strategia<\/title>\n<meta name=\"description\" content=\"Terveysteknologia ry - Healthtech Finland on johtava yhteis\u00f6 ja vaikuttaja terveysalalla. Strategia t\u00e4ht\u00e4\u00e4 alan yritysten kasvuun.\" \/>\n<meta name=\"robots\" content=\"index, follow, max-snippet:-1, max-image-preview:large, max-video-preview:-1\" \/>\n<link rel=\"canonical\" href=\"https:\/\/teknologiateollisuus.fi\/healthtech\/terveysteknologia-ry-on-yritysten-kohtaamispaikka\/terveysteknologia-ryn-strategia\/\" \/>\n<meta property=\"og:locale\" content=\"fi_FI\" \/>\n<meta property=\"og:type\" content=\"article\" \/>\n<meta property=\"og:title\" content=\"Strategia\" \/>\n<meta property=\"og:description\" content=\"Terveysteknologia ry - Healthtech Finland on johtava yhteis\u00f6 ja vaikuttaja terveysalalla. Strategia t\u00e4ht\u00e4\u00e4 alan yritysten kasvuun.\" \/>\n<meta property=\"og:url\" content=\"https:\/\/teknologiateollisuus.fi\/healthtech\/terveysteknologia-ry-on-yritysten-kohtaamispaikka\/terveysteknologia-ryn-strategia\/\" \/>\n<meta property=\"og:site_name\" content=\"Terveysteknologia\" \/>\n<meta property=\"article:modified_time\" content=\"2026-01-26T10:52:27+00:00\" \/>\n<meta property=\"og:image\" content=\"https:\/\/teknologiateollisuus.fi\/healthtech\/wp-content\/uploads\/sites\/8\/2024\/07\/Strategia2023-968x541.png\" \/>\n<meta name=\"twitter:card\" content=\"summary_large_image\" \/>\n<meta name=\"twitter:label1\" content=\"Arvioitu lukuaika\" \/>\n\t<meta name=\"twitter:data1\" content=\"1 minuutti\" \/>\n<script type=\"application\/ld+json\" class=\"yoast-schema-graph\">{\"@context\":\"https:\\\/\\\/schema.org\",\"@graph\":[{\"@type\":\"WebPage\",\"@id\":\"https:\\\/\\\/teknologiateollisuus.fi\\\/healthtech\\\/terveysteknologia-ry-on-yritysten-kohtaamispaikka\\\/terveysteknologia-ryn-strategia\\\/\",\"url\":\"https:\\\/\\\/teknologiateollisuus.fi\\\/healthtech\\\/terveysteknologia-ry-on-yritysten-kohtaamispaikka\\\/terveysteknologia-ryn-strategia\\\/\",\"name\":\"Terveysteknologia ry:n strategia\",\"isPartOf\":{\"@id\":\"https:\\\/\\\/teknologiateollisuus.fi\\\/healthtech\\\/#website\"},\"primaryImageOfPage\":{\"@id\":\"https:\\\/\\\/teknologiateollisuus.fi\\\/healthtech\\\/terveysteknologia-ry-on-yritysten-kohtaamispaikka\\\/terveysteknologia-ryn-strategia\\\/#primaryimage\"},\"image\":{\"@id\":\"https:\\\/\\\/teknologiateollisuus.fi\\\/healthtech\\\/terveysteknologia-ry-on-yritysten-kohtaamispaikka\\\/terveysteknologia-ryn-strategia\\\/#primaryimage\"},\"thumbnailUrl\":\"https:\\\/\\\/teknologiateollisuus.fi\\\/healthtech\\\/wp-content\\\/uploads\\\/sites\\\/8\\\/2024\\\/07\\\/Strategia2023-968x541.png\",\"datePublished\":\"2024-06-28T12:17:25+00:00\",\"dateModified\":\"2026-01-26T10:52:27+00:00\",\"description\":\"Terveysteknologia ry - Healthtech Finland on johtava yhteis\u00f6 ja vaikuttaja terveysalalla. Strategia t\u00e4ht\u00e4\u00e4 alan yritysten kasvuun.\",\"breadcrumb\":{\"@id\":\"https:\\\/\\\/teknologiateollisuus.fi\\\/healthtech\\\/terveysteknologia-ry-on-yritysten-kohtaamispaikka\\\/terveysteknologia-ryn-strategia\\\/#breadcrumb\"},\"inLanguage\":\"fi\",\"potentialAction\":[{\"@type\":\"ReadAction\",\"target\":[\"https:\\\/\\\/teknologiateollisuus.fi\\\/healthtech\\\/terveysteknologia-ry-on-yritysten-kohtaamispaikka\\\/terveysteknologia-ryn-strategia\\\/\"]}]},{\"@type\":\"ImageObject\",\"inLanguage\":\"fi\",\"@id\":\"https:\\\/\\\/teknologiateollisuus.fi\\\/healthtech\\\/terveysteknologia-ry-on-yritysten-kohtaamispaikka\\\/terveysteknologia-ryn-strategia\\\/#primaryimage\",\"url\":\"https:\\\/\\\/teknologiateollisuus.fi\\\/healthtech\\\/wp-content\\\/uploads\\\/sites\\\/8\\\/2024\\\/07\\\/Strategia2023.png\",\"contentUrl\":\"https:\\\/\\\/teknologiateollisuus.fi\\\/healthtech\\\/wp-content\\\/uploads\\\/sites\\\/8\\\/2024\\\/07\\\/Strategia2023.png\",\"width\":1146,\"height\":641,\"caption\":\"Terveysteknologia ry strategia 2030\"},{\"@type\":\"BreadcrumbList\",\"@id\":\"https:\\\/\\\/teknologiateollisuus.fi\\\/healthtech\\\/terveysteknologia-ry-on-yritysten-kohtaamispaikka\\\/terveysteknologia-ryn-strategia\\\/#breadcrumb\",\"itemListElement\":[{\"@type\":\"ListItem\",\"position\":1,\"name\":\"Etusivu\",\"item\":\"https:\\\/\\\/teknologiateollisuus.fi\\\/healthtech\\\/\"},{\"@type\":\"ListItem\",\"position\":2,\"name\":\"Yhdistys\",\"item\":\"https:\\\/\\\/teknologiateollisuus.fi\\\/healthtech\\\/terveysteknologia-ry-on-yritysten-kohtaamispaikka\\\/\"},{\"@type\":\"ListItem\",\"position\":3,\"name\":\"Strategia\"}]},{\"@type\":\"WebSite\",\"@id\":\"https:\\\/\\\/teknologiateollisuus.fi\\\/healthtech\\\/#website\",\"url\":\"https:\\\/\\\/teknologiateollisuus.fi\\\/healthtech\\\/\",\"name\":\"Terveysteknologia\",\"description\":\"\",\"potentialAction\":[{\"@type\":\"SearchAction\",\"target\":{\"@type\":\"EntryPoint\",\"urlTemplate\":\"https:\\\/\\\/teknologiateollisuus.fi\\\/healthtech\\\/?s={search_term_string}\"},\"query-input\":{\"@type\":\"PropertyValueSpecification\",\"valueRequired\":true,\"valueName\":\"search_term_string\"}}],\"inLanguage\":\"fi\"}]}<\/script>\n<!-- \/ Yoast SEO Premium plugin. -->","yoast_head_json":{"title":"Terveysteknologia ry:n strategia","description":"Terveysteknologia ry - Healthtech Finland on johtava yhteis\u00f6 ja vaikuttaja terveysalalla. Strategia t\u00e4ht\u00e4\u00e4 alan yritysten kasvuun.","robots":{"index":"index","follow":"follow","max-snippet":"max-snippet:-1","max-image-preview":"max-image-preview:large","max-video-preview":"max-video-preview:-1"},"canonical":"https:\/\/teknologiateollisuus.fi\/healthtech\/terveysteknologia-ry-on-yritysten-kohtaamispaikka\/terveysteknologia-ryn-strategia\/","og_locale":"fi_FI","og_type":"article","og_title":"Strategia","og_description":"Terveysteknologia ry - Healthtech Finland on johtava yhteis\u00f6 ja vaikuttaja terveysalalla. Strategia t\u00e4ht\u00e4\u00e4 alan yritysten kasvuun.","og_url":"https:\/\/teknologiateollisuus.fi\/healthtech\/terveysteknologia-ry-on-yritysten-kohtaamispaikka\/terveysteknologia-ryn-strategia\/","og_site_name":"Terveysteknologia","article_modified_time":"2026-01-26T10:52:27+00:00","og_image":[{"url":"https:\/\/teknologiateollisuus.fi\/healthtech\/wp-content\/uploads\/sites\/8\/2024\/07\/Strategia2023-968x541.png","type":"","width":"","height":""}],"twitter_card":"summary_large_image","twitter_misc":{"Arvioitu lukuaika":"1 minuutti"},"schema":{"@context":"https:\/\/schema.org","@graph":[{"@type":"WebPage","@id":"https:\/\/teknologiateollisuus.fi\/healthtech\/terveysteknologia-ry-on-yritysten-kohtaamispaikka\/terveysteknologia-ryn-strategia\/","url":"https:\/\/teknologiateollisuus.fi\/healthtech\/terveysteknologia-ry-on-yritysten-kohtaamispaikka\/terveysteknologia-ryn-strategia\/","name":"Terveysteknologia ry:n strategia","isPartOf":{"@id":"https:\/\/teknologiateollisuus.fi\/healthtech\/#website"},"primaryImageOfPage":{"@id":"https:\/\/teknologiateollisuus.fi\/healthtech\/terveysteknologia-ry-on-yritysten-kohtaamispaikka\/terveysteknologia-ryn-strategia\/#primaryimage"},"image":{"@id":"https:\/\/teknologiateollisuus.fi\/healthtech\/terveysteknologia-ry-on-yritysten-kohtaamispaikka\/terveysteknologia-ryn-strategia\/#primaryimage"},"thumbnailUrl":"https:\/\/teknologiateollisuus.fi\/healthtech\/wp-content\/uploads\/sites\/8\/2024\/07\/Strategia2023-968x541.png","datePublished":"2024-06-28T12:17:25+00:00","dateModified":"2026-01-26T10:52:27+00:00","description":"Terveysteknologia ry - Healthtech Finland on johtava yhteis\u00f6 ja vaikuttaja terveysalalla. Strategia t\u00e4ht\u00e4\u00e4 alan yritysten kasvuun.","breadcrumb":{"@id":"https:\/\/teknologiateollisuus.fi\/healthtech\/terveysteknologia-ry-on-yritysten-kohtaamispaikka\/terveysteknologia-ryn-strategia\/#breadcrumb"},"inLanguage":"fi","potentialAction":[{"@type":"ReadAction","target":["https:\/\/teknologiateollisuus.fi\/healthtech\/terveysteknologia-ry-on-yritysten-kohtaamispaikka\/terveysteknologia-ryn-strategia\/"]}]},{"@type":"ImageObject","inLanguage":"fi","@id":"https:\/\/teknologiateollisuus.fi\/healthtech\/terveysteknologia-ry-on-yritysten-kohtaamispaikka\/terveysteknologia-ryn-strategia\/#primaryimage","url":"https:\/\/teknologiateollisuus.fi\/healthtech\/wp-content\/uploads\/sites\/8\/2024\/07\/Strategia2023.png","contentUrl":"https:\/\/teknologiateollisuus.fi\/healthtech\/wp-content\/uploads\/sites\/8\/2024\/07\/Strategia2023.png","width":1146,"height":641,"caption":"Terveysteknologia ry strategia 2030"},{"@type":"BreadcrumbList","@id":"https:\/\/teknologiateollisuus.fi\/healthtech\/terveysteknologia-ry-on-yritysten-kohtaamispaikka\/terveysteknologia-ryn-strategia\/#breadcrumb","itemListElement":[{"@type":"ListItem","position":1,"name":"Etusivu","item":"https:\/\/teknologiateollisuus.fi\/healthtech\/"},{"@type":"ListItem","position":2,"name":"Yhdistys","item":"https:\/\/teknologiateollisuus.fi\/healthtech\/terveysteknologia-ry-on-yritysten-kohtaamispaikka\/"},{"@type":"ListItem","position":3,"name":"Strategia"}]},{"@type":"WebSite","@id":"https:\/\/teknologiateollisuus.fi\/healthtech\/#website","url":"https:\/\/teknologiateollisuus.fi\/healthtech\/","name":"Terveysteknologia","description":"","potentialAction":[{"@type":"SearchAction","target":{"@type":"EntryPoint","urlTemplate":"https:\/\/teknologiateollisuus.fi\/healthtech\/?s={search_term_string}"},"query-input":{"@type":"PropertyValueSpecification","valueRequired":true,"valueName":"search_term_string"}}],"inLanguage":"fi"}]}},"lang":"fi","translations":{"fi":489},"pll_sync_post":[],"_links":{"self":[{"href":"https:\/\/teknologiateollisuus.fi\/healthtech\/wp-json\/wp\/v2\/pages\/489","targetHints":{"allow":["GET"]}}],"collection":[{"href":"https:\/\/teknologiateollisuus.fi\/healthtech\/wp-json\/wp\/v2\/pages"}],"about":[{"href":"https:\/\/teknologiateollisuus.fi\/healthtech\/wp-json\/wp\/v2\/types\/page"}],"author":[{"embeddable":true,"href":"https:\/\/teknologiateollisuus.fi\/healthtech\/wp-json\/wp\/v2\/users\/16"}],"replies":[{"embeddable":true,"href":"https:\/\/teknologiateollisuus.fi\/healthtech\/wp-json\/wp\/v2\/comments?post=489"}],"version-history":[{"count":21,"href":"https:\/\/teknologiateollisuus.fi\/healthtech\/wp-json\/wp\/v2\/pages\/489\/revisions"}],"predecessor-version":[{"id":5579,"href":"https:\/\/teknologiateollisuus.fi\/healthtech\/wp-json\/wp\/v2\/pages\/489\/revisions\/5579"}],"up":[{"embeddable":true,"href":"https:\/\/teknologiateollisuus.fi\/healthtech\/wp-json\/wp\/v2\/pages\/120"}],"wp:attachment":[{"href":"https:\/\/teknologiateollisuus.fi\/healthtech\/wp-json\/wp\/v2\/media?parent=489"}],"curies":[{"name":"wp","href":"https:\/\/api.w.org\/{rel}","templated":true}]}}