{"id":507,"date":"2024-07-01T14:11:49","date_gmt":"2024-07-01T11:11:49","guid":{"rendered":"https:\/\/teknologiateollisuus.fi\/healthtech\/?page_id=507"},"modified":"2026-03-10T13:11:55","modified_gmt":"2026-03-10T11:11:55","slug":"terveysteknologia-ry-tervetuloa-jaseneksi","status":"publish","type":"page","link":"https:\/\/teknologiateollisuus.fi\/healthtech\/jasenet\/terveysteknologia-ry-tervetuloa-jaseneksi\/","title":{"rendered":"Tervetuloa j\u00e4seneksi"},"content":{"rendered":"\n<div class=\"em-block-hero hero-has-background-color has-background has-tangerine-background-color has-image media-position-right \">\n\t<div class=\"em-block-hero__container\">\n\t\t<div class=\"em-block-hero__content\">\n\t\t\t<div class=\"yoast-breadcrumbs\"><span><span><a href=\"https:\/\/teknologiateollisuus.fi\/healthtech\/\">Etusivu<\/a><\/span> <span class=\"separator\"><\/span> <span><a href=\"https:\/\/teknologiateollisuus.fi\/healthtech\/jasenet\/\">J\u00e4senet &#8211; members<\/a><\/span> <span class=\"separator\"><\/span> <span class=\"breadcrumb_last\" aria-current=\"page\">Tervetuloa j\u00e4seneksi<\/span><\/span><\/div>\t\t\t\n<h1 class=\"wp-block-heading\" id=\"h-tervetuloa-jaseneksi\">Tervetuloa j\u00e4seneksi<\/h1>\n\n<p>Terveysteknologia ry \u2013 Healthtech Finland on kohtaamispaikka erikokoisille ja eri kehitysvaiheessa oleville niin suomalaisille kuin kansainv\u00e4lisille terveysteknologia-alan yrityksille.<\/p>\n\t\t\t<div class=\"em-block-hero__modified-date\"> P\u00e4ivitetty 10.03.2026 klo 13:11<\/div>\t\t<\/div>\n\t\t\t\t\t<figure class=\"em-block-hero__image\">\n\t\t\t\t<img loading=\"lazy\" decoding=\"async\" width=\"2119\" height=\"1414\" src=\"https:\/\/teknologiateollisuus.fi\/healthtech\/wp-content\/uploads\/sites\/8\/2024\/06\/Kuvituskuva-kattely-2.jpg\" class=\"attachment-hero size-hero\" alt=\"Ihmiset k\u00e4ttelev\u00e4t\" srcset=\"https:\/\/teknologiateollisuus.fi\/healthtech\/wp-content\/uploads\/sites\/8\/2024\/06\/Kuvituskuva-kattely-2.jpg 2119w, https:\/\/teknologiateollisuus.fi\/healthtech\/wp-content\/uploads\/sites\/8\/2024\/06\/Kuvituskuva-kattely-2-400x267.jpg 400w, https:\/\/teknologiateollisuus.fi\/healthtech\/wp-content\/uploads\/sites\/8\/2024\/06\/Kuvituskuva-kattely-2-968x646.jpg 968w, https:\/\/teknologiateollisuus.fi\/healthtech\/wp-content\/uploads\/sites\/8\/2024\/06\/Kuvituskuva-kattely-2-768x512.jpg 768w, https:\/\/teknologiateollisuus.fi\/healthtech\/wp-content\/uploads\/sites\/8\/2024\/06\/Kuvituskuva-kattely-2-1536x1025.jpg 1536w, https:\/\/teknologiateollisuus.fi\/healthtech\/wp-content\/uploads\/sites\/8\/2024\/06\/Kuvituskuva-kattely-2-2048x1367.jpg 2048w, https:\/\/teknologiateollisuus.fi\/healthtech\/wp-content\/uploads\/sites\/8\/2024\/06\/Kuvituskuva-kattely-2-1300x867.jpg 1300w, https:\/\/teknologiateollisuus.fi\/healthtech\/wp-content\/uploads\/sites\/8\/2024\/06\/Kuvituskuva-kattely-2-1440x961.jpg 1440w\" sizes=\"auto, (max-width: 2119px) 100vw, 2119px\" \/>\t\t\t<\/figure>\n\t\t\t<\/div>\n<\/div>\n\n\n\n<div class=\"wp-block-buttons is-layout-flex wp-block-buttons-is-layout-flex\">\n<div class=\"wp-block-button  icon-right\"><a class=\"wp-block-button__link wp-element-button\" href=\"https:\/\/link.webropolsurveys.com\/S\/09CF6A4D2339A933\" target=\"_blank\" rel=\"noreferrer noopener\"><kbd>J\u00e4senhakemus \/ Membership application<\/kbd><\/a><\/div>\n<\/div>\n\n\n\n<p>Terveysteknologia ry &#8211; Healthtech Finland&nbsp;toimii kiinte\u00e4n\u00e4 osana&nbsp; Teknologiateollisuutta, joka edist\u00e4\u00e4 suomalaisten teknologiayritysten kilpailukyky\u00e4 ja toimintaedellytyksi\u00e4. Healthtech Finlandin strategia t\u00e4ht\u00e4\u00e4 terveysteknologia-alan yritysten kasvun ja kansainv\u00e4listymisen helpottamiseen.<\/p>\n\n\n\n<p>Yhteisty\u00f6t\u00e4 j\u00e4senyritysten kesken tehd\u00e4\u00e4n ty\u00f6ryhmiss\u00e4, joissa jaetaan tietoa, yhteisty\u00f6ideoita ja vertaistukea. Healthtech Finlandilla on nelj\u00e4 ty\u00f6ryhm\u00e4\u00e4, jotka keskittyv\u00e4t s\u00e4\u00e4ntelyyn, kuten uusien l\u00e4\u00e4kinn\u00e4llisten laitteiden (MD), in vitro diagnostiikan laitteiden ja tarvikkeiden (IVD) asetusten haltuunottoon sek\u00e4 ohjelmistojen erityiskysymyksiin. Ty\u00f6ryhmiss\u00e4 on mukana my\u00f6s viranomaistahoja, jotka osallistuvat asetusten toimeenpanon ja tulkintojen valmisteluun.<\/p>\n\n\n\n<p>Yhdistys on j\u00e4senen\u00e4 eurooppalaisessa&nbsp;<a href=\"https:\/\/www.cocir.org\/\">Cocirissa<\/a>, jossa ty\u00f6ryhmiin saadaan ajankohtaista tietoa ja aiheita. Sen kautta voidaan vaikuttaa my\u00f6s EU-agendalla oleviin toimialan ajankohtaisiin asioihin. Vastaavasti yhdistys seuraa toisen eurooppalaisen j\u00e4rjest\u00f6n&nbsp;<a href=\"https:\/\/www.digitaleurope.org\/\">DigitalEuropen<\/a>&nbsp;toimintaa.<\/p>\n\n\n\n<p>S\u00e4\u00e4d\u00f6sty\u00f6ryhmien lis\u00e4ksi on vastuullisuusty\u00f6ryhm\u00e4, joka seuraa vastuullisuuteen liittyv\u00e4\u00e4 lains\u00e4\u00e4d\u00e4nt\u00f6\u00e4, muita ohjeita ja ajankohtaisia asioita ty\u00f6st\u00e4en n\u00e4iden pohjalta j\u00e4senten k\u00e4ytt\u00f6\u00f6n tietoa, miten vastuullisuusasia kannattaa yrityksiss\u00e4 k\u00e4sitell\u00e4. T\u00e4m\u00e4, kuten s\u00e4\u00e4d\u00f6sty\u00f6ryhm\u00e4t ovat avoimia kaikille j\u00e4senille.<\/p>\n\n\n\n<p>Vaikuttamisty\u00f6t\u00e4 tehd\u00e4\u00e4n laajan sidosryhm\u00e4yhteisty\u00f6n avulla tavoitteena&nbsp;suotuisa toimintaymp\u00e4rist\u00f6 kehitt\u00e4\u00e4, valmistaa ja saattaa sosiaali- ja terveydenhuoltoon vaikuttavia, innovatiivisia ja potilasturvallisia terveysteknologiratkaisuja nykyist\u00e4 laajemmin. Kotimarkkina on yrityksille referenssimarkkina, mik\u00e4 on edellytys my\u00f6s menestykselliselle viennille.<\/p>\n\n\n\n<p>Ty\u00f6ryhmien lis\u00e4ksi yhdistys j\u00e4rjest\u00e4\u00e4 webinaareja ajankohtaista aiheista. J\u00e4senkirjeit\u00e4 l\u00e4hetet\u00e4\u00e4n viikoittain.&nbsp;Kev\u00e4tkokous j\u00e4rjestet\u00e4\u00e4n toukokuussa ja syyskokous joulukuussa.<\/p>\n\n\n\n<p>Yhdistys tuottaa toimialatietoa j\u00e4senten ja sidosryhmien k\u00e4ytt\u00f6\u00f6n.<\/p>\n\n\n\n<div class=\"wp-block-buttons is-layout-flex wp-block-buttons-is-layout-flex\">\n<div class=\"wp-block-button  icon-right\"><a class=\"wp-block-button__link wp-element-button\" href=\"https:\/\/teknologiateollisuus.fi\/healthtech\/terveysteknologia-ry-on-kohtaamispaikka\/tyoryhmat\/\" target=\"_blank\" rel=\"noreferrer noopener\"><kbd>Tutustu j\u00e4senpalveluihin ja ty\u00f6ryhmiin<\/kbd><\/a><\/div>\n<\/div>\n\n\n\n<h2 class=\"wp-block-heading\" id=\"h-jasenmaksu\" id=\"jasenmaksu\">J\u00e4senmaksu <\/h2>\n\n\n\n<p>Varsinaisille j\u00e4senille j\u00e4senmaksun perusteena on terveysteknologiaan liittyv\u00e4 liike\u00advaihto.<\/p>\n\n\n\n<ul class=\"wp-block-list\">\n<li>Liikevaihto alle 0,5 milj. euroa: 500 euroa (alv 0%)<\/li>\n\n\n\n<li>Liikevaihto 0,5-2 milj. euroa: 550 euroa (alv 0%)<\/li>\n\n\n\n<li>Liikevaihto 2-55 milj. euroa: 0,0275% liikevaihdosta (alv 0%)<\/li>\n\n\n\n<li>Liikevaihto yli 55 milj. euroa: 15.125 euroa (alv 0%)<\/li>\n\n\n\n<li>Mik\u00e4li liikevaihto on yli 55 milj. euroa ja terveysteknologiaan liittyv\u00e4 liikevaihto pieni, j\u00e4senmaksu on v\u00e4hint\u00e4\u00e4n 3.500 euroa (alv 0%)<\/li>\n\n\n\n<li>Kannatusj\u00e4senten j\u00e4senmaksu on 1.320 euroa (alv 0%)<\/li>\n<\/ul>\n\n\n\n<h2 class=\"wp-block-heading\" id=\"h-ota-yhteytta-meihin\" id=\"ota-yhteytta-meihin\">Ota yhteytt\u00e4 meihin!<\/h2>\n\n\n\n<div class=\"wp-block-evermade-contact-feed em-block-feed contacts\" data-per-page=\"15\" data-texts=\"{&quot;searchLabel&quot;:&quot;Search&quot;,&quot;searchPlaceholder&quot;:&quot;Write here&quot;,&quot;businessUnitsLabel&quot;:&quot;Business Unit&quot;,&quot;businessUnitsPlaceholder&quot;:&quot;Not chosen&quot;,&quot;jobTitlesLabel&quot;:&quot;Job Title&quot;,&quot;jobTitlesPlaceholder&quot;:&quot;Not chosen&quot;,&quot;teamsLabel&quot;:&quot;Team&quot;,&quot;teamsPlaceholder&quot;:&quot;Not chosen&quot;,&quot;loadMoreButtonText&quot;:&quot;Load more&quot;,&quot;filterErrorTitle&quot;:&quot;Error loading filter data.&quot;,&quot;filterErrorText&quot;:&quot;Please try again later.&quot;,&quot;postsErrorTitle&quot;:&quot;Error loading Post data.&quot;,&quot;postsErrorText&quot;:&quot;Please try again later.&quot;,&quot;noPostsFoundTitle&quot;:&quot;No posts found.&quot;,&quot;noPostsFoundText&quot;:&quot;Please try again with different search terms.&quot;,&quot;gridLayoutLabel&quot;:&quot;Grid layout&quot;}\"><\/div>\n","protected":false},"excerpt":{"rendered":"<p>Terveysteknologia ry &#8211; Healthtech Finland&nbsp;toimii kiinte\u00e4n\u00e4 osana&nbsp; Teknologiateollisuutta, joka edist\u00e4\u00e4 suomalaisten teknologiayritysten kilpailukyky\u00e4 ja toimintaedellytyksi\u00e4. Healthtech Finlandin strategia t\u00e4ht\u00e4\u00e4 terveysteknologia-alan yritysten kasvun ja kansainv\u00e4listymisen helpottamiseen. Yhteisty\u00f6t\u00e4 j\u00e4senyritysten kesken tehd\u00e4\u00e4n ty\u00f6ryhmiss\u00e4, joissa jaetaan tietoa, yhteisty\u00f6ideoita ja vertaistukea. Healthtech Finlandilla on nelj\u00e4 ty\u00f6ryhm\u00e4\u00e4, jotka keskittyv\u00e4t s\u00e4\u00e4ntelyyn, kuten uusien l\u00e4\u00e4kinn\u00e4llisten laitteiden (MD), in vitro diagnostiikan laitteiden ja tarvikkeiden [&hellip;]<\/p>\n","protected":false},"author":16,"featured_media":226,"parent":541,"menu_order":1,"comment_status":"closed","ping_status":"closed","template":"","meta":{"_acf_changed":false,"_relevanssi_hide_post":"","_relevanssi_hide_content":"","_relevanssi_pin_for_all":"","_relevanssi_pin_keywords":"","_relevanssi_unpin_keywords":"","_relevanssi_related_keywords":"","_relevanssi_related_include_ids":"","_relevanssi_related_exclude_ids":"","_relevanssi_related_no_append":"","_relevanssi_related_not_related":"","_relevanssi_related_posts":"1","_relevanssi_noindex_reason":"","inline_featured_image":false,"footnotes":""},"class_list":["post-507","page","type-page","status-publish","has-post-thumbnail","hentry"],"acf":[],"yoast_head":"<!-- This site is optimized with the Yoast SEO Premium plugin v27.1 (Yoast SEO v27.3) - https:\/\/yoast.com\/product\/yoast-seo-premium-wordpress\/ -->\n<title>Terveysteknologia ry tervetuloa j\u00e4seneksi<\/title>\n<meta name=\"description\" content=\"Terveysteknologia ry \u2013 Healthtech Finland on kohtaamispaikka erikokoisille terveysteknologia-alan yrityksille.\" \/>\n<meta name=\"robots\" content=\"index, follow, max-snippet:-1, max-image-preview:large, max-video-preview:-1\" \/>\n<link rel=\"canonical\" href=\"https:\/\/teknologiateollisuus.fi\/healthtech\/jasenet\/terveysteknologia-ry-tervetuloa-jaseneksi\/\" \/>\n<meta property=\"og:locale\" content=\"fi_FI\" \/>\n<meta property=\"og:type\" content=\"article\" \/>\n<meta property=\"og:title\" content=\"Tervetuloa j\u00e4seneksi\" \/>\n<meta property=\"og:description\" content=\"Terveysteknologia ry \u2013 Healthtech Finland on kohtaamispaikka erikokoisille terveysteknologia-alan yrityksille.\" \/>\n<meta property=\"og:url\" content=\"https:\/\/teknologiateollisuus.fi\/healthtech\/jasenet\/terveysteknologia-ry-tervetuloa-jaseneksi\/\" \/>\n<meta property=\"og:site_name\" content=\"Terveysteknologia\" \/>\n<meta property=\"article:modified_time\" content=\"2026-03-10T11:11:55+00:00\" \/>\n<meta property=\"og:image\" content=\"https:\/\/teknologiateollisuus.fi\/healthtech\/wp-content\/uploads\/sites\/8\/2024\/06\/Kuvituskuva-kattely-2.jpg\" \/>\n\t<meta property=\"og:image:width\" content=\"2119\" \/>\n\t<meta property=\"og:image:height\" content=\"1414\" \/>\n\t<meta property=\"og:image:type\" content=\"image\/jpeg\" \/>\n<meta name=\"twitter:card\" content=\"summary_large_image\" \/>\n<meta name=\"twitter:label1\" content=\"Arvioitu lukuaika\" \/>\n\t<meta name=\"twitter:data1\" content=\"2 minuuttia\" \/>\n<script type=\"application\/ld+json\" class=\"yoast-schema-graph\">{\"@context\":\"https:\\\/\\\/schema.org\",\"@graph\":[{\"@type\":\"WebPage\",\"@id\":\"https:\\\/\\\/teknologiateollisuus.fi\\\/healthtech\\\/jasenet\\\/terveysteknologia-ry-tervetuloa-jaseneksi\\\/\",\"url\":\"https:\\\/\\\/teknologiateollisuus.fi\\\/healthtech\\\/jasenet\\\/terveysteknologia-ry-tervetuloa-jaseneksi\\\/\",\"name\":\"Terveysteknologia ry tervetuloa j\u00e4seneksi\",\"isPartOf\":{\"@id\":\"https:\\\/\\\/teknologiateollisuus.fi\\\/healthtech\\\/#website\"},\"primaryImageOfPage\":{\"@id\":\"https:\\\/\\\/teknologiateollisuus.fi\\\/healthtech\\\/jasenet\\\/terveysteknologia-ry-tervetuloa-jaseneksi\\\/#primaryimage\"},\"image\":{\"@id\":\"https:\\\/\\\/teknologiateollisuus.fi\\\/healthtech\\\/jasenet\\\/terveysteknologia-ry-tervetuloa-jaseneksi\\\/#primaryimage\"},\"thumbnailUrl\":\"https:\\\/\\\/teknologiateollisuus.fi\\\/healthtech\\\/wp-content\\\/uploads\\\/sites\\\/8\\\/2024\\\/06\\\/Kuvituskuva-kattely-2.jpg\",\"datePublished\":\"2024-07-01T11:11:49+00:00\",\"dateModified\":\"2026-03-10T11:11:55+00:00\",\"description\":\"Terveysteknologia ry \u2013 Healthtech Finland on kohtaamispaikka erikokoisille terveysteknologia-alan yrityksille.\",\"breadcrumb\":{\"@id\":\"https:\\\/\\\/teknologiateollisuus.fi\\\/healthtech\\\/jasenet\\\/terveysteknologia-ry-tervetuloa-jaseneksi\\\/#breadcrumb\"},\"inLanguage\":\"fi\",\"potentialAction\":[{\"@type\":\"ReadAction\",\"target\":[\"https:\\\/\\\/teknologiateollisuus.fi\\\/healthtech\\\/jasenet\\\/terveysteknologia-ry-tervetuloa-jaseneksi\\\/\"]}]},{\"@type\":\"ImageObject\",\"inLanguage\":\"fi\",\"@id\":\"https:\\\/\\\/teknologiateollisuus.fi\\\/healthtech\\\/jasenet\\\/terveysteknologia-ry-tervetuloa-jaseneksi\\\/#primaryimage\",\"url\":\"https:\\\/\\\/teknologiateollisuus.fi\\\/healthtech\\\/wp-content\\\/uploads\\\/sites\\\/8\\\/2024\\\/06\\\/Kuvituskuva-kattely-2.jpg\",\"contentUrl\":\"https:\\\/\\\/teknologiateollisuus.fi\\\/healthtech\\\/wp-content\\\/uploads\\\/sites\\\/8\\\/2024\\\/06\\\/Kuvituskuva-kattely-2.jpg\",\"width\":2119,\"height\":1414,\"caption\":\"Ihmiset k\u00e4ttelev\u00e4t\"},{\"@type\":\"BreadcrumbList\",\"@id\":\"https:\\\/\\\/teknologiateollisuus.fi\\\/healthtech\\\/jasenet\\\/terveysteknologia-ry-tervetuloa-jaseneksi\\\/#breadcrumb\",\"itemListElement\":[{\"@type\":\"ListItem\",\"position\":1,\"name\":\"Etusivu\",\"item\":\"https:\\\/\\\/teknologiateollisuus.fi\\\/healthtech\\\/\"},{\"@type\":\"ListItem\",\"position\":2,\"name\":\"J\u00e4senet &#8211; members\",\"item\":\"https:\\\/\\\/teknologiateollisuus.fi\\\/healthtech\\\/jasenet\\\/\"},{\"@type\":\"ListItem\",\"position\":3,\"name\":\"Tervetuloa j\u00e4seneksi\"}]},{\"@type\":\"WebSite\",\"@id\":\"https:\\\/\\\/teknologiateollisuus.fi\\\/healthtech\\\/#website\",\"url\":\"https:\\\/\\\/teknologiateollisuus.fi\\\/healthtech\\\/\",\"name\":\"Terveysteknologia\",\"description\":\"\",\"potentialAction\":[{\"@type\":\"SearchAction\",\"target\":{\"@type\":\"EntryPoint\",\"urlTemplate\":\"https:\\\/\\\/teknologiateollisuus.fi\\\/healthtech\\\/?s={search_term_string}\"},\"query-input\":{\"@type\":\"PropertyValueSpecification\",\"valueRequired\":true,\"valueName\":\"search_term_string\"}}],\"inLanguage\":\"fi\"}]}<\/script>\n<!-- \/ Yoast SEO Premium plugin. -->","yoast_head_json":{"title":"Terveysteknologia ry tervetuloa j\u00e4seneksi","description":"Terveysteknologia ry \u2013 Healthtech Finland on kohtaamispaikka erikokoisille terveysteknologia-alan yrityksille.","robots":{"index":"index","follow":"follow","max-snippet":"max-snippet:-1","max-image-preview":"max-image-preview:large","max-video-preview":"max-video-preview:-1"},"canonical":"https:\/\/teknologiateollisuus.fi\/healthtech\/jasenet\/terveysteknologia-ry-tervetuloa-jaseneksi\/","og_locale":"fi_FI","og_type":"article","og_title":"Tervetuloa j\u00e4seneksi","og_description":"Terveysteknologia ry \u2013 Healthtech Finland on kohtaamispaikka erikokoisille terveysteknologia-alan yrityksille.","og_url":"https:\/\/teknologiateollisuus.fi\/healthtech\/jasenet\/terveysteknologia-ry-tervetuloa-jaseneksi\/","og_site_name":"Terveysteknologia","article_modified_time":"2026-03-10T11:11:55+00:00","og_image":[{"width":2119,"height":1414,"url":"https:\/\/teknologiateollisuus.fi\/healthtech\/wp-content\/uploads\/sites\/8\/2024\/06\/Kuvituskuva-kattely-2.jpg","type":"image\/jpeg"}],"twitter_card":"summary_large_image","twitter_misc":{"Arvioitu lukuaika":"2 minuuttia"},"schema":{"@context":"https:\/\/schema.org","@graph":[{"@type":"WebPage","@id":"https:\/\/teknologiateollisuus.fi\/healthtech\/jasenet\/terveysteknologia-ry-tervetuloa-jaseneksi\/","url":"https:\/\/teknologiateollisuus.fi\/healthtech\/jasenet\/terveysteknologia-ry-tervetuloa-jaseneksi\/","name":"Terveysteknologia ry tervetuloa j\u00e4seneksi","isPartOf":{"@id":"https:\/\/teknologiateollisuus.fi\/healthtech\/#website"},"primaryImageOfPage":{"@id":"https:\/\/teknologiateollisuus.fi\/healthtech\/jasenet\/terveysteknologia-ry-tervetuloa-jaseneksi\/#primaryimage"},"image":{"@id":"https:\/\/teknologiateollisuus.fi\/healthtech\/jasenet\/terveysteknologia-ry-tervetuloa-jaseneksi\/#primaryimage"},"thumbnailUrl":"https:\/\/teknologiateollisuus.fi\/healthtech\/wp-content\/uploads\/sites\/8\/2024\/06\/Kuvituskuva-kattely-2.jpg","datePublished":"2024-07-01T11:11:49+00:00","dateModified":"2026-03-10T11:11:55+00:00","description":"Terveysteknologia ry \u2013 Healthtech Finland on kohtaamispaikka erikokoisille terveysteknologia-alan yrityksille.","breadcrumb":{"@id":"https:\/\/teknologiateollisuus.fi\/healthtech\/jasenet\/terveysteknologia-ry-tervetuloa-jaseneksi\/#breadcrumb"},"inLanguage":"fi","potentialAction":[{"@type":"ReadAction","target":["https:\/\/teknologiateollisuus.fi\/healthtech\/jasenet\/terveysteknologia-ry-tervetuloa-jaseneksi\/"]}]},{"@type":"ImageObject","inLanguage":"fi","@id":"https:\/\/teknologiateollisuus.fi\/healthtech\/jasenet\/terveysteknologia-ry-tervetuloa-jaseneksi\/#primaryimage","url":"https:\/\/teknologiateollisuus.fi\/healthtech\/wp-content\/uploads\/sites\/8\/2024\/06\/Kuvituskuva-kattely-2.jpg","contentUrl":"https:\/\/teknologiateollisuus.fi\/healthtech\/wp-content\/uploads\/sites\/8\/2024\/06\/Kuvituskuva-kattely-2.jpg","width":2119,"height":1414,"caption":"Ihmiset k\u00e4ttelev\u00e4t"},{"@type":"BreadcrumbList","@id":"https:\/\/teknologiateollisuus.fi\/healthtech\/jasenet\/terveysteknologia-ry-tervetuloa-jaseneksi\/#breadcrumb","itemListElement":[{"@type":"ListItem","position":1,"name":"Etusivu","item":"https:\/\/teknologiateollisuus.fi\/healthtech\/"},{"@type":"ListItem","position":2,"name":"J\u00e4senet &#8211; members","item":"https:\/\/teknologiateollisuus.fi\/healthtech\/jasenet\/"},{"@type":"ListItem","position":3,"name":"Tervetuloa j\u00e4seneksi"}]},{"@type":"WebSite","@id":"https:\/\/teknologiateollisuus.fi\/healthtech\/#website","url":"https:\/\/teknologiateollisuus.fi\/healthtech\/","name":"Terveysteknologia","description":"","potentialAction":[{"@type":"SearchAction","target":{"@type":"EntryPoint","urlTemplate":"https:\/\/teknologiateollisuus.fi\/healthtech\/?s={search_term_string}"},"query-input":{"@type":"PropertyValueSpecification","valueRequired":true,"valueName":"search_term_string"}}],"inLanguage":"fi"}]}},"lang":"fi","translations":{"fi":507,"en":2079},"pll_sync_post":[],"_links":{"self":[{"href":"https:\/\/teknologiateollisuus.fi\/healthtech\/wp-json\/wp\/v2\/pages\/507","targetHints":{"allow":["GET"]}}],"collection":[{"href":"https:\/\/teknologiateollisuus.fi\/healthtech\/wp-json\/wp\/v2\/pages"}],"about":[{"href":"https:\/\/teknologiateollisuus.fi\/healthtech\/wp-json\/wp\/v2\/types\/page"}],"author":[{"embeddable":true,"href":"https:\/\/teknologiateollisuus.fi\/healthtech\/wp-json\/wp\/v2\/users\/16"}],"replies":[{"embeddable":true,"href":"https:\/\/teknologiateollisuus.fi\/healthtech\/wp-json\/wp\/v2\/comments?post=507"}],"version-history":[{"count":10,"href":"https:\/\/teknologiateollisuus.fi\/healthtech\/wp-json\/wp\/v2\/pages\/507\/revisions"}],"predecessor-version":[{"id":5721,"href":"https:\/\/teknologiateollisuus.fi\/healthtech\/wp-json\/wp\/v2\/pages\/507\/revisions\/5721"}],"up":[{"embeddable":true,"href":"https:\/\/teknologiateollisuus.fi\/healthtech\/wp-json\/wp\/v2\/pages\/541"}],"wp:featuredmedia":[{"embeddable":true,"href":"https:\/\/teknologiateollisuus.fi\/healthtech\/wp-json\/wp\/v2\/media\/226"}],"wp:attachment":[{"href":"https:\/\/teknologiateollisuus.fi\/healthtech\/wp-json\/wp\/v2\/media?parent=507"}],"curies":[{"name":"wp","href":"https:\/\/api.w.org\/{rel}","templated":true}]}}