{"id":550,"date":"2024-07-03T11:32:58","date_gmt":"2024-07-03T08:32:58","guid":{"rendered":"https:\/\/teknologiateollisuus.fi\/healthtech\/?page_id=550"},"modified":"2026-01-26T13:07:59","modified_gmt":"2026-01-26T11:07:59","slug":"jasensivut","status":"publish","type":"page","link":"https:\/\/teknologiateollisuus.fi\/healthtech\/terveysteknologia-ry-on-yritysten-kohtaamispaikka\/terveysteknologia-ry-jasenpalvelut-ja-tyoryhmat\/jasensivut\/","title":{"rendered":"J\u00e4sensivut"},"content":{"rendered":"\n<div class=\"em-block-hero hero-has-background-color has-background has-tangerine-background-color has-image media-position-right \">\n\t<div class=\"em-block-hero__container\">\n\t\t<div class=\"em-block-hero__content\">\n\t\t\t<div class=\"yoast-breadcrumbs\"><span><span><a href=\"https:\/\/teknologiateollisuus.fi\/healthtech\/\">Etusivu<\/a><\/span> <span class=\"separator\"><\/span> <span><a href=\"https:\/\/teknologiateollisuus.fi\/healthtech\/terveysteknologia-ry-on-yritysten-kohtaamispaikka\/\">Yhdistys<\/a><\/span> <span class=\"separator\"><\/span> <span><a href=\"https:\/\/teknologiateollisuus.fi\/healthtech\/terveysteknologia-ry-on-yritysten-kohtaamispaikka\/terveysteknologia-ry-jasenpalvelut-ja-tyoryhmat\/\">J\u00e4senpalvelut ja ty\u00f6ryhm\u00e4t<\/a><\/span> <span class=\"separator\"><\/span> <span class=\"breadcrumb_last\" aria-current=\"page\">J\u00e4sensivut<\/span><\/span><\/div>\t\t\t\n<h1 class=\"wp-block-heading\" id=\"h-jasensivut\">J\u00e4sensivut<\/h1>\n\n<p>J\u00e4sensivut sijaitsevat Sharepointissa osoitteessa.<br><\/p>\n\t\t\t<div class=\"em-block-hero__modified-date\"> P\u00e4ivitetty 26.01.2026 klo 13:07<\/div>\t\t<\/div>\n\t\t\t\t\t<figure class=\"em-block-hero__image\">\n\t\t\t\t\t\t\t<\/figure>\n\t\t\t<\/div>\n<\/div>\n\n\n\n<h2 class=\"wp-block-heading\" id=\"h-jasensivut-0\" id=\"jasensivut\">J\u00e4sensivut<\/h2>\n\n\n\n<p>J\u00e4sensivut sijaitsevat Sharepointissa osoitteessa:&nbsp;<br>https:\/\/teknologiateollisuus.sharepoint.com\/sites\/HealthtechFi-jsensivut<\/p>\n\n\n\n<div class=\"wp-block-buttons is-layout-flex wp-block-buttons-is-layout-flex\">\n<div class=\"wp-block-button icon-right is-style-fill\"><a class=\"wp-block-button__link wp-element-button\" href=\"https:\/\/teknologiateollisuus.sharepoint.com\/sites\/HealthtechFi-jsensivut\" target=\"_blank\" rel=\"noreferrer noopener\"><kbd>J\u00e4sensivuille<\/kbd><\/a><\/div>\n<\/div>\n\n\n\n<h2 class=\"wp-block-heading\" id=\"h-jasensivustolle-kirjaudutaan-omalla-sahkopostiosoitteella\" id=\"jasensivustolle-kirjaudutaan-omalla-sahkopostiosoitteella\">J\u00e4sensivustolle kirjaudutaan omalla s\u00e4hk\u00f6postiosoitteella<\/h2>\n\n\n\n<p>Kirjautuminen edellytt\u00e4\u00e4, ett\u00e4 s\u00e4hk\u00f6postiosoite on tallennettu j\u00e4senrekisteriimme ja sille on my\u00f6nnetty kirjautumisoikeus. Kaikilla j\u00e4senyrityksiss\u00e4 ty\u00f6skentelevill\u00e4 henkil\u00f6ill\u00e4 on mahdollisuus saada kirjautumisoikeus j\u00e4sensivuille. <\/p>\n\n\n\n<p>Jos et p\u00e4\u00e4se kirjautumaan ole yhteydess\u00e4 P\u00e4ivi Ahlgreniin. <\/p>\n\n\n\n<p>L\u00f6yd\u00e4t lis\u00e4tietoja henkil\u00f6tietojen k\u00e4sittelyst\u00e4 Teknologiateollisuudessa:&nbsp;<a href=\"https:\/\/eur01.safelinks.protection.outlook.com\/?url=https%3A%2F%2Fteknologiateollisuus.fi%2Ffi%2Fhenkilotietojen-kasittely-teknologiateollisuus-ryssa&amp;data=05%7C01%7Cpaivi.ahlgren%40teknologiateollisuus.fi%7C5671454822e04e60ee5b08daef117c84%7Cf76946dcd9fc4b0882aadb1d2a9b8ed0%7C0%7C0%7C638085155630264410%7CUnknown%7CTWFpbGZsb3d8eyJWIjoiMC4wLjAwMDAiLCJQIjoiV2luMzIiLCJBTiI6Ik1haWwiLCJXVCI6Mn0%3D%7C3000%7C%7C%7C&amp;sdata=EjljEnsIInaIsBXNBpDkM%2FCqDlp5lHhBuUGkUcKBEvo%3D&amp;reserved=0\">https:\/\/teknologiateollisuus.fi\/fi\/henkilotietojen-kasittely-teknologiateollisuus-ryssa<\/a><\/p>\n\n\n\n<div class=\"wp-block-buttons is-layout-flex wp-block-buttons-is-layout-flex\">\n<div class=\"wp-block-button icon-right is-style-fill\"><a class=\"wp-block-button__link wp-element-button\" href=\"https:\/\/teknologiateollisuus.sharepoint.com\/sites\/HealthtechFi-jsensivut\" target=\"_blank\" rel=\"noreferrer noopener\"><kbd>J\u00e4sensivuille<\/kbd><\/a><\/div>\n<\/div>\n\n\n\n<article class=\"em-block-contact-card is-style-list\">\n\n\t<div class=\"em-block-contact-card__image\">\n\t\t\t\t\t<img loading=\"lazy\" decoding=\"async\" width=\"300\" height=\"400\" src=\"https:\/\/teknologiateollisuus.fi\/healthtech\/wp-content\/uploads\/sites\/8\/2024\/06\/Paivi-Ahlgren-2-300x400.jpg\" class=\"attachment-portrait size-portrait\" alt=\"P\u00e4ivi Ahlgren\" \/>\t\t\t<\/div>\n\t<div class=\"em-block-contact-card__content-wrapper\">\n\t\t<div class=\"em-block-contact-card__content\">\n\t\t\t\t\t\t<h3 class=\"em-block-contact-card__title\"><a target=\"_self\" href=\"https:\/\/teknologiateollisuus.fi\/healthtech\/contacts\/paivi-ahlgren\/\">P\u00e4ivi Ahlgren<\/a><\/h3>\n\t\t\t\t\t\t\t<span class=\"em-block-contact-card__job_title\">S\u00e4\u00e4d\u00f6sasiantuntija, Regulatory Affairs Specialist <\/span>\n\t\t\t\t\t\t<span class=\"em-block-contact-card__organisation\">Terveysteknologia ry<\/span>\n\t\t<\/div>\n\t\t<div class=\"em-block-contact-card__content\">\n\t\t\t\t\t\t<address class=\"em-block-contact-card__contact-details\">\n\t\t\t\t<span class=\"em-block-contact-card__phone\">\n\t\t\t\t\t<a href=\"tel:+358 40 1937953\">+358 40 1937953<\/a>\n\t\t\t\t<\/span>\n\t\t\t\t<span class=\"em-block-contact-card__email\">\n\t\t\t\t\t<a href=\"mailto:paivi.ahlgren(at)teknologiateollisuus.fi \">paivi.ahlgren(at)teknologiateollisuus.fi <\/a>\n\t\t\t\t<\/span>\n\t\t\t<\/address>\n\t\t\t<div class='em-block-contact-card__socials'><div class=\"social-media-links\"><ul class=\"social-media-links__list\"><li><a href=\"https:\/\/www.linkedin.com\/in\/p%C3%A4ivi-ahlgren-79619515a?lipi=urn%3Ali%3Apage%3Ad_flagship3_profile_view_base_contact_details%3BYXYhmMhsR6u%2Fp9TVwECGIg%3D%3D\" target=\"_blank\" aria-label=\"Find me on linkedin\" data-service=\"linkedin\"><\/a><\/li><\/ul><\/div><\/div>\t\t<\/div>\n\t<\/div>\n\n<\/article>\n","protected":false},"excerpt":{"rendered":"<p>J\u00e4sensivut J\u00e4sensivut sijaitsevat Sharepointissa osoitteessa:&nbsp;https:\/\/teknologiateollisuus.sharepoint.com\/sites\/HealthtechFi-jsensivut J\u00e4sensivustolle kirjaudutaan omalla s\u00e4hk\u00f6postiosoitteella Kirjautuminen edellytt\u00e4\u00e4, ett\u00e4 s\u00e4hk\u00f6postiosoite on tallennettu j\u00e4senrekisteriimme ja sille on my\u00f6nnetty kirjautumisoikeus. Kaikilla j\u00e4senyrityksiss\u00e4 ty\u00f6skentelevill\u00e4 henkil\u00f6ill\u00e4 on mahdollisuus saada kirjautumisoikeus j\u00e4sensivuille. Jos et p\u00e4\u00e4se kirjautumaan ole yhteydess\u00e4 P\u00e4ivi Ahlgreniin. L\u00f6yd\u00e4t lis\u00e4tietoja henkil\u00f6tietojen k\u00e4sittelyst\u00e4 Teknologiateollisuudessa:&nbsp;https:\/\/teknologiateollisuus.fi\/fi\/henkilotietojen-kasittely-teknologiateollisuus-ryssa<\/p>\n","protected":false},"author":16,"featured_media":0,"parent":504,"menu_order":1,"comment_status":"closed","ping_status":"closed","template":"","meta":{"_acf_changed":false,"_relevanssi_hide_post":"","_relevanssi_hide_content":"","_relevanssi_pin_for_all":"","_relevanssi_pin_keywords":"","_relevanssi_unpin_keywords":"","_relevanssi_related_keywords":"","_relevanssi_related_include_ids":"","_relevanssi_related_exclude_ids":"","_relevanssi_related_no_append":"","_relevanssi_related_not_related":"","_relevanssi_related_posts":"1","_relevanssi_noindex_reason":"","inline_featured_image":false,"footnotes":""},"class_list":["post-550","page","type-page","status-publish","hentry"],"acf":[],"yoast_head":"<!-- This site is optimized with the Yoast SEO Premium plugin v27.1 (Yoast SEO v27.3) - https:\/\/yoast.com\/product\/yoast-seo-premium-wordpress\/ -->\n<title>Terveysteknologia ry j\u00e4sensivut<\/title>\n<meta name=\"description\" content=\"Terveysteknologia ry:n j\u00e4sensivut ovat k\u00e4ytett\u00e4viss\u00e4 kaikille yhdistyksen j\u00e4senyrityksiss\u00e4 ty\u00f6skenteleville.\" \/>\n<meta name=\"robots\" content=\"index, follow, max-snippet:-1, max-image-preview:large, max-video-preview:-1\" \/>\n<link rel=\"canonical\" href=\"https:\/\/teknologiateollisuus.fi\/healthtech\/terveysteknologia-ry-on-yritysten-kohtaamispaikka\/terveysteknologia-ry-jasenpalvelut-ja-tyoryhmat\/jasensivut\/\" \/>\n<meta property=\"og:locale\" content=\"fi_FI\" \/>\n<meta property=\"og:type\" content=\"article\" \/>\n<meta property=\"og:title\" content=\"J\u00e4sensivut\" \/>\n<meta property=\"og:description\" content=\"Terveysteknologia ry:n j\u00e4sensivut ovat k\u00e4ytett\u00e4viss\u00e4 kaikille yhdistyksen j\u00e4senyrityksiss\u00e4 ty\u00f6skenteleville.\" \/>\n<meta property=\"og:url\" content=\"https:\/\/teknologiateollisuus.fi\/healthtech\/terveysteknologia-ry-on-yritysten-kohtaamispaikka\/terveysteknologia-ry-jasenpalvelut-ja-tyoryhmat\/jasensivut\/\" \/>\n<meta property=\"og:site_name\" content=\"Terveysteknologia\" \/>\n<meta property=\"article:modified_time\" content=\"2026-01-26T11:07:59+00:00\" \/>\n<meta name=\"twitter:card\" content=\"summary_large_image\" \/>\n<meta name=\"twitter:label1\" content=\"Arvioitu lukuaika\" \/>\n\t<meta name=\"twitter:data1\" content=\"1 minuutti\" \/>\n<script type=\"application\/ld+json\" class=\"yoast-schema-graph\">{\"@context\":\"https:\\\/\\\/schema.org\",\"@graph\":[{\"@type\":\"WebPage\",\"@id\":\"https:\\\/\\\/teknologiateollisuus.fi\\\/healthtech\\\/terveysteknologia-ry-on-yritysten-kohtaamispaikka\\\/terveysteknologia-ry-jasenpalvelut-ja-tyoryhmat\\\/jasensivut\\\/\",\"url\":\"https:\\\/\\\/teknologiateollisuus.fi\\\/healthtech\\\/terveysteknologia-ry-on-yritysten-kohtaamispaikka\\\/terveysteknologia-ry-jasenpalvelut-ja-tyoryhmat\\\/jasensivut\\\/\",\"name\":\"Terveysteknologia ry j\u00e4sensivut\",\"isPartOf\":{\"@id\":\"https:\\\/\\\/teknologiateollisuus.fi\\\/healthtech\\\/#website\"},\"datePublished\":\"2024-07-03T08:32:58+00:00\",\"dateModified\":\"2026-01-26T11:07:59+00:00\",\"description\":\"Terveysteknologia ry:n j\u00e4sensivut ovat k\u00e4ytett\u00e4viss\u00e4 kaikille yhdistyksen j\u00e4senyrityksiss\u00e4 ty\u00f6skenteleville.\",\"breadcrumb\":{\"@id\":\"https:\\\/\\\/teknologiateollisuus.fi\\\/healthtech\\\/terveysteknologia-ry-on-yritysten-kohtaamispaikka\\\/terveysteknologia-ry-jasenpalvelut-ja-tyoryhmat\\\/jasensivut\\\/#breadcrumb\"},\"inLanguage\":\"fi\",\"potentialAction\":[{\"@type\":\"ReadAction\",\"target\":[\"https:\\\/\\\/teknologiateollisuus.fi\\\/healthtech\\\/terveysteknologia-ry-on-yritysten-kohtaamispaikka\\\/terveysteknologia-ry-jasenpalvelut-ja-tyoryhmat\\\/jasensivut\\\/\"]}]},{\"@type\":\"BreadcrumbList\",\"@id\":\"https:\\\/\\\/teknologiateollisuus.fi\\\/healthtech\\\/terveysteknologia-ry-on-yritysten-kohtaamispaikka\\\/terveysteknologia-ry-jasenpalvelut-ja-tyoryhmat\\\/jasensivut\\\/#breadcrumb\",\"itemListElement\":[{\"@type\":\"ListItem\",\"position\":1,\"name\":\"Etusivu\",\"item\":\"https:\\\/\\\/teknologiateollisuus.fi\\\/healthtech\\\/\"},{\"@type\":\"ListItem\",\"position\":2,\"name\":\"Yhdistys\",\"item\":\"https:\\\/\\\/teknologiateollisuus.fi\\\/healthtech\\\/terveysteknologia-ry-on-yritysten-kohtaamispaikka\\\/\"},{\"@type\":\"ListItem\",\"position\":3,\"name\":\"J\u00e4senpalvelut ja ty\u00f6ryhm\u00e4t\",\"item\":\"https:\\\/\\\/teknologiateollisuus.fi\\\/healthtech\\\/terveysteknologia-ry-on-yritysten-kohtaamispaikka\\\/terveysteknologia-ry-jasenpalvelut-ja-tyoryhmat\\\/\"},{\"@type\":\"ListItem\",\"position\":4,\"name\":\"J\u00e4sensivut\"}]},{\"@type\":\"WebSite\",\"@id\":\"https:\\\/\\\/teknologiateollisuus.fi\\\/healthtech\\\/#website\",\"url\":\"https:\\\/\\\/teknologiateollisuus.fi\\\/healthtech\\\/\",\"name\":\"Terveysteknologia\",\"description\":\"\",\"potentialAction\":[{\"@type\":\"SearchAction\",\"target\":{\"@type\":\"EntryPoint\",\"urlTemplate\":\"https:\\\/\\\/teknologiateollisuus.fi\\\/healthtech\\\/?s={search_term_string}\"},\"query-input\":{\"@type\":\"PropertyValueSpecification\",\"valueRequired\":true,\"valueName\":\"search_term_string\"}}],\"inLanguage\":\"fi\"}]}<\/script>\n<!-- \/ Yoast SEO Premium plugin. -->","yoast_head_json":{"title":"Terveysteknologia ry j\u00e4sensivut","description":"Terveysteknologia ry:n j\u00e4sensivut ovat k\u00e4ytett\u00e4viss\u00e4 kaikille yhdistyksen j\u00e4senyrityksiss\u00e4 ty\u00f6skenteleville.","robots":{"index":"index","follow":"follow","max-snippet":"max-snippet:-1","max-image-preview":"max-image-preview:large","max-video-preview":"max-video-preview:-1"},"canonical":"https:\/\/teknologiateollisuus.fi\/healthtech\/terveysteknologia-ry-on-yritysten-kohtaamispaikka\/terveysteknologia-ry-jasenpalvelut-ja-tyoryhmat\/jasensivut\/","og_locale":"fi_FI","og_type":"article","og_title":"J\u00e4sensivut","og_description":"Terveysteknologia ry:n j\u00e4sensivut ovat k\u00e4ytett\u00e4viss\u00e4 kaikille yhdistyksen j\u00e4senyrityksiss\u00e4 ty\u00f6skenteleville.","og_url":"https:\/\/teknologiateollisuus.fi\/healthtech\/terveysteknologia-ry-on-yritysten-kohtaamispaikka\/terveysteknologia-ry-jasenpalvelut-ja-tyoryhmat\/jasensivut\/","og_site_name":"Terveysteknologia","article_modified_time":"2026-01-26T11:07:59+00:00","twitter_card":"summary_large_image","twitter_misc":{"Arvioitu lukuaika":"1 minuutti"},"schema":{"@context":"https:\/\/schema.org","@graph":[{"@type":"WebPage","@id":"https:\/\/teknologiateollisuus.fi\/healthtech\/terveysteknologia-ry-on-yritysten-kohtaamispaikka\/terveysteknologia-ry-jasenpalvelut-ja-tyoryhmat\/jasensivut\/","url":"https:\/\/teknologiateollisuus.fi\/healthtech\/terveysteknologia-ry-on-yritysten-kohtaamispaikka\/terveysteknologia-ry-jasenpalvelut-ja-tyoryhmat\/jasensivut\/","name":"Terveysteknologia ry j\u00e4sensivut","isPartOf":{"@id":"https:\/\/teknologiateollisuus.fi\/healthtech\/#website"},"datePublished":"2024-07-03T08:32:58+00:00","dateModified":"2026-01-26T11:07:59+00:00","description":"Terveysteknologia ry:n j\u00e4sensivut ovat k\u00e4ytett\u00e4viss\u00e4 kaikille yhdistyksen j\u00e4senyrityksiss\u00e4 ty\u00f6skenteleville.","breadcrumb":{"@id":"https:\/\/teknologiateollisuus.fi\/healthtech\/terveysteknologia-ry-on-yritysten-kohtaamispaikka\/terveysteknologia-ry-jasenpalvelut-ja-tyoryhmat\/jasensivut\/#breadcrumb"},"inLanguage":"fi","potentialAction":[{"@type":"ReadAction","target":["https:\/\/teknologiateollisuus.fi\/healthtech\/terveysteknologia-ry-on-yritysten-kohtaamispaikka\/terveysteknologia-ry-jasenpalvelut-ja-tyoryhmat\/jasensivut\/"]}]},{"@type":"BreadcrumbList","@id":"https:\/\/teknologiateollisuus.fi\/healthtech\/terveysteknologia-ry-on-yritysten-kohtaamispaikka\/terveysteknologia-ry-jasenpalvelut-ja-tyoryhmat\/jasensivut\/#breadcrumb","itemListElement":[{"@type":"ListItem","position":1,"name":"Etusivu","item":"https:\/\/teknologiateollisuus.fi\/healthtech\/"},{"@type":"ListItem","position":2,"name":"Yhdistys","item":"https:\/\/teknologiateollisuus.fi\/healthtech\/terveysteknologia-ry-on-yritysten-kohtaamispaikka\/"},{"@type":"ListItem","position":3,"name":"J\u00e4senpalvelut ja ty\u00f6ryhm\u00e4t","item":"https:\/\/teknologiateollisuus.fi\/healthtech\/terveysteknologia-ry-on-yritysten-kohtaamispaikka\/terveysteknologia-ry-jasenpalvelut-ja-tyoryhmat\/"},{"@type":"ListItem","position":4,"name":"J\u00e4sensivut"}]},{"@type":"WebSite","@id":"https:\/\/teknologiateollisuus.fi\/healthtech\/#website","url":"https:\/\/teknologiateollisuus.fi\/healthtech\/","name":"Terveysteknologia","description":"","potentialAction":[{"@type":"SearchAction","target":{"@type":"EntryPoint","urlTemplate":"https:\/\/teknologiateollisuus.fi\/healthtech\/?s={search_term_string}"},"query-input":{"@type":"PropertyValueSpecification","valueRequired":true,"valueName":"search_term_string"}}],"inLanguage":"fi"}]}},"lang":"fi","translations":{"fi":550,"en":2146},"pll_sync_post":[],"_links":{"self":[{"href":"https:\/\/teknologiateollisuus.fi\/healthtech\/wp-json\/wp\/v2\/pages\/550","targetHints":{"allow":["GET"]}}],"collection":[{"href":"https:\/\/teknologiateollisuus.fi\/healthtech\/wp-json\/wp\/v2\/pages"}],"about":[{"href":"https:\/\/teknologiateollisuus.fi\/healthtech\/wp-json\/wp\/v2\/types\/page"}],"author":[{"embeddable":true,"href":"https:\/\/teknologiateollisuus.fi\/healthtech\/wp-json\/wp\/v2\/users\/16"}],"replies":[{"embeddable":true,"href":"https:\/\/teknologiateollisuus.fi\/healthtech\/wp-json\/wp\/v2\/comments?post=550"}],"version-history":[{"count":8,"href":"https:\/\/teknologiateollisuus.fi\/healthtech\/wp-json\/wp\/v2\/pages\/550\/revisions"}],"predecessor-version":[{"id":5596,"href":"https:\/\/teknologiateollisuus.fi\/healthtech\/wp-json\/wp\/v2\/pages\/550\/revisions\/5596"}],"up":[{"embeddable":true,"href":"https:\/\/teknologiateollisuus.fi\/healthtech\/wp-json\/wp\/v2\/pages\/504"}],"wp:attachment":[{"href":"https:\/\/teknologiateollisuus.fi\/healthtech\/wp-json\/wp\/v2\/media?parent=550"}],"curies":[{"name":"wp","href":"https:\/\/api.w.org\/{rel}","templated":true}]}}