{"id":553,"date":"2024-07-03T11:42:55","date_gmt":"2024-07-03T08:42:55","guid":{"rendered":"https:\/\/teknologiateollisuus.fi\/healthtech\/?page_id=553"},"modified":"2026-02-02T12:40:18","modified_gmt":"2026-02-02T10:40:18","slug":"tavoitteet-ja-vaikuttaminen","status":"publish","type":"page","link":"https:\/\/teknologiateollisuus.fi\/healthtech\/terveysteknologia-ry-on-yritysten-kohtaamispaikka\/tavoitteet-ja-vaikuttaminen\/","title":{"rendered":"Tavoitteet ja vaikuttaminen"},"content":{"rendered":"\n<div class=\"em-block-hero hero-has-background-color has-background has-tangerine-background-color has-image media-position-right \">\n\t<div class=\"em-block-hero__container\">\n\t\t<div class=\"em-block-hero__content\">\n\t\t\t<div class=\"yoast-breadcrumbs\"><span><span><a href=\"https:\/\/teknologiateollisuus.fi\/healthtech\/\">Etusivu<\/a><\/span> <span class=\"separator\"><\/span> <span><a href=\"https:\/\/teknologiateollisuus.fi\/healthtech\/terveysteknologia-ry-on-yritysten-kohtaamispaikka\/\">Yhdistys<\/a><\/span> <span class=\"separator\"><\/span> <span class=\"breadcrumb_last\" aria-current=\"page\">Tavoitteet ja vaikuttaminen<\/span><\/span><\/div>\t\t\t\n<h1 class=\"wp-block-heading\" id=\"h-tavoitteet-ja-vaikuttaminen\">Tavoitteet ja vaikuttaminen<\/h1>\n\n<p><\/p>\n\t\t\t<div class=\"em-block-hero__modified-date\"> P\u00e4ivitetty 02.02.2026 klo 12:40<\/div>\t\t<\/div>\n\t\t\t\t\t<figure class=\"em-block-hero__image\">\n\t\t\t\t<img loading=\"lazy\" decoding=\"async\" width=\"1920\" height=\"1280\" src=\"https:\/\/teknologiateollisuus.fi\/healthtech\/wp-content\/uploads\/sites\/8\/2024\/06\/Kuvituskuva-tietokone-kadet-2.jpg\" class=\"attachment-hero size-hero\" alt=\"Kuvituskuva tietokone k\u00e4det 2\" srcset=\"https:\/\/teknologiateollisuus.fi\/healthtech\/wp-content\/uploads\/sites\/8\/2024\/06\/Kuvituskuva-tietokone-kadet-2.jpg 1920w, https:\/\/teknologiateollisuus.fi\/healthtech\/wp-content\/uploads\/sites\/8\/2024\/06\/Kuvituskuva-tietokone-kadet-2-400x267.jpg 400w, https:\/\/teknologiateollisuus.fi\/healthtech\/wp-content\/uploads\/sites\/8\/2024\/06\/Kuvituskuva-tietokone-kadet-2-968x645.jpg 968w, https:\/\/teknologiateollisuus.fi\/healthtech\/wp-content\/uploads\/sites\/8\/2024\/06\/Kuvituskuva-tietokone-kadet-2-768x512.jpg 768w, https:\/\/teknologiateollisuus.fi\/healthtech\/wp-content\/uploads\/sites\/8\/2024\/06\/Kuvituskuva-tietokone-kadet-2-1536x1024.jpg 1536w, https:\/\/teknologiateollisuus.fi\/healthtech\/wp-content\/uploads\/sites\/8\/2024\/06\/Kuvituskuva-tietokone-kadet-2-1300x867.jpg 1300w, https:\/\/teknologiateollisuus.fi\/healthtech\/wp-content\/uploads\/sites\/8\/2024\/06\/Kuvituskuva-tietokone-kadet-2-1440x960.jpg 1440w\" sizes=\"auto, (max-width: 1920px) 100vw, 1920px\" \/>\t\t\t<\/figure>\n\t\t\t<\/div>\n<\/div>\n\n\n\n<p>Vaikuttamisty\u00f6mme keski\u00f6ss\u00e4 on missiomme auttaa j\u00e4senyritysten kasvua ja kansainv\u00e4listymist\u00e4, sill\u00e4 terveysteknologian kasvava vienti luo hyvinvointia Suomeen.&nbsp;Kasvuun ja kansainv\u00e4listymiseen vaikutetaan parhaiten luomalla yrityksille suotuisa kansallinen toimintaymp\u00e4rist\u00f6, jolla voidaan varmistaa potilasturvallisten, vaikuttavien ja innovatiivisten ratkaisujen p\u00e4\u00e4sy markkinoille ja k\u00e4ytt\u00f6\u00f6notto terveydenhuollossa.<\/p>\n\n\n\n<p>Yhdistys my\u00f6s edist\u00e4\u00e4 viestinn\u00e4ll\u00e4 toimialan, yritysten ja yhdistyksen tunnettuutta. T\u00e4rkeimm\u00e4t viestint\u00e4kanavamme ovat omat verkkosivumme, uutiskirje sek\u00e4 sosiaalisen median alustoista Linkedin. N\u00e4iden kautta jaamme tietoa toimialasta, j\u00e4senyrityksist\u00e4 sek\u00e4 yhdistyksest\u00e4.<\/p>\n\n\n\n<figure class=\"wp-block-image size-large\"><img loading=\"lazy\" decoding=\"async\" width=\"968\" height=\"545\" src=\"http:\/\/healthtech.teknologiateollisuus.fi\/wp-content\/uploads\/sites\/8\/2024\/07\/Strategia2030-1-968x545.png\" alt=\"\" class=\"wp-image-629\" srcset=\"https:\/\/teknologiateollisuus.fi\/healthtech\/wp-content\/uploads\/sites\/8\/2024\/07\/Strategia2030-1-968x545.png 968w, https:\/\/teknologiateollisuus.fi\/healthtech\/wp-content\/uploads\/sites\/8\/2024\/07\/Strategia2030-1-400x225.png 400w, https:\/\/teknologiateollisuus.fi\/healthtech\/wp-content\/uploads\/sites\/8\/2024\/07\/Strategia2030-1-768x432.png 768w, https:\/\/teknologiateollisuus.fi\/healthtech\/wp-content\/uploads\/sites\/8\/2024\/07\/Strategia2030-1.png 1149w\" sizes=\"auto, (max-width: 968px) 100vw, 968px\" \/><\/figure>\n\n\n\n<h3 class=\"wp-block-heading\" id=\"h-suotuisa-toimintaymparisto-varmistaa-potilasturvallisten-vaikuttavien-ja-innovatiivisten-ratkaisujen-paasyn-markkinoille\" id=\"suotuisa-toimintaymparisto-varmistaa-potilasturvallisten-vaikuttavien-ja-innovatiivisten-ratkaisujen-paasyn-markkinoille\">Suotuisa toimintaymp\u00e4rist\u00f6 varmistaa potilasturvallisten, vaikuttavien ja innovatiivisten ratkaisujen p\u00e4\u00e4syn markkinoille.<\/h3>\n\n\n\n<ul class=\"wp-block-list\">\n<li>Onnistuneet julkiset hankinnat<\/li>\n\n\n\n<li>Innovaatiomy\u00f6nteinen lains\u00e4\u00e4d\u00e4nt\u00f6 ja politiikka<\/li>\n\n\n\n<li>Innovaatiomy\u00f6nteinen markkina<\/li>\n\n\n\n<li>Riitt\u00e4v\u00e4sti osaajia<\/li>\n\n\n\n<li>Teknologia osaksi kokonaisratkaisua<\/li>\n<\/ul>\n\n\n\n<p>Terveysteknologian kasvava vienti luo hyvinvointia Suomeen.<\/p>\n\n\n\n<article class=\"em-block-contact-card is-style-list\">\n\n\t<div class=\"em-block-contact-card__image\">\n\t\t\t\t\t<img loading=\"lazy\" decoding=\"async\" width=\"300\" height=\"400\" src=\"https:\/\/teknologiateollisuus.fi\/healthtech\/wp-content\/uploads\/sites\/8\/2024\/06\/Hassinen_Saara_Terveysteknologia-ry-300x400.jpg\" class=\"attachment-portrait size-portrait\" alt=\"Saara Hassinen\" \/>\t\t\t<\/div>\n\t<div class=\"em-block-contact-card__content-wrapper\">\n\t\t<div class=\"em-block-contact-card__content\">\n\t\t\t\t\t\t<h3 class=\"em-block-contact-card__title\"><a target=\"_self\" href=\"https:\/\/teknologiateollisuus.fi\/healthtech\/contacts\/saara-hassinen\/\">Saara Hassinen<\/a><\/h3>\n\t\t\t\t\t\t\t<span class=\"em-block-contact-card__job_title\">Toimitusjohtaja, Managing Director<\/span>\n\t\t\t\t\t\t<span class=\"em-block-contact-card__organisation\">Terveysteknologia ry<\/span>\n\t\t<\/div>\n\t\t<div class=\"em-block-contact-card__content\">\n\t\t\t\t\t\t<address class=\"em-block-contact-card__contact-details\">\n\t\t\t\t<span class=\"em-block-contact-card__phone\">\n\t\t\t\t\t<a href=\"tel:+358 40 531 1661\">+358 40 531 1661<\/a>\n\t\t\t\t<\/span>\n\t\t\t\t<span class=\"em-block-contact-card__email\">\n\t\t\t\t\t<a href=\"mailto:saara.hassinen(at)teknologiateollisuus.fi\">saara.hassinen(at)teknologiateollisuus.fi<\/a>\n\t\t\t\t<\/span>\n\t\t\t<\/address>\n\t\t\t<div class='em-block-contact-card__socials'><div class=\"social-media-links\"><ul class=\"social-media-links__list\"><li><a href=\"https:\/\/twitter.com\/SaaraHassinen\" target=\"_blank\" aria-label=\"Find me on twitter\" data-service=\"twitter\"><\/a><\/li><li><a href=\"https:\/\/linkedin.com\/in\/saara-hassinen-7993121a\" target=\"_blank\" aria-label=\"Find me on linkedin\" data-service=\"linkedin\"><\/a><\/li><\/ul><\/div><\/div>\t\t<\/div>\n\t<\/div>\n\n<\/article>\n","protected":false},"excerpt":{"rendered":"<p>Vaikuttamisty\u00f6mme keski\u00f6ss\u00e4 on missiomme auttaa j\u00e4senyritysten kasvua ja kansainv\u00e4listymist\u00e4, sill\u00e4 terveysteknologian kasvava vienti luo hyvinvointia Suomeen.&nbsp;Kasvuun ja kansainv\u00e4listymiseen vaikutetaan parhaiten luomalla yrityksille suotuisa kansallinen toimintaymp\u00e4rist\u00f6, jolla voidaan varmistaa potilasturvallisten, vaikuttavien ja innovatiivisten ratkaisujen p\u00e4\u00e4sy markkinoille ja k\u00e4ytt\u00f6\u00f6notto terveydenhuollossa. Yhdistys my\u00f6s edist\u00e4\u00e4 viestinn\u00e4ll\u00e4 toimialan, yritysten ja yhdistyksen tunnettuutta. T\u00e4rkeimm\u00e4t viestint\u00e4kanavamme ovat omat verkkosivumme, uutiskirje sek\u00e4 sosiaalisen [&hellip;]<\/p>\n","protected":false},"author":16,"featured_media":0,"parent":120,"menu_order":5,"comment_status":"closed","ping_status":"closed","template":"","meta":{"_acf_changed":false,"_relevanssi_hide_post":"","_relevanssi_hide_content":"","_relevanssi_pin_for_all":"","_relevanssi_pin_keywords":"","_relevanssi_unpin_keywords":"","_relevanssi_related_keywords":"","_relevanssi_related_include_ids":"","_relevanssi_related_exclude_ids":"","_relevanssi_related_no_append":"","_relevanssi_related_not_related":"","_relevanssi_related_posts":"1","_relevanssi_noindex_reason":"","inline_featured_image":false,"footnotes":""},"class_list":["post-553","page","type-page","status-publish","hentry"],"acf":[],"yoast_head":"<!-- This site is optimized with the Yoast SEO Premium plugin v27.1 (Yoast SEO v27.4) - https:\/\/yoast.com\/product\/yoast-seo-premium-wordpress\/ -->\n<title>Terveysteknologia ry tavoitteet ja vaikuttaminen<\/title>\n<meta name=\"description\" content=\"Vaikuttamisty\u00f6n keski\u00f6ss\u00e4 on j\u00e4senyritysten kasvu ja kansainv\u00e4listyminen,. Terveysteknologian kasvava vienti luo hyvinvointia Suomeen.\u00a0\" \/>\n<meta name=\"robots\" content=\"index, follow, max-snippet:-1, max-image-preview:large, max-video-preview:-1\" \/>\n<link rel=\"canonical\" href=\"https:\/\/teknologiateollisuus.fi\/healthtech\/terveysteknologia-ry-on-yritysten-kohtaamispaikka\/tavoitteet-ja-vaikuttaminen\/\" \/>\n<meta property=\"og:locale\" content=\"fi_FI\" \/>\n<meta property=\"og:type\" content=\"article\" \/>\n<meta property=\"og:title\" content=\"Tavoitteet ja vaikuttaminen\" \/>\n<meta property=\"og:description\" content=\"Vaikuttamisty\u00f6n keski\u00f6ss\u00e4 on j\u00e4senyritysten kasvu ja kansainv\u00e4listyminen,. Terveysteknologian kasvava vienti luo hyvinvointia Suomeen.\u00a0\" \/>\n<meta property=\"og:url\" content=\"https:\/\/teknologiateollisuus.fi\/healthtech\/terveysteknologia-ry-on-yritysten-kohtaamispaikka\/tavoitteet-ja-vaikuttaminen\/\" \/>\n<meta property=\"og:site_name\" content=\"Terveysteknologia\" \/>\n<meta property=\"article:modified_time\" content=\"2026-02-02T10:40:18+00:00\" \/>\n<meta property=\"og:image\" content=\"http:\/\/healthtech.teknologiateollisuus.fi\/wp-content\/uploads\/sites\/8\/2024\/07\/Strategia2030-1-968x545.png\" \/>\n<meta name=\"twitter:card\" content=\"summary_large_image\" \/>\n<meta name=\"twitter:label1\" content=\"Arvioitu lukuaika\" \/>\n\t<meta name=\"twitter:data1\" content=\"1 minuutti\" \/>\n<script type=\"application\/ld+json\" class=\"yoast-schema-graph\">{\"@context\":\"https:\\\/\\\/schema.org\",\"@graph\":[{\"@type\":\"WebPage\",\"@id\":\"https:\\\/\\\/teknologiateollisuus.fi\\\/healthtech\\\/terveysteknologia-ry-on-yritysten-kohtaamispaikka\\\/tavoitteet-ja-vaikuttaminen\\\/\",\"url\":\"https:\\\/\\\/teknologiateollisuus.fi\\\/healthtech\\\/terveysteknologia-ry-on-yritysten-kohtaamispaikka\\\/tavoitteet-ja-vaikuttaminen\\\/\",\"name\":\"Terveysteknologia ry tavoitteet ja vaikuttaminen\",\"isPartOf\":{\"@id\":\"https:\\\/\\\/teknologiateollisuus.fi\\\/healthtech\\\/#website\"},\"primaryImageOfPage\":{\"@id\":\"https:\\\/\\\/teknologiateollisuus.fi\\\/healthtech\\\/terveysteknologia-ry-on-yritysten-kohtaamispaikka\\\/tavoitteet-ja-vaikuttaminen\\\/#primaryimage\"},\"image\":{\"@id\":\"https:\\\/\\\/teknologiateollisuus.fi\\\/healthtech\\\/terveysteknologia-ry-on-yritysten-kohtaamispaikka\\\/tavoitteet-ja-vaikuttaminen\\\/#primaryimage\"},\"thumbnailUrl\":\"http:\\\/\\\/healthtech.teknologiateollisuus.fi\\\/wp-content\\\/uploads\\\/sites\\\/8\\\/2024\\\/07\\\/Strategia2030-1-968x545.png\",\"datePublished\":\"2024-07-03T08:42:55+00:00\",\"dateModified\":\"2026-02-02T10:40:18+00:00\",\"description\":\"Vaikuttamisty\u00f6n keski\u00f6ss\u00e4 on j\u00e4senyritysten kasvu ja kansainv\u00e4listyminen,. Terveysteknologian kasvava vienti luo hyvinvointia Suomeen.\u00a0\",\"breadcrumb\":{\"@id\":\"https:\\\/\\\/teknologiateollisuus.fi\\\/healthtech\\\/terveysteknologia-ry-on-yritysten-kohtaamispaikka\\\/tavoitteet-ja-vaikuttaminen\\\/#breadcrumb\"},\"inLanguage\":\"fi\",\"potentialAction\":[{\"@type\":\"ReadAction\",\"target\":[\"https:\\\/\\\/teknologiateollisuus.fi\\\/healthtech\\\/terveysteknologia-ry-on-yritysten-kohtaamispaikka\\\/tavoitteet-ja-vaikuttaminen\\\/\"]}]},{\"@type\":\"ImageObject\",\"inLanguage\":\"fi\",\"@id\":\"https:\\\/\\\/teknologiateollisuus.fi\\\/healthtech\\\/terveysteknologia-ry-on-yritysten-kohtaamispaikka\\\/tavoitteet-ja-vaikuttaminen\\\/#primaryimage\",\"url\":\"http:\\\/\\\/healthtech.teknologiateollisuus.fi\\\/wp-content\\\/uploads\\\/sites\\\/8\\\/2024\\\/07\\\/Strategia2030-1-968x545.png\",\"contentUrl\":\"http:\\\/\\\/healthtech.teknologiateollisuus.fi\\\/wp-content\\\/uploads\\\/sites\\\/8\\\/2024\\\/07\\\/Strategia2030-1-968x545.png\"},{\"@type\":\"BreadcrumbList\",\"@id\":\"https:\\\/\\\/teknologiateollisuus.fi\\\/healthtech\\\/terveysteknologia-ry-on-yritysten-kohtaamispaikka\\\/tavoitteet-ja-vaikuttaminen\\\/#breadcrumb\",\"itemListElement\":[{\"@type\":\"ListItem\",\"position\":1,\"name\":\"Etusivu\",\"item\":\"https:\\\/\\\/teknologiateollisuus.fi\\\/healthtech\\\/\"},{\"@type\":\"ListItem\",\"position\":2,\"name\":\"Yhdistys\",\"item\":\"https:\\\/\\\/teknologiateollisuus.fi\\\/healthtech\\\/terveysteknologia-ry-on-yritysten-kohtaamispaikka\\\/\"},{\"@type\":\"ListItem\",\"position\":3,\"name\":\"Tavoitteet ja vaikuttaminen\"}]},{\"@type\":\"WebSite\",\"@id\":\"https:\\\/\\\/teknologiateollisuus.fi\\\/healthtech\\\/#website\",\"url\":\"https:\\\/\\\/teknologiateollisuus.fi\\\/healthtech\\\/\",\"name\":\"Terveysteknologia\",\"description\":\"\",\"potentialAction\":[{\"@type\":\"SearchAction\",\"target\":{\"@type\":\"EntryPoint\",\"urlTemplate\":\"https:\\\/\\\/teknologiateollisuus.fi\\\/healthtech\\\/?s={search_term_string}\"},\"query-input\":{\"@type\":\"PropertyValueSpecification\",\"valueRequired\":true,\"valueName\":\"search_term_string\"}}],\"inLanguage\":\"fi\"}]}<\/script>\n<!-- \/ Yoast SEO Premium plugin. -->","yoast_head_json":{"title":"Terveysteknologia ry tavoitteet ja vaikuttaminen","description":"Vaikuttamisty\u00f6n keski\u00f6ss\u00e4 on j\u00e4senyritysten kasvu ja kansainv\u00e4listyminen,. Terveysteknologian kasvava vienti luo hyvinvointia Suomeen.\u00a0","robots":{"index":"index","follow":"follow","max-snippet":"max-snippet:-1","max-image-preview":"max-image-preview:large","max-video-preview":"max-video-preview:-1"},"canonical":"https:\/\/teknologiateollisuus.fi\/healthtech\/terveysteknologia-ry-on-yritysten-kohtaamispaikka\/tavoitteet-ja-vaikuttaminen\/","og_locale":"fi_FI","og_type":"article","og_title":"Tavoitteet ja vaikuttaminen","og_description":"Vaikuttamisty\u00f6n keski\u00f6ss\u00e4 on j\u00e4senyritysten kasvu ja kansainv\u00e4listyminen,. Terveysteknologian kasvava vienti luo hyvinvointia Suomeen.\u00a0","og_url":"https:\/\/teknologiateollisuus.fi\/healthtech\/terveysteknologia-ry-on-yritysten-kohtaamispaikka\/tavoitteet-ja-vaikuttaminen\/","og_site_name":"Terveysteknologia","article_modified_time":"2026-02-02T10:40:18+00:00","og_image":[{"url":"http:\/\/healthtech.teknologiateollisuus.fi\/wp-content\/uploads\/sites\/8\/2024\/07\/Strategia2030-1-968x545.png","type":"","width":"","height":""}],"twitter_card":"summary_large_image","twitter_misc":{"Arvioitu lukuaika":"1 minuutti"},"schema":{"@context":"https:\/\/schema.org","@graph":[{"@type":"WebPage","@id":"https:\/\/teknologiateollisuus.fi\/healthtech\/terveysteknologia-ry-on-yritysten-kohtaamispaikka\/tavoitteet-ja-vaikuttaminen\/","url":"https:\/\/teknologiateollisuus.fi\/healthtech\/terveysteknologia-ry-on-yritysten-kohtaamispaikka\/tavoitteet-ja-vaikuttaminen\/","name":"Terveysteknologia ry tavoitteet ja vaikuttaminen","isPartOf":{"@id":"https:\/\/teknologiateollisuus.fi\/healthtech\/#website"},"primaryImageOfPage":{"@id":"https:\/\/teknologiateollisuus.fi\/healthtech\/terveysteknologia-ry-on-yritysten-kohtaamispaikka\/tavoitteet-ja-vaikuttaminen\/#primaryimage"},"image":{"@id":"https:\/\/teknologiateollisuus.fi\/healthtech\/terveysteknologia-ry-on-yritysten-kohtaamispaikka\/tavoitteet-ja-vaikuttaminen\/#primaryimage"},"thumbnailUrl":"http:\/\/healthtech.teknologiateollisuus.fi\/wp-content\/uploads\/sites\/8\/2024\/07\/Strategia2030-1-968x545.png","datePublished":"2024-07-03T08:42:55+00:00","dateModified":"2026-02-02T10:40:18+00:00","description":"Vaikuttamisty\u00f6n keski\u00f6ss\u00e4 on j\u00e4senyritysten kasvu ja kansainv\u00e4listyminen,. Terveysteknologian kasvava vienti luo hyvinvointia Suomeen.\u00a0","breadcrumb":{"@id":"https:\/\/teknologiateollisuus.fi\/healthtech\/terveysteknologia-ry-on-yritysten-kohtaamispaikka\/tavoitteet-ja-vaikuttaminen\/#breadcrumb"},"inLanguage":"fi","potentialAction":[{"@type":"ReadAction","target":["https:\/\/teknologiateollisuus.fi\/healthtech\/terveysteknologia-ry-on-yritysten-kohtaamispaikka\/tavoitteet-ja-vaikuttaminen\/"]}]},{"@type":"ImageObject","inLanguage":"fi","@id":"https:\/\/teknologiateollisuus.fi\/healthtech\/terveysteknologia-ry-on-yritysten-kohtaamispaikka\/tavoitteet-ja-vaikuttaminen\/#primaryimage","url":"http:\/\/healthtech.teknologiateollisuus.fi\/wp-content\/uploads\/sites\/8\/2024\/07\/Strategia2030-1-968x545.png","contentUrl":"http:\/\/healthtech.teknologiateollisuus.fi\/wp-content\/uploads\/sites\/8\/2024\/07\/Strategia2030-1-968x545.png"},{"@type":"BreadcrumbList","@id":"https:\/\/teknologiateollisuus.fi\/healthtech\/terveysteknologia-ry-on-yritysten-kohtaamispaikka\/tavoitteet-ja-vaikuttaminen\/#breadcrumb","itemListElement":[{"@type":"ListItem","position":1,"name":"Etusivu","item":"https:\/\/teknologiateollisuus.fi\/healthtech\/"},{"@type":"ListItem","position":2,"name":"Yhdistys","item":"https:\/\/teknologiateollisuus.fi\/healthtech\/terveysteknologia-ry-on-yritysten-kohtaamispaikka\/"},{"@type":"ListItem","position":3,"name":"Tavoitteet ja vaikuttaminen"}]},{"@type":"WebSite","@id":"https:\/\/teknologiateollisuus.fi\/healthtech\/#website","url":"https:\/\/teknologiateollisuus.fi\/healthtech\/","name":"Terveysteknologia","description":"","potentialAction":[{"@type":"SearchAction","target":{"@type":"EntryPoint","urlTemplate":"https:\/\/teknologiateollisuus.fi\/healthtech\/?s={search_term_string}"},"query-input":{"@type":"PropertyValueSpecification","valueRequired":true,"valueName":"search_term_string"}}],"inLanguage":"fi"}]}},"lang":"fi","translations":{"fi":553},"pll_sync_post":[],"_links":{"self":[{"href":"https:\/\/teknologiateollisuus.fi\/healthtech\/wp-json\/wp\/v2\/pages\/553","targetHints":{"allow":["GET"]}}],"collection":[{"href":"https:\/\/teknologiateollisuus.fi\/healthtech\/wp-json\/wp\/v2\/pages"}],"about":[{"href":"https:\/\/teknologiateollisuus.fi\/healthtech\/wp-json\/wp\/v2\/types\/page"}],"author":[{"embeddable":true,"href":"https:\/\/teknologiateollisuus.fi\/healthtech\/wp-json\/wp\/v2\/users\/16"}],"replies":[{"embeddable":true,"href":"https:\/\/teknologiateollisuus.fi\/healthtech\/wp-json\/wp\/v2\/comments?post=553"}],"version-history":[{"count":11,"href":"https:\/\/teknologiateollisuus.fi\/healthtech\/wp-json\/wp\/v2\/pages\/553\/revisions"}],"predecessor-version":[{"id":5620,"href":"https:\/\/teknologiateollisuus.fi\/healthtech\/wp-json\/wp\/v2\/pages\/553\/revisions\/5620"}],"up":[{"embeddable":true,"href":"https:\/\/teknologiateollisuus.fi\/healthtech\/wp-json\/wp\/v2\/pages\/120"}],"wp:attachment":[{"href":"https:\/\/teknologiateollisuus.fi\/healthtech\/wp-json\/wp\/v2\/media?parent=553"}],"curies":[{"name":"wp","href":"https:\/\/api.w.org\/{rel}","templated":true}]}}