{"id":555,"date":"2024-07-03T11:43:34","date_gmt":"2024-07-03T08:43:34","guid":{"rendered":"https:\/\/teknologiateollisuus.fi\/healthtech\/?page_id=555"},"modified":"2026-01-26T13:04:03","modified_gmt":"2026-01-26T11:04:03","slug":"sidosryhmat","status":"publish","type":"page","link":"https:\/\/teknologiateollisuus.fi\/healthtech\/terveysteknologia-ry-on-yritysten-kohtaamispaikka\/sidosryhmat\/","title":{"rendered":"Sidosryhm\u00e4t"},"content":{"rendered":"\n<div class=\"em-block-hero hero-has-background-color has-background has-tangerine-background-color has-image media-position-right \">\n\t<div class=\"em-block-hero__container\">\n\t\t<div class=\"em-block-hero__content\">\n\t\t\t<div class=\"yoast-breadcrumbs\"><span><span><a href=\"https:\/\/teknologiateollisuus.fi\/healthtech\/\">Etusivu<\/a><\/span> <span class=\"separator\"><\/span> <span><a href=\"https:\/\/teknologiateollisuus.fi\/healthtech\/terveysteknologia-ry-on-yritysten-kohtaamispaikka\/\">Yhdistys<\/a><\/span> <span class=\"separator\"><\/span> <span class=\"breadcrumb_last\" aria-current=\"page\">Sidosryhm\u00e4t<\/span><\/span><\/div>\t\t\t\n<h1 class=\"wp-block-heading\" id=\"h-sidosryhmat\">Sidosryhm\u00e4t<\/h1>\n\n<p><\/p>\n\t\t\t<div class=\"em-block-hero__modified-date\"> P\u00e4ivitetty 26.01.2026 klo 13:04<\/div>\t\t<\/div>\n\t\t\t\t\t<figure class=\"em-block-hero__image\">\n\t\t\t\t<img loading=\"lazy\" decoding=\"async\" width=\"1920\" height=\"1280\" src=\"https:\/\/teknologiateollisuus.fi\/healthtech\/wp-content\/uploads\/sites\/8\/2024\/06\/Kuvituskuva-tietokone-kadet-2.jpg\" class=\"attachment-hero size-hero\" alt=\"Kuvituskuva tietokone k\u00e4det 2\" srcset=\"https:\/\/teknologiateollisuus.fi\/healthtech\/wp-content\/uploads\/sites\/8\/2024\/06\/Kuvituskuva-tietokone-kadet-2.jpg 1920w, https:\/\/teknologiateollisuus.fi\/healthtech\/wp-content\/uploads\/sites\/8\/2024\/06\/Kuvituskuva-tietokone-kadet-2-400x267.jpg 400w, https:\/\/teknologiateollisuus.fi\/healthtech\/wp-content\/uploads\/sites\/8\/2024\/06\/Kuvituskuva-tietokone-kadet-2-968x645.jpg 968w, https:\/\/teknologiateollisuus.fi\/healthtech\/wp-content\/uploads\/sites\/8\/2024\/06\/Kuvituskuva-tietokone-kadet-2-768x512.jpg 768w, https:\/\/teknologiateollisuus.fi\/healthtech\/wp-content\/uploads\/sites\/8\/2024\/06\/Kuvituskuva-tietokone-kadet-2-1536x1024.jpg 1536w, https:\/\/teknologiateollisuus.fi\/healthtech\/wp-content\/uploads\/sites\/8\/2024\/06\/Kuvituskuva-tietokone-kadet-2-1300x867.jpg 1300w, https:\/\/teknologiateollisuus.fi\/healthtech\/wp-content\/uploads\/sites\/8\/2024\/06\/Kuvituskuva-tietokone-kadet-2-1440x960.jpg 1440w\" sizes=\"auto, (max-width: 1920px) 100vw, 1920px\" \/>\t\t\t<\/figure>\n\t\t\t<\/div>\n<\/div>\n\n\n\n<h2 class=\"wp-block-heading\" id=\"h-sidosryhmat-0\" id=\"sidosryhmat\">Sidosryhm\u00e4t<\/h2>\n\n\n\n<div class=\"wp-block-group is-style-tight has-violet-color has-light-gray-background-color has-text-color has-background has-link-color wp-elements-d1a9a529d1317feee7024e918376d854 is-layout-constrained wp-block-group-is-layout-constrained\">\n<div class=\"wp-block-scb-columns scb-columns  has-mobile-behavior--stacked has-auto-fit\">\n<div class=\"wp-block-scb-column scb-column is-scale-cover\">\n<h4 class=\"wp-block-heading\" id=\"h-alueelliset-toimijat\" id=\"alueelliset-toimijat\">ALUEELLISET TOIMIJAT<\/h4>\n\n\n\n<ul class=\"wp-block-list\">\n<li><a href=\"https:\/\/startupcenter.aalto.fi\/\" target=\"_blank\" rel=\"noreferrer noopener\">Aalto Startup center<\/a><\/li>\n\n\n\n<li><a href=\"https:\/\/www.healthcampusturku.fi\/\" target=\"_blank\" rel=\"noreferrer noopener\">Health Campus Turku<\/a><\/li>\n\n\n\n<li><a href=\"https:\/\/healthincubatorhelsinki.com\/\" target=\"_blank\" rel=\"noreferrer noopener\">Health Incubator Helsinki<\/a><\/li>\n\n\n\n<li><a href=\"https:\/\/www.healthproofhelsinki.fi\/\" target=\"_blank\" rel=\"noreferrer noopener\">Health Proof Helsinki<\/a><\/li>\n\n\n\n<li><a href=\"https:\/\/www.hel.fi\/en\/business-and-work\/innovation-services\" target=\"_blank\" rel=\"noreferrer noopener\">Helsinki Innovation Services<\/a><\/li>\n\n\n\n<li><a href=\"https:\/\/www.helsinkipartners.com\/\" target=\"_blank\" rel=\"noreferrer noopener\">Helsinki Partners<\/a><\/li>\n\n\n\n<li><a href=\"https:\/\/kuopiohealth.fi\/\" target=\"_blank\" rel=\"noreferrer noopener\">Kuopio Health<\/a><\/li>\n\n\n\n<li><a href=\"https:\/\/ouluhealth.fi\/\" target=\"_blank\" rel=\"noreferrer noopener\">OuluHealth<\/a><\/li>\n\n\n\n<li><a href=\"https:\/\/www.prizz.fi\/\" target=\"_blank\" rel=\"noreferrer noopener\">Prizztech Oy Pori<\/a><\/li>\n\n\n\n<li><a href=\"https:\/\/www.aalto.fi\/fi\/toimipisteet\/a-grid\" target=\"_blank\" rel=\"noreferrer noopener\">Startup-keskus A-grid<\/a><\/li>\n\n\n\n<li><a href=\"https:\/\/businesstampere.com\/en\/ecosystems-and-networks\/tampere-health-ecosystem\/\" target=\"_blank\" rel=\"noreferrer noopener\">Tampere Health<\/a><\/li>\n<\/ul>\n<\/div>\n\n\n\n<div class=\"wp-block-scb-column scb-column is-scale-cover\">\n<h4 class=\"wp-block-heading\" id=\"h-hankkeet\" id=\"hankkeet\">HANKKEET<\/h4>\n\n\n\n<ul class=\"wp-block-list\">\n<li><a href=\"https:\/\/cleverhealth.fi\/\" target=\"_blank\" rel=\"noreferrer noopener\">CleverHealth Network<\/a><\/li>\n\n\n\n<li><a href=\"https:\/\/www.oulu.fi\/fi\/projektit\/digitaalisen-terveyden-ja-hyvinvointiteknologian-kansallinen-osaamisverkosto\" target=\"_blank\" rel=\"noreferrer noopener\">DTHOSVE Digitaalisen terveyden ja hyvinvointiteknologian kansallinen osaamisverkosto<\/a><\/li>\n\n\n\n<li><a href=\"https:\/\/www.haaga-helia.fi\/fi\/tki\/hankkeet\" target=\"_blank\" rel=\"noreferrer noopener\">Haaga-Helian<\/a> hankkeet<\/li>\n\n\n\n<li><a href=\"https:\/\/hytki.fi\/\" target=\"_blank\" rel=\"noreferrer noopener\">HYTKI Hyvinvointi- ja terveysdatan kansallinen innovaatioekosysteemi<\/a><\/li>\n\n\n\n<li><a href=\"https:\/\/ican.fi\/\" target=\"_blank\" rel=\"noreferrer noopener\">iCAN<\/a><\/li>\n\n\n\n<li><a href=\"https:\/\/inflames.utu.fi\/fi\/\" target=\"_blank\" rel=\"noreferrer noopener\">InFLAMES-lippulaiva<\/a><\/li>\n\n\n\n<li><a href=\"https:\/\/www.metropolia.fi\/fi\/tutkimus-kehitys-ja-innovaatiot\/hankkeet\" target=\"_blank\" rel=\"noreferrer noopener\">Metropolian<\/a> hankeet<\/li>\n\n\n\n<li><a href=\"https:\/\/www.uef.fi\/fi\/jatkuva-oppiminen\/regulaatio-ja-vastuullisuusosaamista-terveys-ja-hyvinvointialalle-reguva\" target=\"_blank\" rel=\"noreferrer noopener\">ReguVa Regulaatio- ja vastuullisuusosaamista terveys- ja hyvinvointialalle<\/a><\/li>\n\n\n\n<li><a href=\"https:\/\/www.helsinki.fi\/fi\/uutiset\/terveempi-maailma\/uusi-kehitysohjelma-vauhdittaa-terveysalan-tutkimuslahtoisten-yritysten-kasvua\" target=\"_blank\" rel=\"noreferrer noopener\">SPARK Finland -kehitysohjelma<\/a><\/li>\n<\/ul>\n<\/div>\n\n\n\n<div class=\"wp-block-scb-column scb-column is-scale-cover\">\n<h4 class=\"wp-block-heading\" id=\"h-jarjestot\" id=\"jarjestot\">J\u00c4RJEST\u00d6T<\/h4>\n\n\n\n<ul class=\"wp-block-list\">\n<li><a href=\"https:\/\/www.cocir.org\/\" target=\"_blank\" rel=\"noreferrer noopener\">COCIR<\/a><\/li>\n\n\n\n<li><a href=\"https:\/\/www.digitaleurope.org\/\" target=\"_blank\" rel=\"noreferrer noopener\">DIGITALEUROPE<\/a><\/li>\n\n\n\n<li><a href=\"https:\/\/ek.fi\/\" target=\"_blank\" rel=\"noreferrer noopener\">EK Elinkeinoel\u00e4m\u00e4n keskusliitto<\/a><\/li>\n\n\n\n<li><a href=\"https:\/\/www.suomenbioteollisuus.fi\/\" target=\"_blank\" rel=\"noreferrer noopener\">FIB &#8211; Suomen bioteollisuus<\/a><\/li>\n\n\n\n<li><a href=\"https:\/\/www.hyvinvointiala.fi\/\" target=\"_blank\" rel=\"noreferrer noopener\">Hyvinvointiala HALI ry<\/a><\/li>\n\n\n\n<li><a href=\"https:\/\/www.pif.fi\/\" target=\"_blank\" rel=\"noreferrer noopener\">PIF L\u00e4\u00e4keteollisuus ry<\/a><\/li>\n\n\n\n<li><a href=\"https:\/\/www.sailab.fi\/\" target=\"_blank\" rel=\"noreferrer noopener\">Sailab MedTech Finland<\/a><\/li>\n\n\n\n<li><a href=\"https:\/\/startupyhteiso.com\/fi\/\" target=\"_blank\" rel=\"noreferrer noopener\">Suomen Startupyhteis\u00f6<\/a><\/li>\n\n\n\n<li><a href=\"https:\/\/teknologiateollisuus.fi\/\" target=\"_blank\" rel=\"noreferrer noopener\">Teknologiateollisuus ry<\/a><\/li>\n\n\n\n<li><a href=\"https:\/\/teknologiateollisuus.fi\/tietoa-meista\/toimialayhdistykset\/\" target=\"_blank\" rel=\"noreferrer noopener\">Teknologiateollisuus ry:n toimialayhdistykset<\/a><\/li>\n<\/ul>\n<\/div>\n<\/div>\n<\/div>\n\n\n\n<div class=\"wp-block-group is-style-tight has-violet-color has-light-gray-background-color has-text-color has-background has-link-color wp-elements-330564d1d1415c8da198997d3d9d488c is-layout-constrained wp-block-group-is-layout-constrained\">\n<div class=\"wp-block-scb-columns scb-columns  has-mobile-behavior--stacked has-auto-fit\">\n<div class=\"wp-block-scb-column scb-column is-scale-cover\">\n<h4 class=\"wp-block-heading\" id=\"h-sijoittajat\" id=\"sijoittajat\">SIJOITTAJAT<\/h4>\n\n\n\n<ul class=\"wp-block-list\">\n<li><a href=\"https:\/\/fiban.org\/\" target=\"_blank\" rel=\"noreferrer noopener\">Finnish Business Angels Network<\/a> <a href=\"https:\/\/fiban.org\/\" target=\"_blank\" rel=\"noreferrer noopener\">FiBAN<\/a><\/li>\n\n\n\n<li><a href=\"https:\/\/paaomasijoittajat.fi\/en\/fvca\/\" target=\"_blank\" rel=\"noreferrer noopener\">FVCA &#8211; P\u00e4\u00e4omasijoittajat<\/a><\/li>\n\n\n\n<li><a href=\"https:\/\/innovestorgroup.com\/\" target=\"_blank\" rel=\"noreferrer noopener\">Innovestor<\/a><\/li>\n\n\n\n<li>Inventure VC<\/li>\n\n\n\n<li><a href=\"https:\/\/www.lifelineventures.com\/\" target=\"_blank\" rel=\"noreferrer noopener\">Lifeline ventures<\/a><\/li>\n\n\n\n<li><a href=\"https:\/\/tesi.fi\/\" target=\"_blank\" rel=\"noreferrer noopener\">TESI SuomenTeollisuussijoitus Oy<\/a><\/li>\n\n\n\n<li><a href=\"https:\/\/voimaventures.com\/\" target=\"_blank\" rel=\"noreferrer noopener\">Voima ventures<\/a><\/li>\n<\/ul>\n<\/div>\n\n\n\n<div class=\"wp-block-scb-column scb-column is-scale-cover\">\n<h4 class=\"wp-block-heading\" id=\"h-valtiolliset-toimijat\" id=\"valtiolliset-toimijat\">VALTIOLLISET TOIMIJAT<\/h4>\n\n\n\n<ul class=\"wp-block-list\">\n<li><a href=\"https:\/\/www.businessfinland.fi\/suomalaisille-asiakkaille\/etusivu\" target=\"_blank\" rel=\"noreferrer noopener\">Business Finland<\/a><\/li>\n\n\n\n<li><a href=\"https:\/\/fimea.fi\/etusivu\" target=\"_blank\" rel=\"noreferrer noopener\">Fimea L\u00e4\u00e4kealan turvallisuus- ja kehitt\u00e4miskeskus<\/a><\/li>\n\n\n\n<li><a href=\"https:\/\/www.luvn.fi\/fi\" target=\"_blank\" rel=\"noreferrer noopener\">LUVN L\u00e4nsi-Uudenmaan hyvinvointialue<\/a><\/li>\n\n\n\n<li><a href=\"https:\/\/okm.fi\/etusivu\/\" target=\"_blank\" rel=\"noreferrer noopener\">OKM Opetus- ja kulttuuriministeri\u00f6<\/a><\/li>\n\n\n\n<li><a href=\"https:\/\/www.pirha.fi\/\" target=\"_blank\" rel=\"noreferrer noopener\">Pirha Pirkanmaan hyvinvointialue<\/a><\/li>\n\n\n\n<li><a href=\"https:\/\/findata.fi\/\" target=\"_blank\" rel=\"noreferrer noopener\">Sosiaali- ja terveysalan tietolupaviranomainen Findata<\/a><\/li>\n\n\n\n<li><a href=\"https:\/\/stm.fi\/etusivu\" target=\"_blank\" rel=\"noreferrer noopener\">STM Sosiaali- ja terveysministeri\u00f6<\/a><\/li>\n\n\n\n<li><a href=\"https:\/\/www.aka.fi\/\" target=\"_blank\" rel=\"noreferrer noopener\">Suomen Akatemia<\/a><\/li>\n\n\n\n<li><a href=\"https:\/\/www.vttresearch.com\/fi\" target=\"_blank\" rel=\"noreferrer noopener\">Teknologian tutkimuskeskus VTT Oy<\/a><\/li>\n\n\n\n<li><a href=\"https:\/\/tem.fi\/etusivu\" target=\"_blank\" rel=\"noreferrer noopener\">TEM Ty\u00f6- ja elinkeinoministeri\u00f6<\/a><\/li>\n\n\n\n<li><a href=\"https:\/\/thl.fi\/etusivu\" target=\"_blank\" rel=\"noreferrer noopener\">THL Terveyden ja hyvinvoinnin laitos<\/a><\/li>\n\n\n\n<li><a href=\"https:\/\/um.fi\/etusivu\" target=\"_blank\" rel=\"noreferrer noopener\">UM Ulkoministeri\u00f6<\/a><\/li>\n\n\n\n<li><a href=\"https:\/\/uudenmaanliitto.fi\/\" target=\"_blank\" rel=\"noreferrer noopener\">Uudenmaan Liitto<\/a><\/li>\n\n\n\n<li><a href=\"https:\/\/vm.fi\/etusivu\" target=\"_blank\" rel=\"noreferrer noopener\">VM Valtiovarainministeri\u00f6<\/a><\/li>\n<\/ul>\n<\/div>\n\n\n\n<div class=\"wp-block-scb-column scb-column is-scale-cover\">\n<h4 class=\"wp-block-heading\" id=\"h-muut\" id=\"muut\">MUUT<\/h4>\n\n\n\n<ul class=\"wp-block-list\">\n<li><a href=\"https:\/\/www.siliconvallila.com\/health-innovation-village\" target=\"_blank\" rel=\"noreferrer noopener\">Health Innovation Village<\/a><\/li>\n\n\n\n<li><a href=\"https:\/\/maria.io\/\" target=\"_blank\" rel=\"noreferrer noopener\">Maria01<\/a><\/li>\n\n\n\n<li><a href=\"https:\/\/terkko.fi\/\" target=\"_blank\" rel=\"noreferrer noopener\">Terkko health hub<\/a><\/li>\n<\/ul>\n<\/div>\n<\/div>\n<\/div>\n\n\n\n<div class=\"wp-block-evermade-links em-block-links has-columns-1\">\n<a\n\tclass=\"wp-block-evermade-internal-link em-block-link is-internal   \"\n\thref=\"https:\/\/teknologiateollisuus.fi\/healthtech\/terveysteknologia-ry-on-kohtaamispaikka\/terveysteknologia-ry-yhteystiedot\/tilaa-uutiskirje\/\"\n\taria-label=\"Avaa samassa v\u00e4lilehdess\u00e4\"\n\ttarget=\"_self\"\n\trel=\"noopener\"\n>\n\t<div class=\"em-block-link__content\">\n\t\t<span class=\"em-block-link__title\">\n\t\t\tTilaa uutiskirje\t\t<\/span>\n\t\t\t<\/div>\n\t\t\t<div class=\"em-block-link__arrow\"><\/div>\n\t\t<div class=\"em-block-link__pressable\"><\/div>\n\t<\/a>\n<\/div>\n\n\n\n<article class=\"em-block-contact-card is-style-list\">\n\n\t<div class=\"em-block-contact-card__image\">\n\t\t\t\t\t<img loading=\"lazy\" decoding=\"async\" width=\"300\" height=\"400\" src=\"https:\/\/teknologiateollisuus.fi\/healthtech\/wp-content\/uploads\/sites\/8\/2024\/06\/Hassinen_Saara_Terveysteknologia-ry-300x400.jpg\" class=\"attachment-portrait size-portrait\" alt=\"Saara Hassinen\" \/>\t\t\t<\/div>\n\t<div class=\"em-block-contact-card__content-wrapper\">\n\t\t<div class=\"em-block-contact-card__content\">\n\t\t\t\t\t\t<h3 class=\"em-block-contact-card__title\"><a target=\"_self\" href=\"https:\/\/teknologiateollisuus.fi\/healthtech\/contacts\/saara-hassinen\/\">Saara Hassinen<\/a><\/h3>\n\t\t\t\t\t\t\t<span class=\"em-block-contact-card__job_title\">Toimitusjohtaja, Managing Director<\/span>\n\t\t\t\t\t\t<span class=\"em-block-contact-card__organisation\">Terveysteknologia ry<\/span>\n\t\t<\/div>\n\t\t<div class=\"em-block-contact-card__content\">\n\t\t\t\t\t\t<address class=\"em-block-contact-card__contact-details\">\n\t\t\t\t<span class=\"em-block-contact-card__phone\">\n\t\t\t\t\t<a href=\"tel:+358 40 531 1661\">+358 40 531 1661<\/a>\n\t\t\t\t<\/span>\n\t\t\t\t<span class=\"em-block-contact-card__email\">\n\t\t\t\t\t<a href=\"mailto:saara.hassinen(at)teknologiateollisuus.fi\">saara.hassinen(at)teknologiateollisuus.fi<\/a>\n\t\t\t\t<\/span>\n\t\t\t<\/address>\n\t\t\t<div class='em-block-contact-card__socials'><div class=\"social-media-links\"><ul class=\"social-media-links__list\"><li><a href=\"https:\/\/twitter.com\/SaaraHassinen\" target=\"_blank\" aria-label=\"Find me on twitter\" data-service=\"twitter\"><\/a><\/li><li><a href=\"https:\/\/linkedin.com\/in\/saara-hassinen-7993121a\" target=\"_blank\" aria-label=\"Find me on linkedin\" data-service=\"linkedin\"><\/a><\/li><\/ul><\/div><\/div>\t\t<\/div>\n\t<\/div>\n\n<\/article>\n","protected":false},"excerpt":{"rendered":"<p>Sidosryhm\u00e4t<\/p>\n","protected":false},"author":16,"featured_media":0,"parent":120,"menu_order":9,"comment_status":"closed","ping_status":"closed","template":"","meta":{"_acf_changed":false,"_relevanssi_hide_post":"","_relevanssi_hide_content":"","_relevanssi_pin_for_all":"","_relevanssi_pin_keywords":"","_relevanssi_unpin_keywords":"","_relevanssi_related_keywords":"","_relevanssi_related_include_ids":"","_relevanssi_related_exclude_ids":"","_relevanssi_related_no_append":"","_relevanssi_related_not_related":"","_relevanssi_related_posts":"1","_relevanssi_noindex_reason":"","inline_featured_image":false,"footnotes":""},"class_list":["post-555","page","type-page","status-publish","hentry"],"acf":[],"yoast_head":"<!-- This site is optimized with the Yoast SEO Premium plugin v27.1 (Yoast SEO v27.3) - https:\/\/yoast.com\/product\/yoast-seo-premium-wordpress\/ -->\n<title>Terveysteknologia ry sidosryhm\u00e4t<\/title>\n<meta name=\"description\" content=\"Terveysteknologia ry:n sidosryhmi\u00e4 ovat mm. erilaiset hankkeet, alueelliset toimijat, sijoittajat, valtiolliset toimijat ja j\u00e4rjest\u00f6t.\" \/>\n<meta name=\"robots\" content=\"index, follow, max-snippet:-1, max-image-preview:large, max-video-preview:-1\" \/>\n<link rel=\"canonical\" href=\"https:\/\/teknologiateollisuus.fi\/healthtech\/terveysteknologia-ry-on-yritysten-kohtaamispaikka\/sidosryhmat\/\" \/>\n<meta property=\"og:locale\" content=\"fi_FI\" \/>\n<meta property=\"og:type\" content=\"article\" \/>\n<meta property=\"og:title\" content=\"Sidosryhm\u00e4t\" \/>\n<meta property=\"og:description\" content=\"Terveysteknologia ry:n sidosryhmi\u00e4 ovat mm. erilaiset hankkeet, alueelliset toimijat, sijoittajat, valtiolliset toimijat ja j\u00e4rjest\u00f6t.\" \/>\n<meta property=\"og:url\" content=\"https:\/\/teknologiateollisuus.fi\/healthtech\/terveysteknologia-ry-on-yritysten-kohtaamispaikka\/sidosryhmat\/\" \/>\n<meta property=\"og:site_name\" content=\"Terveysteknologia\" \/>\n<meta property=\"article:modified_time\" content=\"2026-01-26T11:04:03+00:00\" \/>\n<meta name=\"twitter:card\" content=\"summary_large_image\" \/>\n<meta name=\"twitter:label1\" content=\"Arvioitu lukuaika\" \/>\n\t<meta name=\"twitter:data1\" content=\"2 minuuttia\" \/>\n<script type=\"application\/ld+json\" class=\"yoast-schema-graph\">{\"@context\":\"https:\\\/\\\/schema.org\",\"@graph\":[{\"@type\":\"WebPage\",\"@id\":\"https:\\\/\\\/teknologiateollisuus.fi\\\/healthtech\\\/terveysteknologia-ry-on-yritysten-kohtaamispaikka\\\/sidosryhmat\\\/\",\"url\":\"https:\\\/\\\/teknologiateollisuus.fi\\\/healthtech\\\/terveysteknologia-ry-on-yritysten-kohtaamispaikka\\\/sidosryhmat\\\/\",\"name\":\"Terveysteknologia ry sidosryhm\u00e4t\",\"isPartOf\":{\"@id\":\"https:\\\/\\\/teknologiateollisuus.fi\\\/healthtech\\\/#website\"},\"datePublished\":\"2024-07-03T08:43:34+00:00\",\"dateModified\":\"2026-01-26T11:04:03+00:00\",\"description\":\"Terveysteknologia ry:n sidosryhmi\u00e4 ovat mm. erilaiset hankkeet, alueelliset toimijat, sijoittajat, valtiolliset toimijat ja j\u00e4rjest\u00f6t.\",\"breadcrumb\":{\"@id\":\"https:\\\/\\\/teknologiateollisuus.fi\\\/healthtech\\\/terveysteknologia-ry-on-yritysten-kohtaamispaikka\\\/sidosryhmat\\\/#breadcrumb\"},\"inLanguage\":\"fi\",\"potentialAction\":[{\"@type\":\"ReadAction\",\"target\":[\"https:\\\/\\\/teknologiateollisuus.fi\\\/healthtech\\\/terveysteknologia-ry-on-yritysten-kohtaamispaikka\\\/sidosryhmat\\\/\"]}]},{\"@type\":\"BreadcrumbList\",\"@id\":\"https:\\\/\\\/teknologiateollisuus.fi\\\/healthtech\\\/terveysteknologia-ry-on-yritysten-kohtaamispaikka\\\/sidosryhmat\\\/#breadcrumb\",\"itemListElement\":[{\"@type\":\"ListItem\",\"position\":1,\"name\":\"Etusivu\",\"item\":\"https:\\\/\\\/teknologiateollisuus.fi\\\/healthtech\\\/\"},{\"@type\":\"ListItem\",\"position\":2,\"name\":\"Yhdistys\",\"item\":\"https:\\\/\\\/teknologiateollisuus.fi\\\/healthtech\\\/terveysteknologia-ry-on-yritysten-kohtaamispaikka\\\/\"},{\"@type\":\"ListItem\",\"position\":3,\"name\":\"Sidosryhm\u00e4t\"}]},{\"@type\":\"WebSite\",\"@id\":\"https:\\\/\\\/teknologiateollisuus.fi\\\/healthtech\\\/#website\",\"url\":\"https:\\\/\\\/teknologiateollisuus.fi\\\/healthtech\\\/\",\"name\":\"Terveysteknologia\",\"description\":\"\",\"potentialAction\":[{\"@type\":\"SearchAction\",\"target\":{\"@type\":\"EntryPoint\",\"urlTemplate\":\"https:\\\/\\\/teknologiateollisuus.fi\\\/healthtech\\\/?s={search_term_string}\"},\"query-input\":{\"@type\":\"PropertyValueSpecification\",\"valueRequired\":true,\"valueName\":\"search_term_string\"}}],\"inLanguage\":\"fi\"}]}<\/script>\n<!-- \/ Yoast SEO Premium plugin. -->","yoast_head_json":{"title":"Terveysteknologia ry sidosryhm\u00e4t","description":"Terveysteknologia ry:n sidosryhmi\u00e4 ovat mm. erilaiset hankkeet, alueelliset toimijat, sijoittajat, valtiolliset toimijat ja j\u00e4rjest\u00f6t.","robots":{"index":"index","follow":"follow","max-snippet":"max-snippet:-1","max-image-preview":"max-image-preview:large","max-video-preview":"max-video-preview:-1"},"canonical":"https:\/\/teknologiateollisuus.fi\/healthtech\/terveysteknologia-ry-on-yritysten-kohtaamispaikka\/sidosryhmat\/","og_locale":"fi_FI","og_type":"article","og_title":"Sidosryhm\u00e4t","og_description":"Terveysteknologia ry:n sidosryhmi\u00e4 ovat mm. erilaiset hankkeet, alueelliset toimijat, sijoittajat, valtiolliset toimijat ja j\u00e4rjest\u00f6t.","og_url":"https:\/\/teknologiateollisuus.fi\/healthtech\/terveysteknologia-ry-on-yritysten-kohtaamispaikka\/sidosryhmat\/","og_site_name":"Terveysteknologia","article_modified_time":"2026-01-26T11:04:03+00:00","twitter_card":"summary_large_image","twitter_misc":{"Arvioitu lukuaika":"2 minuuttia"},"schema":{"@context":"https:\/\/schema.org","@graph":[{"@type":"WebPage","@id":"https:\/\/teknologiateollisuus.fi\/healthtech\/terveysteknologia-ry-on-yritysten-kohtaamispaikka\/sidosryhmat\/","url":"https:\/\/teknologiateollisuus.fi\/healthtech\/terveysteknologia-ry-on-yritysten-kohtaamispaikka\/sidosryhmat\/","name":"Terveysteknologia ry sidosryhm\u00e4t","isPartOf":{"@id":"https:\/\/teknologiateollisuus.fi\/healthtech\/#website"},"datePublished":"2024-07-03T08:43:34+00:00","dateModified":"2026-01-26T11:04:03+00:00","description":"Terveysteknologia ry:n sidosryhmi\u00e4 ovat mm. erilaiset hankkeet, alueelliset toimijat, sijoittajat, valtiolliset toimijat ja j\u00e4rjest\u00f6t.","breadcrumb":{"@id":"https:\/\/teknologiateollisuus.fi\/healthtech\/terveysteknologia-ry-on-yritysten-kohtaamispaikka\/sidosryhmat\/#breadcrumb"},"inLanguage":"fi","potentialAction":[{"@type":"ReadAction","target":["https:\/\/teknologiateollisuus.fi\/healthtech\/terveysteknologia-ry-on-yritysten-kohtaamispaikka\/sidosryhmat\/"]}]},{"@type":"BreadcrumbList","@id":"https:\/\/teknologiateollisuus.fi\/healthtech\/terveysteknologia-ry-on-yritysten-kohtaamispaikka\/sidosryhmat\/#breadcrumb","itemListElement":[{"@type":"ListItem","position":1,"name":"Etusivu","item":"https:\/\/teknologiateollisuus.fi\/healthtech\/"},{"@type":"ListItem","position":2,"name":"Yhdistys","item":"https:\/\/teknologiateollisuus.fi\/healthtech\/terveysteknologia-ry-on-yritysten-kohtaamispaikka\/"},{"@type":"ListItem","position":3,"name":"Sidosryhm\u00e4t"}]},{"@type":"WebSite","@id":"https:\/\/teknologiateollisuus.fi\/healthtech\/#website","url":"https:\/\/teknologiateollisuus.fi\/healthtech\/","name":"Terveysteknologia","description":"","potentialAction":[{"@type":"SearchAction","target":{"@type":"EntryPoint","urlTemplate":"https:\/\/teknologiateollisuus.fi\/healthtech\/?s={search_term_string}"},"query-input":{"@type":"PropertyValueSpecification","valueRequired":true,"valueName":"search_term_string"}}],"inLanguage":"fi"}]}},"lang":"fi","translations":{"fi":555},"pll_sync_post":[],"_links":{"self":[{"href":"https:\/\/teknologiateollisuus.fi\/healthtech\/wp-json\/wp\/v2\/pages\/555","targetHints":{"allow":["GET"]}}],"collection":[{"href":"https:\/\/teknologiateollisuus.fi\/healthtech\/wp-json\/wp\/v2\/pages"}],"about":[{"href":"https:\/\/teknologiateollisuus.fi\/healthtech\/wp-json\/wp\/v2\/types\/page"}],"author":[{"embeddable":true,"href":"https:\/\/teknologiateollisuus.fi\/healthtech\/wp-json\/wp\/v2\/users\/16"}],"replies":[{"embeddable":true,"href":"https:\/\/teknologiateollisuus.fi\/healthtech\/wp-json\/wp\/v2\/comments?post=555"}],"version-history":[{"count":23,"href":"https:\/\/teknologiateollisuus.fi\/healthtech\/wp-json\/wp\/v2\/pages\/555\/revisions"}],"predecessor-version":[{"id":5591,"href":"https:\/\/teknologiateollisuus.fi\/healthtech\/wp-json\/wp\/v2\/pages\/555\/revisions\/5591"}],"up":[{"embeddable":true,"href":"https:\/\/teknologiateollisuus.fi\/healthtech\/wp-json\/wp\/v2\/pages\/120"}],"wp:attachment":[{"href":"https:\/\/teknologiateollisuus.fi\/healthtech\/wp-json\/wp\/v2\/media?parent=555"}],"curies":[{"name":"wp","href":"https:\/\/api.w.org\/{rel}","templated":true}]}}