{"id":578,"date":"2024-07-03T11:54:57","date_gmt":"2024-07-03T08:54:57","guid":{"rendered":"https:\/\/teknologiateollisuus.fi\/healthtech\/?page_id=578"},"modified":"2026-02-27T08:09:35","modified_gmt":"2026-02-27T06:09:35","slug":"laakinnallisten-laitteiden-saantely","status":"publish","type":"page","link":"https:\/\/teknologiateollisuus.fi\/healthtech\/terveysteknologia-osana-terveysalaa\/saadokset\/laakinnallisten-laitteiden-saantely\/","title":{"rendered":"L\u00e4\u00e4kinn\u00e4llisten laitteiden s\u00e4\u00e4ntely"},"content":{"rendered":"\n<div class=\"em-block-hero hero-has-background-color has-background has-tangerine-background-color has-image media-position-right \">\n\t<div class=\"em-block-hero__container\">\n\t\t<div class=\"em-block-hero__content\">\n\t\t\t<div class=\"yoast-breadcrumbs\"><span><span><a href=\"https:\/\/teknologiateollisuus.fi\/healthtech\/\">Etusivu<\/a><\/span> <span class=\"separator\"><\/span> <span><a href=\"https:\/\/teknologiateollisuus.fi\/healthtech\/terveysteknologia-osana-terveysalaa\/\">Terveysteknologia toimialana<\/a><\/span> <span class=\"separator\"><\/span> <span><a href=\"https:\/\/teknologiateollisuus.fi\/healthtech\/terveysteknologia-osana-terveysalaa\/saadokset\/\">S\u00e4\u00e4d\u00f6kset<\/a><\/span> <span class=\"separator\"><\/span> <span class=\"breadcrumb_last\" aria-current=\"page\">L\u00e4\u00e4kinn\u00e4llisten laitteiden s\u00e4\u00e4ntely<\/span><\/span><\/div>\t\t\t\n<h1 class=\"wp-block-heading\" id=\"h-laakinnallisten-laitteiden-saantely-mdr\">L\u00e4\u00e4kinn\u00e4llisten laitteiden s\u00e4\u00e4ntely (MDR)<\/h1>\n\n<p>Terveysteknologia-alalla  l\u00e4\u00e4kinn\u00e4llisten laitteiden s\u00e4\u00e4ntely-ymp\u00e4rist\u00f6 koki mullistavan uudistuksen.<\/p>\n\t\t\t<div class=\"em-block-hero__modified-date\"> P\u00e4ivitetty 27.02.2026 klo 08:09<\/div>\t\t<\/div>\n\t\t\t\t\t<figure class=\"em-block-hero__image\">\n\t\t\t\t<img loading=\"lazy\" decoding=\"async\" width=\"598\" height=\"350\" src=\"https:\/\/teknologiateollisuus.fi\/healthtech\/wp-content\/uploads\/sites\/8\/2024\/06\/Eurooppa-lippu.jpg\" class=\"attachment-hero size-hero\" alt=\"Eurooppa lippu\" srcset=\"https:\/\/teknologiateollisuus.fi\/healthtech\/wp-content\/uploads\/sites\/8\/2024\/06\/Eurooppa-lippu.jpg 598w, https:\/\/teknologiateollisuus.fi\/healthtech\/wp-content\/uploads\/sites\/8\/2024\/06\/Eurooppa-lippu-400x234.jpg 400w\" sizes=\"auto, (max-width: 598px) 100vw, 598px\" \/>\t\t\t<\/figure>\n\t\t\t<\/div>\n<\/div>\n\n\n\n<h4 class=\"wp-block-heading\" id=\"h-joulukuun-2025-lopussa-komissio-julkaisi-muutosehdotuksen-laakinnallisten-laitteiden-saantelyyn-tutustu-aiheeseen-taalta-laaja-muutosehdotus-laakinnallisten-laitteiden-saantelyyn\">Joulukuun 2025 lopussa Komissio julkaisi muutosehdotuksen l\u00e4\u00e4kinn\u00e4llisten laitteiden s\u00e4\u00e4ntelyyn. Tutustu aiheeseen t\u00e4\u00e4lt\u00e4: <a href=\"https:\/\/teknologiateollisuus.fi\/healthtech\/laaja-muutosehdotus-laakinnallisten-laitteiden-saantelyyn\/\">Laaja muutosehdotus\u00a0l\u00e4\u00e4kinn\u00e4llisten laitteiden s\u00e4\u00e4ntelyyn\u00a0\u00a0<\/a><\/h4>\n\n\n\n<p><a href=\"https:\/\/eur-lex.europa.eu\/legal-content\/FI\/TXT\/?uri=CELEX%3A32017R0745\">MD<\/a>-asetuksen&nbsp;(EU 2017\/745) soveltaminen alkoi&nbsp;nelj\u00e4n vuoden siirtym\u00e4ajan j\u00e4lkeen 26.5.2021. Asetus korvasi&nbsp;vanhat direktiivit l\u00e4\u00e4kinn\u00e4llisist\u00e4 laitteista (<a href=\"https:\/\/eur-lex.europa.eu\/legal-content\/FI\/TXT\/PDF\/?uri=CELEX:01993L0042-20071011&amp;from=GA\">MDD<\/a>) sek\u00e4 implantoitavista laitteista (<a href=\"https:\/\/eur-lex.europa.eu\/legal-content\/FI\/TXT\/HTML\/?uri=CELEX:31990L0385&amp;from=FI\">AIMDD<\/a>).<\/p>\n\n\n\n<p>Uusi MD-asetus koskee&nbsp;laajuudeltaan aiempaa useampia tuotetyyppej\u00e4 ja toi&nbsp;s\u00e4\u00e4ntelyn piiriin sellaisia tuotteita, joita ei ole aikaisemmin s\u00e4\u00e4nnelty l\u00e4\u00e4kinn\u00e4llisin\u00e4 laitteina.&nbsp;Katso tarkempi kuvaus l\u00e4\u00e4kinn\u00e4llisist\u00e4 laitteista&nbsp;t\u00e4\u00e4lt\u00e4.<\/p>\n\n\n\n<h2 class=\"wp-block-heading\" id=\"h-esimerkkeja-md-asetuksen-tuomista-muutoksista\" id=\"esimerkkeja-md-asetuksen-tuomista-muutoksista\">Esimerkkej\u00e4 MD-asetuksen tuomista muutoksista<\/h2>\n\n\n\n<ul class=\"wp-block-list\">\n<li>Pakollinen laatuj\u00e4rjestelm\u00e4 kaikille valmistajille riskiluokasta riippumatta&nbsp;<\/li>\n\n\n\n<li>Pakollinen&nbsp;vaatimustenmukaisuudesta vastaava henkil\u00f6&nbsp;(Person Responsible for Regulatory Compliance, PRRC)<\/li>\n\n\n\n<li>Pakollinen rekister\u00f6inti EUDAMED-tietokantaan (koskee toimijoita, laitteita, ilmoitettuja laitoksia, kliinisi\u00e4 tutkimuksia, vaaratilanteita sek\u00e4 markkinavalvontaa<\/li>\n\n\n\n<li>Ohjelmistotuotteet nousevat yleisesti korkeampaan riskiluokkaan&nbsp;<\/li>\n\n\n\n<li>Valmistajien, valtuutettujen edustajien, maahantuojien ja jakelijoiden v\u00e4linen ty\u00f6njako&nbsp;m\u00e4\u00e4ritell\u00e4\u00e4n MDR:ss\u00e4 ja edellytt\u00e4\u00e4, ett\u00e4 sopimuksin m\u00e4\u00e4ritell\u00e4\u00e4n yksil\u00f6idysti kuka tekee mit\u00e4 ja miss\u00e4 tilanteissa sek\u00e4 m\u00e4\u00e4ritell\u00e4\u00e4n vastuut asetuksen vaatimuksia vastaavasti<\/li>\n\n\n\n<li>Valmistajille tulee pakollista raportointia, esim. PSUR, PMSP, PMSR, SSCP ja PMCF.<\/li>\n\n\n\n<li>Kyberturvallisuus on lis\u00e4tty turvallisuusvaatimuksiin&nbsp;<\/li>\n\n\n\n<li>Laitteiden j\u00e4ljitett\u00e4vyytt\u00e4 parannetaan&nbsp;edellytt\u00e4m\u00e4ll\u00e4, ett\u00e4 jokaisella laitteella on yksil\u00f6llinen tunniste, UDI-tunniste (Unique Device Identifyer).&nbsp;<\/li>\n\n\n\n<li>Ilmoitettujen laitosten nime\u00e4minen<\/li>\n<\/ul>\n\n\n\n<h2 class=\"wp-block-heading\" id=\"h-laitteiden-riskiluokittelu\" id=\"laitteiden-riskiluokittelu\">Laitteiden riskiluokittelu<\/h2>\n\n\n\n<p>Valmistajat vastaavat tuotteiden&nbsp;oikeasta kvalifioinnista eli m\u00e4\u00e4ritt\u00e4v\u00e4t, onko kyse l\u00e4\u00e4kinn\u00e4llisest\u00e4 laitteesta. M\u00e4\u00e4rittely edellytt\u00e4\u00e4 laitteen&nbsp;<em>k\u00e4ytt\u00f6tarkoituksen<\/em>&nbsp;tunnistamista ja yksil\u00f6imist\u00e4 sek\u00e4 laitetyypin&nbsp;<em>luokittelua<\/em>&nbsp;siihen liittyv\u00e4n riskin mukaisesti.<\/p>\n\n\n\n<div class=\"wp-block-evermade-card-grid em-block-card-grid has-columns-3 is-variation-content-card-grid\">\n<article class=\"em-block-content-card  has-background has-white-background-color has-media-position-top\">\n\t\t\t<div class=\"em-block-content-card__media\">\n\t\t\t<img\n\t\t\t\tsrc=\"https:\/\/teknologiateollisuus.fi\/healthtech\/wp-content\/uploads\/sites\/8\/2024\/06\/Eurooppa-lippu2.jpg\"\n\t\t\t\talt=\"Euroopan lippu\"\n\t\t\t\tclass=\"\"\n\t\t\t\/>\n\n\t\t\t\t\t<\/div>\n\t\n\t<div class=\"em-block-content-card__content\">\n\t\t\n\t\t\t\t\t<h4 class=\"em-block-content-card__title\">IVD-asetus<\/h4>\n\t\t\n\t\t\n\t\t\t\t\t\t\t\t\t<a\n\t\t\t\t\tclass=\"em-block-content-card__button  has-icon-name-icon-external\"\n\t\t\t\t\thref=\"https:\/\/eur-lex.europa.eu\/legal-content\/EN\/TXT\/?uri=CELEX%3A02017R0746-20220128\"\n\t\t\t\t\ttarget=\"_blank\" rel=\"noopener noreferrer\"\t\t\t\t\t\t\t\t\t>\n\t\t\t\t\t<span class=\"em-block-content-card__button-label\">\n\t\t\t\t\t\tLue lis\u00e4\u00e4\t\t\t\t\t<\/span>\n\t\t\t\t<\/a>\n\t\t\t\t\t\t<\/div>\n\n\t<\/article>\n\n\n\n<article class=\"em-block-content-card  has-media-position-top\">\n\t\t\t<div class=\"em-block-content-card__media\">\n\t\t\t<img\n\t\t\t\tsrc=\"https:\/\/teknologiateollisuus.fi\/healthtech\/wp-content\/uploads\/sites\/8\/2024\/06\/Eurooppa-lippu2.jpg\"\n\t\t\t\talt=\"Euroopan lippu\"\n\t\t\t\tclass=\"\"\n\t\t\t\/>\n\n\t\t\t\t\t<\/div>\n\t\n\t<div class=\"em-block-content-card__content\">\n\t\t\n\t\t\t\t\t<h4 class=\"em-block-content-card__title\">MDCG 2021-25<\/h4>\n\t\t\n\t\t\n\t\t\t\t\t\t\t\t\t<a\n\t\t\t\t\tclass=\"em-block-content-card__button  has-icon-name-icon-external\"\n\t\t\t\t\thref=\"https:\/\/health.ec.europa.eu\/document\/download\/cbb11a6e-f0f3-4e30-af5e-990f9ef68bc1_mt?filename=md_mdcg_2021_25_en.pdf\"\n\t\t\t\t\ttarget=\"_blank\" rel=\"noopener noreferrer\"\t\t\t\t\t\t\t\t\t>\n\t\t\t\t\t<span class=\"em-block-content-card__button-label\">\n\t\t\t\t\t\tLue lis\u00e4\u00e4\t\t\t\t\t<\/span>\n\t\t\t\t<\/a>\n\t\t\t\t\t\t<\/div>\n\n\t<\/article>\n\n\n\n<article class=\"em-block-content-card  has-media-position-top\">\n\t\t\t<div class=\"em-block-content-card__media\">\n\t\t\t<img\n\t\t\t\tsrc=\"https:\/\/teknologiateollisuus.fi\/healthtech\/wp-content\/uploads\/sites\/8\/2024\/06\/Eurooppa-lippu2.jpg\"\n\t\t\t\talt=\"Euroopan lippu\"\n\t\t\t\tclass=\"\"\n\t\t\t\/>\n\n\t\t\t\t\t<\/div>\n\t\n\t<div class=\"em-block-content-card__content\">\n\t\t\n\t\t\t\t\t<h4 class=\"em-block-content-card__title\">L\u00e4\u00e4kinn\u00e4llisten laitteiden s\u00e4\u00e4ntely<\/h4>\n\t\t\n\t\t\n\t\t\t\t\t\t\t\t\t<a\n\t\t\t\t\tclass=\"em-block-content-card__button  has-icon-name-icon-external\"\n\t\t\t\t\thref=\"https:\/\/eur-lex.europa.eu\/legal-content\/FI\/TXT\/?uri=CELEX%3A32017R0745\"\n\t\t\t\t\ttarget=\"_blank\" rel=\"noopener noreferrer\"\t\t\t\t\t\t\t\t\t>\n\t\t\t\t\t<span class=\"em-block-content-card__button-label\">\n\t\t\t\t\t\tLue lis\u00e4\u00e4\t\t\t\t\t<\/span>\n\t\t\t\t<\/a>\n\t\t\t\t\t\t<\/div>\n\n\t<\/article>\n<\/div>\n\n\n\n<p><\/p>\n","protected":false},"excerpt":{"rendered":"<p>Joulukuun 2025 lopussa Komissio julkaisi muutosehdotuksen l\u00e4\u00e4kinn\u00e4llisten laitteiden s\u00e4\u00e4ntelyyn. Tutustu aiheeseen t\u00e4\u00e4lt\u00e4: Laaja muutosehdotus\u00a0l\u00e4\u00e4kinn\u00e4llisten laitteiden s\u00e4\u00e4ntelyyn\u00a0\u00a0 MD-asetuksen&nbsp;(EU 2017\/745) soveltaminen alkoi&nbsp;nelj\u00e4n vuoden siirtym\u00e4ajan j\u00e4lkeen 26.5.2021. Asetus korvasi&nbsp;vanhat direktiivit l\u00e4\u00e4kinn\u00e4llisist\u00e4 laitteista (MDD) sek\u00e4 implantoitavista laitteista (AIMDD). Uusi MD-asetus koskee&nbsp;laajuudeltaan aiempaa useampia tuotetyyppej\u00e4 ja toi&nbsp;s\u00e4\u00e4ntelyn piiriin sellaisia tuotteita, joita ei ole aikaisemmin s\u00e4\u00e4nnelty l\u00e4\u00e4kinn\u00e4llisin\u00e4 laitteina.&nbsp;Katso tarkempi kuvaus l\u00e4\u00e4kinn\u00e4llisist\u00e4 [&hellip;]<\/p>\n","protected":false},"author":16,"featured_media":0,"parent":446,"menu_order":1,"comment_status":"closed","ping_status":"closed","template":"","meta":{"_acf_changed":false,"_relevanssi_hide_post":"","_relevanssi_hide_content":"","_relevanssi_pin_for_all":"","_relevanssi_pin_keywords":"","_relevanssi_unpin_keywords":"","_relevanssi_related_keywords":"","_relevanssi_related_include_ids":"","_relevanssi_related_exclude_ids":"","_relevanssi_related_no_append":"","_relevanssi_related_not_related":"","_relevanssi_related_posts":"1","_relevanssi_noindex_reason":"","inline_featured_image":false,"footnotes":""},"class_list":["post-578","page","type-page","status-publish","hentry"],"acf":[],"yoast_head":"<!-- This site is optimized with the Yoast SEO Premium plugin v27.1 (Yoast SEO v27.4) - https:\/\/yoast.com\/product\/yoast-seo-premium-wordpress\/ -->\n<title>Terveysteknologia ry l\u00e4\u00e4kinn\u00e4llisten laitteiden s\u00e4\u00e4ntely<\/title>\n<meta name=\"description\" content=\"MD-asetus\u00a0(EU 2017\/745) korvasi\u00a0vanhat direktiivit l\u00e4\u00e4kinn\u00e4llisist\u00e4 laitteista (MDD) sek\u00e4 implantoitavista laitteista (AIMDD).\" \/>\n<meta name=\"robots\" content=\"index, follow, max-snippet:-1, max-image-preview:large, max-video-preview:-1\" \/>\n<link rel=\"canonical\" href=\"https:\/\/teknologiateollisuus.fi\/healthtech\/terveysteknologia-osana-terveysalaa\/saadokset\/laakinnallisten-laitteiden-saantely\/\" \/>\n<meta property=\"og:locale\" content=\"fi_FI\" \/>\n<meta property=\"og:type\" content=\"article\" \/>\n<meta property=\"og:title\" content=\"L\u00e4\u00e4kinn\u00e4llisten laitteiden s\u00e4\u00e4ntely\" \/>\n<meta property=\"og:description\" content=\"MD-asetus\u00a0(EU 2017\/745) korvasi\u00a0vanhat direktiivit l\u00e4\u00e4kinn\u00e4llisist\u00e4 laitteista (MDD) sek\u00e4 implantoitavista laitteista (AIMDD).\" \/>\n<meta property=\"og:url\" content=\"https:\/\/teknologiateollisuus.fi\/healthtech\/terveysteknologia-osana-terveysalaa\/saadokset\/laakinnallisten-laitteiden-saantely\/\" \/>\n<meta property=\"og:site_name\" content=\"Terveysteknologia\" \/>\n<meta property=\"article:modified_time\" content=\"2026-02-27T06:09:35+00:00\" \/>\n<meta name=\"twitter:card\" content=\"summary_large_image\" \/>\n<meta name=\"twitter:label1\" content=\"Arvioitu lukuaika\" \/>\n\t<meta name=\"twitter:data1\" content=\"2 minuuttia\" \/>\n<script type=\"application\/ld+json\" class=\"yoast-schema-graph\">{\"@context\":\"https:\\\/\\\/schema.org\",\"@graph\":[{\"@type\":\"WebPage\",\"@id\":\"https:\\\/\\\/teknologiateollisuus.fi\\\/healthtech\\\/terveysteknologia-osana-terveysalaa\\\/saadokset\\\/laakinnallisten-laitteiden-saantely\\\/\",\"url\":\"https:\\\/\\\/teknologiateollisuus.fi\\\/healthtech\\\/terveysteknologia-osana-terveysalaa\\\/saadokset\\\/laakinnallisten-laitteiden-saantely\\\/\",\"name\":\"Terveysteknologia ry l\u00e4\u00e4kinn\u00e4llisten laitteiden s\u00e4\u00e4ntely\",\"isPartOf\":{\"@id\":\"https:\\\/\\\/teknologiateollisuus.fi\\\/healthtech\\\/#website\"},\"datePublished\":\"2024-07-03T08:54:57+00:00\",\"dateModified\":\"2026-02-27T06:09:35+00:00\",\"description\":\"MD-asetus\u00a0(EU 2017\\\/745) korvasi\u00a0vanhat direktiivit l\u00e4\u00e4kinn\u00e4llisist\u00e4 laitteista (MDD) sek\u00e4 implantoitavista laitteista (AIMDD).\",\"breadcrumb\":{\"@id\":\"https:\\\/\\\/teknologiateollisuus.fi\\\/healthtech\\\/terveysteknologia-osana-terveysalaa\\\/saadokset\\\/laakinnallisten-laitteiden-saantely\\\/#breadcrumb\"},\"inLanguage\":\"fi\",\"potentialAction\":[{\"@type\":\"ReadAction\",\"target\":[\"https:\\\/\\\/teknologiateollisuus.fi\\\/healthtech\\\/terveysteknologia-osana-terveysalaa\\\/saadokset\\\/laakinnallisten-laitteiden-saantely\\\/\"]}]},{\"@type\":\"BreadcrumbList\",\"@id\":\"https:\\\/\\\/teknologiateollisuus.fi\\\/healthtech\\\/terveysteknologia-osana-terveysalaa\\\/saadokset\\\/laakinnallisten-laitteiden-saantely\\\/#breadcrumb\",\"itemListElement\":[{\"@type\":\"ListItem\",\"position\":1,\"name\":\"Etusivu\",\"item\":\"https:\\\/\\\/teknologiateollisuus.fi\\\/healthtech\\\/\"},{\"@type\":\"ListItem\",\"position\":2,\"name\":\"Terveysteknologia toimialana\",\"item\":\"https:\\\/\\\/teknologiateollisuus.fi\\\/healthtech\\\/terveysteknologia-osana-terveysalaa\\\/\"},{\"@type\":\"ListItem\",\"position\":3,\"name\":\"S\u00e4\u00e4d\u00f6kset\",\"item\":\"https:\\\/\\\/teknologiateollisuus.fi\\\/healthtech\\\/terveysteknologia-osana-terveysalaa\\\/saadokset\\\/\"},{\"@type\":\"ListItem\",\"position\":4,\"name\":\"L\u00e4\u00e4kinn\u00e4llisten laitteiden s\u00e4\u00e4ntely\"}]},{\"@type\":\"WebSite\",\"@id\":\"https:\\\/\\\/teknologiateollisuus.fi\\\/healthtech\\\/#website\",\"url\":\"https:\\\/\\\/teknologiateollisuus.fi\\\/healthtech\\\/\",\"name\":\"Terveysteknologia\",\"description\":\"\",\"potentialAction\":[{\"@type\":\"SearchAction\",\"target\":{\"@type\":\"EntryPoint\",\"urlTemplate\":\"https:\\\/\\\/teknologiateollisuus.fi\\\/healthtech\\\/?s={search_term_string}\"},\"query-input\":{\"@type\":\"PropertyValueSpecification\",\"valueRequired\":true,\"valueName\":\"search_term_string\"}}],\"inLanguage\":\"fi\"}]}<\/script>\n<!-- \/ Yoast SEO Premium plugin. -->","yoast_head_json":{"title":"Terveysteknologia ry l\u00e4\u00e4kinn\u00e4llisten laitteiden s\u00e4\u00e4ntely","description":"MD-asetus\u00a0(EU 2017\/745) korvasi\u00a0vanhat direktiivit l\u00e4\u00e4kinn\u00e4llisist\u00e4 laitteista (MDD) sek\u00e4 implantoitavista laitteista (AIMDD).","robots":{"index":"index","follow":"follow","max-snippet":"max-snippet:-1","max-image-preview":"max-image-preview:large","max-video-preview":"max-video-preview:-1"},"canonical":"https:\/\/teknologiateollisuus.fi\/healthtech\/terveysteknologia-osana-terveysalaa\/saadokset\/laakinnallisten-laitteiden-saantely\/","og_locale":"fi_FI","og_type":"article","og_title":"L\u00e4\u00e4kinn\u00e4llisten laitteiden s\u00e4\u00e4ntely","og_description":"MD-asetus\u00a0(EU 2017\/745) korvasi\u00a0vanhat direktiivit l\u00e4\u00e4kinn\u00e4llisist\u00e4 laitteista (MDD) sek\u00e4 implantoitavista laitteista (AIMDD).","og_url":"https:\/\/teknologiateollisuus.fi\/healthtech\/terveysteknologia-osana-terveysalaa\/saadokset\/laakinnallisten-laitteiden-saantely\/","og_site_name":"Terveysteknologia","article_modified_time":"2026-02-27T06:09:35+00:00","twitter_card":"summary_large_image","twitter_misc":{"Arvioitu lukuaika":"2 minuuttia"},"schema":{"@context":"https:\/\/schema.org","@graph":[{"@type":"WebPage","@id":"https:\/\/teknologiateollisuus.fi\/healthtech\/terveysteknologia-osana-terveysalaa\/saadokset\/laakinnallisten-laitteiden-saantely\/","url":"https:\/\/teknologiateollisuus.fi\/healthtech\/terveysteknologia-osana-terveysalaa\/saadokset\/laakinnallisten-laitteiden-saantely\/","name":"Terveysteknologia ry l\u00e4\u00e4kinn\u00e4llisten laitteiden s\u00e4\u00e4ntely","isPartOf":{"@id":"https:\/\/teknologiateollisuus.fi\/healthtech\/#website"},"datePublished":"2024-07-03T08:54:57+00:00","dateModified":"2026-02-27T06:09:35+00:00","description":"MD-asetus\u00a0(EU 2017\/745) korvasi\u00a0vanhat direktiivit l\u00e4\u00e4kinn\u00e4llisist\u00e4 laitteista (MDD) sek\u00e4 implantoitavista laitteista (AIMDD).","breadcrumb":{"@id":"https:\/\/teknologiateollisuus.fi\/healthtech\/terveysteknologia-osana-terveysalaa\/saadokset\/laakinnallisten-laitteiden-saantely\/#breadcrumb"},"inLanguage":"fi","potentialAction":[{"@type":"ReadAction","target":["https:\/\/teknologiateollisuus.fi\/healthtech\/terveysteknologia-osana-terveysalaa\/saadokset\/laakinnallisten-laitteiden-saantely\/"]}]},{"@type":"BreadcrumbList","@id":"https:\/\/teknologiateollisuus.fi\/healthtech\/terveysteknologia-osana-terveysalaa\/saadokset\/laakinnallisten-laitteiden-saantely\/#breadcrumb","itemListElement":[{"@type":"ListItem","position":1,"name":"Etusivu","item":"https:\/\/teknologiateollisuus.fi\/healthtech\/"},{"@type":"ListItem","position":2,"name":"Terveysteknologia toimialana","item":"https:\/\/teknologiateollisuus.fi\/healthtech\/terveysteknologia-osana-terveysalaa\/"},{"@type":"ListItem","position":3,"name":"S\u00e4\u00e4d\u00f6kset","item":"https:\/\/teknologiateollisuus.fi\/healthtech\/terveysteknologia-osana-terveysalaa\/saadokset\/"},{"@type":"ListItem","position":4,"name":"L\u00e4\u00e4kinn\u00e4llisten laitteiden s\u00e4\u00e4ntely"}]},{"@type":"WebSite","@id":"https:\/\/teknologiateollisuus.fi\/healthtech\/#website","url":"https:\/\/teknologiateollisuus.fi\/healthtech\/","name":"Terveysteknologia","description":"","potentialAction":[{"@type":"SearchAction","target":{"@type":"EntryPoint","urlTemplate":"https:\/\/teknologiateollisuus.fi\/healthtech\/?s={search_term_string}"},"query-input":{"@type":"PropertyValueSpecification","valueRequired":true,"valueName":"search_term_string"}}],"inLanguage":"fi"}]}},"lang":"fi","translations":{"fi":578},"pll_sync_post":[],"_links":{"self":[{"href":"https:\/\/teknologiateollisuus.fi\/healthtech\/wp-json\/wp\/v2\/pages\/578","targetHints":{"allow":["GET"]}}],"collection":[{"href":"https:\/\/teknologiateollisuus.fi\/healthtech\/wp-json\/wp\/v2\/pages"}],"about":[{"href":"https:\/\/teknologiateollisuus.fi\/healthtech\/wp-json\/wp\/v2\/types\/page"}],"author":[{"embeddable":true,"href":"https:\/\/teknologiateollisuus.fi\/healthtech\/wp-json\/wp\/v2\/users\/16"}],"replies":[{"embeddable":true,"href":"https:\/\/teknologiateollisuus.fi\/healthtech\/wp-json\/wp\/v2\/comments?post=578"}],"version-history":[{"count":8,"href":"https:\/\/teknologiateollisuus.fi\/healthtech\/wp-json\/wp\/v2\/pages\/578\/revisions"}],"predecessor-version":[{"id":5680,"href":"https:\/\/teknologiateollisuus.fi\/healthtech\/wp-json\/wp\/v2\/pages\/578\/revisions\/5680"}],"up":[{"embeddable":true,"href":"https:\/\/teknologiateollisuus.fi\/healthtech\/wp-json\/wp\/v2\/pages\/446"}],"wp:attachment":[{"href":"https:\/\/teknologiateollisuus.fi\/healthtech\/wp-json\/wp\/v2\/media?parent=578"}],"curies":[{"name":"wp","href":"https:\/\/api.w.org\/{rel}","templated":true}]}}