{"id":5805,"date":"2026-04-02T15:23:38","date_gmt":"2026-04-02T12:23:38","guid":{"rendered":"https:\/\/teknologiateollisuus.fi\/healthtech\/?page_id=5805"},"modified":"2026-04-02T15:23:39","modified_gmt":"2026-04-02T12:23:39","slug":"kliiniset-ja-suorituskykytutkimukset","status":"publish","type":"page","link":"https:\/\/teknologiateollisuus.fi\/healthtech\/kliiniset-ja-suorituskykytutkimukset\/","title":{"rendered":"Kliiniset ja suorituskykytutkimukset"},"content":{"rendered":"\n<div class=\"em-block-hero hero-has-background-color has-background has-tangerine-background-color collapse media-position-right \">\n\t<div class=\"em-block-hero__container\">\n\t\t<div class=\"em-block-hero__content\">\n\t\t\t<div class=\"yoast-breadcrumbs\"><span><span><a href=\"https:\/\/teknologiateollisuus.fi\/healthtech\/\">Etusivu<\/a><\/span> <span class=\"separator\"><\/span> <span class=\"breadcrumb_last\" aria-current=\"page\">Kliiniset ja suorituskykytutkimukset<\/span><\/span><\/div>\t\t\t\n<h1 class=\"wp-block-heading\" id=\"h-kliiniset-ja-suorituskykytutkimukset\">Kliiniset ja suorituskykytutkimukset<\/h1>\n\n<p><\/p>\n\t\t\t<div class=\"em-block-hero__modified-date\"> P\u00e4ivitetty 02.04.2026 klo 15:23<\/div>\t\t<\/div>\n\t\t\t\t\t<figure class=\"em-block-hero__image\">\n\t\t\t\t\t\t\t<\/figure>\n\t\t\t<\/div>\n<\/div>\n\n\n\n<h6 class=\"wp-block-heading\" id=\"h-tyoryhmien-yhteisia-tilaisuuksia-ovat-kliinisten-ja-suorituskykytutkimusten-paivat-vuodesta-2025-alkaen-naiden-paivien-ohjelman-suunnittelussa-ovat-olleet-suuressa-roolissa-jasenyrityksemme-ja-varsinkin-tyoryhmien-puheenjohtajat\" id=\"tyoryhmien-yhteisia-tilaisuuksia-ovat-kliinisten-ja-suorituskykytutkimusten-paivat-vuodesta-2025-alkaen-naiden-paivien-ohjelman-suunnittelussa-ovat-olleet-suuressa-roolissa-jasenyrityksemme-ja-varsin\">Ty\u00f6ryhmien yhteisi\u00e4 tilaisuuksia ovat kliinisten ja suorituskykytutkimusten p\u00e4iv\u00e4t vuodesta 2025 alkaen. N\u00e4iden p\u00e4ivien ohjelman suunnittelussa ovat olleet suuressa roolissa j\u00e4senyrityksemme ja varsinkin ty\u00f6ryhmien puheenjohtajat. <\/h6>\n\n\n\n<h2 class=\"wp-block-heading\" id=\"h-kliiniset-ja-suorityskykytutkimukset-31-3-2026\" id=\"kliiniset-ja-suorityskykytutkimukset-31-3-2026\">Kliiniset ja suorityskykytutkimukset 31.3.2026<\/h2>\n\n\n\n<ul class=\"wp-block-list\">\n<li>Avauspuheenvuoro \/\u00a0<strong>Petri Pommelin<\/strong>, kehitt\u00e4misp\u00e4\u00e4llikk\u00f6, Pirkanmaan hyvinvointialue, Sote-palvelut<\/li>\n\n\n\n<li>Taso2 Turvallisuuden mittarit ja analysointi laitetutkimuksessa \/\u00a0<strong>Markus Vattulainen<\/strong><\/li>\n\n\n\n<li>Level 2: Eng: PMCF studies and how they can be used to complement existing clinical data, including the Notified Body perspective on PMCF plans \/\u00a0<strong>Richard Holborow<\/strong>, BSI<\/li>\n\n\n\n<li>Yritysn\u00e4k\u00f6kulma: Bioretec \/\u00a0<strong>Reeta Levo<\/strong>, Bioretec Oy<\/li>\n\n\n\n<li>Taso2: Turvallisuus ja monitorointi \/\u00a0<strong>Maria Malm<\/strong>, Aurevia<\/li>\n\n\n\n<li>Yritysn\u00e4k\u00f6kulma: Linio Biotech \/\u00a0<strong>Mimmi Patrikoski<\/strong>, Linio Biotech Oy<\/li>\n\n\n\n<li>MDR \/ IVDR Muutosehdotus \/\u00a0<strong>Nelli Karhu<\/strong>, Healthtech Finland<\/li>\n\n\n\n<li>Yritysn\u00e4k\u00f6kulma: Suorituskyky, turvallisuus ja arjen haasteet IVD-tutkimuksessa Biohit \/\u00a0<strong>Merja Vainio<\/strong>, Biohit Oyj<\/li>\n\n\n\n<li>Taso2 Notified Body perspective on IVD performance studies \/\u00a0<strong>Antti Valanne<\/strong>, Sertio<\/li>\n<\/ul>\n\n\n\n<h2 class=\"wp-block-heading\" id=\"h-kliiniset-ja-suorityskykytutkimukset-29-9-2025\" id=\"kliiniset-ja-suorityskykytutkimukset-29-9-2025\">Kliiniset ja suorityskykytutkimukset 29.9.2025<\/h2>\n\n\n\n<ul class=\"wp-block-list\">\n<li>Kliinisen laitetutkimuksen suunnitelma, Markus Vattulainen, Aurevia<\/li>\n\n\n\n<li>Suorituskykytutkimusten n\u00e4k\u00f6kulma, Johanna Jyrkk\u00e4rinne, Cencora PharmaLex<\/li>\n\n\n\n<li>Tutkimustietoj\u00e4rjestelm\u00e4 (eCRF), Harri L\u00e4hdesm\u00e4ki, Granitics<\/li>\n\n\n\n<li>Otoskokolaskenta, Mari Liiva, Aastat<\/li>\n\n\n\n<li>Suorituskykytutkimusten n\u00e4k\u00f6kulma, Johanna Jyrkk\u00e4rinne, Cencora PharmaLex<\/li>\n\n\n\n<li>Kliinisen laitetutkimuksen esimerkkibudjetti, Annika Astola, Aurevia<\/li>\n\n\n\n<li>Miten yhdist\u00e4\u00e4 laite terveydenhuollon hoitoprosessiin?, Aarno Dietz, KYS<\/li>\n<\/ul>\n\n\n\n<h2 class=\"wp-block-heading\" id=\"h-suorituskykytutkimusten-paiva-26-03-2025\" id=\"suorituskykytutkimusten-paiva-26-03-2025\">Suorituskykytutkimusten p\u00e4iv\u00e4 26.03.2025<\/h2>\n\n\n\n<ul class=\"wp-block-list\">\n<li>Taso1: Best practices in performance evaluations\/\u00a0<strong>Elisa Saarnio<\/strong>, Cencora Pharmalex<\/li>\n\n\n\n<li>Yritysesimerkki: Solita Oy \/\u00a0<strong>Kimmo Kivirauma<\/strong>, Solita Oy<\/li>\n\n\n\n<li>Taso 2: CDx development \/<strong>\u00a0Piritta Maunu<\/strong>, Cencora Pharmalex<\/li>\n\n\n\n<li>IVD-suorituskykytutkimukset; IVD-suorituskykytutkimusten lupamenettely ja hakemusten arviointi \/\u00a0<strong>Tuija Vasankari<\/strong>, Fimea<\/li>\n\n\n\n<li>Genetiikan tutkimusten esittely sek\u00e4 omavalmisteet \/\u00a0<strong>Outi V\u00e4\u00e4t\u00e4inen<\/strong>\u00a0ja\u00a0<strong>Hannu Turpeinen<\/strong>, FimLab Laboratoriot Oy<\/li>\n\n\n\n<li>Yritysesimerkki: Wallac Oy \/\u00a0<strong>Yifeng Li<\/strong>, Wallac Oy<\/li>\n\n\n\n<li>Taso2: Combined studies \/\u00a0<strong>Piritta Maunu<\/strong>, Cencora Pharmalex<\/li>\n\n\n\n<li>Ilmoitetun laitoksen odotukset PMPF:st\u00e4 osana PMS-prosessia \/\u00a0<strong>Suvi Ravela<\/strong>, Eurofins Electric &amp; Electronics Finland Oy<\/li>\n\n\n\n<li>EQA-toiminnan perusteet ja datan k\u00e4ytt\u00f6mahdollisuudet \/\u00a0<strong>Anja Kontio<\/strong>, Aurevia<\/li>\n\n\n\n<li>Ilmoitetun laitoksen n\u00e4k\u00f6kulma suorituskykytutkimuksiin \/\u00a0<strong>Heidi Nousiainen<\/strong>, Sertio<\/li>\n\n\n\n<li>Mit\u00e4 laki sanoo kliinisen mikrobiologian laboratoriotutkimuksista ja onko toimilupak\u00e4yt\u00e4nt\u00f6 nyt lainmukainen? \/\u00a0<strong>Janne Koskinen<\/strong>, Arcdia<\/li>\n<\/ul>\n\n\n\n<h5 class=\"wp-block-heading\" id=\"h-25-03-2025-healthtech-finland-ja-aurevia-oy-kliinisen-tutkimuksen-paiva\" id=\"25-03-2025-healthtech-finland-ja-aurevia-oy-kliinisen-tutkimuksen-paiva\">25.03.2025 Healthtech Finland ja Aurevia Oy Kliinisen tutkimuksen p\u00e4iv\u00e4<\/h5>\n\n\n\n<ul class=\"wp-block-list\">\n<li>Kliinisen tutkimuksen periaatteet,\u00a0<a href=\"https:\/\/www.aurevia.com\/\" target=\"_blank\" rel=\"noreferrer noopener\">Aurevia Oy<\/a><\/li>\n\n\n\n<li>CRO-yrityksen palvelut kliinisiin laitetutkimuksiin,\u00a0<a href=\"https:\/\/medfilesgroup.com\/fi\/\" target=\"_blank\" rel=\"noreferrer noopener\">MedFiles Oy<\/a><\/li>\n\n\n\n<li>Kliinisen tutkimuksen design,\u00a0<a href=\"https:\/\/www.aurevia.com\/\" target=\"_blank\" rel=\"noreferrer noopener\">Aurevia Oy<\/a><\/li>\n\n\n\n<li>Kliininen laitetutkimus valmistajan n\u00e4k\u00f6kulmasta\/ case 1,\u00a0<a href=\"https:\/\/efsimtest.com\/\" target=\"_blank\" rel=\"noreferrer noopener\">Peili Vision Oy<\/a><\/li>\n\n\n\n<li>Kliiniset laitetutkimukset Fimean n\u00e4k\u00f6kulmasta,\u00a0<a href=\"https:\/\/fimea.fi\/etusivu\" target=\"_blank\" rel=\"noreferrer noopener\">Fimea<\/a><\/li>\n\n\n\n<li>Kliininen laitetutkimus valmistajan n\u00e4k\u00f6kulmasta\/ case 2,\u00a0<a href=\"https:\/\/biomendex.com\/\" target=\"_blank\" rel=\"noreferrer noopener\">Biomendex Oy<\/a><\/li>\n\n\n\n<li>Kliinisen laitetutkimuksen aikataulu ja kustannukset,\u00a0<a href=\"https:\/\/www.aurevia.com\/\" target=\"_blank\" rel=\"noreferrer noopener\">Aurevia Oy<\/a><\/li>\n\n\n\n<li>Rekisteridatan k\u00e4ytt\u00f6 kliinisess\u00e4 laitetutkimuksessa,\u00a0<a href=\"https:\/\/www.healthproofhelsinki.fi\/\">Health Proof Helsinki<\/a><\/li>\n\n\n\n<li>Biostatistiikkayrityksen palvelut kliinisiin laitetutkimuksiin,\u00a0<a href=\"https:\/\/estimates.fi\/\" target=\"_blank\" rel=\"noreferrer noopener\">Estimates Oy<\/a><\/li>\n<\/ul>\n","protected":false},"excerpt":{"rendered":"<p>Ty\u00f6ryhmien yhteisi\u00e4 tilaisuuksia ovat kliinisten ja suorituskykytutkimusten p\u00e4iv\u00e4t vuodesta 2025 alkaen. N\u00e4iden p\u00e4ivien ohjelman suunnittelussa ovat olleet suuressa roolissa j\u00e4senyrityksemme ja varsinkin ty\u00f6ryhmien puheenjohtajat. Kliiniset ja suorityskykytutkimukset 31.3.2026 Kliiniset ja suorityskykytutkimukset 29.9.2025 Suorituskykytutkimusten p\u00e4iv\u00e4 26.03.2025 25.03.2025 Healthtech Finland ja Aurevia Oy Kliinisen tutkimuksen p\u00e4iv\u00e4<\/p>\n","protected":false},"author":16,"featured_media":4287,"parent":0,"menu_order":0,"comment_status":"closed","ping_status":"closed","template":"","meta":{"_acf_changed":false,"_relevanssi_hide_post":"","_relevanssi_hide_content":"","_relevanssi_pin_for_all":"","_relevanssi_pin_keywords":"","_relevanssi_unpin_keywords":"","_relevanssi_related_keywords":"","_relevanssi_related_include_ids":"","_relevanssi_related_exclude_ids":"","_relevanssi_related_no_append":"","_relevanssi_related_not_related":"","_relevanssi_related_posts":"1277,804,1182,1520,904,1357","_relevanssi_noindex_reason":"","inline_featured_image":false,"footnotes":""},"class_list":["post-5805","page","type-page","status-publish","has-post-thumbnail","hentry"],"acf":[],"yoast_head":"<!-- This site is optimized with the Yoast SEO Premium plugin v27.1 (Yoast SEO v27.5) - https:\/\/yoast.com\/product\/yoast-seo-premium-wordpress\/ -->\n<title>Kliiniset ja suorituskykytutkimukset<\/title>\n<meta name=\"description\" content=\"N\u00e4iden p\u00e4ivien ohjelman suunnittelussa ovat olleet suuressa roolissa j\u00e4senyrityksemme ja varsinkin ty\u00f6ryhmien puheenjohtajat.\" \/>\n<meta name=\"robots\" content=\"index, follow, max-snippet:-1, max-image-preview:large, max-video-preview:-1\" \/>\n<link rel=\"canonical\" href=\"https:\/\/teknologiateollisuus.fi\/healthtech\/kliiniset-ja-suorituskykytutkimukset\/\" \/>\n<meta property=\"og:locale\" content=\"fi_FI\" \/>\n<meta property=\"og:type\" content=\"article\" \/>\n<meta property=\"og:title\" content=\"Kliiniset ja suorituskykytutkimukset\" \/>\n<meta property=\"og:description\" content=\"N\u00e4iden p\u00e4ivien ohjelman suunnittelussa ovat olleet suuressa roolissa j\u00e4senyrityksemme ja varsinkin ty\u00f6ryhmien puheenjohtajat.\" \/>\n<meta property=\"og:url\" content=\"https:\/\/teknologiateollisuus.fi\/healthtech\/kliiniset-ja-suorituskykytutkimukset\/\" \/>\n<meta property=\"og:site_name\" content=\"Terveysteknologia\" \/>\n<meta property=\"article:modified_time\" content=\"2026-04-02T12:23:39+00:00\" \/>\n<meta property=\"og:image\" content=\"https:\/\/teknologiateollisuus.fi\/healthtech\/wp-content\/uploads\/sites\/8\/2025\/04\/HealthtechFi-sairaala-AdobeStock_pieni.jpg\" \/>\n\t<meta property=\"og:image:width\" content=\"2000\" \/>\n\t<meta property=\"og:image:height\" content=\"1333\" \/>\n\t<meta property=\"og:image:type\" content=\"image\/jpeg\" \/>\n<meta name=\"twitter:card\" content=\"summary_large_image\" \/>\n<meta name=\"twitter:label1\" content=\"Arvioitu lukuaika\" \/>\n\t<meta name=\"twitter:data1\" content=\"3 minuuttia\" \/>\n<script type=\"application\/ld+json\" class=\"yoast-schema-graph\">{\"@context\":\"https:\\\/\\\/schema.org\",\"@graph\":[{\"@type\":\"WebPage\",\"@id\":\"https:\\\/\\\/teknologiateollisuus.fi\\\/healthtech\\\/kliiniset-ja-suorituskykytutkimukset\\\/\",\"url\":\"https:\\\/\\\/teknologiateollisuus.fi\\\/healthtech\\\/kliiniset-ja-suorituskykytutkimukset\\\/\",\"name\":\"Kliiniset ja suorituskykytutkimukset\",\"isPartOf\":{\"@id\":\"https:\\\/\\\/teknologiateollisuus.fi\\\/healthtech\\\/#website\"},\"primaryImageOfPage\":{\"@id\":\"https:\\\/\\\/teknologiateollisuus.fi\\\/healthtech\\\/kliiniset-ja-suorituskykytutkimukset\\\/#primaryimage\"},\"image\":{\"@id\":\"https:\\\/\\\/teknologiateollisuus.fi\\\/healthtech\\\/kliiniset-ja-suorituskykytutkimukset\\\/#primaryimage\"},\"thumbnailUrl\":\"https:\\\/\\\/teknologiateollisuus.fi\\\/healthtech\\\/wp-content\\\/uploads\\\/sites\\\/8\\\/2025\\\/04\\\/HealthtechFi-sairaala-AdobeStock_pieni.jpg\",\"datePublished\":\"2026-04-02T12:23:38+00:00\",\"dateModified\":\"2026-04-02T12:23:39+00:00\",\"description\":\"N\u00e4iden p\u00e4ivien ohjelman suunnittelussa ovat olleet suuressa roolissa j\u00e4senyrityksemme ja varsinkin ty\u00f6ryhmien puheenjohtajat.\",\"breadcrumb\":{\"@id\":\"https:\\\/\\\/teknologiateollisuus.fi\\\/healthtech\\\/kliiniset-ja-suorituskykytutkimukset\\\/#breadcrumb\"},\"inLanguage\":\"fi\",\"potentialAction\":[{\"@type\":\"ReadAction\",\"target\":[\"https:\\\/\\\/teknologiateollisuus.fi\\\/healthtech\\\/kliiniset-ja-suorituskykytutkimukset\\\/\"]}]},{\"@type\":\"ImageObject\",\"inLanguage\":\"fi\",\"@id\":\"https:\\\/\\\/teknologiateollisuus.fi\\\/healthtech\\\/kliiniset-ja-suorituskykytutkimukset\\\/#primaryimage\",\"url\":\"https:\\\/\\\/teknologiateollisuus.fi\\\/healthtech\\\/wp-content\\\/uploads\\\/sites\\\/8\\\/2025\\\/04\\\/HealthtechFi-sairaala-AdobeStock_pieni.jpg\",\"contentUrl\":\"https:\\\/\\\/teknologiateollisuus.fi\\\/healthtech\\\/wp-content\\\/uploads\\\/sites\\\/8\\\/2025\\\/04\\\/HealthtechFi-sairaala-AdobeStock_pieni.jpg\",\"width\":2000,\"height\":1333,\"caption\":\"HealthtechFi sairaala\"},{\"@type\":\"BreadcrumbList\",\"@id\":\"https:\\\/\\\/teknologiateollisuus.fi\\\/healthtech\\\/kliiniset-ja-suorituskykytutkimukset\\\/#breadcrumb\",\"itemListElement\":[{\"@type\":\"ListItem\",\"position\":1,\"name\":\"Etusivu\",\"item\":\"https:\\\/\\\/teknologiateollisuus.fi\\\/healthtech\\\/\"},{\"@type\":\"ListItem\",\"position\":2,\"name\":\"Kliiniset ja suorituskykytutkimukset\"}]},{\"@type\":\"WebSite\",\"@id\":\"https:\\\/\\\/teknologiateollisuus.fi\\\/healthtech\\\/#website\",\"url\":\"https:\\\/\\\/teknologiateollisuus.fi\\\/healthtech\\\/\",\"name\":\"Terveysteknologia\",\"description\":\"\",\"potentialAction\":[{\"@type\":\"SearchAction\",\"target\":{\"@type\":\"EntryPoint\",\"urlTemplate\":\"https:\\\/\\\/teknologiateollisuus.fi\\\/healthtech\\\/?s={search_term_string}\"},\"query-input\":{\"@type\":\"PropertyValueSpecification\",\"valueRequired\":true,\"valueName\":\"search_term_string\"}}],\"inLanguage\":\"fi\"}]}<\/script>\n<!-- \/ Yoast SEO Premium plugin. -->","yoast_head_json":{"title":"Kliiniset ja suorituskykytutkimukset","description":"N\u00e4iden p\u00e4ivien ohjelman suunnittelussa ovat olleet suuressa roolissa j\u00e4senyrityksemme ja varsinkin ty\u00f6ryhmien puheenjohtajat.","robots":{"index":"index","follow":"follow","max-snippet":"max-snippet:-1","max-image-preview":"max-image-preview:large","max-video-preview":"max-video-preview:-1"},"canonical":"https:\/\/teknologiateollisuus.fi\/healthtech\/kliiniset-ja-suorituskykytutkimukset\/","og_locale":"fi_FI","og_type":"article","og_title":"Kliiniset ja suorituskykytutkimukset","og_description":"N\u00e4iden p\u00e4ivien ohjelman suunnittelussa ovat olleet suuressa roolissa j\u00e4senyrityksemme ja varsinkin ty\u00f6ryhmien puheenjohtajat.","og_url":"https:\/\/teknologiateollisuus.fi\/healthtech\/kliiniset-ja-suorituskykytutkimukset\/","og_site_name":"Terveysteknologia","article_modified_time":"2026-04-02T12:23:39+00:00","og_image":[{"width":2000,"height":1333,"url":"https:\/\/teknologiateollisuus.fi\/healthtech\/wp-content\/uploads\/sites\/8\/2025\/04\/HealthtechFi-sairaala-AdobeStock_pieni.jpg","type":"image\/jpeg"}],"twitter_card":"summary_large_image","twitter_misc":{"Arvioitu lukuaika":"3 minuuttia"},"schema":{"@context":"https:\/\/schema.org","@graph":[{"@type":"WebPage","@id":"https:\/\/teknologiateollisuus.fi\/healthtech\/kliiniset-ja-suorituskykytutkimukset\/","url":"https:\/\/teknologiateollisuus.fi\/healthtech\/kliiniset-ja-suorituskykytutkimukset\/","name":"Kliiniset ja suorituskykytutkimukset","isPartOf":{"@id":"https:\/\/teknologiateollisuus.fi\/healthtech\/#website"},"primaryImageOfPage":{"@id":"https:\/\/teknologiateollisuus.fi\/healthtech\/kliiniset-ja-suorituskykytutkimukset\/#primaryimage"},"image":{"@id":"https:\/\/teknologiateollisuus.fi\/healthtech\/kliiniset-ja-suorituskykytutkimukset\/#primaryimage"},"thumbnailUrl":"https:\/\/teknologiateollisuus.fi\/healthtech\/wp-content\/uploads\/sites\/8\/2025\/04\/HealthtechFi-sairaala-AdobeStock_pieni.jpg","datePublished":"2026-04-02T12:23:38+00:00","dateModified":"2026-04-02T12:23:39+00:00","description":"N\u00e4iden p\u00e4ivien ohjelman suunnittelussa ovat olleet suuressa roolissa j\u00e4senyrityksemme ja varsinkin ty\u00f6ryhmien puheenjohtajat.","breadcrumb":{"@id":"https:\/\/teknologiateollisuus.fi\/healthtech\/kliiniset-ja-suorituskykytutkimukset\/#breadcrumb"},"inLanguage":"fi","potentialAction":[{"@type":"ReadAction","target":["https:\/\/teknologiateollisuus.fi\/healthtech\/kliiniset-ja-suorituskykytutkimukset\/"]}]},{"@type":"ImageObject","inLanguage":"fi","@id":"https:\/\/teknologiateollisuus.fi\/healthtech\/kliiniset-ja-suorituskykytutkimukset\/#primaryimage","url":"https:\/\/teknologiateollisuus.fi\/healthtech\/wp-content\/uploads\/sites\/8\/2025\/04\/HealthtechFi-sairaala-AdobeStock_pieni.jpg","contentUrl":"https:\/\/teknologiateollisuus.fi\/healthtech\/wp-content\/uploads\/sites\/8\/2025\/04\/HealthtechFi-sairaala-AdobeStock_pieni.jpg","width":2000,"height":1333,"caption":"HealthtechFi sairaala"},{"@type":"BreadcrumbList","@id":"https:\/\/teknologiateollisuus.fi\/healthtech\/kliiniset-ja-suorituskykytutkimukset\/#breadcrumb","itemListElement":[{"@type":"ListItem","position":1,"name":"Etusivu","item":"https:\/\/teknologiateollisuus.fi\/healthtech\/"},{"@type":"ListItem","position":2,"name":"Kliiniset ja suorituskykytutkimukset"}]},{"@type":"WebSite","@id":"https:\/\/teknologiateollisuus.fi\/healthtech\/#website","url":"https:\/\/teknologiateollisuus.fi\/healthtech\/","name":"Terveysteknologia","description":"","potentialAction":[{"@type":"SearchAction","target":{"@type":"EntryPoint","urlTemplate":"https:\/\/teknologiateollisuus.fi\/healthtech\/?s={search_term_string}"},"query-input":{"@type":"PropertyValueSpecification","valueRequired":true,"valueName":"search_term_string"}}],"inLanguage":"fi"}]}},"lang":"fi","translations":{"fi":5805},"pll_sync_post":{},"_links":{"self":[{"href":"https:\/\/teknologiateollisuus.fi\/healthtech\/wp-json\/wp\/v2\/pages\/5805","targetHints":{"allow":["GET"]}}],"collection":[{"href":"https:\/\/teknologiateollisuus.fi\/healthtech\/wp-json\/wp\/v2\/pages"}],"about":[{"href":"https:\/\/teknologiateollisuus.fi\/healthtech\/wp-json\/wp\/v2\/types\/page"}],"author":[{"embeddable":true,"href":"https:\/\/teknologiateollisuus.fi\/healthtech\/wp-json\/wp\/v2\/users\/16"}],"replies":[{"embeddable":true,"href":"https:\/\/teknologiateollisuus.fi\/healthtech\/wp-json\/wp\/v2\/comments?post=5805"}],"version-history":[{"count":1,"href":"https:\/\/teknologiateollisuus.fi\/healthtech\/wp-json\/wp\/v2\/pages\/5805\/revisions"}],"predecessor-version":[{"id":5806,"href":"https:\/\/teknologiateollisuus.fi\/healthtech\/wp-json\/wp\/v2\/pages\/5805\/revisions\/5806"}],"wp:featuredmedia":[{"embeddable":true,"href":"https:\/\/teknologiateollisuus.fi\/healthtech\/wp-json\/wp\/v2\/media\/4287"}],"wp:attachment":[{"href":"https:\/\/teknologiateollisuus.fi\/healthtech\/wp-json\/wp\/v2\/media?parent=5805"}],"curies":[{"name":"wp","href":"https:\/\/api.w.org\/{rel}","templated":true}]}}