{"id":720,"date":"2024-07-04T17:02:43","date_gmt":"2024-07-04T14:02:43","guid":{"rendered":"https:\/\/teknologiateollisuus.fi\/healthtech\/?page_id=720"},"modified":"2026-01-26T13:06:38","modified_gmt":"2026-01-26T11:06:38","slug":"tilaa-uutiskirje","status":"publish","type":"page","link":"https:\/\/teknologiateollisuus.fi\/healthtech\/terveysteknologia-ry-on-yritysten-kohtaamispaikka\/terveysteknologia-ry-yhteystiedot\/tilaa-uutiskirje\/","title":{"rendered":"Tilaa uutiskirje"},"content":{"rendered":"\n<div class=\"em-block-hero hero-has-background-color has-background has-tangerine-background-color collapse media-position-right \">\n\t<div class=\"em-block-hero__container\">\n\t\t<div class=\"em-block-hero__content\">\n\t\t\t<div class=\"yoast-breadcrumbs\"><span><span><a href=\"https:\/\/teknologiateollisuus.fi\/healthtech\/\">Etusivu<\/a><\/span> <span class=\"separator\"><\/span> <span><a href=\"https:\/\/teknologiateollisuus.fi\/healthtech\/terveysteknologia-ry-on-yritysten-kohtaamispaikka\/\">Yhdistys<\/a><\/span> <span class=\"separator\"><\/span> <span><a href=\"https:\/\/teknologiateollisuus.fi\/healthtech\/terveysteknologia-ry-on-yritysten-kohtaamispaikka\/terveysteknologia-ry-yhteystiedot\/\">Yhteystiedot<\/a><\/span> <span class=\"separator\"><\/span> <span class=\"breadcrumb_last\" aria-current=\"page\">Tilaa uutiskirje<\/span><\/span><\/div>\t\t\t\n<h1 class=\"wp-block-heading\" id=\"h-tilaa-uutiskirje\">Tilaa uutiskirje<\/h1>\n\n<p><\/p>\n\t\t\t<div class=\"em-block-hero__modified-date\"> P\u00e4ivitetty 26.01.2026 klo 13:06<\/div>\t\t<\/div>\n\t\t\t\t\t<figure class=\"em-block-hero__image\">\n\t\t\t\t\t\t\t<\/figure>\n\t\t\t<\/div>\n<\/div>\n\n\n\n<p>Terveysteknologia ry l\u00e4hett\u00e4\u00e4 noin nelj\u00e4 kertaa vuodessa uutiskirjeen. Kokoamme kirjeeseen alan viimeaikaiset tiedotettavat asiat, sidosryhm\u00e4n uutiset sek\u00e4 j\u00e4sentemme tiedotteet. <\/p>\n\n\n\n<article class=\"em-block-content-card  has-background has-white-background-color has-media-position-top\">\n\t\n\t<div class=\"em-block-content-card__content\">\n\t\t\n\t\t\t\t\t<h4 class=\"em-block-content-card__title\">Tilaa uutiskirje t\u00e4st\u00e4<\/h4>\n\t\t\n\t\t\n\t\t\t\t\t\t\t\t\t<a\n\t\t\t\t\tclass=\"em-block-content-card__button  has-icon-name-icon-external\"\n\t\t\t\t\thref=\"https:\/\/www.lyyti.in\/HTF_uutiskirje_news\"\n\t\t\t\t\ttarget=\"_blank\" rel=\"noopener noreferrer\"\t\t\t\t\t\t\t\t\t>\n\t\t\t\t\t<span class=\"em-block-content-card__button-label\">\n\t\t\t\t\t\tTilaa t\u00e4st\u00e4\t\t\t\t\t<\/span>\n\t\t\t\t<\/a>\n\t\t\t\t\t\t<\/div>\n\n\t<\/article>\n","protected":false},"excerpt":{"rendered":"<p>Terveysteknologia ry l\u00e4hett\u00e4\u00e4 noin nelj\u00e4 kertaa vuodessa uutiskirjeen. Kokoamme kirjeeseen alan viimeaikaiset tiedotettavat asiat, sidosryhm\u00e4n uutiset sek\u00e4 j\u00e4sentemme tiedotteet.<\/p>\n","protected":false},"author":16,"featured_media":0,"parent":112,"menu_order":5,"comment_status":"closed","ping_status":"closed","template":"","meta":{"_acf_changed":false,"_relevanssi_hide_post":"","_relevanssi_hide_content":"","_relevanssi_pin_for_all":"","_relevanssi_pin_keywords":"","_relevanssi_unpin_keywords":"","_relevanssi_related_keywords":"","_relevanssi_related_include_ids":"","_relevanssi_related_exclude_ids":"","_relevanssi_related_no_append":"","_relevanssi_related_not_related":"","_relevanssi_related_posts":"1","_relevanssi_noindex_reason":"","inline_featured_image":false,"footnotes":""},"class_list":["post-720","page","type-page","status-publish","hentry"],"acf":[],"yoast_head":"<!-- This site is optimized with the Yoast SEO Premium plugin v27.1 (Yoast SEO v27.3) - https:\/\/yoast.com\/product\/yoast-seo-premium-wordpress\/ -->\n<title>Tilaa Terveysteknologia ry uutiskirje<\/title>\n<meta name=\"description\" content=\"Terveysteknologia ry uutiskirje l\u00e4hetet\u00e4\u00e4n kvartaaleittain. Kirjeess\u00e4 on alan ajankohtaisia uutisia, sek\u00e4 j\u00e4senyritysten kuulumisia.\" \/>\n<meta name=\"robots\" content=\"index, follow, max-snippet:-1, max-image-preview:large, max-video-preview:-1\" \/>\n<link rel=\"canonical\" href=\"https:\/\/teknologiateollisuus.fi\/healthtech\/terveysteknologia-ry-on-yritysten-kohtaamispaikka\/terveysteknologia-ry-yhteystiedot\/tilaa-uutiskirje\/\" \/>\n<meta property=\"og:locale\" content=\"fi_FI\" \/>\n<meta property=\"og:type\" content=\"article\" \/>\n<meta property=\"og:title\" content=\"Tilaa uutiskirje\" \/>\n<meta property=\"og:description\" content=\"Terveysteknologia ry uutiskirje l\u00e4hetet\u00e4\u00e4n kvartaaleittain. Kirjeess\u00e4 on alan ajankohtaisia uutisia, sek\u00e4 j\u00e4senyritysten kuulumisia.\" \/>\n<meta property=\"og:url\" content=\"https:\/\/teknologiateollisuus.fi\/healthtech\/terveysteknologia-ry-on-yritysten-kohtaamispaikka\/terveysteknologia-ry-yhteystiedot\/tilaa-uutiskirje\/\" \/>\n<meta property=\"og:site_name\" content=\"Terveysteknologia\" \/>\n<meta property=\"article:modified_time\" content=\"2026-01-26T11:06:38+00:00\" \/>\n<meta name=\"twitter:card\" content=\"summary_large_image\" \/>\n<meta name=\"twitter:label1\" content=\"Arvioitu lukuaika\" \/>\n\t<meta name=\"twitter:data1\" content=\"1 minuutti\" \/>\n<script type=\"application\/ld+json\" class=\"yoast-schema-graph\">{\"@context\":\"https:\\\/\\\/schema.org\",\"@graph\":[{\"@type\":\"WebPage\",\"@id\":\"https:\\\/\\\/teknologiateollisuus.fi\\\/healthtech\\\/terveysteknologia-ry-on-yritysten-kohtaamispaikka\\\/terveysteknologia-ry-yhteystiedot\\\/tilaa-uutiskirje\\\/\",\"url\":\"https:\\\/\\\/teknologiateollisuus.fi\\\/healthtech\\\/terveysteknologia-ry-on-yritysten-kohtaamispaikka\\\/terveysteknologia-ry-yhteystiedot\\\/tilaa-uutiskirje\\\/\",\"name\":\"Tilaa Terveysteknologia ry uutiskirje\",\"isPartOf\":{\"@id\":\"https:\\\/\\\/teknologiateollisuus.fi\\\/healthtech\\\/#website\"},\"datePublished\":\"2024-07-04T14:02:43+00:00\",\"dateModified\":\"2026-01-26T11:06:38+00:00\",\"description\":\"Terveysteknologia ry uutiskirje l\u00e4hetet\u00e4\u00e4n kvartaaleittain. Kirjeess\u00e4 on alan ajankohtaisia uutisia, sek\u00e4 j\u00e4senyritysten kuulumisia.\",\"breadcrumb\":{\"@id\":\"https:\\\/\\\/teknologiateollisuus.fi\\\/healthtech\\\/terveysteknologia-ry-on-yritysten-kohtaamispaikka\\\/terveysteknologia-ry-yhteystiedot\\\/tilaa-uutiskirje\\\/#breadcrumb\"},\"inLanguage\":\"fi\",\"potentialAction\":[{\"@type\":\"ReadAction\",\"target\":[\"https:\\\/\\\/teknologiateollisuus.fi\\\/healthtech\\\/terveysteknologia-ry-on-yritysten-kohtaamispaikka\\\/terveysteknologia-ry-yhteystiedot\\\/tilaa-uutiskirje\\\/\"]}]},{\"@type\":\"BreadcrumbList\",\"@id\":\"https:\\\/\\\/teknologiateollisuus.fi\\\/healthtech\\\/terveysteknologia-ry-on-yritysten-kohtaamispaikka\\\/terveysteknologia-ry-yhteystiedot\\\/tilaa-uutiskirje\\\/#breadcrumb\",\"itemListElement\":[{\"@type\":\"ListItem\",\"position\":1,\"name\":\"Etusivu\",\"item\":\"https:\\\/\\\/teknologiateollisuus.fi\\\/healthtech\\\/\"},{\"@type\":\"ListItem\",\"position\":2,\"name\":\"Yhdistys\",\"item\":\"https:\\\/\\\/teknologiateollisuus.fi\\\/healthtech\\\/terveysteknologia-ry-on-yritysten-kohtaamispaikka\\\/\"},{\"@type\":\"ListItem\",\"position\":3,\"name\":\"Yhteystiedot\",\"item\":\"https:\\\/\\\/teknologiateollisuus.fi\\\/healthtech\\\/terveysteknologia-ry-on-yritysten-kohtaamispaikka\\\/terveysteknologia-ry-yhteystiedot\\\/\"},{\"@type\":\"ListItem\",\"position\":4,\"name\":\"Tilaa uutiskirje\"}]},{\"@type\":\"WebSite\",\"@id\":\"https:\\\/\\\/teknologiateollisuus.fi\\\/healthtech\\\/#website\",\"url\":\"https:\\\/\\\/teknologiateollisuus.fi\\\/healthtech\\\/\",\"name\":\"Terveysteknologia\",\"description\":\"\",\"potentialAction\":[{\"@type\":\"SearchAction\",\"target\":{\"@type\":\"EntryPoint\",\"urlTemplate\":\"https:\\\/\\\/teknologiateollisuus.fi\\\/healthtech\\\/?s={search_term_string}\"},\"query-input\":{\"@type\":\"PropertyValueSpecification\",\"valueRequired\":true,\"valueName\":\"search_term_string\"}}],\"inLanguage\":\"fi\"}]}<\/script>\n<!-- \/ Yoast SEO Premium plugin. -->","yoast_head_json":{"title":"Tilaa Terveysteknologia ry uutiskirje","description":"Terveysteknologia ry uutiskirje l\u00e4hetet\u00e4\u00e4n kvartaaleittain. Kirjeess\u00e4 on alan ajankohtaisia uutisia, sek\u00e4 j\u00e4senyritysten kuulumisia.","robots":{"index":"index","follow":"follow","max-snippet":"max-snippet:-1","max-image-preview":"max-image-preview:large","max-video-preview":"max-video-preview:-1"},"canonical":"https:\/\/teknologiateollisuus.fi\/healthtech\/terveysteknologia-ry-on-yritysten-kohtaamispaikka\/terveysteknologia-ry-yhteystiedot\/tilaa-uutiskirje\/","og_locale":"fi_FI","og_type":"article","og_title":"Tilaa uutiskirje","og_description":"Terveysteknologia ry uutiskirje l\u00e4hetet\u00e4\u00e4n kvartaaleittain. Kirjeess\u00e4 on alan ajankohtaisia uutisia, sek\u00e4 j\u00e4senyritysten kuulumisia.","og_url":"https:\/\/teknologiateollisuus.fi\/healthtech\/terveysteknologia-ry-on-yritysten-kohtaamispaikka\/terveysteknologia-ry-yhteystiedot\/tilaa-uutiskirje\/","og_site_name":"Terveysteknologia","article_modified_time":"2026-01-26T11:06:38+00:00","twitter_card":"summary_large_image","twitter_misc":{"Arvioitu lukuaika":"1 minuutti"},"schema":{"@context":"https:\/\/schema.org","@graph":[{"@type":"WebPage","@id":"https:\/\/teknologiateollisuus.fi\/healthtech\/terveysteknologia-ry-on-yritysten-kohtaamispaikka\/terveysteknologia-ry-yhteystiedot\/tilaa-uutiskirje\/","url":"https:\/\/teknologiateollisuus.fi\/healthtech\/terveysteknologia-ry-on-yritysten-kohtaamispaikka\/terveysteknologia-ry-yhteystiedot\/tilaa-uutiskirje\/","name":"Tilaa Terveysteknologia ry uutiskirje","isPartOf":{"@id":"https:\/\/teknologiateollisuus.fi\/healthtech\/#website"},"datePublished":"2024-07-04T14:02:43+00:00","dateModified":"2026-01-26T11:06:38+00:00","description":"Terveysteknologia ry uutiskirje l\u00e4hetet\u00e4\u00e4n kvartaaleittain. Kirjeess\u00e4 on alan ajankohtaisia uutisia, sek\u00e4 j\u00e4senyritysten kuulumisia.","breadcrumb":{"@id":"https:\/\/teknologiateollisuus.fi\/healthtech\/terveysteknologia-ry-on-yritysten-kohtaamispaikka\/terveysteknologia-ry-yhteystiedot\/tilaa-uutiskirje\/#breadcrumb"},"inLanguage":"fi","potentialAction":[{"@type":"ReadAction","target":["https:\/\/teknologiateollisuus.fi\/healthtech\/terveysteknologia-ry-on-yritysten-kohtaamispaikka\/terveysteknologia-ry-yhteystiedot\/tilaa-uutiskirje\/"]}]},{"@type":"BreadcrumbList","@id":"https:\/\/teknologiateollisuus.fi\/healthtech\/terveysteknologia-ry-on-yritysten-kohtaamispaikka\/terveysteknologia-ry-yhteystiedot\/tilaa-uutiskirje\/#breadcrumb","itemListElement":[{"@type":"ListItem","position":1,"name":"Etusivu","item":"https:\/\/teknologiateollisuus.fi\/healthtech\/"},{"@type":"ListItem","position":2,"name":"Yhdistys","item":"https:\/\/teknologiateollisuus.fi\/healthtech\/terveysteknologia-ry-on-yritysten-kohtaamispaikka\/"},{"@type":"ListItem","position":3,"name":"Yhteystiedot","item":"https:\/\/teknologiateollisuus.fi\/healthtech\/terveysteknologia-ry-on-yritysten-kohtaamispaikka\/terveysteknologia-ry-yhteystiedot\/"},{"@type":"ListItem","position":4,"name":"Tilaa uutiskirje"}]},{"@type":"WebSite","@id":"https:\/\/teknologiateollisuus.fi\/healthtech\/#website","url":"https:\/\/teknologiateollisuus.fi\/healthtech\/","name":"Terveysteknologia","description":"","potentialAction":[{"@type":"SearchAction","target":{"@type":"EntryPoint","urlTemplate":"https:\/\/teknologiateollisuus.fi\/healthtech\/?s={search_term_string}"},"query-input":{"@type":"PropertyValueSpecification","valueRequired":true,"valueName":"search_term_string"}}],"inLanguage":"fi"}]}},"lang":"fi","translations":{"fi":720},"pll_sync_post":[],"_links":{"self":[{"href":"https:\/\/teknologiateollisuus.fi\/healthtech\/wp-json\/wp\/v2\/pages\/720","targetHints":{"allow":["GET"]}}],"collection":[{"href":"https:\/\/teknologiateollisuus.fi\/healthtech\/wp-json\/wp\/v2\/pages"}],"about":[{"href":"https:\/\/teknologiateollisuus.fi\/healthtech\/wp-json\/wp\/v2\/types\/page"}],"author":[{"embeddable":true,"href":"https:\/\/teknologiateollisuus.fi\/healthtech\/wp-json\/wp\/v2\/users\/16"}],"replies":[{"embeddable":true,"href":"https:\/\/teknologiateollisuus.fi\/healthtech\/wp-json\/wp\/v2\/comments?post=720"}],"version-history":[{"count":7,"href":"https:\/\/teknologiateollisuus.fi\/healthtech\/wp-json\/wp\/v2\/pages\/720\/revisions"}],"predecessor-version":[{"id":5595,"href":"https:\/\/teknologiateollisuus.fi\/healthtech\/wp-json\/wp\/v2\/pages\/720\/revisions\/5595"}],"up":[{"embeddable":true,"href":"https:\/\/teknologiateollisuus.fi\/healthtech\/wp-json\/wp\/v2\/pages\/112"}],"wp:attachment":[{"href":"https:\/\/teknologiateollisuus.fi\/healthtech\/wp-json\/wp\/v2\/media?parent=720"}],"curies":[{"name":"wp","href":"https:\/\/api.w.org\/{rel}","templated":true}]}}