{"id":1131,"date":"2023-12-11T13:07:59","date_gmt":"2023-12-11T11:07:59","guid":{"rendered":"https:\/\/teknologiateollisuus.fi\/jasenille\/?page_id=1131"},"modified":"2025-10-03T13:38:00","modified_gmt":"2025-10-03T10:38:00","slug":"tyosuhdepalvelut","status":"publish","type":"page","link":"https:\/\/teknologiateollisuus.fi\/jasenille\/palvelut\/tyosuhdepalvelut\/","title":{"rendered":"Ty\u00f6suhdepalvelut"},"content":{"rendered":"\n<div class=\"em-block-hero hero-has-background-color has-background has-black-background-color has-image media-position-right \">\n\t<div class=\"em-block-hero__container\">\n\t\t<div class=\"em-block-hero__content\">\n\t\t\t<div class=\"yoast-breadcrumbs\"><span><span><a href=\"https:\/\/teknologiateollisuus.fi\/jasenille\/\">Home<\/a><\/span> <span class=\"separator\"><\/span> <span><a href=\"https:\/\/teknologiateollisuus.fi\/jasenille\/palvelut\/\">Palvelut<\/a><\/span> <span class=\"separator\"><\/span> <span class=\"breadcrumb_last\" aria-current=\"page\">Ty\u00f6suhdepalvelut<\/span><\/span><\/div>\t\t\t\n<h1 class=\"wp-block-heading\" id=\"tyosuhdepalvelut\">Ty\u00f6suhdepalvelut<\/h1>\n\n<p>Teknologiateollisuus ry tarjoaa j\u00e4senilleen neuvontaa, tukea ja materiaaleja sek\u00e4 koulutuksia ja tapahtumia ty\u00f6el\u00e4m\u00e4aiheisiin ja ty\u00f6suhdeasioihin liittyen. Ty\u00f6suhdeneuvonta tukee ty\u00f6ehtosopimusten sek\u00e4 keskeisen ty\u00f6suhdetta koskevan lains\u00e4\u00e4d\u00e4nn\u00f6n soveltamista ja tulkintaa.<\/p>\n\t\t\t<div class=\"em-block-hero__modified-date\"> P\u00e4ivitetty 03.10.2025 klo 13:38<\/div>\t\t<\/div>\n\t\t\t\t\t<figure class=\"em-block-hero__image\">\n\t\t\t\t<img loading=\"lazy\" decoding=\"async\" width=\"1044\" height=\"696\" src=\"https:\/\/teknologiateollisuus.fi\/jasenille\/wp-content\/uploads\/sites\/1\/2025\/10\/Pienitiedosto_Jpalvelut_3959.jpeg\" class=\"attachment-hero size-hero\" alt=\"Metallisia osia tason p\u00e4\u00e4ll\u00e4, kuvituskuva.\" srcset=\"https:\/\/teknologiateollisuus.fi\/jasenille\/wp-content\/uploads\/sites\/1\/2025\/10\/Pienitiedosto_Jpalvelut_3959.jpeg 1044w, https:\/\/teknologiateollisuus.fi\/jasenille\/wp-content\/uploads\/sites\/1\/2025\/10\/Pienitiedosto_Jpalvelut_3959-400x267.jpeg 400w, https:\/\/teknologiateollisuus.fi\/jasenille\/wp-content\/uploads\/sites\/1\/2025\/10\/Pienitiedosto_Jpalvelut_3959-800x533.jpeg 800w, https:\/\/teknologiateollisuus.fi\/jasenille\/wp-content\/uploads\/sites\/1\/2025\/10\/Pienitiedosto_Jpalvelut_3959-768x512.jpeg 768w, https:\/\/teknologiateollisuus.fi\/jasenille\/wp-content\/uploads\/sites\/1\/2025\/10\/Pienitiedosto_Jpalvelut_3959-560x373.jpeg 560w, https:\/\/teknologiateollisuus.fi\/jasenille\/wp-content\/uploads\/sites\/1\/2025\/10\/Pienitiedosto_Jpalvelut_3959-75x50.jpeg 75w\" sizes=\"auto, (max-width: 1044px) 100vw, 1044px\" \/>\t\t\t<\/figure>\n\t\t\t<\/div>\n<\/div>\n\n\n\n<h2 class=\"wp-block-heading\" id=\"h-tyosuhdeneuvonta\" id=\"tyosuhdeneuvonta\">Ty\u00f6suhdeneuvonta<\/h2>\n\n\n\n<p>Teknologiateollisuuden ty\u00f6suhdeneuvonta koostuu tyosuhdepalvelu.fi -tietopankista ja j\u00e4senmaksuun sis\u00e4ltyv\u00e4st\u00e4 asiantuntija-avusta. Asiantuntija-apu ja vastaukset esitettyihin kysymyksiin annetaan puhelimitse. S\u00e4hk\u00f6isesti l\u00e4hetett\u00e4v\u00e4t kysymykset l\u00e4hetet\u00e4\u00e4n ty\u00f6suhdeneuvonnan lomakkeella.<\/p>\n\n\n\n<div class=\"wp-block-scb-columns scb-columns has-2-column-layout--33-66 has-mobile-behavior--stacked has-auto-fit\">\n<div class=\"wp-block-scb-column scb-column is-scale-cover\">\n<p class=\"is-style-pre-headline\">Ensisijainen apusi ty\u00f6suhdeasioissa<\/p>\n\n\n\n<h3 class=\"wp-block-heading\" id=\"h-tyosuhdepalvelu-fi\" id=\"tyosuhdepalvelu-fi\">Ty\u00f6suhdepalvelu.fi<\/h3>\n<\/div>\n\n\n\n<div class=\"wp-block-scb-column scb-column is-scale-cover\">\n<p>Ty\u00f6suhdepalvelu on teknologiateollisuuden ty\u00f6suhde- ja palkkausasioiden ajantasainen tietopankki. Palvelusta l\u00f6yd\u00e4t<\/p>\n\n\n\n<ul class=\"wp-block-list  mt-xs\">\n<li>tietoa lains\u00e4\u00e4d\u00e4nn\u00f6n ja ty\u00f6ehtosopimusten soveltamisesta.<\/li>\n\n\n\n<li>ohjeita ja k\u00e4yt\u00e4nn\u00f6n esimerkkej\u00e4 ty\u00f6aika-, palkka-, vuosiloma- ja muista ty\u00f6suhdeasioista.<\/li>\n<\/ul>\n\n\n\n<div class=\"wp-block-buttons is-layout-flex wp-block-buttons-is-layout-flex\">\n<div class=\"wp-block-button icon-right is-style-outline is-style-outline--2\"><a class=\"wp-block-button__link wp-element-button\" href=\"https:\/\/uusi.tyosuhdepalvelu.fi\/kirjaudu\/?not=true&amp;IsAdminLoggedIn=False&amp;userTicket=true\">Ty\u00f6suhdepalvelu.fi<\/a><\/div>\n<\/div>\n<\/div>\n<\/div>\n\n\n\n<div class=\"wp-block-scb-columns scb-columns has-2-column-layout--33-66 has-mobile-behavior--stacked has-auto-fit\">\n<div class=\"wp-block-scb-column scb-column is-scale-cover\">\n<p class=\"is-style-pre-headline\">Ei-kiireellisiin kysymyksiin<\/p>\n\n\n\n<h3 class=\"wp-block-heading\" id=\"h-tyosuhdeneuvonnan-lomake\" id=\"tyosuhdeneuvonnan-lomake\">Ty\u00f6suhdeneuvonnan lomake<\/h3>\n<\/div>\n\n\n\n<div class=\"wp-block-scb-column scb-column is-scale-cover\">\n<p>Ty\u00f6suhdeneuvonnan lomakkeen kautta ty\u00f6nantajan edustaja voi l\u00e4hett\u00e4\u00e4 ty\u00f6suhdekysymyksi\u00e4. Kaikki laajempaa selvitysty\u00f6t\u00e4 ja tausta-aineistoja vaativat ty\u00f6suhdekysymykset l\u00e4hetet\u00e4\u00e4n lomakkeen kautta.<\/p>\n\n\n\n<p>Lomakkeella voit pyyt\u00e4\u00e4 laajempaa konsultaatiotapaamista esimerkiksi muutosneuvotteluihin valmistautumiseen sek\u00e4 erimielisyys- ja riitatilanteiden selvitt\u00e4miseen liittyen. Normaalitilanteessa vastaamme <strong>kolmen p\u00e4iv\u00e4n sis\u00e4ll\u00e4<\/strong> lomakkeella tulleisiin kysymyksiin.<\/p>\n\n\n\n<div class=\"wp-block-buttons is-layout-flex wp-block-buttons-is-layout-flex\">\n<div class=\"wp-block-button icon-right is-style-outline is-style-outline--3\"><a class=\"wp-block-button__link wp-element-button\" href=\"https:\/\/tyosuhdepaivystys.teknologiateollisuus.fi\/\">Siirry t\u00e4ytt\u00e4m\u00e4\u00e4n lomake<\/a><\/div>\n<\/div>\n<\/div>\n<\/div>\n\n\n\n<div class=\"wp-block-scb-columns scb-columns has-2-column-layout--33-66 has-mobile-behavior--stacked has-auto-fit\">\n<div class=\"wp-block-scb-column scb-column is-scale-cover\">\n<p class=\"is-style-pre-headline\">Kiireellisiin kysymyksiin<\/p>\n\n\n\n<h3 class=\"wp-block-heading\" id=\"h-tyosuhdepaivystys\" id=\"tyosuhdepaivystys\">Ty\u00f6suhdep\u00e4ivystys<\/h3>\n<\/div>\n\n\n\n<div class=\"wp-block-scb-column scb-column is-scale-cover\">\n<p>Ty\u00f6nantajan edustaja voi soittaa puhelinp\u00e4ivystykseemme tai oman alueen aluep\u00e4\u00e4llik\u00f6lle <strong>v\u00e4lit\u00f6nt\u00e4 apua vaativissa<\/strong> asioissa. Muissa tilanteissa toivomme teid\u00e4n etsiv\u00e4n vastausta ensin osoitteesta ty\u00f6suhdepalvelu.fi tai l\u00e4hett\u00e4m\u00e4ll\u00e4 kysymyksenne lomakkeella.<\/p>\n\n\n\n<p><strong>ma-pe klo 9\u201316<\/strong><br><strong>puh. 09 1923 222<\/strong><\/p>\n\n\n\n<div class=\"wp-block-buttons is-layout-flex wp-block-buttons-is-layout-flex\">\n<div class=\"wp-block-button icon-right is-style-outline is-style-outline--4\"><a class=\"wp-block-button__link wp-element-button\" href=\"https:\/\/teknologiateollisuus.fi\/jasenille\/verkostot-ja-tyoryhmat\/aluetoiminta\/\">Aluep\u00e4\u00e4llik\u00f6iden yhteystiedot<\/a><\/div>\n<\/div>\n<\/div>\n<\/div>\n\n\n\n<h2 class=\"wp-block-heading\" id=\"h-erimielisyysasioiden-ratkaiseminen-yhdessa\" id=\"erimielisyysasioiden-ratkaiseminen-yhdessa\">Erimielisyysasioiden ratkaiseminen yhdess\u00e4<\/h2>\n\n\n\n<p class=\" mt-xs\">Teknologiateollisuus ry:n ty\u00f6suhdep\u00e4ivyst\u00e4j\u00e4t neuvovat j\u00e4senyrityksi\u00e4 erimielisyyden yrityskohtaisen ratkaisun ja oikean prosessin l\u00f6yt\u00e4miseksi.<\/p>\n\n\n\n<ul class=\"wp-block-list\">\n<li>Asiantuntijaohjeita erimielisyyksien ennaltaehk\u00e4isyyn<\/li>\n\n\n\n<li>Neuvontaa erimielisyystilanteiden ratkaisemiseksi<\/li>\n\n\n\n<li>Resursseja ja lomakkeita asianmukaiseen dokumentointiin<\/li>\n<\/ul>\n\n\n\n<p>Tutustu erimielisyysmuistion ohjeisiin ja t\u00e4yt\u00e4 se yrityksess\u00e4.<br>Postita lomake sen j\u00e4lkeen osoitteeseen:<br><br><strong>Teknologiateollisuus ry, Ty\u00f6markkinat, PL 10, 00131 HELSINKI<\/strong><\/p>\n\n\n\n<div class=\"wp-block-evermade-links em-block-links has-columns-1\">\n<div data-wp-interactive=\"core\/file\" class=\"wp-block-file\"><a id=\"wp-block-file--media-01f3232b-ec80-44d4-81d1-95ceb7214e91\" href=\"https:\/\/teknologiateollisuus.fi\/jasenille\/wp-content\/uploads\/sites\/1\/2024\/07\/Erimielisyysmuistio-teknologiateollisuus-TEOsta.pdf\">Erimielisyyslomake Teknologiateollisuuden ty\u00f6nantajat \u2013 Teollisuusliitto<\/a><a href=\"https:\/\/teknologiateollisuus.fi\/jasenille\/wp-content\/uploads\/sites\/1\/2024\/07\/Erimielisyysmuistio-teknologiateollisuus-TEOsta.pdf\" class=\"wp-block-file__button wp-element-button\" download aria-describedby=\"wp-block-file--media-01f3232b-ec80-44d4-81d1-95ceb7214e91\">Lataa<\/a><\/div>\n\n\n\n<div class=\"wp-block-file\"><a id=\"wp-block-file--media-9af5de10-f1df-4233-a0fa-dd5cfbc40a9b\" href=\"https:\/\/teknologiateollisuus.fi\/jasenille\/wp-content\/uploads\/sites\/1\/2024\/10\/tietotekniikan-palvelualan-erimielisyysmuistio_2017.docx\">Tietotekniikan palvelualojen erimielisyysmuistiolomake<\/a><a href=\"https:\/\/teknologiateollisuus.fi\/jasenille\/wp-content\/uploads\/sites\/1\/2024\/10\/tietotekniikan-palvelualan-erimielisyysmuistio_2017.docx\" class=\"wp-block-file__button wp-element-button\" download aria-describedby=\"wp-block-file--media-9af5de10-f1df-4233-a0fa-dd5cfbc40a9b\">Lataa<\/a><\/div>\n<\/div>\n\n\n\n<div class=\"wp-block-group is-style-tight has-light-gray-background-color has-background is-layout-constrained wp-block-group-is-layout-constrained\">\n<h2 class=\"wp-block-heading\" id=\"h-tyotaisteluilmoitus\" id=\"tyotaisteluilmoitus\">Ty\u00f6taisteluilmoitus<\/h2>\n\n\n\n<p>Ilmoitukset ty\u00f6taisteluista tehd\u00e4\u00e4n ty\u00f6suhdeasioiden p\u00e4ivystysnumeroon <strong>(09) 1923 222<\/strong> arkisin klo 9\u201316.<\/p>\n<\/div>\n\n\n\n<h2 class=\"wp-block-heading  mb-xs\" id=\"tyosuhdeasioiden-koulutukset\">Ty\u00f6suhdeasioiden koulutukset<\/h2>\n\n\n\n<p class=\" mt-xs mb-xs\">Teknologiateollisuus ry&nbsp;ja Teknologiateollisuuden ty\u00f6nantajat ry j\u00e4rjest\u00e4v\u00e4t koulutuksia ja ajankohtaisia tietoiskuja ty\u00f6suhde- ja ty\u00f6ehtosopimusasioita. Tarjoamme esimerkiksi ty\u00f6suhdeasioiden kursseja, palkkarakenne- ja palkkausj\u00e4rjestelm\u00e4kursseja sek\u00e4 yrityskohtaisen sopimisen kursseja.<\/p>\n\n\n\n<p class=\" mt-xs mb-xs\">J\u00e4rjest\u00e4mme koulutusta sek\u00e4 yleisin\u00e4 koulutuksina ett\u00e4 yrityskohtaisesti. Koulutukset on suunnattu j\u00e4senyritysten ty\u00f6suhdeasioiden, palkanlaskennan ja yhteistoiminnan parissa ty\u00f6skenteleville henkil\u00f6ille sek\u00e4 esihenkil\u00f6ille ja johdolle.<\/p>\n\n\n\n<p class=\" mt-xs mb-xs\">Kaikille j\u00e4senille tarkoitetut, yleiset ty\u00f6suhdeasioiden tiedotustilaisuudet ovat maksuttomia. Muut ty\u00f6suhdeasioiden koulutukset ovat maksullista j\u00e4senpalvelua.<\/p>\n\n\n\n<div class=\"wp-block-buttons is-layout-flex wp-block-buttons-is-layout-flex\">\n<div class=\"wp-block-button  icon-right\"><a class=\"wp-block-button__link wp-element-button\" href=\"https:\/\/teknologiateollisuus.fi\/teknologiatyonantajat\/tyoehtosopimukset\/hyvaksytyt-ay-koulutukset\/\">Ilmoittaudu koulutuksiin<\/a><\/div>\n<\/div>\n\n\n\n<h2 class=\"wp-block-heading\" id=\"voimme-myos-raataloida-yrityskohtaisen-koulutuksen\" id=\"yrityskohtaiset-koulutukset\">Yrityskohtaiset koulutukset<\/h2>\n\n\n\n<p class=\" mt-xs\">Voimme my\u00f6s r\u00e4\u00e4t\u00e4l\u00f6id\u00e4 yrityskohtaisen koulutuksen! Ota silloin yhteytt\u00e4&nbsp;alueesi aluep\u00e4\u00e4llikk\u00f6\u00f6n&nbsp;tai&nbsp;<a href=\"https:\/\/tyosuhdepaivystys.teknologiateollisuus.fi\/\">ty\u00f6suhdekysymyslomakkeella<\/a>, niin suunnittelemme yhdess\u00e4 yrityst\u00e4nne palvelevan koulutuksen.<\/p>\n\n\n\n<p class=\" mt-xs\">Yrityskohtaisten koulutusten hinta m\u00e4\u00e4r\u00e4ytyy koulutuksen keston, mahdollisten materiaalien sek\u00e4 mahdollisten matkakulujen perusteella.<\/p>\n\n\n\n<div class=\"wp-block-buttons is-layout-flex wp-block-buttons-is-layout-flex\">\n<div class=\"wp-block-button icon-right is-style-fill\"><a class=\"wp-block-button__link wp-element-button\" href=\"https:\/\/teknologiateollisuus.fi\/jasenille\/verkostot-ja-tyoryhmat\/aluetoiminta\/\">Aluep\u00e4\u00e4llik\u00f6iden yhteystiedot<\/a><\/div>\n<\/div>\n\n\n\n<div class=\"wp-block-scb-columns scb-columns  has-mobile-behavior--stacked has-auto-fit em-pattern-event-contacts\">\n<div class=\"wp-block-scb-column scb-column is-scale-cover\">\n<h2 class=\"wp-block-heading\" id=\"h-lisatiedot\" id=\"lisatiedot\">Lis\u00e4tiedot:<\/h2>\n\n\n\n<article class=\"em-block-contact-card is-style-list\">\n\n\t<div class=\"em-block-contact-card__image\">\n\t\t\t\t\t<img loading=\"lazy\" decoding=\"async\" width=\"300\" height=\"400\" src=\"https:\/\/teknologiateollisuus.fi\/jasenille\/wp-content\/uploads\/2024\/05\/phpsibtbq-300x400.jpg\" class=\"attachment-portrait size-portrait\" alt=\"\" \/>\t\t\t<\/div>\n\t<div class=\"em-block-contact-card__content-wrapper\">\n\t\t<div class=\"em-block-contact-card__content\">\n\t\t\t\t\t\t\t<div class=\"em-block-contact-card__business-units\">\n\t\t\t\t\t\t\t\t\t\t\t<span class=\"em-block-contact-card__business-unit\">Ty\u00f6markkinat ja ty\u00f6el\u00e4m\u00e4n s\u00e4\u00e4ntely<\/span>\n\t\t\t\t\t\t\t\t\t<\/div>\n\t\t\t\t\t\t<h3 class=\"em-block-contact-card__title\"><a target=\"_self\" href=\"https:\/\/teknologiateollisuus.fi\/?p=1241\">Lallo Mika<\/a><\/h3>\n\t\t\t\t\t\t\t<span class=\"em-block-contact-card__job_title\">Johtaja &#8211; Neuvontapalvelut, ty\u00f6el\u00e4m\u00e4n kehitt\u00e4minen ja lains\u00e4\u00e4d\u00e4nt\u00f6vaikuttaminen<\/span>\n\t\t\t\t\t\t\t\t\t\t<span class=\"em-block-contact-card__organisation\">Teknologiateollisuus ry<\/span>\n\t\t\t\t\t<\/div>\n\t\t<div class=\"em-block-contact-card__content\">\n\t\t\t\t\t\t<address class=\"em-block-contact-card__contact-details\">\n\t\t\t\t\t\t\t\t\t<span class=\"em-block-contact-card__phone\">\n\t\t\t\t\t\t<a href=\"tel:+358 400834412\">+358 400834412<\/a><\/a>\n\t\t\t\t\t<\/span>\n\t\t\t\t\t\t\t\t\t\t\t\t\t<span class=\"em-block-contact-card__email\">\n\t\t\t\t\t\t<a href=\"mailto:mika.lallo@teknologiateollisuus.fi\">mika.lallo@teknologiateollisuus.fi<\/a><\/a>\n\t\t\t\t\t<\/span>\n\t\t\t\t\t\t\t<\/address>\n\t\t\t\t\t<\/div>\n\t<\/div>\n\n<\/article>\n\n\n\n<article class=\"em-block-contact-card is-style-list\">\n\n\t<div class=\"em-block-contact-card__image\">\n\t\t\t\t\t<img loading=\"lazy\" decoding=\"async\" width=\"300\" height=\"400\" src=\"https:\/\/teknologiateollisuus.fi\/jasenille\/wp-content\/uploads\/2024\/05\/phpyfcz5m.jpg\" class=\"attachment-portrait size-portrait\" alt=\"\" \/>\t\t\t<\/div>\n\t<div class=\"em-block-contact-card__content-wrapper\">\n\t\t<div class=\"em-block-contact-card__content\">\n\t\t\t\t\t\t\t<div class=\"em-block-contact-card__business-units\">\n\t\t\t\t\t\t\t\t\t\t\t<span class=\"em-block-contact-card__business-unit\">Ty\u00f6markkinat ja ty\u00f6el\u00e4m\u00e4n s\u00e4\u00e4ntely<\/span>\n\t\t\t\t\t\t\t\t\t<\/div>\n\t\t\t\t\t\t<h3 class=\"em-block-contact-card__title\"><a target=\"_self\" href=\"https:\/\/teknologiateollisuus.fi\/?p=1118\">Laine Johanna<\/a><\/h3>\n\t\t\t\t\t\t\t<span class=\"em-block-contact-card__job_title\">Johtaja &#8211; Paikallinen sopiminen, yrityskohtaiset ty\u00f6ehdot ja lains\u00e4\u00e4d\u00e4nt\u00f6vaikuttaminen<\/span>\n\t\t\t\t\t\t\t\t\t\t<span class=\"em-block-contact-card__organisation\">Teknologiateollisuus ry<\/span>\n\t\t\t\t\t<\/div>\n\t\t<div class=\"em-block-contact-card__content\">\n\t\t\t\t\t\t<address class=\"em-block-contact-card__contact-details\">\n\t\t\t\t\t\t\t\t\t<span class=\"em-block-contact-card__phone\">\n\t\t\t\t\t\t<a href=\"tel:+358 445907209\">+358 445907209<\/a><\/a>\n\t\t\t\t\t<\/span>\n\t\t\t\t\t\t\t\t\t\t\t\t\t<span class=\"em-block-contact-card__email\">\n\t\t\t\t\t\t<a href=\"mailto:johanna.laine@teknologiateollisuus.fi\">johanna.laine@teknologiateollisuus.fi<\/a><\/a>\n\t\t\t\t\t<\/span>\n\t\t\t\t\t\t\t<\/address>\n\t\t\t\t\t<\/div>\n\t<\/div>\n\n<\/article>\n<\/div>\n<\/div>\n","protected":false},"excerpt":{"rendered":"<p>Ty\u00f6suhdeneuvonta Teknologiateollisuuden ty\u00f6suhdeneuvonta koostuu tyosuhdepalvelu.fi -tietopankista ja j\u00e4senmaksuun sis\u00e4ltyv\u00e4st\u00e4 asiantuntija-avusta. Asiantuntija-apu ja vastaukset esitettyihin kysymyksiin annetaan puhelimitse. S\u00e4hk\u00f6isesti l\u00e4hetett\u00e4v\u00e4t kysymykset l\u00e4hetet\u00e4\u00e4n ty\u00f6suhdeneuvonnan lomakkeella. Erimielisyysasioiden ratkaiseminen yhdess\u00e4 Teknologiateollisuus ry:n ty\u00f6suhdep\u00e4ivyst\u00e4j\u00e4t neuvovat j\u00e4senyrityksi\u00e4 erimielisyyden yrityskohtaisen ratkaisun ja oikean prosessin l\u00f6yt\u00e4miseksi. Tutustu erimielisyysmuistion ohjeisiin ja t\u00e4yt\u00e4 se yrityksess\u00e4.Postita lomake sen j\u00e4lkeen osoitteeseen: Teknologiateollisuus ry, Ty\u00f6markkinat, PL 10, 00131 [&hellip;]<\/p>\n","protected":false},"author":11,"featured_media":0,"parent":7310,"menu_order":0,"comment_status":"closed","ping_status":"closed","template":"","meta":{"_acf_changed":false,"_relevanssi_hide_post":"","_relevanssi_hide_content":"","_relevanssi_pin_for_all":"","_relevanssi_pin_keywords":"","_relevanssi_unpin_keywords":"","_relevanssi_related_keywords":"","_relevanssi_related_include_ids":"","_relevanssi_related_exclude_ids":"","_relevanssi_related_no_append":"","_relevanssi_related_not_related":"","_relevanssi_related_posts":"5981,8269,7187,5808,5242,5826","_relevanssi_noindex_reason":"","inline_featured_image":false,"growthstack-ab-test":[],"growthstack-ab-test-views":[],"footnotes":""},"class_list":["post-1131","page","type-page","status-publish","hentry"],"acf":{"is_store_related":false,"locked":false},"yoast_head":"<!-- This site is optimized with the Yoast SEO Premium plugin v27.1 (Yoast SEO v27.3) - https:\/\/yoast.com\/product\/yoast-seo-premium-wordpress\/ -->\n<title>Ty\u00f6suhdepalvelut - Teknologiateollisuus - J\u00e4senille<\/title>\n<meta name=\"description\" content=\"Teknologiateollisuus tarjoaa j\u00e4senyrityksilleen monipuoliset ja kattavat ty\u00f6suhdepalvelut. Lue lis\u00e4\u00e4 ja hy\u00f6dynn\u00e4 palveluita!\" \/>\n<meta name=\"robots\" content=\"index, follow, max-snippet:-1, max-image-preview:large, max-video-preview:-1\" \/>\n<link rel=\"canonical\" href=\"https:\/\/teknologiateollisuus.fi\/jasenille\/palvelut\/tyosuhdepalvelut\/\" \/>\n<meta property=\"og:locale\" content=\"fi_FI\" \/>\n<meta property=\"og:type\" content=\"article\" \/>\n<meta property=\"og:title\" content=\"Ty\u00f6suhdepalvelut\" \/>\n<meta property=\"og:description\" content=\"Teknologiateollisuus tarjoaa j\u00e4senyrityksilleen monipuoliset ja kattavat ty\u00f6suhdepalvelut. Lue lis\u00e4\u00e4 ja hy\u00f6dynn\u00e4 palveluita!\" \/>\n<meta property=\"og:url\" content=\"https:\/\/teknologiateollisuus.fi\/jasenille\/palvelut\/tyosuhdepalvelut\/\" \/>\n<meta property=\"og:site_name\" content=\"Teknologiateollisuus - J\u00e4senille\" \/>\n<meta property=\"article:modified_time\" content=\"2025-10-03T10:38:00+00:00\" \/>\n<meta name=\"twitter:card\" content=\"summary_large_image\" \/>\n<meta name=\"twitter:label1\" content=\"Arvioitu lukuaika\" \/>\n\t<meta name=\"twitter:data1\" content=\"3 minuuttia\" \/>\n<script type=\"application\/ld+json\" class=\"yoast-schema-graph\">{\"@context\":\"https:\\\/\\\/schema.org\",\"@graph\":[{\"@type\":\"WebPage\",\"@id\":\"https:\\\/\\\/teknologiateollisuus.fi\\\/jasenille\\\/palvelut\\\/tyosuhdepalvelut\\\/\",\"url\":\"https:\\\/\\\/teknologiateollisuus.fi\\\/jasenille\\\/palvelut\\\/tyosuhdepalvelut\\\/\",\"name\":\"Ty\u00f6suhdepalvelut - Teknologiateollisuus - J\u00e4senille\",\"isPartOf\":{\"@id\":\"https:\\\/\\\/teknologiateollisuus.fi\\\/jasenille\\\/#website\"},\"datePublished\":\"2023-12-11T11:07:59+00:00\",\"dateModified\":\"2025-10-03T10:38:00+00:00\",\"description\":\"Teknologiateollisuus tarjoaa j\u00e4senyrityksilleen monipuoliset ja kattavat ty\u00f6suhdepalvelut. Lue lis\u00e4\u00e4 ja hy\u00f6dynn\u00e4 palveluita!\",\"breadcrumb\":{\"@id\":\"https:\\\/\\\/teknologiateollisuus.fi\\\/jasenille\\\/palvelut\\\/tyosuhdepalvelut\\\/#breadcrumb\"},\"inLanguage\":\"fi\",\"potentialAction\":[{\"@type\":\"ReadAction\",\"target\":[\"https:\\\/\\\/teknologiateollisuus.fi\\\/jasenille\\\/palvelut\\\/tyosuhdepalvelut\\\/\"]}]},{\"@type\":\"BreadcrumbList\",\"@id\":\"https:\\\/\\\/teknologiateollisuus.fi\\\/jasenille\\\/palvelut\\\/tyosuhdepalvelut\\\/#breadcrumb\",\"itemListElement\":[{\"@type\":\"ListItem\",\"position\":1,\"name\":\"Home\",\"item\":\"https:\\\/\\\/teknologiateollisuus.fi\\\/jasenille\\\/\"},{\"@type\":\"ListItem\",\"position\":2,\"name\":\"Palvelut\",\"item\":\"https:\\\/\\\/teknologiateollisuus.fi\\\/jasenille\\\/palvelut\\\/\"},{\"@type\":\"ListItem\",\"position\":3,\"name\":\"Ty\u00f6suhdepalvelut\"}]},{\"@type\":\"WebSite\",\"@id\":\"https:\\\/\\\/teknologiateollisuus.fi\\\/jasenille\\\/#website\",\"url\":\"https:\\\/\\\/teknologiateollisuus.fi\\\/jasenille\\\/\",\"name\":\"Teknologiateollisuus - J\u00e4senille\",\"description\":\"\",\"publisher\":{\"@id\":\"https:\\\/\\\/teknologiateollisuus.fi\\\/jasenille\\\/#organization\"},\"potentialAction\":[{\"@type\":\"SearchAction\",\"target\":{\"@type\":\"EntryPoint\",\"urlTemplate\":\"https:\\\/\\\/teknologiateollisuus.fi\\\/jasenille\\\/?s={search_term_string}\"},\"query-input\":{\"@type\":\"PropertyValueSpecification\",\"valueRequired\":true,\"valueName\":\"search_term_string\"}}],\"inLanguage\":\"fi\"},{\"@type\":\"Organization\",\"@id\":\"https:\\\/\\\/teknologiateollisuus.fi\\\/jasenille\\\/#organization\",\"name\":\"Teknologiateollisuus - J\u00e4senille\",\"url\":\"https:\\\/\\\/teknologiateollisuus.fi\\\/jasenille\\\/\",\"logo\":{\"@type\":\"ImageObject\",\"inLanguage\":\"fi\",\"@id\":\"https:\\\/\\\/teknologiateollisuus.fi\\\/jasenille\\\/#\\\/schema\\\/logo\\\/image\\\/\",\"url\":\"https:\\\/\\\/teknologiateollisuus.fi\\\/jasenille\\\/wp-content\\\/uploads\\\/sites\\\/1\\\/2023\\\/10\\\/placeholder.png\",\"contentUrl\":\"https:\\\/\\\/teknologiateollisuus.fi\\\/jasenille\\\/wp-content\\\/uploads\\\/sites\\\/1\\\/2023\\\/10\\\/placeholder.png\",\"width\":2560,\"height\":1920,\"caption\":\"Teknologiateollisuus - J\u00e4senille\"},\"image\":{\"@id\":\"https:\\\/\\\/teknologiateollisuus.fi\\\/jasenille\\\/#\\\/schema\\\/logo\\\/image\\\/\"}}]}<\/script>\n<!-- \/ Yoast SEO Premium plugin. -->","yoast_head_json":{"title":"Ty\u00f6suhdepalvelut - Teknologiateollisuus - J\u00e4senille","description":"Teknologiateollisuus tarjoaa j\u00e4senyrityksilleen monipuoliset ja kattavat ty\u00f6suhdepalvelut. Lue lis\u00e4\u00e4 ja hy\u00f6dynn\u00e4 palveluita!","robots":{"index":"index","follow":"follow","max-snippet":"max-snippet:-1","max-image-preview":"max-image-preview:large","max-video-preview":"max-video-preview:-1"},"canonical":"https:\/\/teknologiateollisuus.fi\/jasenille\/palvelut\/tyosuhdepalvelut\/","og_locale":"fi_FI","og_type":"article","og_title":"Ty\u00f6suhdepalvelut","og_description":"Teknologiateollisuus tarjoaa j\u00e4senyrityksilleen monipuoliset ja kattavat ty\u00f6suhdepalvelut. Lue lis\u00e4\u00e4 ja hy\u00f6dynn\u00e4 palveluita!","og_url":"https:\/\/teknologiateollisuus.fi\/jasenille\/palvelut\/tyosuhdepalvelut\/","og_site_name":"Teknologiateollisuus - J\u00e4senille","article_modified_time":"2025-10-03T10:38:00+00:00","twitter_card":"summary_large_image","twitter_misc":{"Arvioitu lukuaika":"3 minuuttia"},"schema":{"@context":"https:\/\/schema.org","@graph":[{"@type":"WebPage","@id":"https:\/\/teknologiateollisuus.fi\/jasenille\/palvelut\/tyosuhdepalvelut\/","url":"https:\/\/teknologiateollisuus.fi\/jasenille\/palvelut\/tyosuhdepalvelut\/","name":"Ty\u00f6suhdepalvelut - Teknologiateollisuus - J\u00e4senille","isPartOf":{"@id":"https:\/\/teknologiateollisuus.fi\/jasenille\/#website"},"datePublished":"2023-12-11T11:07:59+00:00","dateModified":"2025-10-03T10:38:00+00:00","description":"Teknologiateollisuus tarjoaa j\u00e4senyrityksilleen monipuoliset ja kattavat ty\u00f6suhdepalvelut. Lue lis\u00e4\u00e4 ja hy\u00f6dynn\u00e4 palveluita!","breadcrumb":{"@id":"https:\/\/teknologiateollisuus.fi\/jasenille\/palvelut\/tyosuhdepalvelut\/#breadcrumb"},"inLanguage":"fi","potentialAction":[{"@type":"ReadAction","target":["https:\/\/teknologiateollisuus.fi\/jasenille\/palvelut\/tyosuhdepalvelut\/"]}]},{"@type":"BreadcrumbList","@id":"https:\/\/teknologiateollisuus.fi\/jasenille\/palvelut\/tyosuhdepalvelut\/#breadcrumb","itemListElement":[{"@type":"ListItem","position":1,"name":"Home","item":"https:\/\/teknologiateollisuus.fi\/jasenille\/"},{"@type":"ListItem","position":2,"name":"Palvelut","item":"https:\/\/teknologiateollisuus.fi\/jasenille\/palvelut\/"},{"@type":"ListItem","position":3,"name":"Ty\u00f6suhdepalvelut"}]},{"@type":"WebSite","@id":"https:\/\/teknologiateollisuus.fi\/jasenille\/#website","url":"https:\/\/teknologiateollisuus.fi\/jasenille\/","name":"Teknologiateollisuus - J\u00e4senille","description":"","publisher":{"@id":"https:\/\/teknologiateollisuus.fi\/jasenille\/#organization"},"potentialAction":[{"@type":"SearchAction","target":{"@type":"EntryPoint","urlTemplate":"https:\/\/teknologiateollisuus.fi\/jasenille\/?s={search_term_string}"},"query-input":{"@type":"PropertyValueSpecification","valueRequired":true,"valueName":"search_term_string"}}],"inLanguage":"fi"},{"@type":"Organization","@id":"https:\/\/teknologiateollisuus.fi\/jasenille\/#organization","name":"Teknologiateollisuus - J\u00e4senille","url":"https:\/\/teknologiateollisuus.fi\/jasenille\/","logo":{"@type":"ImageObject","inLanguage":"fi","@id":"https:\/\/teknologiateollisuus.fi\/jasenille\/#\/schema\/logo\/image\/","url":"https:\/\/teknologiateollisuus.fi\/jasenille\/wp-content\/uploads\/sites\/1\/2023\/10\/placeholder.png","contentUrl":"https:\/\/teknologiateollisuus.fi\/jasenille\/wp-content\/uploads\/sites\/1\/2023\/10\/placeholder.png","width":2560,"height":1920,"caption":"Teknologiateollisuus - J\u00e4senille"},"image":{"@id":"https:\/\/teknologiateollisuus.fi\/jasenille\/#\/schema\/logo\/image\/"}}]}},"lang":"fi","translations":{"fi":1131},"pll_sync_post":[],"_links":{"self":[{"href":"https:\/\/teknologiateollisuus.fi\/jasenille\/wp-json\/wp\/v2\/pages\/1131","targetHints":{"allow":["GET"]}}],"collection":[{"href":"https:\/\/teknologiateollisuus.fi\/jasenille\/wp-json\/wp\/v2\/pages"}],"about":[{"href":"https:\/\/teknologiateollisuus.fi\/jasenille\/wp-json\/wp\/v2\/types\/page"}],"author":[{"embeddable":true,"href":"https:\/\/teknologiateollisuus.fi\/jasenille\/wp-json\/wp\/v2\/users\/11"}],"replies":[{"embeddable":true,"href":"https:\/\/teknologiateollisuus.fi\/jasenille\/wp-json\/wp\/v2\/comments?post=1131"}],"version-history":[{"count":29,"href":"https:\/\/teknologiateollisuus.fi\/jasenille\/wp-json\/wp\/v2\/pages\/1131\/revisions"}],"predecessor-version":[{"id":28083,"href":"https:\/\/teknologiateollisuus.fi\/jasenille\/wp-json\/wp\/v2\/pages\/1131\/revisions\/28083"}],"up":[{"embeddable":true,"href":"https:\/\/teknologiateollisuus.fi\/jasenille\/wp-json\/wp\/v2\/pages\/7310"}],"wp:attachment":[{"href":"https:\/\/teknologiateollisuus.fi\/jasenille\/wp-json\/wp\/v2\/media?parent=1131"}],"curies":[{"name":"wp","href":"https:\/\/api.w.org\/{rel}","templated":true}]}}