{"id":1134,"date":"2023-12-11T13:09:38","date_gmt":"2023-12-11T11:09:38","guid":{"rendered":"https:\/\/teknologiateollisuus.fi\/jasenille\/?page_id=1134"},"modified":"2025-07-16T13:34:02","modified_gmt":"2025-07-16T10:34:02","slug":"paikallinen-sopiminen-ja-yhteistoiminta","status":"publish","type":"page","link":"https:\/\/teknologiateollisuus.fi\/jasenille\/palvelut\/tyosuhdepalvelut\/paikallinen-sopiminen-ja-yhteistoiminta\/","title":{"rendered":"Paikallinen sopiminen ja yhteistoiminta"},"content":{"rendered":"\n<div class=\"em-block-hero hero-has-background-color has-background has-black-background-color collapse  \">\n\t<div class=\"em-block-hero__container\">\n\t\t<div class=\"em-block-hero__content\">\n\t\t\t<div class=\"yoast-breadcrumbs\"><span><span><a href=\"https:\/\/teknologiateollisuus.fi\/jasenille\/\">Home<\/a><\/span> <span class=\"separator\"><\/span> <span><a href=\"https:\/\/teknologiateollisuus.fi\/jasenille\/palvelut\/\">Palvelut<\/a><\/span> <span class=\"separator\"><\/span> <span><a href=\"https:\/\/teknologiateollisuus.fi\/jasenille\/palvelut\/tyosuhdepalvelut\/\">Ty\u00f6suhdepalvelut<\/a><\/span> <span class=\"separator\"><\/span> <span class=\"breadcrumb_last\" aria-current=\"page\">Paikallinen sopiminen ja yhteistoiminta<\/span><\/span><\/div>\t\t\t\n<h1 class=\"wp-block-heading\" id=\"h-paikallinen-sopiminen-ja-yhteistoiminta\">Paikallinen sopiminen ja yhteistoiminta<\/h1>\n\n<p>Yhteistoiminnan ja paikallisen sopimisen avulla yrityksess\u00e4 voidaan rakentaa koko ty\u00f6yhteis\u00f6n tarpeet huomioiva ty\u00f6ehtojen kokonaisuus.<\/p>\n\t\t\t<div class=\"em-block-hero__modified-date\"> P\u00e4ivitetty 16.07.2025 klo 13:34<\/div>\t\t<\/div>\n\t\t\t\t\t<figure class=\"em-block-hero__image\">\n\t\t\t\t\t\t\t<\/figure>\n\t\t\t<\/div>\n<\/div>\n\n\n\n<p class=\"is-style-pre-headline\">ty\u00f6ehtosopimukset<\/p>\n\n\n\n<h2 class=\"wp-block-heading\" id=\"h-tyopaikkakohtaista-viilausta-tyoehtoihin\" id=\"tyopaikkakohtaista-viilausta-tyoehtoihin\">Ty\u00f6paikkakohtaista viilausta ty\u00f6ehtoihin<\/h2>\n\n\n\n<p>Paikallinen sopiminen tarkoittaa valtakunnallisen ty\u00f6ehtosopimuksen puitteissa tapahtuvaa ty\u00f6ehtojen mukauttamista ty\u00f6paikan tarpeisiin. Ty\u00f6ehtosopimukset m\u00e4\u00e4ritt\u00e4v\u00e4t sen, mist\u00e4 asioista, mill\u00e4 laajuudella, miten ja kenen kanssa voidaan sopia. Paikalliseen sopimiseen vaikuttaa puolestaan se, noudattaako ty\u00f6nantaja valtakunnallista ty\u00f6ehtosopimusta <strong>normaalisitovuuden<\/strong> vai <strong>yleissitovuuden<\/strong> perusteella.<\/p>\n\n\n\n<p class=\" mt-none\">Lain rajoituksista johtuen kaikki paikallisen sopimisen mahdollisuudet eiv\u00e4t ole k\u00e4ytett\u00e4viss\u00e4, kun k\u00e4ytet\u00e4\u00e4n yleissitovaa ty\u00f6ehtomallia. Toisaalta, toisin kuin normaalisitovassa ty\u00f6ehtomallissa, paikallisen sopimisen menettelyj\u00e4 ja osapuolia koskevia m\u00e4\u00e4r\u00e4yksi\u00e4 ei tarvitse noudattaa. &nbsp;&nbsp;<\/p>\n\n\n\n<ul class=\"wp-block-list is-style-styled\">\n<li>Paikallisia sopimuksia on hyv\u00e4 tarkistaa sovituin v\u00e4liajoin ja huolehtia siit\u00e4, ett\u00e4 ne ovat ajan tasalla, dokumentoituna ja saatavilla.<\/li>\n\n\n\n<li>Hyv\u00e4 paikallisen sopimisen kulttuuri edellytt\u00e4\u00e4 luottamusta ja toimivaa yhteisty\u00f6t\u00e4 ty\u00f6nantajan ja henkil\u00f6st\u00f6n v\u00e4lill\u00e4.<\/li>\n<\/ul>\n\n\n\n<div class=\"wp-block-evermade-links em-block-links has-columns-1\">\n<a\n\tclass=\"wp-block-evermade-internal-link em-block-link is-internal   \"\n\thref=\"https:\/\/teknologiateollisuus.fi\/jasenille\/tietopankki\/teknologia-alan-tyoehtosopimukset\/\"\n\taria-label=\"Avaa samassa v\u00e4lilehdess\u00e4\"\n\ttarget=\"_self\"\n\trel=\"noopener\"\n>\n\t<div class=\"em-block-link__content\">\n\t\t<span class=\"em-block-link__title\">\n\t\t\tValtakunnalliset ty\u00f6ehtosopimukset\t\t<\/span>\n\t\t\t<\/div>\n\t\t\t<div class=\"em-block-link__arrow\"><\/div>\n\t\t<div class=\"em-block-link__pressable\"><\/div>\n\t<\/a>\n\n\n\n<a\n\tclass=\"wp-block-evermade-internal-link em-block-link is-internal   \"\n\thref=\"https:\/\/teknologiateollisuus.fi\/jasenille\/tietopankki\/tyoehdot\/\"\n\taria-label=\"Avaa samassa v\u00e4lilehdess\u00e4\"\n\ttarget=\"_self\"\n\trel=\"noopener\"\n>\n\t<div class=\"em-block-link__content\">\n\t\t<span class=\"em-block-link__title\">\n\t\t\tTy\u00f6ehtomallit\t\t<\/span>\n\t\t\t<\/div>\n\t\t\t<div class=\"em-block-link__arrow\"><\/div>\n\t\t<div class=\"em-block-link__pressable\"><\/div>\n\t<\/a>\n<\/div>\n\n\n\n<p class=\"is-style-pre-headline\">paikallinen sopiminen<\/p>\n\n\n\n<h2 class=\"wp-block-heading\" id=\"h-luottamusta-yhteistoiminnalla\" id=\"luottamusta-yhteistoiminnalla\">Luottamusta yhteistoiminnalla<\/h2>\n\n\n\n<p>Yhteistoiminta yrityksess\u00e4 on kokonaisuus, joka sis\u00e4lt\u00e4\u00e4 yhteistoimintalain mukaisen vuoropuhelun lis\u00e4ksi kaiken&nbsp;paikallisen sopimisen,&nbsp;yhteisty\u00f6n&nbsp;ja&nbsp;yhteisen kehitt\u00e4misen&nbsp;jota yrityksess\u00e4 tehd\u00e4\u00e4n yhdess\u00e4 henkil\u00f6st\u00f6n kanssa.&nbsp;<\/p>\n\n\n\n<p>Hyv\u00e4 yhteistoiminta rakentuu paikalliselle luottamukselle. Luottamus vaatii avoimuutta ja yhteisty\u00f6t\u00e4 sek\u00e4 henkil\u00f6st\u00f6n mukaan ottamista yrityksen p\u00e4\u00e4t\u00f6ksentekoon ja ty\u00f6n kehitt\u00e4miseen. T\u00e4m\u00e4 tukee my\u00f6s hyv\u00e4n ty\u00f6antajamielikuvan rakentamista, lis\u00e4\u00e4 yrityksen houkuttelevuutta ja parantaa nykyisen henkil\u00f6st\u00f6n pitovoimaa.<\/p>\n\n\n\n<div class=\"wp-block-evermade-links em-block-links has-columns-1  mt-sm\">\n<a\n\tclass=\"wp-block-evermade-internal-link em-block-link is-internal   \"\n\thref=\"https:\/\/teknologiateollisuus.fi\/jasenille\/tietopankki\/tyoelama-teknologia-alalla\/yhteistoiminta\/\"\n\taria-label=\"Avaa samassa v\u00e4lilehdess\u00e4\"\n\ttarget=\"_self\"\n\trel=\"noopener\"\n>\n\t<div class=\"em-block-link__content\">\n\t\t<span class=\"em-block-link__title\">\n\t\t\tLue lis\u00e4\u00e4 yhteistoiminnasta\t\t<\/span>\n\t\t\t<\/div>\n\t\t\t<div class=\"em-block-link__arrow\"><\/div>\n\t\t<div class=\"em-block-link__pressable\"><\/div>\n\t<\/a>\n<\/div>\n","protected":false},"excerpt":{"rendered":"<p>ty\u00f6ehtosopimukset Ty\u00f6paikkakohtaista viilausta ty\u00f6ehtoihin Paikallinen sopiminen tarkoittaa valtakunnallisen ty\u00f6ehtosopimuksen puitteissa tapahtuvaa ty\u00f6ehtojen mukauttamista ty\u00f6paikan tarpeisiin. Ty\u00f6ehtosopimukset m\u00e4\u00e4ritt\u00e4v\u00e4t sen, mist\u00e4 asioista, mill\u00e4 laajuudella, miten ja kenen kanssa voidaan sopia. Paikalliseen sopimiseen vaikuttaa puolestaan se, noudattaako ty\u00f6nantaja valtakunnallista ty\u00f6ehtosopimusta normaalisitovuuden vai yleissitovuuden perusteella. Lain rajoituksista johtuen kaikki paikallisen sopimisen mahdollisuudet eiv\u00e4t ole k\u00e4ytett\u00e4viss\u00e4, kun k\u00e4ytet\u00e4\u00e4n yleissitovaa ty\u00f6ehtomallia. [&hellip;]<\/p>\n","protected":false},"author":11,"featured_media":0,"parent":1131,"menu_order":0,"comment_status":"closed","ping_status":"closed","template":"","meta":{"_acf_changed":false,"_relevanssi_hide_post":"","_relevanssi_hide_content":"","_relevanssi_pin_for_all":"","_relevanssi_pin_keywords":"","_relevanssi_unpin_keywords":"","_relevanssi_related_keywords":"","_relevanssi_related_include_ids":"","_relevanssi_related_exclude_ids":"","_relevanssi_related_no_append":"","_relevanssi_related_not_related":"","_relevanssi_related_posts":"1417,166,169,167,168,165","_relevanssi_noindex_reason":"","inline_featured_image":false,"growthstack-ab-test":[],"growthstack-ab-test-views":[],"footnotes":""},"class_list":["post-1134","page","type-page","status-publish","hentry"],"acf":{"is_store_related":false,"locked":false},"yoast_head":"<!-- This site is optimized with the Yoast SEO Premium plugin v27.1 (Yoast SEO v27.4) - https:\/\/yoast.com\/product\/yoast-seo-premium-wordpress\/ -->\n<title>Paikallinen sopiminen ja yhteistoiminta - Teknologiateollisuus - J\u00e4senille<\/title>\n<meta name=\"description\" content=\"Yhteistoiminta yrityksess\u00e4 on kokonaisuus, joka sis\u00e4lt\u00e4\u00e4\u00a0paikallisen sopimisen,\u00a0yhteisty\u00f6n\u00a0ja\u00a0yhteisen kehitt\u00e4misen\u00a0yrityksess\u00e4! Lue lis\u00e4\u00e4!\" \/>\n<meta name=\"robots\" content=\"index, follow, max-snippet:-1, max-image-preview:large, max-video-preview:-1\" \/>\n<link rel=\"canonical\" href=\"https:\/\/teknologiateollisuus.fi\/jasenille\/palvelut\/tyosuhdepalvelut\/paikallinen-sopiminen-ja-yhteistoiminta\/\" \/>\n<meta property=\"og:locale\" content=\"fi_FI\" \/>\n<meta property=\"og:type\" content=\"article\" \/>\n<meta property=\"og:title\" content=\"Paikallinen sopiminen ja yhteistoiminta\" \/>\n<meta property=\"og:description\" content=\"Yhteistoiminta yrityksess\u00e4 on kokonaisuus, joka sis\u00e4lt\u00e4\u00e4\u00a0paikallisen sopimisen,\u00a0yhteisty\u00f6n\u00a0ja\u00a0yhteisen kehitt\u00e4misen\u00a0yrityksess\u00e4! Lue lis\u00e4\u00e4!\" \/>\n<meta property=\"og:url\" content=\"https:\/\/teknologiateollisuus.fi\/jasenille\/palvelut\/tyosuhdepalvelut\/paikallinen-sopiminen-ja-yhteistoiminta\/\" \/>\n<meta property=\"og:site_name\" content=\"Teknologiateollisuus - J\u00e4senille\" \/>\n<meta property=\"article:modified_time\" content=\"2025-07-16T10:34:02+00:00\" \/>\n<meta name=\"twitter:card\" content=\"summary_large_image\" \/>\n<meta name=\"twitter:label1\" content=\"Arvioitu lukuaika\" \/>\n\t<meta name=\"twitter:data1\" content=\"2 minuuttia\" \/>\n<script type=\"application\/ld+json\" class=\"yoast-schema-graph\">{\"@context\":\"https:\\\/\\\/schema.org\",\"@graph\":[{\"@type\":\"WebPage\",\"@id\":\"https:\\\/\\\/teknologiateollisuus.fi\\\/jasenille\\\/palvelut\\\/tyosuhdepalvelut\\\/paikallinen-sopiminen-ja-yhteistoiminta\\\/\",\"url\":\"https:\\\/\\\/teknologiateollisuus.fi\\\/jasenille\\\/palvelut\\\/tyosuhdepalvelut\\\/paikallinen-sopiminen-ja-yhteistoiminta\\\/\",\"name\":\"Paikallinen sopiminen ja yhteistoiminta - Teknologiateollisuus - J\u00e4senille\",\"isPartOf\":{\"@id\":\"https:\\\/\\\/teknologiateollisuus.fi\\\/jasenille\\\/#website\"},\"datePublished\":\"2023-12-11T11:09:38+00:00\",\"dateModified\":\"2025-07-16T10:34:02+00:00\",\"description\":\"Yhteistoiminta yrityksess\u00e4 on kokonaisuus, joka sis\u00e4lt\u00e4\u00e4\u00a0paikallisen sopimisen,\u00a0yhteisty\u00f6n\u00a0ja\u00a0yhteisen kehitt\u00e4misen\u00a0yrityksess\u00e4! Lue lis\u00e4\u00e4!\",\"breadcrumb\":{\"@id\":\"https:\\\/\\\/teknologiateollisuus.fi\\\/jasenille\\\/palvelut\\\/tyosuhdepalvelut\\\/paikallinen-sopiminen-ja-yhteistoiminta\\\/#breadcrumb\"},\"inLanguage\":\"fi\",\"potentialAction\":[{\"@type\":\"ReadAction\",\"target\":[\"https:\\\/\\\/teknologiateollisuus.fi\\\/jasenille\\\/palvelut\\\/tyosuhdepalvelut\\\/paikallinen-sopiminen-ja-yhteistoiminta\\\/\"]}]},{\"@type\":\"BreadcrumbList\",\"@id\":\"https:\\\/\\\/teknologiateollisuus.fi\\\/jasenille\\\/palvelut\\\/tyosuhdepalvelut\\\/paikallinen-sopiminen-ja-yhteistoiminta\\\/#breadcrumb\",\"itemListElement\":[{\"@type\":\"ListItem\",\"position\":1,\"name\":\"Home\",\"item\":\"https:\\\/\\\/teknologiateollisuus.fi\\\/jasenille\\\/\"},{\"@type\":\"ListItem\",\"position\":2,\"name\":\"Palvelut\",\"item\":\"https:\\\/\\\/teknologiateollisuus.fi\\\/jasenille\\\/palvelut\\\/\"},{\"@type\":\"ListItem\",\"position\":3,\"name\":\"Ty\u00f6suhdepalvelut\",\"item\":\"https:\\\/\\\/teknologiateollisuus.fi\\\/jasenille\\\/palvelut\\\/tyosuhdepalvelut\\\/\"},{\"@type\":\"ListItem\",\"position\":4,\"name\":\"Paikallinen sopiminen ja yhteistoiminta\"}]},{\"@type\":\"WebSite\",\"@id\":\"https:\\\/\\\/teknologiateollisuus.fi\\\/jasenille\\\/#website\",\"url\":\"https:\\\/\\\/teknologiateollisuus.fi\\\/jasenille\\\/\",\"name\":\"Teknologiateollisuus - J\u00e4senille\",\"description\":\"\",\"publisher\":{\"@id\":\"https:\\\/\\\/teknologiateollisuus.fi\\\/jasenille\\\/#organization\"},\"potentialAction\":[{\"@type\":\"SearchAction\",\"target\":{\"@type\":\"EntryPoint\",\"urlTemplate\":\"https:\\\/\\\/teknologiateollisuus.fi\\\/jasenille\\\/?s={search_term_string}\"},\"query-input\":{\"@type\":\"PropertyValueSpecification\",\"valueRequired\":true,\"valueName\":\"search_term_string\"}}],\"inLanguage\":\"fi\"},{\"@type\":\"Organization\",\"@id\":\"https:\\\/\\\/teknologiateollisuus.fi\\\/jasenille\\\/#organization\",\"name\":\"Teknologiateollisuus - J\u00e4senille\",\"url\":\"https:\\\/\\\/teknologiateollisuus.fi\\\/jasenille\\\/\",\"logo\":{\"@type\":\"ImageObject\",\"inLanguage\":\"fi\",\"@id\":\"https:\\\/\\\/teknologiateollisuus.fi\\\/jasenille\\\/#\\\/schema\\\/logo\\\/image\\\/\",\"url\":\"https:\\\/\\\/teknologiateollisuus.fi\\\/jasenille\\\/wp-content\\\/uploads\\\/sites\\\/1\\\/2023\\\/10\\\/placeholder.png\",\"contentUrl\":\"https:\\\/\\\/teknologiateollisuus.fi\\\/jasenille\\\/wp-content\\\/uploads\\\/sites\\\/1\\\/2023\\\/10\\\/placeholder.png\",\"width\":2560,\"height\":1920,\"caption\":\"Teknologiateollisuus - J\u00e4senille\"},\"image\":{\"@id\":\"https:\\\/\\\/teknologiateollisuus.fi\\\/jasenille\\\/#\\\/schema\\\/logo\\\/image\\\/\"}}]}<\/script>\n<!-- \/ Yoast SEO Premium plugin. -->","yoast_head_json":{"title":"Paikallinen sopiminen ja yhteistoiminta - Teknologiateollisuus - J\u00e4senille","description":"Yhteistoiminta yrityksess\u00e4 on kokonaisuus, joka sis\u00e4lt\u00e4\u00e4\u00a0paikallisen sopimisen,\u00a0yhteisty\u00f6n\u00a0ja\u00a0yhteisen kehitt\u00e4misen\u00a0yrityksess\u00e4! Lue lis\u00e4\u00e4!","robots":{"index":"index","follow":"follow","max-snippet":"max-snippet:-1","max-image-preview":"max-image-preview:large","max-video-preview":"max-video-preview:-1"},"canonical":"https:\/\/teknologiateollisuus.fi\/jasenille\/palvelut\/tyosuhdepalvelut\/paikallinen-sopiminen-ja-yhteistoiminta\/","og_locale":"fi_FI","og_type":"article","og_title":"Paikallinen sopiminen ja yhteistoiminta","og_description":"Yhteistoiminta yrityksess\u00e4 on kokonaisuus, joka sis\u00e4lt\u00e4\u00e4\u00a0paikallisen sopimisen,\u00a0yhteisty\u00f6n\u00a0ja\u00a0yhteisen kehitt\u00e4misen\u00a0yrityksess\u00e4! Lue lis\u00e4\u00e4!","og_url":"https:\/\/teknologiateollisuus.fi\/jasenille\/palvelut\/tyosuhdepalvelut\/paikallinen-sopiminen-ja-yhteistoiminta\/","og_site_name":"Teknologiateollisuus - J\u00e4senille","article_modified_time":"2025-07-16T10:34:02+00:00","twitter_card":"summary_large_image","twitter_misc":{"Arvioitu lukuaika":"2 minuuttia"},"schema":{"@context":"https:\/\/schema.org","@graph":[{"@type":"WebPage","@id":"https:\/\/teknologiateollisuus.fi\/jasenille\/palvelut\/tyosuhdepalvelut\/paikallinen-sopiminen-ja-yhteistoiminta\/","url":"https:\/\/teknologiateollisuus.fi\/jasenille\/palvelut\/tyosuhdepalvelut\/paikallinen-sopiminen-ja-yhteistoiminta\/","name":"Paikallinen sopiminen ja yhteistoiminta - Teknologiateollisuus - J\u00e4senille","isPartOf":{"@id":"https:\/\/teknologiateollisuus.fi\/jasenille\/#website"},"datePublished":"2023-12-11T11:09:38+00:00","dateModified":"2025-07-16T10:34:02+00:00","description":"Yhteistoiminta yrityksess\u00e4 on kokonaisuus, joka sis\u00e4lt\u00e4\u00e4\u00a0paikallisen sopimisen,\u00a0yhteisty\u00f6n\u00a0ja\u00a0yhteisen kehitt\u00e4misen\u00a0yrityksess\u00e4! Lue lis\u00e4\u00e4!","breadcrumb":{"@id":"https:\/\/teknologiateollisuus.fi\/jasenille\/palvelut\/tyosuhdepalvelut\/paikallinen-sopiminen-ja-yhteistoiminta\/#breadcrumb"},"inLanguage":"fi","potentialAction":[{"@type":"ReadAction","target":["https:\/\/teknologiateollisuus.fi\/jasenille\/palvelut\/tyosuhdepalvelut\/paikallinen-sopiminen-ja-yhteistoiminta\/"]}]},{"@type":"BreadcrumbList","@id":"https:\/\/teknologiateollisuus.fi\/jasenille\/palvelut\/tyosuhdepalvelut\/paikallinen-sopiminen-ja-yhteistoiminta\/#breadcrumb","itemListElement":[{"@type":"ListItem","position":1,"name":"Home","item":"https:\/\/teknologiateollisuus.fi\/jasenille\/"},{"@type":"ListItem","position":2,"name":"Palvelut","item":"https:\/\/teknologiateollisuus.fi\/jasenille\/palvelut\/"},{"@type":"ListItem","position":3,"name":"Ty\u00f6suhdepalvelut","item":"https:\/\/teknologiateollisuus.fi\/jasenille\/palvelut\/tyosuhdepalvelut\/"},{"@type":"ListItem","position":4,"name":"Paikallinen sopiminen ja yhteistoiminta"}]},{"@type":"WebSite","@id":"https:\/\/teknologiateollisuus.fi\/jasenille\/#website","url":"https:\/\/teknologiateollisuus.fi\/jasenille\/","name":"Teknologiateollisuus - J\u00e4senille","description":"","publisher":{"@id":"https:\/\/teknologiateollisuus.fi\/jasenille\/#organization"},"potentialAction":[{"@type":"SearchAction","target":{"@type":"EntryPoint","urlTemplate":"https:\/\/teknologiateollisuus.fi\/jasenille\/?s={search_term_string}"},"query-input":{"@type":"PropertyValueSpecification","valueRequired":true,"valueName":"search_term_string"}}],"inLanguage":"fi"},{"@type":"Organization","@id":"https:\/\/teknologiateollisuus.fi\/jasenille\/#organization","name":"Teknologiateollisuus - J\u00e4senille","url":"https:\/\/teknologiateollisuus.fi\/jasenille\/","logo":{"@type":"ImageObject","inLanguage":"fi","@id":"https:\/\/teknologiateollisuus.fi\/jasenille\/#\/schema\/logo\/image\/","url":"https:\/\/teknologiateollisuus.fi\/jasenille\/wp-content\/uploads\/sites\/1\/2023\/10\/placeholder.png","contentUrl":"https:\/\/teknologiateollisuus.fi\/jasenille\/wp-content\/uploads\/sites\/1\/2023\/10\/placeholder.png","width":2560,"height":1920,"caption":"Teknologiateollisuus - J\u00e4senille"},"image":{"@id":"https:\/\/teknologiateollisuus.fi\/jasenille\/#\/schema\/logo\/image\/"}}]}},"lang":"fi","translations":{"fi":1134},"pll_sync_post":[],"_links":{"self":[{"href":"https:\/\/teknologiateollisuus.fi\/jasenille\/wp-json\/wp\/v2\/pages\/1134","targetHints":{"allow":["GET"]}}],"collection":[{"href":"https:\/\/teknologiateollisuus.fi\/jasenille\/wp-json\/wp\/v2\/pages"}],"about":[{"href":"https:\/\/teknologiateollisuus.fi\/jasenille\/wp-json\/wp\/v2\/types\/page"}],"author":[{"embeddable":true,"href":"https:\/\/teknologiateollisuus.fi\/jasenille\/wp-json\/wp\/v2\/users\/11"}],"replies":[{"embeddable":true,"href":"https:\/\/teknologiateollisuus.fi\/jasenille\/wp-json\/wp\/v2\/comments?post=1134"}],"version-history":[{"count":29,"href":"https:\/\/teknologiateollisuus.fi\/jasenille\/wp-json\/wp\/v2\/pages\/1134\/revisions"}],"predecessor-version":[{"id":27243,"href":"https:\/\/teknologiateollisuus.fi\/jasenille\/wp-json\/wp\/v2\/pages\/1134\/revisions\/27243"}],"up":[{"embeddable":true,"href":"https:\/\/teknologiateollisuus.fi\/jasenille\/wp-json\/wp\/v2\/pages\/1131"}],"wp:attachment":[{"href":"https:\/\/teknologiateollisuus.fi\/jasenille\/wp-json\/wp\/v2\/media?parent=1134"}],"curies":[{"name":"wp","href":"https:\/\/api.w.org\/{rel}","templated":true}]}}