{"id":1137,"date":"2023-12-11T13:10:22","date_gmt":"2023-12-11T11:10:22","guid":{"rendered":"https:\/\/teknologiateollisuus.fi\/jasenille\/?page_id=1137"},"modified":"2026-02-23T11:13:02","modified_gmt":"2026-02-23T09:13:02","slug":"yrityskohtaisen-sopimisen-tuki","status":"publish","type":"page","link":"https:\/\/teknologiateollisuus.fi\/jasenille\/palvelut\/yrityskohtaisen-sopimisen-tuki\/","title":{"rendered":"Yrityskohtaisen sopimisen tuki"},"content":{"rendered":"\n<div class=\"em-block-hero hero-has-background-color has-background has-black-background-color has-image media-position-right \">\n\t<div class=\"em-block-hero__container\">\n\t\t<div class=\"em-block-hero__content\">\n\t\t\t<div class=\"yoast-breadcrumbs\"><span><span><a href=\"https:\/\/teknologiateollisuus.fi\/jasenille\/\">Home<\/a><\/span> <span class=\"separator\"><\/span> <span><a href=\"https:\/\/teknologiateollisuus.fi\/jasenille\/palvelut\/\">Palvelut<\/a><\/span> <span class=\"separator\"><\/span> <span class=\"breadcrumb_last\" aria-current=\"page\">Yrityskohtaisen sopimisen tuki<\/span><\/span><\/div>\t\t\t\n<h1 class=\"wp-block-heading\" id=\"h-yrityskohtaisen-sopimisen-tuki\">Yrityskohtaisen sopimisen tuki<\/h1>\n\n<p>Teknologiateollisuus ry auttaa monin tavoin yrityksi\u00e4, jotka haluavat neuvotella yrityskohtaisista ty\u00f6ehtosopimuksista. Tarjoamme j\u00e4senyrityksille kokonaisvaltaista tukea, muun muassa tukiaineistoja, koulutusta, r\u00e4\u00e4t\u00e4l\u00f6ity\u00e4 konsultointiapua ja tarvittaessa taustatukea neuvotteluiden aikana.<\/p>\n\t\t\t<div class=\"em-block-hero__modified-date\"> P\u00e4ivitetty 23.02.2026 klo 11:13<\/div>\t\t<\/div>\n\t\t\t\t\t<figure class=\"em-block-hero__image\">\n\t\t\t\t<img loading=\"lazy\" decoding=\"async\" width=\"1044\" height=\"696\" src=\"https:\/\/teknologiateollisuus.fi\/jasenille\/wp-content\/uploads\/sites\/1\/2025\/10\/Pienitiedosto_Keuda_0107.jpeg\" class=\"attachment-hero size-hero\" alt=\"\" srcset=\"https:\/\/teknologiateollisuus.fi\/jasenille\/wp-content\/uploads\/sites\/1\/2025\/10\/Pienitiedosto_Keuda_0107.jpeg 1044w, https:\/\/teknologiateollisuus.fi\/jasenille\/wp-content\/uploads\/sites\/1\/2025\/10\/Pienitiedosto_Keuda_0107-400x267.jpeg 400w, https:\/\/teknologiateollisuus.fi\/jasenille\/wp-content\/uploads\/sites\/1\/2025\/10\/Pienitiedosto_Keuda_0107-800x533.jpeg 800w, https:\/\/teknologiateollisuus.fi\/jasenille\/wp-content\/uploads\/sites\/1\/2025\/10\/Pienitiedosto_Keuda_0107-768x512.jpeg 768w, https:\/\/teknologiateollisuus.fi\/jasenille\/wp-content\/uploads\/sites\/1\/2025\/10\/Pienitiedosto_Keuda_0107-560x373.jpeg 560w, https:\/\/teknologiateollisuus.fi\/jasenille\/wp-content\/uploads\/sites\/1\/2025\/10\/Pienitiedosto_Keuda_0107-75x50.jpeg 75w\" sizes=\"auto, (max-width: 1044px) 100vw, 1044px\" \/>\t\t\t<\/figure>\n\t\t\t<\/div>\n<\/div>\n\n\n\n<h2 class=\"wp-block-heading\" id=\"h-yrityskohtaisen-sopimisen-tukipalvelut\" id=\"yrityskohtaisen-sopimisen-tukipalvelut\">Yrityskohtaisen sopimisen tukipalvelut<\/h2>\n\n\n\n<p class=\"has-text-align-left  mt-none mb-none\">Asiantuntijamme antavat yrityksellesi kokonaisvaltaista tukea oman ty\u00f6ehtosopimuksen tekemiseen prosessin alusta loppuun. Saat k\u00e4ytt\u00f6\u00f6si seuraavat palvelut osana Teknologiateollisuus ry:n j\u00e4senmaksua:<\/p>\n\n\n\n<div class=\"wp-block-scb-columns scb-columns has-2-column-layout--33-66 has-mobile-behavior--stacked has-auto-fit\">\n<div class=\"wp-block-scb-column scb-column is-scale-cover\">\n<p class=\"is-style-pre-headline\">Yrityskohtainen tuki<\/p>\n\n\n\n<h2 class=\"wp-block-heading\" id=\"h-oma-asiantuntija\" id=\"oma-asiantuntija\">Oma asiantuntija<\/h2>\n<\/div>\n\n\n\n<div class=\"wp-block-scb-column scb-column is-scale-cover\">\n<p>Nime\u00e4mme yrityksellesi tarvittaessa oman asiantuntijan. Asiantuntija konsultoi ja sparraa oman ty\u00f6ehtosopimuksen tekemisess\u00e4 ja siihen liittyviss\u00e4 juridisissa kysymyksiss\u00e4 sek\u00e4 neuvotteluihin liittyviss\u00e4 kysymyksiss\u00e4.<\/p>\n<\/div>\n<\/div>\n\n\n\n<div class=\"wp-block-scb-columns scb-columns has-2-column-layout--33-66 has-mobile-behavior--stacked has-auto-fit\">\n<div class=\"wp-block-scb-column scb-column is-scale-cover\">\n<p class=\"is-style-pre-headline\">Ty\u00f6ehdot<\/p>\n\n\n\n<h2 class=\"wp-block-heading\" id=\"h-tilanteen-kartoitus\" id=\"tilanteen-kartoitus\">Tilanteen kartoitus<\/h2>\n<\/div>\n\n\n\n<div class=\"wp-block-scb-column scb-column is-scale-cover\">\n<p>Kartoitamme yrityksesi tilanteen ja tarpeet&nbsp;ty\u00f6ehtojen m\u00e4\u00e4ritt\u00e4misess\u00e4. Autamme l\u00f6yt\u00e4m\u00e4\u00e4n parhaan tavan j\u00e4rjest\u00e4\u00e4 <a href=\"https:\/\/teknologiateollisuus.fi\/jasenille\/tyoelama-teknologia-alalla\/tyoehdot\/\">ty\u00f6ehdot<\/a>, olipa kyseess\u00e4 sitten yrityskohtaisen ty\u00f6ehtosopimuksen solmiminen, valtakunnallisen ty\u00f6ehtosopimuksen noudattaminen tai ty\u00f6ehtojen j\u00e4rjest\u00e4minen lains\u00e4\u00e4d\u00e4nn\u00f6n varaan.<\/p>\n<\/div>\n<\/div>\n\n\n\n<div class=\"wp-block-scb-columns scb-columns has-2-column-layout--33-66 has-mobile-behavior--stacked has-auto-fit\">\n<div class=\"wp-block-scb-column scb-column is-scale-cover\">\n<p class=\"is-style-pre-headline\">Ty\u00f6ehtosopimukset<\/p>\n\n\n\n<h2 class=\"wp-block-heading\" id=\"h-tyoehtosopimuksen-kommentointi\" id=\"tyoehtosopimuksen-kommentointi\">Ty\u00f6ehtosopimuksen kommentointi<\/h2>\n<\/div>\n\n\n\n<div class=\"wp-block-scb-column scb-column is-scale-cover\">\n<p>Voit l\u00e4hett\u00e4\u00e4 oman sopimusluonnoksesi asiantuntijalle kommentoitavaksi&nbsp;<a href=\"http:\/\/teskone.fi\" target=\"_blank\" rel=\"noreferrer noopener\">TES-koneen<\/a> kautta tai muulla sovittavalla tavalla. Voit pyyt\u00e4\u00e4 kommentteja yksitt\u00e4iseen sopimusm\u00e4\u00e4r\u00e4ykseen tai koko sopimukseen. Asiantuntija auttaa sopimusm\u00e4\u00e4r\u00e4ysten muotoilussa ja juridisessa arvioinnissa.<\/p>\n<\/div>\n<\/div>\n\n\n\n<div class=\"wp-block-scb-columns scb-columns has-2-column-layout--33-66 has-mobile-behavior--stacked has-auto-fit\">\n<div class=\"wp-block-scb-column scb-column is-scale-cover\">\n<p class=\"is-style-pre-headline\">Neuvottelut<\/p>\n\n\n\n<h2 class=\"wp-block-heading\" id=\"h-tukea-neuvotteluihin\" id=\"tukea-neuvotteluihin\">Tukea neuvotteluihin<\/h2>\n<\/div>\n\n\n\n<div class=\"wp-block-scb-column scb-column is-scale-cover\">\n<p>Tarjoamme taustatukea neuvotteluihin ammattiliiton kanssa ja konsultoimme tarvittaessa neuvottelustrategisissa kysymyksiss\u00e4. Avustamme my\u00f6s neuvottelukutsun laatimisessa ja muussa neuvotteluihin valmistautumisessa.<\/p>\n<\/div>\n<\/div>\n\n\n\n<div class=\"wp-block-scb-columns scb-columns has-2-column-layout--33-66 has-mobile-behavior--stacked has-auto-fit\">\n<div class=\"wp-block-scb-column scb-column is-scale-cover\">\n<p class=\"is-style-pre-headline\">Neuvonta<\/p>\n\n\n\n<h2 class=\"wp-block-heading\" id=\"h-apua-tulkintakysymyksissa\" id=\"apua-tulkintakysymyksissa\">Apua tulkintakysymyksiss\u00e4<\/h2>\n<\/div>\n\n\n\n<div class=\"wp-block-scb-column scb-column is-scale-cover\">\n<p>Yrityskohtaisen ty\u00f6ehtosopimuksen tultua voimaan autamme sen soveltamisessa ja siihen liittyviss\u00e4 tulkintakysymyksiss\u00e4.<\/p>\n<\/div>\n<\/div>\n\n\n\n<div class=\"wp-block-scb-columns scb-columns has-2-column-layout--33-66 has-mobile-behavior--stacked has-auto-fit\">\n<div class=\"wp-block-scb-column scb-column is-scale-cover\">\n<p class=\"is-style-pre-headline\">Koulutukset<\/p>\n\n\n\n<h2 class=\"wp-block-heading\" id=\"h-koulutus-ja-valmennus\" id=\"koulutus-ja-valmennus\">Koulutus ja valmennus<\/h2>\n<\/div>\n\n\n\n<div class=\"wp-block-scb-column scb-column is-scale-cover\">\n<p>Erikseen sovittaessa j\u00e4rjest\u00e4mme yrityksesi ty\u00f6nantajaedustajille r\u00e4\u00e4t\u00e4l\u00f6ity\u00e4 koulutusta ja valmennusta yrityskohtaisessa ty\u00f6ehtosopimisessa onnistumiseen. Koulutuksen ja valmennuksen mahdollinen lis\u00e4kustannus arvioidaan tapauskohtaisesti.<\/p>\n<\/div>\n<\/div>\n\n\n\n<div class=\"wp-block-evermade-links em-block-links has-columns-1\">\n<a\n\tclass=\"wp-block-evermade-internal-link em-block-link is-internal   \"\n\thref=\"https:\/\/teknologiateollisuus.fi\/jasenille\/palvelut\/yrityskohtaisen-sopimisen-tuki\/yrityskohtainen-tes\/\"\n\taria-label=\"Avaa samassa v\u00e4lilehdess\u00e4\"\n\ttarget=\"_self\"\n\trel=\"noopener\"\n>\n\t<div class=\"em-block-link__content\">\n\t\t<span class=\"em-block-link__title\">\n\t\t\tLue lis\u00e4\u00e4 yrityskohtaisesta ty\u00f6ehtosopimuksesta\t\t<\/span>\n\t\t\t<\/div>\n\t\t\t<div class=\"em-block-link__arrow\"><\/div>\n\t\t<div class=\"em-block-link__pressable\"><\/div>\n\t<\/a>\n\n\n\n<div data-wp-interactive=\"core\/file\" class=\"wp-block-file\"><a id=\"wp-block-file--media-76e6aa5f-de83-4daf-b778-b834a9b9f2ea\" href=\"https:\/\/teknologiateollisuus.fi\/jasenille\/wp-content\/uploads\/sites\/1\/2024\/07\/T-Raataloi-oma-TES-2021-digi.pdf\">R\u00e4\u00e4t\u00e4l\u00f6i oma TES-esite<\/a><a href=\"https:\/\/teknologiateollisuus.fi\/jasenille\/wp-content\/uploads\/sites\/1\/2024\/07\/T-Raataloi-oma-TES-2021-digi.pdf\" class=\"wp-block-file__button wp-element-button\" download aria-describedby=\"wp-block-file--media-76e6aa5f-de83-4daf-b778-b834a9b9f2ea\">Lataa<\/a><\/div>\n<\/div>\n\n\n\n<h2 class=\"wp-block-heading\" id=\"h-tes-koneen-avulla-rakennat-tyoehtosopimuksen-helposti\" id=\"tes-koneen-avulla-rakennat-tyoehtosopimuksen-helposti\">TES-koneen avulla rakennat ty\u00f6ehtosopimuksen helposti<\/h2>\n\n\n\n<p>TES-koneen avulla voit suunnitella ja laatia yrityskohtaisen ty\u00f6ehtosopimuksen. Ty\u00f6kalu on suunnattu kaikille <a href=\"https:\/\/teknologiateollisuus.fi\/jasenille\/jasenyys\/teknologiateollisuusrynjaseneksi\/\">Teknologiateollisuuden j\u00e4senille<\/a>, ja se sis\u00e4ltyy Teknologiateollisuuden j\u00e4senmaksuun.<\/p>\n\n\n\n<p>TES-koneesta l\u00f6yd\u00e4t kaikki tarvittavat rakennuspalikat yrityskohtaisen ty\u00f6ehtosopimuksen laatimiseen. K\u00e4yt\u00f6ss\u00e4si on kattava tietopankki ohjeineen ja oppaineen sek\u00e4 sopimuskone, jonka esimerkkisis\u00e4lt\u00f6jen ja opastuksen avulla oman ty\u00f6ehtosopimuksen laatiminen on helppoa.<\/p>\n\n\n\n<p>TES-kone on Teknologiateollisuuden j\u00e4senyritysten johdolle ja ty\u00f6nantajaedustajille tarkoitettu palvelu.&nbsp;Tunnukset luodaan j\u00e4sentietojemme perusteella. Jos kirjautuminen ei onnistu, otathan yhteytt\u00e4 <strong>teskone@teknologiateollisuus.fi<\/strong><\/p>\n\n\n\n<div class=\"wp-block-buttons is-layout-flex wp-block-buttons-is-layout-flex\">\n<div class=\"wp-block-button icon-right is-style-fill\"><a class=\"wp-block-button__link wp-element-button\" href=\"http:\/\/teskone.fi\" target=\"_blank\" rel=\"noreferrer noopener\">TES-koneeseen<\/a><\/div>\n<\/div>\n\n\n\n<h2 class=\"wp-block-heading\" id=\"h-teknologiateollisuus-tukee-ja-auttaa\" id=\"teknologiateollisuus-tukee-ja-auttaa\">Teknologiateollisuus tukee ja auttaa<\/h2>\n\n\n\n<p class=\"has-text-align-left  mt-none mb-none\">Teknologiateollisuus ry auttaa monin tavoin yrityksi\u00e4, jotka ovat kiinnostuneita yrityskohtaisista&nbsp;ty\u00f6ehtosopimuksista. TES-koneen lis\u00e4ksi tarjoamme j\u00e4senyrityksille kokonaisvaltaista tukea:<\/p>\n\n\n\n<ul class=\"wp-block-list mt-none is-style-default\">\n<li class=\" mt-xs\">tukiaineistoja oppaista asiakirjamallehin<\/li>\n\n\n\n<li>koulutusta ja tietoiskuja<\/li>\n\n\n\n<li>r\u00e4\u00e4t\u00e4l\u00f6ity\u00e4 konsultointiapua ja tarvittaessa taustatukea neuvotteluiden aikana<\/li>\n\n\n\n<li>verkostoitumistilaisuuksia ja vertaisryhm\u00e4toimintaa<\/li>\n\n\n\n<li>yritystarinoita<\/li>\n<\/ul>\n\n\n\n<h2 class=\"wp-block-heading\" id=\"h-esimerkki-teknologiateollisuuden-tarjoamasta-tuesta\" id=\"esimerkki-teknologiateollisuuden-tarjoamasta-tuesta\">Esimerkki Teknologiateollisuuden tarjoamasta tuesta<\/h2>\n\n\n\n<ol class=\"wp-block-list is-style-styled\">\n<li>Ensimm\u00e4isess\u00e4 palaverissa k\u00e4yd\u00e4\u00e4n l\u00e4pi yrityskohtaisen tessin perusteet ja sen tarjoamat mahdollisuudet yritykselle.<\/li>\n\n\n\n<li>Seuraavassa palaverissa kartoitamme yrityksen tilannetta tarkemmin ja<br>autamme suunnittelemaan projektia.<\/li>\n\n\n\n<li>Tulevissa palavereissa autamme neuvottelutavoitteiden tekemisess\u00e4 ja<br>kommentoimme ty\u00f6ehtosopimusluonnosta sek\u00e4 keskustelemme sis\u00e4ll\u00f6st\u00e4.<br>Palavereita voidaan j\u00e4rjest\u00e4\u00e4 yrityksen tarpeen mukaan useampia.<\/li>\n\n\n\n<li>Avustamme neuvotteluesityksen laatimisessa ja l\u00e4hett\u00e4misess\u00e4<br>ty\u00f6ntekij\u00e4liitoille.<\/li>\n\n\n\n<li>Ennen neuvotteluiden aloittamista voimme j\u00e4rjest\u00e4\u00e4 palaverin, jossa<br>valmistaudutaan tes-neuvotteluihin.<\/li>\n\n\n\n<li>Neuvotteluiden aikana tarjoamme tarpeen mukaan taustatukea neuvotteluissa<br>esiin nousseisiin kysymyksiin ja konsultoimme neuvottelustrategisissa<br>kysymyksiss\u00e4.<\/li>\n\n\n\n<li>Kommentoimme my\u00f6s ay-puolen mahdollisia ehdotuksia.<\/li>\n<\/ol>\n\n\n\n<h2 class=\"wp-block-heading has-text-align-left  mb-xs\" id=\"h-katso-video-yrityskohtainen-tyoehtosopimus\" id=\"katso-video-yrityskohtainen-tyoehtosopimus\">Katso video: Yrityskohtainen ty\u00f6ehtosopimus<\/h2>\n\n\n\n<figure class=\"wp-block-embed is-type-video is-provider-vimeo wp-block-embed-vimeo wp-embed-aspect-16-9 wp-has-aspect-ratio mt-xs\"><div class=\"wp-block-embed__wrapper\">\n<iframe loading=\"lazy\" title=\"Teknologiateollisuus: Palat kohdilleen yrityskohtaisella TESill\u00e4\" src=\"https:\/\/player.vimeo.com\/video\/741890817?dnt=1&amp;app_id=122963\" width=\"500\" height=\"281\" frameborder=\"0\" allow=\"autoplay; fullscreen; picture-in-picture; clipboard-write; encrypted-media; web-share\" referrerpolicy=\"strict-origin-when-cross-origin\"><\/iframe>\n<\/div><\/figure>\n\n\n\n<div class=\"wp-block-scb-columns scb-columns  has-mobile-behavior--stacked has-auto-fit em-pattern-event-contacts\">\n<div class=\"wp-block-scb-column scb-column is-scale-cover\">\n<h2 class=\"wp-block-heading\" id=\"h-lisatiedot\" id=\"lisatiedot\">Lis\u00e4tiedot:<\/h2>\n\n\n\n<article class=\"em-block-contact-card is-style-list\">\n\n\t<div class=\"em-block-contact-card__image\">\n\t\t\t\t\t<img loading=\"lazy\" decoding=\"async\" width=\"300\" height=\"400\" src=\"https:\/\/teknologiateollisuus.fi\/jasenille\/wp-content\/uploads\/2024\/05\/phpyfcz5m.jpg\" class=\"attachment-portrait size-portrait\" alt=\"\" \/>\t\t\t<\/div>\n\t<div class=\"em-block-contact-card__content-wrapper\">\n\t\t<div class=\"em-block-contact-card__content\">\n\t\t\t\t\t\t\t<div class=\"em-block-contact-card__business-units\">\n\t\t\t\t\t\t\t\t\t\t\t<span class=\"em-block-contact-card__business-unit\">Ty\u00f6markkinat ja ty\u00f6el\u00e4m\u00e4n s\u00e4\u00e4ntely<\/span>\n\t\t\t\t\t\t\t\t\t<\/div>\n\t\t\t\t\t\t<h3 class=\"em-block-contact-card__title\"><a target=\"_self\" href=\"https:\/\/teknologiateollisuus.fi\/?p=1118\">Laine Johanna<\/a><\/h3>\n\t\t\t\t\t\t\t<span class=\"em-block-contact-card__job_title\">Johtaja &#8211; Paikallinen sopiminen, yrityskohtaiset ty\u00f6ehdot ja lains\u00e4\u00e4d\u00e4nt\u00f6vaikuttaminen<\/span>\n\t\t\t\t\t\t\t\t\t\t<span class=\"em-block-contact-card__organisation\">Teknologiateollisuus ry<\/span>\n\t\t\t\t\t<\/div>\n\t\t<div class=\"em-block-contact-card__content\">\n\t\t\t\t\t\t<address class=\"em-block-contact-card__contact-details\">\n\t\t\t\t\t\t\t\t\t<span class=\"em-block-contact-card__phone\">\n\t\t\t\t\t\t<a href=\"tel:+358 445907209\">+358 445907209<\/a><\/a>\n\t\t\t\t\t<\/span>\n\t\t\t\t\t\t\t\t\t\t\t\t\t<span class=\"em-block-contact-card__email\">\n\t\t\t\t\t\t<a href=\"mailto:johanna.laine@teknologiateollisuus.fi\">johanna.laine@teknologiateollisuus.fi<\/a><\/a>\n\t\t\t\t\t<\/span>\n\t\t\t\t\t\t\t<\/address>\n\t\t\t\t\t<\/div>\n\t<\/div>\n\n<\/article>\n<\/div>\n<\/div>\n","protected":false},"excerpt":{"rendered":"<p>Yrityskohtaisen sopimisen tukipalvelut Asiantuntijamme antavat yrityksellesi kokonaisvaltaista tukea oman ty\u00f6ehtosopimuksen tekemiseen prosessin alusta loppuun. Saat k\u00e4ytt\u00f6\u00f6si seuraavat palvelut osana Teknologiateollisuus ry:n j\u00e4senmaksua: TES-koneen avulla rakennat ty\u00f6ehtosopimuksen helposti TES-koneen avulla voit suunnitella ja laatia yrityskohtaisen ty\u00f6ehtosopimuksen. Ty\u00f6kalu on suunnattu kaikille Teknologiateollisuuden j\u00e4senille, ja se sis\u00e4ltyy Teknologiateollisuuden j\u00e4senmaksuun. TES-koneesta l\u00f6yd\u00e4t kaikki tarvittavat rakennuspalikat yrityskohtaisen ty\u00f6ehtosopimuksen laatimiseen. K\u00e4yt\u00f6ss\u00e4si [&hellip;]<\/p>\n","protected":false},"author":1,"featured_media":0,"parent":7310,"menu_order":0,"comment_status":"closed","ping_status":"closed","template":"","meta":{"_acf_changed":false,"_relevanssi_hide_post":"","_relevanssi_hide_content":"","_relevanssi_pin_for_all":"","_relevanssi_pin_keywords":"","_relevanssi_unpin_keywords":"","_relevanssi_related_keywords":"","_relevanssi_related_include_ids":"","_relevanssi_related_exclude_ids":"","_relevanssi_related_no_append":"","_relevanssi_related_not_related":"","_relevanssi_related_posts":"168,167,165,169,166,1417","_relevanssi_noindex_reason":"","inline_featured_image":false,"growthstack-ab-test":[],"growthstack-ab-test-views":[],"footnotes":""},"class_list":["post-1137","page","type-page","status-publish","hentry"],"acf":{"is_store_related":false,"locked":false},"yoast_head":"<!-- This site is optimized with the Yoast SEO Premium plugin v27.1 (Yoast SEO v27.4) - https:\/\/yoast.com\/product\/yoast-seo-premium-wordpress\/ -->\n<title>Yrityskohtaisen sopimisen tuki - Teknologiateollisuus - J\u00e4senille<\/title>\n<meta name=\"description\" content=\"Yrityskohtainen TES mahdollistaa ty\u00f6ehtojen r\u00e4\u00e4t\u00e4l\u00f6innin yrityksen tarpeisiin. Suunnittele yrityksellesi ty\u00f6ehtosopimus TES-koneella!\" \/>\n<meta name=\"robots\" content=\"index, follow, max-snippet:-1, max-image-preview:large, max-video-preview:-1\" \/>\n<link rel=\"canonical\" href=\"https:\/\/teknologiateollisuus.fi\/jasenille\/palvelut\/yrityskohtaisen-sopimisen-tuki\/\" \/>\n<meta property=\"og:locale\" content=\"fi_FI\" \/>\n<meta property=\"og:type\" content=\"article\" \/>\n<meta property=\"og:title\" content=\"Yrityskohtaisen sopimisen tuki\" \/>\n<meta property=\"og:description\" content=\"Yrityskohtainen TES mahdollistaa ty\u00f6ehtojen r\u00e4\u00e4t\u00e4l\u00f6innin yrityksen tarpeisiin. Suunnittele yrityksellesi ty\u00f6ehtosopimus TES-koneella!\" \/>\n<meta property=\"og:url\" content=\"https:\/\/teknologiateollisuus.fi\/jasenille\/palvelut\/yrityskohtaisen-sopimisen-tuki\/\" \/>\n<meta property=\"og:site_name\" content=\"Teknologiateollisuus - J\u00e4senille\" \/>\n<meta property=\"article:modified_time\" content=\"2026-02-23T09:13:02+00:00\" \/>\n<meta name=\"twitter:card\" content=\"summary_large_image\" \/>\n<meta name=\"twitter:label1\" content=\"Arvioitu lukuaika\" \/>\n\t<meta name=\"twitter:data1\" content=\"3 minuuttia\" \/>\n<script type=\"application\/ld+json\" class=\"yoast-schema-graph\">{\"@context\":\"https:\\\/\\\/schema.org\",\"@graph\":[{\"@type\":\"WebPage\",\"@id\":\"https:\\\/\\\/teknologiateollisuus.fi\\\/jasenille\\\/palvelut\\\/yrityskohtaisen-sopimisen-tuki\\\/\",\"url\":\"https:\\\/\\\/teknologiateollisuus.fi\\\/jasenille\\\/palvelut\\\/yrityskohtaisen-sopimisen-tuki\\\/\",\"name\":\"Yrityskohtaisen sopimisen tuki - Teknologiateollisuus - J\u00e4senille\",\"isPartOf\":{\"@id\":\"https:\\\/\\\/teknologiateollisuus.fi\\\/jasenille\\\/#website\"},\"datePublished\":\"2023-12-11T11:10:22+00:00\",\"dateModified\":\"2026-02-23T09:13:02+00:00\",\"description\":\"Yrityskohtainen TES mahdollistaa ty\u00f6ehtojen r\u00e4\u00e4t\u00e4l\u00f6innin yrityksen tarpeisiin. Suunnittele yrityksellesi ty\u00f6ehtosopimus TES-koneella!\",\"breadcrumb\":{\"@id\":\"https:\\\/\\\/teknologiateollisuus.fi\\\/jasenille\\\/palvelut\\\/yrityskohtaisen-sopimisen-tuki\\\/#breadcrumb\"},\"inLanguage\":\"fi\",\"potentialAction\":[{\"@type\":\"ReadAction\",\"target\":[\"https:\\\/\\\/teknologiateollisuus.fi\\\/jasenille\\\/palvelut\\\/yrityskohtaisen-sopimisen-tuki\\\/\"]}]},{\"@type\":\"BreadcrumbList\",\"@id\":\"https:\\\/\\\/teknologiateollisuus.fi\\\/jasenille\\\/palvelut\\\/yrityskohtaisen-sopimisen-tuki\\\/#breadcrumb\",\"itemListElement\":[{\"@type\":\"ListItem\",\"position\":1,\"name\":\"Home\",\"item\":\"https:\\\/\\\/teknologiateollisuus.fi\\\/jasenille\\\/\"},{\"@type\":\"ListItem\",\"position\":2,\"name\":\"Palvelut\",\"item\":\"https:\\\/\\\/teknologiateollisuus.fi\\\/jasenille\\\/palvelut\\\/\"},{\"@type\":\"ListItem\",\"position\":3,\"name\":\"Yrityskohtaisen sopimisen tuki\"}]},{\"@type\":\"WebSite\",\"@id\":\"https:\\\/\\\/teknologiateollisuus.fi\\\/jasenille\\\/#website\",\"url\":\"https:\\\/\\\/teknologiateollisuus.fi\\\/jasenille\\\/\",\"name\":\"Teknologiateollisuus - J\u00e4senille\",\"description\":\"\",\"publisher\":{\"@id\":\"https:\\\/\\\/teknologiateollisuus.fi\\\/jasenille\\\/#organization\"},\"potentialAction\":[{\"@type\":\"SearchAction\",\"target\":{\"@type\":\"EntryPoint\",\"urlTemplate\":\"https:\\\/\\\/teknologiateollisuus.fi\\\/jasenille\\\/?s={search_term_string}\"},\"query-input\":{\"@type\":\"PropertyValueSpecification\",\"valueRequired\":true,\"valueName\":\"search_term_string\"}}],\"inLanguage\":\"fi\"},{\"@type\":\"Organization\",\"@id\":\"https:\\\/\\\/teknologiateollisuus.fi\\\/jasenille\\\/#organization\",\"name\":\"Teknologiateollisuus - J\u00e4senille\",\"url\":\"https:\\\/\\\/teknologiateollisuus.fi\\\/jasenille\\\/\",\"logo\":{\"@type\":\"ImageObject\",\"inLanguage\":\"fi\",\"@id\":\"https:\\\/\\\/teknologiateollisuus.fi\\\/jasenille\\\/#\\\/schema\\\/logo\\\/image\\\/\",\"url\":\"https:\\\/\\\/teknologiateollisuus.fi\\\/jasenille\\\/wp-content\\\/uploads\\\/sites\\\/1\\\/2023\\\/10\\\/placeholder.png\",\"contentUrl\":\"https:\\\/\\\/teknologiateollisuus.fi\\\/jasenille\\\/wp-content\\\/uploads\\\/sites\\\/1\\\/2023\\\/10\\\/placeholder.png\",\"width\":2560,\"height\":1920,\"caption\":\"Teknologiateollisuus - J\u00e4senille\"},\"image\":{\"@id\":\"https:\\\/\\\/teknologiateollisuus.fi\\\/jasenille\\\/#\\\/schema\\\/logo\\\/image\\\/\"}}]}<\/script>\n<!-- \/ Yoast SEO Premium plugin. -->","yoast_head_json":{"title":"Yrityskohtaisen sopimisen tuki - Teknologiateollisuus - J\u00e4senille","description":"Yrityskohtainen TES mahdollistaa ty\u00f6ehtojen r\u00e4\u00e4t\u00e4l\u00f6innin yrityksen tarpeisiin. Suunnittele yrityksellesi ty\u00f6ehtosopimus TES-koneella!","robots":{"index":"index","follow":"follow","max-snippet":"max-snippet:-1","max-image-preview":"max-image-preview:large","max-video-preview":"max-video-preview:-1"},"canonical":"https:\/\/teknologiateollisuus.fi\/jasenille\/palvelut\/yrityskohtaisen-sopimisen-tuki\/","og_locale":"fi_FI","og_type":"article","og_title":"Yrityskohtaisen sopimisen tuki","og_description":"Yrityskohtainen TES mahdollistaa ty\u00f6ehtojen r\u00e4\u00e4t\u00e4l\u00f6innin yrityksen tarpeisiin. Suunnittele yrityksellesi ty\u00f6ehtosopimus TES-koneella!","og_url":"https:\/\/teknologiateollisuus.fi\/jasenille\/palvelut\/yrityskohtaisen-sopimisen-tuki\/","og_site_name":"Teknologiateollisuus - J\u00e4senille","article_modified_time":"2026-02-23T09:13:02+00:00","twitter_card":"summary_large_image","twitter_misc":{"Arvioitu lukuaika":"3 minuuttia"},"schema":{"@context":"https:\/\/schema.org","@graph":[{"@type":"WebPage","@id":"https:\/\/teknologiateollisuus.fi\/jasenille\/palvelut\/yrityskohtaisen-sopimisen-tuki\/","url":"https:\/\/teknologiateollisuus.fi\/jasenille\/palvelut\/yrityskohtaisen-sopimisen-tuki\/","name":"Yrityskohtaisen sopimisen tuki - Teknologiateollisuus - J\u00e4senille","isPartOf":{"@id":"https:\/\/teknologiateollisuus.fi\/jasenille\/#website"},"datePublished":"2023-12-11T11:10:22+00:00","dateModified":"2026-02-23T09:13:02+00:00","description":"Yrityskohtainen TES mahdollistaa ty\u00f6ehtojen r\u00e4\u00e4t\u00e4l\u00f6innin yrityksen tarpeisiin. Suunnittele yrityksellesi ty\u00f6ehtosopimus TES-koneella!","breadcrumb":{"@id":"https:\/\/teknologiateollisuus.fi\/jasenille\/palvelut\/yrityskohtaisen-sopimisen-tuki\/#breadcrumb"},"inLanguage":"fi","potentialAction":[{"@type":"ReadAction","target":["https:\/\/teknologiateollisuus.fi\/jasenille\/palvelut\/yrityskohtaisen-sopimisen-tuki\/"]}]},{"@type":"BreadcrumbList","@id":"https:\/\/teknologiateollisuus.fi\/jasenille\/palvelut\/yrityskohtaisen-sopimisen-tuki\/#breadcrumb","itemListElement":[{"@type":"ListItem","position":1,"name":"Home","item":"https:\/\/teknologiateollisuus.fi\/jasenille\/"},{"@type":"ListItem","position":2,"name":"Palvelut","item":"https:\/\/teknologiateollisuus.fi\/jasenille\/palvelut\/"},{"@type":"ListItem","position":3,"name":"Yrityskohtaisen sopimisen tuki"}]},{"@type":"WebSite","@id":"https:\/\/teknologiateollisuus.fi\/jasenille\/#website","url":"https:\/\/teknologiateollisuus.fi\/jasenille\/","name":"Teknologiateollisuus - J\u00e4senille","description":"","publisher":{"@id":"https:\/\/teknologiateollisuus.fi\/jasenille\/#organization"},"potentialAction":[{"@type":"SearchAction","target":{"@type":"EntryPoint","urlTemplate":"https:\/\/teknologiateollisuus.fi\/jasenille\/?s={search_term_string}"},"query-input":{"@type":"PropertyValueSpecification","valueRequired":true,"valueName":"search_term_string"}}],"inLanguage":"fi"},{"@type":"Organization","@id":"https:\/\/teknologiateollisuus.fi\/jasenille\/#organization","name":"Teknologiateollisuus - J\u00e4senille","url":"https:\/\/teknologiateollisuus.fi\/jasenille\/","logo":{"@type":"ImageObject","inLanguage":"fi","@id":"https:\/\/teknologiateollisuus.fi\/jasenille\/#\/schema\/logo\/image\/","url":"https:\/\/teknologiateollisuus.fi\/jasenille\/wp-content\/uploads\/sites\/1\/2023\/10\/placeholder.png","contentUrl":"https:\/\/teknologiateollisuus.fi\/jasenille\/wp-content\/uploads\/sites\/1\/2023\/10\/placeholder.png","width":2560,"height":1920,"caption":"Teknologiateollisuus - J\u00e4senille"},"image":{"@id":"https:\/\/teknologiateollisuus.fi\/jasenille\/#\/schema\/logo\/image\/"}}]}},"lang":"fi","translations":{"fi":1137},"pll_sync_post":[],"_links":{"self":[{"href":"https:\/\/teknologiateollisuus.fi\/jasenille\/wp-json\/wp\/v2\/pages\/1137","targetHints":{"allow":["GET"]}}],"collection":[{"href":"https:\/\/teknologiateollisuus.fi\/jasenille\/wp-json\/wp\/v2\/pages"}],"about":[{"href":"https:\/\/teknologiateollisuus.fi\/jasenille\/wp-json\/wp\/v2\/types\/page"}],"author":[{"embeddable":true,"href":"https:\/\/teknologiateollisuus.fi\/jasenille\/wp-json\/wp\/v2\/users\/1"}],"replies":[{"embeddable":true,"href":"https:\/\/teknologiateollisuus.fi\/jasenille\/wp-json\/wp\/v2\/comments?post=1137"}],"version-history":[{"count":31,"href":"https:\/\/teknologiateollisuus.fi\/jasenille\/wp-json\/wp\/v2\/pages\/1137\/revisions"}],"predecessor-version":[{"id":29593,"href":"https:\/\/teknologiateollisuus.fi\/jasenille\/wp-json\/wp\/v2\/pages\/1137\/revisions\/29593"}],"up":[{"embeddable":true,"href":"https:\/\/teknologiateollisuus.fi\/jasenille\/wp-json\/wp\/v2\/pages\/7310"}],"wp:attachment":[{"href":"https:\/\/teknologiateollisuus.fi\/jasenille\/wp-json\/wp\/v2\/media?parent=1137"}],"curies":[{"name":"wp","href":"https:\/\/api.w.org\/{rel}","templated":true}]}}