{"id":1146,"date":"2023-12-11T13:20:14","date_gmt":"2023-12-11T11:20:14","guid":{"rendered":"https:\/\/teknologiateollisuus.fi\/jasenille\/?page_id=1146"},"modified":"2025-12-11T10:57:13","modified_gmt":"2025-12-11T08:57:13","slug":"vetovoima-mytech","status":"publish","type":"page","link":"https:\/\/teknologiateollisuus.fi\/jasenille\/palvelut\/vetovoima-mytech\/","title":{"rendered":"Vetovoima \u2013 MyTech \u00ae"},"content":{"rendered":"\n<div class=\"em-block-hero hero-has-background-color has-background has-black-background-color collapse  \">\n\t<div class=\"em-block-hero__container\">\n\t\t<div class=\"em-block-hero__content\">\n\t\t\t<div class=\"yoast-breadcrumbs\"><span><span><a href=\"https:\/\/teknologiateollisuus.fi\/jasenille\/\">Home<\/a><\/span> <span class=\"separator\"><\/span> <span><a href=\"https:\/\/teknologiateollisuus.fi\/jasenille\/palvelut\/\">Palvelut<\/a><\/span> <span class=\"separator\"><\/span> <span class=\"breadcrumb_last\" aria-current=\"page\">Vetovoima \u2013 MyTech \u00ae<\/span><\/span><\/div>\t\t\t\n<h1 class=\"wp-block-heading\" id=\"h-vetovoimaa-teknologia-alalle\">Vetovoimaa teknologia-alalle<\/h1>\n\n<p>Teknologiateollisuuden vetovoimaty\u00f6ss\u00e4 nostetaan esiin teknologia-alan monipuolisia mahdollisuuksia ala- ja uravalintana. Vetovoimaty\u00f6 on yhteisty\u00f6t\u00e4, jossa mukana ovat alan yritykset, oppilaitokset sek\u00e4 he, joiden tulevaisuus voi olla teknologia-alalla.<\/p>\n\t\t\t<div class=\"em-block-hero__modified-date\"> P\u00e4ivitetty 11.12.2025 klo 10:57<\/div>\t\t<\/div>\n\t\t\t\t\t<figure class=\"em-block-hero__image\">\n\t\t\t\t\t\t\t<\/figure>\n\t\t\t<\/div>\n<\/div>\n\n\n\n<p>Suomalaiset teknologiayritykset tarvitsevat nyt ja tulevaisuudessa monipuolista osaamista, jonka vuoksi tavoitteenamme on sitouttaa tulevaisuuden tekij\u00f6it\u00e4 sek\u00e4 varmistaa, ett\u00e4 Suomi s\u00e4ilyy kilpailukykyisen\u00e4 osaajien keskuudessa.\u00a0<\/p>\n\n\n\n<h2 class=\"wp-block-heading\" id=\"h-mika-on-mytech\" id=\"mika-on-mytech\">Mik\u00e4 on MyTech \u00ae?<\/h2>\n\n\n\n<p>Teknologiateollisuuden MyTech-br\u00e4ndi yhdist\u00e4\u00e4 teknologia-alan yritykset ja nuoret tulevaisuuden osaajat.  <\/p>\n\n\n\n<p>MyTech tarjoaa k\u00e4yt\u00e4nn\u00f6n ty\u00f6kaluja ja tukea muun muassa:<\/p>\n\n\n\n<ul class=\"wp-block-list mt-none is-style-default\">\n<li>tutustumisvierailujen suunnitteluun<\/li>\n\n\n\n<li>yritysten tunnettuuden parantamiseen nuorten parissa<\/li>\n\n\n\n<li>teknologia-alan n\u00e4kyvyyden lis\u00e4\u00e4miseen<\/li>\n<\/ul>\n\n\n\n<p>Yrityksille on kannattavaa luoda mielikuvaa itsest\u00e4\u00e4n kiinnostavana tulevaisuuden ty\u00f6nantajana, ja nuorten on t\u00e4rke\u00e4\u00e4 saada tietoa teknologia-alan t\u00f6ist\u00e4 valintojensa tueksi. <\/p>\n\n\n\n<div class=\"wp-block-evermade-links em-block-links has-columns-1\">\n<a\n\tclass=\"wp-block-evermade-external-link em-block-link is-external   \"\n\thref=\"https:\/\/mytech.fi\/\"\n\taria-label=\"Avaa uudessa v\u00e4lilehdess\u00e4\"\n\ttarget=\"_blank\"\n\trel=\"noopener noreferrer\"\n>\n\t<div class=\"em-block-link__content\">\n\t\t<span class=\"em-block-link__title\">\n\t\t\tKatso my\u00f6s MyTech.fi\t\t<\/span>\n\t\t\t<\/div>\n\t<div class=\"em-block-link__arrow\"><\/div>\n\t<div class=\"em-block-link__pressable\"><\/div>\n<\/a>\n\n\n\n<a\n\tclass=\"wp-block-evermade-internal-link em-block-link is-internal   \"\n\thref=\"https:\/\/teknologiateollisuus.fi\/jasenille\/tietopankki\/osaajat-ja-vetovoima\/vetovoima-mytech\/mytech-opintokaynnit-yrityksissa\/\"\n\taria-label=\"Avaa samassa v\u00e4lilehdess\u00e4\"\n\ttarget=\"_self\"\n\trel=\"noopener\"\n>\n\t<div class=\"em-block-link__content\">\n\t\t<span class=\"em-block-link__title\">\n\t\t\tMyTech-\u200bopintok\u00e4ynnit yrityksiin\t\t<\/span>\n\t\t\t<\/div>\n\t\t\t<div class=\"em-block-link__arrow\"><\/div>\n\t\t<div class=\"em-block-link__pressable\"><\/div>\n\t<\/a>\n\n\n\n<a\n\tclass=\"wp-block-evermade-internal-link em-block-link is-internal   \"\n\thref=\"https:\/\/teknologiateollisuus.fi\/jasenille\/tietopankki\/osaajat-ja-vetovoima\/vetovoima-mytech\/oppilaitosyhteistyo\/\"\n\taria-label=\"Avaa samassa v\u00e4lilehdess\u00e4\"\n\ttarget=\"_self\"\n\trel=\"noopener\"\n>\n\t<div class=\"em-block-link__content\">\n\t\t<span class=\"em-block-link__title\">\n\t\t\tOppilaitosyhteisty\u00f6\t\t<\/span>\n\t\t\t<\/div>\n\t\t\t<div class=\"em-block-link__arrow\"><\/div>\n\t\t<div class=\"em-block-link__pressable\"><\/div>\n\t<\/a>\n<\/div>\n\n\n\n<h2 class=\"wp-block-heading\" id=\"h-miksi-mukaan-teknologia-alan-vetovoimatyohon\" id=\"miksi-mukaan-teknologia-alan-vetovoimatyohon\">Miksi mukaan teknologia-alan vetovoimaty\u00f6h\u00f6n?<\/h2>\n\n\n\n<ul class=\"wp-block-list is-style-default\">\n<li><strong>Kilpailuetu:<\/strong> M\u00e4\u00e4r\u00e4tietoinen vetovoimaty\u00f6 auttaa sitouttamaan osaavia tekij\u00f6it\u00e4 ja erottautumaan kilpailijoista.<\/li>\n\n\n\n<li><strong>Innovaatiot:<\/strong> Osaavat ty\u00f6ntekij\u00e4t ovat avainasemassa innovaatioiden luomisessa ja liiketoiminnan yll\u00e4pit\u00e4misess\u00e4.<\/li>\n\n\n\n<li><strong>Sidosryhm\u00e4t:<\/strong> Vetovoimaty\u00f6 vahvistaa suhteita sidosryhmiin, kuten oppilaitoksiin ja muihin teknologia-alan toimijoihin.<\/li>\n\n\n\n<li><strong>Yhteiskuntavastuu:<\/strong> Osallistumalla vetovoimaty\u00f6h\u00f6n yrityksenne lis\u00e4\u00e4 teknologia-alan tunnettuutta ja edist\u00e4\u00e4 yhteiskuntavastuun toteutumista.<\/li>\n<\/ul>\n\n\n\n<div class=\"wp-block-scb-columns scb-columns  has-mobile-behavior--stacked has-auto-fit em-pattern-event-contacts\">\n<div class=\"wp-block-scb-column scb-column is-scale-cover\">\n<h2 class=\"wp-block-heading\" id=\"h-lisatiedot\" id=\"lisatiedot\">Lis\u00e4tiedot:<\/h2>\n\n\n\n<article class=\"em-block-contact-card is-style-list\">\n\n\t<div class=\"em-block-contact-card__image\">\n\t\t\t\t\t<img loading=\"lazy\" decoding=\"async\" width=\"300\" height=\"400\" src=\"https:\/\/teknologiateollisuus.fi\/jasenille\/wp-content\/uploads\/2024\/05\/phpqmquup.png\" class=\"attachment-portrait size-portrait\" alt=\"\" \/>\t\t\t<\/div>\n\t<div class=\"em-block-contact-card__content-wrapper\">\n\t\t<div class=\"em-block-contact-card__content\">\n\t\t\t\t\t\t\t<div class=\"em-block-contact-card__business-units\">\n\t\t\t\t\t\t\t\t\t\t\t<span class=\"em-block-contact-card__business-unit\">Uudet teknologiat ja osaaminen<\/span>\n\t\t\t\t\t\t\t\t\t<\/div>\n\t\t\t\t\t\t<h3 class=\"em-block-contact-card__title\"><a target=\"_self\" href=\"https:\/\/teknologiateollisuus.fi\/?p=1025\">Taipalkoski Jenni<\/a><\/h3>\n\t\t\t\t\t\t\t<span class=\"em-block-contact-card__job_title\">Asiantuntija &#8211; Osaava ty\u00f6voima<\/span>\n\t\t\t\t\t\t\t\t\t\t<span class=\"em-block-contact-card__organisation\">Teknologiateollisuus ry<\/span>\n\t\t\t\t\t<\/div>\n\t\t<div class=\"em-block-contact-card__content\">\n\t\t\t\t\t\t<address class=\"em-block-contact-card__contact-details\">\n\t\t\t\t\t\t\t\t\t<span class=\"em-block-contact-card__phone\">\n\t\t\t\t\t\t<a href=\"tel:+358 400797405\">+358 400797405<\/a><\/a>\n\t\t\t\t\t<\/span>\n\t\t\t\t\t\t\t\t\t\t\t\t\t<span class=\"em-block-contact-card__email\">\n\t\t\t\t\t\t<a href=\"mailto:jenni.taipalkoski@teknologiateollisuus.fi\">jenni.taipalkoski@teknologiateollisuus.fi<\/a><\/a>\n\t\t\t\t\t<\/span>\n\t\t\t\t\t\t\t<\/address>\n\t\t\t\t\t<\/div>\n\t<\/div>\n\n<\/article>\n\n\n\n<article class=\"em-block-contact-card is-style-list\">\n\n\t<div class=\"em-block-contact-card__image\">\n\t\t\t\t\t<img loading=\"lazy\" decoding=\"async\" width=\"300\" height=\"400\" src=\"https:\/\/teknologiateollisuus.fi\/jasenille\/wp-content\/uploads\/2024\/05\/phpokfzvn.jpg\" class=\"attachment-portrait size-portrait\" alt=\"\" \/>\t\t\t<\/div>\n\t<div class=\"em-block-contact-card__content-wrapper\">\n\t\t<div class=\"em-block-contact-card__content\">\n\t\t\t\t\t\t\t<div class=\"em-block-contact-card__business-units\">\n\t\t\t\t\t\t\t\t\t\t\t<span class=\"em-block-contact-card__business-unit\">Yritt\u00e4jyys ja aluetoiminta<\/span>\n\t\t\t\t\t\t\t\t\t<\/div>\n\t\t\t\t\t\t<h3 class=\"em-block-contact-card__title\"><a target=\"_self\" href=\"https:\/\/teknologiateollisuus.fi\/?p=1052\">Laine Eija<\/a><\/h3>\n\t\t\t\t\t\t\t<span class=\"em-block-contact-card__job_title\">Asiantuntija, aluetoiminta ja vetovoima &#8211; Aluetoiminta<\/span>\n\t\t\t\t\t\t\t\t\t\t<span class=\"em-block-contact-card__organisation\">Teknologiateollisuus ry<\/span>\n\t\t\t\t\t<\/div>\n\t\t<div class=\"em-block-contact-card__content\">\n\t\t\t\t\t\t<address class=\"em-block-contact-card__contact-details\">\n\t\t\t\t\t\t\t\t\t<span class=\"em-block-contact-card__phone\">\n\t\t\t\t\t\t<a href=\"tel:+358 409030622\">+358 409030622<\/a><\/a>\n\t\t\t\t\t<\/span>\n\t\t\t\t\t\t\t\t\t\t\t\t\t<span class=\"em-block-contact-card__email\">\n\t\t\t\t\t\t<a href=\"mailto:eija.laine@teknologiateollisuus.fi\">eija.laine@teknologiateollisuus.fi<\/a><\/a>\n\t\t\t\t\t<\/span>\n\t\t\t\t\t\t\t<\/address>\n\t\t\t\t\t<\/div>\n\t<\/div>\n\n<\/article>\n<\/div>\n<\/div>\n","protected":false},"excerpt":{"rendered":"<p>Suomalaiset teknologiayritykset tarvitsevat nyt ja tulevaisuudessa monipuolista osaamista, jonka vuoksi tavoitteenamme on sitouttaa tulevaisuuden tekij\u00f6it\u00e4 sek\u00e4 varmistaa, ett\u00e4 Suomi s\u00e4ilyy kilpailukykyisen\u00e4 osaajien keskuudessa.\u00a0 Mik\u00e4 on MyTech \u00ae? Teknologiateollisuuden MyTech-br\u00e4ndi yhdist\u00e4\u00e4 teknologia-alan yritykset ja nuoret tulevaisuuden osaajat. MyTech tarjoaa k\u00e4yt\u00e4nn\u00f6n ty\u00f6kaluja ja tukea muun muassa: Yrityksille on kannattavaa luoda mielikuvaa itsest\u00e4\u00e4n kiinnostavana tulevaisuuden ty\u00f6nantajana, ja nuorten [&hellip;]<\/p>\n","protected":false},"author":11,"featured_media":0,"parent":7310,"menu_order":1,"comment_status":"closed","ping_status":"closed","template":"","meta":{"_acf_changed":false,"_relevanssi_hide_post":"","_relevanssi_hide_content":"","_relevanssi_pin_for_all":"","_relevanssi_pin_keywords":"","_relevanssi_unpin_keywords":"","_relevanssi_related_keywords":"","_relevanssi_related_include_ids":"","_relevanssi_related_exclude_ids":"","_relevanssi_related_no_append":"","_relevanssi_related_not_related":"","_relevanssi_related_posts":"167,169,1417,168,165,166","_relevanssi_noindex_reason":"","inline_featured_image":false,"growthstack-ab-test":[],"growthstack-ab-test-views":[],"footnotes":""},"class_list":["post-1146","page","type-page","status-publish","hentry"],"acf":{"is_store_related":false,"locked":false},"yoast_head":"<!-- This site is optimized with the Yoast SEO Premium plugin v27.1 (Yoast SEO v27.3) - https:\/\/yoast.com\/product\/yoast-seo-premium-wordpress\/ -->\n<title>Vetovoima \u2013 MyTech \u00ae - Teknologiateollisuus - J\u00e4senille<\/title>\n<meta name=\"description\" content=\"Teknologiateollisuuden MyTech-br\u00e4ndi yhdist\u00e4\u00e4 teknologia-alan yritykset ja nuoret tulevaisuuden osaajat. Lue lis\u00e4\u00e4 alan vetovoimasta!\" \/>\n<meta name=\"robots\" content=\"index, follow, max-snippet:-1, max-image-preview:large, max-video-preview:-1\" \/>\n<link rel=\"canonical\" href=\"https:\/\/teknologiateollisuus.fi\/jasenille\/palvelut\/vetovoima-mytech\/\" \/>\n<meta property=\"og:locale\" content=\"fi_FI\" \/>\n<meta property=\"og:type\" content=\"article\" \/>\n<meta property=\"og:title\" content=\"Vetovoima \u2013 MyTech \u00ae\" \/>\n<meta property=\"og:description\" content=\"Teknologiateollisuuden MyTech-br\u00e4ndi yhdist\u00e4\u00e4 teknologia-alan yritykset ja nuoret tulevaisuuden osaajat. Lue lis\u00e4\u00e4 alan vetovoimasta!\" \/>\n<meta property=\"og:url\" content=\"https:\/\/teknologiateollisuus.fi\/jasenille\/palvelut\/vetovoima-mytech\/\" \/>\n<meta property=\"og:site_name\" content=\"Teknologiateollisuus - J\u00e4senille\" \/>\n<meta property=\"article:modified_time\" content=\"2025-12-11T08:57:13+00:00\" \/>\n<meta name=\"twitter:card\" content=\"summary_large_image\" \/>\n<meta name=\"twitter:label1\" content=\"Arvioitu lukuaika\" \/>\n\t<meta name=\"twitter:data1\" content=\"1 minuutti\" \/>\n<script type=\"application\/ld+json\" class=\"yoast-schema-graph\">{\"@context\":\"https:\\\/\\\/schema.org\",\"@graph\":[{\"@type\":\"WebPage\",\"@id\":\"https:\\\/\\\/teknologiateollisuus.fi\\\/jasenille\\\/palvelut\\\/vetovoima-mytech\\\/\",\"url\":\"https:\\\/\\\/teknologiateollisuus.fi\\\/jasenille\\\/palvelut\\\/vetovoima-mytech\\\/\",\"name\":\"Vetovoima \u2013 MyTech \u00ae - Teknologiateollisuus - J\u00e4senille\",\"isPartOf\":{\"@id\":\"https:\\\/\\\/teknologiateollisuus.fi\\\/jasenille\\\/#website\"},\"datePublished\":\"2023-12-11T11:20:14+00:00\",\"dateModified\":\"2025-12-11T08:57:13+00:00\",\"description\":\"Teknologiateollisuuden MyTech-br\u00e4ndi yhdist\u00e4\u00e4 teknologia-alan yritykset ja nuoret tulevaisuuden osaajat. Lue lis\u00e4\u00e4 alan vetovoimasta!\",\"breadcrumb\":{\"@id\":\"https:\\\/\\\/teknologiateollisuus.fi\\\/jasenille\\\/palvelut\\\/vetovoima-mytech\\\/#breadcrumb\"},\"inLanguage\":\"fi\",\"potentialAction\":[{\"@type\":\"ReadAction\",\"target\":[\"https:\\\/\\\/teknologiateollisuus.fi\\\/jasenille\\\/palvelut\\\/vetovoima-mytech\\\/\"]}]},{\"@type\":\"BreadcrumbList\",\"@id\":\"https:\\\/\\\/teknologiateollisuus.fi\\\/jasenille\\\/palvelut\\\/vetovoima-mytech\\\/#breadcrumb\",\"itemListElement\":[{\"@type\":\"ListItem\",\"position\":1,\"name\":\"Home\",\"item\":\"https:\\\/\\\/teknologiateollisuus.fi\\\/jasenille\\\/\"},{\"@type\":\"ListItem\",\"position\":2,\"name\":\"Palvelut\",\"item\":\"https:\\\/\\\/teknologiateollisuus.fi\\\/jasenille\\\/palvelut\\\/\"},{\"@type\":\"ListItem\",\"position\":3,\"name\":\"Vetovoima \u2013 MyTech \u00ae\"}]},{\"@type\":\"WebSite\",\"@id\":\"https:\\\/\\\/teknologiateollisuus.fi\\\/jasenille\\\/#website\",\"url\":\"https:\\\/\\\/teknologiateollisuus.fi\\\/jasenille\\\/\",\"name\":\"Teknologiateollisuus - J\u00e4senille\",\"description\":\"\",\"publisher\":{\"@id\":\"https:\\\/\\\/teknologiateollisuus.fi\\\/jasenille\\\/#organization\"},\"potentialAction\":[{\"@type\":\"SearchAction\",\"target\":{\"@type\":\"EntryPoint\",\"urlTemplate\":\"https:\\\/\\\/teknologiateollisuus.fi\\\/jasenille\\\/?s={search_term_string}\"},\"query-input\":{\"@type\":\"PropertyValueSpecification\",\"valueRequired\":true,\"valueName\":\"search_term_string\"}}],\"inLanguage\":\"fi\"},{\"@type\":\"Organization\",\"@id\":\"https:\\\/\\\/teknologiateollisuus.fi\\\/jasenille\\\/#organization\",\"name\":\"Teknologiateollisuus - J\u00e4senille\",\"url\":\"https:\\\/\\\/teknologiateollisuus.fi\\\/jasenille\\\/\",\"logo\":{\"@type\":\"ImageObject\",\"inLanguage\":\"fi\",\"@id\":\"https:\\\/\\\/teknologiateollisuus.fi\\\/jasenille\\\/#\\\/schema\\\/logo\\\/image\\\/\",\"url\":\"https:\\\/\\\/teknologiateollisuus.fi\\\/jasenille\\\/wp-content\\\/uploads\\\/sites\\\/1\\\/2023\\\/10\\\/placeholder.png\",\"contentUrl\":\"https:\\\/\\\/teknologiateollisuus.fi\\\/jasenille\\\/wp-content\\\/uploads\\\/sites\\\/1\\\/2023\\\/10\\\/placeholder.png\",\"width\":2560,\"height\":1920,\"caption\":\"Teknologiateollisuus - J\u00e4senille\"},\"image\":{\"@id\":\"https:\\\/\\\/teknologiateollisuus.fi\\\/jasenille\\\/#\\\/schema\\\/logo\\\/image\\\/\"}}]}<\/script>\n<!-- \/ Yoast SEO Premium plugin. -->","yoast_head_json":{"title":"Vetovoima \u2013 MyTech \u00ae - Teknologiateollisuus - J\u00e4senille","description":"Teknologiateollisuuden MyTech-br\u00e4ndi yhdist\u00e4\u00e4 teknologia-alan yritykset ja nuoret tulevaisuuden osaajat. Lue lis\u00e4\u00e4 alan vetovoimasta!","robots":{"index":"index","follow":"follow","max-snippet":"max-snippet:-1","max-image-preview":"max-image-preview:large","max-video-preview":"max-video-preview:-1"},"canonical":"https:\/\/teknologiateollisuus.fi\/jasenille\/palvelut\/vetovoima-mytech\/","og_locale":"fi_FI","og_type":"article","og_title":"Vetovoima \u2013 MyTech \u00ae","og_description":"Teknologiateollisuuden MyTech-br\u00e4ndi yhdist\u00e4\u00e4 teknologia-alan yritykset ja nuoret tulevaisuuden osaajat. Lue lis\u00e4\u00e4 alan vetovoimasta!","og_url":"https:\/\/teknologiateollisuus.fi\/jasenille\/palvelut\/vetovoima-mytech\/","og_site_name":"Teknologiateollisuus - J\u00e4senille","article_modified_time":"2025-12-11T08:57:13+00:00","twitter_card":"summary_large_image","twitter_misc":{"Arvioitu lukuaika":"1 minuutti"},"schema":{"@context":"https:\/\/schema.org","@graph":[{"@type":"WebPage","@id":"https:\/\/teknologiateollisuus.fi\/jasenille\/palvelut\/vetovoima-mytech\/","url":"https:\/\/teknologiateollisuus.fi\/jasenille\/palvelut\/vetovoima-mytech\/","name":"Vetovoima \u2013 MyTech \u00ae - Teknologiateollisuus - J\u00e4senille","isPartOf":{"@id":"https:\/\/teknologiateollisuus.fi\/jasenille\/#website"},"datePublished":"2023-12-11T11:20:14+00:00","dateModified":"2025-12-11T08:57:13+00:00","description":"Teknologiateollisuuden MyTech-br\u00e4ndi yhdist\u00e4\u00e4 teknologia-alan yritykset ja nuoret tulevaisuuden osaajat. Lue lis\u00e4\u00e4 alan vetovoimasta!","breadcrumb":{"@id":"https:\/\/teknologiateollisuus.fi\/jasenille\/palvelut\/vetovoima-mytech\/#breadcrumb"},"inLanguage":"fi","potentialAction":[{"@type":"ReadAction","target":["https:\/\/teknologiateollisuus.fi\/jasenille\/palvelut\/vetovoima-mytech\/"]}]},{"@type":"BreadcrumbList","@id":"https:\/\/teknologiateollisuus.fi\/jasenille\/palvelut\/vetovoima-mytech\/#breadcrumb","itemListElement":[{"@type":"ListItem","position":1,"name":"Home","item":"https:\/\/teknologiateollisuus.fi\/jasenille\/"},{"@type":"ListItem","position":2,"name":"Palvelut","item":"https:\/\/teknologiateollisuus.fi\/jasenille\/palvelut\/"},{"@type":"ListItem","position":3,"name":"Vetovoima \u2013 MyTech \u00ae"}]},{"@type":"WebSite","@id":"https:\/\/teknologiateollisuus.fi\/jasenille\/#website","url":"https:\/\/teknologiateollisuus.fi\/jasenille\/","name":"Teknologiateollisuus - J\u00e4senille","description":"","publisher":{"@id":"https:\/\/teknologiateollisuus.fi\/jasenille\/#organization"},"potentialAction":[{"@type":"SearchAction","target":{"@type":"EntryPoint","urlTemplate":"https:\/\/teknologiateollisuus.fi\/jasenille\/?s={search_term_string}"},"query-input":{"@type":"PropertyValueSpecification","valueRequired":true,"valueName":"search_term_string"}}],"inLanguage":"fi"},{"@type":"Organization","@id":"https:\/\/teknologiateollisuus.fi\/jasenille\/#organization","name":"Teknologiateollisuus - J\u00e4senille","url":"https:\/\/teknologiateollisuus.fi\/jasenille\/","logo":{"@type":"ImageObject","inLanguage":"fi","@id":"https:\/\/teknologiateollisuus.fi\/jasenille\/#\/schema\/logo\/image\/","url":"https:\/\/teknologiateollisuus.fi\/jasenille\/wp-content\/uploads\/sites\/1\/2023\/10\/placeholder.png","contentUrl":"https:\/\/teknologiateollisuus.fi\/jasenille\/wp-content\/uploads\/sites\/1\/2023\/10\/placeholder.png","width":2560,"height":1920,"caption":"Teknologiateollisuus - J\u00e4senille"},"image":{"@id":"https:\/\/teknologiateollisuus.fi\/jasenille\/#\/schema\/logo\/image\/"}}]}},"lang":"fi","translations":{"fi":1146},"pll_sync_post":[],"_links":{"self":[{"href":"https:\/\/teknologiateollisuus.fi\/jasenille\/wp-json\/wp\/v2\/pages\/1146","targetHints":{"allow":["GET"]}}],"collection":[{"href":"https:\/\/teknologiateollisuus.fi\/jasenille\/wp-json\/wp\/v2\/pages"}],"about":[{"href":"https:\/\/teknologiateollisuus.fi\/jasenille\/wp-json\/wp\/v2\/types\/page"}],"author":[{"embeddable":true,"href":"https:\/\/teknologiateollisuus.fi\/jasenille\/wp-json\/wp\/v2\/users\/11"}],"replies":[{"embeddable":true,"href":"https:\/\/teknologiateollisuus.fi\/jasenille\/wp-json\/wp\/v2\/comments?post=1146"}],"version-history":[{"count":30,"href":"https:\/\/teknologiateollisuus.fi\/jasenille\/wp-json\/wp\/v2\/pages\/1146\/revisions"}],"predecessor-version":[{"id":29591,"href":"https:\/\/teknologiateollisuus.fi\/jasenille\/wp-json\/wp\/v2\/pages\/1146\/revisions\/29591"}],"up":[{"embeddable":true,"href":"https:\/\/teknologiateollisuus.fi\/jasenille\/wp-json\/wp\/v2\/pages\/7310"}],"wp:attachment":[{"href":"https:\/\/teknologiateollisuus.fi\/jasenille\/wp-json\/wp\/v2\/media?parent=1146"}],"curies":[{"name":"wp","href":"https:\/\/api.w.org\/{rel}","templated":true}]}}