{"id":1149,"date":"2023-12-11T13:26:05","date_gmt":"2023-12-11T11:26:05","guid":{"rendered":"https:\/\/teknologiateollisuus.fi\/jasenille\/?page_id=1149"},"modified":"2025-08-07T12:59:15","modified_gmt":"2025-08-07T09:59:15","slug":"alan-osaajatarve","status":"publish","type":"page","link":"https:\/\/teknologiateollisuus.fi\/jasenille\/palvelut\/kasvupalvelut\/osaajat-ja-vetovoima\/alan-osaajatarve\/","title":{"rendered":"Alan osaajatarve"},"content":{"rendered":"\n<div class=\"em-block-hero hero-has-background-color has-background has-black-background-color collapse  \">\n\t<div class=\"em-block-hero__container\">\n\t\t<div class=\"em-block-hero__content\">\n\t\t\t<div class=\"yoast-breadcrumbs\"><span><span><a href=\"https:\/\/teknologiateollisuus.fi\/jasenille\/\">Home<\/a><\/span> <span class=\"separator\"><\/span> <span><a href=\"https:\/\/teknologiateollisuus.fi\/jasenille\/palvelut\/\">Palvelut<\/a><\/span> <span class=\"separator\"><\/span> <span><a href=\"https:\/\/teknologiateollisuus.fi\/jasenille\/palvelut\/kasvupalvelut\/\">Kasvupalvelut<\/a><\/span> <span class=\"separator\"><\/span> <span><a href=\"https:\/\/teknologiateollisuus.fi\/jasenille\/palvelut\/kasvupalvelut\/osaajat-ja-vetovoima\/\">Osaajat ja vetovoima<\/a><\/span> <span class=\"separator\"><\/span> <span class=\"breadcrumb_last\" aria-current=\"page\">Alan osaajatarve<\/span><\/span><\/div>\t\t\t\n<h1 class=\"wp-block-heading\" id=\"h-alan-osaajatarve\">Alan osaajatarve<\/h1>\n\n<p>Teknologiateollisuus tarvitsee 10 vuoden sis\u00e4ll\u00e4 130\u202f000 uutta osaajaa, noin 13 000 vuosittain. Osaajapula muodostaa sek\u00e4 haasteen ett\u00e4 mahdollisuuden alan yrityksille \u2013 yhdess\u00e4 voimme kohdata t\u00e4m\u00e4n haasteen ja luoda kest\u00e4vi\u00e4 ratkaisuja kasvun ja innovaatioiden tueksi!<\/p>\n\t\t\t<div class=\"em-block-hero__modified-date\"> P\u00e4ivitetty 07.08.2025 klo 12:59<\/div>\t\t<\/div>\n\t\t\t\t\t<figure class=\"em-block-hero__image\">\n\t\t\t\t\t\t\t<\/figure>\n\t\t\t<\/div>\n<\/div>\n\n\n\n<h2 class=\"wp-block-heading\" id=\"h-tutustu-osaajatarveselvitykseen\" id=\"tutustu-osaajatarveselvitykseen\">Tutustu osaajatarveselvitykseen<\/h2>\n\n\n\n<p>Osaaminen on Suomen tulevaisuudelle ratkaisevaa. Teko\u00e4lyll\u00e4 tehty Osaamispulssi-sivusto kertoo tuoreimman tiedon teknologiateollisuuden osaamistarpeista.<\/p>\n\n\n\n<div class=\"wp-block-evermade-links em-block-links has-columns-1\">\n<a\n\tclass=\"wp-block-evermade-external-link em-block-link is-external   \"\n\thref=\"https:\/\/osaamispulssi.fi\"\n\taria-label=\"Avaa uudessa v\u00e4lilehdess\u00e4\"\n\ttarget=\"_blank\"\n\trel=\"noopener noreferrer\"\n>\n\t<div class=\"em-block-link__content\">\n\t\t<span class=\"em-block-link__title\">\n\t\t\tP\u00e4ivittyv\u00e4 Osaamispulssi-sivusto\t\t<\/span>\n\t\t\t<\/div>\n\t<div class=\"em-block-link__arrow\"><\/div>\n\t<div class=\"em-block-link__pressable\"><\/div>\n<\/a>\n<\/div>\n\n\n\n<h2 class=\"wp-block-heading\" id=\"h-ota-kayttoon-osaamisdatan-playbook\" id=\"ota-kayttoon-osaamisdatan-playbook\">Ota k\u00e4ytt\u00f6\u00f6n Osaamisdatan playbook<\/h2>\n\n\n\n<p>Playbook tarjoaa oppeja pilottiprojekteista, joissa erilaisia osaamishaasteita on ratkaistu datan avulla, sek\u00e4 ideoita osaamisdatan laajempaan hy\u00f6dynt\u00e4miseen yhteiskunnassa ja yrityksiss\u00e4.<\/p>\n\n\n\n<div class=\"wp-block-evermade-links em-block-links has-columns-1\">\n<div data-wp-interactive=\"core\/file\" class=\"wp-block-file\"><a id=\"wp-block-file--media-e182893b-31fd-4ade-9b5a-7f38c249e562\" href=\"https:\/\/teknologiateollisuus.fi\/jasenille\/wp-content\/uploads\/sites\/1\/2024\/07\/osaamisdatan-playbook-2023.pdf\">Osaamisdatan playbook<\/a><a href=\"https:\/\/teknologiateollisuus.fi\/jasenille\/wp-content\/uploads\/sites\/1\/2024\/07\/osaamisdatan-playbook-2023.pdf\" class=\"wp-block-file__button wp-element-button\" download aria-describedby=\"wp-block-file--media-e182893b-31fd-4ade-9b5a-7f38c249e562\">Lataa<\/a><\/div>\n<\/div>\n\n\n\n<figure class=\"wp-block-image size-large\"><img loading=\"lazy\" decoding=\"async\" width=\"800\" height=\"450\" src=\"https:\/\/teknologiateollisuus.fi\/jasenille\/wp-content\/uploads\/sites\/1\/2023\/12\/Somekuva-twitter-1-800x450.png\" alt=\"Teknologiateollisuus tarvitsee 130 000 uutta osaajaa seuraavan kymmenen vuoden aikana, infograafi.\" class=\"wp-image-2760\" srcset=\"https:\/\/teknologiateollisuus.fi\/jasenille\/wp-content\/uploads\/sites\/1\/2023\/12\/Somekuva-twitter-1-800x450.png 800w, https:\/\/teknologiateollisuus.fi\/jasenille\/wp-content\/uploads\/sites\/1\/2023\/12\/Somekuva-twitter-1-400x225.png 400w, https:\/\/teknologiateollisuus.fi\/jasenille\/wp-content\/uploads\/sites\/1\/2023\/12\/Somekuva-twitter-1-768x432.png 768w, https:\/\/teknologiateollisuus.fi\/jasenille\/wp-content\/uploads\/sites\/1\/2023\/12\/Somekuva-twitter-1.png 1200w\" sizes=\"auto, (max-width: 800px) 100vw, 800px\" \/><\/figure>\n\n\n\n<h2 class=\"wp-block-heading\" id=\"h-miksi-osaajapula-on-ongelma\" id=\"miksi-osaajapula-on-ongelma\">Miksi osaajapula on ongelma?<\/h2>\n\n\n\n<ul class=\"wp-block-list is-style-styled\">\n<li><strong>Innovaatioiden este:<\/strong> Osaajapula voi muodostaa esteen innovaatioille ja uusille teknologioille, jotka ovat keski\u00f6ss\u00e4 alan kehityksess\u00e4.<\/li>\n\n\n\n<li><strong>Kasvun jarru:<\/strong> Yritysten kasvua rajoittaa kyky saada tarvittavaa osaamista. Osaajapula voi hidastaa liiketoiminnan laajentumista ja kansainv\u00e4listymist\u00e4.<\/li>\n\n\n\n<li><strong>Kilpailukyvyn haasteet:<\/strong> Ilman riitt\u00e4v\u00e4\u00e4 osaamista yritykset kohtaavat kilpailukykyhaasteita markkinoilla.<\/li>\n<\/ul>\n\n\n\n<div class=\"wp-block-buttons is-layout-flex wp-block-buttons-is-layout-flex\">\n<div class=\"wp-block-button icon-right is-style-outline is-style-outline--2\"><a class=\"wp-block-button__link wp-element-button\">Lue lis\u00e4\u00e4<\/a><\/div>\n<\/div>\n\n\n\n<h2 class=\"wp-block-heading\" id=\"h-miten-ratkaisemme-osaajapulan\" id=\"miten-ratkaisemme-osaajapulan\">Miten ratkaisemme osaajapulan?<\/h2>\n\n\n\n<ol class=\"wp-block-list is-style-styled\">\n<li><strong>Koulutusyhteisty\u00f6:<\/strong> Yhteisty\u00f6 koulutussektorin kanssa varmistaa, ett\u00e4 koulutusohjelmat vastaavat teknologiateollisuuden muuttuviin tarpeisiin.<\/li>\n\n\n\n<li><strong>Uusien rekrytointitapojen kehitt\u00e4minen:<\/strong> Kehit\u00e4mme innovatiivisia rekrytointitapoja, kuten kansainv\u00e4liset rekrytointiohjelmat ja mentorointi, jotka auttavat yrityksi\u00e4 l\u00f6yt\u00e4m\u00e4\u00e4n ja kehitt\u00e4m\u00e4\u00e4n osaajia.<\/li>\n\n\n\n<li><strong>Ty\u00f6hyvinvoinnin edist\u00e4minen:<\/strong> Panostamme ty\u00f6hyvinvointiin ja henkil\u00f6st\u00f6n kehitt\u00e4miseen varmistaaksemme, ett\u00e4 nykyiset osaajat pysyv\u00e4t motivoituneina ja sitoutuneina yrityksiins\u00e4.<\/li>\n<\/ol>\n\n\n\n<div class=\"wp-block-scb-columns scb-columns  has-mobile-behavior--stacked has-auto-fit em-pattern-event-contacts\">\n<div class=\"wp-block-scb-column scb-column is-scale-cover\">\n<h2 class=\"wp-block-heading\" id=\"h-lisatiedot\" id=\"lisatiedot\">Lis\u00e4tiedot:<\/h2>\n\n\n\n<article class=\"em-block-contact-card is-style-list\">\n\n\t<div class=\"em-block-contact-card__image\">\n\t\t\t\t\t<img loading=\"lazy\" decoding=\"async\" width=\"300\" height=\"400\" src=\"https:\/\/teknologiateollisuus.fi\/jasenille\/wp-content\/uploads\/2024\/05\/phpjgi9xp.png\" class=\"attachment-portrait size-portrait\" alt=\"\" \/>\t\t\t<\/div>\n\t<div class=\"em-block-contact-card__content-wrapper\">\n\t\t<div class=\"em-block-contact-card__content\">\n\t\t\t\t\t\t\t<div class=\"em-block-contact-card__business-units\">\n\t\t\t\t\t\t\t\t\t\t\t<span class=\"em-block-contact-card__business-unit\">Uudet teknologiat ja osaaminen<\/span>\n\t\t\t\t\t\t\t\t\t<\/div>\n\t\t\t\t\t\t<h3 class=\"em-block-contact-card__title\"><a target=\"_self\" href=\"https:\/\/teknologiateollisuus.fi\/?p=1166\">Apajalahti Touko<\/a><\/h3>\n\t\t\t\t\t\t\t<span class=\"em-block-contact-card__job_title\">P\u00e4\u00e4llikk\u00f6, koulutuspolitiikka &#8211; Osaava ty\u00f6voima<\/span>\n\t\t\t\t\t\t\t\t\t\t<span class=\"em-block-contact-card__organisation\">Teknologiateollisuus ry<\/span>\n\t\t\t\t\t<\/div>\n\t\t<div class=\"em-block-contact-card__content\">\n\t\t\t\t\t\t<address class=\"em-block-contact-card__contact-details\">\n\t\t\t\t\t\t\t\t\t<span class=\"em-block-contact-card__phone\">\n\t\t\t\t\t\t<a href=\"tel:+358 401605006\">+358 401605006<\/a><\/a>\n\t\t\t\t\t<\/span>\n\t\t\t\t\t\t\t\t\t\t\t\t\t<span class=\"em-block-contact-card__email\">\n\t\t\t\t\t\t<a href=\"mailto:touko.apajalahti@teknologiateollisuus.fi\">touko.apajalahti@teknologiateollisuus.fi<\/a><\/a>\n\t\t\t\t\t<\/span>\n\t\t\t\t\t\t\t<\/address>\n\t\t\t\t\t<\/div>\n\t<\/div>\n\n<\/article>\n\n\n\n<article class=\"em-block-contact-card is-style-list\">\n\n\t<div class=\"em-block-contact-card__image\">\n\t\t\t\t\t<img loading=\"lazy\" decoding=\"async\" width=\"300\" height=\"400\" src=\"https:\/\/teknologiateollisuus.fi\/jasenille\/wp-content\/uploads\/2024\/05\/phpzjuuir-300x400.jpg\" class=\"attachment-portrait size-portrait\" alt=\"\" \/>\t\t\t<\/div>\n\t<div class=\"em-block-contact-card__content-wrapper\">\n\t\t<div class=\"em-block-contact-card__content\">\n\t\t\t\t\t\t\t<div class=\"em-block-contact-card__business-units\">\n\t\t\t\t\t\t\t\t\t\t\t<span class=\"em-block-contact-card__business-unit\">Uudet teknologiat ja osaaminen<\/span>\n\t\t\t\t\t\t\t\t\t<\/div>\n\t\t\t\t\t\t<h3 class=\"em-block-contact-card__title\"><a target=\"_self\" href=\"https:\/\/teknologiateollisuus.fi\/?p=1133\">P\u00f6ntynen Leena<\/a><\/h3>\n\t\t\t\t\t\t\t<span class=\"em-block-contact-card__job_title\">Johtaja, osaamispolitiikka &#8211; Osaava ty\u00f6voima<\/span>\n\t\t\t\t\t\t\t\t\t\t<span class=\"em-block-contact-card__organisation\">Teknologiateollisuus ry<\/span>\n\t\t\t\t\t<\/div>\n\t\t<div class=\"em-block-contact-card__content\">\n\t\t\t\t\t\t<address class=\"em-block-contact-card__contact-details\">\n\t\t\t\t\t\t\t\t\t<span class=\"em-block-contact-card__phone\">\n\t\t\t\t\t\t<a href=\"tel:+358 401306113\">+358 401306113<\/a><\/a>\n\t\t\t\t\t<\/span>\n\t\t\t\t\t\t\t\t\t\t\t\t\t<span class=\"em-block-contact-card__email\">\n\t\t\t\t\t\t<a href=\"mailto:leena.pontynen@teknologiateollisuus.fi\">leena.pontynen@teknologiateollisuus.fi<\/a><\/a>\n\t\t\t\t\t<\/span>\n\t\t\t\t\t\t\t<\/address>\n\t\t\t\t\t<\/div>\n\t<\/div>\n\n<\/article>\n<\/div>\n<\/div>\n","protected":false},"excerpt":{"rendered":"<p>Tutustu osaajatarveselvitykseen Osaaminen on Suomen tulevaisuudelle ratkaisevaa. Teko\u00e4lyll\u00e4 tehty Osaamispulssi-sivusto kertoo tuoreimman tiedon teknologiateollisuuden osaamistarpeista. Ota k\u00e4ytt\u00f6\u00f6n Osaamisdatan playbook Playbook tarjoaa oppeja pilottiprojekteista, joissa erilaisia osaamishaasteita on ratkaistu datan avulla, sek\u00e4 ideoita osaamisdatan laajempaan hy\u00f6dynt\u00e4miseen yhteiskunnassa ja yrityksiss\u00e4. Miksi osaajapula on ongelma? Miten ratkaisemme osaajapulan?<\/p>\n","protected":false},"author":11,"featured_media":0,"parent":1113,"menu_order":5,"comment_status":"closed","ping_status":"closed","template":"","meta":{"_acf_changed":false,"_relevanssi_hide_post":"","_relevanssi_hide_content":"","_relevanssi_pin_for_all":"","_relevanssi_pin_keywords":"","_relevanssi_unpin_keywords":"","_relevanssi_related_keywords":"","_relevanssi_related_include_ids":"","_relevanssi_related_exclude_ids":"","_relevanssi_related_no_append":"","_relevanssi_related_not_related":"","_relevanssi_related_posts":"1417,169,166,168,167,165","_relevanssi_noindex_reason":"","inline_featured_image":false,"growthstack-ab-test":[],"growthstack-ab-test-views":[],"footnotes":""},"class_list":["post-1149","page","type-page","status-publish","hentry"],"acf":{"is_store_related":false,"locked":false},"yoast_head":"<!-- This site is optimized with the Yoast SEO Premium plugin v27.1 (Yoast SEO v27.3) - https:\/\/yoast.com\/product\/yoast-seo-premium-wordpress\/ -->\n<title>Alan osaajatarve - Teknologiateollisuus - J\u00e4senille<\/title>\n<meta name=\"description\" content=\"Teknologia-alan osaajatarve muodostaa sek\u00e4 haasteen ett\u00e4 mahdollisuuden alan yrityksille. Lue lis\u00e4\u00e4 ja l\u00f6yd\u00e4 ratkaisuja osaajatarpeeseen!\" \/>\n<meta name=\"robots\" content=\"index, follow, max-snippet:-1, max-image-preview:large, max-video-preview:-1\" \/>\n<link rel=\"canonical\" href=\"https:\/\/teknologiateollisuus.fi\/jasenille\/palvelut\/kasvupalvelut\/osaajat-ja-vetovoima\/alan-osaajatarve\/\" \/>\n<meta property=\"og:locale\" content=\"fi_FI\" \/>\n<meta property=\"og:type\" content=\"article\" \/>\n<meta property=\"og:title\" content=\"Alan osaajatarve\" \/>\n<meta property=\"og:description\" content=\"Teknologia-alan osaajatarve muodostaa sek\u00e4 haasteen ett\u00e4 mahdollisuuden alan yrityksille. Lue lis\u00e4\u00e4 ja l\u00f6yd\u00e4 ratkaisuja osaajatarpeeseen!\" \/>\n<meta property=\"og:url\" content=\"https:\/\/teknologiateollisuus.fi\/jasenille\/palvelut\/kasvupalvelut\/osaajat-ja-vetovoima\/alan-osaajatarve\/\" \/>\n<meta property=\"og:site_name\" content=\"Teknologiateollisuus - J\u00e4senille\" \/>\n<meta property=\"article:modified_time\" content=\"2025-08-07T09:59:15+00:00\" \/>\n<meta property=\"og:image\" content=\"https:\/\/teknologiateollisuus.fi\/jasenille\/wp-content\/uploads\/sites\/1\/2023\/12\/Somekuva-twitter-1.png\" \/>\n\t<meta property=\"og:image:width\" content=\"1200\" \/>\n\t<meta property=\"og:image:height\" content=\"675\" \/>\n\t<meta property=\"og:image:type\" content=\"image\/png\" \/>\n<meta name=\"twitter:card\" content=\"summary_large_image\" \/>\n<meta name=\"twitter:label1\" content=\"Arvioitu lukuaika\" \/>\n\t<meta name=\"twitter:data1\" content=\"2 minuuttia\" \/>\n<script type=\"application\/ld+json\" class=\"yoast-schema-graph\">{\"@context\":\"https:\\\/\\\/schema.org\",\"@graph\":[{\"@type\":\"WebPage\",\"@id\":\"https:\\\/\\\/teknologiateollisuus.fi\\\/jasenille\\\/palvelut\\\/kasvupalvelut\\\/osaajat-ja-vetovoima\\\/alan-osaajatarve\\\/\",\"url\":\"https:\\\/\\\/teknologiateollisuus.fi\\\/jasenille\\\/palvelut\\\/kasvupalvelut\\\/osaajat-ja-vetovoima\\\/alan-osaajatarve\\\/\",\"name\":\"Alan osaajatarve - Teknologiateollisuus - J\u00e4senille\",\"isPartOf\":{\"@id\":\"https:\\\/\\\/teknologiateollisuus.fi\\\/jasenille\\\/#website\"},\"primaryImageOfPage\":{\"@id\":\"https:\\\/\\\/teknologiateollisuus.fi\\\/jasenille\\\/palvelut\\\/kasvupalvelut\\\/osaajat-ja-vetovoima\\\/alan-osaajatarve\\\/#primaryimage\"},\"image\":{\"@id\":\"https:\\\/\\\/teknologiateollisuus.fi\\\/jasenille\\\/palvelut\\\/kasvupalvelut\\\/osaajat-ja-vetovoima\\\/alan-osaajatarve\\\/#primaryimage\"},\"thumbnailUrl\":\"https:\\\/\\\/teknologiateollisuus.fi\\\/jasenille\\\/wp-content\\\/uploads\\\/sites\\\/1\\\/2023\\\/12\\\/Somekuva-twitter-1-800x450.png\",\"datePublished\":\"2023-12-11T11:26:05+00:00\",\"dateModified\":\"2025-08-07T09:59:15+00:00\",\"description\":\"Teknologia-alan osaajatarve muodostaa sek\u00e4 haasteen ett\u00e4 mahdollisuuden alan yrityksille. Lue lis\u00e4\u00e4 ja l\u00f6yd\u00e4 ratkaisuja osaajatarpeeseen!\",\"breadcrumb\":{\"@id\":\"https:\\\/\\\/teknologiateollisuus.fi\\\/jasenille\\\/palvelut\\\/kasvupalvelut\\\/osaajat-ja-vetovoima\\\/alan-osaajatarve\\\/#breadcrumb\"},\"inLanguage\":\"fi\",\"potentialAction\":[{\"@type\":\"ReadAction\",\"target\":[\"https:\\\/\\\/teknologiateollisuus.fi\\\/jasenille\\\/palvelut\\\/kasvupalvelut\\\/osaajat-ja-vetovoima\\\/alan-osaajatarve\\\/\"]}]},{\"@type\":\"ImageObject\",\"inLanguage\":\"fi\",\"@id\":\"https:\\\/\\\/teknologiateollisuus.fi\\\/jasenille\\\/palvelut\\\/kasvupalvelut\\\/osaajat-ja-vetovoima\\\/alan-osaajatarve\\\/#primaryimage\",\"url\":\"https:\\\/\\\/teknologiateollisuus.fi\\\/jasenille\\\/wp-content\\\/uploads\\\/sites\\\/1\\\/2023\\\/12\\\/Somekuva-twitter-1.png\",\"contentUrl\":\"https:\\\/\\\/teknologiateollisuus.fi\\\/jasenille\\\/wp-content\\\/uploads\\\/sites\\\/1\\\/2023\\\/12\\\/Somekuva-twitter-1.png\",\"width\":1200,\"height\":675,\"caption\":\"Teknologiateollisuus tarvitsee 130 000 uutta osaajaa seuraavan kymmenen vuoden aikana, infograafi.\"},{\"@type\":\"BreadcrumbList\",\"@id\":\"https:\\\/\\\/teknologiateollisuus.fi\\\/jasenille\\\/palvelut\\\/kasvupalvelut\\\/osaajat-ja-vetovoima\\\/alan-osaajatarve\\\/#breadcrumb\",\"itemListElement\":[{\"@type\":\"ListItem\",\"position\":1,\"name\":\"Home\",\"item\":\"https:\\\/\\\/teknologiateollisuus.fi\\\/jasenille\\\/\"},{\"@type\":\"ListItem\",\"position\":2,\"name\":\"Palvelut\",\"item\":\"https:\\\/\\\/teknologiateollisuus.fi\\\/jasenille\\\/palvelut\\\/\"},{\"@type\":\"ListItem\",\"position\":3,\"name\":\"Kasvupalvelut\",\"item\":\"https:\\\/\\\/teknologiateollisuus.fi\\\/jasenille\\\/palvelut\\\/kasvupalvelut\\\/\"},{\"@type\":\"ListItem\",\"position\":4,\"name\":\"Osaajat ja vetovoima\",\"item\":\"https:\\\/\\\/teknologiateollisuus.fi\\\/jasenille\\\/palvelut\\\/kasvupalvelut\\\/osaajat-ja-vetovoima\\\/\"},{\"@type\":\"ListItem\",\"position\":5,\"name\":\"Alan osaajatarve\"}]},{\"@type\":\"WebSite\",\"@id\":\"https:\\\/\\\/teknologiateollisuus.fi\\\/jasenille\\\/#website\",\"url\":\"https:\\\/\\\/teknologiateollisuus.fi\\\/jasenille\\\/\",\"name\":\"Teknologiateollisuus - J\u00e4senille\",\"description\":\"\",\"publisher\":{\"@id\":\"https:\\\/\\\/teknologiateollisuus.fi\\\/jasenille\\\/#organization\"},\"potentialAction\":[{\"@type\":\"SearchAction\",\"target\":{\"@type\":\"EntryPoint\",\"urlTemplate\":\"https:\\\/\\\/teknologiateollisuus.fi\\\/jasenille\\\/?s={search_term_string}\"},\"query-input\":{\"@type\":\"PropertyValueSpecification\",\"valueRequired\":true,\"valueName\":\"search_term_string\"}}],\"inLanguage\":\"fi\"},{\"@type\":\"Organization\",\"@id\":\"https:\\\/\\\/teknologiateollisuus.fi\\\/jasenille\\\/#organization\",\"name\":\"Teknologiateollisuus - J\u00e4senille\",\"url\":\"https:\\\/\\\/teknologiateollisuus.fi\\\/jasenille\\\/\",\"logo\":{\"@type\":\"ImageObject\",\"inLanguage\":\"fi\",\"@id\":\"https:\\\/\\\/teknologiateollisuus.fi\\\/jasenille\\\/#\\\/schema\\\/logo\\\/image\\\/\",\"url\":\"https:\\\/\\\/teknologiateollisuus.fi\\\/jasenille\\\/wp-content\\\/uploads\\\/sites\\\/1\\\/2023\\\/10\\\/placeholder.png\",\"contentUrl\":\"https:\\\/\\\/teknologiateollisuus.fi\\\/jasenille\\\/wp-content\\\/uploads\\\/sites\\\/1\\\/2023\\\/10\\\/placeholder.png\",\"width\":2560,\"height\":1920,\"caption\":\"Teknologiateollisuus - J\u00e4senille\"},\"image\":{\"@id\":\"https:\\\/\\\/teknologiateollisuus.fi\\\/jasenille\\\/#\\\/schema\\\/logo\\\/image\\\/\"}}]}<\/script>\n<!-- \/ Yoast SEO Premium plugin. -->","yoast_head_json":{"title":"Alan osaajatarve - Teknologiateollisuus - J\u00e4senille","description":"Teknologia-alan osaajatarve muodostaa sek\u00e4 haasteen ett\u00e4 mahdollisuuden alan yrityksille. Lue lis\u00e4\u00e4 ja l\u00f6yd\u00e4 ratkaisuja osaajatarpeeseen!","robots":{"index":"index","follow":"follow","max-snippet":"max-snippet:-1","max-image-preview":"max-image-preview:large","max-video-preview":"max-video-preview:-1"},"canonical":"https:\/\/teknologiateollisuus.fi\/jasenille\/palvelut\/kasvupalvelut\/osaajat-ja-vetovoima\/alan-osaajatarve\/","og_locale":"fi_FI","og_type":"article","og_title":"Alan osaajatarve","og_description":"Teknologia-alan osaajatarve muodostaa sek\u00e4 haasteen ett\u00e4 mahdollisuuden alan yrityksille. Lue lis\u00e4\u00e4 ja l\u00f6yd\u00e4 ratkaisuja osaajatarpeeseen!","og_url":"https:\/\/teknologiateollisuus.fi\/jasenille\/palvelut\/kasvupalvelut\/osaajat-ja-vetovoima\/alan-osaajatarve\/","og_site_name":"Teknologiateollisuus - J\u00e4senille","article_modified_time":"2025-08-07T09:59:15+00:00","og_image":[{"width":1200,"height":675,"url":"https:\/\/teknologiateollisuus.fi\/jasenille\/wp-content\/uploads\/sites\/1\/2023\/12\/Somekuva-twitter-1.png","type":"image\/png"}],"twitter_card":"summary_large_image","twitter_misc":{"Arvioitu lukuaika":"2 minuuttia"},"schema":{"@context":"https:\/\/schema.org","@graph":[{"@type":"WebPage","@id":"https:\/\/teknologiateollisuus.fi\/jasenille\/palvelut\/kasvupalvelut\/osaajat-ja-vetovoima\/alan-osaajatarve\/","url":"https:\/\/teknologiateollisuus.fi\/jasenille\/palvelut\/kasvupalvelut\/osaajat-ja-vetovoima\/alan-osaajatarve\/","name":"Alan osaajatarve - Teknologiateollisuus - J\u00e4senille","isPartOf":{"@id":"https:\/\/teknologiateollisuus.fi\/jasenille\/#website"},"primaryImageOfPage":{"@id":"https:\/\/teknologiateollisuus.fi\/jasenille\/palvelut\/kasvupalvelut\/osaajat-ja-vetovoima\/alan-osaajatarve\/#primaryimage"},"image":{"@id":"https:\/\/teknologiateollisuus.fi\/jasenille\/palvelut\/kasvupalvelut\/osaajat-ja-vetovoima\/alan-osaajatarve\/#primaryimage"},"thumbnailUrl":"https:\/\/teknologiateollisuus.fi\/jasenille\/wp-content\/uploads\/sites\/1\/2023\/12\/Somekuva-twitter-1-800x450.png","datePublished":"2023-12-11T11:26:05+00:00","dateModified":"2025-08-07T09:59:15+00:00","description":"Teknologia-alan osaajatarve muodostaa sek\u00e4 haasteen ett\u00e4 mahdollisuuden alan yrityksille. Lue lis\u00e4\u00e4 ja l\u00f6yd\u00e4 ratkaisuja osaajatarpeeseen!","breadcrumb":{"@id":"https:\/\/teknologiateollisuus.fi\/jasenille\/palvelut\/kasvupalvelut\/osaajat-ja-vetovoima\/alan-osaajatarve\/#breadcrumb"},"inLanguage":"fi","potentialAction":[{"@type":"ReadAction","target":["https:\/\/teknologiateollisuus.fi\/jasenille\/palvelut\/kasvupalvelut\/osaajat-ja-vetovoima\/alan-osaajatarve\/"]}]},{"@type":"ImageObject","inLanguage":"fi","@id":"https:\/\/teknologiateollisuus.fi\/jasenille\/palvelut\/kasvupalvelut\/osaajat-ja-vetovoima\/alan-osaajatarve\/#primaryimage","url":"https:\/\/teknologiateollisuus.fi\/jasenille\/wp-content\/uploads\/sites\/1\/2023\/12\/Somekuva-twitter-1.png","contentUrl":"https:\/\/teknologiateollisuus.fi\/jasenille\/wp-content\/uploads\/sites\/1\/2023\/12\/Somekuva-twitter-1.png","width":1200,"height":675,"caption":"Teknologiateollisuus tarvitsee 130 000 uutta osaajaa seuraavan kymmenen vuoden aikana, infograafi."},{"@type":"BreadcrumbList","@id":"https:\/\/teknologiateollisuus.fi\/jasenille\/palvelut\/kasvupalvelut\/osaajat-ja-vetovoima\/alan-osaajatarve\/#breadcrumb","itemListElement":[{"@type":"ListItem","position":1,"name":"Home","item":"https:\/\/teknologiateollisuus.fi\/jasenille\/"},{"@type":"ListItem","position":2,"name":"Palvelut","item":"https:\/\/teknologiateollisuus.fi\/jasenille\/palvelut\/"},{"@type":"ListItem","position":3,"name":"Kasvupalvelut","item":"https:\/\/teknologiateollisuus.fi\/jasenille\/palvelut\/kasvupalvelut\/"},{"@type":"ListItem","position":4,"name":"Osaajat ja vetovoima","item":"https:\/\/teknologiateollisuus.fi\/jasenille\/palvelut\/kasvupalvelut\/osaajat-ja-vetovoima\/"},{"@type":"ListItem","position":5,"name":"Alan osaajatarve"}]},{"@type":"WebSite","@id":"https:\/\/teknologiateollisuus.fi\/jasenille\/#website","url":"https:\/\/teknologiateollisuus.fi\/jasenille\/","name":"Teknologiateollisuus - J\u00e4senille","description":"","publisher":{"@id":"https:\/\/teknologiateollisuus.fi\/jasenille\/#organization"},"potentialAction":[{"@type":"SearchAction","target":{"@type":"EntryPoint","urlTemplate":"https:\/\/teknologiateollisuus.fi\/jasenille\/?s={search_term_string}"},"query-input":{"@type":"PropertyValueSpecification","valueRequired":true,"valueName":"search_term_string"}}],"inLanguage":"fi"},{"@type":"Organization","@id":"https:\/\/teknologiateollisuus.fi\/jasenille\/#organization","name":"Teknologiateollisuus - J\u00e4senille","url":"https:\/\/teknologiateollisuus.fi\/jasenille\/","logo":{"@type":"ImageObject","inLanguage":"fi","@id":"https:\/\/teknologiateollisuus.fi\/jasenille\/#\/schema\/logo\/image\/","url":"https:\/\/teknologiateollisuus.fi\/jasenille\/wp-content\/uploads\/sites\/1\/2023\/10\/placeholder.png","contentUrl":"https:\/\/teknologiateollisuus.fi\/jasenille\/wp-content\/uploads\/sites\/1\/2023\/10\/placeholder.png","width":2560,"height":1920,"caption":"Teknologiateollisuus - J\u00e4senille"},"image":{"@id":"https:\/\/teknologiateollisuus.fi\/jasenille\/#\/schema\/logo\/image\/"}}]}},"lang":"fi","translations":{"fi":1149},"pll_sync_post":[],"_links":{"self":[{"href":"https:\/\/teknologiateollisuus.fi\/jasenille\/wp-json\/wp\/v2\/pages\/1149","targetHints":{"allow":["GET"]}}],"collection":[{"href":"https:\/\/teknologiateollisuus.fi\/jasenille\/wp-json\/wp\/v2\/pages"}],"about":[{"href":"https:\/\/teknologiateollisuus.fi\/jasenille\/wp-json\/wp\/v2\/types\/page"}],"author":[{"embeddable":true,"href":"https:\/\/teknologiateollisuus.fi\/jasenille\/wp-json\/wp\/v2\/users\/11"}],"replies":[{"embeddable":true,"href":"https:\/\/teknologiateollisuus.fi\/jasenille\/wp-json\/wp\/v2\/comments?post=1149"}],"version-history":[{"count":31,"href":"https:\/\/teknologiateollisuus.fi\/jasenille\/wp-json\/wp\/v2\/pages\/1149\/revisions"}],"predecessor-version":[{"id":27425,"href":"https:\/\/teknologiateollisuus.fi\/jasenille\/wp-json\/wp\/v2\/pages\/1149\/revisions\/27425"}],"up":[{"embeddable":true,"href":"https:\/\/teknologiateollisuus.fi\/jasenille\/wp-json\/wp\/v2\/pages\/1113"}],"wp:attachment":[{"href":"https:\/\/teknologiateollisuus.fi\/jasenille\/wp-json\/wp\/v2\/media?parent=1149"}],"curies":[{"name":"wp","href":"https:\/\/api.w.org\/{rel}","templated":true}]}}