{"id":1152,"date":"2023-12-11T13:26:56","date_gmt":"2023-12-11T11:26:56","guid":{"rendered":"https:\/\/teknologiateollisuus.fi\/jasenille\/?page_id=1152"},"modified":"2025-07-18T13:51:03","modified_gmt":"2025-07-18T10:51:03","slug":"oppilaitosyhteistyo","status":"publish","type":"page","link":"https:\/\/teknologiateollisuus.fi\/jasenille\/palvelut\/vetovoima-mytech\/oppilaitosyhteistyo\/","title":{"rendered":"Oppilaitosyhteisty\u00f6"},"content":{"rendered":"\n<div class=\"em-block-hero hero-has-background-color has-background has-black-background-color collapse  \">\n\t<div class=\"em-block-hero__container\">\n\t\t<div class=\"em-block-hero__content\">\n\t\t\t<div class=\"yoast-breadcrumbs\"><span><span><a href=\"https:\/\/teknologiateollisuus.fi\/jasenille\/\">Home<\/a><\/span> <span class=\"separator\"><\/span> <span><a href=\"https:\/\/teknologiateollisuus.fi\/jasenille\/palvelut\/\">Palvelut<\/a><\/span> <span class=\"separator\"><\/span> <span><a href=\"https:\/\/teknologiateollisuus.fi\/jasenille\/palvelut\/vetovoima-mytech\/\">Vetovoima \u2013 MyTech \u00ae<\/a><\/span> <span class=\"separator\"><\/span> <span class=\"breadcrumb_last\" aria-current=\"page\">Oppilaitosyhteisty\u00f6<\/span><\/span><\/div>\t\t\t\n<h1 class=\"wp-block-heading\" id=\"h-tyoelamayhteistyo\">Ty\u00f6el\u00e4m\u00e4yhteisty\u00f6<\/h1>\n\n<p>Olemme koonneet t\u00e4lle sivulle suorat linkit tekniikan alan ammatillisten oppilaitosten ja korkeakoulujen ty\u00f6el\u00e4m\u00e4palveluihin. Linkkien kautta n\u00e4et, millaisia yhteisty\u00f6mahdollisuuksia l\u00e4hialueesi oppilaitoksilla on tarjota.<\/p>\n\t\t\t<div class=\"em-block-hero__modified-date\"> P\u00e4ivitetty 18.07.2025 klo 13:51<\/div>\t\t<\/div>\n\t\t\t\t\t<figure class=\"em-block-hero__image\">\n\t\t\t\t\t\t\t<\/figure>\n\t\t\t<\/div>\n<\/div>\n\n\n\n<h2 class=\"wp-block-heading\" id=\"h-miten-yritys-voi-hyotya-oppilaitosyhteistyosta\" id=\"miten-yritys-voi-hyotya-oppilaitosyhteistyosta\">Miten yritys voi hy\u00f6ty\u00e4 oppilaitosyhteisty\u00f6st\u00e4?<\/h2>\n\n\n\n<ul class=\"wp-block-list is-style-default\">\n<li>Korkeakouluilla voi olla esimerkiksi kursseja, joihin he etsiv\u00e4t yrityksilt\u00e4 projektiaiheita.<\/li>\n\n\n\n<li>Tarjolla voi olla opiskelijatiimej\u00e4 ratkomaan yritysten projekteja tai esimerkiksi opinn\u00e4ytety\u00f6ntekij\u00f6it\u00e4.<\/li>\n\n\n\n<li>Korkeakoulujen hankesalkuista voi l\u00f6yty\u00e4 yrityksellenne sopiva hanke ja sopivat tekij\u00e4t.<\/li>\n\n\n\n<li>Ammattiopistot j\u00e4rjest\u00e4v\u00e4t ty\u00f6paikkaohjaajakoulutuksia. Koulutus parantaa koulun ja yrityksen yhteisty\u00f6t\u00e4 ja nuorten ty\u00f6paikalla oppimista.<\/li>\n<\/ul>\n\n\n\n<div class=\"wp-block-evermade-accordion em-block-accordion js-accordion-group\">\n<div class=\"wp-block-evermade-accordion-item em-block-accordion-item js-accordion-item\"><h6 class=\"em-block-accordion-item__title-wrapper\"><button class=\"em-block-accordion-item__title js-accordion-controller\">Ammattioppilaitokset ja yritysyhteisty\u00f6<\/button><\/h6><div id=\"accordion-item-content-3\" class=\"em-block-accordion-item__content js-accordion-content\">\n<p class=\" mt-xs\"><a href=\"https:\/\/careeria.fi\/yrityksille-ja-yhteisoille\/\">Careeria-ammattiopisto, Porvoo<\/a><\/p>\n\n\n\n<p class=\" mt-xs\"><a href=\"https:\/\/esedu.fi\/tyoelamalle\/\">Esedu, Etel\u00e4-Savon ammattiopisto, Mikkeli ja Pieks\u00e4m\u00e4ki<\/a> <\/p>\n\n\n\n<p class=\" mt-xs\"><a href=\"https:\/\/www.hyria.fi\/yrityksille\">Hyria, Riihim\u00e4ki<\/a><\/p>\n\n\n\n<p class=\" mt-xs\"><a href=\"https:\/\/www.kao.fi\/tyoelama-ja-yrityspalvelut\/\">Kainuun ammattiopisto KAO, Kajaani<\/a><\/p>\n\n\n\n<p class=\" mt-xs\"><a href=\"https:\/\/www.brahe.fi\/tyoelamalle\">Koulutuskeskus BRAHE, Raahe<\/a><\/p>\n\n\n\n<p class=\" mt-xs\"><a href=\"https:\/\/jedu.fi\/tyoelamalle\/\">Koulutuskeskus JEDU, toimipaikat Haapavesi, Kalajoki, Nivala ja Piippola<\/a><\/p>\n\n\n\n<p class=\" mt-xs\"><a href=\"https:\/\/tyoelamalle.lappia.fi\/\">LAPPIA, toimipaikat Kemi, Muonio ja Tornio<\/a><\/p>\n\n\n\n<p class=\" mt-xs\"><a href=\"https:\/\/www.luksia.fi\/palvelut\/palvelut-yrityksille\/\">Luksia, L\u00e4nsi-Uudenmaan koulutuskuntayhtym\u00e4, Nummela<\/a><\/p>\n\n\n\n<p class=\" mt-xs\"><a href=\"https:\/\/www.novida.fi\/tyoelamalle\/\">Novida, ammattiopisto ja lukio, Loimaa, Lieto ja Uusikaupunki<\/a><\/p>\n\n\n\n<p class=\" mt-xs\"><a href=\"https:\/\/www.omnia.fi\/tyonantajat-yrittajat\">OMNIA, Espoo<\/a><\/p>\n\n\n\n<p class=\" mt-xs\"><a href=\"https:\/\/www.osao.fi\/palvelut-tyopaikoille\/\">OSAO, toimipaikat Oulu, Pudasj\u00e4rvi ja Taivalkoski<\/a><\/p>\n\n\n\n<p class=\" mt-xs\"><a href=\"https:\/\/poke.fi\/tyoelamalle\">POKE Pohjoisen Keski-Suomen ammattiopisto, Viitasaari ja \u00c4\u00e4nekoski<\/a><\/p>\n\n\n\n<p class=\" mt-xs\"><a href=\"https:\/\/www.raseko.fi\/yritysyhteistyo\/\">RASEKO, Raision seudun koulutuskuntayhtym\u00e4<\/a><\/p>\n\n\n\n<p class=\" mt-xs\"><a href=\"https:\/\/www.salpaus.fi\/yritysasiakas\/\">Koulutuskeskus SALPAUS, Lahti<\/a><\/p>\n\n\n\n<p class=\" mt-xs\"><a href=\"https:\/\/samiedu.fi\/palvelut-yrityksille\/\">SAMIEDU, Savonlinna<\/a><\/p>\n\n\n\n<p class=\" mt-xs\"><a href=\"https:\/\/sasky.fi\/tyoelamalle\/\">SASKY koulutuskuntayhtym\u00e4, toimipaikat Ikaalinen, M\u00e4ntt\u00e4, Sastamala ja Tampere<\/a><\/p>\n\n\n\n<p class=\" mt-xs\"><a href=\"https:\/\/sataedu.fi\/tyoelamalle\/\">SATAEDU, Kankaanp\u00e4\u00e4, Kokem\u00e4ki ja Ulvila<\/a><\/p>\n\n\n\n<p class=\" mt-xs\"><a href=\"https:\/\/sedu.fi\/ratkaisuja-yrityksille\/\">SEDU, Sein\u00e4joki<\/a><\/p>\n\n\n\n<p class=\" mt-xs\"><a href=\"https:\/\/www.hel.fi\/fi\/kasvatus-ja-koulutus\/ammatillinen-koulutus\/tyoelamayhteistyo\">Stadin ammattiopisto, Helsinki<\/a><\/p>\n\n\n\n<p class=\" mt-xs\"><a href=\"https:\/\/www.tredu.fi\/tyoelamalle\/mita-tredu-tarjoaa-tyoelamalle\/\">Tampereen seudun ammattiopisto TREDU<\/a><\/p>\n\n\n\n<p class=\" mt-xs\"><a href=\"https:\/\/www.turunakk.fi\/yrityspalvelut\">Turun aikuiskoulutuskeskus <\/a><\/p>\n\n\n\n<p class=\" mt-xs\"><a href=\"https:\/\/www.turkuai.fi\/turun-ammatti-instituutti\/tyo-ja-yrityselama\">Turun ammatti-instituutti<\/a><\/p>\n\n\n\n<p class=\" mt-xs\"><a href=\"https:\/\/vaao.fi\/tyoelamalle\">VAAO Valkeakosken ammattiopisto<\/a><\/p>\n<\/div><\/div>\n\n\n\n<div class=\"wp-block-evermade-accordion-item em-block-accordion-item js-accordion-item\"><h6 class=\"em-block-accordion-item__title-wrapper\"><button class=\"em-block-accordion-item__title js-accordion-controller\">Ammattikorkeakoulut ja yritysyhteisty\u00f6<\/button><\/h6><div id=\"accordion-item-content-4\" class=\"em-block-accordion-item__content js-accordion-content\">\n<p class=\" mt-xs\"><a href=\"https:\/\/net.centria.fi\/tki\/koulutus-ja-kehittamispalvelut\/\">Centria ammattikorkeakoulu, Kokkola ja Pietarsaari<\/a><\/p>\n\n\n\n<p class=\" mt-xs\"><a href=\"https:\/\/www.hamk.fi\/\">HAMK H\u00e4meen ammattikorkeakoulu, H\u00e4meenlinna, Riihim\u00e4ki ja Valkeakoski<\/a><\/p>\n\n\n\n<p class=\" mt-xs\"><a href=\"https:\/\/www.jamk.fi\/fi\/palvelut\">JAMK Jyv\u00e4skyl\u00e4n ammattikorkeakoulu<\/a><\/p>\n\n\n\n<p class=\" mt-xs\"><a href=\"https:\/\/www.karelia.fi\/tutkimus-ja-oppimisymparistot\/\">Karelia-ammattikorkeakoulu, Joensuu<\/a><\/p>\n\n\n\n<p class=\" mt-xs\"><a href=\"https:\/\/lab.fi\/fi\/yrityksille\">LAB-ammattikorkeakoulu, Lahti ja Lappeenranta<\/a><\/p>\n\n\n\n<p class=\" mt-xs\"><a href=\"https:\/\/www.lapinamk.fi\/fi\/Yrityksille-ja-yhteisoille\">Lapin ammattikorkeakoulu, Kemi ja Rovaniemi<\/a><\/p>\n\n\n\n<p class=\" mt-xs\"><a href=\"https:\/\/www.metropolia.fi\/fi\/metropoliasta\/tyoelamayhteistyosopimuskumppanit\">Metropolia ammattikorkeakoulu, Karamalmi, Myllypuro ja Myyrm\u00e4ki, He<\/a><a href=\"https:\/\/www.metropolia.fi\/fi\/asiakastyot-ja-palvelut?field_service_category_target_id[305]=305&amp;field_service_category_target_id[77]=77\">lsinki<\/a><\/p>\n\n\n\n<p class=\" mt-xs\"><a href=\"https:\/\/oamk.fi\/palvelut\/\">OAMK Oulun ammattikorkeakoulu<\/a><\/p>\n\n\n\n<p class=\" mt-xs\"><a href=\"https:\/\/www.samk.fi\/\">SAMK Satakunnan ammattikorkeakoulu, Pori ja Rauma<\/a><\/p>\n\n\n\n<p class=\" mt-xs\"><a href=\"https:\/\/www.savonia.fi\/yrityksille\/\">Savonia-ammattikorkeakoulu, Kuopio<\/a><\/p>\n\n\n\n<p class=\" mt-xs\"><a href=\"https:\/\/www.seamk.fi\/\">Sein\u00e4joen ammattikorkeakoulu<\/a><\/p>\n\n\n\n<p class=\" mt-xs\"><a href=\"https:\/\/www.tuni.fi\/fi\/palvelut-ja-yhteistyo\/palvelumme-yrityksille-ja-yhteisoille\">Tampereen ammattikorkeakoulu<\/a><\/p>\n\n\n\n<p class=\" mt-xs\"><a href=\"https:\/\/www.turkuamk.fi\/fi\/tyoelamapalvelut\/palvelut\/\">Turun ammattikorkeakoulu<\/a><\/p>\n\n\n\n<p class=\" mt-xs\"><a href=\"https:\/\/www.vamk.fi\/\">VAMK Vaasan ammattikorkeakoulu<\/a><\/p>\n\n\n\n<p class=\" mt-xs\"><a href=\"https:\/\/www.xamk.fi\/\">XAMK Kaakkois-Suomen ammattikorkeakoulu, Savonlinna<\/a><\/p>\n<\/div><\/div>\n\n\n\n<div class=\"wp-block-evermade-accordion-item em-block-accordion-item js-accordion-item\"><h6 class=\"em-block-accordion-item__title-wrapper\"><button class=\"em-block-accordion-item__title js-accordion-controller\">Yliopistot ja yritysyhteisty\u00f6<\/button><\/h6><div id=\"accordion-item-content-5\" class=\"em-block-accordion-item__content js-accordion-content\">\n<p class=\" mt-xs\"><a href=\"https:\/\/www.aalto.fi\/fi\/yritysyhteistyo\">Aalto-yliopisto, Espoo<\/a><\/p>\n\n\n\n<p class=\" mt-xs\"><a href=\"https:\/\/www.helsinki.fi\/fi\/innovaatiot-ja-yhteistyo\/innovaatiot-ja-yrittajyys\/yritysyhteistyo-ja-kumppanuudet\/opiskelijayhteistyo\">Helsingin yliopisto, Helsinki<\/a><\/p>\n\n\n\n<p class=\" mt-xs\"><a href=\"https:\/\/www.uef.fi\/fi\/palvelut-yrityksille-ja-yhteisoille\">It\u00e4-Suomen yliopisto UEF, Joensuu ja Kuopio<\/a><\/p>\n\n\n\n<p class=\" mt-xs\"><a href=\"https:\/\/www.jyu.fi\/fi\/yhteistyo\/yritysyhteistyo-ja-kumppanuudet\">Jyv\u00e4skyl\u00e4n yliopisto<\/a><\/p>\n\n\n\n<p class=\" mt-xs\"><a href=\"https:\/\/www.lut.fi\/fi\/yrityksille\">LUT-yliopisto, Lahti ja Lappeenranta<\/a><\/p>\n\n\n\n<p class=\" mt-xs\"><a href=\"https:\/\/www.oulu.fi\/fi\/yhteistyo\/palvelut-yrityksille-ja-yhteisoille\/opiskelijayhteistyo\">Oulun yliopisto<\/a><\/p>\n\n\n\n<p class=\" mt-xs\"><a href=\"https:\/\/ucpori.fi\/fi-fi\/yhteistyo\/yritysyhteistyo\/96\/\">Porin yliopistokeskus<\/a><\/p>\n\n\n\n<p class=\" mt-xs\"><a href=\"https:\/\/www.oulu.fi\/fi\/yhteistyo\/palvelut-yrityksille-ja-yhteisoille\/opiskelijayhteistyo\">Rovaniemen yliopisto<\/a><\/p>\n\n\n\n<p class=\" mt-xs\"><a href=\"https:\/\/www.tuni.fi\/fi\/palvelut-ja-yhteistyo\">Tampereen yliopisto<\/a><\/p>\n\n\n\n<p class=\" mt-xs\"><a href=\"https:\/\/www.utu.fi\/fi\/yritysyhteistyo\">Turun yliopisto<\/a><\/p>\n\n\n\n<p class=\" mt-xs\"><a href=\"https:\/\/www.uwasa.fi\/fi\/yhteistyo\/yritykset-ja-yhteisot\">Vaasan yliopisto<\/a><\/p>\n\n\n\n<p class=\" mt-xs\"><a href=\"https:\/\/www.abo.fi\/fi\/tee-yhteistyota-kanssamme\/\">\u00c5bo Akademi, Turku<\/a><\/p>\n<\/div><\/div>\n<\/div>\n\n\n\n<div class=\"wp-block-evermade-links em-block-links has-columns-1\">\n<a\n\tclass=\"wp-block-evermade-external-link em-block-link is-external   has-subtitle\"\n\thref=\"https:\/\/journal.fi\/janus\/article\/view\/50665\/15377\"\n\taria-label=\"Avaa uudessa v\u00e4lilehdess\u00e4\"\n\ttarget=\"_blank\"\n\trel=\"noopener noreferrer\"\n>\n\t<div class=\"em-block-link__content\">\n\t\t<span class=\"em-block-link__title\">\n\t\t\tTy\u00f6el\u00e4m\u00e4n ja ammattikorkeakoulun kumppanuus\t\t<\/span>\n\t\t\t\t\t<span class=\"em-block-link__subtitle\">\n\t\t\t\tTutustu ty\u00f6el\u00e4m\u00e4n ja ammattikorkeakoulun kumppanuuteen vaikuttaviin tekij\u00f6ihin sek\u00e4 niiden toteutumista edist\u00e4viin ja est\u00e4viin ominaispiirteisiin (taulukko 2 sivulla 9).\t\t\t<\/span>\n\t\t\t<\/div>\n\t<div class=\"em-block-link__arrow\"><\/div>\n\t<div class=\"em-block-link__pressable\"><\/div>\n<\/a>\n<\/div>\n\n\n\n<div class=\"wp-block-scb-columns scb-columns  has-mobile-behavior--stacked has-auto-fit em-pattern-event-contacts\">\n<div class=\"wp-block-scb-column scb-column is-scale-cover\">\n<h2 class=\"wp-block-heading\" id=\"h-lisatiedot\" id=\"lisatiedot\">Lis\u00e4tiedot:<\/h2>\n\n\n\n<article class=\"em-block-contact-card is-style-list\">\n\n\t<div class=\"em-block-contact-card__image\">\n\t\t\t\t\t<img loading=\"lazy\" decoding=\"async\" width=\"300\" height=\"400\" src=\"https:\/\/teknologiateollisuus.fi\/jasenille\/wp-content\/uploads\/2024\/05\/phpqmquup.png\" class=\"attachment-portrait size-portrait\" alt=\"\" \/>\t\t\t<\/div>\n\t<div class=\"em-block-contact-card__content-wrapper\">\n\t\t<div class=\"em-block-contact-card__content\">\n\t\t\t\t\t\t\t<div class=\"em-block-contact-card__business-units\">\n\t\t\t\t\t\t\t\t\t\t\t<span class=\"em-block-contact-card__business-unit\">Uudet teknologiat ja osaaminen<\/span>\n\t\t\t\t\t\t\t\t\t<\/div>\n\t\t\t\t\t\t<h3 class=\"em-block-contact-card__title\"><a target=\"_self\" href=\"https:\/\/teknologiateollisuus.fi\/?p=1025\">Taipalkoski Jenni<\/a><\/h3>\n\t\t\t\t\t\t\t<span class=\"em-block-contact-card__job_title\">Asiantuntija &#8211; Osaava ty\u00f6voima<\/span>\n\t\t\t\t\t\t\t\t\t\t<span class=\"em-block-contact-card__organisation\">Teknologiateollisuus ry<\/span>\n\t\t\t\t\t<\/div>\n\t\t<div class=\"em-block-contact-card__content\">\n\t\t\t\t\t\t<address class=\"em-block-contact-card__contact-details\">\n\t\t\t\t\t\t\t\t\t<span class=\"em-block-contact-card__phone\">\n\t\t\t\t\t\t<a href=\"tel:+358 400797405\">+358 400797405<\/a><\/a>\n\t\t\t\t\t<\/span>\n\t\t\t\t\t\t\t\t\t\t\t\t\t<span class=\"em-block-contact-card__email\">\n\t\t\t\t\t\t<a href=\"mailto:jenni.taipalkoski@teknologiateollisuus.fi\">jenni.taipalkoski@teknologiateollisuus.fi<\/a><\/a>\n\t\t\t\t\t<\/span>\n\t\t\t\t\t\t\t<\/address>\n\t\t\t\t\t<\/div>\n\t<\/div>\n\n<\/article>\n\n\n\n<article class=\"em-block-contact-card is-style-list\">\n\n\t<div class=\"em-block-contact-card__image\">\n\t\t\t\t\t<img loading=\"lazy\" decoding=\"async\" width=\"300\" height=\"400\" src=\"https:\/\/teknologiateollisuus.fi\/jasenille\/wp-content\/uploads\/2024\/05\/phpokfzvn.jpg\" class=\"attachment-portrait size-portrait\" alt=\"\" \/>\t\t\t<\/div>\n\t<div class=\"em-block-contact-card__content-wrapper\">\n\t\t<div class=\"em-block-contact-card__content\">\n\t\t\t\t\t\t\t<div class=\"em-block-contact-card__business-units\">\n\t\t\t\t\t\t\t\t\t\t\t<span class=\"em-block-contact-card__business-unit\">Yritt\u00e4jyys ja aluetoiminta<\/span>\n\t\t\t\t\t\t\t\t\t<\/div>\n\t\t\t\t\t\t<h3 class=\"em-block-contact-card__title\"><a target=\"_self\" href=\"https:\/\/teknologiateollisuus.fi\/?p=1052\">Laine Eija<\/a><\/h3>\n\t\t\t\t\t\t\t<span class=\"em-block-contact-card__job_title\">Asiantuntija, aluetoiminta ja vetovoima &#8211; Aluetoiminta<\/span>\n\t\t\t\t\t\t\t\t\t\t<span class=\"em-block-contact-card__organisation\">Teknologiateollisuus ry<\/span>\n\t\t\t\t\t<\/div>\n\t\t<div class=\"em-block-contact-card__content\">\n\t\t\t\t\t\t<address class=\"em-block-contact-card__contact-details\">\n\t\t\t\t\t\t\t\t\t<span class=\"em-block-contact-card__phone\">\n\t\t\t\t\t\t<a href=\"tel:+358 409030622\">+358 409030622<\/a><\/a>\n\t\t\t\t\t<\/span>\n\t\t\t\t\t\t\t\t\t\t\t\t\t<span class=\"em-block-contact-card__email\">\n\t\t\t\t\t\t<a href=\"mailto:eija.laine@teknologiateollisuus.fi\">eija.laine@teknologiateollisuus.fi<\/a><\/a>\n\t\t\t\t\t<\/span>\n\t\t\t\t\t\t\t<\/address>\n\t\t\t\t\t<\/div>\n\t<\/div>\n\n<\/article>\n<\/div>\n<\/div>\n","protected":false},"excerpt":{"rendered":"<p>Miten yritys voi hy\u00f6ty\u00e4 oppilaitosyhteisty\u00f6st\u00e4?<\/p>\n","protected":false},"author":9,"featured_media":0,"parent":1146,"menu_order":0,"comment_status":"closed","ping_status":"closed","template":"","meta":{"_acf_changed":false,"_relevanssi_hide_post":"","_relevanssi_hide_content":"","_relevanssi_pin_for_all":"","_relevanssi_pin_keywords":"","_relevanssi_unpin_keywords":"","_relevanssi_related_keywords":"","_relevanssi_related_include_ids":"","_relevanssi_related_exclude_ids":"","_relevanssi_related_no_append":"","_relevanssi_related_not_related":"","_relevanssi_related_posts":"169,167,168,166,165,1417","_relevanssi_noindex_reason":"","inline_featured_image":false,"growthstack-ab-test":[],"growthstack-ab-test-views":[],"footnotes":""},"class_list":["post-1152","page","type-page","status-publish","hentry"],"acf":{"is_store_related":false,"locked":false},"yoast_head":"<!-- This site is optimized with the Yoast SEO Premium plugin v27.1 (Yoast SEO v27.4) - https:\/\/yoast.com\/product\/yoast-seo-premium-wordpress\/ -->\n<title>Oppilaitosyhteisty\u00f6 - Teknologiateollisuus - J\u00e4senille<\/title>\n<meta name=\"robots\" content=\"index, follow, max-snippet:-1, max-image-preview:large, max-video-preview:-1\" \/>\n<link rel=\"canonical\" href=\"https:\/\/teknologiateollisuus.fi\/jasenille\/palvelut\/vetovoima-mytech\/oppilaitosyhteistyo\/\" \/>\n<meta property=\"og:locale\" content=\"fi_FI\" \/>\n<meta property=\"og:type\" content=\"article\" \/>\n<meta property=\"og:title\" content=\"Oppilaitosyhteisty\u00f6\" \/>\n<meta property=\"og:description\" content=\"Miten yritys voi hy\u00f6ty\u00e4 oppilaitosyhteisty\u00f6st\u00e4?\" \/>\n<meta property=\"og:url\" content=\"https:\/\/teknologiateollisuus.fi\/jasenille\/palvelut\/vetovoima-mytech\/oppilaitosyhteistyo\/\" \/>\n<meta property=\"og:site_name\" content=\"Teknologiateollisuus - J\u00e4senille\" \/>\n<meta property=\"article:modified_time\" content=\"2025-07-18T10:51:03+00:00\" \/>\n<meta name=\"twitter:card\" content=\"summary_large_image\" \/>\n<meta name=\"twitter:label1\" content=\"Arvioitu lukuaika\" \/>\n\t<meta name=\"twitter:data1\" content=\"2 minuuttia\" \/>\n<script type=\"application\/ld+json\" class=\"yoast-schema-graph\">{\"@context\":\"https:\\\/\\\/schema.org\",\"@graph\":[{\"@type\":\"WebPage\",\"@id\":\"https:\\\/\\\/teknologiateollisuus.fi\\\/jasenille\\\/palvelut\\\/vetovoima-mytech\\\/oppilaitosyhteistyo\\\/\",\"url\":\"https:\\\/\\\/teknologiateollisuus.fi\\\/jasenille\\\/palvelut\\\/vetovoima-mytech\\\/oppilaitosyhteistyo\\\/\",\"name\":\"Oppilaitosyhteisty\u00f6 - Teknologiateollisuus - J\u00e4senille\",\"isPartOf\":{\"@id\":\"https:\\\/\\\/teknologiateollisuus.fi\\\/jasenille\\\/#website\"},\"datePublished\":\"2023-12-11T11:26:56+00:00\",\"dateModified\":\"2025-07-18T10:51:03+00:00\",\"breadcrumb\":{\"@id\":\"https:\\\/\\\/teknologiateollisuus.fi\\\/jasenille\\\/palvelut\\\/vetovoima-mytech\\\/oppilaitosyhteistyo\\\/#breadcrumb\"},\"inLanguage\":\"fi\",\"potentialAction\":[{\"@type\":\"ReadAction\",\"target\":[\"https:\\\/\\\/teknologiateollisuus.fi\\\/jasenille\\\/palvelut\\\/vetovoima-mytech\\\/oppilaitosyhteistyo\\\/\"]}]},{\"@type\":\"BreadcrumbList\",\"@id\":\"https:\\\/\\\/teknologiateollisuus.fi\\\/jasenille\\\/palvelut\\\/vetovoima-mytech\\\/oppilaitosyhteistyo\\\/#breadcrumb\",\"itemListElement\":[{\"@type\":\"ListItem\",\"position\":1,\"name\":\"Home\",\"item\":\"https:\\\/\\\/teknologiateollisuus.fi\\\/jasenille\\\/\"},{\"@type\":\"ListItem\",\"position\":2,\"name\":\"Palvelut\",\"item\":\"https:\\\/\\\/teknologiateollisuus.fi\\\/jasenille\\\/palvelut\\\/\"},{\"@type\":\"ListItem\",\"position\":3,\"name\":\"Vetovoima \u2013 MyTech \u00ae\",\"item\":\"https:\\\/\\\/teknologiateollisuus.fi\\\/jasenille\\\/palvelut\\\/vetovoima-mytech\\\/\"},{\"@type\":\"ListItem\",\"position\":4,\"name\":\"Oppilaitosyhteisty\u00f6\"}]},{\"@type\":\"WebSite\",\"@id\":\"https:\\\/\\\/teknologiateollisuus.fi\\\/jasenille\\\/#website\",\"url\":\"https:\\\/\\\/teknologiateollisuus.fi\\\/jasenille\\\/\",\"name\":\"Teknologiateollisuus - J\u00e4senille\",\"description\":\"\",\"publisher\":{\"@id\":\"https:\\\/\\\/teknologiateollisuus.fi\\\/jasenille\\\/#organization\"},\"potentialAction\":[{\"@type\":\"SearchAction\",\"target\":{\"@type\":\"EntryPoint\",\"urlTemplate\":\"https:\\\/\\\/teknologiateollisuus.fi\\\/jasenille\\\/?s={search_term_string}\"},\"query-input\":{\"@type\":\"PropertyValueSpecification\",\"valueRequired\":true,\"valueName\":\"search_term_string\"}}],\"inLanguage\":\"fi\"},{\"@type\":\"Organization\",\"@id\":\"https:\\\/\\\/teknologiateollisuus.fi\\\/jasenille\\\/#organization\",\"name\":\"Teknologiateollisuus - J\u00e4senille\",\"url\":\"https:\\\/\\\/teknologiateollisuus.fi\\\/jasenille\\\/\",\"logo\":{\"@type\":\"ImageObject\",\"inLanguage\":\"fi\",\"@id\":\"https:\\\/\\\/teknologiateollisuus.fi\\\/jasenille\\\/#\\\/schema\\\/logo\\\/image\\\/\",\"url\":\"https:\\\/\\\/teknologiateollisuus.fi\\\/jasenille\\\/wp-content\\\/uploads\\\/sites\\\/1\\\/2023\\\/10\\\/placeholder.png\",\"contentUrl\":\"https:\\\/\\\/teknologiateollisuus.fi\\\/jasenille\\\/wp-content\\\/uploads\\\/sites\\\/1\\\/2023\\\/10\\\/placeholder.png\",\"width\":2560,\"height\":1920,\"caption\":\"Teknologiateollisuus - J\u00e4senille\"},\"image\":{\"@id\":\"https:\\\/\\\/teknologiateollisuus.fi\\\/jasenille\\\/#\\\/schema\\\/logo\\\/image\\\/\"}}]}<\/script>\n<!-- \/ Yoast SEO Premium plugin. -->","yoast_head_json":{"title":"Oppilaitosyhteisty\u00f6 - Teknologiateollisuus - J\u00e4senille","robots":{"index":"index","follow":"follow","max-snippet":"max-snippet:-1","max-image-preview":"max-image-preview:large","max-video-preview":"max-video-preview:-1"},"canonical":"https:\/\/teknologiateollisuus.fi\/jasenille\/palvelut\/vetovoima-mytech\/oppilaitosyhteistyo\/","og_locale":"fi_FI","og_type":"article","og_title":"Oppilaitosyhteisty\u00f6","og_description":"Miten yritys voi hy\u00f6ty\u00e4 oppilaitosyhteisty\u00f6st\u00e4?","og_url":"https:\/\/teknologiateollisuus.fi\/jasenille\/palvelut\/vetovoima-mytech\/oppilaitosyhteistyo\/","og_site_name":"Teknologiateollisuus - J\u00e4senille","article_modified_time":"2025-07-18T10:51:03+00:00","twitter_card":"summary_large_image","twitter_misc":{"Arvioitu lukuaika":"2 minuuttia"},"schema":{"@context":"https:\/\/schema.org","@graph":[{"@type":"WebPage","@id":"https:\/\/teknologiateollisuus.fi\/jasenille\/palvelut\/vetovoima-mytech\/oppilaitosyhteistyo\/","url":"https:\/\/teknologiateollisuus.fi\/jasenille\/palvelut\/vetovoima-mytech\/oppilaitosyhteistyo\/","name":"Oppilaitosyhteisty\u00f6 - Teknologiateollisuus - J\u00e4senille","isPartOf":{"@id":"https:\/\/teknologiateollisuus.fi\/jasenille\/#website"},"datePublished":"2023-12-11T11:26:56+00:00","dateModified":"2025-07-18T10:51:03+00:00","breadcrumb":{"@id":"https:\/\/teknologiateollisuus.fi\/jasenille\/palvelut\/vetovoima-mytech\/oppilaitosyhteistyo\/#breadcrumb"},"inLanguage":"fi","potentialAction":[{"@type":"ReadAction","target":["https:\/\/teknologiateollisuus.fi\/jasenille\/palvelut\/vetovoima-mytech\/oppilaitosyhteistyo\/"]}]},{"@type":"BreadcrumbList","@id":"https:\/\/teknologiateollisuus.fi\/jasenille\/palvelut\/vetovoima-mytech\/oppilaitosyhteistyo\/#breadcrumb","itemListElement":[{"@type":"ListItem","position":1,"name":"Home","item":"https:\/\/teknologiateollisuus.fi\/jasenille\/"},{"@type":"ListItem","position":2,"name":"Palvelut","item":"https:\/\/teknologiateollisuus.fi\/jasenille\/palvelut\/"},{"@type":"ListItem","position":3,"name":"Vetovoima \u2013 MyTech \u00ae","item":"https:\/\/teknologiateollisuus.fi\/jasenille\/palvelut\/vetovoima-mytech\/"},{"@type":"ListItem","position":4,"name":"Oppilaitosyhteisty\u00f6"}]},{"@type":"WebSite","@id":"https:\/\/teknologiateollisuus.fi\/jasenille\/#website","url":"https:\/\/teknologiateollisuus.fi\/jasenille\/","name":"Teknologiateollisuus - J\u00e4senille","description":"","publisher":{"@id":"https:\/\/teknologiateollisuus.fi\/jasenille\/#organization"},"potentialAction":[{"@type":"SearchAction","target":{"@type":"EntryPoint","urlTemplate":"https:\/\/teknologiateollisuus.fi\/jasenille\/?s={search_term_string}"},"query-input":{"@type":"PropertyValueSpecification","valueRequired":true,"valueName":"search_term_string"}}],"inLanguage":"fi"},{"@type":"Organization","@id":"https:\/\/teknologiateollisuus.fi\/jasenille\/#organization","name":"Teknologiateollisuus - J\u00e4senille","url":"https:\/\/teknologiateollisuus.fi\/jasenille\/","logo":{"@type":"ImageObject","inLanguage":"fi","@id":"https:\/\/teknologiateollisuus.fi\/jasenille\/#\/schema\/logo\/image\/","url":"https:\/\/teknologiateollisuus.fi\/jasenille\/wp-content\/uploads\/sites\/1\/2023\/10\/placeholder.png","contentUrl":"https:\/\/teknologiateollisuus.fi\/jasenille\/wp-content\/uploads\/sites\/1\/2023\/10\/placeholder.png","width":2560,"height":1920,"caption":"Teknologiateollisuus - J\u00e4senille"},"image":{"@id":"https:\/\/teknologiateollisuus.fi\/jasenille\/#\/schema\/logo\/image\/"}}]}},"lang":"fi","translations":{"fi":1152},"pll_sync_post":[],"_links":{"self":[{"href":"https:\/\/teknologiateollisuus.fi\/jasenille\/wp-json\/wp\/v2\/pages\/1152","targetHints":{"allow":["GET"]}}],"collection":[{"href":"https:\/\/teknologiateollisuus.fi\/jasenille\/wp-json\/wp\/v2\/pages"}],"about":[{"href":"https:\/\/teknologiateollisuus.fi\/jasenille\/wp-json\/wp\/v2\/types\/page"}],"author":[{"embeddable":true,"href":"https:\/\/teknologiateollisuus.fi\/jasenille\/wp-json\/wp\/v2\/users\/9"}],"replies":[{"embeddable":true,"href":"https:\/\/teknologiateollisuus.fi\/jasenille\/wp-json\/wp\/v2\/comments?post=1152"}],"version-history":[{"count":29,"href":"https:\/\/teknologiateollisuus.fi\/jasenille\/wp-json\/wp\/v2\/pages\/1152\/revisions"}],"predecessor-version":[{"id":27326,"href":"https:\/\/teknologiateollisuus.fi\/jasenille\/wp-json\/wp\/v2\/pages\/1152\/revisions\/27326"}],"up":[{"embeddable":true,"href":"https:\/\/teknologiateollisuus.fi\/jasenille\/wp-json\/wp\/v2\/pages\/1146"}],"wp:attachment":[{"href":"https:\/\/teknologiateollisuus.fi\/jasenille\/wp-json\/wp\/v2\/media?parent=1152"}],"curies":[{"name":"wp","href":"https:\/\/api.w.org\/{rel}","templated":true}]}}