{"id":1158,"date":"2023-12-11T13:30:00","date_gmt":"2023-12-11T11:30:00","guid":{"rendered":"https:\/\/teknologiateollisuus.fi\/jasenille\/?page_id=1158"},"modified":"2025-08-07T12:57:26","modified_gmt":"2025-08-07T09:57:26","slug":"yritys-korkeakoulut-osaamiskumppanuusmalli","status":"publish","type":"page","link":"https:\/\/teknologiateollisuus.fi\/jasenille\/palvelut\/kasvupalvelut\/osaajat-ja-vetovoima\/yritys-korkeakoulut-osaamiskumppanuusmalli\/","title":{"rendered":"Yritys-korkeakoulut -osaamiskumppanuusmalli"},"content":{"rendered":"\n<div class=\"em-block-hero hero-has-background-color has-background has-black-background-color collapse  \">\n\t<div class=\"em-block-hero__container\">\n\t\t<div class=\"em-block-hero__content\">\n\t\t\t<div class=\"yoast-breadcrumbs\"><span><span><a href=\"https:\/\/teknologiateollisuus.fi\/jasenille\/\">Home<\/a><\/span> <span class=\"separator\"><\/span> <span><a href=\"https:\/\/teknologiateollisuus.fi\/jasenille\/palvelut\/\">Palvelut<\/a><\/span> <span class=\"separator\"><\/span> <span><a href=\"https:\/\/teknologiateollisuus.fi\/jasenille\/palvelut\/kasvupalvelut\/\">Kasvupalvelut<\/a><\/span> <span class=\"separator\"><\/span> <span><a href=\"https:\/\/teknologiateollisuus.fi\/jasenille\/palvelut\/kasvupalvelut\/osaajat-ja-vetovoima\/\">Osaajat ja vetovoima<\/a><\/span> <span class=\"separator\"><\/span> <span class=\"breadcrumb_last\" aria-current=\"page\">Yritys-korkeakoulut -osaamiskumppanuusmalli<\/span><\/span><\/div>\t\t\t\n<h1 class=\"wp-block-heading\" id=\"h-korkeakoulukumppanuudet\">Korkeakoulukumppanuudet<\/h1>\n\n<p>Olemme kehitt\u00e4neet yritysten ja korkeakoulujen kumppanuusmallin, joka on suunniteltu madaltamaan yritysten kynnyst\u00e4 aloittaa yhteisty\u00f6 oppilaitosten kanssa. Malli tarjoaa yrityksille selke\u00e4n rakenteen ja ty\u00f6kalut, joilla he voivat rakentaa ja kehitt\u00e4\u00e4 kumppanuuksia korkeakoulujen kanssa. Materiaalissa on valmis pohja kumppanuuden osa-alueiden kirjaamiseen.<\/p>\n\t\t\t<div class=\"em-block-hero__modified-date\"> P\u00e4ivitetty 07.08.2025 klo 12:57<\/div>\t\t<\/div>\n\t\t\t\t\t<figure class=\"em-block-hero__image\">\n\t\t\t\t\t\t\t<\/figure>\n\t\t\t<\/div>\n<\/div>\n\n\n\n<h2 class=\"wp-block-heading\" id=\"h-kumppanuusmalli-perustuu-seuraaviin-periaatteisiin\" id=\"kumppanuusmalli-perustuu-seuraaviin-periaatteisiin\">Kumppanuusmalli perustuu seuraaviin periaatteisiin:<\/h2>\n\n\n\n<ol class=\"wp-block-list is-style-styled\">\n<li>Tavoitteet ja fokus toimivat pohjana kumppanuudelle.<\/li>\n\n\n\n<li>Kumppani ja yhteisty\u00f6muodot valitaan tavoitteiden perusteella.<\/li>\n\n\n\n<li>Sovitaan vastuista, toimintatavoista ja mittareista, joiden avulla kumppanuus tuottaa haluttuja tuloksia ja sit\u00e4 kehitet\u00e4\u00e4n.<\/li>\n<\/ol>\n\n\n\n<div class=\"wp-block-evermade-links em-block-links has-columns-1\">\n<div data-wp-interactive=\"core\/file\" class=\"wp-block-file\"><a id=\"wp-block-file--media-43920b1a-d675-4a89-9f24-259fa822d9ef\" href=\"https:\/\/teknologiateollisuus.fi\/jasenille\/wp-content\/uploads\/sites\/1\/2024\/07\/Yritysten-ja-korkeakoulujen-kumppanuusmalli.pdf\">Yritysten ja korkeakoulujen kumppanuusmalli<\/a><a href=\"https:\/\/teknologiateollisuus.fi\/jasenille\/wp-content\/uploads\/sites\/1\/2024\/07\/Yritysten-ja-korkeakoulujen-kumppanuusmalli.pdf\" class=\"wp-block-file__button wp-element-button\" download aria-describedby=\"wp-block-file--media-43920b1a-d675-4a89-9f24-259fa822d9ef\">Lataa<\/a><\/div>\n<\/div>\n\n\n\n<h2 class=\"wp-block-heading has-text-align-left\" id=\"h-korkeakouluyhteistyo-tarjoaa-useita-hyotyja-yrityksille\" id=\"korkeakouluyhteistyo-tarjoaa-useita-hyotyja-yrityksille\">Korkeakouluyhteisty\u00f6 tarjoaa useita hy\u00f6tyj\u00e4 yrityksille<\/h2>\n\n\n\n<p>Kumppanuudet voivat tarjota yrityksille mahdollisuuksia esimerkiksi lopput\u00f6iden, harjoitust\u00f6iden, yritysvierailujen tai vierailijaluentojen pit\u00e4miseen. N\u00e4m\u00e4 toimet voivat auttaa yrityksi\u00e4 saavuttamaan liiketoiminnallisia tavoitteitaan, kuten uuden osaamisen hankkimista ja paremman toimintaymp\u00e4rist\u00f6n kehitt\u00e4mist\u00e4.<\/p>\n\n\n\n<ul class=\"wp-block-list is-style-default\">\n<li><strong>Osaamisen kehitt\u00e4minen:<\/strong> Kumppanuusmalli mahdollistaa uuden osaamisen hankkimisen ja jakamisen yrityksen ja korkeakoulun v\u00e4lill\u00e4.<\/li>\n\n\n\n<li><strong>Innovaatiot:<\/strong> Yhteisty\u00f6 korkeakoulujen kanssa voi johtaa uusiin ideoihin, tuotteisiin tai palveluihin.<\/li>\n\n\n\n<li><strong>Verkostoituminen:<\/strong> Kumppanuusmalli tarjoaa mahdollisuuden laajentaa yrityksen verkostoja ja luoda uusia yhteisty\u00f6suhteita.<\/li>\n\n\n\n<li><strong>Rekrytointi:<\/strong> Yhteisty\u00f6 korkeakoulujen kanssa voi auttaa yrityksi\u00e4 l\u00f6yt\u00e4m\u00e4\u00e4n uusia osaajia.<\/li>\n<\/ul>\n\n\n\n<div class=\"wp-block-scb-columns scb-columns  has-mobile-behavior--stacked has-auto-fit em-pattern-event-contacts\">\n<div class=\"wp-block-scb-column scb-column is-scale-cover\">\n<h2 class=\"wp-block-heading\" id=\"h-lisatiedot\" id=\"lisatiedot\">Lis\u00e4tiedot:<\/h2>\n\n\n\n<article class=\"em-block-contact-card is-style-list\">\n\n\t<div class=\"em-block-contact-card__image\">\n\t\t\t\t\t<img loading=\"lazy\" decoding=\"async\" width=\"300\" height=\"400\" src=\"https:\/\/teknologiateollisuus.fi\/jasenille\/wp-content\/uploads\/2024\/05\/phpzjuuir-300x400.jpg\" class=\"attachment-portrait size-portrait\" alt=\"\" \/>\t\t\t<\/div>\n\t<div class=\"em-block-contact-card__content-wrapper\">\n\t\t<div class=\"em-block-contact-card__content\">\n\t\t\t\t\t\t\t<div class=\"em-block-contact-card__business-units\">\n\t\t\t\t\t\t\t\t\t\t\t<span class=\"em-block-contact-card__business-unit\">Uudet teknologiat ja osaaminen<\/span>\n\t\t\t\t\t\t\t\t\t<\/div>\n\t\t\t\t\t\t<h3 class=\"em-block-contact-card__title\"><a target=\"_self\" href=\"https:\/\/teknologiateollisuus.fi\/?p=1133\">P\u00f6ntynen Leena<\/a><\/h3>\n\t\t\t\t\t\t\t<span class=\"em-block-contact-card__job_title\">Johtaja, osaamispolitiikka &#8211; Osaava ty\u00f6voima<\/span>\n\t\t\t\t\t\t\t\t\t\t<span class=\"em-block-contact-card__organisation\">Teknologiateollisuus ry<\/span>\n\t\t\t\t\t<\/div>\n\t\t<div class=\"em-block-contact-card__content\">\n\t\t\t\t\t\t<address class=\"em-block-contact-card__contact-details\">\n\t\t\t\t\t\t\t\t\t<span class=\"em-block-contact-card__phone\">\n\t\t\t\t\t\t<a href=\"tel:+358 401306113\">+358 401306113<\/a><\/a>\n\t\t\t\t\t<\/span>\n\t\t\t\t\t\t\t\t\t\t\t\t\t<span class=\"em-block-contact-card__email\">\n\t\t\t\t\t\t<a href=\"mailto:leena.pontynen@teknologiateollisuus.fi\">leena.pontynen@teknologiateollisuus.fi<\/a><\/a>\n\t\t\t\t\t<\/span>\n\t\t\t\t\t\t\t<\/address>\n\t\t\t\t\t<\/div>\n\t<\/div>\n\n<\/article>\n<\/div>\n<\/div>\n","protected":false},"excerpt":{"rendered":"<p>Kumppanuusmalli perustuu seuraaviin periaatteisiin: Korkeakouluyhteisty\u00f6 tarjoaa useita hy\u00f6tyj\u00e4 yrityksille Kumppanuudet voivat tarjota yrityksille mahdollisuuksia esimerkiksi lopput\u00f6iden, harjoitust\u00f6iden, yritysvierailujen tai vierailijaluentojen pit\u00e4miseen. N\u00e4m\u00e4 toimet voivat auttaa yrityksi\u00e4 saavuttamaan liiketoiminnallisia tavoitteitaan, kuten uuden osaamisen hankkimista ja paremman toimintaymp\u00e4rist\u00f6n kehitt\u00e4mist\u00e4.<\/p>\n","protected":false},"author":11,"featured_media":0,"parent":1113,"menu_order":3,"comment_status":"closed","ping_status":"closed","template":"","meta":{"_acf_changed":false,"_relevanssi_hide_post":"","_relevanssi_hide_content":"","_relevanssi_pin_for_all":"","_relevanssi_pin_keywords":"","_relevanssi_unpin_keywords":"","_relevanssi_related_keywords":"","_relevanssi_related_include_ids":"","_relevanssi_related_exclude_ids":"","_relevanssi_related_no_append":"","_relevanssi_related_not_related":"","_relevanssi_related_posts":"165,1417,169,166,168,167","_relevanssi_noindex_reason":"","inline_featured_image":false,"growthstack-ab-test":[],"growthstack-ab-test-views":[],"footnotes":""},"class_list":["post-1158","page","type-page","status-publish","hentry"],"acf":{"is_store_related":false,"locked":false},"yoast_head":"<!-- This site is optimized with the Yoast SEO Premium plugin v27.1 (Yoast SEO v27.3) - https:\/\/yoast.com\/product\/yoast-seo-premium-wordpress\/ -->\n<title>Yritys-korkeakoulut -osaamiskumppanuusmalli - Teknologiateollisuus - J\u00e4senille<\/title>\n<meta name=\"description\" content=\"Yritysten ja korkeakoulujen kumppanuusmalli auttaa aloittamaan yhteisty\u00f6n oppilaitosten kanssa. Lataa materiaali yrityksesi k\u00e4ytt\u00f6\u00f6n!\" \/>\n<meta name=\"robots\" content=\"index, follow, max-snippet:-1, max-image-preview:large, max-video-preview:-1\" \/>\n<link rel=\"canonical\" href=\"https:\/\/teknologiateollisuus.fi\/jasenille\/palvelut\/kasvupalvelut\/osaajat-ja-vetovoima\/yritys-korkeakoulut-osaamiskumppanuusmalli\/\" \/>\n<meta property=\"og:locale\" content=\"fi_FI\" \/>\n<meta property=\"og:type\" content=\"article\" \/>\n<meta property=\"og:title\" content=\"Yritys-korkeakoulut -osaamiskumppanuusmalli\" \/>\n<meta property=\"og:description\" content=\"Yritysten ja korkeakoulujen kumppanuusmalli auttaa aloittamaan yhteisty\u00f6n oppilaitosten kanssa. Lataa materiaali yrityksesi k\u00e4ytt\u00f6\u00f6n!\" \/>\n<meta property=\"og:url\" content=\"https:\/\/teknologiateollisuus.fi\/jasenille\/palvelut\/kasvupalvelut\/osaajat-ja-vetovoima\/yritys-korkeakoulut-osaamiskumppanuusmalli\/\" \/>\n<meta property=\"og:site_name\" content=\"Teknologiateollisuus - J\u00e4senille\" \/>\n<meta property=\"article:modified_time\" content=\"2025-08-07T09:57:26+00:00\" \/>\n<meta name=\"twitter:card\" content=\"summary_large_image\" \/>\n<meta name=\"twitter:label1\" content=\"Arvioitu lukuaika\" \/>\n\t<meta name=\"twitter:data1\" content=\"1 minuutti\" \/>\n<script type=\"application\/ld+json\" class=\"yoast-schema-graph\">{\"@context\":\"https:\\\/\\\/schema.org\",\"@graph\":[{\"@type\":\"WebPage\",\"@id\":\"https:\\\/\\\/teknologiateollisuus.fi\\\/jasenille\\\/palvelut\\\/kasvupalvelut\\\/osaajat-ja-vetovoima\\\/yritys-korkeakoulut-osaamiskumppanuusmalli\\\/\",\"url\":\"https:\\\/\\\/teknologiateollisuus.fi\\\/jasenille\\\/palvelut\\\/kasvupalvelut\\\/osaajat-ja-vetovoima\\\/yritys-korkeakoulut-osaamiskumppanuusmalli\\\/\",\"name\":\"Yritys-korkeakoulut -osaamiskumppanuusmalli - Teknologiateollisuus - J\u00e4senille\",\"isPartOf\":{\"@id\":\"https:\\\/\\\/teknologiateollisuus.fi\\\/jasenille\\\/#website\"},\"datePublished\":\"2023-12-11T11:30:00+00:00\",\"dateModified\":\"2025-08-07T09:57:26+00:00\",\"description\":\"Yritysten ja korkeakoulujen kumppanuusmalli auttaa aloittamaan yhteisty\u00f6n oppilaitosten kanssa. Lataa materiaali yrityksesi k\u00e4ytt\u00f6\u00f6n!\",\"breadcrumb\":{\"@id\":\"https:\\\/\\\/teknologiateollisuus.fi\\\/jasenille\\\/palvelut\\\/kasvupalvelut\\\/osaajat-ja-vetovoima\\\/yritys-korkeakoulut-osaamiskumppanuusmalli\\\/#breadcrumb\"},\"inLanguage\":\"fi\",\"potentialAction\":[{\"@type\":\"ReadAction\",\"target\":[\"https:\\\/\\\/teknologiateollisuus.fi\\\/jasenille\\\/palvelut\\\/kasvupalvelut\\\/osaajat-ja-vetovoima\\\/yritys-korkeakoulut-osaamiskumppanuusmalli\\\/\"]}]},{\"@type\":\"BreadcrumbList\",\"@id\":\"https:\\\/\\\/teknologiateollisuus.fi\\\/jasenille\\\/palvelut\\\/kasvupalvelut\\\/osaajat-ja-vetovoima\\\/yritys-korkeakoulut-osaamiskumppanuusmalli\\\/#breadcrumb\",\"itemListElement\":[{\"@type\":\"ListItem\",\"position\":1,\"name\":\"Home\",\"item\":\"https:\\\/\\\/teknologiateollisuus.fi\\\/jasenille\\\/\"},{\"@type\":\"ListItem\",\"position\":2,\"name\":\"Palvelut\",\"item\":\"https:\\\/\\\/teknologiateollisuus.fi\\\/jasenille\\\/palvelut\\\/\"},{\"@type\":\"ListItem\",\"position\":3,\"name\":\"Kasvupalvelut\",\"item\":\"https:\\\/\\\/teknologiateollisuus.fi\\\/jasenille\\\/palvelut\\\/kasvupalvelut\\\/\"},{\"@type\":\"ListItem\",\"position\":4,\"name\":\"Osaajat ja vetovoima\",\"item\":\"https:\\\/\\\/teknologiateollisuus.fi\\\/jasenille\\\/palvelut\\\/kasvupalvelut\\\/osaajat-ja-vetovoima\\\/\"},{\"@type\":\"ListItem\",\"position\":5,\"name\":\"Yritys-korkeakoulut -osaamiskumppanuusmalli\"}]},{\"@type\":\"WebSite\",\"@id\":\"https:\\\/\\\/teknologiateollisuus.fi\\\/jasenille\\\/#website\",\"url\":\"https:\\\/\\\/teknologiateollisuus.fi\\\/jasenille\\\/\",\"name\":\"Teknologiateollisuus - J\u00e4senille\",\"description\":\"\",\"publisher\":{\"@id\":\"https:\\\/\\\/teknologiateollisuus.fi\\\/jasenille\\\/#organization\"},\"potentialAction\":[{\"@type\":\"SearchAction\",\"target\":{\"@type\":\"EntryPoint\",\"urlTemplate\":\"https:\\\/\\\/teknologiateollisuus.fi\\\/jasenille\\\/?s={search_term_string}\"},\"query-input\":{\"@type\":\"PropertyValueSpecification\",\"valueRequired\":true,\"valueName\":\"search_term_string\"}}],\"inLanguage\":\"fi\"},{\"@type\":\"Organization\",\"@id\":\"https:\\\/\\\/teknologiateollisuus.fi\\\/jasenille\\\/#organization\",\"name\":\"Teknologiateollisuus - J\u00e4senille\",\"url\":\"https:\\\/\\\/teknologiateollisuus.fi\\\/jasenille\\\/\",\"logo\":{\"@type\":\"ImageObject\",\"inLanguage\":\"fi\",\"@id\":\"https:\\\/\\\/teknologiateollisuus.fi\\\/jasenille\\\/#\\\/schema\\\/logo\\\/image\\\/\",\"url\":\"https:\\\/\\\/teknologiateollisuus.fi\\\/jasenille\\\/wp-content\\\/uploads\\\/sites\\\/1\\\/2023\\\/10\\\/placeholder.png\",\"contentUrl\":\"https:\\\/\\\/teknologiateollisuus.fi\\\/jasenille\\\/wp-content\\\/uploads\\\/sites\\\/1\\\/2023\\\/10\\\/placeholder.png\",\"width\":2560,\"height\":1920,\"caption\":\"Teknologiateollisuus - J\u00e4senille\"},\"image\":{\"@id\":\"https:\\\/\\\/teknologiateollisuus.fi\\\/jasenille\\\/#\\\/schema\\\/logo\\\/image\\\/\"}}]}<\/script>\n<!-- \/ Yoast SEO Premium plugin. -->","yoast_head_json":{"title":"Yritys-korkeakoulut -osaamiskumppanuusmalli - Teknologiateollisuus - J\u00e4senille","description":"Yritysten ja korkeakoulujen kumppanuusmalli auttaa aloittamaan yhteisty\u00f6n oppilaitosten kanssa. Lataa materiaali yrityksesi k\u00e4ytt\u00f6\u00f6n!","robots":{"index":"index","follow":"follow","max-snippet":"max-snippet:-1","max-image-preview":"max-image-preview:large","max-video-preview":"max-video-preview:-1"},"canonical":"https:\/\/teknologiateollisuus.fi\/jasenille\/palvelut\/kasvupalvelut\/osaajat-ja-vetovoima\/yritys-korkeakoulut-osaamiskumppanuusmalli\/","og_locale":"fi_FI","og_type":"article","og_title":"Yritys-korkeakoulut -osaamiskumppanuusmalli","og_description":"Yritysten ja korkeakoulujen kumppanuusmalli auttaa aloittamaan yhteisty\u00f6n oppilaitosten kanssa. Lataa materiaali yrityksesi k\u00e4ytt\u00f6\u00f6n!","og_url":"https:\/\/teknologiateollisuus.fi\/jasenille\/palvelut\/kasvupalvelut\/osaajat-ja-vetovoima\/yritys-korkeakoulut-osaamiskumppanuusmalli\/","og_site_name":"Teknologiateollisuus - J\u00e4senille","article_modified_time":"2025-08-07T09:57:26+00:00","twitter_card":"summary_large_image","twitter_misc":{"Arvioitu lukuaika":"1 minuutti"},"schema":{"@context":"https:\/\/schema.org","@graph":[{"@type":"WebPage","@id":"https:\/\/teknologiateollisuus.fi\/jasenille\/palvelut\/kasvupalvelut\/osaajat-ja-vetovoima\/yritys-korkeakoulut-osaamiskumppanuusmalli\/","url":"https:\/\/teknologiateollisuus.fi\/jasenille\/palvelut\/kasvupalvelut\/osaajat-ja-vetovoima\/yritys-korkeakoulut-osaamiskumppanuusmalli\/","name":"Yritys-korkeakoulut -osaamiskumppanuusmalli - Teknologiateollisuus - J\u00e4senille","isPartOf":{"@id":"https:\/\/teknologiateollisuus.fi\/jasenille\/#website"},"datePublished":"2023-12-11T11:30:00+00:00","dateModified":"2025-08-07T09:57:26+00:00","description":"Yritysten ja korkeakoulujen kumppanuusmalli auttaa aloittamaan yhteisty\u00f6n oppilaitosten kanssa. Lataa materiaali yrityksesi k\u00e4ytt\u00f6\u00f6n!","breadcrumb":{"@id":"https:\/\/teknologiateollisuus.fi\/jasenille\/palvelut\/kasvupalvelut\/osaajat-ja-vetovoima\/yritys-korkeakoulut-osaamiskumppanuusmalli\/#breadcrumb"},"inLanguage":"fi","potentialAction":[{"@type":"ReadAction","target":["https:\/\/teknologiateollisuus.fi\/jasenille\/palvelut\/kasvupalvelut\/osaajat-ja-vetovoima\/yritys-korkeakoulut-osaamiskumppanuusmalli\/"]}]},{"@type":"BreadcrumbList","@id":"https:\/\/teknologiateollisuus.fi\/jasenille\/palvelut\/kasvupalvelut\/osaajat-ja-vetovoima\/yritys-korkeakoulut-osaamiskumppanuusmalli\/#breadcrumb","itemListElement":[{"@type":"ListItem","position":1,"name":"Home","item":"https:\/\/teknologiateollisuus.fi\/jasenille\/"},{"@type":"ListItem","position":2,"name":"Palvelut","item":"https:\/\/teknologiateollisuus.fi\/jasenille\/palvelut\/"},{"@type":"ListItem","position":3,"name":"Kasvupalvelut","item":"https:\/\/teknologiateollisuus.fi\/jasenille\/palvelut\/kasvupalvelut\/"},{"@type":"ListItem","position":4,"name":"Osaajat ja vetovoima","item":"https:\/\/teknologiateollisuus.fi\/jasenille\/palvelut\/kasvupalvelut\/osaajat-ja-vetovoima\/"},{"@type":"ListItem","position":5,"name":"Yritys-korkeakoulut -osaamiskumppanuusmalli"}]},{"@type":"WebSite","@id":"https:\/\/teknologiateollisuus.fi\/jasenille\/#website","url":"https:\/\/teknologiateollisuus.fi\/jasenille\/","name":"Teknologiateollisuus - J\u00e4senille","description":"","publisher":{"@id":"https:\/\/teknologiateollisuus.fi\/jasenille\/#organization"},"potentialAction":[{"@type":"SearchAction","target":{"@type":"EntryPoint","urlTemplate":"https:\/\/teknologiateollisuus.fi\/jasenille\/?s={search_term_string}"},"query-input":{"@type":"PropertyValueSpecification","valueRequired":true,"valueName":"search_term_string"}}],"inLanguage":"fi"},{"@type":"Organization","@id":"https:\/\/teknologiateollisuus.fi\/jasenille\/#organization","name":"Teknologiateollisuus - J\u00e4senille","url":"https:\/\/teknologiateollisuus.fi\/jasenille\/","logo":{"@type":"ImageObject","inLanguage":"fi","@id":"https:\/\/teknologiateollisuus.fi\/jasenille\/#\/schema\/logo\/image\/","url":"https:\/\/teknologiateollisuus.fi\/jasenille\/wp-content\/uploads\/sites\/1\/2023\/10\/placeholder.png","contentUrl":"https:\/\/teknologiateollisuus.fi\/jasenille\/wp-content\/uploads\/sites\/1\/2023\/10\/placeholder.png","width":2560,"height":1920,"caption":"Teknologiateollisuus - J\u00e4senille"},"image":{"@id":"https:\/\/teknologiateollisuus.fi\/jasenille\/#\/schema\/logo\/image\/"}}]}},"lang":"fi","translations":{"fi":1158},"pll_sync_post":[],"_links":{"self":[{"href":"https:\/\/teknologiateollisuus.fi\/jasenille\/wp-json\/wp\/v2\/pages\/1158","targetHints":{"allow":["GET"]}}],"collection":[{"href":"https:\/\/teknologiateollisuus.fi\/jasenille\/wp-json\/wp\/v2\/pages"}],"about":[{"href":"https:\/\/teknologiateollisuus.fi\/jasenille\/wp-json\/wp\/v2\/types\/page"}],"author":[{"embeddable":true,"href":"https:\/\/teknologiateollisuus.fi\/jasenille\/wp-json\/wp\/v2\/users\/11"}],"replies":[{"embeddable":true,"href":"https:\/\/teknologiateollisuus.fi\/jasenille\/wp-json\/wp\/v2\/comments?post=1158"}],"version-history":[{"count":18,"href":"https:\/\/teknologiateollisuus.fi\/jasenille\/wp-json\/wp\/v2\/pages\/1158\/revisions"}],"predecessor-version":[{"id":27423,"href":"https:\/\/teknologiateollisuus.fi\/jasenille\/wp-json\/wp\/v2\/pages\/1158\/revisions\/27423"}],"up":[{"embeddable":true,"href":"https:\/\/teknologiateollisuus.fi\/jasenille\/wp-json\/wp\/v2\/pages\/1113"}],"wp:attachment":[{"href":"https:\/\/teknologiateollisuus.fi\/jasenille\/wp-json\/wp\/v2\/media?parent=1158"}],"curies":[{"name":"wp","href":"https:\/\/api.w.org\/{rel}","templated":true}]}}