{"id":1187,"date":"2023-12-11T14:01:08","date_gmt":"2023-12-11T12:01:08","guid":{"rendered":"https:\/\/teknologiateollisuus.fi\/jasenille\/?page_id=1187"},"modified":"2025-07-28T10:22:52","modified_gmt":"2025-07-28T07:22:52","slug":"osaamisen-johtamisen-tyokalut","status":"publish","type":"page","link":"https:\/\/teknologiateollisuus.fi\/jasenille\/palvelut\/tyosuhdepalvelut\/tyoelama-teknologia-alalla\/osaamisen-johtamisen-tyokalut\/","title":{"rendered":"Osaamisen kehitt\u00e4minen"},"content":{"rendered":"\n<div class=\"em-block-hero hero-has-background-color has-background has-black-background-color collapse  \">\n\t<div class=\"em-block-hero__container\">\n\t\t<div class=\"em-block-hero__content\">\n\t\t\t<div class=\"yoast-breadcrumbs\"><span><span><a href=\"https:\/\/teknologiateollisuus.fi\/jasenille\/\">Home<\/a><\/span> <span class=\"separator\"><\/span> <span><a href=\"https:\/\/teknologiateollisuus.fi\/jasenille\/palvelut\/\">Palvelut<\/a><\/span> <span class=\"separator\"><\/span> <span><a href=\"https:\/\/teknologiateollisuus.fi\/jasenille\/palvelut\/tyosuhdepalvelut\/\">Ty\u00f6suhdepalvelut<\/a><\/span> <span class=\"separator\"><\/span> <span><a href=\"https:\/\/teknologiateollisuus.fi\/jasenille\/palvelut\/tyosuhdepalvelut\/tyoelama-teknologia-alalla\/\">Ty\u00f6el\u00e4m\u00e4<\/a><\/span> <span class=\"separator\"><\/span> <span class=\"breadcrumb_last\" aria-current=\"page\">Osaamisen kehitt\u00e4minen<\/span><\/span><\/div>\t\t\t\n<h1 class=\"wp-block-heading\" id=\"h-osaamisen-johtamisen-tyokalut\">Osaamisen johtamisen ty\u00f6kalut<\/h1>\n\n<p>Osaamisen johtaminen on yrityksen kilpailukyvyn varmistamista ja asiakaslupauksen t\u00e4ytt\u00e4mist\u00e4 t\u00e4n\u00e4\u00e4n ja tulevaisuudessa. Henkil\u00f6st\u00f6n osaamiseen panostaminen mahdollistaa tuottavuuden kasvun ja uusien liiketoimintojen kehittymisen, lis\u00e4\u00e4 henkil\u00f6st\u00f6n hyvinvointia ja motivaatiota sek\u00e4 edesauttaa yrityksen kyky\u00e4 uudistua.<\/p>\n\t\t\t<div class=\"em-block-hero__modified-date\"> P\u00e4ivitetty 28.07.2025 klo 10:22<\/div>\t\t<\/div>\n\t\t\t\t\t<figure class=\"em-block-hero__image\">\n\t\t\t\t\t\t\t<\/figure>\n\t\t\t<\/div>\n<\/div>\n\n\n\n<h2 class=\"wp-block-heading\" id=\"h-osaamisen-johtaminen-on-jatkuva-prosessi-joka-sisaltaa-viisi-paavaihetta\" id=\"osaamisen-johtaminen-on-jatkuva-prosessi-joka-sisaltaa-viisi-paavaihetta\">Osaamisen johtaminen on jatkuva prosessi, joka sis\u00e4lt\u00e4\u00e4 viisi p\u00e4\u00e4vaihetta:<\/h2>\n\n\n\n<ol class=\"wp-block-list is-style-styled\">\n<li>Yrityksen johto m\u00e4\u00e4ritt\u00e4\u00e4 osaamistarpeet tulevaisuuden tavoitteiden perusteella<\/li>\n\n\n\n<li>Luodaan \/ p\u00e4ivitet\u00e4\u00e4n osaamispuu<\/li>\n\n\n\n<li>M\u00e4\u00e4ritet\u00e4\u00e4n osaamistarpeet yksik\u00f6itt\u00e4in<\/li>\n\n\n\n<li>Arvioidaan henkil\u00f6kohtaiset osaamistarpeet ja laaditaan kehittymissuunnitelma<\/li>\n\n\n\n<li>Laaditaan yrityksen osaamisen kehitt\u00e4missuunnitelma pohjautuen henkil\u00f6kohtaisiin suunnitelmiin<\/li>\n<\/ol>\n\n\n\n<h2 class=\"wp-block-heading\" id=\"h-tyokaluja-yrityksille\" id=\"tyokaluja-yrityksille\">Ty\u00f6kaluja yrityksille<\/h2>\n\n\n\n<p>Osaamisen johtamisen malli on laadittu pk-yritysten osaamisen johtamisen ja kehitt\u00e4misen tueksi.<\/p>\n\n\n\n<p>Malli sis\u00e4lt\u00e4\u00e4 valmiit lomakkeet sek\u00e4 esimerkit ja ohjeet niiden t\u00e4ytt\u00e4miseksi. Lomakkeet ovat vapaasti hy\u00f6dynnett\u00e4viss\u00e4 ja muokattavissa yrityksen tarpeiden mukaan.<\/p>\n\n\n\n<div class=\"wp-block-buttons is-layout-flex wp-block-buttons-is-layout-flex\">\n<div class=\"wp-block-button icon-right is-style-outline is-style-outline--2\"><a class=\"wp-block-button__link wp-element-button\" href=\"https:\/\/tyokaari.fi\/tyokaluja\/osaamisen-johtaminen\/\">Lue johtamisen ty\u00f6kaluista Ty\u00f6kaaren verkkosivuilta<\/a><\/div>\n<\/div>\n","protected":false},"excerpt":{"rendered":"<p>Osaamisen johtaminen on jatkuva prosessi, joka sis\u00e4lt\u00e4\u00e4 viisi p\u00e4\u00e4vaihetta: Ty\u00f6kaluja yrityksille Osaamisen johtamisen malli on laadittu pk-yritysten osaamisen johtamisen ja kehitt\u00e4misen tueksi. Malli sis\u00e4lt\u00e4\u00e4 valmiit lomakkeet sek\u00e4 esimerkit ja ohjeet niiden t\u00e4ytt\u00e4miseksi. Lomakkeet ovat vapaasti hy\u00f6dynnett\u00e4viss\u00e4 ja muokattavissa yrityksen tarpeiden mukaan.<\/p>\n","protected":false},"author":11,"featured_media":0,"parent":1636,"menu_order":0,"comment_status":"closed","ping_status":"closed","template":"","meta":{"_acf_changed":false,"_relevanssi_hide_post":"","_relevanssi_hide_content":"","_relevanssi_pin_for_all":"","_relevanssi_pin_keywords":"","_relevanssi_unpin_keywords":"","_relevanssi_related_keywords":"","_relevanssi_related_include_ids":"","_relevanssi_related_exclude_ids":"","_relevanssi_related_no_append":"","_relevanssi_related_not_related":"","_relevanssi_related_posts":"1417,167,169,168,166,165","_relevanssi_noindex_reason":"","inline_featured_image":false,"growthstack-ab-test":[],"growthstack-ab-test-views":[],"footnotes":""},"class_list":["post-1187","page","type-page","status-publish","hentry"],"acf":{"is_store_related":false,"locked":false},"yoast_head":"<!-- This site is optimized with the Yoast SEO Premium plugin v27.1 (Yoast SEO v27.4) - https:\/\/yoast.com\/product\/yoast-seo-premium-wordpress\/ -->\n<title>Osaamisen kehitt\u00e4minen - Teknologiateollisuus - J\u00e4senille<\/title>\n<meta name=\"description\" content=\"Osaamisen johtaminen on yrityksen kilpailukyvyn varmistamista ja asiakaslupauksen t\u00e4ytt\u00e4mist\u00e4 nyt ja tulevaisuudessa. Klikkaa ja lue lis\u00e4\u00e4!\" \/>\n<meta name=\"robots\" content=\"index, follow, max-snippet:-1, max-image-preview:large, max-video-preview:-1\" \/>\n<link rel=\"canonical\" href=\"https:\/\/teknologiateollisuus.fi\/jasenille\/palvelut\/tyosuhdepalvelut\/tyoelama-teknologia-alalla\/osaamisen-johtamisen-tyokalut\/\" \/>\n<meta property=\"og:locale\" content=\"fi_FI\" \/>\n<meta property=\"og:type\" content=\"article\" \/>\n<meta property=\"og:title\" content=\"Osaamisen kehitt\u00e4minen\" \/>\n<meta property=\"og:description\" content=\"Osaamisen johtaminen on yrityksen kilpailukyvyn varmistamista ja asiakaslupauksen t\u00e4ytt\u00e4mist\u00e4 nyt ja tulevaisuudessa. Klikkaa ja lue lis\u00e4\u00e4!\" \/>\n<meta property=\"og:url\" content=\"https:\/\/teknologiateollisuus.fi\/jasenille\/palvelut\/tyosuhdepalvelut\/tyoelama-teknologia-alalla\/osaamisen-johtamisen-tyokalut\/\" \/>\n<meta property=\"og:site_name\" content=\"Teknologiateollisuus - J\u00e4senille\" \/>\n<meta property=\"article:modified_time\" content=\"2025-07-28T07:22:52+00:00\" \/>\n<meta name=\"twitter:card\" content=\"summary_large_image\" \/>\n<meta name=\"twitter:label1\" content=\"Arvioitu lukuaika\" \/>\n\t<meta name=\"twitter:data1\" content=\"1 minuutti\" \/>\n<script type=\"application\/ld+json\" class=\"yoast-schema-graph\">{\"@context\":\"https:\\\/\\\/schema.org\",\"@graph\":[{\"@type\":\"WebPage\",\"@id\":\"https:\\\/\\\/teknologiateollisuus.fi\\\/jasenille\\\/palvelut\\\/tyosuhdepalvelut\\\/tyoelama-teknologia-alalla\\\/osaamisen-johtamisen-tyokalut\\\/\",\"url\":\"https:\\\/\\\/teknologiateollisuus.fi\\\/jasenille\\\/palvelut\\\/tyosuhdepalvelut\\\/tyoelama-teknologia-alalla\\\/osaamisen-johtamisen-tyokalut\\\/\",\"name\":\"Osaamisen kehitt\u00e4minen - Teknologiateollisuus - J\u00e4senille\",\"isPartOf\":{\"@id\":\"https:\\\/\\\/teknologiateollisuus.fi\\\/jasenille\\\/#website\"},\"datePublished\":\"2023-12-11T12:01:08+00:00\",\"dateModified\":\"2025-07-28T07:22:52+00:00\",\"description\":\"Osaamisen johtaminen on yrityksen kilpailukyvyn varmistamista ja asiakaslupauksen t\u00e4ytt\u00e4mist\u00e4 nyt ja tulevaisuudessa. Klikkaa ja lue lis\u00e4\u00e4!\",\"breadcrumb\":{\"@id\":\"https:\\\/\\\/teknologiateollisuus.fi\\\/jasenille\\\/palvelut\\\/tyosuhdepalvelut\\\/tyoelama-teknologia-alalla\\\/osaamisen-johtamisen-tyokalut\\\/#breadcrumb\"},\"inLanguage\":\"fi\",\"potentialAction\":[{\"@type\":\"ReadAction\",\"target\":[\"https:\\\/\\\/teknologiateollisuus.fi\\\/jasenille\\\/palvelut\\\/tyosuhdepalvelut\\\/tyoelama-teknologia-alalla\\\/osaamisen-johtamisen-tyokalut\\\/\"]}]},{\"@type\":\"BreadcrumbList\",\"@id\":\"https:\\\/\\\/teknologiateollisuus.fi\\\/jasenille\\\/palvelut\\\/tyosuhdepalvelut\\\/tyoelama-teknologia-alalla\\\/osaamisen-johtamisen-tyokalut\\\/#breadcrumb\",\"itemListElement\":[{\"@type\":\"ListItem\",\"position\":1,\"name\":\"Home\",\"item\":\"https:\\\/\\\/teknologiateollisuus.fi\\\/jasenille\\\/\"},{\"@type\":\"ListItem\",\"position\":2,\"name\":\"Palvelut\",\"item\":\"https:\\\/\\\/teknologiateollisuus.fi\\\/jasenille\\\/palvelut\\\/\"},{\"@type\":\"ListItem\",\"position\":3,\"name\":\"Ty\u00f6suhdepalvelut\",\"item\":\"https:\\\/\\\/teknologiateollisuus.fi\\\/jasenille\\\/palvelut\\\/tyosuhdepalvelut\\\/\"},{\"@type\":\"ListItem\",\"position\":4,\"name\":\"Ty\u00f6el\u00e4m\u00e4\",\"item\":\"https:\\\/\\\/teknologiateollisuus.fi\\\/jasenille\\\/palvelut\\\/tyosuhdepalvelut\\\/tyoelama-teknologia-alalla\\\/\"},{\"@type\":\"ListItem\",\"position\":5,\"name\":\"Osaamisen kehitt\u00e4minen\"}]},{\"@type\":\"WebSite\",\"@id\":\"https:\\\/\\\/teknologiateollisuus.fi\\\/jasenille\\\/#website\",\"url\":\"https:\\\/\\\/teknologiateollisuus.fi\\\/jasenille\\\/\",\"name\":\"Teknologiateollisuus - J\u00e4senille\",\"description\":\"\",\"publisher\":{\"@id\":\"https:\\\/\\\/teknologiateollisuus.fi\\\/jasenille\\\/#organization\"},\"potentialAction\":[{\"@type\":\"SearchAction\",\"target\":{\"@type\":\"EntryPoint\",\"urlTemplate\":\"https:\\\/\\\/teknologiateollisuus.fi\\\/jasenille\\\/?s={search_term_string}\"},\"query-input\":{\"@type\":\"PropertyValueSpecification\",\"valueRequired\":true,\"valueName\":\"search_term_string\"}}],\"inLanguage\":\"fi\"},{\"@type\":\"Organization\",\"@id\":\"https:\\\/\\\/teknologiateollisuus.fi\\\/jasenille\\\/#organization\",\"name\":\"Teknologiateollisuus - J\u00e4senille\",\"url\":\"https:\\\/\\\/teknologiateollisuus.fi\\\/jasenille\\\/\",\"logo\":{\"@type\":\"ImageObject\",\"inLanguage\":\"fi\",\"@id\":\"https:\\\/\\\/teknologiateollisuus.fi\\\/jasenille\\\/#\\\/schema\\\/logo\\\/image\\\/\",\"url\":\"https:\\\/\\\/teknologiateollisuus.fi\\\/jasenille\\\/wp-content\\\/uploads\\\/sites\\\/1\\\/2023\\\/10\\\/placeholder.png\",\"contentUrl\":\"https:\\\/\\\/teknologiateollisuus.fi\\\/jasenille\\\/wp-content\\\/uploads\\\/sites\\\/1\\\/2023\\\/10\\\/placeholder.png\",\"width\":2560,\"height\":1920,\"caption\":\"Teknologiateollisuus - J\u00e4senille\"},\"image\":{\"@id\":\"https:\\\/\\\/teknologiateollisuus.fi\\\/jasenille\\\/#\\\/schema\\\/logo\\\/image\\\/\"}}]}<\/script>\n<!-- \/ Yoast SEO Premium plugin. -->","yoast_head_json":{"title":"Osaamisen kehitt\u00e4minen - Teknologiateollisuus - J\u00e4senille","description":"Osaamisen johtaminen on yrityksen kilpailukyvyn varmistamista ja asiakaslupauksen t\u00e4ytt\u00e4mist\u00e4 nyt ja tulevaisuudessa. Klikkaa ja lue lis\u00e4\u00e4!","robots":{"index":"index","follow":"follow","max-snippet":"max-snippet:-1","max-image-preview":"max-image-preview:large","max-video-preview":"max-video-preview:-1"},"canonical":"https:\/\/teknologiateollisuus.fi\/jasenille\/palvelut\/tyosuhdepalvelut\/tyoelama-teknologia-alalla\/osaamisen-johtamisen-tyokalut\/","og_locale":"fi_FI","og_type":"article","og_title":"Osaamisen kehitt\u00e4minen","og_description":"Osaamisen johtaminen on yrityksen kilpailukyvyn varmistamista ja asiakaslupauksen t\u00e4ytt\u00e4mist\u00e4 nyt ja tulevaisuudessa. Klikkaa ja lue lis\u00e4\u00e4!","og_url":"https:\/\/teknologiateollisuus.fi\/jasenille\/palvelut\/tyosuhdepalvelut\/tyoelama-teknologia-alalla\/osaamisen-johtamisen-tyokalut\/","og_site_name":"Teknologiateollisuus - J\u00e4senille","article_modified_time":"2025-07-28T07:22:52+00:00","twitter_card":"summary_large_image","twitter_misc":{"Arvioitu lukuaika":"1 minuutti"},"schema":{"@context":"https:\/\/schema.org","@graph":[{"@type":"WebPage","@id":"https:\/\/teknologiateollisuus.fi\/jasenille\/palvelut\/tyosuhdepalvelut\/tyoelama-teknologia-alalla\/osaamisen-johtamisen-tyokalut\/","url":"https:\/\/teknologiateollisuus.fi\/jasenille\/palvelut\/tyosuhdepalvelut\/tyoelama-teknologia-alalla\/osaamisen-johtamisen-tyokalut\/","name":"Osaamisen kehitt\u00e4minen - Teknologiateollisuus - J\u00e4senille","isPartOf":{"@id":"https:\/\/teknologiateollisuus.fi\/jasenille\/#website"},"datePublished":"2023-12-11T12:01:08+00:00","dateModified":"2025-07-28T07:22:52+00:00","description":"Osaamisen johtaminen on yrityksen kilpailukyvyn varmistamista ja asiakaslupauksen t\u00e4ytt\u00e4mist\u00e4 nyt ja tulevaisuudessa. Klikkaa ja lue lis\u00e4\u00e4!","breadcrumb":{"@id":"https:\/\/teknologiateollisuus.fi\/jasenille\/palvelut\/tyosuhdepalvelut\/tyoelama-teknologia-alalla\/osaamisen-johtamisen-tyokalut\/#breadcrumb"},"inLanguage":"fi","potentialAction":[{"@type":"ReadAction","target":["https:\/\/teknologiateollisuus.fi\/jasenille\/palvelut\/tyosuhdepalvelut\/tyoelama-teknologia-alalla\/osaamisen-johtamisen-tyokalut\/"]}]},{"@type":"BreadcrumbList","@id":"https:\/\/teknologiateollisuus.fi\/jasenille\/palvelut\/tyosuhdepalvelut\/tyoelama-teknologia-alalla\/osaamisen-johtamisen-tyokalut\/#breadcrumb","itemListElement":[{"@type":"ListItem","position":1,"name":"Home","item":"https:\/\/teknologiateollisuus.fi\/jasenille\/"},{"@type":"ListItem","position":2,"name":"Palvelut","item":"https:\/\/teknologiateollisuus.fi\/jasenille\/palvelut\/"},{"@type":"ListItem","position":3,"name":"Ty\u00f6suhdepalvelut","item":"https:\/\/teknologiateollisuus.fi\/jasenille\/palvelut\/tyosuhdepalvelut\/"},{"@type":"ListItem","position":4,"name":"Ty\u00f6el\u00e4m\u00e4","item":"https:\/\/teknologiateollisuus.fi\/jasenille\/palvelut\/tyosuhdepalvelut\/tyoelama-teknologia-alalla\/"},{"@type":"ListItem","position":5,"name":"Osaamisen kehitt\u00e4minen"}]},{"@type":"WebSite","@id":"https:\/\/teknologiateollisuus.fi\/jasenille\/#website","url":"https:\/\/teknologiateollisuus.fi\/jasenille\/","name":"Teknologiateollisuus - J\u00e4senille","description":"","publisher":{"@id":"https:\/\/teknologiateollisuus.fi\/jasenille\/#organization"},"potentialAction":[{"@type":"SearchAction","target":{"@type":"EntryPoint","urlTemplate":"https:\/\/teknologiateollisuus.fi\/jasenille\/?s={search_term_string}"},"query-input":{"@type":"PropertyValueSpecification","valueRequired":true,"valueName":"search_term_string"}}],"inLanguage":"fi"},{"@type":"Organization","@id":"https:\/\/teknologiateollisuus.fi\/jasenille\/#organization","name":"Teknologiateollisuus - J\u00e4senille","url":"https:\/\/teknologiateollisuus.fi\/jasenille\/","logo":{"@type":"ImageObject","inLanguage":"fi","@id":"https:\/\/teknologiateollisuus.fi\/jasenille\/#\/schema\/logo\/image\/","url":"https:\/\/teknologiateollisuus.fi\/jasenille\/wp-content\/uploads\/sites\/1\/2023\/10\/placeholder.png","contentUrl":"https:\/\/teknologiateollisuus.fi\/jasenille\/wp-content\/uploads\/sites\/1\/2023\/10\/placeholder.png","width":2560,"height":1920,"caption":"Teknologiateollisuus - J\u00e4senille"},"image":{"@id":"https:\/\/teknologiateollisuus.fi\/jasenille\/#\/schema\/logo\/image\/"}}]}},"lang":"fi","translations":{"fi":1187},"pll_sync_post":[],"_links":{"self":[{"href":"https:\/\/teknologiateollisuus.fi\/jasenille\/wp-json\/wp\/v2\/pages\/1187","targetHints":{"allow":["GET"]}}],"collection":[{"href":"https:\/\/teknologiateollisuus.fi\/jasenille\/wp-json\/wp\/v2\/pages"}],"about":[{"href":"https:\/\/teknologiateollisuus.fi\/jasenille\/wp-json\/wp\/v2\/types\/page"}],"author":[{"embeddable":true,"href":"https:\/\/teknologiateollisuus.fi\/jasenille\/wp-json\/wp\/v2\/users\/11"}],"replies":[{"embeddable":true,"href":"https:\/\/teknologiateollisuus.fi\/jasenille\/wp-json\/wp\/v2\/comments?post=1187"}],"version-history":[{"count":21,"href":"https:\/\/teknologiateollisuus.fi\/jasenille\/wp-json\/wp\/v2\/pages\/1187\/revisions"}],"predecessor-version":[{"id":27365,"href":"https:\/\/teknologiateollisuus.fi\/jasenille\/wp-json\/wp\/v2\/pages\/1187\/revisions\/27365"}],"up":[{"embeddable":true,"href":"https:\/\/teknologiateollisuus.fi\/jasenille\/wp-json\/wp\/v2\/pages\/1636"}],"wp:attachment":[{"href":"https:\/\/teknologiateollisuus.fi\/jasenille\/wp-json\/wp\/v2\/media?parent=1187"}],"curies":[{"name":"wp","href":"https:\/\/api.w.org\/{rel}","templated":true}]}}