{"id":1230,"date":"2023-12-11T15:51:05","date_gmt":"2023-12-11T13:51:05","guid":{"rendered":"https:\/\/teknologiateollisuus.fi\/jasenille\/?page_id=1230"},"modified":"2025-12-11T10:07:42","modified_gmt":"2025-12-11T08:07:42","slug":"energia-ja-ilmasto","status":"publish","type":"page","link":"https:\/\/teknologiateollisuus.fi\/jasenille\/palvelut\/vastuullisen-liiketoiminnan-tuki\/energia-ja-ilmasto\/","title":{"rendered":"Energia &amp; ilmasto"},"content":{"rendered":"\n<div class=\"em-block-hero hero-has-background-color has-background has-black-background-color collapse  \">\n\t<div class=\"em-block-hero__container\">\n\t\t<div class=\"em-block-hero__content\">\n\t\t\t<div class=\"yoast-breadcrumbs\"><span><span><a href=\"https:\/\/teknologiateollisuus.fi\/jasenille\/\">Home<\/a><\/span> <span class=\"separator\"><\/span> <span><a href=\"https:\/\/teknologiateollisuus.fi\/jasenille\/palvelut\/\">Palvelut<\/a><\/span> <span class=\"separator\"><\/span> <span><a href=\"https:\/\/teknologiateollisuus.fi\/jasenille\/palvelut\/vastuullisen-liiketoiminnan-tuki\/\">Vastuullisen liiketoiminnan tuki<\/a><\/span> <span class=\"separator\"><\/span> <span class=\"breadcrumb_last\" aria-current=\"page\">Energia &amp; ilmasto<\/span><\/span><\/div>\t\t\t\n<h1 class=\"wp-block-heading\" id=\"h-yrityksilla-tarkea-rooli-ilmastotoimissa\">Yrityksill\u00e4 t\u00e4rke\u00e4 rooli ilmastotoimissa<\/h1>\n\n<p>Ilmastonmuutos on aikamme suurin globaali ymp\u00e4rist\u00f6haaste. Ilmastonmuutos johtuu luonnollisen kasvihuoneilmi\u00f6n voimistumisesta, kun ihmistoiminnan tuottamien kasvihuonekaasujen m\u00e4\u00e4r\u00e4 kasvaa ilmakeh\u00e4ss\u00e4.&nbsp;<\/p>\n\t\t\t<div class=\"em-block-hero__modified-date\"> P\u00e4ivitetty 11.12.2025 klo 10:07<\/div>\t\t<\/div>\n\t\t\t\t\t<figure class=\"em-block-hero__image\">\n\t\t\t\t\t\t\t<\/figure>\n\t\t\t<\/div>\n<\/div>\n\n\n\n<figure class=\"wp-block-image size-large\"><img loading=\"lazy\" decoding=\"async\" width=\"800\" height=\"419\" src=\"https:\/\/teknologiateollisuus.fi\/jasenille\/wp-content\/uploads\/sites\/1\/2023\/12\/MicrosoftTeams-image-24-800x419.png\" alt=\"\" class=\"wp-image-1917\" srcset=\"https:\/\/teknologiateollisuus.fi\/jasenille\/wp-content\/uploads\/sites\/1\/2023\/12\/MicrosoftTeams-image-24-800x419.png 800w, https:\/\/teknologiateollisuus.fi\/jasenille\/wp-content\/uploads\/sites\/1\/2023\/12\/MicrosoftTeams-image-24-400x209.png 400w, https:\/\/teknologiateollisuus.fi\/jasenille\/wp-content\/uploads\/sites\/1\/2023\/12\/MicrosoftTeams-image-24-768x402.png 768w, https:\/\/teknologiateollisuus.fi\/jasenille\/wp-content\/uploads\/sites\/1\/2023\/12\/MicrosoftTeams-image-24.png 1200w\" sizes=\"auto, (max-width: 800px) 100vw, 800px\" \/><\/figure>\n\n\n\n<p class=\"is-style-pre-headline\">linjaukset<\/p>\n\n\n\n<h2 class=\"wp-block-heading\" id=\"h-ilmasto-ja-energialinjaus\" id=\"ilmasto-ja-energialinjaus\">Ilmasto- ja energialinjaus<\/h2>\n\n\n\n<p>Teknologiateollisuus on sitoutunut YK:n ilmastosopimuksen mukaiseen tavoitteeseen rajoittaa maapallon keskil\u00e4mp\u00f6tilan nousu enint\u00e4\u00e4n 1,5 asteeseen. Teknologiateollisuuden ilmasto- ja energialinjaukset<strong>\u00a0<\/strong>on suunniteltu vastaamaan t\u00e4h\u00e4n haasteeseen.<\/p>\n\n\n\n<div class=\"wp-block-evermade-links em-block-links has-columns-1\">\n<div data-wp-interactive=\"core\/file\" class=\"wp-block-file\"><a id=\"wp-block-file--media-4f620035-89e0-429a-b2eb-34a8ff7be2ca\" href=\"https:\/\/teknologiateollisuus.fi\/jasenille\/wp-content\/uploads\/sites\/1\/2024\/07\/Ilmasto_ja_energialinjaus_02.pdf\">Ilmasto- ja energialinjaukset<\/a><a href=\"https:\/\/teknologiateollisuus.fi\/jasenille\/wp-content\/uploads\/sites\/1\/2024\/07\/Ilmasto_ja_energialinjaus_02.pdf\" class=\"wp-block-file__button wp-element-button\" download aria-describedby=\"wp-block-file--media-4f620035-89e0-429a-b2eb-34a8ff7be2ca\">Lataa<\/a><\/div>\n<\/div>\n\n\n\n<h3 class=\"wp-block-heading has-text-align-left\" id=\"h-keskeista-ilmasto-ja-energialinjauksessa\" id=\"keskeista-ilmasto-ja-energialinjauksessa\">Keskeist\u00e4 ilmasto- ja energialinjauksessa:<\/h3>\n\n\n\n<ul class=\"wp-block-list is-style-styled\">\n<li><strong>Hiilidioksidip\u00e4\u00e4st\u00f6jen v\u00e4hent\u00e4minen<\/strong>\n<ul class=\"wp-block-list\">\n<li>Linjauksessa asetetaan selke\u00e4t tavoitteet hiilidioksidip\u00e4\u00e4st\u00f6jen v\u00e4hent\u00e4miselle. N\u00e4it\u00e4 tavoitteita tukemalla yrityksenne voi osallistua aktiivisesti ilmastotavoitteiden saavuttamiseen.<\/li>\n<\/ul>\n<\/li>\n\n\n\n<li><strong>Energiatehokkuus<\/strong>\n<ul class=\"wp-block-list\">\n<li>Energiatehokkuus on keskeinen osa linjausta. Se tarjoaa konkreettisia ohjeita siihen, miten yrityksenne voi optimoida energiank\u00e4ytt\u00f6\u00e4\u00e4n ja s\u00e4\u00e4dell\u00e4 ymp\u00e4rist\u00f6vaikutuksiaan.<\/li>\n<\/ul>\n<\/li>\n\n\n\n<li><strong>Uusiutuvan energian edist\u00e4minen<\/strong>\n<ul class=\"wp-block-list\">\n<li>Linjaus kannustaa yrityksi\u00e4 edist\u00e4m\u00e4\u00e4n uusiutuvan energian k\u00e4ytt\u00f6\u00e4 omassa toiminnassaan. T\u00e4m\u00e4 ei ainoastaan v\u00e4henn\u00e4 ymp\u00e4rist\u00f6vaikutuksia vaan my\u00f6s tukee kest\u00e4v\u00e4n energiainfrastruktuurin kehittymist\u00e4.<\/li>\n<\/ul>\n<\/li>\n\n\n\n<li><strong>Innovatiivisuus ja teknologiset ratkaisut<\/strong>\n<ul class=\"wp-block-list\">\n<li>Kannustamme yrityksi\u00e4 hy\u00f6dynt\u00e4m\u00e4\u00e4n innovatiivisia teknologioita p\u00e4\u00e4st\u00f6jen v\u00e4hent\u00e4miseksi. Linjaus tarjoaa mahdollisuuksia kehitt\u00e4\u00e4 ja soveltaa uusimpia ratkaisuja kest\u00e4v\u00e4n kehityksen hyv\u00e4ksi.<\/li>\n<\/ul>\n<\/li>\n<\/ul>\n\n\n\n<p class=\"is-style-pre-headline\">tiekartat<\/p>\n\n\n\n<h2 class=\"wp-block-heading\" id=\"h-vahahiilitiekartta\" id=\"vahahiilitiekartta\">V\u00e4h\u00e4hiilitiekartta<\/h2>\n\n\n\n<p>Edell\u00e4mainitut linjaukset ovat toimineet pohjana Teknologiateollisuuden v\u00e4h\u00e4hiilitiekartalle, joka sis\u00e4lt\u00e4\u00e4 tarkemmat askelmerkit ja k\u00e4yt\u00e4nn\u00f6n esimerkit v\u00e4h\u00e4hiilisist\u00e4 teknologioista aikatauluineen.\u00a0<\/p>\n\n\n\n<div class=\"wp-block-buttons is-layout-flex wp-block-buttons-is-layout-flex\">\n<div class=\"wp-block-button icon-right is-style-outline is-style-outline--2\"><a class=\"wp-block-button__link wp-element-button\" href=\"https:\/\/teknologiateollisuus.fi\/jasenille\/tietopankki\/vastuullisuus\/energia-ilmasto\/vahahiilitiekartta\/\">Lue lis\u00e4\u00e4 tiekartan hy\u00f6dynt\u00e4misest\u00e4 yrityksess\u00e4nne<\/a><\/div>\n<\/div>\n\n\n\n<p class=\"is-style-pre-headline\">sopimukset<\/p>\n\n\n\n<h2 class=\"wp-block-heading\" id=\"h-energiatehokkuusneuvonta-ja-sopimus\" id=\"energiatehokkuusneuvonta-ja-sopimus\">Energiatehokkuusneuvonta ja -sopimus<\/h2>\n\n\n\n<p>Vapaaehtoiset energiatehokkuussopimukset ovat valtion ja elinkeinoel\u00e4m\u00e4n yhdess\u00e4 valitsema kustannustehokas ja vaikuttava keino t\u00e4ytt\u00e4\u00e4 Suomelle asetetut EU:n energiatehokkuusvelvoitteet ilman pakottavaa kansallista lains\u00e4\u00e4d\u00e4nt\u00f6\u00e4 tai muita velvoitteita.<\/p>\n\n\n\n<div class=\"wp-block-buttons is-layout-flex wp-block-buttons-is-layout-flex\">\n<div class=\"wp-block-button icon-right is-style-outline is-style-outline--3\"><a class=\"wp-block-button__link wp-element-button\" href=\"https:\/\/teknologiateollisuus.fi\/jasenille\/tietopankki\/vastuullisuus\/energia-ilmasto\/energiatehokkuusneuvonta-ja-sopimus\/\">Lue lis\u00e4\u00e4 palvelusta<\/a><\/div>\n<\/div>\n\n\n\n<h2 class=\"wp-block-heading has-text-align-left\" id=\"h-alan-yritykset-mukana-muutoksessa\" id=\"alan-yritykset-mukana-muutoksessa\">Alan yritykset mukana muutoksessa<\/h2>\n\n\n\n<p>Teknologia-alan yritykset pystyv\u00e4t v\u00e4hent\u00e4m\u00e4\u00e4n kasvihuonekaasup\u00e4\u00e4st\u00f6j\u00e4 eritt\u00e4in merkitt\u00e4v\u00e4sti ja tarjoamaan samalla Suomelle lupaavaa vientipotentiaalia miljardien eurojen arvosta. Ilmastoasioiden huomioon ottaminen voi olla yrityksille positiivinen kilpailu- ja erottautumistekij\u00e4, mik\u00e4 avaa reitin kohti kasvavaa ja kannattavampaa liiketoimintaa.<\/p>\n\n\n\n<p>Varsinkin PK-yritysten toiminnalla on suuri painoarvo, sill\u00e4 kest\u00e4v\u00e4n kehityksen toimenpiteit\u00e4 koskevien p\u00e4\u00e4t\u00f6sten ja muutosten tekemisess\u00e4 ne ovat usein isoja ketter\u00e4mpi\u00e4. Usein n\u00e4m\u00e4 ratkaisut eiv\u00e4t vaadi edes suuria investointeja, vaan p\u00e4invastoin tuovat v\u00e4litt\u00f6mi\u00e4 kustannuss\u00e4\u00e4st\u00f6j\u00e4.<\/p>\n\n\n\n<div class=\"wp-block-evermade-links em-block-links has-columns-1\">\n<a\n\tclass=\"wp-block-evermade-external-link em-block-link is-external   \"\n\thref=\"https:\/\/teknologiateollisuus.fi\/ajankohtaista\/?ajankohtaista-tyyppi=3&amp;categories=1\"\n\taria-label=\"Avaa uudessa v\u00e4lilehdess\u00e4\"\n\ttarget=\"_blank\"\n\trel=\"noopener noreferrer\"\n>\n\t<div class=\"em-block-link__content\">\n\t\t<span class=\"em-block-link__title\">\n\t\t\tTutustu yritystarinoihin\t\t<\/span>\n\t\t\t<\/div>\n\t<div class=\"em-block-link__arrow\"><\/div>\n\t<div class=\"em-block-link__pressable\"><\/div>\n<\/a>\n<\/div>\n\n\n\n<div class=\"wp-block-scb-columns scb-columns  has-mobile-behavior--stacked has-auto-fit em-pattern-event-contacts\">\n<div class=\"wp-block-scb-column scb-column is-scale-cover\">\n<h2 class=\"wp-block-heading\" id=\"h-lisatiedot\" id=\"lisatiedot\">Lis\u00e4tiedot:<\/h2>\n\n\n\n\n\n<article class=\"em-block-contact-card is-style-list\">\n\n\t<div class=\"em-block-contact-card__image\">\n\t\t\t\t\t<img loading=\"lazy\" decoding=\"async\" width=\"300\" height=\"400\" src=\"https:\/\/teknologiateollisuus.fi\/jasenille\/wp-content\/uploads\/2024\/05\/phpvnl8no.jpg\" class=\"attachment-portrait size-portrait\" alt=\"\" \/>\t\t\t<\/div>\n\t<div class=\"em-block-contact-card__content-wrapper\">\n\t\t<div class=\"em-block-contact-card__content\">\n\t\t\t\t\t\t\t<div class=\"em-block-contact-card__business-units\">\n\t\t\t\t\t\t\t\t\t\t\t<span class=\"em-block-contact-card__business-unit\">Johto<\/span>\n\t\t\t\t\t\t\t\t\t\t\t<span class=\"em-block-contact-card__business-unit\">Toimialat ja liiketoiminnan jatkuvuus<\/span>\n\t\t\t\t\t\t\t\t\t<\/div>\n\t\t\t\t\t\t<h3 class=\"em-block-contact-card__title\"><a target=\"_self\" href=\"https:\/\/teknologiateollisuus.fi\/?p=1109\">Soimakallio Helena<\/a><\/h3>\n\t\t\t\t\t\t\t<span class=\"em-block-contact-card__job_title\">Johtaja &#8211; Toimialat ja liiketoiminnan jatkuvuus<\/span>\n\t\t\t\t\t\t\t\t\t\t<span class=\"em-block-contact-card__organisation\">Teknologiateollisuus ry<\/span>\n\t\t\t\t\t<\/div>\n\t\t<div class=\"em-block-contact-card__content\">\n\t\t\t\t\t\t<address class=\"em-block-contact-card__contact-details\">\n\t\t\t\t\t\t\t\t\t<span class=\"em-block-contact-card__phone\">\n\t\t\t\t\t\t<a href=\"tel:+358 405507706\">+358 405507706<\/a><\/a>\n\t\t\t\t\t<\/span>\n\t\t\t\t\t\t\t\t\t\t\t\t\t<span class=\"em-block-contact-card__email\">\n\t\t\t\t\t\t<a href=\"mailto:helena.soimakallio@teknologiateollisuus.fi\">helena.soimakallio@teknologiateollisuus.fi<\/a><\/a>\n\t\t\t\t\t<\/span>\n\t\t\t\t\t\t\t<\/address>\n\t\t\t\t\t<\/div>\n\t<\/div>\n\n<\/article>\n<\/div>\n<\/div>\n","protected":false},"excerpt":{"rendered":"<p>linjaukset Ilmasto- ja energialinjaus Teknologiateollisuus on sitoutunut YK:n ilmastosopimuksen mukaiseen tavoitteeseen rajoittaa maapallon keskil\u00e4mp\u00f6tilan nousu enint\u00e4\u00e4n 1,5 asteeseen. Teknologiateollisuuden ilmasto- ja energialinjaukset\u00a0on suunniteltu vastaamaan t\u00e4h\u00e4n haasteeseen. Keskeist\u00e4 ilmasto- ja energialinjauksessa: tiekartat V\u00e4h\u00e4hiilitiekartta Edell\u00e4mainitut linjaukset ovat toimineet pohjana Teknologiateollisuuden v\u00e4h\u00e4hiilitiekartalle, joka sis\u00e4lt\u00e4\u00e4 tarkemmat askelmerkit ja k\u00e4yt\u00e4nn\u00f6n esimerkit v\u00e4h\u00e4hiilisist\u00e4 teknologioista aikatauluineen.\u00a0 sopimukset Energiatehokkuusneuvonta ja -sopimus Vapaaehtoiset energiatehokkuussopimukset [&hellip;]<\/p>\n","protected":false},"author":11,"featured_media":0,"parent":7338,"menu_order":2,"comment_status":"closed","ping_status":"closed","template":"","meta":{"_acf_changed":false,"_relevanssi_hide_post":"","_relevanssi_hide_content":"","_relevanssi_pin_for_all":"","_relevanssi_pin_keywords":"","_relevanssi_unpin_keywords":"","_relevanssi_related_keywords":"","_relevanssi_related_include_ids":"","_relevanssi_related_exclude_ids":"","_relevanssi_related_no_append":"","_relevanssi_related_not_related":"","_relevanssi_related_posts":"165,1417,169,167,166,168","_relevanssi_noindex_reason":"","inline_featured_image":false,"growthstack-ab-test":[],"growthstack-ab-test-views":[],"footnotes":""},"class_list":["post-1230","page","type-page","status-publish","hentry"],"acf":{"is_store_related":false,"locked":false},"yoast_head":"<!-- This site is optimized with the Yoast SEO Premium plugin v27.1 (Yoast SEO v27.4) - https:\/\/yoast.com\/product\/yoast-seo-premium-wordpress\/ -->\n<title>Energia &amp; ilmasto - Teknologiateollisuus - J\u00e4senille<\/title>\n<meta name=\"description\" content=\"Ilmastonmuutos on aikamme suurin globaali ymp\u00e4rist\u00f6haaste. Tutustu linjauksiin, tiekarttaan ja laskuriin, joita p\u00e4ivitet\u00e4\u00e4n s\u00e4\u00e4nn\u00f6llisesti!\" \/>\n<meta name=\"robots\" content=\"index, follow, max-snippet:-1, max-image-preview:large, max-video-preview:-1\" \/>\n<link rel=\"canonical\" href=\"https:\/\/teknologiateollisuus.fi\/jasenille\/palvelut\/vastuullisen-liiketoiminnan-tuki\/energia-ja-ilmasto\/\" \/>\n<meta property=\"og:locale\" content=\"fi_FI\" \/>\n<meta property=\"og:type\" content=\"article\" \/>\n<meta property=\"og:title\" content=\"Energia &amp; ilmasto\" \/>\n<meta property=\"og:description\" content=\"Ilmastonmuutos on aikamme suurin globaali ymp\u00e4rist\u00f6haaste. Tutustu linjauksiin, tiekarttaan ja laskuriin, joita p\u00e4ivitet\u00e4\u00e4n s\u00e4\u00e4nn\u00f6llisesti!\" \/>\n<meta property=\"og:url\" content=\"https:\/\/teknologiateollisuus.fi\/jasenille\/palvelut\/vastuullisen-liiketoiminnan-tuki\/energia-ja-ilmasto\/\" \/>\n<meta property=\"og:site_name\" content=\"Teknologiateollisuus - J\u00e4senille\" \/>\n<meta property=\"article:modified_time\" content=\"2025-12-11T08:07:42+00:00\" \/>\n<meta property=\"og:image\" content=\"https:\/\/teknologiateollisuus.fi\/jasenille\/wp-content\/uploads\/sites\/1\/2023\/12\/MicrosoftTeams-image-24.png\" \/>\n\t<meta property=\"og:image:width\" content=\"1200\" \/>\n\t<meta property=\"og:image:height\" content=\"628\" \/>\n\t<meta property=\"og:image:type\" content=\"image\/png\" \/>\n<meta name=\"twitter:card\" content=\"summary_large_image\" \/>\n<meta name=\"twitter:label1\" content=\"Arvioitu lukuaika\" \/>\n\t<meta name=\"twitter:data1\" content=\"2 minuuttia\" \/>\n<script type=\"application\/ld+json\" class=\"yoast-schema-graph\">{\"@context\":\"https:\\\/\\\/schema.org\",\"@graph\":[{\"@type\":\"WebPage\",\"@id\":\"https:\\\/\\\/teknologiateollisuus.fi\\\/jasenille\\\/palvelut\\\/vastuullisen-liiketoiminnan-tuki\\\/energia-ja-ilmasto\\\/\",\"url\":\"https:\\\/\\\/teknologiateollisuus.fi\\\/jasenille\\\/palvelut\\\/vastuullisen-liiketoiminnan-tuki\\\/energia-ja-ilmasto\\\/\",\"name\":\"Energia &amp; ilmasto - Teknologiateollisuus - J\u00e4senille\",\"isPartOf\":{\"@id\":\"https:\\\/\\\/teknologiateollisuus.fi\\\/jasenille\\\/#website\"},\"primaryImageOfPage\":{\"@id\":\"https:\\\/\\\/teknologiateollisuus.fi\\\/jasenille\\\/palvelut\\\/vastuullisen-liiketoiminnan-tuki\\\/energia-ja-ilmasto\\\/#primaryimage\"},\"image\":{\"@id\":\"https:\\\/\\\/teknologiateollisuus.fi\\\/jasenille\\\/palvelut\\\/vastuullisen-liiketoiminnan-tuki\\\/energia-ja-ilmasto\\\/#primaryimage\"},\"thumbnailUrl\":\"https:\\\/\\\/teknologiateollisuus.fi\\\/jasenille\\\/wp-content\\\/uploads\\\/sites\\\/1\\\/2023\\\/12\\\/MicrosoftTeams-image-24-800x419.png\",\"datePublished\":\"2023-12-11T13:51:05+00:00\",\"dateModified\":\"2025-12-11T08:07:42+00:00\",\"description\":\"Ilmastonmuutos on aikamme suurin globaali ymp\u00e4rist\u00f6haaste. Tutustu linjauksiin, tiekarttaan ja laskuriin, joita p\u00e4ivitet\u00e4\u00e4n s\u00e4\u00e4nn\u00f6llisesti!\",\"breadcrumb\":{\"@id\":\"https:\\\/\\\/teknologiateollisuus.fi\\\/jasenille\\\/palvelut\\\/vastuullisen-liiketoiminnan-tuki\\\/energia-ja-ilmasto\\\/#breadcrumb\"},\"inLanguage\":\"fi\",\"potentialAction\":[{\"@type\":\"ReadAction\",\"target\":[\"https:\\\/\\\/teknologiateollisuus.fi\\\/jasenille\\\/palvelut\\\/vastuullisen-liiketoiminnan-tuki\\\/energia-ja-ilmasto\\\/\"]}]},{\"@type\":\"ImageObject\",\"inLanguage\":\"fi\",\"@id\":\"https:\\\/\\\/teknologiateollisuus.fi\\\/jasenille\\\/palvelut\\\/vastuullisen-liiketoiminnan-tuki\\\/energia-ja-ilmasto\\\/#primaryimage\",\"url\":\"https:\\\/\\\/teknologiateollisuus.fi\\\/jasenille\\\/wp-content\\\/uploads\\\/sites\\\/1\\\/2023\\\/12\\\/MicrosoftTeams-image-24.png\",\"contentUrl\":\"https:\\\/\\\/teknologiateollisuus.fi\\\/jasenille\\\/wp-content\\\/uploads\\\/sites\\\/1\\\/2023\\\/12\\\/MicrosoftTeams-image-24.png\",\"width\":1200,\"height\":628},{\"@type\":\"BreadcrumbList\",\"@id\":\"https:\\\/\\\/teknologiateollisuus.fi\\\/jasenille\\\/palvelut\\\/vastuullisen-liiketoiminnan-tuki\\\/energia-ja-ilmasto\\\/#breadcrumb\",\"itemListElement\":[{\"@type\":\"ListItem\",\"position\":1,\"name\":\"Home\",\"item\":\"https:\\\/\\\/teknologiateollisuus.fi\\\/jasenille\\\/\"},{\"@type\":\"ListItem\",\"position\":2,\"name\":\"Palvelut\",\"item\":\"https:\\\/\\\/teknologiateollisuus.fi\\\/jasenille\\\/palvelut\\\/\"},{\"@type\":\"ListItem\",\"position\":3,\"name\":\"Vastuullisen liiketoiminnan tuki\",\"item\":\"https:\\\/\\\/teknologiateollisuus.fi\\\/jasenille\\\/palvelut\\\/vastuullisen-liiketoiminnan-tuki\\\/\"},{\"@type\":\"ListItem\",\"position\":4,\"name\":\"Energia &amp; ilmasto\"}]},{\"@type\":\"WebSite\",\"@id\":\"https:\\\/\\\/teknologiateollisuus.fi\\\/jasenille\\\/#website\",\"url\":\"https:\\\/\\\/teknologiateollisuus.fi\\\/jasenille\\\/\",\"name\":\"Teknologiateollisuus - J\u00e4senille\",\"description\":\"\",\"publisher\":{\"@id\":\"https:\\\/\\\/teknologiateollisuus.fi\\\/jasenille\\\/#organization\"},\"potentialAction\":[{\"@type\":\"SearchAction\",\"target\":{\"@type\":\"EntryPoint\",\"urlTemplate\":\"https:\\\/\\\/teknologiateollisuus.fi\\\/jasenille\\\/?s={search_term_string}\"},\"query-input\":{\"@type\":\"PropertyValueSpecification\",\"valueRequired\":true,\"valueName\":\"search_term_string\"}}],\"inLanguage\":\"fi\"},{\"@type\":\"Organization\",\"@id\":\"https:\\\/\\\/teknologiateollisuus.fi\\\/jasenille\\\/#organization\",\"name\":\"Teknologiateollisuus - J\u00e4senille\",\"url\":\"https:\\\/\\\/teknologiateollisuus.fi\\\/jasenille\\\/\",\"logo\":{\"@type\":\"ImageObject\",\"inLanguage\":\"fi\",\"@id\":\"https:\\\/\\\/teknologiateollisuus.fi\\\/jasenille\\\/#\\\/schema\\\/logo\\\/image\\\/\",\"url\":\"https:\\\/\\\/teknologiateollisuus.fi\\\/jasenille\\\/wp-content\\\/uploads\\\/sites\\\/1\\\/2023\\\/10\\\/placeholder.png\",\"contentUrl\":\"https:\\\/\\\/teknologiateollisuus.fi\\\/jasenille\\\/wp-content\\\/uploads\\\/sites\\\/1\\\/2023\\\/10\\\/placeholder.png\",\"width\":2560,\"height\":1920,\"caption\":\"Teknologiateollisuus - J\u00e4senille\"},\"image\":{\"@id\":\"https:\\\/\\\/teknologiateollisuus.fi\\\/jasenille\\\/#\\\/schema\\\/logo\\\/image\\\/\"}}]}<\/script>\n<!-- \/ Yoast SEO Premium plugin. -->","yoast_head_json":{"title":"Energia &amp; ilmasto - Teknologiateollisuus - J\u00e4senille","description":"Ilmastonmuutos on aikamme suurin globaali ymp\u00e4rist\u00f6haaste. Tutustu linjauksiin, tiekarttaan ja laskuriin, joita p\u00e4ivitet\u00e4\u00e4n s\u00e4\u00e4nn\u00f6llisesti!","robots":{"index":"index","follow":"follow","max-snippet":"max-snippet:-1","max-image-preview":"max-image-preview:large","max-video-preview":"max-video-preview:-1"},"canonical":"https:\/\/teknologiateollisuus.fi\/jasenille\/palvelut\/vastuullisen-liiketoiminnan-tuki\/energia-ja-ilmasto\/","og_locale":"fi_FI","og_type":"article","og_title":"Energia &amp; ilmasto","og_description":"Ilmastonmuutos on aikamme suurin globaali ymp\u00e4rist\u00f6haaste. Tutustu linjauksiin, tiekarttaan ja laskuriin, joita p\u00e4ivitet\u00e4\u00e4n s\u00e4\u00e4nn\u00f6llisesti!","og_url":"https:\/\/teknologiateollisuus.fi\/jasenille\/palvelut\/vastuullisen-liiketoiminnan-tuki\/energia-ja-ilmasto\/","og_site_name":"Teknologiateollisuus - J\u00e4senille","article_modified_time":"2025-12-11T08:07:42+00:00","og_image":[{"width":1200,"height":628,"url":"https:\/\/teknologiateollisuus.fi\/jasenille\/wp-content\/uploads\/sites\/1\/2023\/12\/MicrosoftTeams-image-24.png","type":"image\/png"}],"twitter_card":"summary_large_image","twitter_misc":{"Arvioitu lukuaika":"2 minuuttia"},"schema":{"@context":"https:\/\/schema.org","@graph":[{"@type":"WebPage","@id":"https:\/\/teknologiateollisuus.fi\/jasenille\/palvelut\/vastuullisen-liiketoiminnan-tuki\/energia-ja-ilmasto\/","url":"https:\/\/teknologiateollisuus.fi\/jasenille\/palvelut\/vastuullisen-liiketoiminnan-tuki\/energia-ja-ilmasto\/","name":"Energia &amp; ilmasto - Teknologiateollisuus - J\u00e4senille","isPartOf":{"@id":"https:\/\/teknologiateollisuus.fi\/jasenille\/#website"},"primaryImageOfPage":{"@id":"https:\/\/teknologiateollisuus.fi\/jasenille\/palvelut\/vastuullisen-liiketoiminnan-tuki\/energia-ja-ilmasto\/#primaryimage"},"image":{"@id":"https:\/\/teknologiateollisuus.fi\/jasenille\/palvelut\/vastuullisen-liiketoiminnan-tuki\/energia-ja-ilmasto\/#primaryimage"},"thumbnailUrl":"https:\/\/teknologiateollisuus.fi\/jasenille\/wp-content\/uploads\/sites\/1\/2023\/12\/MicrosoftTeams-image-24-800x419.png","datePublished":"2023-12-11T13:51:05+00:00","dateModified":"2025-12-11T08:07:42+00:00","description":"Ilmastonmuutos on aikamme suurin globaali ymp\u00e4rist\u00f6haaste. Tutustu linjauksiin, tiekarttaan ja laskuriin, joita p\u00e4ivitet\u00e4\u00e4n s\u00e4\u00e4nn\u00f6llisesti!","breadcrumb":{"@id":"https:\/\/teknologiateollisuus.fi\/jasenille\/palvelut\/vastuullisen-liiketoiminnan-tuki\/energia-ja-ilmasto\/#breadcrumb"},"inLanguage":"fi","potentialAction":[{"@type":"ReadAction","target":["https:\/\/teknologiateollisuus.fi\/jasenille\/palvelut\/vastuullisen-liiketoiminnan-tuki\/energia-ja-ilmasto\/"]}]},{"@type":"ImageObject","inLanguage":"fi","@id":"https:\/\/teknologiateollisuus.fi\/jasenille\/palvelut\/vastuullisen-liiketoiminnan-tuki\/energia-ja-ilmasto\/#primaryimage","url":"https:\/\/teknologiateollisuus.fi\/jasenille\/wp-content\/uploads\/sites\/1\/2023\/12\/MicrosoftTeams-image-24.png","contentUrl":"https:\/\/teknologiateollisuus.fi\/jasenille\/wp-content\/uploads\/sites\/1\/2023\/12\/MicrosoftTeams-image-24.png","width":1200,"height":628},{"@type":"BreadcrumbList","@id":"https:\/\/teknologiateollisuus.fi\/jasenille\/palvelut\/vastuullisen-liiketoiminnan-tuki\/energia-ja-ilmasto\/#breadcrumb","itemListElement":[{"@type":"ListItem","position":1,"name":"Home","item":"https:\/\/teknologiateollisuus.fi\/jasenille\/"},{"@type":"ListItem","position":2,"name":"Palvelut","item":"https:\/\/teknologiateollisuus.fi\/jasenille\/palvelut\/"},{"@type":"ListItem","position":3,"name":"Vastuullisen liiketoiminnan tuki","item":"https:\/\/teknologiateollisuus.fi\/jasenille\/palvelut\/vastuullisen-liiketoiminnan-tuki\/"},{"@type":"ListItem","position":4,"name":"Energia &amp; ilmasto"}]},{"@type":"WebSite","@id":"https:\/\/teknologiateollisuus.fi\/jasenille\/#website","url":"https:\/\/teknologiateollisuus.fi\/jasenille\/","name":"Teknologiateollisuus - J\u00e4senille","description":"","publisher":{"@id":"https:\/\/teknologiateollisuus.fi\/jasenille\/#organization"},"potentialAction":[{"@type":"SearchAction","target":{"@type":"EntryPoint","urlTemplate":"https:\/\/teknologiateollisuus.fi\/jasenille\/?s={search_term_string}"},"query-input":{"@type":"PropertyValueSpecification","valueRequired":true,"valueName":"search_term_string"}}],"inLanguage":"fi"},{"@type":"Organization","@id":"https:\/\/teknologiateollisuus.fi\/jasenille\/#organization","name":"Teknologiateollisuus - J\u00e4senille","url":"https:\/\/teknologiateollisuus.fi\/jasenille\/","logo":{"@type":"ImageObject","inLanguage":"fi","@id":"https:\/\/teknologiateollisuus.fi\/jasenille\/#\/schema\/logo\/image\/","url":"https:\/\/teknologiateollisuus.fi\/jasenille\/wp-content\/uploads\/sites\/1\/2023\/10\/placeholder.png","contentUrl":"https:\/\/teknologiateollisuus.fi\/jasenille\/wp-content\/uploads\/sites\/1\/2023\/10\/placeholder.png","width":2560,"height":1920,"caption":"Teknologiateollisuus - J\u00e4senille"},"image":{"@id":"https:\/\/teknologiateollisuus.fi\/jasenille\/#\/schema\/logo\/image\/"}}]}},"lang":"fi","translations":{"fi":1230},"pll_sync_post":[],"_links":{"self":[{"href":"https:\/\/teknologiateollisuus.fi\/jasenille\/wp-json\/wp\/v2\/pages\/1230","targetHints":{"allow":["GET"]}}],"collection":[{"href":"https:\/\/teknologiateollisuus.fi\/jasenille\/wp-json\/wp\/v2\/pages"}],"about":[{"href":"https:\/\/teknologiateollisuus.fi\/jasenille\/wp-json\/wp\/v2\/types\/page"}],"author":[{"embeddable":true,"href":"https:\/\/teknologiateollisuus.fi\/jasenille\/wp-json\/wp\/v2\/users\/11"}],"replies":[{"embeddable":true,"href":"https:\/\/teknologiateollisuus.fi\/jasenille\/wp-json\/wp\/v2\/comments?post=1230"}],"version-history":[{"count":30,"href":"https:\/\/teknologiateollisuus.fi\/jasenille\/wp-json\/wp\/v2\/pages\/1230\/revisions"}],"predecessor-version":[{"id":27420,"href":"https:\/\/teknologiateollisuus.fi\/jasenille\/wp-json\/wp\/v2\/pages\/1230\/revisions\/27420"}],"up":[{"embeddable":true,"href":"https:\/\/teknologiateollisuus.fi\/jasenille\/wp-json\/wp\/v2\/pages\/7338"}],"wp:attachment":[{"href":"https:\/\/teknologiateollisuus.fi\/jasenille\/wp-json\/wp\/v2\/media?parent=1230"}],"curies":[{"name":"wp","href":"https:\/\/api.w.org\/{rel}","templated":true}]}}