{"id":1232,"date":"2023-12-11T15:51:20","date_gmt":"2023-12-11T13:51:20","guid":{"rendered":"https:\/\/teknologiateollisuus.fi\/jasenille\/?page_id=1232"},"modified":"2026-04-14T09:19:10","modified_gmt":"2026-04-14T06:19:10","slug":"kiertotalous","status":"publish","type":"page","link":"https:\/\/teknologiateollisuus.fi\/jasenille\/palvelut\/vastuullisen-liiketoiminnan-tuki\/kiertotalous\/","title":{"rendered":"Kiertotalous"},"content":{"rendered":"\n<div class=\"em-block-hero hero-has-background-color has-background has-black-background-color collapse  \">\n\t<div class=\"em-block-hero__container\">\n\t\t<div class=\"em-block-hero__content\">\n\t\t\t<div class=\"yoast-breadcrumbs\"><span><span><a href=\"https:\/\/teknologiateollisuus.fi\/jasenille\/\">Home<\/a><\/span> <span class=\"separator\"><\/span> <span><a href=\"https:\/\/teknologiateollisuus.fi\/jasenille\/palvelut\/\">Palvelut<\/a><\/span> <span class=\"separator\"><\/span> <span><a href=\"https:\/\/teknologiateollisuus.fi\/jasenille\/palvelut\/vastuullisen-liiketoiminnan-tuki\/\">Vastuullisen liiketoiminnan tuki<\/a><\/span> <span class=\"separator\"><\/span> <span class=\"breadcrumb_last\" aria-current=\"page\">Kiertotalous<\/span><\/span><\/div>\t\t\t\n<h1 class=\"wp-block-heading\" id=\"h-kiertotalous\">Kiertotalous<\/h1>\n\n<p>Teknologiateollisuuden yritykset voivat ottaa merkitt\u00e4v\u00e4n roolin globaalissa kiertotaloussiirtym\u00e4ss\u00e4 kehitt\u00e4m\u00e4ll\u00e4 ja tarjoamalla kiertotaloutta mahdollistavia teknologiaratkaisuja ymp\u00e4ri maailmaa.<\/p>\n\t\t\t<div class=\"em-block-hero__modified-date\"> P\u00e4ivitetty 14.04.2026 klo 09:19<\/div>\t\t<\/div>\n\t\t\t\t\t<figure class=\"em-block-hero__image\">\n\t\t\t\t\t\t\t<\/figure>\n\t\t\t<\/div>\n<\/div>\n\n\n\n<h2 class=\"wp-block-heading\" id=\"h-teknologiateollisuuden-kiertotalousohjelma\" id=\"teknologiateollisuuden-kiertotalousohjelma\">Teknologiateollisuuden kiertotalousohjelma<\/h2>\n\n\n\n<p>Teknologiateollisuuden kiertotalousohjelma tarjoaa teknologia-alan yrityksille mahdollisuuden edist\u00e4\u00e4 kest\u00e4v\u00e4\u00e4 kehityst\u00e4, saavuttaa kasvua sek\u00e4 vahvistaa mainetta.<\/p>\n\n\n\n<div class=\"wp-block-evermade-links em-block-links has-columns-1\">\n<div data-wp-interactive=\"core\/file\" class=\"wp-block-file has-light-gray-background-color has-background\"><a id=\"wp-block-file--media-02fb3eeb-1244-41fe-916b-ba55fff1c943\" href=\"https:\/\/teknologiateollisuus.fi\/jasenille\/wp-content\/uploads\/sites\/1\/2024\/07\/Teknologiateollisuuden-kiertotalousohjelma-2035.pdf\">Toimialan oma kiertotalousohjelma<\/a><a href=\"https:\/\/teknologiateollisuus.fi\/jasenille\/wp-content\/uploads\/sites\/1\/2024\/07\/Teknologiateollisuuden-kiertotalousohjelma-2035.pdf\" class=\"wp-block-file__button wp-element-button\" download aria-describedby=\"wp-block-file--media-02fb3eeb-1244-41fe-916b-ba55fff1c943\">Lataa<\/a><\/div>\n<\/div>\n\n\n\n<figure class=\"wp-block-image size-large\"><img loading=\"lazy\" decoding=\"async\" width=\"800\" height=\"418\" src=\"https:\/\/teknologiateollisuus.fi\/jasenille\/wp-content\/uploads\/sites\/1\/2023\/12\/img-50-4eba58306212469890da4ffe2eb9dbc2-800x418.png\" alt=\"77 % yrityksist\u00e4 on jo ottanut tai on ottamassa kiertotalouden osaksi strategiaansa, infograafi, 2022.\" class=\"wp-image-2653\" srcset=\"https:\/\/teknologiateollisuus.fi\/jasenille\/wp-content\/uploads\/sites\/1\/2023\/12\/img-50-4eba58306212469890da4ffe2eb9dbc2-800x418.png 800w, https:\/\/teknologiateollisuus.fi\/jasenille\/wp-content\/uploads\/sites\/1\/2023\/12\/img-50-4eba58306212469890da4ffe2eb9dbc2-400x209.png 400w, https:\/\/teknologiateollisuus.fi\/jasenille\/wp-content\/uploads\/sites\/1\/2023\/12\/img-50-4eba58306212469890da4ffe2eb9dbc2-768x401.png 768w, https:\/\/teknologiateollisuus.fi\/jasenille\/wp-content\/uploads\/sites\/1\/2023\/12\/img-50-4eba58306212469890da4ffe2eb9dbc2.png 1200w\" sizes=\"auto, (max-width: 800px) 100vw, 800px\" \/><\/figure>\n\n\n\n<h3 class=\"wp-block-heading\" id=\"h-miten-yrityksenne-hyotyy-osallistumisesta-kiertotalousohjelmaan\" id=\"miten-yrityksenne-hyotyy-osallistumisesta-kiertotalousohjelmaan\">Miten yrityksenne hy\u00f6tyy osallistumisesta kiertotalousohjelmaan?<\/h3>\n\n\n\n<ul class=\"wp-block-list is-style-styled\">\n<li><strong>Resurssitehokkuus:<\/strong> Kiertotalousohjelma edist\u00e4\u00e4 resurssitehokkuutta ja auttaa yrityst\u00e4nne tunnistamaan mahdollisuudet materiaalien tehokkaaseen k\u00e4ytt\u00f6\u00f6n. T\u00e4m\u00e4 voi v\u00e4hent\u00e4\u00e4 merkitt\u00e4v\u00e4sti kustannuksia ja parantaa kilpailukyky\u00e4nne.<\/li>\n\n\n\n<li><strong>Innovaatiot:<\/strong> Ohjelma tarjoaa puitteet yhteisty\u00f6lle muiden alan toimijoiden kanssa. Yhteisty\u00f6ss\u00e4 voimme l\u00f6yt\u00e4\u00e4 innovatiivisia ratkaisuja ja kehitt\u00e4\u00e4 uusia liiketoimintamahdollisuuksia.<\/li>\n\n\n\n<li><strong>Vastuullisuus ja maineenrakennus:<\/strong> Kest\u00e4v\u00e4n kehityksen eturintamassa toimiminen vahvistaa yrityksenne vastuullista imagoa. Asiakkaat ja sidosryhm\u00e4t arvostavat yh\u00e4 enemm\u00e4n yrityksi\u00e4, jotka sitoutuvat ymp\u00e4rist\u00f6vastuuseen.<\/li>\n<\/ul>\n\n\n\n<h2 class=\"wp-block-heading has-text-align-left  pt-none mb-xs\" id=\"h-hyodyllisia-linkkeja\" id=\"hyodyllisia-linkkeja\">Hy\u00f6dyllisi\u00e4 linkkej\u00e4<\/h2>\n\n\n\n<div class=\"wp-block-evermade-links em-block-links has-columns-1  mb-none\">\n<a\n\tclass=\"wp-block-evermade-internal-link em-block-link is-internal  mt-none has-background has-light-gray-background-color has-subtitle\"\n\thref=\"https:\/\/teknologiateollisuus.fi\/jasenille\/palvelut\/vastuullisen-liiketoiminnan-tuki\/energia-ja-ilmasto\/vahahiilitiekartta\/\"\n\taria-label=\"Avaa samassa v\u00e4lilehdess\u00e4\"\n\ttarget=\"_self\"\n\trel=\"noopener\"\n>\n\t<div class=\"em-block-link__content\">\n\t\t<span class=\"em-block-link__title\">\n\t\t\tTeknologiateollisuuden v\u00e4h\u00e4hiilitiekartta\t\t<\/span>\n\t\t\t\t\t<span class=\"em-block-link__subtitle\">\n\t\t\t\tRatkaisuja ilmastohaasteeseen\t\t\t<\/span>\n\t\t\t<\/div>\n\t\t\t<div class=\"em-block-link__arrow\"><\/div>\n\t\t<div class=\"em-block-link__pressable\"><\/div>\n\t<\/a>\n\n\n\n<a\n\tclass=\"wp-block-evermade-external-link em-block-link is-external  has-background has-light-gray-background-color has-subtitle\"\n\thref=\"https:\/\/teknologiateollisuus.fi\/fi\/circular-economy-playbook\"\n\taria-label=\"Avaa uudessa v\u00e4lilehdess\u00e4\"\n\ttarget=\"_blank\"\n\trel=\"noopener noreferrer\"\n>\n\t<div class=\"em-block-link__content\">\n\t\t<span class=\"em-block-link__title\">\n\t\t\tKiertotalouden sovellusopas yrityksille\t\t<\/span>\n\t\t\t\t\t<span class=\"em-block-link__subtitle\">\n\t\t\t\tKiertotalouden liiketoimintamallien kehitt\u00e4minen ja k\u00e4ytt\u00f6\u00f6notto\t\t\t<\/span>\n\t\t\t<\/div>\n\t<div class=\"em-block-link__arrow\"><\/div>\n\t<div class=\"em-block-link__pressable\"><\/div>\n<\/a>\n\n\n\n<a\n\tclass=\"wp-block-evermade-external-link em-block-link is-external  has-background has-light-gray-background-color has-subtitle\"\n\thref=\"https:\/\/teknologiateollisuus.fi\/tavoitteemme\/yritysvastuu\/vastuullisuuslinjaukset\/\"\n\taria-label=\"Avaa uudessa v\u00e4lilehdess\u00e4\"\n\ttarget=\"_blank\"\n\trel=\"noopener noreferrer\"\n>\n\t<div class=\"em-block-link__content\">\n\t\t<span class=\"em-block-link__title\">\n\t\t\tTeknologiateollisuuden vastuullisuuslinjaukset\t\t<\/span>\n\t\t\t\t\t<span class=\"em-block-link__subtitle\">\n\t\t\t\tVastuullisuus on menestyv\u00e4n liiketoiminnan perusta\t\t\t<\/span>\n\t\t\t<\/div>\n\t<div class=\"em-block-link__arrow\"><\/div>\n\t<div class=\"em-block-link__pressable\"><\/div>\n<\/a>\n<\/div>\n\n\n\n<div class=\"wp-block-scb-columns scb-columns  has-mobile-behavior--stacked has-auto-fit em-pattern-event-contacts\">\n<div class=\"wp-block-scb-column scb-column is-scale-cover\">\n<h2 class=\"wp-block-heading\" id=\"h-lisatiedot\" id=\"lisatiedot\">Lis\u00e4tiedot:<\/h2>\n\n\n\n<article class=\"em-block-contact-card is-style-list\">\n\n\t<div class=\"em-block-contact-card__image\">\n\t\t\t\t\t<img loading=\"lazy\" decoding=\"async\" width=\"300\" height=\"400\" src=\"https:\/\/teknologiateollisuus.fi\/jasenille\/wp-content\/uploads\/2024\/05\/phpxcuoho-300x400.jpg\" class=\"attachment-portrait size-portrait\" alt=\"\" \/>\t\t\t<\/div>\n\t<div class=\"em-block-contact-card__content-wrapper\">\n\t\t<div class=\"em-block-contact-card__content\">\n\t\t\t\t\t\t\t<div class=\"em-block-contact-card__business-units\">\n\t\t\t\t\t\t\t\t\t\t\t<span class=\"em-block-contact-card__business-unit\">Talous ja kest\u00e4v\u00e4 kasvu<\/span>\n\t\t\t\t\t\t\t\t\t<\/div>\n\t\t\t\t\t\t<h3 class=\"em-block-contact-card__title\"><a target=\"_self\" href=\"https:\/\/teknologiateollisuus.fi\/?p=1280\">Smids Linda<\/a><\/h3>\n\t\t\t\t\t\t\t<span class=\"em-block-contact-card__job_title\">Asiantuntija, kest\u00e4v\u00e4 kehitys &#8211; Kest\u00e4v\u00e4 kasvu<\/span>\n\t\t\t\t\t\t\t\t\t\t<span class=\"em-block-contact-card__organisation\">Teknologiateollisuus ry<\/span>\n\t\t\t\t\t<\/div>\n\t\t<div class=\"em-block-contact-card__content\">\n\t\t\t\t\t\t<address class=\"em-block-contact-card__contact-details\">\n\t\t\t\t\t\t\t\t\t<span class=\"em-block-contact-card__phone\">\n\t\t\t\t\t\t<a href=\"tel:+358 405 746 401\">+358 405 746 401<\/a><\/a>\n\t\t\t\t\t<\/span>\n\t\t\t\t\t\t\t\t\t\t\t\t\t<span class=\"em-block-contact-card__email\">\n\t\t\t\t\t\t<a href=\"mailto:linda.smids@teknologiateollisuus.fi\">linda.smids@teknologiateollisuus.fi<\/a><\/a>\n\t\t\t\t\t<\/span>\n\t\t\t\t\t\t\t<\/address>\n\t\t\t\t\t<\/div>\n\t<\/div>\n\n<\/article>\n\n\n\n<article class=\"em-block-contact-card is-style-list\">\n\n\t<div class=\"em-block-contact-card__image\">\n\t\t\t\t\t<img loading=\"lazy\" decoding=\"async\" width=\"300\" height=\"400\" src=\"https:\/\/teknologiateollisuus.fi\/jasenille\/wp-content\/uploads\/2026\/02\/EK_Kasper_Sass_04122024_0002-300x400.jpg\" class=\"attachment-portrait size-portrait\" alt=\"\" \/>\t\t\t<\/div>\n\t<div class=\"em-block-contact-card__content-wrapper\">\n\t\t<div class=\"em-block-contact-card__content\">\n\t\t\t\t\t\t\t<div class=\"em-block-contact-card__business-units\">\n\t\t\t\t\t\t\t\t\t\t\t<span class=\"em-block-contact-card__business-unit\">Talous ja kest\u00e4v\u00e4 kasvu<\/span>\n\t\t\t\t\t\t\t\t\t<\/div>\n\t\t\t\t\t\t<h3 class=\"em-block-contact-card__title\"><a target=\"_self\" href=\"https:\/\/teknologiateollisuus.fi\/?p=206242\">Sass Kasper<\/a><\/h3>\n\t\t\t\t\t\t\t<span class=\"em-block-contact-card__job_title\">Asiantuntija, ymp\u00e4rist\u00f6s\u00e4\u00e4ntely &#8211; Kest\u00e4v\u00e4 kasvu<\/span>\n\t\t\t\t\t\t\t\t\t\t<span class=\"em-block-contact-card__organisation\">Teknologiateollisuus ry<\/span>\n\t\t\t\t\t<\/div>\n\t\t<div class=\"em-block-contact-card__content\">\n\t\t\t\t\t\t<address class=\"em-block-contact-card__contact-details\">\n\t\t\t\t\t\t\t\t\t<span class=\"em-block-contact-card__phone\">\n\t\t\t\t\t\t<a href=\"tel:+358 404195210\">+358 404195210<\/a><\/a>\n\t\t\t\t\t<\/span>\n\t\t\t\t\t\t\t\t\t\t\t\t\t<span class=\"em-block-contact-card__email\">\n\t\t\t\t\t\t<a href=\"mailto:kasper.sass@teknologiateollisuus.fi\">kasper.sass@teknologiateollisuus.fi<\/a><\/a>\n\t\t\t\t\t<\/span>\n\t\t\t\t\t\t\t<\/address>\n\t\t\t\t\t<\/div>\n\t<\/div>\n\n<\/article>\n<\/div>\n<\/div>\n","protected":false},"excerpt":{"rendered":"<p>Teknologiateollisuuden kiertotalousohjelma Teknologiateollisuuden kiertotalousohjelma tarjoaa teknologia-alan yrityksille mahdollisuuden edist\u00e4\u00e4 kest\u00e4v\u00e4\u00e4 kehityst\u00e4, saavuttaa kasvua sek\u00e4 vahvistaa mainetta. Miten yrityksenne hy\u00f6tyy osallistumisesta kiertotalousohjelmaan? Hy\u00f6dyllisi\u00e4 linkkej\u00e4<\/p>\n","protected":false},"author":11,"featured_media":0,"parent":7338,"menu_order":0,"comment_status":"closed","ping_status":"closed","template":"","meta":{"_acf_changed":false,"_relevanssi_hide_post":"","_relevanssi_hide_content":"","_relevanssi_pin_for_all":"","_relevanssi_pin_keywords":"","_relevanssi_unpin_keywords":"","_relevanssi_related_keywords":"","_relevanssi_related_include_ids":"","_relevanssi_related_exclude_ids":"","_relevanssi_related_no_append":"","_relevanssi_related_not_related":"","_relevanssi_related_posts":"1417,165,169,168,167,166","_relevanssi_noindex_reason":"","inline_featured_image":false,"growthstack-ab-test":[],"growthstack-ab-test-views":[],"footnotes":""},"class_list":["post-1232","page","type-page","status-publish","hentry"],"acf":{"is_store_related":false,"locked":false},"yoast_head":"<!-- This site is optimized with the Yoast SEO Premium plugin v27.1 (Yoast SEO v27.4) - https:\/\/yoast.com\/product\/yoast-seo-premium-wordpress\/ -->\n<title>Kiertotalous - Teknologiateollisuus - J\u00e4senille<\/title>\n<meta name=\"description\" content=\"T\u00e4m\u00e4 sivu on suunnattu erityisesti teknologiayrityksille, jotka haluavat olla eturintamassa kest\u00e4v\u00e4n kehityksen edist\u00e4misess\u00e4. Lue lis\u00e4\u00e4!\" \/>\n<meta name=\"robots\" content=\"index, follow, max-snippet:-1, max-image-preview:large, max-video-preview:-1\" \/>\n<link rel=\"canonical\" href=\"https:\/\/teknologiateollisuus.fi\/jasenille\/palvelut\/vastuullisen-liiketoiminnan-tuki\/kiertotalous\/\" \/>\n<meta property=\"og:locale\" content=\"fi_FI\" \/>\n<meta property=\"og:type\" content=\"article\" \/>\n<meta property=\"og:title\" content=\"Kiertotalous\" \/>\n<meta property=\"og:description\" content=\"T\u00e4m\u00e4 sivu on suunnattu erityisesti teknologiayrityksille, jotka haluavat olla eturintamassa kest\u00e4v\u00e4n kehityksen edist\u00e4misess\u00e4. Lue lis\u00e4\u00e4!\" \/>\n<meta property=\"og:url\" content=\"https:\/\/teknologiateollisuus.fi\/jasenille\/palvelut\/vastuullisen-liiketoiminnan-tuki\/kiertotalous\/\" \/>\n<meta property=\"og:site_name\" content=\"Teknologiateollisuus - J\u00e4senille\" \/>\n<meta property=\"article:modified_time\" content=\"2026-04-14T06:19:10+00:00\" \/>\n<meta property=\"og:image\" content=\"https:\/\/teknologiateollisuus.fi\/jasenille\/wp-content\/uploads\/sites\/1\/2023\/12\/img-50-4eba58306212469890da4ffe2eb9dbc2.png\" \/>\n\t<meta property=\"og:image:width\" content=\"1200\" \/>\n\t<meta property=\"og:image:height\" content=\"627\" \/>\n\t<meta property=\"og:image:type\" content=\"image\/png\" \/>\n<meta name=\"twitter:card\" content=\"summary_large_image\" \/>\n<meta name=\"twitter:label1\" content=\"Arvioitu lukuaika\" \/>\n\t<meta name=\"twitter:data1\" content=\"1 minuutti\" \/>\n<script type=\"application\/ld+json\" class=\"yoast-schema-graph\">{\"@context\":\"https:\\\/\\\/schema.org\",\"@graph\":[{\"@type\":\"WebPage\",\"@id\":\"https:\\\/\\\/teknologiateollisuus.fi\\\/jasenille\\\/palvelut\\\/vastuullisen-liiketoiminnan-tuki\\\/kiertotalous\\\/\",\"url\":\"https:\\\/\\\/teknologiateollisuus.fi\\\/jasenille\\\/palvelut\\\/vastuullisen-liiketoiminnan-tuki\\\/kiertotalous\\\/\",\"name\":\"Kiertotalous - Teknologiateollisuus - J\u00e4senille\",\"isPartOf\":{\"@id\":\"https:\\\/\\\/teknologiateollisuus.fi\\\/jasenille\\\/#website\"},\"primaryImageOfPage\":{\"@id\":\"https:\\\/\\\/teknologiateollisuus.fi\\\/jasenille\\\/palvelut\\\/vastuullisen-liiketoiminnan-tuki\\\/kiertotalous\\\/#primaryimage\"},\"image\":{\"@id\":\"https:\\\/\\\/teknologiateollisuus.fi\\\/jasenille\\\/palvelut\\\/vastuullisen-liiketoiminnan-tuki\\\/kiertotalous\\\/#primaryimage\"},\"thumbnailUrl\":\"https:\\\/\\\/teknologiateollisuus.fi\\\/jasenille\\\/wp-content\\\/uploads\\\/sites\\\/1\\\/2023\\\/12\\\/img-50-4eba58306212469890da4ffe2eb9dbc2-800x418.png\",\"datePublished\":\"2023-12-11T13:51:20+00:00\",\"dateModified\":\"2026-04-14T06:19:10+00:00\",\"description\":\"T\u00e4m\u00e4 sivu on suunnattu erityisesti teknologiayrityksille, jotka haluavat olla eturintamassa kest\u00e4v\u00e4n kehityksen edist\u00e4misess\u00e4. Lue lis\u00e4\u00e4!\",\"breadcrumb\":{\"@id\":\"https:\\\/\\\/teknologiateollisuus.fi\\\/jasenille\\\/palvelut\\\/vastuullisen-liiketoiminnan-tuki\\\/kiertotalous\\\/#breadcrumb\"},\"inLanguage\":\"fi\",\"potentialAction\":[{\"@type\":\"ReadAction\",\"target\":[\"https:\\\/\\\/teknologiateollisuus.fi\\\/jasenille\\\/palvelut\\\/vastuullisen-liiketoiminnan-tuki\\\/kiertotalous\\\/\"]}]},{\"@type\":\"ImageObject\",\"inLanguage\":\"fi\",\"@id\":\"https:\\\/\\\/teknologiateollisuus.fi\\\/jasenille\\\/palvelut\\\/vastuullisen-liiketoiminnan-tuki\\\/kiertotalous\\\/#primaryimage\",\"url\":\"https:\\\/\\\/teknologiateollisuus.fi\\\/jasenille\\\/wp-content\\\/uploads\\\/sites\\\/1\\\/2023\\\/12\\\/img-50-4eba58306212469890da4ffe2eb9dbc2.png\",\"contentUrl\":\"https:\\\/\\\/teknologiateollisuus.fi\\\/jasenille\\\/wp-content\\\/uploads\\\/sites\\\/1\\\/2023\\\/12\\\/img-50-4eba58306212469890da4ffe2eb9dbc2.png\",\"width\":1200,\"height\":627,\"caption\":\"77 % yrityksist\u00e4 on jo ottanut tai on ottamassa kiertotalouden osaksi strategiaansa, infograafi, 2022.\"},{\"@type\":\"BreadcrumbList\",\"@id\":\"https:\\\/\\\/teknologiateollisuus.fi\\\/jasenille\\\/palvelut\\\/vastuullisen-liiketoiminnan-tuki\\\/kiertotalous\\\/#breadcrumb\",\"itemListElement\":[{\"@type\":\"ListItem\",\"position\":1,\"name\":\"Home\",\"item\":\"https:\\\/\\\/teknologiateollisuus.fi\\\/jasenille\\\/\"},{\"@type\":\"ListItem\",\"position\":2,\"name\":\"Palvelut\",\"item\":\"https:\\\/\\\/teknologiateollisuus.fi\\\/jasenille\\\/palvelut\\\/\"},{\"@type\":\"ListItem\",\"position\":3,\"name\":\"Vastuullisen liiketoiminnan tuki\",\"item\":\"https:\\\/\\\/teknologiateollisuus.fi\\\/jasenille\\\/palvelut\\\/vastuullisen-liiketoiminnan-tuki\\\/\"},{\"@type\":\"ListItem\",\"position\":4,\"name\":\"Kiertotalous\"}]},{\"@type\":\"WebSite\",\"@id\":\"https:\\\/\\\/teknologiateollisuus.fi\\\/jasenille\\\/#website\",\"url\":\"https:\\\/\\\/teknologiateollisuus.fi\\\/jasenille\\\/\",\"name\":\"Teknologiateollisuus - J\u00e4senille\",\"description\":\"\",\"publisher\":{\"@id\":\"https:\\\/\\\/teknologiateollisuus.fi\\\/jasenille\\\/#organization\"},\"potentialAction\":[{\"@type\":\"SearchAction\",\"target\":{\"@type\":\"EntryPoint\",\"urlTemplate\":\"https:\\\/\\\/teknologiateollisuus.fi\\\/jasenille\\\/?s={search_term_string}\"},\"query-input\":{\"@type\":\"PropertyValueSpecification\",\"valueRequired\":true,\"valueName\":\"search_term_string\"}}],\"inLanguage\":\"fi\"},{\"@type\":\"Organization\",\"@id\":\"https:\\\/\\\/teknologiateollisuus.fi\\\/jasenille\\\/#organization\",\"name\":\"Teknologiateollisuus - J\u00e4senille\",\"url\":\"https:\\\/\\\/teknologiateollisuus.fi\\\/jasenille\\\/\",\"logo\":{\"@type\":\"ImageObject\",\"inLanguage\":\"fi\",\"@id\":\"https:\\\/\\\/teknologiateollisuus.fi\\\/jasenille\\\/#\\\/schema\\\/logo\\\/image\\\/\",\"url\":\"https:\\\/\\\/teknologiateollisuus.fi\\\/jasenille\\\/wp-content\\\/uploads\\\/sites\\\/1\\\/2023\\\/10\\\/placeholder.png\",\"contentUrl\":\"https:\\\/\\\/teknologiateollisuus.fi\\\/jasenille\\\/wp-content\\\/uploads\\\/sites\\\/1\\\/2023\\\/10\\\/placeholder.png\",\"width\":2560,\"height\":1920,\"caption\":\"Teknologiateollisuus - J\u00e4senille\"},\"image\":{\"@id\":\"https:\\\/\\\/teknologiateollisuus.fi\\\/jasenille\\\/#\\\/schema\\\/logo\\\/image\\\/\"}}]}<\/script>\n<!-- \/ Yoast SEO Premium plugin. -->","yoast_head_json":{"title":"Kiertotalous - Teknologiateollisuus - J\u00e4senille","description":"T\u00e4m\u00e4 sivu on suunnattu erityisesti teknologiayrityksille, jotka haluavat olla eturintamassa kest\u00e4v\u00e4n kehityksen edist\u00e4misess\u00e4. Lue lis\u00e4\u00e4!","robots":{"index":"index","follow":"follow","max-snippet":"max-snippet:-1","max-image-preview":"max-image-preview:large","max-video-preview":"max-video-preview:-1"},"canonical":"https:\/\/teknologiateollisuus.fi\/jasenille\/palvelut\/vastuullisen-liiketoiminnan-tuki\/kiertotalous\/","og_locale":"fi_FI","og_type":"article","og_title":"Kiertotalous","og_description":"T\u00e4m\u00e4 sivu on suunnattu erityisesti teknologiayrityksille, jotka haluavat olla eturintamassa kest\u00e4v\u00e4n kehityksen edist\u00e4misess\u00e4. Lue lis\u00e4\u00e4!","og_url":"https:\/\/teknologiateollisuus.fi\/jasenille\/palvelut\/vastuullisen-liiketoiminnan-tuki\/kiertotalous\/","og_site_name":"Teknologiateollisuus - J\u00e4senille","article_modified_time":"2026-04-14T06:19:10+00:00","og_image":[{"width":1200,"height":627,"url":"https:\/\/teknologiateollisuus.fi\/jasenille\/wp-content\/uploads\/sites\/1\/2023\/12\/img-50-4eba58306212469890da4ffe2eb9dbc2.png","type":"image\/png"}],"twitter_card":"summary_large_image","twitter_misc":{"Arvioitu lukuaika":"1 minuutti"},"schema":{"@context":"https:\/\/schema.org","@graph":[{"@type":"WebPage","@id":"https:\/\/teknologiateollisuus.fi\/jasenille\/palvelut\/vastuullisen-liiketoiminnan-tuki\/kiertotalous\/","url":"https:\/\/teknologiateollisuus.fi\/jasenille\/palvelut\/vastuullisen-liiketoiminnan-tuki\/kiertotalous\/","name":"Kiertotalous - Teknologiateollisuus - J\u00e4senille","isPartOf":{"@id":"https:\/\/teknologiateollisuus.fi\/jasenille\/#website"},"primaryImageOfPage":{"@id":"https:\/\/teknologiateollisuus.fi\/jasenille\/palvelut\/vastuullisen-liiketoiminnan-tuki\/kiertotalous\/#primaryimage"},"image":{"@id":"https:\/\/teknologiateollisuus.fi\/jasenille\/palvelut\/vastuullisen-liiketoiminnan-tuki\/kiertotalous\/#primaryimage"},"thumbnailUrl":"https:\/\/teknologiateollisuus.fi\/jasenille\/wp-content\/uploads\/sites\/1\/2023\/12\/img-50-4eba58306212469890da4ffe2eb9dbc2-800x418.png","datePublished":"2023-12-11T13:51:20+00:00","dateModified":"2026-04-14T06:19:10+00:00","description":"T\u00e4m\u00e4 sivu on suunnattu erityisesti teknologiayrityksille, jotka haluavat olla eturintamassa kest\u00e4v\u00e4n kehityksen edist\u00e4misess\u00e4. Lue lis\u00e4\u00e4!","breadcrumb":{"@id":"https:\/\/teknologiateollisuus.fi\/jasenille\/palvelut\/vastuullisen-liiketoiminnan-tuki\/kiertotalous\/#breadcrumb"},"inLanguage":"fi","potentialAction":[{"@type":"ReadAction","target":["https:\/\/teknologiateollisuus.fi\/jasenille\/palvelut\/vastuullisen-liiketoiminnan-tuki\/kiertotalous\/"]}]},{"@type":"ImageObject","inLanguage":"fi","@id":"https:\/\/teknologiateollisuus.fi\/jasenille\/palvelut\/vastuullisen-liiketoiminnan-tuki\/kiertotalous\/#primaryimage","url":"https:\/\/teknologiateollisuus.fi\/jasenille\/wp-content\/uploads\/sites\/1\/2023\/12\/img-50-4eba58306212469890da4ffe2eb9dbc2.png","contentUrl":"https:\/\/teknologiateollisuus.fi\/jasenille\/wp-content\/uploads\/sites\/1\/2023\/12\/img-50-4eba58306212469890da4ffe2eb9dbc2.png","width":1200,"height":627,"caption":"77 % yrityksist\u00e4 on jo ottanut tai on ottamassa kiertotalouden osaksi strategiaansa, infograafi, 2022."},{"@type":"BreadcrumbList","@id":"https:\/\/teknologiateollisuus.fi\/jasenille\/palvelut\/vastuullisen-liiketoiminnan-tuki\/kiertotalous\/#breadcrumb","itemListElement":[{"@type":"ListItem","position":1,"name":"Home","item":"https:\/\/teknologiateollisuus.fi\/jasenille\/"},{"@type":"ListItem","position":2,"name":"Palvelut","item":"https:\/\/teknologiateollisuus.fi\/jasenille\/palvelut\/"},{"@type":"ListItem","position":3,"name":"Vastuullisen liiketoiminnan tuki","item":"https:\/\/teknologiateollisuus.fi\/jasenille\/palvelut\/vastuullisen-liiketoiminnan-tuki\/"},{"@type":"ListItem","position":4,"name":"Kiertotalous"}]},{"@type":"WebSite","@id":"https:\/\/teknologiateollisuus.fi\/jasenille\/#website","url":"https:\/\/teknologiateollisuus.fi\/jasenille\/","name":"Teknologiateollisuus - J\u00e4senille","description":"","publisher":{"@id":"https:\/\/teknologiateollisuus.fi\/jasenille\/#organization"},"potentialAction":[{"@type":"SearchAction","target":{"@type":"EntryPoint","urlTemplate":"https:\/\/teknologiateollisuus.fi\/jasenille\/?s={search_term_string}"},"query-input":{"@type":"PropertyValueSpecification","valueRequired":true,"valueName":"search_term_string"}}],"inLanguage":"fi"},{"@type":"Organization","@id":"https:\/\/teknologiateollisuus.fi\/jasenille\/#organization","name":"Teknologiateollisuus - J\u00e4senille","url":"https:\/\/teknologiateollisuus.fi\/jasenille\/","logo":{"@type":"ImageObject","inLanguage":"fi","@id":"https:\/\/teknologiateollisuus.fi\/jasenille\/#\/schema\/logo\/image\/","url":"https:\/\/teknologiateollisuus.fi\/jasenille\/wp-content\/uploads\/sites\/1\/2023\/10\/placeholder.png","contentUrl":"https:\/\/teknologiateollisuus.fi\/jasenille\/wp-content\/uploads\/sites\/1\/2023\/10\/placeholder.png","width":2560,"height":1920,"caption":"Teknologiateollisuus - J\u00e4senille"},"image":{"@id":"https:\/\/teknologiateollisuus.fi\/jasenille\/#\/schema\/logo\/image\/"}}]}},"lang":"fi","translations":{"fi":1232},"pll_sync_post":[],"_links":{"self":[{"href":"https:\/\/teknologiateollisuus.fi\/jasenille\/wp-json\/wp\/v2\/pages\/1232","targetHints":{"allow":["GET"]}}],"collection":[{"href":"https:\/\/teknologiateollisuus.fi\/jasenille\/wp-json\/wp\/v2\/pages"}],"about":[{"href":"https:\/\/teknologiateollisuus.fi\/jasenille\/wp-json\/wp\/v2\/types\/page"}],"author":[{"embeddable":true,"href":"https:\/\/teknologiateollisuus.fi\/jasenille\/wp-json\/wp\/v2\/users\/11"}],"replies":[{"embeddable":true,"href":"https:\/\/teknologiateollisuus.fi\/jasenille\/wp-json\/wp\/v2\/comments?post=1232"}],"version-history":[{"count":30,"href":"https:\/\/teknologiateollisuus.fi\/jasenille\/wp-json\/wp\/v2\/pages\/1232\/revisions"}],"predecessor-version":[{"id":29751,"href":"https:\/\/teknologiateollisuus.fi\/jasenille\/wp-json\/wp\/v2\/pages\/1232\/revisions\/29751"}],"up":[{"embeddable":true,"href":"https:\/\/teknologiateollisuus.fi\/jasenille\/wp-json\/wp\/v2\/pages\/7338"}],"wp:attachment":[{"href":"https:\/\/teknologiateollisuus.fi\/jasenille\/wp-json\/wp\/v2\/media?parent=1232"}],"curies":[{"name":"wp","href":"https:\/\/api.w.org\/{rel}","templated":true}]}}