{"id":1234,"date":"2023-12-11T15:51:38","date_gmt":"2023-12-11T13:51:38","guid":{"rendered":"https:\/\/teknologiateollisuus.fi\/jasenille\/?page_id=1234"},"modified":"2026-03-07T09:34:14","modified_gmt":"2026-03-07T07:34:14","slug":"yritysvastuu","status":"publish","type":"page","link":"https:\/\/teknologiateollisuus.fi\/jasenille\/palvelut\/vastuullisen-liiketoiminnan-tuki\/yritysvastuu\/","title":{"rendered":"Yritysvastuu"},"content":{"rendered":"\n<div class=\"em-block-hero hero-has-background-color has-background has-black-background-color collapse  \">\n\t<div class=\"em-block-hero__container\">\n\t\t<div class=\"em-block-hero__content\">\n\t\t\t<div class=\"yoast-breadcrumbs\"><span><span><a href=\"https:\/\/teknologiateollisuus.fi\/jasenille\/\">Home<\/a><\/span> <span class=\"separator\"><\/span> <span><a href=\"https:\/\/teknologiateollisuus.fi\/jasenille\/palvelut\/\">Palvelut<\/a><\/span> <span class=\"separator\"><\/span> <span><a href=\"https:\/\/teknologiateollisuus.fi\/jasenille\/palvelut\/vastuullisen-liiketoiminnan-tuki\/\">Vastuullisen liiketoiminnan tuki<\/a><\/span> <span class=\"separator\"><\/span> <span class=\"breadcrumb_last\" aria-current=\"page\">Yritysvastuu<\/span><\/span><\/div>\t\t\t\n<h1 class=\"wp-block-heading\" id=\"h-yritysvastuu\">Yritysvastuu<\/h1>\n\n<p>Teknologia-alan yritykset haluavat olla yritysvastuun edell\u00e4k\u00e4vij\u00f6it\u00e4. Vastuullisuus on sek\u00e4 meille ett\u00e4 j\u00e4senyrityksillemme menestyv\u00e4n liiketoiminnan perusta ja osa jokap\u00e4iv\u00e4ist\u00e4 toimintaa.<\/p>\n\t\t\t<div class=\"em-block-hero__modified-date\"> P\u00e4ivitetty 07.03.2026 klo 09:34<\/div>\t\t<\/div>\n\t\t\t\t\t<figure class=\"em-block-hero__image\">\n\t\t\t\t\t\t\t<\/figure>\n\t\t\t<\/div>\n<\/div>\n\n\n\n<p class=\"is-style-pre-headline\">yritysvastuu<\/p>\n\n\n\n<h2 class=\"wp-block-heading\" id=\"h-vastuullinen-yritystoiminta\" id=\"vastuullinen-yritystoiminta\">Vastuullinen yritystoiminta<\/h2>\n\n\n\n<p>Vastuullisen yritystoiminnan avulla vahvistamme yhteiskunnan eri toimijoiden luottamusta toimialaamme, edist\u00e4mme kest\u00e4v\u00e4\u00e4 kehityst\u00e4 sek\u00e4 luomme uusia liiketoimintamahdollisuuksia ja ty\u00f6paikkoja.<\/p>\n\n\n\n<div class=\"wp-block-evermade-links em-block-links has-columns-1\">\n<div data-wp-interactive=\"core\/file\" class=\"wp-block-file\"><a id=\"wp-block-file--media-caaa432d-f255-41af-a1c5-9de7e6f3037d\" href=\"https:\/\/teknologiateollisuus.fi\/jasenille\/wp-content\/uploads\/sites\/1\/2024\/07\/vastuullisuuslinjaukset-2023.pdf\">Teknologiateollisuuden vastuullisuuslinjaukset&nbsp;<\/a><a href=\"https:\/\/teknologiateollisuus.fi\/jasenille\/wp-content\/uploads\/sites\/1\/2024\/07\/vastuullisuuslinjaukset-2023.pdf\" class=\"wp-block-file__button wp-element-button\" download aria-describedby=\"wp-block-file--media-caaa432d-f255-41af-a1c5-9de7e6f3037d\">Lataa<\/a><\/div>\n\n\n\n<div data-wp-interactive=\"core\/file\" class=\"wp-block-file\"><a id=\"wp-block-file--media-d004f7a5-4234-4ff9-b2d5-1174df750851\" href=\"https:\/\/teknologiateollisuus.fi\/jasenille\/wp-content\/uploads\/sites\/1\/2024\/07\/vastuullisuuden-voima-selvitys-2022.pdf\">Vastuullisuuden voima 2022 -selvitys<\/a><a href=\"https:\/\/teknologiateollisuus.fi\/jasenille\/wp-content\/uploads\/sites\/1\/2024\/07\/vastuullisuuden-voima-selvitys-2022.pdf\" class=\"wp-block-file__button wp-element-button\" download aria-describedby=\"wp-block-file--media-d004f7a5-4234-4ff9-b2d5-1174df750851\">Lataa<\/a><\/div>\n\n\n\n<div data-wp-interactive=\"core\/file\" class=\"wp-block-file\"><a id=\"wp-block-file--media-c9728ad6-7e18-41c0-b2ff-d73bf7787305\" href=\"https:\/\/teknologiateollisuus.fi\/jasenille\/wp-content\/uploads\/sites\/1\/2024\/07\/kilpailuetua-vastuullisuudesta-opas-2022.pdf\">Kilpailuetua vastuullisuudesta \u2013 opas Teknologiateollisuuden pk-yrityksille<\/a><a href=\"https:\/\/teknologiateollisuus.fi\/jasenille\/wp-content\/uploads\/sites\/1\/2024\/07\/kilpailuetua-vastuullisuudesta-opas-2022.pdf\" class=\"wp-block-file__button wp-element-button\" download aria-describedby=\"wp-block-file--media-c9728ad6-7e18-41c0-b2ff-d73bf7787305\">Lataa<\/a><\/div>\n<\/div>\n\n\n\n<p class=\"is-style-pre-headline\">vastuullisuusraportointi<\/p>\n\n\n\n<h2 class=\"wp-block-heading\" id=\"h-tiedatko-mita-tuleva-csrd-direktiivi-tarkoittaa-yrityksesi-kannalta-nbsp\" id=\"tiedatko-mita-tuleva-csrd-direktiivi-tarkoittaa-yrityksesi-kannalta\">Tied\u00e4tk\u00f6, mit\u00e4 tuleva CSRD-direktiivi tarkoittaa yrityksesi kannalta?&nbsp;<\/h2>\n\n\n\n<p>Oman lis\u00e4ns\u00e4 yritysvastuulle on tuonut EU:n kest\u00e4vyysraportointidirektiivi CSRD, jonka toimeenpano etenee vauhdilla. T\u00e4n\u00e4 vuonna voimaan tuleva direktiivi tarkoittaa uudenlaisia raportointivelvoitteita yritysten vuosittain julkaisemien tilinp\u00e4\u00e4t\u00f6stietojen rinnalle.<\/p>\n\n\n\n<p>Kest\u00e4vyysraportointi on t\u00e4rke\u00e4 osa yrityksen toimintaa ja sen merkitys kasvaa jatkuvasti. T\u00e4m\u00e4n vuoksi on t\u00e4rke\u00e4\u00e4, ett\u00e4 yritykset ymm\u00e4rt\u00e4v\u00e4t kest\u00e4vyysraportoinnin merkityksen ja valmistautuvat tuleviin muutoksiin hyviss\u00e4 ajoin.<\/p>\n\n\n\n<h2 class=\"wp-block-heading\" id=\"h-mista-on-kyse\" id=\"mista-on-kyse\">Mist\u00e4 on kyse?<\/h2>\n\n\n\n<p>Kest\u00e4vyysraportointi tarkoittaa yh\u00e4 tarkempaa huomiointia yritysten liiketoiminnan tuottamista sosiaalisista ja ymp\u00e4rist\u00f6vaikutuksista sek\u00e4 raportointia n\u00e4iden kest\u00e4vyysteemojen vaikutuksista itse liiketoimintaan. T\u00e4m\u00e4n lis\u00e4ksi&nbsp;ulkoisen toimijan tulee jatkossa varmentaa&nbsp;yritysten raportoimat kest\u00e4vyystiedot.&nbsp;<\/p>\n\n\n\n<p>Yrityksen tulee tehd\u00e4 raportoinnin pohjaksi olennaisuusarvio, jossa se arvioi keskeisimm\u00e4t kest\u00e4vyysvaikutuksensa.<\/p>\n\n\n\n<div class=\"wp-block-evermade-links em-block-links has-columns-1\">\n<a\n\tclass=\"wp-block-evermade-internal-link em-block-link is-internal   has-subtitle\"\n\thref=\"https:\/\/teknologiateollisuus.fi\/jasenille\/palvelut\/vastuullisen-liiketoiminnan-tuki\/yritysvastuu\/kestavyysraportointidirektiivi-crsd-tietopaketti-yrityksille-2\/\"\n\taria-label=\"Avaa samassa v\u00e4lilehdess\u00e4\"\n\ttarget=\"_self\"\n\trel=\"noopener\"\n>\n\t<div class=\"em-block-link__content\">\n\t\t<span class=\"em-block-link__title\">\n\t\t\tMiten valmistautua?\t\t<\/span>\n\t\t\t\t\t<span class=\"em-block-link__subtitle\">\n\t\t\t\tTutustu CSRD-direktiivin soveltamisen tietopakettiin.\t\t\t<\/span>\n\t\t\t<\/div>\n\t\t\t<div class=\"em-block-link__locked\"><\/div>\n\t<\/a>\n\n\n\n<a\n\tclass=\"wp-block-evermade-external-link em-block-link is-external   has-subtitle\"\n\thref=\"https:\/\/finance.ec.europa.eu\/capital-markets-union-and-financial-markets\/company-reporting-and-auditing\/company-reporting\/corporate-sustainability-reporting_en\"\n\taria-label=\"Avaa uudessa v\u00e4lilehdess\u00e4\"\n\ttarget=\"_blank\"\n\trel=\"noopener noreferrer\"\n>\n\t<div class=\"em-block-link__content\">\n\t\t<span class=\"em-block-link__title\">\n\t\t\tLue lis\u00e4\u00e4 direktiivist\u00e4\t\t<\/span>\n\t\t\t\t\t<span class=\"em-block-link__subtitle\">\n\t\t\t\tLis\u00e4tietoa direktiivist\u00e4 Euroopan komission sivuilta.\t\t\t<\/span>\n\t\t\t<\/div>\n\t<div class=\"em-block-link__arrow\"><\/div>\n\t<div class=\"em-block-link__pressable\"><\/div>\n<\/a>\n\n\n\n<a\n\tclass=\"wp-block-evermade-internal-link em-block-link is-internal   has-subtitle\"\n\thref=\"https:\/\/teknologiateollisuus.fi\/jasenille\/wp-content\/uploads\/sites\/1\/2024\/07\/kilpailuetua-vastuullisuudesta-opas-2022.pdf\"\n\taria-label=\"Avaa samassa v\u00e4lilehdess\u00e4\"\n\ttarget=\"_self\"\n\trel=\"noopener\"\n>\n\t<div class=\"em-block-link__content\">\n\t\t<span class=\"em-block-link__title\">\n\t\t\tTutustu oppaaseemme, joka tarjoaa tukea yritysten vastuullisuusty\u00f6n toteuttamiseksi\t\t<\/span>\n\t\t\t\t\t<span class=\"em-block-link__subtitle\">\n\t\t\t\tOpas on suunnattu erityisesti pk-yritysten toimitusjohtajille, johtoryhmille, hallituksille, asiantuntijoille.\t\t\t<\/span>\n\t\t\t<\/div>\n\t\t\t<div class=\"em-block-link__arrow\"><\/div>\n\t\t<div class=\"em-block-link__pressable\"><\/div>\n\t<\/a>\n<\/div>\n\n\n\n<p class=\"is-style-pre-headline\">aikataulu<\/p>\n\n\n\n<h2 class=\"wp-block-heading\" id=\"h-keita-raportointi-koskee\" id=\"keita-raportointi-koskee\">Keit\u00e4 raportointi koskee?<\/h2>\n\n\n\n<p>Ensimm\u00e4isen\u00e4 direktiivin asettamat raportointivelvoitteet koskevat <strong>listattuja, yli 500 henkil\u00f6\u00e4 ty\u00f6llist\u00e4vi\u00e4<\/strong> yrityksi\u00e4. Seuraavina vuosina velvoitteet laajenevat koskemaan my\u00f6s listattuja pk-yrityksi\u00e4.<\/p>\n\n\n\n<ul class=\"wp-block-list is-style-styled\">\n<li><strong>2024: <\/strong>Raportointivelvoitteet koskettavat yli 500 henkil\u00f6\u00e4 ty\u00f6llist\u00e4vi\u00e4, listattuja yrityksi\u00e4. Ensimm\u00e4iset raportit tulee julkaista vuonna 2025 vuoden 2024 tiedoilla.&nbsp;<\/li>\n\n\n\n<li><strong>2025:<\/strong> Velvoitteet laajenevat koskemaan my\u00f6s niit\u00e4 yrityksi\u00e4, jotka t\u00e4ytt\u00e4v\u00e4t kaksi seuraavista kolmesta kriteerist\u00e4: v\u00e4hint\u00e4\u00e4n 250 henkil\u00f6\u00e4 ty\u00f6llist\u00e4v\u00e4t yritykset ja\/tai yritykset, joiden nettoliikevaihto on yli 40 miljoonaa euroa ja\/tai taseen loppusumma 20 miljoonaa.\u202f&nbsp;<\/li>\n\n\n\n<li><strong>2026:<\/strong> Velvoitteet laajenevat koskemaan listattuja pk-yrityksi\u00e4. Niiden tulee julkaista ensimm\u00e4iset raportit vuonna 2027 vuoden 2026 tiedoilla. Pk-yrityksill\u00e4 on mahdollisuus hy\u00f6dynt\u00e4\u00e4 kahden vuoden siirtym\u00e4aikaa raportoinnin aloittamisessa, mutta ne ovat velvollisia ilmoittamaan toimintakertomuksessaan syyt raportoimatta j\u00e4tt\u00e4miselle.<\/li>\n\n\n\n<li><strong>2028:<\/strong> Raportointivelvollisuus laajenee EU:n ulkopuolisiin yrityksiin, joiden liikevaihto on yli 150 miljoonaa euroa kahden viimeksi kuluneen tilikauden aikana ja joilla on v\u00e4hint\u00e4\u00e4n yksi suuri tai listattu tyt\u00e4ryhti\u00f6 Euroopan unionin s\u00e4\u00e4nnellyill\u00e4 markkinoilla (tai sivukonttori, jos yrityksill\u00e4 ei ole EU:ssa suurta tai listattua tyt\u00e4ryhti\u00f6t\u00e4) ja liikevaihto EU markkinoilla yli 40 miljoonaa euroa.&nbsp;<\/li>\n<\/ul>\n\n\n\n<div class=\"wp-block-scb-columns scb-columns  has-mobile-behavior--stacked has-auto-fit em-pattern-event-contacts\">\n<div class=\"wp-block-scb-column scb-column is-scale-cover\">\n<h2 class=\"wp-block-heading\" id=\"h-lisatiedot\" id=\"lisatiedot\">Lis\u00e4tiedot:<\/h2>\n\n\n\n<article class=\"em-block-contact-card is-style-list\">\n\n\t<div class=\"em-block-contact-card__image\">\n\t\t\t\t\t<img loading=\"lazy\" decoding=\"async\" width=\"300\" height=\"400\" src=\"https:\/\/teknologiateollisuus.fi\/jasenille\/wp-content\/uploads\/2025\/12\/Teppo_Sakkinen_netti-1.png\" class=\"attachment-portrait size-portrait\" alt=\"\" \/>\t\t\t<\/div>\n\t<div class=\"em-block-contact-card__content-wrapper\">\n\t\t<div class=\"em-block-contact-card__content\">\n\t\t\t\t\t\t\t<div class=\"em-block-contact-card__business-units\">\n\t\t\t\t\t\t\t\t\t\t\t<span class=\"em-block-contact-card__business-unit\">Talous ja kest\u00e4v\u00e4 kasvu<\/span>\n\t\t\t\t\t\t\t\t\t<\/div>\n\t\t\t\t\t\t<h3 class=\"em-block-contact-card__title\"><a target=\"_self\" href=\"https:\/\/teknologiateollisuus.fi\/?p=174999\">S\u00e4kkinen Teppo<\/a><\/h3>\n\t\t\t\t\t\t\t<span class=\"em-block-contact-card__job_title\">Johtaja, kest\u00e4v\u00e4 kasvu &#8211; Kest\u00e4v\u00e4 kasvu<\/span>\n\t\t\t\t\t\t\t\t\t\t<span class=\"em-block-contact-card__organisation\">Teknologiateollisuus ry<\/span>\n\t\t\t\t\t<\/div>\n\t\t<div class=\"em-block-contact-card__content\">\n\t\t\t\t\t\t<address class=\"em-block-contact-card__contact-details\">\n\t\t\t\t\t\t\t\t\t<span class=\"em-block-contact-card__phone\">\n\t\t\t\t\t\t<a href=\"tel:+358 50 5162868\">+358 50 5162868<\/a><\/a>\n\t\t\t\t\t<\/span>\n\t\t\t\t\t\t\t\t\t\t\t\t\t<span class=\"em-block-contact-card__email\">\n\t\t\t\t\t\t<a href=\"mailto:teppo.sakkinen@teknologiateollisuus.fi\">teppo.sakkinen@teknologiateollisuus.fi<\/a><\/a>\n\t\t\t\t\t<\/span>\n\t\t\t\t\t\t\t<\/address>\n\t\t\t\t\t<\/div>\n\t<\/div>\n\n<\/article>\n<\/div>\n<\/div>\n","protected":false},"excerpt":{"rendered":"<p>yritysvastuu Vastuullinen yritystoiminta Vastuullisen yritystoiminnan avulla vahvistamme yhteiskunnan eri toimijoiden luottamusta toimialaamme, edist\u00e4mme kest\u00e4v\u00e4\u00e4 kehityst\u00e4 sek\u00e4 luomme uusia liiketoimintamahdollisuuksia ja ty\u00f6paikkoja. vastuullisuusraportointi Tied\u00e4tk\u00f6, mit\u00e4 tuleva CSRD-direktiivi tarkoittaa yrityksesi kannalta?&nbsp; Oman lis\u00e4ns\u00e4 yritysvastuulle on tuonut EU:n kest\u00e4vyysraportointidirektiivi CSRD, jonka toimeenpano etenee vauhdilla. T\u00e4n\u00e4 vuonna voimaan tuleva direktiivi tarkoittaa uudenlaisia raportointivelvoitteita yritysten vuosittain julkaisemien tilinp\u00e4\u00e4t\u00f6stietojen rinnalle. Kest\u00e4vyysraportointi [&hellip;]<\/p>\n","protected":false},"author":11,"featured_media":0,"parent":7338,"menu_order":3,"comment_status":"closed","ping_status":"closed","template":"","meta":{"_acf_changed":false,"_relevanssi_hide_post":"","_relevanssi_hide_content":"","_relevanssi_pin_for_all":"","_relevanssi_pin_keywords":"","_relevanssi_unpin_keywords":"","_relevanssi_related_keywords":"","_relevanssi_related_include_ids":"","_relevanssi_related_exclude_ids":"","_relevanssi_related_no_append":"","_relevanssi_related_not_related":"","_relevanssi_related_posts":"167,1417,168,165,166,169","_relevanssi_noindex_reason":"","inline_featured_image":false,"growthstack-ab-test":[],"growthstack-ab-test-views":[],"footnotes":""},"class_list":["post-1234","page","type-page","status-publish","hentry"],"acf":{"is_store_related":false,"locked":false},"yoast_head":"<!-- This site is optimized with the Yoast SEO Premium plugin v27.1 (Yoast SEO v27.4) - https:\/\/yoast.com\/product\/yoast-seo-premium-wordpress\/ -->\n<title>Yritysvastuu - Teknologiateollisuus - J\u00e4senille<\/title>\n<meta name=\"description\" content=\"Teknologia-alan yritykset haluavat olla yritysvastuun edell\u00e4k\u00e4vij\u00f6it\u00e4. Klikkaa lukeaksesi lis\u00e4\u00e4 yritysvastuusta ja kest\u00e4vyysraportoinnista!\" \/>\n<meta name=\"robots\" content=\"index, follow, max-snippet:-1, max-image-preview:large, max-video-preview:-1\" \/>\n<link rel=\"canonical\" href=\"https:\/\/teknologiateollisuus.fi\/jasenille\/palvelut\/vastuullisen-liiketoiminnan-tuki\/yritysvastuu\/\" \/>\n<meta property=\"og:locale\" content=\"fi_FI\" \/>\n<meta property=\"og:type\" content=\"article\" \/>\n<meta property=\"og:title\" content=\"Yritysvastuu\" \/>\n<meta property=\"og:description\" content=\"Teknologia-alan yritykset haluavat olla yritysvastuun edell\u00e4k\u00e4vij\u00f6it\u00e4. Klikkaa lukeaksesi lis\u00e4\u00e4 yritysvastuusta ja kest\u00e4vyysraportoinnista!\" \/>\n<meta property=\"og:url\" content=\"https:\/\/teknologiateollisuus.fi\/jasenille\/palvelut\/vastuullisen-liiketoiminnan-tuki\/yritysvastuu\/\" \/>\n<meta property=\"og:site_name\" content=\"Teknologiateollisuus - J\u00e4senille\" \/>\n<meta property=\"article:modified_time\" content=\"2026-03-07T07:34:14+00:00\" \/>\n<meta name=\"twitter:card\" content=\"summary_large_image\" \/>\n<meta name=\"twitter:label1\" content=\"Arvioitu lukuaika\" \/>\n\t<meta name=\"twitter:data1\" content=\"2 minuuttia\" \/>\n<script type=\"application\/ld+json\" class=\"yoast-schema-graph\">{\"@context\":\"https:\\\/\\\/schema.org\",\"@graph\":[{\"@type\":\"WebPage\",\"@id\":\"https:\\\/\\\/teknologiateollisuus.fi\\\/jasenille\\\/palvelut\\\/vastuullisen-liiketoiminnan-tuki\\\/yritysvastuu\\\/\",\"url\":\"https:\\\/\\\/teknologiateollisuus.fi\\\/jasenille\\\/palvelut\\\/vastuullisen-liiketoiminnan-tuki\\\/yritysvastuu\\\/\",\"name\":\"Yritysvastuu - Teknologiateollisuus - J\u00e4senille\",\"isPartOf\":{\"@id\":\"https:\\\/\\\/teknologiateollisuus.fi\\\/jasenille\\\/#website\"},\"datePublished\":\"2023-12-11T13:51:38+00:00\",\"dateModified\":\"2026-03-07T07:34:14+00:00\",\"description\":\"Teknologia-alan yritykset haluavat olla yritysvastuun edell\u00e4k\u00e4vij\u00f6it\u00e4. Klikkaa lukeaksesi lis\u00e4\u00e4 yritysvastuusta ja kest\u00e4vyysraportoinnista!\",\"breadcrumb\":{\"@id\":\"https:\\\/\\\/teknologiateollisuus.fi\\\/jasenille\\\/palvelut\\\/vastuullisen-liiketoiminnan-tuki\\\/yritysvastuu\\\/#breadcrumb\"},\"inLanguage\":\"fi\",\"potentialAction\":[{\"@type\":\"ReadAction\",\"target\":[\"https:\\\/\\\/teknologiateollisuus.fi\\\/jasenille\\\/palvelut\\\/vastuullisen-liiketoiminnan-tuki\\\/yritysvastuu\\\/\"]}]},{\"@type\":\"BreadcrumbList\",\"@id\":\"https:\\\/\\\/teknologiateollisuus.fi\\\/jasenille\\\/palvelut\\\/vastuullisen-liiketoiminnan-tuki\\\/yritysvastuu\\\/#breadcrumb\",\"itemListElement\":[{\"@type\":\"ListItem\",\"position\":1,\"name\":\"Home\",\"item\":\"https:\\\/\\\/teknologiateollisuus.fi\\\/jasenille\\\/\"},{\"@type\":\"ListItem\",\"position\":2,\"name\":\"Palvelut\",\"item\":\"https:\\\/\\\/teknologiateollisuus.fi\\\/jasenille\\\/palvelut\\\/\"},{\"@type\":\"ListItem\",\"position\":3,\"name\":\"Vastuullisen liiketoiminnan tuki\",\"item\":\"https:\\\/\\\/teknologiateollisuus.fi\\\/jasenille\\\/palvelut\\\/vastuullisen-liiketoiminnan-tuki\\\/\"},{\"@type\":\"ListItem\",\"position\":4,\"name\":\"Yritysvastuu\"}]},{\"@type\":\"WebSite\",\"@id\":\"https:\\\/\\\/teknologiateollisuus.fi\\\/jasenille\\\/#website\",\"url\":\"https:\\\/\\\/teknologiateollisuus.fi\\\/jasenille\\\/\",\"name\":\"Teknologiateollisuus - J\u00e4senille\",\"description\":\"\",\"publisher\":{\"@id\":\"https:\\\/\\\/teknologiateollisuus.fi\\\/jasenille\\\/#organization\"},\"potentialAction\":[{\"@type\":\"SearchAction\",\"target\":{\"@type\":\"EntryPoint\",\"urlTemplate\":\"https:\\\/\\\/teknologiateollisuus.fi\\\/jasenille\\\/?s={search_term_string}\"},\"query-input\":{\"@type\":\"PropertyValueSpecification\",\"valueRequired\":true,\"valueName\":\"search_term_string\"}}],\"inLanguage\":\"fi\"},{\"@type\":\"Organization\",\"@id\":\"https:\\\/\\\/teknologiateollisuus.fi\\\/jasenille\\\/#organization\",\"name\":\"Teknologiateollisuus - J\u00e4senille\",\"url\":\"https:\\\/\\\/teknologiateollisuus.fi\\\/jasenille\\\/\",\"logo\":{\"@type\":\"ImageObject\",\"inLanguage\":\"fi\",\"@id\":\"https:\\\/\\\/teknologiateollisuus.fi\\\/jasenille\\\/#\\\/schema\\\/logo\\\/image\\\/\",\"url\":\"https:\\\/\\\/teknologiateollisuus.fi\\\/jasenille\\\/wp-content\\\/uploads\\\/sites\\\/1\\\/2023\\\/10\\\/placeholder.png\",\"contentUrl\":\"https:\\\/\\\/teknologiateollisuus.fi\\\/jasenille\\\/wp-content\\\/uploads\\\/sites\\\/1\\\/2023\\\/10\\\/placeholder.png\",\"width\":2560,\"height\":1920,\"caption\":\"Teknologiateollisuus - J\u00e4senille\"},\"image\":{\"@id\":\"https:\\\/\\\/teknologiateollisuus.fi\\\/jasenille\\\/#\\\/schema\\\/logo\\\/image\\\/\"}}]}<\/script>\n<!-- \/ Yoast SEO Premium plugin. -->","yoast_head_json":{"title":"Yritysvastuu - Teknologiateollisuus - J\u00e4senille","description":"Teknologia-alan yritykset haluavat olla yritysvastuun edell\u00e4k\u00e4vij\u00f6it\u00e4. Klikkaa lukeaksesi lis\u00e4\u00e4 yritysvastuusta ja kest\u00e4vyysraportoinnista!","robots":{"index":"index","follow":"follow","max-snippet":"max-snippet:-1","max-image-preview":"max-image-preview:large","max-video-preview":"max-video-preview:-1"},"canonical":"https:\/\/teknologiateollisuus.fi\/jasenille\/palvelut\/vastuullisen-liiketoiminnan-tuki\/yritysvastuu\/","og_locale":"fi_FI","og_type":"article","og_title":"Yritysvastuu","og_description":"Teknologia-alan yritykset haluavat olla yritysvastuun edell\u00e4k\u00e4vij\u00f6it\u00e4. Klikkaa lukeaksesi lis\u00e4\u00e4 yritysvastuusta ja kest\u00e4vyysraportoinnista!","og_url":"https:\/\/teknologiateollisuus.fi\/jasenille\/palvelut\/vastuullisen-liiketoiminnan-tuki\/yritysvastuu\/","og_site_name":"Teknologiateollisuus - J\u00e4senille","article_modified_time":"2026-03-07T07:34:14+00:00","twitter_card":"summary_large_image","twitter_misc":{"Arvioitu lukuaika":"2 minuuttia"},"schema":{"@context":"https:\/\/schema.org","@graph":[{"@type":"WebPage","@id":"https:\/\/teknologiateollisuus.fi\/jasenille\/palvelut\/vastuullisen-liiketoiminnan-tuki\/yritysvastuu\/","url":"https:\/\/teknologiateollisuus.fi\/jasenille\/palvelut\/vastuullisen-liiketoiminnan-tuki\/yritysvastuu\/","name":"Yritysvastuu - Teknologiateollisuus - J\u00e4senille","isPartOf":{"@id":"https:\/\/teknologiateollisuus.fi\/jasenille\/#website"},"datePublished":"2023-12-11T13:51:38+00:00","dateModified":"2026-03-07T07:34:14+00:00","description":"Teknologia-alan yritykset haluavat olla yritysvastuun edell\u00e4k\u00e4vij\u00f6it\u00e4. Klikkaa lukeaksesi lis\u00e4\u00e4 yritysvastuusta ja kest\u00e4vyysraportoinnista!","breadcrumb":{"@id":"https:\/\/teknologiateollisuus.fi\/jasenille\/palvelut\/vastuullisen-liiketoiminnan-tuki\/yritysvastuu\/#breadcrumb"},"inLanguage":"fi","potentialAction":[{"@type":"ReadAction","target":["https:\/\/teknologiateollisuus.fi\/jasenille\/palvelut\/vastuullisen-liiketoiminnan-tuki\/yritysvastuu\/"]}]},{"@type":"BreadcrumbList","@id":"https:\/\/teknologiateollisuus.fi\/jasenille\/palvelut\/vastuullisen-liiketoiminnan-tuki\/yritysvastuu\/#breadcrumb","itemListElement":[{"@type":"ListItem","position":1,"name":"Home","item":"https:\/\/teknologiateollisuus.fi\/jasenille\/"},{"@type":"ListItem","position":2,"name":"Palvelut","item":"https:\/\/teknologiateollisuus.fi\/jasenille\/palvelut\/"},{"@type":"ListItem","position":3,"name":"Vastuullisen liiketoiminnan tuki","item":"https:\/\/teknologiateollisuus.fi\/jasenille\/palvelut\/vastuullisen-liiketoiminnan-tuki\/"},{"@type":"ListItem","position":4,"name":"Yritysvastuu"}]},{"@type":"WebSite","@id":"https:\/\/teknologiateollisuus.fi\/jasenille\/#website","url":"https:\/\/teknologiateollisuus.fi\/jasenille\/","name":"Teknologiateollisuus - J\u00e4senille","description":"","publisher":{"@id":"https:\/\/teknologiateollisuus.fi\/jasenille\/#organization"},"potentialAction":[{"@type":"SearchAction","target":{"@type":"EntryPoint","urlTemplate":"https:\/\/teknologiateollisuus.fi\/jasenille\/?s={search_term_string}"},"query-input":{"@type":"PropertyValueSpecification","valueRequired":true,"valueName":"search_term_string"}}],"inLanguage":"fi"},{"@type":"Organization","@id":"https:\/\/teknologiateollisuus.fi\/jasenille\/#organization","name":"Teknologiateollisuus - J\u00e4senille","url":"https:\/\/teknologiateollisuus.fi\/jasenille\/","logo":{"@type":"ImageObject","inLanguage":"fi","@id":"https:\/\/teknologiateollisuus.fi\/jasenille\/#\/schema\/logo\/image\/","url":"https:\/\/teknologiateollisuus.fi\/jasenille\/wp-content\/uploads\/sites\/1\/2023\/10\/placeholder.png","contentUrl":"https:\/\/teknologiateollisuus.fi\/jasenille\/wp-content\/uploads\/sites\/1\/2023\/10\/placeholder.png","width":2560,"height":1920,"caption":"Teknologiateollisuus - J\u00e4senille"},"image":{"@id":"https:\/\/teknologiateollisuus.fi\/jasenille\/#\/schema\/logo\/image\/"}}]}},"lang":"fi","translations":{"fi":1234},"pll_sync_post":[],"_links":{"self":[{"href":"https:\/\/teknologiateollisuus.fi\/jasenille\/wp-json\/wp\/v2\/pages\/1234","targetHints":{"allow":["GET"]}}],"collection":[{"href":"https:\/\/teknologiateollisuus.fi\/jasenille\/wp-json\/wp\/v2\/pages"}],"about":[{"href":"https:\/\/teknologiateollisuus.fi\/jasenille\/wp-json\/wp\/v2\/types\/page"}],"author":[{"embeddable":true,"href":"https:\/\/teknologiateollisuus.fi\/jasenille\/wp-json\/wp\/v2\/users\/11"}],"replies":[{"embeddable":true,"href":"https:\/\/teknologiateollisuus.fi\/jasenille\/wp-json\/wp\/v2\/comments?post=1234"}],"version-history":[{"count":30,"href":"https:\/\/teknologiateollisuus.fi\/jasenille\/wp-json\/wp\/v2\/pages\/1234\/revisions"}],"predecessor-version":[{"id":29368,"href":"https:\/\/teknologiateollisuus.fi\/jasenille\/wp-json\/wp\/v2\/pages\/1234\/revisions\/29368"}],"up":[{"embeddable":true,"href":"https:\/\/teknologiateollisuus.fi\/jasenille\/wp-json\/wp\/v2\/pages\/7338"}],"wp:attachment":[{"href":"https:\/\/teknologiateollisuus.fi\/jasenille\/wp-json\/wp\/v2\/media?parent=1234"}],"curies":[{"name":"wp","href":"https:\/\/api.w.org\/{rel}","templated":true}]}}