{"id":1248,"date":"2023-12-11T15:56:30","date_gmt":"2023-12-11T13:56:30","guid":{"rendered":"https:\/\/teknologiateollisuus.fi\/jasenille\/?page_id=1248"},"modified":"2026-03-07T09:33:35","modified_gmt":"2026-03-07T07:33:35","slug":"biodiversiteettiohjelma","status":"publish","type":"page","link":"https:\/\/teknologiateollisuus.fi\/jasenille\/palvelut\/vastuullisen-liiketoiminnan-tuki\/biodiversiteettiohjelma\/","title":{"rendered":"Biodiversiteettiohjelma"},"content":{"rendered":"\n<div class=\"em-block-hero hero-has-background-color has-background has-black-background-color collapse  \">\n\t<div class=\"em-block-hero__container\">\n\t\t<div class=\"em-block-hero__content\">\n\t\t\t<div class=\"yoast-breadcrumbs\"><span><span><a href=\"https:\/\/teknologiateollisuus.fi\/jasenille\/\">Home<\/a><\/span> <span class=\"separator\"><\/span> <span><a href=\"https:\/\/teknologiateollisuus.fi\/jasenille\/palvelut\/\">Palvelut<\/a><\/span> <span class=\"separator\"><\/span> <span><a href=\"https:\/\/teknologiateollisuus.fi\/jasenille\/palvelut\/vastuullisen-liiketoiminnan-tuki\/\">Vastuullisen liiketoiminnan tuki<\/a><\/span> <span class=\"separator\"><\/span> <span class=\"breadcrumb_last\" aria-current=\"page\">Biodiversiteettiohjelma<\/span><\/span><\/div>\t\t\t\n<h1 class=\"wp-block-heading\" id=\"h-teknologiateollisuuden-biodiversiteettiohjelma\">Teknologiateollisuuden biodiversiteettiohjelma<\/h1>\n\n<p>EU:n biodiversiteettistrategian tavoitteena on, ett\u00e4 luonnon monimuotoisuus on l\u00e4htenyt toipumaan vuoteen 2030 menness\u00e4. Teknologiateollisuudessa on laadittu toimialan oma biodiversiteetti\u00e4 koskeva ohjelmakokonaisuus, jonka ohjeiden, verkostojen ja k\u00e4yt\u00e4nt\u00f6jen avulla j\u00e4senyritykset pystyv\u00e4t edist\u00e4m\u00e4\u00e4n omia biodiversiteettitavoitteitaan.&nbsp;<\/p>\n\t\t\t<div class=\"em-block-hero__modified-date\"> P\u00e4ivitetty 07.03.2026 klo 09:33<\/div>\t\t<\/div>\n\t\t\t\t\t<figure class=\"em-block-hero__image\">\n\t\t\t\t\t\t\t<\/figure>\n\t\t\t<\/div>\n<\/div>\n\n\n\n<p>Teknologiateollisuuden j\u00e4senyritysten yhdess\u00e4 valmistelema biodiversiteetti\u00e4 koskeva ohjelmakokonaisuus kattaa vuodet 2021\u20132050. Ohjelmakokonaisuus sis\u00e4lt\u00e4\u00e4:<\/p>\n\n\n\n<div class=\"wp-block-evermade-links em-block-links has-columns-1\">\n<div data-wp-interactive=\"core\/file\" class=\"wp-block-file\"><a id=\"wp-block-file--media-ef90d0f5-df49-4adf-900e-4194dbc208b0\" href=\"https:\/\/teknologiateollisuus.fi\/jasenille\/wp-content\/uploads\/sites\/1\/2024\/07\/luonnon-monimuotoisuus-selvitys-2024.pdf\">Luonnon monimuotoisuus -selvitys 2024<\/a><a href=\"https:\/\/teknologiateollisuus.fi\/jasenille\/wp-content\/uploads\/sites\/1\/2024\/07\/luonnon-monimuotoisuus-selvitys-2024.pdf\" class=\"wp-block-file__button wp-element-button\" download aria-describedby=\"wp-block-file--media-ef90d0f5-df49-4adf-900e-4194dbc208b0\">Lataa<\/a><\/div>\n\n\n\n<div data-wp-interactive=\"core\/file\" class=\"wp-block-file\"><a id=\"wp-block-file--media-894ab0ee-21e6-4c31-9231-524341aabd04\" href=\"https:\/\/teknologiateollisuus.fi\/jasenille\/wp-content\/uploads\/sites\/1\/2024\/07\/Teknologiateollisuus_biodiversiteettilinjaukset_0.pdf\">Alan biodiversiteettilinjaukset<\/a><a href=\"https:\/\/teknologiateollisuus.fi\/jasenille\/wp-content\/uploads\/sites\/1\/2024\/07\/Teknologiateollisuus_biodiversiteettilinjaukset_0.pdf\" class=\"wp-block-file__button wp-element-button\" download aria-describedby=\"wp-block-file--media-894ab0ee-21e6-4c31-9231-524341aabd04\">Lataa<\/a><\/div>\n\n\n\n<div data-wp-interactive=\"core\/file\" class=\"wp-block-file\"><a id=\"wp-block-file--media-19f79ec8-bcc3-4c99-bd6d-ce0b480a7860\" href=\"https:\/\/teknologiateollisuus.fi\/jasenille\/wp-content\/uploads\/sites\/1\/2024\/07\/Tavoitteet-2021-2050.pdf\">Alan tavoitteet 2021-2050<\/a><a href=\"https:\/\/teknologiateollisuus.fi\/jasenille\/wp-content\/uploads\/sites\/1\/2024\/07\/Tavoitteet-2021-2050.pdf\" class=\"wp-block-file__button wp-element-button\" download aria-describedby=\"wp-block-file--media-19f79ec8-bcc3-4c99-bd6d-ce0b480a7860\">Lataa<\/a><\/div>\n<\/div>\n\n\n\n<h2 class=\"wp-block-heading\" id=\"h-yritysten-rooli\" id=\"yritysten-rooli\">Yritysten rooli<\/h2>\n\n\n\n<p>Jokaisella alamme yrityksell\u00e4 on suoria tai v\u00e4lillisi\u00e4 vaikutuksia luonnon monimuotoisuuteen.&nbsp;Tiedostamalla vastuumme ja toimimalla sen mukaisesti, v\u00e4lt\u00e4mme uhkaavan luontokadon.<\/p>\n\n\n\n<p>Avainroolissa biodiversiteetin turvaamisessa ovat yritykset, joissa biodiversiteetin hallinta <strong>edistyy merkitt\u00e4v\u00e4sti vuoteen 2030 menness\u00e4<\/strong> ja jotka voivat auttaa my\u00f6s muita sektoreita kuten kaupunkeja lis\u00e4\u00e4m\u00e4\u00e4n luonnon monimuotoisuutta.<\/p>\n\n\n\n<h2 class=\"wp-block-heading\" id=\"h-hyodyt-yrityksille\" id=\"hyodyt-yrityksille\">Hy\u00f6dyt yrityksille<\/h2>\n\n\n\n<p>Biodiversiteetin huomioiminen tuo yrityksille uusia mahdollisuuksia ja kilpailuetua my\u00f6s globaaleilla markkinoilla, esimerkiksi resurssiviisaamman tuotannon kautta.<\/p>\n\n\n\n<p>Yritykset voivat tuottaa asiakkailleen lis\u00e4arvoa tarjoamalla ratkaisuja niiden biodiversiteettihaasteisiin. Tulevaisuudessa biodiversiteettikysymykset voivat olla ratkaisevassa asemassa my\u00f6s <strong>rahoituksen<\/strong>, <strong>asiakkuuksien<\/strong> sek\u00e4 <strong>toimintalupien<\/strong> saamisen kannalta.<\/p>\n\n\n\n<h2 class=\"wp-block-heading\" id=\"h-miten-osallistua\" id=\"miten-osallistua\">Miten osallistua?<\/h2>\n\n\n\n<p>Teknologiateollisuus ry edist\u00e4\u00e4 ja tukee yritysten toimia biodiversiteetin turvaamiseksi, tavoitteiden asettamiseksi sek\u00e4 biodiversiteetin hallinnan viemiseksi osaksi yritysstrategiaa.<\/p>\n\n\n\n<p>Yrityksi\u00e4 kannustetaan vapaaehtoisiin toimiin biodiversiteetin hyv\u00e4n tilan edist\u00e4miseksi jo ennen lains\u00e4\u00e4d\u00e4nn\u00f6llisi\u00e4 velvoitteita.<\/p>\n\n\n\n<div class=\"wp-block-evermade-links em-block-links has-columns-1\">\n<div data-wp-interactive=\"core\/file\" class=\"wp-block-file has-light-gray-background-color has-background\"><a id=\"wp-block-file--media-f27e616e-9a5d-4cdc-93f0-2f10ba9eeeaf\" href=\"https:\/\/teknologiateollisuus.fi\/jasenille\/wp-content\/uploads\/sites\/1\/2024\/07\/Biodiversiteetti-etenemismalli.pdf\">Biodiversiteetti-etenemismalli<\/a><a href=\"https:\/\/teknologiateollisuus.fi\/jasenille\/wp-content\/uploads\/sites\/1\/2024\/07\/Biodiversiteetti-etenemismalli.pdf\" class=\"wp-block-file__button wp-element-button\" download aria-describedby=\"wp-block-file--media-f27e616e-9a5d-4cdc-93f0-2f10ba9eeeaf\">Lataa<\/a><\/div>\n<\/div>\n\n\n\n<div class=\"wp-block-group em-pattern-key-figures has-blue-background-color has-background is-layout-constrained wp-block-group-is-layout-constrained\">\n<h2 class=\"wp-block-heading has-text-align-left is-style-default\" id=\"h-alan-yrityksilla-on-merkittava-rooli-jokaisessa-kehityksen-vaiheessa\" id=\"alan-yrityksilla-on-merkittava-rooli-jokaisessa-kehityksen-vaiheessa\">Alan yrityksill\u00e4 on merkitt\u00e4v\u00e4 rooli jokaisessa kehityksen vaiheessa<\/h2>\n\n\n\n<div class=\"wp-block-scb-columns scb-columns  has-mobile-behavior--stacked has-columns-3 em-pattern-key-figures__stats\">\n<div class=\"wp-block-scb-column scb-column is-scale-cover\">\n<p class=\"has-text-align-left mb-xs has-h-2-font-size\">2021\u20132023<\/p>\n\n\n\n<p class=\"has-text-align-left  mt-xs\">Yrityksiss\u00e4 on havaittu tarve kasvattaa omaa tietoisuuttaan biodiversiteetist\u00e4 ja sen merkityksest\u00e4 omassa liiketoiminnassa ja liiketoiminnan jatkuvuudessa.<\/p>\n<\/div>\n\n\n\n<div class=\"wp-block-scb-column scb-column is-scale-cover\">\n<p class=\"has-text-align-left mb-xs has-h-2-font-size\">2024\u20132030<\/p>\n\n\n\n<p class=\"has-text-align-left  mt-xs\">Tehtyj\u00e4 toimenpiteit\u00e4 seurataan, p\u00e4ivitet\u00e4\u00e4n ja yll\u00e4pidet\u00e4\u00e4n. Yrityksill\u00e4 on omaehtoisia biodiversiteetin hallintasuunnitelmia.<\/p>\n<\/div>\n\n\n\n<div class=\"wp-block-scb-column scb-column is-scale-cover\">\n<p class=\"has-text-align-left mb-xs has-h-2-font-size\">2031\u20132050<\/p>\n\n\n\n<p class=\"has-text-align-left  mt-xs\">Alan yritykset ovat suunnann\u00e4ytt\u00e4ji\u00e4 biodiversiteetin hallinnassa ja lis\u00e4\u00e4misess\u00e4.<\/p>\n<\/div>\n<\/div>\n<\/div>\n\n\n\n<h2 class=\"wp-block-heading has-text-align-left  mb-sm\" id=\"h-tutustu-teknologiateollisuuden-biodiversiteettikokonaisuuteen\" id=\"tutustu-teknologiateollisuuden-biodiversiteettikokonaisuuteen\">Tutustu Teknologiateollisuuden biodiversiteettikokonaisuuteen<\/h2>\n\n\n\n<div class=\"wp-block-evermade-links em-block-links has-columns-1\">\n<div data-wp-interactive=\"core\/file\" class=\"wp-block-file\"><a id=\"wp-block-file--media-4c405408-42b3-4ba8-89ce-d6cb84f9de6f\" href=\"https:\/\/teknologiateollisuus.fi\/jasenille\/wp-content\/uploads\/sites\/1\/2024\/07\/Biodiversiteettiselvitys_Teknologiateollisuus_0.pdf\">Biodiversiteettiselvitys<\/a><a href=\"https:\/\/teknologiateollisuus.fi\/jasenille\/wp-content\/uploads\/sites\/1\/2024\/07\/Biodiversiteettiselvitys_Teknologiateollisuus_0.pdf\" class=\"wp-block-file__button wp-element-button\" download aria-describedby=\"wp-block-file--media-4c405408-42b3-4ba8-89ce-d6cb84f9de6f\">Lataa<\/a><\/div>\n\n\n\n<div data-wp-interactive=\"core\/file\" class=\"wp-block-file\"><a id=\"wp-block-file--media-db3ce65a-28fd-4b74-a630-8af7116b51ab\" href=\"https:\/\/teknologiateollisuus.fi\/jasenille\/wp-content\/uploads\/sites\/1\/2024\/07\/Teknologiateollisuus_biodiversiteettilinjaukset_0.pdf\">Biodiversiteettilinjaukset<\/a><a href=\"https:\/\/teknologiateollisuus.fi\/jasenille\/wp-content\/uploads\/sites\/1\/2024\/07\/Teknologiateollisuus_biodiversiteettilinjaukset_0.pdf\" class=\"wp-block-file__button wp-element-button\" download aria-describedby=\"wp-block-file--media-db3ce65a-28fd-4b74-a630-8af7116b51ab\">Lataa<\/a><\/div>\n\n\n\n<div data-wp-interactive=\"core\/file\" class=\"wp-block-file\"><a id=\"wp-block-file--media-bf4ebf69-53de-4c8d-b806-1a7c4c7d6c60\" href=\"https:\/\/teknologiateollisuus.fi\/jasenille\/wp-content\/uploads\/2024\/07\/Tavoitteet-2021-2050.pdf\">Biodiversiteettitavoitteet 2021-2050<\/a><a href=\"https:\/\/teknologiateollisuus.fi\/jasenille\/wp-content\/uploads\/2024\/07\/Tavoitteet-2021-2050.pdf\" class=\"wp-block-file__button wp-element-button\" download aria-describedby=\"wp-block-file--media-bf4ebf69-53de-4c8d-b806-1a7c4c7d6c60\">Lataa<\/a><\/div>\n<\/div>\n\n\n\n<h2 class=\"wp-block-heading\" id=\"h-miten-yritykset-voivat-edeta-kohti-biodiversiteettitavoitteitaan\" id=\"miten-yritykset-voivat-edeta-kohti-biodiversiteettitavoitteitaan\">Miten yritykset voivat edet\u00e4 kohti biodiversiteettitavoitteitaan?<\/h2>\n\n\n\n<ol class=\"wp-block-list is-style-default\">\n<li>Ymm\u00e4rr\u00e4 liiketoimintasi yhteys biodiversiteettiin.<\/li>\n\n\n\n<li>Arvioi vaikutukset ja riippuvuudet arvoketjussa.<\/li>\n\n\n\n<li>Luo strategia ja tavoitteet.<\/li>\n\n\n\n<li>Toteuta toimenpiteit\u00e4 suunnitelmallisesti.<\/li>\n\n\n\n<li>Seuraa tuloksia suhteessa tavoitteisiin.<\/li>\n\n\n\n<li>Viesti aikaansaaduista tuloksista.<\/li>\n<\/ol>\n\n\n\n<div class=\"wp-block-scb-columns scb-columns  has-mobile-behavior--stacked has-auto-fit em-pattern-event-contacts\">\n<div class=\"wp-block-scb-column scb-column is-scale-cover\">\n<h2 class=\"wp-block-heading\" id=\"h-lisatiedot\" id=\"lisatiedot\">Lis\u00e4tiedot:<\/h2>\n\n\n\n<article class=\"em-block-contact-card is-style-list\">\n\n\t<div class=\"em-block-contact-card__image\">\n\t\t\t\t\t<img loading=\"lazy\" decoding=\"async\" width=\"300\" height=\"400\" src=\"https:\/\/teknologiateollisuus.fi\/jasenille\/wp-content\/uploads\/2025\/12\/Teppo_Sakkinen_netti-1.png\" class=\"attachment-portrait size-portrait\" alt=\"\" \/>\t\t\t<\/div>\n\t<div class=\"em-block-contact-card__content-wrapper\">\n\t\t<div class=\"em-block-contact-card__content\">\n\t\t\t\t\t\t\t<div class=\"em-block-contact-card__business-units\">\n\t\t\t\t\t\t\t\t\t\t\t<span class=\"em-block-contact-card__business-unit\">Talous ja kest\u00e4v\u00e4 kasvu<\/span>\n\t\t\t\t\t\t\t\t\t<\/div>\n\t\t\t\t\t\t<h3 class=\"em-block-contact-card__title\"><a target=\"_self\" href=\"https:\/\/teknologiateollisuus.fi\/?p=174999\">S\u00e4kkinen Teppo<\/a><\/h3>\n\t\t\t\t\t\t\t<span class=\"em-block-contact-card__job_title\">Johtaja, kest\u00e4v\u00e4 kasvu &#8211; Kest\u00e4v\u00e4 kasvu<\/span>\n\t\t\t\t\t\t\t\t\t\t<span class=\"em-block-contact-card__organisation\">Teknologiateollisuus ry<\/span>\n\t\t\t\t\t<\/div>\n\t\t<div class=\"em-block-contact-card__content\">\n\t\t\t\t\t\t<address class=\"em-block-contact-card__contact-details\">\n\t\t\t\t\t\t\t\t\t<span class=\"em-block-contact-card__phone\">\n\t\t\t\t\t\t<a href=\"tel:+358 50 5162868\">+358 50 5162868<\/a><\/a>\n\t\t\t\t\t<\/span>\n\t\t\t\t\t\t\t\t\t\t\t\t\t<span class=\"em-block-contact-card__email\">\n\t\t\t\t\t\t<a href=\"mailto:teppo.sakkinen@teknologiateollisuus.fi\">teppo.sakkinen@teknologiateollisuus.fi<\/a><\/a>\n\t\t\t\t\t<\/span>\n\t\t\t\t\t\t\t<\/address>\n\t\t\t\t\t<\/div>\n\t<\/div>\n\n<\/article>\n<\/div>\n<\/div>\n","protected":false},"excerpt":{"rendered":"<p>Teknologiateollisuuden j\u00e4senyritysten yhdess\u00e4 valmistelema biodiversiteetti\u00e4 koskeva ohjelmakokonaisuus kattaa vuodet 2021\u20132050. Ohjelmakokonaisuus sis\u00e4lt\u00e4\u00e4: Yritysten rooli Jokaisella alamme yrityksell\u00e4 on suoria tai v\u00e4lillisi\u00e4 vaikutuksia luonnon monimuotoisuuteen.&nbsp;Tiedostamalla vastuumme ja toimimalla sen mukaisesti, v\u00e4lt\u00e4mme uhkaavan luontokadon. Avainroolissa biodiversiteetin turvaamisessa ovat yritykset, joissa biodiversiteetin hallinta edistyy merkitt\u00e4v\u00e4sti vuoteen 2030 menness\u00e4 ja jotka voivat auttaa my\u00f6s muita sektoreita kuten kaupunkeja lis\u00e4\u00e4m\u00e4\u00e4n [&hellip;]<\/p>\n","protected":false},"author":11,"featured_media":0,"parent":7338,"menu_order":1,"comment_status":"closed","ping_status":"closed","template":"","meta":{"_acf_changed":false,"_relevanssi_hide_post":"","_relevanssi_hide_content":"","_relevanssi_pin_for_all":"","_relevanssi_pin_keywords":"","_relevanssi_unpin_keywords":"","_relevanssi_related_keywords":"","_relevanssi_related_include_ids":"","_relevanssi_related_exclude_ids":"","_relevanssi_related_no_append":"","_relevanssi_related_not_related":"","_relevanssi_related_posts":"168,165,169,1417,167,166","_relevanssi_noindex_reason":"","inline_featured_image":false,"growthstack-ab-test":[],"growthstack-ab-test-views":[],"footnotes":""},"class_list":["post-1248","page","type-page","status-publish","hentry"],"acf":{"is_store_related":false,"locked":false},"yoast_head":"<!-- This site is optimized with the Yoast SEO Premium plugin v27.1 (Yoast SEO v27.3) - https:\/\/yoast.com\/product\/yoast-seo-premium-wordpress\/ -->\n<title>Biodiversiteettiohjelma - Teknologiateollisuus - J\u00e4senille<\/title>\n<meta name=\"description\" content=\"Teknologiateollisuudessa on laadittu toimialan oma biodiversiteetti\u00e4 koskeva ohjelmakokonaisuus. Klikkaa ja tutustu ohjelmaan!\" \/>\n<meta name=\"robots\" content=\"index, follow, max-snippet:-1, max-image-preview:large, max-video-preview:-1\" \/>\n<link rel=\"canonical\" href=\"https:\/\/teknologiateollisuus.fi\/jasenille\/palvelut\/vastuullisen-liiketoiminnan-tuki\/biodiversiteettiohjelma\/\" \/>\n<meta property=\"og:locale\" content=\"fi_FI\" \/>\n<meta property=\"og:type\" content=\"article\" \/>\n<meta property=\"og:title\" content=\"Biodiversiteettiohjelma\" \/>\n<meta property=\"og:description\" content=\"Teknologiateollisuudessa on laadittu toimialan oma biodiversiteetti\u00e4 koskeva ohjelmakokonaisuus. Klikkaa ja tutustu ohjelmaan!\" \/>\n<meta property=\"og:url\" content=\"https:\/\/teknologiateollisuus.fi\/jasenille\/palvelut\/vastuullisen-liiketoiminnan-tuki\/biodiversiteettiohjelma\/\" \/>\n<meta property=\"og:site_name\" content=\"Teknologiateollisuus - J\u00e4senille\" \/>\n<meta property=\"article:modified_time\" content=\"2026-03-07T07:33:35+00:00\" \/>\n<meta name=\"twitter:card\" content=\"summary_large_image\" \/>\n<meta name=\"twitter:label1\" content=\"Arvioitu lukuaika\" \/>\n\t<meta name=\"twitter:data1\" content=\"2 minuuttia\" \/>\n<script type=\"application\/ld+json\" class=\"yoast-schema-graph\">{\"@context\":\"https:\\\/\\\/schema.org\",\"@graph\":[{\"@type\":\"WebPage\",\"@id\":\"https:\\\/\\\/teknologiateollisuus.fi\\\/jasenille\\\/palvelut\\\/vastuullisen-liiketoiminnan-tuki\\\/biodiversiteettiohjelma\\\/\",\"url\":\"https:\\\/\\\/teknologiateollisuus.fi\\\/jasenille\\\/palvelut\\\/vastuullisen-liiketoiminnan-tuki\\\/biodiversiteettiohjelma\\\/\",\"name\":\"Biodiversiteettiohjelma - Teknologiateollisuus - J\u00e4senille\",\"isPartOf\":{\"@id\":\"https:\\\/\\\/teknologiateollisuus.fi\\\/jasenille\\\/#website\"},\"datePublished\":\"2023-12-11T13:56:30+00:00\",\"dateModified\":\"2026-03-07T07:33:35+00:00\",\"description\":\"Teknologiateollisuudessa on laadittu toimialan oma biodiversiteetti\u00e4 koskeva ohjelmakokonaisuus. Klikkaa ja tutustu ohjelmaan!\",\"breadcrumb\":{\"@id\":\"https:\\\/\\\/teknologiateollisuus.fi\\\/jasenille\\\/palvelut\\\/vastuullisen-liiketoiminnan-tuki\\\/biodiversiteettiohjelma\\\/#breadcrumb\"},\"inLanguage\":\"fi\",\"potentialAction\":[{\"@type\":\"ReadAction\",\"target\":[\"https:\\\/\\\/teknologiateollisuus.fi\\\/jasenille\\\/palvelut\\\/vastuullisen-liiketoiminnan-tuki\\\/biodiversiteettiohjelma\\\/\"]}]},{\"@type\":\"BreadcrumbList\",\"@id\":\"https:\\\/\\\/teknologiateollisuus.fi\\\/jasenille\\\/palvelut\\\/vastuullisen-liiketoiminnan-tuki\\\/biodiversiteettiohjelma\\\/#breadcrumb\",\"itemListElement\":[{\"@type\":\"ListItem\",\"position\":1,\"name\":\"Home\",\"item\":\"https:\\\/\\\/teknologiateollisuus.fi\\\/jasenille\\\/\"},{\"@type\":\"ListItem\",\"position\":2,\"name\":\"Palvelut\",\"item\":\"https:\\\/\\\/teknologiateollisuus.fi\\\/jasenille\\\/palvelut\\\/\"},{\"@type\":\"ListItem\",\"position\":3,\"name\":\"Vastuullisen liiketoiminnan tuki\",\"item\":\"https:\\\/\\\/teknologiateollisuus.fi\\\/jasenille\\\/palvelut\\\/vastuullisen-liiketoiminnan-tuki\\\/\"},{\"@type\":\"ListItem\",\"position\":4,\"name\":\"Biodiversiteettiohjelma\"}]},{\"@type\":\"WebSite\",\"@id\":\"https:\\\/\\\/teknologiateollisuus.fi\\\/jasenille\\\/#website\",\"url\":\"https:\\\/\\\/teknologiateollisuus.fi\\\/jasenille\\\/\",\"name\":\"Teknologiateollisuus - J\u00e4senille\",\"description\":\"\",\"publisher\":{\"@id\":\"https:\\\/\\\/teknologiateollisuus.fi\\\/jasenille\\\/#organization\"},\"potentialAction\":[{\"@type\":\"SearchAction\",\"target\":{\"@type\":\"EntryPoint\",\"urlTemplate\":\"https:\\\/\\\/teknologiateollisuus.fi\\\/jasenille\\\/?s={search_term_string}\"},\"query-input\":{\"@type\":\"PropertyValueSpecification\",\"valueRequired\":true,\"valueName\":\"search_term_string\"}}],\"inLanguage\":\"fi\"},{\"@type\":\"Organization\",\"@id\":\"https:\\\/\\\/teknologiateollisuus.fi\\\/jasenille\\\/#organization\",\"name\":\"Teknologiateollisuus - J\u00e4senille\",\"url\":\"https:\\\/\\\/teknologiateollisuus.fi\\\/jasenille\\\/\",\"logo\":{\"@type\":\"ImageObject\",\"inLanguage\":\"fi\",\"@id\":\"https:\\\/\\\/teknologiateollisuus.fi\\\/jasenille\\\/#\\\/schema\\\/logo\\\/image\\\/\",\"url\":\"https:\\\/\\\/teknologiateollisuus.fi\\\/jasenille\\\/wp-content\\\/uploads\\\/sites\\\/1\\\/2023\\\/10\\\/placeholder.png\",\"contentUrl\":\"https:\\\/\\\/teknologiateollisuus.fi\\\/jasenille\\\/wp-content\\\/uploads\\\/sites\\\/1\\\/2023\\\/10\\\/placeholder.png\",\"width\":2560,\"height\":1920,\"caption\":\"Teknologiateollisuus - J\u00e4senille\"},\"image\":{\"@id\":\"https:\\\/\\\/teknologiateollisuus.fi\\\/jasenille\\\/#\\\/schema\\\/logo\\\/image\\\/\"}}]}<\/script>\n<!-- \/ Yoast SEO Premium plugin. -->","yoast_head_json":{"title":"Biodiversiteettiohjelma - Teknologiateollisuus - J\u00e4senille","description":"Teknologiateollisuudessa on laadittu toimialan oma biodiversiteetti\u00e4 koskeva ohjelmakokonaisuus. Klikkaa ja tutustu ohjelmaan!","robots":{"index":"index","follow":"follow","max-snippet":"max-snippet:-1","max-image-preview":"max-image-preview:large","max-video-preview":"max-video-preview:-1"},"canonical":"https:\/\/teknologiateollisuus.fi\/jasenille\/palvelut\/vastuullisen-liiketoiminnan-tuki\/biodiversiteettiohjelma\/","og_locale":"fi_FI","og_type":"article","og_title":"Biodiversiteettiohjelma","og_description":"Teknologiateollisuudessa on laadittu toimialan oma biodiversiteetti\u00e4 koskeva ohjelmakokonaisuus. Klikkaa ja tutustu ohjelmaan!","og_url":"https:\/\/teknologiateollisuus.fi\/jasenille\/palvelut\/vastuullisen-liiketoiminnan-tuki\/biodiversiteettiohjelma\/","og_site_name":"Teknologiateollisuus - J\u00e4senille","article_modified_time":"2026-03-07T07:33:35+00:00","twitter_card":"summary_large_image","twitter_misc":{"Arvioitu lukuaika":"2 minuuttia"},"schema":{"@context":"https:\/\/schema.org","@graph":[{"@type":"WebPage","@id":"https:\/\/teknologiateollisuus.fi\/jasenille\/palvelut\/vastuullisen-liiketoiminnan-tuki\/biodiversiteettiohjelma\/","url":"https:\/\/teknologiateollisuus.fi\/jasenille\/palvelut\/vastuullisen-liiketoiminnan-tuki\/biodiversiteettiohjelma\/","name":"Biodiversiteettiohjelma - Teknologiateollisuus - J\u00e4senille","isPartOf":{"@id":"https:\/\/teknologiateollisuus.fi\/jasenille\/#website"},"datePublished":"2023-12-11T13:56:30+00:00","dateModified":"2026-03-07T07:33:35+00:00","description":"Teknologiateollisuudessa on laadittu toimialan oma biodiversiteetti\u00e4 koskeva ohjelmakokonaisuus. Klikkaa ja tutustu ohjelmaan!","breadcrumb":{"@id":"https:\/\/teknologiateollisuus.fi\/jasenille\/palvelut\/vastuullisen-liiketoiminnan-tuki\/biodiversiteettiohjelma\/#breadcrumb"},"inLanguage":"fi","potentialAction":[{"@type":"ReadAction","target":["https:\/\/teknologiateollisuus.fi\/jasenille\/palvelut\/vastuullisen-liiketoiminnan-tuki\/biodiversiteettiohjelma\/"]}]},{"@type":"BreadcrumbList","@id":"https:\/\/teknologiateollisuus.fi\/jasenille\/palvelut\/vastuullisen-liiketoiminnan-tuki\/biodiversiteettiohjelma\/#breadcrumb","itemListElement":[{"@type":"ListItem","position":1,"name":"Home","item":"https:\/\/teknologiateollisuus.fi\/jasenille\/"},{"@type":"ListItem","position":2,"name":"Palvelut","item":"https:\/\/teknologiateollisuus.fi\/jasenille\/palvelut\/"},{"@type":"ListItem","position":3,"name":"Vastuullisen liiketoiminnan tuki","item":"https:\/\/teknologiateollisuus.fi\/jasenille\/palvelut\/vastuullisen-liiketoiminnan-tuki\/"},{"@type":"ListItem","position":4,"name":"Biodiversiteettiohjelma"}]},{"@type":"WebSite","@id":"https:\/\/teknologiateollisuus.fi\/jasenille\/#website","url":"https:\/\/teknologiateollisuus.fi\/jasenille\/","name":"Teknologiateollisuus - J\u00e4senille","description":"","publisher":{"@id":"https:\/\/teknologiateollisuus.fi\/jasenille\/#organization"},"potentialAction":[{"@type":"SearchAction","target":{"@type":"EntryPoint","urlTemplate":"https:\/\/teknologiateollisuus.fi\/jasenille\/?s={search_term_string}"},"query-input":{"@type":"PropertyValueSpecification","valueRequired":true,"valueName":"search_term_string"}}],"inLanguage":"fi"},{"@type":"Organization","@id":"https:\/\/teknologiateollisuus.fi\/jasenille\/#organization","name":"Teknologiateollisuus - J\u00e4senille","url":"https:\/\/teknologiateollisuus.fi\/jasenille\/","logo":{"@type":"ImageObject","inLanguage":"fi","@id":"https:\/\/teknologiateollisuus.fi\/jasenille\/#\/schema\/logo\/image\/","url":"https:\/\/teknologiateollisuus.fi\/jasenille\/wp-content\/uploads\/sites\/1\/2023\/10\/placeholder.png","contentUrl":"https:\/\/teknologiateollisuus.fi\/jasenille\/wp-content\/uploads\/sites\/1\/2023\/10\/placeholder.png","width":2560,"height":1920,"caption":"Teknologiateollisuus - J\u00e4senille"},"image":{"@id":"https:\/\/teknologiateollisuus.fi\/jasenille\/#\/schema\/logo\/image\/"}}]}},"lang":"fi","translations":{"fi":1248},"pll_sync_post":[],"_links":{"self":[{"href":"https:\/\/teknologiateollisuus.fi\/jasenille\/wp-json\/wp\/v2\/pages\/1248","targetHints":{"allow":["GET"]}}],"collection":[{"href":"https:\/\/teknologiateollisuus.fi\/jasenille\/wp-json\/wp\/v2\/pages"}],"about":[{"href":"https:\/\/teknologiateollisuus.fi\/jasenille\/wp-json\/wp\/v2\/types\/page"}],"author":[{"embeddable":true,"href":"https:\/\/teknologiateollisuus.fi\/jasenille\/wp-json\/wp\/v2\/users\/11"}],"replies":[{"embeddable":true,"href":"https:\/\/teknologiateollisuus.fi\/jasenille\/wp-json\/wp\/v2\/comments?post=1248"}],"version-history":[{"count":29,"href":"https:\/\/teknologiateollisuus.fi\/jasenille\/wp-json\/wp\/v2\/pages\/1248\/revisions"}],"predecessor-version":[{"id":29367,"href":"https:\/\/teknologiateollisuus.fi\/jasenille\/wp-json\/wp\/v2\/pages\/1248\/revisions\/29367"}],"up":[{"embeddable":true,"href":"https:\/\/teknologiateollisuus.fi\/jasenille\/wp-json\/wp\/v2\/pages\/7338"}],"wp:attachment":[{"href":"https:\/\/teknologiateollisuus.fi\/jasenille\/wp-json\/wp\/v2\/media?parent=1248"}],"curies":[{"name":"wp","href":"https:\/\/api.w.org\/{rel}","templated":true}]}}