{"id":1259,"date":"2023-12-11T16:00:03","date_gmt":"2023-12-11T14:00:03","guid":{"rendered":"https:\/\/teknologiateollisuus.fi\/jasenille\/?page_id=1259"},"modified":"2025-12-11T11:17:31","modified_gmt":"2025-12-11T09:17:31","slug":"energiatehokkuusneuvonta-ja-sopimus","status":"publish","type":"page","link":"https:\/\/teknologiateollisuus.fi\/jasenille\/palvelut\/vastuullisen-liiketoiminnan-tuki\/energia-ja-ilmasto\/energiatehokkuusneuvonta-ja-sopimus\/","title":{"rendered":"Energiatehokkuusneuvonta ja -sopimus"},"content":{"rendered":"\n<div class=\"em-block-hero hero-has-background-color has-background has-black-background-color collapse  \">\n\t<div class=\"em-block-hero__container\">\n\t\t<div class=\"em-block-hero__content\">\n\t\t\t<div class=\"yoast-breadcrumbs\"><span><span><a href=\"https:\/\/teknologiateollisuus.fi\/jasenille\/\">Home<\/a><\/span> <span class=\"separator\"><\/span> <span><a href=\"https:\/\/teknologiateollisuus.fi\/jasenille\/palvelut\/\">Palvelut<\/a><\/span> <span class=\"separator\"><\/span> <span><a href=\"https:\/\/teknologiateollisuus.fi\/jasenille\/palvelut\/vastuullisen-liiketoiminnan-tuki\/\">Vastuullisen liiketoiminnan tuki<\/a><\/span> <span class=\"separator\"><\/span> <span><a href=\"https:\/\/teknologiateollisuus.fi\/jasenille\/palvelut\/vastuullisen-liiketoiminnan-tuki\/energia-ja-ilmasto\/\">Energia &amp; ilmasto<\/a><\/span> <span class=\"separator\"><\/span> <span class=\"breadcrumb_last\" aria-current=\"page\">Energiatehokkuusneuvonta ja -sopimus<\/span><\/span><\/div>\t\t\t\n<h1 class=\"wp-block-heading\" id=\"h-energiatehokkuusneuvonta-ja-sopimus\">Energiatehokkuusneuvonta ja -sopimus<\/h1>\n\n<p>Fiksu ja tehokas energian k\u00e4ytt\u00f6 s\u00e4\u00e4st\u00e4\u00e4 sek\u00e4 kustannuksia ett\u00e4 ymp\u00e4rist\u00f6\u00e4. Pienempi energialasku parantaa liiketoiminnan kustannustehokkuutta, kannattavuutta ja kilpailukyky\u00e4 yrityksen koosta riippumatta.<\/p>\n\t\t\t<div class=\"em-block-hero__modified-date\"> P\u00e4ivitetty 11.12.2025 klo 11:17<\/div>\t\t<\/div>\n\t\t\t\t\t<figure class=\"em-block-hero__image\">\n\t\t\t\t\t\t\t<\/figure>\n\t\t\t<\/div>\n<\/div>\n\n\n\n<p>Vapaaehtoiset energiatehokkuussopimukset ovat valtion ja elinkeinoel\u00e4m\u00e4n yhdess\u00e4 valitsema kustannustehokas ja vaikuttava keino t\u00e4ytt\u00e4\u00e4 Suomelle asetetut EU:n energiatehokkuusvelvoitteet ilman pakottavaa kansallista lains\u00e4\u00e4d\u00e4nt\u00f6\u00e4 tai muita velvoitteita. Nykyinen sopimuskausi p\u00e4\u00e4ttyy 2025 lopussa ja&nbsp;<a href=\"https:\/\/energiatehokkuussopimukset.fi\/\">uuden sopimuskauden neuvottelut ovat k\u00e4ynnistyneet<\/a>. Niiden tavoitteena on varmistaa, ett\u00e4 energiatehokkuustoimet jatkuvat saumattomasti nykyisen sopimuskauden p\u00e4\u00e4ttymisen j\u00e4lkeen.<\/p>\n\n\n\n<h2 class=\"wp-block-heading  mb-xs\" id=\"h-miksi\" id=\"miksi\">Miksi?<\/h2>\n\n\n\n<p>Sadat yritykset ja tuhannet toimipaikat ovat jo liittyneet energiatehokkuussopimuksiin. Sopimukset kattavat jo liki 60 % Suomen kokonaisenergian k\u00e4yt\u00f6st\u00e4.<\/p>\n\n\n\n<p>Liittym\u00e4ll\u00e4 yrityksell\u00e4 on mahdollisuus saada k\u00e4ytt\u00f6\u00f6ns\u00e4 muun muassa kattavat tieto- ja neuvontapalvelut sek\u00e4 harkinnanvaraista valtion tukea energiakatselmusten ja energiatehokkuusinvestointien tekemiseen.<\/p>\n\n\n\n<p>Lis\u00e4tietoja energiatehokkuussopimuksista verkossa:<\/p>\n\n\n\n<div class=\"wp-block-evermade-links em-block-links has-columns-1\">\n<a\n\tclass=\"wp-block-evermade-external-link em-block-link is-external  has-background has-light-gray-background-color \"\n\thref=\"https:\/\/energiatehokkuussopimukset2017-2025.fi\"\n\taria-label=\"Avaa uudessa v\u00e4lilehdess\u00e4\"\n\ttarget=\"_blank\"\n\trel=\"noopener noreferrer\"\n>\n\t<div class=\"em-block-link__content\">\n\t\t<span class=\"em-block-link__title\">\n\t\t\tEnergiatehokkuussopimukset 2017\u20132025\t\t<\/span>\n\t\t\t<\/div>\n\t<div class=\"em-block-link__arrow\"><\/div>\n\t<div class=\"em-block-link__pressable\"><\/div>\n<\/a>\n\n\n\n<a\n\tclass=\"wp-block-evermade-external-link em-block-link is-external  has-background has-light-gray-background-color \"\n\thref=\"https:\/\/energiatehokkuussopimukset.fi\/\"\n\taria-label=\"Avaa uudessa v\u00e4lilehdess\u00e4\"\n\ttarget=\"_blank\"\n\trel=\"noopener noreferrer\"\n>\n\t<div class=\"em-block-link__content\">\n\t\t<span class=\"em-block-link__title\">\n\t\t\tEnergiatehokkuussopimukset 2026\u20132035\t\t<\/span>\n\t\t\t<\/div>\n\t<div class=\"em-block-link__arrow\"><\/div>\n\t<div class=\"em-block-link__pressable\"><\/div>\n<\/a>\n<\/div>\n\n\n\n<h2 class=\"wp-block-heading has-text-align-left  mb-xs\" id=\"h-kenelle\" id=\"kenelle\">Kenelle?<\/h2>\n\n\n\n<p class=\" mt-none pt-none\">Teknologiateollisuus ry:n j\u00e4senyrityksille.<\/p>\n\n\n\n<div class=\"wp-block-buttons is-layout-flex wp-block-buttons-is-layout-flex\">\n<div class=\"wp-block-button icon-right is-style-outline is-style-outline--2\"><a class=\"wp-block-button__link wp-element-button\" href=\"https:\/\/teknologiateollisuus.fi\/jasenille\/jasenyys\/teknologiateollisuusrynjaseneksi\/\" target=\"_blank\" rel=\"noreferrer noopener\">Liity j\u00e4seneksi<\/a><\/div>\n<\/div>\n\n\n\n<p>Teknologiateollisuus ry:n j\u00e4senyritykset saavat my\u00f6s maksutonta energiatehokkuusneuvontaa&nbsp;<a href=\"https:\/\/www.motiva.fi\/motiva\/motivan_henkilosto?i=111\" target=\"_blank\" rel=\"noreferrer noopener\"><strong>Motivalta (Erja Saarivirta)<\/strong><\/a>.<\/p>\n\n\n\n<p class=\"has-text-align-left is-style-default\"><strong>Kun energiatehokkuussopimus on hyv\u00e4ksytty ja allekirjoitettu my\u00f6s Teknologiateollisuudessa, olet valmis hy\u00f6dynt\u00e4m\u00e4\u00e4n sopimuksen tarjoamia etuja!<\/strong><\/p>\n\n\n\n<h2 class=\"wp-block-heading  mb-none pb-none pt-none\" id=\"h-miten\" id=\"miten\">Miten?<\/h2>\n\n\n\n<ol class=\"wp-block-list is-style-styled\">\n<li>Tulosta <a href=\"https:\/\/energiatehokkuussopimukset2017-2025.fi\/wp-content\/uploads\/Teknologiateollisuus-liittymisdokumentti_Taytettava.pdf\" target=\"_blank\" rel=\"noreferrer noopener\">liittymislomake<\/a> kahtena kappaleena<\/li>\n\n\n\n<li>T\u00e4yt\u00e4 lomakkeet huolellisesti<\/li>\n\n\n\n<li>Allekirjoita molemmat kappaleet<\/li>\n\n\n\n<li class=\" mb-none pb-none\">L\u00e4het\u00e4 t\u00e4ytetyt ja allekirjoitetut lomakkeet Teknologiateollisuuteen: \n<ul class=\"wp-block-list\">\n<li class=\" mt-none pt-none\">Etel\u00e4ranta 10,&nbsp;P.O.BOX 10, 00131 HELSINKI<\/li>\n<\/ul>\n<\/li>\n<\/ol>\n\n\n\n<p>HUOM! Liittymislomakkeen voi toimittaa my\u00f6s s\u00e4hk\u00f6isesti osoitteeseen <a href=\"mailto:patrick.frostell@teknologiateollisuus.fi\">patrick.frostell@teknologiateollisuus.fi<\/a>, jolloin se allekirjoitetaan s\u00e4hk\u00f6isesti VismaSign-palvelun kautta.&nbsp;<\/p>\n\n\n\n<div class=\"wp-block-scb-columns scb-columns  has-mobile-behavior--stacked has-auto-fit em-pattern-event-contacts\">\n<div class=\"wp-block-scb-column scb-column is-scale-cover\">\n<h2 class=\"wp-block-heading\" id=\"h-lisatiedot\" id=\"lisatiedot\">Lis\u00e4tiedot:<\/h2>\n\n\n\n<article class=\"em-block-contact-card is-style-list\">\n\n\t<div class=\"em-block-contact-card__image\">\n\t\t\t\t\t<img loading=\"lazy\" decoding=\"async\" width=\"300\" height=\"400\" src=\"https:\/\/teknologiateollisuus.fi\/jasenille\/wp-content\/uploads\/2024\/05\/phpf1llan-300x400.jpg\" class=\"attachment-portrait size-portrait\" alt=\"\" \/>\t\t\t<\/div>\n\t<div class=\"em-block-contact-card__content-wrapper\">\n\t\t<div class=\"em-block-contact-card__content\">\n\t\t\t\t\t\t\t<div class=\"em-block-contact-card__business-units\">\n\t\t\t\t\t\t\t\t\t\t\t<span class=\"em-block-contact-card__business-unit\">Talous ja kest\u00e4v\u00e4 kasvu<\/span>\n\t\t\t\t\t\t\t\t\t<\/div>\n\t\t\t\t\t\t<h3 class=\"em-block-contact-card__title\"><a target=\"_self\" href=\"https:\/\/teknologiateollisuus.fi\/?p=1085\">Frostell Patrick<\/a><\/h3>\n\t\t\t\t\t\t\t<span class=\"em-block-contact-card__job_title\">Johtava asiantuntija &#8211; Kest\u00e4v\u00e4 kasvu, Kaapeliteollisuus<\/span>\n\t\t\t\t\t\t\t\t\t\t<span class=\"em-block-contact-card__organisation\">Teknologiateollisuus ry<\/span>\n\t\t\t\t\t<\/div>\n\t\t<div class=\"em-block-contact-card__content\">\n\t\t\t\t\t\t<address class=\"em-block-contact-card__contact-details\">\n\t\t\t\t\t\t\t\t\t<span class=\"em-block-contact-card__phone\">\n\t\t\t\t\t\t<a href=\"tel:+358 408301640\">+358 408301640<\/a><\/a>\n\t\t\t\t\t<\/span>\n\t\t\t\t\t\t\t\t\t\t\t\t\t<span class=\"em-block-contact-card__email\">\n\t\t\t\t\t\t<a href=\"mailto:patrick.frostell@teknologiateollisuus.fi\">patrick.frostell@teknologiateollisuus.fi<\/a><\/a>\n\t\t\t\t\t<\/span>\n\t\t\t\t\t\t\t<\/address>\n\t\t\t\t\t<\/div>\n\t<\/div>\n\n<\/article>\n<\/div>\n<\/div>\n","protected":false},"excerpt":{"rendered":"<p>Vapaaehtoiset energiatehokkuussopimukset ovat valtion ja elinkeinoel\u00e4m\u00e4n yhdess\u00e4 valitsema kustannustehokas ja vaikuttava keino t\u00e4ytt\u00e4\u00e4 Suomelle asetetut EU:n energiatehokkuusvelvoitteet ilman pakottavaa kansallista lains\u00e4\u00e4d\u00e4nt\u00f6\u00e4 tai muita velvoitteita. Nykyinen sopimuskausi p\u00e4\u00e4ttyy 2025 lopussa ja&nbsp;uuden sopimuskauden neuvottelut ovat k\u00e4ynnistyneet. Niiden tavoitteena on varmistaa, ett\u00e4 energiatehokkuustoimet jatkuvat saumattomasti nykyisen sopimuskauden p\u00e4\u00e4ttymisen j\u00e4lkeen. Miksi? Sadat yritykset ja tuhannet toimipaikat ovat jo liittyneet [&hellip;]<\/p>\n","protected":false},"author":11,"featured_media":0,"parent":1230,"menu_order":0,"comment_status":"closed","ping_status":"closed","template":"","meta":{"_acf_changed":false,"_relevanssi_hide_post":"","_relevanssi_hide_content":"","_relevanssi_pin_for_all":"","_relevanssi_pin_keywords":"","_relevanssi_unpin_keywords":"","_relevanssi_related_keywords":"","_relevanssi_related_include_ids":"","_relevanssi_related_exclude_ids":"","_relevanssi_related_no_append":"","_relevanssi_related_not_related":"","_relevanssi_related_posts":"166,1417,168,167,165,169","_relevanssi_noindex_reason":"","inline_featured_image":false,"growthstack-ab-test":[],"growthstack-ab-test-views":[],"footnotes":""},"class_list":["post-1259","page","type-page","status-publish","hentry"],"acf":{"is_store_related":false,"locked":false},"yoast_head":"<!-- This site is optimized with the Yoast SEO Premium plugin v27.1 (Yoast SEO v27.4) - https:\/\/yoast.com\/product\/yoast-seo-premium-wordpress\/ -->\n<title>Energiatehokkuusneuvonta ja -sopimus - Teknologiateollisuus - J\u00e4senille<\/title>\n<meta name=\"description\" content=\"Tehokas energian k\u00e4ytt\u00f6 s\u00e4\u00e4st\u00e4\u00e4 sek\u00e4 kustannuksia ett\u00e4 ymp\u00e4rist\u00f6\u00e4. Liity energiatehokkuussopimukseemme satojen muiden yritysten tavoin!\" \/>\n<meta name=\"robots\" content=\"index, follow, max-snippet:-1, max-image-preview:large, max-video-preview:-1\" \/>\n<link rel=\"canonical\" href=\"https:\/\/teknologiateollisuus.fi\/jasenille\/palvelut\/vastuullisen-liiketoiminnan-tuki\/energia-ja-ilmasto\/energiatehokkuusneuvonta-ja-sopimus\/\" \/>\n<meta property=\"og:locale\" content=\"fi_FI\" \/>\n<meta property=\"og:type\" content=\"article\" \/>\n<meta property=\"og:title\" content=\"Energiatehokkuusneuvonta ja -sopimus\" \/>\n<meta property=\"og:description\" content=\"Tehokas energian k\u00e4ytt\u00f6 s\u00e4\u00e4st\u00e4\u00e4 sek\u00e4 kustannuksia ett\u00e4 ymp\u00e4rist\u00f6\u00e4. Liity energiatehokkuussopimukseemme satojen muiden yritysten tavoin!\" \/>\n<meta property=\"og:url\" content=\"https:\/\/teknologiateollisuus.fi\/jasenille\/palvelut\/vastuullisen-liiketoiminnan-tuki\/energia-ja-ilmasto\/energiatehokkuusneuvonta-ja-sopimus\/\" \/>\n<meta property=\"og:site_name\" content=\"Teknologiateollisuus - J\u00e4senille\" \/>\n<meta property=\"article:modified_time\" content=\"2025-12-11T09:17:31+00:00\" \/>\n<meta name=\"twitter:card\" content=\"summary_large_image\" \/>\n<meta name=\"twitter:label1\" content=\"Arvioitu lukuaika\" \/>\n\t<meta name=\"twitter:data1\" content=\"2 minuuttia\" \/>\n<script type=\"application\/ld+json\" class=\"yoast-schema-graph\">{\"@context\":\"https:\\\/\\\/schema.org\",\"@graph\":[{\"@type\":\"WebPage\",\"@id\":\"https:\\\/\\\/teknologiateollisuus.fi\\\/jasenille\\\/palvelut\\\/vastuullisen-liiketoiminnan-tuki\\\/energia-ja-ilmasto\\\/energiatehokkuusneuvonta-ja-sopimus\\\/\",\"url\":\"https:\\\/\\\/teknologiateollisuus.fi\\\/jasenille\\\/palvelut\\\/vastuullisen-liiketoiminnan-tuki\\\/energia-ja-ilmasto\\\/energiatehokkuusneuvonta-ja-sopimus\\\/\",\"name\":\"Energiatehokkuusneuvonta ja -sopimus - Teknologiateollisuus - J\u00e4senille\",\"isPartOf\":{\"@id\":\"https:\\\/\\\/teknologiateollisuus.fi\\\/jasenille\\\/#website\"},\"datePublished\":\"2023-12-11T14:00:03+00:00\",\"dateModified\":\"2025-12-11T09:17:31+00:00\",\"description\":\"Tehokas energian k\u00e4ytt\u00f6 s\u00e4\u00e4st\u00e4\u00e4 sek\u00e4 kustannuksia ett\u00e4 ymp\u00e4rist\u00f6\u00e4. Liity energiatehokkuussopimukseemme satojen muiden yritysten tavoin!\",\"breadcrumb\":{\"@id\":\"https:\\\/\\\/teknologiateollisuus.fi\\\/jasenille\\\/palvelut\\\/vastuullisen-liiketoiminnan-tuki\\\/energia-ja-ilmasto\\\/energiatehokkuusneuvonta-ja-sopimus\\\/#breadcrumb\"},\"inLanguage\":\"fi\",\"potentialAction\":[{\"@type\":\"ReadAction\",\"target\":[\"https:\\\/\\\/teknologiateollisuus.fi\\\/jasenille\\\/palvelut\\\/vastuullisen-liiketoiminnan-tuki\\\/energia-ja-ilmasto\\\/energiatehokkuusneuvonta-ja-sopimus\\\/\"]}]},{\"@type\":\"BreadcrumbList\",\"@id\":\"https:\\\/\\\/teknologiateollisuus.fi\\\/jasenille\\\/palvelut\\\/vastuullisen-liiketoiminnan-tuki\\\/energia-ja-ilmasto\\\/energiatehokkuusneuvonta-ja-sopimus\\\/#breadcrumb\",\"itemListElement\":[{\"@type\":\"ListItem\",\"position\":1,\"name\":\"Home\",\"item\":\"https:\\\/\\\/teknologiateollisuus.fi\\\/jasenille\\\/\"},{\"@type\":\"ListItem\",\"position\":2,\"name\":\"Palvelut\",\"item\":\"https:\\\/\\\/teknologiateollisuus.fi\\\/jasenille\\\/palvelut\\\/\"},{\"@type\":\"ListItem\",\"position\":3,\"name\":\"Vastuullisen liiketoiminnan tuki\",\"item\":\"https:\\\/\\\/teknologiateollisuus.fi\\\/jasenille\\\/palvelut\\\/vastuullisen-liiketoiminnan-tuki\\\/\"},{\"@type\":\"ListItem\",\"position\":4,\"name\":\"Energia &amp; ilmasto\",\"item\":\"https:\\\/\\\/teknologiateollisuus.fi\\\/jasenille\\\/palvelut\\\/vastuullisen-liiketoiminnan-tuki\\\/energia-ja-ilmasto\\\/\"},{\"@type\":\"ListItem\",\"position\":5,\"name\":\"Energiatehokkuusneuvonta ja -sopimus\"}]},{\"@type\":\"WebSite\",\"@id\":\"https:\\\/\\\/teknologiateollisuus.fi\\\/jasenille\\\/#website\",\"url\":\"https:\\\/\\\/teknologiateollisuus.fi\\\/jasenille\\\/\",\"name\":\"Teknologiateollisuus - J\u00e4senille\",\"description\":\"\",\"publisher\":{\"@id\":\"https:\\\/\\\/teknologiateollisuus.fi\\\/jasenille\\\/#organization\"},\"potentialAction\":[{\"@type\":\"SearchAction\",\"target\":{\"@type\":\"EntryPoint\",\"urlTemplate\":\"https:\\\/\\\/teknologiateollisuus.fi\\\/jasenille\\\/?s={search_term_string}\"},\"query-input\":{\"@type\":\"PropertyValueSpecification\",\"valueRequired\":true,\"valueName\":\"search_term_string\"}}],\"inLanguage\":\"fi\"},{\"@type\":\"Organization\",\"@id\":\"https:\\\/\\\/teknologiateollisuus.fi\\\/jasenille\\\/#organization\",\"name\":\"Teknologiateollisuus - J\u00e4senille\",\"url\":\"https:\\\/\\\/teknologiateollisuus.fi\\\/jasenille\\\/\",\"logo\":{\"@type\":\"ImageObject\",\"inLanguage\":\"fi\",\"@id\":\"https:\\\/\\\/teknologiateollisuus.fi\\\/jasenille\\\/#\\\/schema\\\/logo\\\/image\\\/\",\"url\":\"https:\\\/\\\/teknologiateollisuus.fi\\\/jasenille\\\/wp-content\\\/uploads\\\/sites\\\/1\\\/2023\\\/10\\\/placeholder.png\",\"contentUrl\":\"https:\\\/\\\/teknologiateollisuus.fi\\\/jasenille\\\/wp-content\\\/uploads\\\/sites\\\/1\\\/2023\\\/10\\\/placeholder.png\",\"width\":2560,\"height\":1920,\"caption\":\"Teknologiateollisuus - J\u00e4senille\"},\"image\":{\"@id\":\"https:\\\/\\\/teknologiateollisuus.fi\\\/jasenille\\\/#\\\/schema\\\/logo\\\/image\\\/\"}}]}<\/script>\n<!-- \/ Yoast SEO Premium plugin. -->","yoast_head_json":{"title":"Energiatehokkuusneuvonta ja -sopimus - Teknologiateollisuus - J\u00e4senille","description":"Tehokas energian k\u00e4ytt\u00f6 s\u00e4\u00e4st\u00e4\u00e4 sek\u00e4 kustannuksia ett\u00e4 ymp\u00e4rist\u00f6\u00e4. Liity energiatehokkuussopimukseemme satojen muiden yritysten tavoin!","robots":{"index":"index","follow":"follow","max-snippet":"max-snippet:-1","max-image-preview":"max-image-preview:large","max-video-preview":"max-video-preview:-1"},"canonical":"https:\/\/teknologiateollisuus.fi\/jasenille\/palvelut\/vastuullisen-liiketoiminnan-tuki\/energia-ja-ilmasto\/energiatehokkuusneuvonta-ja-sopimus\/","og_locale":"fi_FI","og_type":"article","og_title":"Energiatehokkuusneuvonta ja -sopimus","og_description":"Tehokas energian k\u00e4ytt\u00f6 s\u00e4\u00e4st\u00e4\u00e4 sek\u00e4 kustannuksia ett\u00e4 ymp\u00e4rist\u00f6\u00e4. Liity energiatehokkuussopimukseemme satojen muiden yritysten tavoin!","og_url":"https:\/\/teknologiateollisuus.fi\/jasenille\/palvelut\/vastuullisen-liiketoiminnan-tuki\/energia-ja-ilmasto\/energiatehokkuusneuvonta-ja-sopimus\/","og_site_name":"Teknologiateollisuus - J\u00e4senille","article_modified_time":"2025-12-11T09:17:31+00:00","twitter_card":"summary_large_image","twitter_misc":{"Arvioitu lukuaika":"2 minuuttia"},"schema":{"@context":"https:\/\/schema.org","@graph":[{"@type":"WebPage","@id":"https:\/\/teknologiateollisuus.fi\/jasenille\/palvelut\/vastuullisen-liiketoiminnan-tuki\/energia-ja-ilmasto\/energiatehokkuusneuvonta-ja-sopimus\/","url":"https:\/\/teknologiateollisuus.fi\/jasenille\/palvelut\/vastuullisen-liiketoiminnan-tuki\/energia-ja-ilmasto\/energiatehokkuusneuvonta-ja-sopimus\/","name":"Energiatehokkuusneuvonta ja -sopimus - Teknologiateollisuus - J\u00e4senille","isPartOf":{"@id":"https:\/\/teknologiateollisuus.fi\/jasenille\/#website"},"datePublished":"2023-12-11T14:00:03+00:00","dateModified":"2025-12-11T09:17:31+00:00","description":"Tehokas energian k\u00e4ytt\u00f6 s\u00e4\u00e4st\u00e4\u00e4 sek\u00e4 kustannuksia ett\u00e4 ymp\u00e4rist\u00f6\u00e4. Liity energiatehokkuussopimukseemme satojen muiden yritysten tavoin!","breadcrumb":{"@id":"https:\/\/teknologiateollisuus.fi\/jasenille\/palvelut\/vastuullisen-liiketoiminnan-tuki\/energia-ja-ilmasto\/energiatehokkuusneuvonta-ja-sopimus\/#breadcrumb"},"inLanguage":"fi","potentialAction":[{"@type":"ReadAction","target":["https:\/\/teknologiateollisuus.fi\/jasenille\/palvelut\/vastuullisen-liiketoiminnan-tuki\/energia-ja-ilmasto\/energiatehokkuusneuvonta-ja-sopimus\/"]}]},{"@type":"BreadcrumbList","@id":"https:\/\/teknologiateollisuus.fi\/jasenille\/palvelut\/vastuullisen-liiketoiminnan-tuki\/energia-ja-ilmasto\/energiatehokkuusneuvonta-ja-sopimus\/#breadcrumb","itemListElement":[{"@type":"ListItem","position":1,"name":"Home","item":"https:\/\/teknologiateollisuus.fi\/jasenille\/"},{"@type":"ListItem","position":2,"name":"Palvelut","item":"https:\/\/teknologiateollisuus.fi\/jasenille\/palvelut\/"},{"@type":"ListItem","position":3,"name":"Vastuullisen liiketoiminnan tuki","item":"https:\/\/teknologiateollisuus.fi\/jasenille\/palvelut\/vastuullisen-liiketoiminnan-tuki\/"},{"@type":"ListItem","position":4,"name":"Energia &amp; ilmasto","item":"https:\/\/teknologiateollisuus.fi\/jasenille\/palvelut\/vastuullisen-liiketoiminnan-tuki\/energia-ja-ilmasto\/"},{"@type":"ListItem","position":5,"name":"Energiatehokkuusneuvonta ja -sopimus"}]},{"@type":"WebSite","@id":"https:\/\/teknologiateollisuus.fi\/jasenille\/#website","url":"https:\/\/teknologiateollisuus.fi\/jasenille\/","name":"Teknologiateollisuus - J\u00e4senille","description":"","publisher":{"@id":"https:\/\/teknologiateollisuus.fi\/jasenille\/#organization"},"potentialAction":[{"@type":"SearchAction","target":{"@type":"EntryPoint","urlTemplate":"https:\/\/teknologiateollisuus.fi\/jasenille\/?s={search_term_string}"},"query-input":{"@type":"PropertyValueSpecification","valueRequired":true,"valueName":"search_term_string"}}],"inLanguage":"fi"},{"@type":"Organization","@id":"https:\/\/teknologiateollisuus.fi\/jasenille\/#organization","name":"Teknologiateollisuus - J\u00e4senille","url":"https:\/\/teknologiateollisuus.fi\/jasenille\/","logo":{"@type":"ImageObject","inLanguage":"fi","@id":"https:\/\/teknologiateollisuus.fi\/jasenille\/#\/schema\/logo\/image\/","url":"https:\/\/teknologiateollisuus.fi\/jasenille\/wp-content\/uploads\/sites\/1\/2023\/10\/placeholder.png","contentUrl":"https:\/\/teknologiateollisuus.fi\/jasenille\/wp-content\/uploads\/sites\/1\/2023\/10\/placeholder.png","width":2560,"height":1920,"caption":"Teknologiateollisuus - J\u00e4senille"},"image":{"@id":"https:\/\/teknologiateollisuus.fi\/jasenille\/#\/schema\/logo\/image\/"}}]}},"lang":"fi","translations":{"fi":1259},"pll_sync_post":[],"_links":{"self":[{"href":"https:\/\/teknologiateollisuus.fi\/jasenille\/wp-json\/wp\/v2\/pages\/1259","targetHints":{"allow":["GET"]}}],"collection":[{"href":"https:\/\/teknologiateollisuus.fi\/jasenille\/wp-json\/wp\/v2\/pages"}],"about":[{"href":"https:\/\/teknologiateollisuus.fi\/jasenille\/wp-json\/wp\/v2\/types\/page"}],"author":[{"embeddable":true,"href":"https:\/\/teknologiateollisuus.fi\/jasenille\/wp-json\/wp\/v2\/users\/11"}],"replies":[{"embeddable":true,"href":"https:\/\/teknologiateollisuus.fi\/jasenille\/wp-json\/wp\/v2\/comments?post=1259"}],"version-history":[{"count":30,"href":"https:\/\/teknologiateollisuus.fi\/jasenille\/wp-json\/wp\/v2\/pages\/1259\/revisions"}],"predecessor-version":[{"id":27421,"href":"https:\/\/teknologiateollisuus.fi\/jasenille\/wp-json\/wp\/v2\/pages\/1259\/revisions\/27421"}],"up":[{"embeddable":true,"href":"https:\/\/teknologiateollisuus.fi\/jasenille\/wp-json\/wp\/v2\/pages\/1230"}],"wp:attachment":[{"href":"https:\/\/teknologiateollisuus.fi\/jasenille\/wp-json\/wp\/v2\/media?parent=1259"}],"curies":[{"name":"wp","href":"https:\/\/api.w.org\/{rel}","templated":true}]}}